{"id":3477,"date":"2024-05-03T06:26:01","date_gmt":"2024-05-03T06:26:01","guid":{"rendered":"https:\/\/elfsight.com\/pt\/?page_id=3477"},"modified":"2024-11-13T12:04:12","modified_gmt":"2024-11-13T12:04:12","slug":"html","status":"publish","type":"page","link":"https:\/\/elfsight.com\/pt\/age-verification-widget\/html\/","title":{"rendered":"Age Verification &#8211; HTML"},"content":{"rendered":"<div class=\"application-platform-content-item-description application-platform-content-item\" id=\"description\" data-nav-section=\"description\"> <h2>Descri\u00e7\u00e3o<\/h2> <p>O widget Elfsight ser\u00e1 a ferramenta mais r\u00e1pida para configurar uma notifica\u00e7\u00e3o de carregamento de p\u00e1gina que verificar\u00e1 a idade de um do utilizador. Nosso widget ajuda a tornar o material com idade limitada acess\u00edvel para adultos e bloquear o acesso a ele para espectadores menores de idade. Existem op\u00e7\u00f5es para especificar uma limita\u00e7\u00e3o de idade apropriada, definir o formato de verifica\u00e7\u00e3o, incorporar o widget em cada uma ou apenas em v\u00e1rias p\u00e1ginas e a a\u00e7\u00e3o ap\u00f3s a nega\u00e7\u00e3o de acesso. A apar\u00eancia \u00e9 facilmente personalizada com detalhes pint\u00e1veis \u200b\u200be a op\u00e7\u00e3o de adicionar imagens personalizadas. <\/p> <div class=\"faq\" data-component=\"FAQ\"> <div class=\"faq-item\">\r\n\t\t\t\t\t<div class=\"faq-item-question\">\r\n\t\t\t\t\t\t<h3 class=\"faq-item-question-text\">Onde posso instalar o widget<\/h3>\r\n\r\n\t\t\t\t\t\t<div class=\"faq-item-question-icon\"><\/div>\r\n\t\t\t\t\t<\/div>\r\n\r\n\t\t\t\t\t<div class=\"faq-item-answer\">\r\n\t\t\t\t\t\t<div class=\"faq-item-answer-text\"> <p>Voc\u00ea pode optar por demonstrar a janela de verifica\u00e7\u00e3o em todos os sites ou indicar p\u00e1ginas espec\u00edficas onde integr\u00e1-la. Al\u00e9m disso, existe a op\u00e7\u00e3o de especificar as p\u00e1ginas onde voc\u00ea n\u00e3o deseja. <\/p> <\/div>\r\n\t\t\t\t\t<\/div>\r\n\t\t\t\t<\/div> <div class=\"faq-item\">\r\n\t\t\t\t\t<div class=\"faq-item-question\">\r\n\t\t\t\t\t\t<h3 class=\"faq-item-question-text\">Como eu me beneficiaria com isso? <\/h3>\r\n\r\n\t\t\t\t\t\t<div class=\"faq-item-question-icon\"><\/div>\r\n\t\t\t\t\t<\/div>\r\n\r\n\t\t\t\t\t<div class=\"faq-item-answer\">\r\n\t\t\t\t\t\t<div class=\"faq-item-answer-text\"> <p>Com a ajuda do widget Elfsight, \u00e9 perfeitamente f\u00e1cil e r\u00e1pido incorporar um pop-up de verifica\u00e7\u00e3o de idade e ocultar seu material de visitantes menores de idade . Assim, voc\u00ea garantir\u00e1 que seu site atenda aos requisitos legais. Mais do que isso, atrair\u00e1 mais visitantes-alvo e clientes v\u00e1lidos. <\/p> <\/div>\r\n\t\t\t\t\t<\/div>\r\n\t\t\t\t<\/div> <div class=\"faq-item\">\r\n\t\t\t\t\t<div class=\"faq-item-question\">\r\n\t\t\t\t\t\t<h3 class=\"faq-item-question-text\">O que preciso para adicionar a verifica\u00e7\u00e3o de idade ao HTML? <\/h3>\r\n\r\n\t\t\t\t\t\t<div class=\"faq-item-question-icon\"><\/div>\r\n\t\t\t\t\t<\/div>\r\n\r\n\t\t\t\t\t<div class=\"faq-item-answer\">\r\n\t\t\t\t\t\t<div class=\"faq-item-answer-text\"> <p>Levar\u00e1 apenas um minuto do seu tempo para configurar uma notifica\u00e7\u00e3o. O processo de integra\u00e7\u00e3o \u00e9 extremamente r\u00e1pido, gratuito e sem codifica\u00e7\u00e3o. <\/p> <p>Voc\u00ea pode configurar o widget no site atrav\u00e9s do nosso servi\u00e7o. Para fazer isso siga o guia a seguir nesta p\u00e1gina. <\/p> <\/div>\r\n\t\t\t\t\t<\/div>\r\n\t\t\t\t<\/div> <\/div> <\/div> <div class=\"application-platform-content-item-features application-platform-content-item\" id=\"features\" data-nav-section=\"features\"> <h2>Recursos<\/h2> <p>Para moldar uma compreens\u00e3o completa da verifica\u00e7\u00e3o de idade, verifique a lista dos mais caracter\u00edsticas importantes. Eles tornam o widget incrivelmente eficaz para voc\u00ea: <\/p> <ul><li>Escolha um dos tipos de verifica\u00e7\u00e3o: solicita\u00e7\u00e3o de data de nascimento completa, apenas o ano de nascimento ou uma pergunta com op\u00e7\u00f5es Sim e N\u00e3o;<\/li><li>Escolha lembrar dos visitantes por qualquer per\u00edodo de tempo em dias;<\/li><li>Dois cen\u00e1rios poss\u00edveis ap\u00f3s a nega\u00e7\u00e3o de acesso: exibir um texto ou redirecionar um usu\u00e1rio para qualquer endere\u00e7o;<\/li><li>Fazer upload sua pr\u00f3pria imagem para exibi\u00e7\u00e3o no pop-up de verifica\u00e7\u00e3o de idade;<\/li><li>Exiba detalhes detalhados com links abaixo do bot\u00e3o de verifica\u00e7\u00e3o. <\/li><\/ul><p><a href=\"#demo\">Para descobrir uma lista completa de recursos, consulte a demonstra\u00e7\u00e3o<\/a><\/p> <\/div> <div class=\"application-platform-content-item-installation application-platform-content-item\" id=\"installation\" data-nav-section=\"installation\"> <h2>Veja como incorporar o c\u00f3digo de verifica\u00e7\u00e3o de idade ao seu site HTML. \u00c9 super r\u00e1pido.<\/h2> <div class=\"video-container\"><iframe width=\"720\" height=\"405\" src=\"https:\/\/www.youtube.com\/embed\/b9gIB_3-s5k\" frameborder=\"0\" allowfullscreen=\"\"><\/iframe><\/div><p>Essas diversas etapas s\u00e3o a \u00fanica coisa que voc\u00ea precisa fazer para incorporar o widget <\/p> <ol><li><b>Gerar seu plugin exclusivo de verifica\u00e7\u00e3o de idade<\/b><br> Com a ajuda de nossa demonstra\u00e7\u00e3o gratuita, crie um plugin com apar\u00eancia e fun\u00e7\u00f5es preferidas. <\/li><li><b>Adquira o c\u00f3digo pessoal para integrar o plugin<\/b><br> Depois de personalizar o seu widget, voc\u00ea adquirir\u00e1 o seu c\u00f3digo pessoal a partir da notifica\u00e7\u00e3o que aparece nos aplicativos Elfsight. Copie esse c\u00f3digo. <\/li> <li><b>Exiba o plugin em seu site HTML<\/b><br> V\u00e1 at\u00e9 a \u00e1rea onde voc\u00ea deseja colocar o plugin e insira o c\u00f3digo salvo l\u00e1. Aplique as edi\u00e7\u00f5es.<\/li> <li><b>Parab\u00e9ns! Voc\u00ea acabou de incorporar o widget! <\/b><br> Entre na sua p\u00e1gina para ver seu plugin. <\/li> <\/ol><p>Ainda n\u00e3o consegue decidir? Ou tendo problemas? Uma solicita\u00e7\u00e3o ao nosso suporte ao cliente resolver\u00e1 qualquer assunto. <\/p> <\/div>","protected":false},"excerpt":{"rendered":"","protected":false},"author":9,"featured_media":0,"parent":524,"menu_order":0,"comment_status":"closed","ping_status":"closed","template":"templates\/template-application-platform.php","meta":{"publish_to_discourse":"","publish_post_category":"","wpdc_auto_publish_overridden":"","wpdc_topic_tags":"","wpdc_pin_topic":"","wpdc_pin_until":"","discourse_post_id":"","discourse_permalink":"","wpdc_publishing_response":"","wpdc_publishing_error":"","footnotes":""},"class_list":["post-3477","page","type-page","status-publish","hentry"],"yoast_head":"<!-- This site is optimized with the Yoast SEO plugin v25.3.1 - https:\/\/yoast.com\/wordpress\/plugins\/seo\/ -->\n<title>C\u00f3digo de verifica\u00e7\u00e3o de idade para site HTML (r\u00e1pido e gratuito)<\/title>\n<meta name=\"description\" content=\"Esta \u00e9 uma oportunidade de construir c\u00f3digo de verifica\u00e7\u00e3o de idade e integr\u00e1-lo ao seu site HTML. Aproveite o suporte gratuito ao cliente e outras vantagens da Elfsight.\" \/>\n<meta name=\"robots\" content=\"index, follow, max-snippet:-1, max-image-preview:large, max-video-preview:-1\" \/>\n<link rel=\"canonical\" href=\"https:\/\/elfsight.com\/pt\/age-verification-widget\/html\/\" \/>\n<meta property=\"og:locale\" content=\"pt_PT\" \/>\n<meta property=\"og:type\" content=\"article\" \/>\n<meta property=\"og:title\" content=\"C\u00f3digo de verifica\u00e7\u00e3o de idade para site HTML (r\u00e1pido e gratuito)\" \/>\n<meta property=\"og:description\" content=\"Esta \u00e9 uma oportunidade de construir c\u00f3digo de verifica\u00e7\u00e3o de idade e integr\u00e1-lo ao seu site HTML. Aproveite o suporte gratuito ao cliente e outras vantagens da Elfsight.\" \/>\n<meta property=\"og:url\" content=\"https:\/\/elfsight.com\/pt\/age-verification-widget\/html\/\" \/>\n<meta property=\"og:site_name\" content=\"Elfsight PT\" \/>\n<meta property=\"article:modified_time\" content=\"2024-11-13T12:04:12+00:00\" \/>\n<meta name=\"twitter:card\" content=\"summary_large_image\" \/>\n<meta name=\"twitter:label1\" content=\"Tempo estimado de leitura\" \/>\n\t<meta name=\"twitter:data1\" content=\"2 minutos\" \/>\n<!-- \/ Yoast SEO plugin. -->","yoast_head_json":{"title":"C\u00f3digo de verifica\u00e7\u00e3o de idade para site HTML (r\u00e1pido e gratuito)","description":"Esta \u00e9 uma oportunidade de construir c\u00f3digo de verifica\u00e7\u00e3o de idade e integr\u00e1-lo ao seu site HTML. Aproveite o suporte gratuito ao cliente e outras vantagens da Elfsight.","robots":{"index":"index","follow":"follow","max-snippet":"max-snippet:-1","max-image-preview":"max-image-preview:large","max-video-preview":"max-video-preview:-1"},"canonical":"https:\/\/elfsight.com\/pt\/age-verification-widget\/html\/","og_locale":"pt_PT","og_type":"article","og_title":"C\u00f3digo de verifica\u00e7\u00e3o de idade para site HTML (r\u00e1pido e gratuito)","og_description":"Esta \u00e9 uma oportunidade de construir c\u00f3digo de verifica\u00e7\u00e3o de idade e integr\u00e1-lo ao seu site HTML. Aproveite o suporte gratuito ao cliente e outras vantagens da Elfsight.","og_url":"https:\/\/elfsight.com\/pt\/age-verification-widget\/html\/","og_site_name":"Elfsight PT","article_modified_time":"2024-11-13T12:04:12+00:00","twitter_card":"summary_large_image","twitter_misc":{"Tempo estimado de leitura":"2 minutos"},"schema":{"@context":"https:\/\/schema.org","@graph":[{"@type":"WebPage","@id":"https:\/\/elfsight.com\/pt\/age-verification-widget\/html\/","url":"https:\/\/elfsight.com\/pt\/age-verification-widget\/html\/","name":"C\u00f3digo de verifica\u00e7\u00e3o de idade para site HTML (r\u00e1pido e gratuito)","isPartOf":{"@id":"https:\/\/elfsight.com\/pt\/#website"},"datePublished":"2024-05-03T06:26:01+00:00","dateModified":"2024-11-13T12:04:12+00:00","description":"Esta \u00e9 uma oportunidade de construir c\u00f3digo de verifica\u00e7\u00e3o de idade e integr\u00e1-lo ao seu site HTML. Aproveite o suporte gratuito ao cliente e outras vantagens da Elfsight.","breadcrumb":{"@id":"https:\/\/elfsight.com\/pt\/age-verification-widget\/html\/#breadcrumb"},"inLanguage":"pt-PT","potentialAction":[{"@type":"ReadAction","target":["https:\/\/elfsight.com\/pt\/age-verification-widget\/html\/"]}]},{"@type":"BreadcrumbList","@id":"https:\/\/elfsight.com\/pt\/age-verification-widget\/html\/#breadcrumb","itemListElement":[{"@type":"ListItem","position":1,"name":"Home","item":"https:\/\/elfsight.com\/pt\/"},{"@type":"ListItem","position":2,"name":"Age Verification","item":"https:\/\/elfsight.com\/pt\/age-verification-widget\/"},{"@type":"ListItem","position":3,"name":"Age Verification &#8211; HTML"}]},{"@type":"WebSite","@id":"https:\/\/elfsight.com\/pt\/#website","url":"https:\/\/elfsight.com\/pt\/","name":"Elfsight PT","description":"Just another Elfsight Sites site","potentialAction":[{"@type":"SearchAction","target":{"@type":"EntryPoint","urlTemplate":"https:\/\/elfsight.com\/pt\/?s={search_term_string}"},"query-input":{"@type":"PropertyValueSpecification","valueRequired":true,"valueName":"search_term_string"}}],"inLanguage":"pt-PT"}]}},"meta_box":{"industry":"","seo_heading":"","heading":"","description":"","cta_heading":"","cta_description":"","application":"523","h1":"C\u00f3digo HTML de verifica\u00e7\u00e3o de idade","h1_caption":"Aproveite a maneira mais r\u00e1pida de criar pop-up de confirma\u00e7\u00e3o de idade em seu site","application_category":[],"applications_title":"","applications_request_title":"","applications_request_button_text":"","hero_text":"","hero_video":"","hero_video_schema_markup":"","selling_points_title":"","selling_points_caption":"","selling_points":[],"selling_points_cta_text":"","features_title":"","features":"","ed_cta_examples_text":"","ed_cta_examples_hidden":"","ed_cta_demo_text":"","ed_cta_demo_hidden":"","why_caption":"","why_editor_title":"","why_editor_text":"","why_team_title":"","why_team_text":"","why_service_title":"","why_service_text":"","template_catalog_visible":"","template_catalog_title":"","template_catalog_text":"","template_catalog_categories_visible":"","demo_title":"Crie seu widget de verifica\u00e7\u00e3o de idade","demo_caption":"Configure sua verifica\u00e7\u00e3o de idade e adicione-a ao seu site HTML gratuitamente!","default_faq_hidden":"","app_template_category":[],"platform":"49","template_public_id":"","codecanyon_url":"","codecanyon_item_id":"","codecanyon_price":"","pricing_caption":"","pricing_elfsight_apps_hide_column":"","pricing_elfsight_apps_url":"","pricing_codecanyon_price_caption":"","integration_category":[],"integration_request_title":"","integration_request_cta":"","integration_platform":"","integrations":[],"platform_category":[],"video_schema_markup":"","price":"a partir de US$ 0\/m\u00eas","trial":"","benefits":[{"text":"Assist\u00eancia de instala\u00e7\u00e3o gratuita"},{"text":"Suporte excepcional"},{"text":"Garantia de reembolso de 14 dias"},{"text":"Desenvolvimento cont\u00ednuo"}],"button_url":"#demo","button_target_blank":"0","button_nofollow":"0","attributes":[{"name":"Instala\u00e7\u00f5es","content":"10,000 - 100,000","_state":"expanded"},{"name":"Responsivo","content":"Sim","_state":"expanded"},{"name":"Navegadores compat\u00edveis","content":"Firefox, Safari, Opera, Chrome, Edge"}],"tags":[],"tags_disable_links":"0","hide_more_platforms":"","video_object":"","demo_hide_cta":"0","demo_hide_cloud_options":"0","pricing_title":"","pricing":[{"pricing_icon":"platform","pricing_title":"Elfsight Apps","pricing_title_caption":"Solu\u00e7\u00e3o multiplataforma","pricing_price":"a partir de US$ 0\/m\u00eas","pricing_price_caption":"comece com plano gratuito","pricing_benefits":[{"text":"Sites ilimitados"},{"text":"Suporte profissional"},{"text":"Suporte profissional"},{"text":"Oferta especial para v\u00e1rios aplicativos"}],"pricing_button_text":"Adicionar ao site","pricing_button_url":"#demo","_state":"expanded"}],"related_apps_title":"","related_apps_hidden":"1","author":"","image":[],"title":"","job":"","social_networks":[]},"_links":{"self":[{"href":"https:\/\/elfsight.com\/pt\/wp-json\/wp\/v2\/pages\/3477","targetHints":{"allow":["GET"]}}],"collection":[{"href":"https:\/\/elfsight.com\/pt\/wp-json\/wp\/v2\/pages"}],"about":[{"href":"https:\/\/elfsight.com\/pt\/wp-json\/wp\/v2\/types\/page"}],"author":[{"embeddable":true,"href":"https:\/\/elfsight.com\/pt\/wp-json\/wp\/v2\/users\/9"}],"replies":[{"embeddable":true,"href":"https:\/\/elfsight.com\/pt\/wp-json\/wp\/v2\/comments?post=3477"}],"version-history":[{"count":2,"href":"https:\/\/elfsight.com\/pt\/wp-json\/wp\/v2\/pages\/3477\/revisions"}],"predecessor-version":[{"id":11518,"href":"https:\/\/elfsight.com\/pt\/wp-json\/wp\/v2\/pages\/3477\/revisions\/11518"}],"up":[{"embeddable":true,"href":"https:\/\/elfsight.com\/pt\/wp-json\/wp\/v2\/pages\/524"}],"wp:attachment":[{"href":"https:\/\/elfsight.com\/pt\/wp-json\/wp\/v2\/media?parent=3477"}],"curies":[{"name":"wp","href":"https:\/\/api.w.org\/{rel}","templated":true}]}}