{"id":3466,"date":"2024-05-03T06:27:06","date_gmt":"2024-05-03T06:27:06","guid":{"rendered":"https:\/\/elfsight.com\/pt\/?page_id=3466"},"modified":"2025-01-31T15:31:33","modified_gmt":"2025-01-31T15:31:33","slug":"google-sites","status":"publish","type":"page","link":"https:\/\/elfsight.com\/pt\/all-in-one-reviews-widget\/google-sites\/","title":{"rendered":"All-in-One Reviews &#8211; Google Sites"},"content":{"rendered":"\n<div class=\"application-platform-content-item-description application-platform-content-item\" id=\"description\" data-nav-section=\"description\"> <h2>Incorpore avalia\u00e7\u00f5es completas no Google Sites com o widget Elfsight<\/h2> <p>O gadget Elfsight Testimonials \u00e9 f\u00e1cil de usar -use a ferramenta para Google Sites que oferece a possibilidade de demonstrar todos os depoimentos sobre sua empresa diretamente em sua p\u00e1gina web de todos os sites de avalia\u00e7\u00e3o mais usados. Usando nossa ferramenta, voc\u00ea conseguir\u00e1 utilizar filtros para ocultar coment\u00e1rios indesejados, exibir sua classifica\u00e7\u00e3o por estrelas e n\u00fameros de seu perfil em qualquer site de coment\u00e1rios, adicionar informa\u00e7\u00f5es sobre os criadores dos depoimentos e adicionar um fascinante bot\u00e3o de call to action que ir\u00e1 levar os usu\u00e1rios a postar novos coment\u00e1rios. Nossa ferramenta pode ajud\u00e1-lo a exibir sua excelente prova social em seu site e come\u00e7ar a adquirir mais vendas. <\/p> <p><b>Avalia\u00e7\u00f5es da Amazon, Facebook, Airbnb, Google e muitos outros em um widget para maior aumento de convers\u00e3o poss\u00edvel e confian\u00e7a do cliente!<\/b><\/p> <p><b>Aumentar suas vendas usando prova social<\/b><br>Com o plug-in de Avalia\u00e7\u00f5es, voc\u00ea apresentar\u00e1 avalia\u00e7\u00f5es de primeira linha do Facebook, Amazon, Airbnb, Google e outros sites populares de avalia\u00e7\u00e3o de neg\u00f3cios, atraindo mais novos clientes.<\/p><p><b>Obtenha mais feedback dos clientes<\/b><br>O bot\u00e3o atraente \u201cPostar uma avalia\u00e7\u00e3o\u201d far\u00e1 com que mais pessoas cliquem para oferecer suas opini\u00f5es sobre seus produtos e servi\u00e7os, o que resultar\u00e1 na melhor avalia\u00e7\u00e3o poss\u00edvel do cliente. <\/p><p><b>Diminuir avalia\u00e7\u00f5es negativas<\/b><br>O widget Avalia\u00e7\u00f5es de clientes sugere diversas oportunidades de filtro que oferecer\u00e3o a voc\u00ea a chance de controlar as avalia\u00e7\u00f5es negativas, apresentando apenas as positivas. <\/div> <div class=\"application-platform-content-item-features application-platform-content-item\" id=\"features\" data-nav-section=\"features\"> <\/p><h2>Estude a lista dos recursos mais \u00fateis: <\/h2> <ul><li>Cabe\u00e7alho altern\u00e1vel do widget<\/li><li>Revis\u00e3o bot\u00e3o de solicita\u00e7\u00e3o para atrair usu\u00e1rios para sua p\u00e1gina<\/li><li>Um estilo admir\u00e1vel est\u00e1 a um clique de dist\u00e2ncia<\/li><li>Componentes da interface que podem ser pintados<\/li><li>M\u00e1ximo de detalhes para aumentar a confian\u00e7a<\/li><\/ul><p><a href=\"#demo\">Experimente esta demonstra\u00e7\u00e3o para ter uma ideia completa<\/a><\/p> <\/div> <div class=\"application-platform-content-item-installation application-platform-content-item\" id=\"installation\" data-nav-section=\"installation\"> <h2>Como fa\u00e7o para adicionar avalia\u00e7\u00f5es completas ao meu Google Sites?<\/h2> <p>Basta seguir algumas etapas apresentadas abaixo para integrar o plug-in. <\/p> <ol><li><b>Execute nosso editor gratuito e comece a formar seu pr\u00f3prio plugin. <\/b><br> Escolha a forma e as especifica\u00e7\u00f5es preferidas do plugin e salve as edi\u00e7\u00f5es.<\/li> <li><b>Obtenha o c\u00f3digo pessoal que \u00e9 mostrado na janela dos aplicativos Elfsight. <\/b><br> Ap\u00f3s o estabelecimento do seu plugin pessoal, copie o c\u00f3digo pessoal da janela exibida e guarde-o para necessidades futuras. <\/li> <li><b>Entre usando o gadget de coment\u00e1rios no site do Google.<\/b><br> Integre o c\u00f3digo copiado recentemente em sua p\u00e1gina inicial e salve as modifica\u00e7\u00f5es. <\/li> <li><b>Pronto! A configura\u00e7\u00e3o foi executada com sucesso. <\/b><br> Acesse sua p\u00e1gina para examinar o desempenho da ferramenta. <\/li><\/ol> <div class=\"tip-yellow tip\"><b>Devido \u00e0s peculiaridades do funcionamento do Google Sites, o widget pode ter uma apar\u00eancia diferente da demonstra\u00e7\u00e3o on-line. Pedimos desculpas por qualquer inconveniente causado.<\/b><\/div><p>Caso voc\u00ea questione alguma complica\u00e7\u00e3o, entre em contato com nossa equipe de atendimento ao cliente. Nossos especialistas ter\u00e3o prazer em resolver todas as d\u00favidas que voc\u00ea possa ter com o widget. <\/p> <div class=\"faq\" data-component=\"FAQ\"> <div class=\"faq-item\">\r\n\t\t\t\t\t<div class=\"faq-item-question\">\r\n\t\t\t\t\t\t<h3 class=\"faq-item-question-text\">Como posso adicionar avalia\u00e7\u00f5es completas ao meu site do Google Sites sem conhecimentos de codifica\u00e7\u00e3o?<\/h3>\r\n\r\n\t\t\t\t\t\t<div class=\"faq-item-question-icon\"><\/div>\r\n\t\t\t\t\t<\/div>\r\n\r\n\t\t\t\t\t<div class=\"faq-item-answer\">\r\n\t\t\t\t\t\t<div class=\"faq-item-answer-text\"> <p>A Elfsight fornece uma solu\u00e7\u00e3o SaaS que permite criar uma avalia\u00e7\u00e3o completa voc\u00ea mesmo um widget de Avalia\u00e7\u00f5es, veja como o processo \u00e9 f\u00e1cil: trabalhe diretamente no Editor on-line para criar um widget de Avalia\u00e7\u00f5es tudo-em-um que voc\u00ea gostaria de ver em seu site do Google Sites. Escolha um dos modelos predefinidos e ajuste as configura\u00e7\u00f5es das Revis\u00f5es Multifuncionais, adicione seu conte\u00fado, altere o layout e o esquema de cores sem nenhuma habilidade de codifica\u00e7\u00e3o. Salve as avalia\u00e7\u00f5es multifuncionais e copie seu c\u00f3digo de instala\u00e7\u00e3o, que voc\u00ea pode colar facilmente em seu site do Google Sites sem comprar uma assinatura paga. Com nosso editor intuitivo, qualquer usu\u00e1rio da Internet pode criar um widget de avalia\u00e7\u00f5es completas on-line e incorpor\u00e1-lo facilmente ao site do Google Sites. N\u00e3o h\u00e1 necessidade de pagar ou inserir as credenciais do seu cart\u00e3o para acessar o servi\u00e7o. Se voc\u00ea enfrentar qualquer problema em qualquer etapa, n\u00e3o hesite em entrar em contato com nossa equipe de suporte t\u00e9cnico.<\/p> <\/div>\r\n\t\t\t\t\t<\/div>\r\n\t\t\t\t<\/div> <\/div> <\/div>\n","protected":false},"excerpt":{"rendered":"","protected":false},"author":9,"featured_media":0,"parent":366,"menu_order":0,"comment_status":"closed","ping_status":"closed","template":"templates\/template-application-platform.php","meta":{"publish_to_discourse":"","publish_post_category":"","wpdc_auto_publish_overridden":"","wpdc_topic_tags":"","wpdc_pin_topic":"","wpdc_pin_until":"","discourse_post_id":"","discourse_permalink":"","wpdc_publishing_response":"","wpdc_publishing_error":"","footnotes":""},"class_list":["post-3466","page","type-page","status-publish","hentry"],"yoast_head":"<!-- This site is optimized with the Yoast SEO plugin v25.3.1 - https:\/\/yoast.com\/wordpress\/plugins\/seo\/ -->\n<title>Gadget de avalia\u00e7\u00f5es - Adicionar widget de depoimentos ao Google Sites (2025)<\/title>\n<meta name=\"description\" content=\"Implemente um widget de avalia\u00e7\u00f5es responsivo em seu Google Sites e ganhe total confian\u00e7a. Aplique a demonstra\u00e7\u00e3o f\u00e1cil de usar da Elfsight para formar seu gadget exclusivo de depoimentos.\" \/>\n<meta name=\"robots\" content=\"index, follow, max-snippet:-1, max-image-preview:large, max-video-preview:-1\" \/>\n<link rel=\"canonical\" href=\"https:\/\/elfsight.com\/pt\/all-in-one-reviews-widget\/google-sites\/\" \/>\n<meta property=\"og:locale\" content=\"pt_PT\" \/>\n<meta property=\"og:type\" content=\"article\" \/>\n<meta property=\"og:title\" content=\"Gadget de avalia\u00e7\u00f5es - Adicionar widget de depoimentos ao Google Sites (2025)\" \/>\n<meta property=\"og:description\" content=\"Implemente um widget de avalia\u00e7\u00f5es responsivo em seu Google Sites e ganhe total confian\u00e7a. Aplique a demonstra\u00e7\u00e3o f\u00e1cil de usar da Elfsight para formar seu gadget exclusivo de depoimentos.\" \/>\n<meta property=\"og:url\" content=\"https:\/\/elfsight.com\/pt\/all-in-one-reviews-widget\/google-sites\/\" \/>\n<meta property=\"og:site_name\" content=\"Elfsight PT\" \/>\n<meta property=\"article:modified_time\" content=\"2025-01-31T15:31:33+00:00\" \/>\n<meta name=\"twitter:card\" content=\"summary_large_image\" \/>\n<meta name=\"twitter:label1\" content=\"Tempo estimado de leitura\" \/>\n\t<meta name=\"twitter:data1\" content=\"4 minutos\" \/>\n<!-- \/ Yoast SEO plugin. -->","yoast_head_json":{"title":"Gadget de avalia\u00e7\u00f5es - Adicionar widget de depoimentos ao Google Sites (2025)","description":"Implemente um widget de avalia\u00e7\u00f5es responsivo em seu Google Sites e ganhe total confian\u00e7a. Aplique a demonstra\u00e7\u00e3o f\u00e1cil de usar da Elfsight para formar seu gadget exclusivo de depoimentos.","robots":{"index":"index","follow":"follow","max-snippet":"max-snippet:-1","max-image-preview":"max-image-preview:large","max-video-preview":"max-video-preview:-1"},"canonical":"https:\/\/elfsight.com\/pt\/all-in-one-reviews-widget\/google-sites\/","og_locale":"pt_PT","og_type":"article","og_title":"Gadget de avalia\u00e7\u00f5es - Adicionar widget de depoimentos ao Google Sites (2025)","og_description":"Implemente um widget de avalia\u00e7\u00f5es responsivo em seu Google Sites e ganhe total confian\u00e7a. Aplique a demonstra\u00e7\u00e3o f\u00e1cil de usar da Elfsight para formar seu gadget exclusivo de depoimentos.","og_url":"https:\/\/elfsight.com\/pt\/all-in-one-reviews-widget\/google-sites\/","og_site_name":"Elfsight PT","article_modified_time":"2025-01-31T15:31:33+00:00","twitter_card":"summary_large_image","twitter_misc":{"Tempo estimado de leitura":"4 minutos"},"schema":{"@context":"https:\/\/schema.org","@graph":[{"@type":"WebPage","@id":"https:\/\/elfsight.com\/pt\/all-in-one-reviews-widget\/google-sites\/","url":"https:\/\/elfsight.com\/pt\/all-in-one-reviews-widget\/google-sites\/","name":"Gadget de avalia\u00e7\u00f5es - Adicionar widget de depoimentos ao Google Sites (2025)","isPartOf":{"@id":"https:\/\/elfsight.com\/pt\/#website"},"datePublished":"2024-05-03T06:27:06+00:00","dateModified":"2025-01-31T15:31:33+00:00","description":"Implemente um widget de avalia\u00e7\u00f5es responsivo em seu Google Sites e ganhe total confian\u00e7a. Aplique a demonstra\u00e7\u00e3o f\u00e1cil de usar da Elfsight para formar seu gadget exclusivo de depoimentos.","breadcrumb":{"@id":"https:\/\/elfsight.com\/pt\/all-in-one-reviews-widget\/google-sites\/#breadcrumb"},"inLanguage":"pt-PT","potentialAction":[{"@type":"ReadAction","target":["https:\/\/elfsight.com\/pt\/all-in-one-reviews-widget\/google-sites\/"]}]},{"@type":"BreadcrumbList","@id":"https:\/\/elfsight.com\/pt\/all-in-one-reviews-widget\/google-sites\/#breadcrumb","itemListElement":[{"@type":"ListItem","position":1,"name":"Home","item":"https:\/\/elfsight.com\/pt\/"},{"@type":"ListItem","position":2,"name":"All-in-One Reviews","item":"https:\/\/elfsight.com\/pt\/all-in-one-reviews-widget\/"},{"@type":"ListItem","position":3,"name":"All-in-One Reviews &#8211; Google Sites"}]},{"@type":"WebSite","@id":"https:\/\/elfsight.com\/pt\/#website","url":"https:\/\/elfsight.com\/pt\/","name":"Elfsight PT","description":"Just another Elfsight Sites site","potentialAction":[{"@type":"SearchAction","target":{"@type":"EntryPoint","urlTemplate":"https:\/\/elfsight.com\/pt\/?s={search_term_string}"},"query-input":{"@type":"PropertyValueSpecification","valueRequired":true,"valueName":"search_term_string"}}],"inLanguage":"pt-PT"}]}},"meta_box":{"industry":"","seo_heading":"","heading":"","description":"","cta_heading":"","cta_description":"","application":"364","h1":"Widget de depoimentos e avalia\u00e7\u00f5es do Google Sites","h1_caption":"Confian\u00e7a de n\u00edvel superior, mostrando coment\u00e1rios verdadeiros de visitantes com informa\u00e7\u00f5es do autor","application_category":[],"applications_title":"","applications_request_title":"","applications_request_button_text":"","hero_text":"","hero_video":"","hero_video_schema_markup":"","selling_points_title":"","selling_points_caption":"","selling_points":[],"selling_points_cta_text":"","features_title":"","features":"","ed_cta_examples_text":"","ed_cta_examples_hidden":"","ed_cta_demo_text":"","ed_cta_demo_hidden":"","why_caption":"","why_editor_title":"","why_editor_text":"","why_team_title":"","why_team_text":"","why_service_title":"","why_service_text":"","template_catalog_visible":"0","template_catalog_title":"","template_catalog_text":"","template_catalog_categories_visible":"","demo_title":"Crie seu widget de avalia\u00e7\u00f5es multifuncionais","demo_caption":"Configure suas avalia\u00e7\u00f5es multifuncionais e adicione-as ao seu site do Google Sites gratuitamente!","default_faq_hidden":"","app_template_category":[],"platform":"112","template_public_id":"","codecanyon_url":"","codecanyon_item_id":"","codecanyon_price":"","pricing_caption":"","pricing_elfsight_apps_hide_column":"","pricing_elfsight_apps_url":"","pricing_codecanyon_price_caption":"","integration_category":[],"integration_request_title":"","integration_request_cta":"","integration_platform":"","integrations":[],"platform_category":[],"video_schema_markup":"","price":"a partir de US$ 0\/m\u00eas","trial":"","benefits":[{"text":"Assist\u00eancia de instala\u00e7\u00e3o gratuita"},{"text":"Atendimento ao cliente eficaz"},{"text":"Garantia de devolu\u00e7\u00e3o do dinheiro em 14 dias"},{"text":"Atualiza\u00e7\u00f5es futuras"}],"button_url":"#demo","button_target_blank":"0","button_nofollow":"0","attributes":[{"name":"Instala\u00e7\u00f5es","content":"100,000 - 500,000","_state":"expanded"},{"name":"Responsivo","content":"Sim","_state":"expanded"},{"name":"Navegadores compat\u00edveis","content":"Opera, Firefox, Chrome, Safari, Edge"}],"tags":[],"tags_disable_links":"0","hide_more_platforms":"","video_object":"","demo_hide_cta":"0","demo_hide_cloud_options":"0","pricing_title":"","pricing":[{"pricing_icon":"platform","pricing_title":"Elfsight Apps","pricing_title_caption":"Solu\u00e7\u00e3o digital multiplataforma que se adapta a qualquer site","pricing_price":"a partir de US$ 0\/m\u00eas","pricing_price_caption":"comece com plano gratuito","pricing_benefits":[{"text":"N\u00famero ilimitado de dom\u00ednios"},{"text":"Suporte premium e pontual"},{"text":"Suporte premium e pontual"},{"text":"Oferta especial para v\u00e1rios aplicativos"}],"pricing_button_text":"Adicionar ao site","pricing_button_url":"#demo","_state":"expanded"}],"related_apps_title":"","related_apps_hidden":"1","author":"","image":[],"title":"","job":"","social_networks":[]},"_links":{"self":[{"href":"https:\/\/elfsight.com\/pt\/wp-json\/wp\/v2\/pages\/3466","targetHints":{"allow":["GET"]}}],"collection":[{"href":"https:\/\/elfsight.com\/pt\/wp-json\/wp\/v2\/pages"}],"about":[{"href":"https:\/\/elfsight.com\/pt\/wp-json\/wp\/v2\/types\/page"}],"author":[{"embeddable":true,"href":"https:\/\/elfsight.com\/pt\/wp-json\/wp\/v2\/users\/9"}],"replies":[{"embeddable":true,"href":"https:\/\/elfsight.com\/pt\/wp-json\/wp\/v2\/comments?post=3466"}],"version-history":[{"count":3,"href":"https:\/\/elfsight.com\/pt\/wp-json\/wp\/v2\/pages\/3466\/revisions"}],"predecessor-version":[{"id":13746,"href":"https:\/\/elfsight.com\/pt\/wp-json\/wp\/v2\/pages\/3466\/revisions\/13746"}],"up":[{"embeddable":true,"href":"https:\/\/elfsight.com\/pt\/wp-json\/wp\/v2\/pages\/366"}],"wp:attachment":[{"href":"https:\/\/elfsight.com\/pt\/wp-json\/wp\/v2\/media?parent=3466"}],"curies":[{"name":"wp","href":"https:\/\/api.w.org\/{rel}","templated":true}]}}