{"id":3461,"date":"2024-05-03T06:25:45","date_gmt":"2024-05-03T06:25:45","guid":{"rendered":"https:\/\/elfsight.com\/pt\/?page_id=3461"},"modified":"2025-03-04T12:49:24","modified_gmt":"2025-03-04T12:49:24","slug":"godaddy","status":"publish","type":"page","link":"https:\/\/elfsight.com\/pt\/age-verification-widget\/godaddy\/","title":{"rendered":"Age Verification &#8211; GoDaddy"},"content":{"rendered":"\n<div class=\"application-platform-content-item-description application-platform-content-item\" id=\"description\" data-nav-section=\"description\"> <h2>Incorpore a verifica\u00e7\u00e3o de idade no GoDaddy com o widget Elfsight<\/h2> <p>O plugin Elfsight Age Verification \u00e9 o m\u00e9todo mais f\u00e1cil de configurar uma janela imediata que pergunta a idade do visitante do site. O plug-in ajudar\u00e1 a tornar o material sens\u00edvel \u00e0 idade acess\u00edvel para usu\u00e1rios maiores de idade e a ocult\u00e1-lo dos espectadores menores de idade. Voc\u00ea pode definir o limite de idade, definir o formato de verifica\u00e7\u00e3o, introduzir o pop-up em todas ou apenas em p\u00e1ginas espec\u00edficas e selecionar o cen\u00e1rio. A apar\u00eancia \u00e9 facilmente personalizada com elementos pint\u00e1veis \u200b\u200be o recurso para adicionar imagens personalizadas. <\/p> <p><b>Mais clientes v\u00e1lidos e p\u00fablico-alvo em seu site!<\/b><\/p> <\/div> <div class=\"application-platform-content-item-features application-platform-content-item\" id=\"features\" data-nav-section=\"features\"> <h2>Aqui est\u00e3o os recursos essenciais do plug-in: <\/h2> <ul><li>Escolha um dos tr\u00eas m\u00e9todos de verifica\u00e7\u00e3o: perguntando a data de nascimento completa, apenas o ano de nascimento, ou uma pergunta com op\u00e7\u00f5es Sim e N\u00e3o; <\/li><li>A op\u00e7\u00e3o de lembrar dos visitantes por qualquer per\u00edodo de tempo; <\/li><li>Dois cen\u00e1rios poss\u00edveis para usu\u00e1rios dissuadidos: mostrar um texto ou redirecionar um usu\u00e1rio para outra p\u00e1gina ou site; <\/li><li>Carregue qualquer imagem para mostrar no pop-up de verifica\u00e7\u00e3o; <\/li><li>Forne\u00e7a informa\u00e7\u00f5es adicionais com links abaixo do bot\u00e3o de verifica\u00e7\u00e3o. <\/li><\/ul><p><a href=\"#demo\">Basta verificar esta demonstra\u00e7\u00e3o para ter uma ideia completa<\/a><\/p> <\/div> <div class=\"application-platform-content-item-installation application-platform-content-item\" id=\"installation\" data-nav-section=\"installation\"> <h2>Como incorporo a verifica\u00e7\u00e3o de idade no meu site GoDaddy? <\/h2> <p>Basta seguir as instru\u00e7\u00f5es abaixo para incorporar o plugin. <\/p> <ol><li><b>Realize nossa demonstra\u00e7\u00e3o gratuita e comece a construir seu pr\u00f3prio plugin. <\/b><br> Encontre o design e os par\u00e2metros adequados da ferramenta e salve as edi\u00e7\u00f5es. <\/li> <li><b>Receba o c\u00f3digo individual que \u00e9 apresentado no formul\u00e1rio especial nas aplica\u00e7\u00f5es Elfsight. <\/b><br> Terminada a gera\u00e7\u00e3o do seu plugin, copie o c\u00f3digo exclusivo na caixa exibida e salve-o para futuras ocasi\u00f5es. <\/li> <li><b>Iniciar a aplica\u00e7\u00e3o do plugin na p\u00e1gina da GoDaddy. <\/b><br> Coloque o c\u00f3digo que voc\u00ea salvou antes em sua p\u00e1gina web e aplique as edi\u00e7\u00f5es. <\/li> <li><b>Conclu\u00eddo! A incorpora\u00e7\u00e3o est\u00e1 totalmente realizada. <\/b><br> Visite sua p\u00e1gina web para ver em a\u00e7\u00e3o o funcionamento do plugin. <\/li><\/ol> <div class=\"tip-yellow tip\"><b>Devido \u00e0s peculiaridades da exibi\u00e7\u00e3o de inser\u00e7\u00f5es personalizadas com c\u00f3digo, os modelos flutuantes podem ter uma apar\u00eancia diferente da demonstra\u00e7\u00e3o on-line. Por favor, reserve um tempo para testar seus widgets.<\/b><\/div><p>Na condi\u00e7\u00e3o de lidar com d\u00favidas ou enfrentar alguns obst\u00e1culos, n\u00e3o hesite em entrar em contato com nossa equipe de suporte. Nossos especialistas est\u00e3o ansiosos para ajud\u00e1-lo com todas as d\u00favidas que voc\u00ea possa ter sobre o produto. <\/p> <div class=\"faq\" data-component=\"FAQ\"> <div class=\"faq-item\">\r\n\t\t\t\t\t<div class=\"faq-item-question\">\r\n\t\t\t\t\t\t<h3 class=\"faq-item-question-text\">Como adicionar verifica\u00e7\u00e3o de idade ao meu site GoDaddy sem habilidades de codifica\u00e7\u00e3o?<\/h3>\r\n\r\n\t\t\t\t\t\t<div class=\"faq-item-question-icon\"><\/div>\r\n\t\t\t\t\t<\/div>\r\n\r\n\t\t\t\t\t<div class=\"faq-item-answer\">\r\n\t\t\t\t\t\t<div class=\"faq-item-answer-text\"> <p>A Elfsight fornece uma solu\u00e7\u00e3o SaaS que permite que voc\u00ea mesmo crie um widget de verifica\u00e7\u00e3o de idade. Veja como \u00e9 f\u00e1cil o processo \u00e9: Trabalhe diretamente no Editor on-line para criar um widget de verifica\u00e7\u00e3o de idade que voc\u00ea gostaria de ver em seu site GoDaddy. Escolha um dos modelos predefinidos e ajuste as configura\u00e7\u00f5es de verifica\u00e7\u00e3o de idade, adicione seu conte\u00fado, altere o layout e as cores sem nenhuma habilidade de codifica\u00e7\u00e3o. Salve a verifica\u00e7\u00e3o de idade e copie seu c\u00f3digo de instala\u00e7\u00e3o, que voc\u00ea pode colar facilmente em seu site GoDaddy sem comprar uma assinatura paga. Com nosso editor intuitivo, qualquer usu\u00e1rio da Internet pode criar um widget de verifica\u00e7\u00e3o de idade on-line e incorpor\u00e1-lo facilmente ao site GoDaddy. N\u00e3o h\u00e1 necessidade de pagar ou inserir as credenciais do seu cart\u00e3o para acessar o servi\u00e7o. Se voc\u00ea enfrentar qualquer problema em qualquer etapa, n\u00e3o hesite em entrar em contato com nossa equipe de suporte t\u00e9cnico.<\/p> <\/div>\r\n\t\t\t\t\t<\/div>\r\n\t\t\t\t<\/div> <\/div> <\/div>\n","protected":false},"excerpt":{"rendered":"","protected":false},"author":9,"featured_media":0,"parent":524,"menu_order":0,"comment_status":"closed","ping_status":"closed","template":"templates\/template-application-platform.php","meta":{"publish_to_discourse":"","publish_post_category":"","wpdc_auto_publish_overridden":"","wpdc_topic_tags":"","wpdc_pin_topic":"","wpdc_pin_until":"","discourse_post_id":"","discourse_permalink":"","wpdc_publishing_response":"","wpdc_publishing_error":"","footnotes":""},"class_list":["post-3461","page","type-page","status-publish","hentry"],"yoast_head":"<!-- This site is optimized with the Yoast SEO plugin v25.3.1 - https:\/\/yoast.com\/wordpress\/plugins\/seo\/ -->\n<title>Verifica\u00e7\u00e3o de idade - Adicione plugin de verifica\u00e7\u00e3o ao site GoDaddy!<\/title>\n<meta name=\"description\" content=\"Use uma maneira pr\u00e1tica de verificar a idade dos seus usu\u00e1rios com o plug-in de verifica\u00e7\u00e3o de idade para GoDaddy incorporado ao seu site!\" \/>\n<meta name=\"robots\" content=\"index, follow, max-snippet:-1, max-image-preview:large, max-video-preview:-1\" \/>\n<link rel=\"canonical\" href=\"https:\/\/elfsight.com\/pt\/age-verification-widget\/godaddy\/\" \/>\n<meta property=\"og:locale\" content=\"pt_PT\" \/>\n<meta property=\"og:type\" content=\"article\" \/>\n<meta property=\"og:title\" content=\"Verifica\u00e7\u00e3o de idade - Adicione plugin de verifica\u00e7\u00e3o ao site GoDaddy!\" \/>\n<meta property=\"og:description\" content=\"Use uma maneira pr\u00e1tica de verificar a idade dos seus usu\u00e1rios com o plug-in de verifica\u00e7\u00e3o de idade para GoDaddy incorporado ao seu site!\" \/>\n<meta property=\"og:url\" content=\"https:\/\/elfsight.com\/pt\/age-verification-widget\/godaddy\/\" \/>\n<meta property=\"og:site_name\" content=\"Elfsight PT\" \/>\n<meta property=\"article:modified_time\" content=\"2025-03-04T12:49:24+00:00\" \/>\n<meta name=\"twitter:card\" content=\"summary_large_image\" \/>\n<meta name=\"twitter:label1\" content=\"Tempo estimado de leitura\" \/>\n\t<meta name=\"twitter:data1\" content=\"4 minutos\" \/>\n<!-- \/ Yoast SEO plugin. -->","yoast_head_json":{"title":"Verifica\u00e7\u00e3o de idade - Adicione plugin de verifica\u00e7\u00e3o ao site GoDaddy!","description":"Use uma maneira pr\u00e1tica de verificar a idade dos seus usu\u00e1rios com o plug-in de verifica\u00e7\u00e3o de idade para GoDaddy incorporado ao seu site!","robots":{"index":"index","follow":"follow","max-snippet":"max-snippet:-1","max-image-preview":"max-image-preview:large","max-video-preview":"max-video-preview:-1"},"canonical":"https:\/\/elfsight.com\/pt\/age-verification-widget\/godaddy\/","og_locale":"pt_PT","og_type":"article","og_title":"Verifica\u00e7\u00e3o de idade - Adicione plugin de verifica\u00e7\u00e3o ao site GoDaddy!","og_description":"Use uma maneira pr\u00e1tica de verificar a idade dos seus usu\u00e1rios com o plug-in de verifica\u00e7\u00e3o de idade para GoDaddy incorporado ao seu site!","og_url":"https:\/\/elfsight.com\/pt\/age-verification-widget\/godaddy\/","og_site_name":"Elfsight PT","article_modified_time":"2025-03-04T12:49:24+00:00","twitter_card":"summary_large_image","twitter_misc":{"Tempo estimado de leitura":"4 minutos"},"schema":{"@context":"https:\/\/schema.org","@graph":[{"@type":"WebPage","@id":"https:\/\/elfsight.com\/pt\/age-verification-widget\/godaddy\/","url":"https:\/\/elfsight.com\/pt\/age-verification-widget\/godaddy\/","name":"Verifica\u00e7\u00e3o de idade - Adicione plugin de verifica\u00e7\u00e3o ao site GoDaddy!","isPartOf":{"@id":"https:\/\/elfsight.com\/pt\/#website"},"datePublished":"2024-05-03T06:25:45+00:00","dateModified":"2025-03-04T12:49:24+00:00","description":"Use uma maneira pr\u00e1tica de verificar a idade dos seus usu\u00e1rios com o plug-in de verifica\u00e7\u00e3o de idade para GoDaddy incorporado ao seu site!","breadcrumb":{"@id":"https:\/\/elfsight.com\/pt\/age-verification-widget\/godaddy\/#breadcrumb"},"inLanguage":"pt-PT","potentialAction":[{"@type":"ReadAction","target":["https:\/\/elfsight.com\/pt\/age-verification-widget\/godaddy\/"]}]},{"@type":"BreadcrumbList","@id":"https:\/\/elfsight.com\/pt\/age-verification-widget\/godaddy\/#breadcrumb","itemListElement":[{"@type":"ListItem","position":1,"name":"Home","item":"https:\/\/elfsight.com\/pt\/"},{"@type":"ListItem","position":2,"name":"Age Verification","item":"https:\/\/elfsight.com\/pt\/age-verification-widget\/"},{"@type":"ListItem","position":3,"name":"Age Verification &#8211; GoDaddy"}]},{"@type":"WebSite","@id":"https:\/\/elfsight.com\/pt\/#website","url":"https:\/\/elfsight.com\/pt\/","name":"Elfsight PT","description":"Just another Elfsight Sites site","potentialAction":[{"@type":"SearchAction","target":{"@type":"EntryPoint","urlTemplate":"https:\/\/elfsight.com\/pt\/?s={search_term_string}"},"query-input":{"@type":"PropertyValueSpecification","valueRequired":true,"valueName":"search_term_string"}}],"inLanguage":"pt-PT"}]}},"meta_box":{"industry":"","seo_heading":"","heading":"","description":"","cta_heading":"","cta_description":"","application":"523","h1":"Plug-in de verifica\u00e7\u00e3o de idade GoDaddy","h1_caption":"Maior conformidade legal dos neg\u00f3cios, apenas com usu\u00e1rios completos","application_category":[],"applications_title":"","applications_request_title":"","applications_request_button_text":"","hero_text":"","hero_video":"","hero_video_schema_markup":"","selling_points_title":"","selling_points_caption":"","selling_points":[],"selling_points_cta_text":"","features_title":"","features":"","ed_cta_examples_text":"","ed_cta_examples_hidden":"","ed_cta_demo_text":"","ed_cta_demo_hidden":"","why_caption":"","why_editor_title":"","why_editor_text":"","why_team_title":"","why_team_text":"","why_service_title":"","why_service_text":"","template_catalog_visible":"0","template_catalog_title":"","template_catalog_text":"","template_catalog_categories_visible":"","demo_title":"Crie seu plugin de verifica\u00e7\u00e3o de idade","demo_caption":"Configure sua verifica\u00e7\u00e3o de idade e adicione-a ao site GoDaddy gratuitamente!","default_faq_hidden":"","app_template_category":[],"platform":"4908","template_public_id":"","codecanyon_url":"","codecanyon_item_id":"","codecanyon_price":"","pricing_caption":"","pricing_elfsight_apps_hide_column":"","pricing_elfsight_apps_url":"","pricing_codecanyon_price_caption":"","integration_category":[],"integration_request_title":"","integration_request_cta":"","integration_platform":"","integrations":[],"platform_category":[],"video_schema_markup":"","price":"a partir de US$ 0\/m\u00eas","trial":"","benefits":[{"text":"Ajuda de instala\u00e7\u00e3o gratuita"},{"text":"Atendimento ao cliente competente"},{"text":"Garantia de reembolso de 14 dias"},{"text":"Desenvolvimento cont\u00ednuo"}],"button_url":"#demo","button_target_blank":"0","button_nofollow":"0","attributes":[{"name":"Instala\u00e7\u00f5es","content":"10,000 - 100,000","_state":"expanded"},{"name":"Responsivo","content":"Sim","_state":"expanded"},{"name":"Navegadores compat\u00edveis","content":"IE11, Firefox, Safari, Opera, Chrome, Edge"}],"tags":[],"tags_disable_links":"0","hide_more_platforms":"0","video_object":"","demo_hide_cta":"0","demo_hide_cloud_options":"0","pricing_title":"","pricing":[{"pricing_icon":"platform","pricing_title":"Elfsight Apps","pricing_title_caption":"Vers\u00e3o multiplataforma que funciona em qualquer site","pricing_price":"a partir de US$ 0\/m\u00eas","pricing_price_caption":"comece com plano gratuito","pricing_benefits":[{"text":"Dom\u00ednios ilimitados"},{"text":"Suporte profissional e pontual"},{"text":"Suporte profissional e pontual"},{"text":"100% personaliz\u00e1vel"}],"pricing_button_text":"Adicionar ao site","pricing_button_url":"#demo","_state":"expanded"}],"related_apps_title":"","related_apps_hidden":"1","author":"","image":[],"title":"","job":"","social_networks":[]},"_links":{"self":[{"href":"https:\/\/elfsight.com\/pt\/wp-json\/wp\/v2\/pages\/3461","targetHints":{"allow":["GET"]}}],"collection":[{"href":"https:\/\/elfsight.com\/pt\/wp-json\/wp\/v2\/pages"}],"about":[{"href":"https:\/\/elfsight.com\/pt\/wp-json\/wp\/v2\/types\/page"}],"author":[{"embeddable":true,"href":"https:\/\/elfsight.com\/pt\/wp-json\/wp\/v2\/users\/9"}],"replies":[{"embeddable":true,"href":"https:\/\/elfsight.com\/pt\/wp-json\/wp\/v2\/comments?post=3461"}],"version-history":[{"count":3,"href":"https:\/\/elfsight.com\/pt\/wp-json\/wp\/v2\/pages\/3461\/revisions"}],"predecessor-version":[{"id":14347,"href":"https:\/\/elfsight.com\/pt\/wp-json\/wp\/v2\/pages\/3461\/revisions\/14347"}],"up":[{"embeddable":true,"href":"https:\/\/elfsight.com\/pt\/wp-json\/wp\/v2\/pages\/524"}],"wp:attachment":[{"href":"https:\/\/elfsight.com\/pt\/wp-json\/wp\/v2\/media?parent=3461"}],"curies":[{"name":"wp","href":"https:\/\/api.w.org\/{rel}","templated":true}]}}