{"id":3460,"date":"2024-05-03T06:26:39","date_gmt":"2024-05-03T06:26:39","guid":{"rendered":"https:\/\/elfsight.com\/pt\/?page_id=3460"},"modified":"2025-02-11T13:33:39","modified_gmt":"2025-02-11T13:33:39","slug":"godaddy","status":"publish","type":"page","link":"https:\/\/elfsight.com\/pt\/all-in-one-chat-widget\/godaddy\/","title":{"rendered":"All-in-one Chat &#8211; GoDaddy"},"content":{"rendered":"\n<div class=\"application-platform-content-item-description application-platform-content-item\" id=\"description\" data-nav-section=\"description\"> <h2>Incorpore o bate-papo tudo-em-um no GoDaddy com o widget Elfsight<\/h2> <p>O bate-papo tudo-em-um da Elfsight \u00e9 um deles uma das maneiras mais convenientes para as pessoas entrarem em contato com voc\u00ea e obterem seu apoio. Fique dispon\u00edvel online em todos os chats mais populares sem parar. Adicione a ferramenta em sua p\u00e1gina e configure-a para aparecer em p\u00e1ginas espec\u00edficas ou para grupos separados de p\u00fablico, escolha ativadores de in\u00edcio de chat, crie sua mensagem de boas-vindas, escolha \u00edcones e outros recursos. Usando o plugin do site voc\u00ea permanecer\u00e1 acess\u00edvel aos visitantes a qualquer momento e em qualquer local. <\/p> <p><b>Seja simples de acessar e r\u00e1pido de responder, aumentando as vendas por meio de consultoria.<\/b><\/p> <\/div> <div class=\"application-platform-content-item-features application-platform-content-item\" id=\"features\" data-nav-section=\"features\"> <h2>Esses s\u00e3o apenas alguns dos recursos avan\u00e7ados do plug-in: <\/h2> <ul><li>Incorpore o All-in-One Chat Messenger em seu site para conversar com os usu\u00e1rios. <\/li><li>Tr\u00eas tipos de posi\u00e7\u00e3o de bate-papo: bal\u00e3o flutuante, bal\u00e3o incorporado e janela de bate-papo incorporada. <\/li><li>Uma cole\u00e7\u00e3o de \u00edcones de bolha para voc\u00ea selecionar. <\/li><li>Cabe\u00e7alho MaleableChat com imagem, nome e legenda da p\u00e1gina.<\/li><li>Definir a imagem da p\u00e1gina por padr\u00e3o, de nossa cole\u00e7\u00e3o ou enviar sua pr\u00f3pria imagem. <\/li><\/ul><p><a href=\"#demo\">Voc\u00ea pode verificar se o plugin \u00e9 adequado para voc\u00ea usando a demonstra\u00e7\u00e3o<\/a><\/p> <\/div> <div class=\"application-platform-content-item-installation  application-platform-content-item\" id=\"installation \" data-nav-section=\"installation \"> <h2>Como adiciono o bate-papo multifuncional ao meu site GoDaddy? <\/h2> <p>Basta aplicar as instru\u00e7\u00f5es abaixo para come\u00e7ar a trabalhar com o plugin. <\/p> <ol><li><b>Gerencie nossa demonstra\u00e7\u00e3o gratuita e comece a moldar seu plugin personalizado. <\/b><br> Escolha a forma e as caracter\u00edsticas adequadas da ferramenta e aplique as edi\u00e7\u00f5es. <\/li> <li><b>Receba o c\u00f3digo individual revelado no formul\u00e1rio especial nas aplica\u00e7\u00f5es Elfsight. <\/b><br> Logo ap\u00f3s o t\u00e9rmino da personaliza\u00e7\u00e3o do seu plugin pessoal, copie o c\u00f3digo individual na janela exibida e salve-o para uso posterior. <\/li> <li><b>Comece a usar a ferramenta na p\u00e1gina inicial do GoDaddy. <\/b><br> Implemente o c\u00f3digo copiado anteriormente em sua p\u00e1gina e aplique os ajustes. <\/li> <li><b>Pronto! A configura\u00e7\u00e3o foi realizada com sucesso. <\/b><br> Visite seu site para examinar como a ferramenta est\u00e1 funcionando. <\/li><\/ol> <div class=\"tip-yellow tip\"><b>Devido \u00e0s peculiaridades da exibi\u00e7\u00e3o de inser\u00e7\u00f5es personalizadas com c\u00f3digo, os modelos flutuantes podem ter uma apar\u00eancia diferente da demonstra\u00e7\u00e3o on-line. Reserve um tempo para testar seus widgets.<\/b><\/div><p>Caso voc\u00ea tenha alguma dificuldade, n\u00e3o hesite em entrar em contato com nossa equipe de suporte. Nossos especialistas desejam ajud\u00e1-lo com todos os problemas que voc\u00ea possa ter com o plugin. <\/p> <div class=\"faq\" data-component=\"FAQ\"><div class=\"faq-item\">\r\n\t\t\t\t\t<div class=\"faq-item-question\">\r\n\t\t\t\t\t\t<h3 class=\"faq-item-question-text\">Como posso adicionar o All-in-one Chat ao meu site GoDaddy sem conhecimentos de codifica\u00e7\u00e3o?<\/h3>\r\n\r\n\t\t\t\t\t\t<div class=\"faq-item-question-icon\"><\/div>\r\n\t\t\t\t\t<\/div>\r\n\r\n\t\t\t\t\t<div class=\"faq-item-answer\">\r\n\t\t\t\t\t\t<div class=\"faq-item-answer-text\"><p>A Elfsight fornece uma solu\u00e7\u00e3o SaaS que lhe permite criar um All-in-one Widget de bate-papo, veja como o processo \u00e9 f\u00e1cil: trabalhe diretamente no editor on-line para criar um widget de bate-papo completo que voc\u00ea gostaria de ver em seu site GoDaddy. Escolha um dos modelos predefinidos e ajuste as configura\u00e7\u00f5es do bate-papo multifuncional, adicione seu conte\u00fado, altere o layout e as cores sem nenhuma habilidade de codifica\u00e7\u00e3o. Salve o bate-papo multifuncional e copie seu c\u00f3digo de instala\u00e7\u00e3o, que voc\u00ea pode incorporar facilmente ao seu site GoDaddy sem a necessidade de adquirir um plano pago.<p><\/p> Com nosso editor intuitivo, qualquer usu\u00e1rio da Internet pode criar um widget de bate-papo completo on-line e incorpor\u00e1-lo facilmente ao site GoDaddy. N\u00e3o h\u00e1 necessidade de pagar ou inserir as credenciais do seu cart\u00e3o para acessar o servi\u00e7o. Se voc\u00ea enfrentar qualquer problema em qualquer etapa, n\u00e3o hesite em entrar em contato com nossa equipe de suporte t\u00e9cnico.<\/p><\/div>\r\n\t\t\t\t\t<\/div>\r\n\t\t\t\t<\/div><\/div><\/div>\n","protected":false},"excerpt":{"rendered":"","protected":false},"author":9,"featured_media":0,"parent":1097,"menu_order":0,"comment_status":"closed","ping_status":"closed","template":"templates\/template-application-platform.php","meta":{"publish_to_discourse":"","publish_post_category":"","wpdc_auto_publish_overridden":"","wpdc_topic_tags":"","wpdc_pin_topic":"","wpdc_pin_until":"","discourse_post_id":"","discourse_permalink":"","wpdc_publishing_response":"","wpdc_publishing_error":"","footnotes":""},"class_list":["post-3460","page","type-page","status-publish","hentry"],"yoast_head":"<!-- This site is optimized with the Yoast SEO plugin v25.3.1 - https:\/\/yoast.com\/wordpress\/plugins\/seo\/ -->\n<title>Bate-papo tudo-em-um - Adicione um plug-in de bate-papo ao site GoDaddy!<\/title>\n<meta name=\"description\" content=\"Adicione seu bate-papo multifuncional na p\u00e1gina inicial do GoDaddy rapidamente. Use nossa demonstra\u00e7\u00e3o ativa para moldar seu plugin exclusivo rapidamente.\" \/>\n<meta name=\"robots\" content=\"index, follow, max-snippet:-1, max-image-preview:large, max-video-preview:-1\" \/>\n<link rel=\"canonical\" href=\"https:\/\/elfsight.com\/pt\/all-in-one-chat-widget\/godaddy\/\" \/>\n<meta property=\"og:locale\" content=\"pt_PT\" \/>\n<meta property=\"og:type\" content=\"article\" \/>\n<meta property=\"og:title\" content=\"Bate-papo tudo-em-um - Adicione um plug-in de bate-papo ao site GoDaddy!\" \/>\n<meta property=\"og:description\" content=\"Adicione seu bate-papo multifuncional na p\u00e1gina inicial do GoDaddy rapidamente. Use nossa demonstra\u00e7\u00e3o ativa para moldar seu plugin exclusivo rapidamente.\" \/>\n<meta property=\"og:url\" content=\"https:\/\/elfsight.com\/pt\/all-in-one-chat-widget\/godaddy\/\" \/>\n<meta property=\"og:site_name\" content=\"Elfsight PT\" \/>\n<meta property=\"article:modified_time\" content=\"2025-02-11T13:33:39+00:00\" \/>\n<meta name=\"twitter:card\" content=\"summary_large_image\" \/>\n<meta name=\"twitter:label1\" content=\"Tempo estimado de leitura\" \/>\n\t<meta name=\"twitter:data1\" content=\"4 minutos\" \/>\n<!-- \/ Yoast SEO plugin. -->","yoast_head_json":{"title":"Bate-papo tudo-em-um - Adicione um plug-in de bate-papo ao site GoDaddy!","description":"Adicione seu bate-papo multifuncional na p\u00e1gina inicial do GoDaddy rapidamente. Use nossa demonstra\u00e7\u00e3o ativa para moldar seu plugin exclusivo rapidamente.","robots":{"index":"index","follow":"follow","max-snippet":"max-snippet:-1","max-image-preview":"max-image-preview:large","max-video-preview":"max-video-preview:-1"},"canonical":"https:\/\/elfsight.com\/pt\/all-in-one-chat-widget\/godaddy\/","og_locale":"pt_PT","og_type":"article","og_title":"Bate-papo tudo-em-um - Adicione um plug-in de bate-papo ao site GoDaddy!","og_description":"Adicione seu bate-papo multifuncional na p\u00e1gina inicial do GoDaddy rapidamente. Use nossa demonstra\u00e7\u00e3o ativa para moldar seu plugin exclusivo rapidamente.","og_url":"https:\/\/elfsight.com\/pt\/all-in-one-chat-widget\/godaddy\/","og_site_name":"Elfsight PT","article_modified_time":"2025-02-11T13:33:39+00:00","twitter_card":"summary_large_image","twitter_misc":{"Tempo estimado de leitura":"4 minutos"},"schema":{"@context":"https:\/\/schema.org","@graph":[{"@type":"WebPage","@id":"https:\/\/elfsight.com\/pt\/all-in-one-chat-widget\/godaddy\/","url":"https:\/\/elfsight.com\/pt\/all-in-one-chat-widget\/godaddy\/","name":"Bate-papo tudo-em-um - Adicione um plug-in de bate-papo ao site GoDaddy!","isPartOf":{"@id":"https:\/\/elfsight.com\/pt\/#website"},"datePublished":"2024-05-03T06:26:39+00:00","dateModified":"2025-02-11T13:33:39+00:00","description":"Adicione seu bate-papo multifuncional na p\u00e1gina inicial do GoDaddy rapidamente. Use nossa demonstra\u00e7\u00e3o ativa para moldar seu plugin exclusivo rapidamente.","breadcrumb":{"@id":"https:\/\/elfsight.com\/pt\/all-in-one-chat-widget\/godaddy\/#breadcrumb"},"inLanguage":"pt-PT","potentialAction":[{"@type":"ReadAction","target":["https:\/\/elfsight.com\/pt\/all-in-one-chat-widget\/godaddy\/"]}]},{"@type":"BreadcrumbList","@id":"https:\/\/elfsight.com\/pt\/all-in-one-chat-widget\/godaddy\/#breadcrumb","itemListElement":[{"@type":"ListItem","position":1,"name":"Home","item":"https:\/\/elfsight.com\/pt\/"},{"@type":"ListItem","position":2,"name":"All-in-One Chat","item":"https:\/\/elfsight.com\/pt\/all-in-one-chat-widget\/"},{"@type":"ListItem","position":3,"name":"All-in-one Chat &#8211; GoDaddy"}]},{"@type":"WebSite","@id":"https:\/\/elfsight.com\/pt\/#website","url":"https:\/\/elfsight.com\/pt\/","name":"Elfsight PT","description":"Just another Elfsight Sites site","potentialAction":[{"@type":"SearchAction","target":{"@type":"EntryPoint","urlTemplate":"https:\/\/elfsight.com\/pt\/?s={search_term_string}"},"query-input":{"@type":"PropertyValueSpecification","valueRequired":true,"valueName":"search_term_string"}}],"inLanguage":"pt-PT"}]}},"meta_box":{"industry":"","seo_heading":"","heading":"","description":"","cta_heading":"","cta_description":"","application":"1096","h1":"Plug-in de bate-papo completo GoDaddy","h1_caption":"Organizar uma comunica\u00e7\u00e3o mais r\u00e1pida e direcionada deixa mais clientes satisfeitos","application_category":[],"applications_title":"","applications_request_title":"","applications_request_button_text":"","hero_text":"","hero_video":"","hero_video_schema_markup":"","selling_points_title":"","selling_points_caption":"","selling_points":[],"selling_points_cta_text":"","features_title":"","features":"","ed_cta_examples_text":"","ed_cta_examples_hidden":"","ed_cta_demo_text":"","ed_cta_demo_hidden":"","why_caption":"","why_editor_title":"","why_editor_text":"","why_team_title":"","why_team_text":"","why_service_title":"","why_service_text":"","template_catalog_visible":"0","template_catalog_title":"","template_catalog_text":"","template_catalog_categories_visible":"","demo_title":"Crie seu plugin de bate-papo multifuncional","demo_caption":"Configure seu bate-papo multifuncional e adicione-o ao site GoDaddy gratuitamente!","default_faq_hidden":"","app_template_category":[],"platform":"4908","template_public_id":"","codecanyon_url":"","codecanyon_item_id":"","codecanyon_price":"","pricing_caption":"","pricing_elfsight_apps_hide_column":"","pricing_elfsight_apps_url":"","pricing_codecanyon_price_caption":"","integration_category":[],"integration_request_title":"","integration_request_cta":"","integration_platform":"","integrations":[],"platform_category":[],"video_schema_markup":"","price":"a partir de US$ 0\/m\u00eas","trial":"","benefits":[{"text":"Assist\u00eancia de instala\u00e7\u00e3o gratuita"},{"text":"Atendimento ao cliente profissional"},{"text":"Garantia de reembolso de 14 dias"},{"text":"Melhorias futuras"}],"button_url":"#demo","button_target_blank":"0","button_nofollow":"0","attributes":[{"name":"Instala\u00e7\u00f5es","content":"10,000 - 100,000","_state":"expanded"},{"name":"Responsivo","content":"Sim","_state":"expanded"},{"name":"Navegadores compat\u00edveis","content":"IE11, Firefox, Safari, Opera, Chrome, Edge"}],"tags":[],"tags_disable_links":"0","hide_more_platforms":"0","video_object":"","demo_hide_cta":"0","demo_hide_cloud_options":"0","pricing_title":"","pricing":[{"pricing_icon":"platform","pricing_title":"Elfsight Apps","pricing_title_caption":"Vers\u00e3o independente de plataforma adequada para qualquer site","pricing_price":"a partir de US$ 0\/m\u00eas","pricing_price_caption":"comece com plano gratuito","pricing_benefits":[{"text":"Dom\u00ednios ilimitados"},{"text":"Suporte 24 horas por dia, 7 dias por semana, pontual e bem documentado"},{"text":"Suporte 24 horas por dia, 7 dias por semana, pontual e bem documentado"},{"text":"100% personaliz\u00e1vel"}],"pricing_button_text":"Adicionar ao site","pricing_button_url":"#demo","_state":"expanded"}],"related_apps_title":"","related_apps_hidden":"1","author":"","image":[],"title":"","job":"","social_networks":[]},"_links":{"self":[{"href":"https:\/\/elfsight.com\/pt\/wp-json\/wp\/v2\/pages\/3460","targetHints":{"allow":["GET"]}}],"collection":[{"href":"https:\/\/elfsight.com\/pt\/wp-json\/wp\/v2\/pages"}],"about":[{"href":"https:\/\/elfsight.com\/pt\/wp-json\/wp\/v2\/types\/page"}],"author":[{"embeddable":true,"href":"https:\/\/elfsight.com\/pt\/wp-json\/wp\/v2\/users\/9"}],"replies":[{"embeddable":true,"href":"https:\/\/elfsight.com\/pt\/wp-json\/wp\/v2\/comments?post=3460"}],"version-history":[{"count":3,"href":"https:\/\/elfsight.com\/pt\/wp-json\/wp\/v2\/pages\/3460\/revisions"}],"predecessor-version":[{"id":13919,"href":"https:\/\/elfsight.com\/pt\/wp-json\/wp\/v2\/pages\/3460\/revisions\/13919"}],"up":[{"embeddable":true,"href":"https:\/\/elfsight.com\/pt\/wp-json\/wp\/v2\/pages\/1097"}],"wp:attachment":[{"href":"https:\/\/elfsight.com\/pt\/wp-json\/wp\/v2\/media?parent=3460"}],"curies":[{"name":"wp","href":"https:\/\/api.w.org\/{rel}","templated":true}]}}