{"id":3458,"date":"2022-05-18T12:42:29","date_gmt":"2022-05-18T12:42:29","guid":{"rendered":"https:\/\/elfsight.com\/pt\/?page_id=3458"},"modified":"2025-01-31T15:33:18","modified_gmt":"2025-01-31T15:33:18","slug":"godaddy","status":"publish","type":"page","link":"https:\/\/elfsight.com\/pt\/all-in-one-reviews-widget\/godaddy\/","title":{"rendered":"All-in-One Reviews &#8211; GoDaddy"},"content":{"rendered":"\n<div class=\"application-platform-content-item-features application-platform-content-item\" id=\"features\" data-nav-section=\"features\">\n<h2>Veja a lista dos mais importantes recursos do Resenhas tudo em um widgets:<\/h2>\n<p>\n<ul>\n<li>Exiba coment\u00e1rios de visitante de algum das suas contas em  p\u00e1ginas web de coment\u00e1rios de empresas;<\/li>\n<li>Cinco op\u00e7\u00f5es de filtros;<\/li>\n<li>Quatro tipos de desenho: Slider, Lista, Ma\u00e7onaria, Grelha;<\/li>\n<li>Setas e op\u00e7\u00f5es de navega\u00e7\u00e3o por arrastar no esquema do Deslizante;<\/li>\n<li>Selec\u00e7\u00e3o do op\u00e7\u00e3o de pagina\u00e7\u00e3o no disposi\u00e7\u00e3o do Slider;<\/li>\n<li>Capacidade de activar\/desactivar os componentes do cabe\u00e7alho: classifica\u00e7\u00e3o e imagens de revis\u00e3o;<\/li>\n<li>Bot\u00e3o de pedido de revis\u00e3o para redireccionar clientes na sua  website;<\/li>\n<li>5 elementos interactivos das revis\u00f5es: classifica\u00e7\u00e3o por estrelas, nome do autor e foto, texto de avalia\u00e7\u00e3o, data e \u00edcone;<\/li>\n<li>Ponha a sec\u00e7\u00e3o onde quiser na  website;<\/li>\n<li>Desenho limpo assegura inser\u00e7\u00e3o suave em qualquer p\u00e1gina do  p\u00e1gina web;<\/li>\n<li>M\u00f3vel optimizado;<\/li>\n<li>27 l\u00ednguas   populares dispon\u00edvel<\/li>\n<li>O cabe\u00e7alho edit\u00e1vel .<\/li>\n<li>Ligar qualquer elemento do widget<\/li>\n<li>As actualiza\u00e7\u00f5es  gratuitas ao vivo para manter o seu widget actualizado;<\/li>\n<li> Premium suporte se tiver alguma d\u00favida por uma equipa profissional;<\/li>\n<li>O editor pr\u00e1tico e f\u00e1cil de usar em directo n\u00e3o necessita de codifica\u00e7\u00e3o;<\/li>\n<li>O desenho personaliz\u00e1vel;<\/li>\n<li>Esquemas de cores diversos pr\u00e9-fabricados.<\/li>\n<\/ul>\n<\/p> \n \n<p><a href=\"#demo\">Apenas verifiqar esta demonstra\u00e7\u00e3o para compreender a funcionalidade do widget<\/a><\/p> \n<\/div> \n<div class=\"application-platform-content-item-installation application-platform-content-item\" id=\"installation\" data-nav-section=\"installation\">\n<h2>Como  acrescentar a Resenhas tudo em um em minha do p\u00e1gina web de GoDaddy?<\/h2> \n<p>Apenas siga as directrizes abaixo para incorporar o widget.<\/p> \n\n<ol>\n<li>Abra o nosso configurador gratuito e come\u00e7ar construir o seu widget personalizado.<\/li> \n <li>Aquisita a c\u00f3digo individual revelado na formul\u00e1rio especial em Elfsight Apps.<\/li> \n <li>Inicia usando o widget em seu website de GoDaddy.<\/li> \n <li>Est\u00e1s feito! A integra\u00e7\u00e3o \u00e9 perfeita sucedidamente.<\/li>\n<\/ol> \n<p>No caso de deparar com, n\u00e3o tenha medo de entrar em contacto com o nosso equipa do suporte. Os nossos especialistas est\u00e3o desejosas para ajudar-vos com todas as quest\u00f5es que tenham com o widget.<\/p>\n\n \n<\/div>\n","protected":false},"excerpt":{"rendered":"","protected":false},"author":18,"featured_media":0,"parent":366,"menu_order":0,"comment_status":"closed","ping_status":"closed","template":"templates\/template-application-platform.php","meta":{"publish_to_discourse":"","publish_post_category":"","wpdc_auto_publish_overridden":"","wpdc_topic_tags":"","wpdc_pin_topic":"","wpdc_pin_until":"","discourse_post_id":"","discourse_permalink":"","wpdc_publishing_response":"","wpdc_publishing_error":"","footnotes":""},"class_list":["post-3458","page","type-page","status-publish","hentry"],"yoast_head":"<!-- This site is optimized with the Yoast SEO plugin v25.3.1 - https:\/\/yoast.com\/wordpress\/plugins\/seo\/ -->\n<title>Avalia\u00e7\u00f5es All-in-One - adicionar widget de Resenhas tudo em um on site de GoDaddy<\/title>\n<meta name=\"description\" content=\"Incrusta a widget de Avalia\u00e7\u00f5es All-in-One responsivo na sua do website de GoDaddy. Lan\u00e7a Elfsight demonstra\u00e7\u00e3o intuitivo e constr\u00f3i o teu widget personalizado facilmente.\" \/>\n<meta name=\"robots\" content=\"index, follow, max-snippet:-1, max-image-preview:large, max-video-preview:-1\" \/>\n<link rel=\"canonical\" href=\"https:\/\/elfsight.com\/pt\/all-in-one-reviews-widget\/godaddy\/\" \/>\n<meta property=\"og:locale\" content=\"pt_PT\" \/>\n<meta property=\"og:type\" content=\"article\" \/>\n<meta property=\"og:title\" content=\"Avalia\u00e7\u00f5es All-in-One - adicionar widget de Resenhas tudo em um on site de GoDaddy\" \/>\n<meta property=\"og:description\" content=\"Incrusta a widget de Avalia\u00e7\u00f5es All-in-One responsivo na sua do website de GoDaddy. Lan\u00e7a Elfsight demonstra\u00e7\u00e3o intuitivo e constr\u00f3i o teu widget personalizado facilmente.\" \/>\n<meta property=\"og:url\" content=\"https:\/\/elfsight.com\/pt\/all-in-one-reviews-widget\/godaddy\/\" \/>\n<meta property=\"og:site_name\" content=\"Elfsight PT\" \/>\n<meta property=\"article:modified_time\" content=\"2025-01-31T15:33:18+00:00\" \/>\n<meta name=\"twitter:card\" content=\"summary_large_image\" \/>\n<meta name=\"twitter:label1\" content=\"Tempo estimado de leitura\" \/>\n\t<meta name=\"twitter:data1\" content=\"2 minutos\" \/>\n<!-- \/ Yoast SEO plugin. -->","yoast_head_json":{"title":"Avalia\u00e7\u00f5es All-in-One - adicionar widget de Resenhas tudo em um on site de GoDaddy","description":"Incrusta a widget de Avalia\u00e7\u00f5es All-in-One responsivo na sua do website de GoDaddy. Lan\u00e7a Elfsight demonstra\u00e7\u00e3o intuitivo e constr\u00f3i o teu widget personalizado facilmente.","robots":{"index":"index","follow":"follow","max-snippet":"max-snippet:-1","max-image-preview":"max-image-preview:large","max-video-preview":"max-video-preview:-1"},"canonical":"https:\/\/elfsight.com\/pt\/all-in-one-reviews-widget\/godaddy\/","og_locale":"pt_PT","og_type":"article","og_title":"Avalia\u00e7\u00f5es All-in-One - adicionar widget de Resenhas tudo em um on site de GoDaddy","og_description":"Incrusta a widget de Avalia\u00e7\u00f5es All-in-One responsivo na sua do website de GoDaddy. Lan\u00e7a Elfsight demonstra\u00e7\u00e3o intuitivo e constr\u00f3i o teu widget personalizado facilmente.","og_url":"https:\/\/elfsight.com\/pt\/all-in-one-reviews-widget\/godaddy\/","og_site_name":"Elfsight PT","article_modified_time":"2025-01-31T15:33:18+00:00","twitter_card":"summary_large_image","twitter_misc":{"Tempo estimado de leitura":"2 minutos"},"schema":{"@context":"https:\/\/schema.org","@graph":[{"@type":"WebPage","@id":"https:\/\/elfsight.com\/pt\/all-in-one-reviews-widget\/godaddy\/","url":"https:\/\/elfsight.com\/pt\/all-in-one-reviews-widget\/godaddy\/","name":"Avalia\u00e7\u00f5es All-in-One - adicionar widget de Resenhas tudo em um on site de GoDaddy","isPartOf":{"@id":"https:\/\/elfsight.com\/pt\/#website"},"datePublished":"2022-05-18T12:42:29+00:00","dateModified":"2025-01-31T15:33:18+00:00","description":"Incrusta a widget de Avalia\u00e7\u00f5es All-in-One responsivo na sua do website de GoDaddy. Lan\u00e7a Elfsight demonstra\u00e7\u00e3o intuitivo e constr\u00f3i o teu widget personalizado facilmente.","breadcrumb":{"@id":"https:\/\/elfsight.com\/pt\/all-in-one-reviews-widget\/godaddy\/#breadcrumb"},"inLanguage":"pt-PT","potentialAction":[{"@type":"ReadAction","target":["https:\/\/elfsight.com\/pt\/all-in-one-reviews-widget\/godaddy\/"]}]},{"@type":"BreadcrumbList","@id":"https:\/\/elfsight.com\/pt\/all-in-one-reviews-widget\/godaddy\/#breadcrumb","itemListElement":[{"@type":"ListItem","position":1,"name":"Home","item":"https:\/\/elfsight.com\/pt\/"},{"@type":"ListItem","position":2,"name":"All-in-One Reviews","item":"https:\/\/elfsight.com\/pt\/all-in-one-reviews-widget\/"},{"@type":"ListItem","position":3,"name":"All-in-One Reviews &#8211; GoDaddy"}]},{"@type":"WebSite","@id":"https:\/\/elfsight.com\/pt\/#website","url":"https:\/\/elfsight.com\/pt\/","name":"Elfsight PT","description":"Just another Elfsight Sites site","potentialAction":[{"@type":"SearchAction","target":{"@type":"EntryPoint","urlTemplate":"https:\/\/elfsight.com\/pt\/?s={search_term_string}"},"query-input":{"@type":"PropertyValueSpecification","valueRequired":true,"valueName":"search_term_string"}}],"inLanguage":"pt-PT"}]}},"meta_box":{"industry":"","seo_heading":"","heading":"","description":"","cta_heading":"","cta_description":"","application":"364","h1":"Widget de Avalia\u00e7\u00f5es All-in-One para GoDaddy","h1_caption":"Revele coment\u00e1rios do Google, FB, Amazon, Yelp e de mais de 20 outras plataformas de revis\u00f5es no seu website utilizando uma conveniente widget","application_category":[],"applications_title":"","applications_request_title":"","applications_request_button_text":"","hero_text":"","hero_video":"","hero_video_schema_markup":"","selling_points_title":"","selling_points_caption":"","selling_points":[],"selling_points_cta_text":"","features_title":"","features":"","ed_cta_examples_text":"","ed_cta_examples_hidden":"","ed_cta_demo_text":"","ed_cta_demo_hidden":"","why_caption":"","why_editor_title":"","why_editor_text":"","why_team_title":"","why_team_text":"","why_service_title":"","why_service_text":"","template_catalog_visible":"0","template_catalog_title":"","template_catalog_text":"","template_catalog_categories_visible":"","demo_title":"Sinta-se livre para construir feito \u00e0 medida GoDaddy Resenhas tudo em um","demo_caption":"Customiza isto e acrescente o widget no o seu s\u00edtio utiliza\u00e7\u00e3o de demonstra\u00e7\u00e3o activa.","default_faq_hidden":"","app_template_category":[],"platform":"4908","template_public_id":"","codecanyon_url":"","codecanyon_item_id":"","codecanyon_price":"","pricing_caption":"","pricing_elfsight_apps_hide_column":"","pricing_elfsight_apps_url":"","pricing_codecanyon_price_caption":"","integration_category":[],"integration_request_title":"","integration_request_cta":"","integration_platform":"","integrations":[],"platform_category":[],"video_schema_markup":"","price":"a partir de US$ 0\/m\u00eas","trial":"","benefits":[{"text":"Servi\u00e7os de instala\u00e7\u00e3o livre"},{"text":"Suporte premium"},{"text":"14 dias dinheiro de volta garantia"},{"text":"Atualiza\u00e7\u00f5es vital\u00edcias"}],"button_url":"#demo","button_target_blank":"0","button_nofollow":"0","attributes":[{"name":"Responsivo","content":"Sim","_state":"expanded"},{"name":"Navegadores compat\u00edveis","content":"IE11, Firefox, Safari, Opera, Chrome, Edge","_state":"expanded"}],"tags":[],"tags_disable_links":"0","hide_more_platforms":"","video_object":"","demo_hide_cta":"0","demo_hide_cloud_options":"0","pricing_title":"","pricing":[{"pricing_icon":"platform","pricing_title":"Elfsight Apps","pricing_title_caption":"Software independente de plataforma","pricing_price":"de US$ 0 por m\u00eas","pricing_price_caption":"come\u00e7ar com um plano gr\u00e1tis","pricing_benefits":[{"text":"Sites ilimitados"},{"text":"Suporte r\u00e1pido"},{"text":"Ajuda para instala\u00e7\u00e3o gratuita"},{"text":"Design flex\u00edvel"}],"pricing_button_text":"Adicionar ao site","pricing_button_url":"#demo","_state":"expanded"}],"related_apps_title":"","related_apps_hidden":"1","author":"","image":[],"title":"","job":"","social_networks":[]},"_links":{"self":[{"href":"https:\/\/elfsight.com\/pt\/wp-json\/wp\/v2\/pages\/3458","targetHints":{"allow":["GET"]}}],"collection":[{"href":"https:\/\/elfsight.com\/pt\/wp-json\/wp\/v2\/pages"}],"about":[{"href":"https:\/\/elfsight.com\/pt\/wp-json\/wp\/v2\/types\/page"}],"author":[{"embeddable":true,"href":"https:\/\/elfsight.com\/pt\/wp-json\/wp\/v2\/users\/18"}],"replies":[{"embeddable":true,"href":"https:\/\/elfsight.com\/pt\/wp-json\/wp\/v2\/comments?post=3458"}],"version-history":[{"count":1,"href":"https:\/\/elfsight.com\/pt\/wp-json\/wp\/v2\/pages\/3458\/revisions"}],"predecessor-version":[{"id":3464,"href":"https:\/\/elfsight.com\/pt\/wp-json\/wp\/v2\/pages\/3458\/revisions\/3464"}],"up":[{"embeddable":true,"href":"https:\/\/elfsight.com\/pt\/wp-json\/wp\/v2\/pages\/366"}],"wp:attachment":[{"href":"https:\/\/elfsight.com\/pt\/wp-json\/wp\/v2\/media?parent=3458"}],"curies":[{"name":"wp","href":"https:\/\/api.w.org\/{rel}","templated":true}]}}