{"id":3451,"date":"2022-05-18T13:31:03","date_gmt":"2022-05-18T13:31:03","guid":{"rendered":"https:\/\/elfsight.com\/pt\/?page_id=3451"},"modified":"2025-01-31T14:44:31","modified_gmt":"2025-01-31T14:44:31","slug":"facebook","status":"publish","type":"page","link":"https:\/\/elfsight.com\/pt\/all-in-one-reviews-widget\/facebook\/","title":{"rendered":"All-in-One Reviews &#8211; Facebook Page"},"content":{"rendered":"\n<div class=\"application-platform-content-item-features application-platform-content-item\" id=\"features\" data-nav-section=\"features\">\n<h2>Encontre abaixo b\u00e1sico recursos de widget de Resenhas tudo em um:<\/h2>\n<p>\n<ul>\n<li>Adicione resenhas de clientes de qualquer das suas contas em  websites de revis\u00f5es de empresas;<\/li>\n<li>5 tipos de filtros de opini\u00f5es;<\/li>\n<li>Quatro op\u00e7\u00f5es de desenho: Lista, Ma\u00e7onaria, Slider, Grelha;<\/li>\n<li>Setas e op\u00e7\u00f5es de navega\u00e7\u00e3o por arrastar no esquema do Slider;<\/li>\n<li>Selec\u00e7\u00e3o do tipo de pagina\u00e7\u00e3o no desenho do Deslizante;<\/li>\n<li>Possibilidade de activar\/desactivar os componentes do cabe\u00e7alho: classifica\u00e7\u00e3o e imagens de revis\u00e3o;<\/li>\n<li>Bot\u00e3o de CTA para direccionar assinantes na sua  s\u00edtio web;<\/li>\n<li>Cinco componentes vari\u00e1veis das coment\u00e1rios: data, classifica\u00e7\u00e3o por estrelas, nome do autor e foto, \u00edcone e texto de avalia\u00e7\u00e3o;<\/li>\n<li>Coloque o seu Avalia\u00e7\u00f5es All-in-One onde quiser na  p\u00e1gina web;<\/li>\n<li>Desenho personalizado entrega instala\u00e7\u00e3o suave em qualquer plataforma do  site web;<\/li>\n<li>Interface responsiva com adapta\u00e7\u00e3o autom\u00e1tica ao tamanho do ecr\u00e3;<\/li>\n<li>27 l\u00ednguas  mais populares dispon\u00edvel;<\/li>\n<li>O t\u00edtulo edit\u00e1vel;<\/li>\n<li>desligar qualquer elemento;<\/li>\n<li>As actualiza\u00e7\u00f5es regulares ao vivo para manter a actualizado;<\/li>\n<li> Premium apoio se tiver alguma d\u00favida por uma equipa de peritos;<\/li>\n<li>O editor pr\u00e1tico e de f\u00e1cil utiliza\u00e7\u00e3o  n\u00e3o necessita de codifica\u00e7\u00e3o;<\/li>\n<li>O desenho respons\u00e1vel;<\/li>\n<li>Esquemas de cores m\u00faltiplos pr\u00e9-fabricados.<\/li>\n<\/ul>\n<\/p> \n \n<p><a href=\"#demo\">Pode testar toda a capacidades do widget na demonstra\u00e7\u00e3o aqui mesmo<\/a><\/p> \n<\/div> \n<div class=\"application-platform-content-item-installation application-platform-content-item\" id=\"installation\" data-nav-section=\"installation\">\n<h2>Como posso acrescentar a Resenhas tudo em um na minha do s\u00edtio web de Facebook Page?<\/h2> \n<p>Simplesmente siga v\u00e1rios passos apresentados abaixo para come\u00e7ar a trabalhar com o widget.<\/p> \n\n<ol>\n<li>Emprega o nosso demonstra\u00e7\u00e3o gratuito e come\u00e7ar moldar o seu widget constru\u00eddo \u00e0 medida.<\/li> \n <li>Copia a c\u00f3digo pessoal mostrado na caixa em Elfsight Apps.<\/li> \n <li>Inicia emprego de o widget em seu website de Facebook Page.<\/li> \n <li>Feito! A integra\u00e7\u00e3o \u00e9 conclu\u00edda totalmente.<\/li>\n<\/ol> \n<p>Se encontrar, n\u00e3o hesite em chegar a o nosso equipa do servi\u00e7o ao cliente. Os nossos pessoas est\u00e3o ansiosas para ajudar-vos com todas as dificuldades que tenham com o widget.<\/p>\n\n \n<\/div>\n","protected":false},"excerpt":{"rendered":"","protected":false},"author":18,"featured_media":0,"parent":366,"menu_order":0,"comment_status":"closed","ping_status":"closed","template":"templates\/template-application-platform.php","meta":{"publish_to_discourse":"","publish_post_category":"","wpdc_auto_publish_overridden":"","wpdc_topic_tags":"","wpdc_pin_topic":"","wpdc_pin_until":"","discourse_post_id":"","discourse_permalink":"","wpdc_publishing_response":"","wpdc_publishing_error":"","footnotes":""},"class_list":["post-3451","page","type-page","status-publish","hentry"],"yoast_head":"<!-- This site is optimized with the Yoast SEO plugin v25.3.1 - https:\/\/yoast.com\/wordpress\/plugins\/seo\/ -->\n<title>Avalia\u00e7\u00f5es All-in-One - incorporar widget de Resenhas tudo em um on p\u00e1gina da web de Facebook Page<\/title>\n<meta name=\"description\" content=\"Instala a widget de Avalia\u00e7\u00f5es All-in-One auteloso na sua do website de Facebook Page. Aplica Elfsight demonstra\u00e7\u00e3o \u00fatil e constr\u00f3i o teu widget personalizado num instante.\" \/>\n<meta name=\"robots\" content=\"index, follow, max-snippet:-1, max-image-preview:large, max-video-preview:-1\" \/>\n<link rel=\"canonical\" href=\"https:\/\/elfsight.com\/pt\/all-in-one-reviews-widget\/facebook\/\" \/>\n<meta property=\"og:locale\" content=\"pt_PT\" \/>\n<meta property=\"og:type\" content=\"article\" \/>\n<meta property=\"og:title\" content=\"Avalia\u00e7\u00f5es All-in-One - incorporar widget de Resenhas tudo em um on p\u00e1gina da web de Facebook Page\" \/>\n<meta property=\"og:description\" content=\"Instala a widget de Avalia\u00e7\u00f5es All-in-One auteloso na sua do website de Facebook Page. Aplica Elfsight demonstra\u00e7\u00e3o \u00fatil e constr\u00f3i o teu widget personalizado num instante.\" \/>\n<meta property=\"og:url\" content=\"https:\/\/elfsight.com\/pt\/all-in-one-reviews-widget\/facebook\/\" \/>\n<meta property=\"og:site_name\" content=\"Elfsight PT\" \/>\n<meta property=\"article:modified_time\" content=\"2025-01-31T14:44:31+00:00\" \/>\n<meta name=\"twitter:card\" content=\"summary_large_image\" \/>\n<meta name=\"twitter:label1\" content=\"Tempo estimado de leitura\" \/>\n\t<meta name=\"twitter:data1\" content=\"2 minutos\" \/>\n<!-- \/ Yoast SEO plugin. -->","yoast_head_json":{"title":"Avalia\u00e7\u00f5es All-in-One - incorporar widget de Resenhas tudo em um on p\u00e1gina da web de Facebook Page","description":"Instala a widget de Avalia\u00e7\u00f5es All-in-One auteloso na sua do website de Facebook Page. Aplica Elfsight demonstra\u00e7\u00e3o \u00fatil e constr\u00f3i o teu widget personalizado num instante.","robots":{"index":"index","follow":"follow","max-snippet":"max-snippet:-1","max-image-preview":"max-image-preview:large","max-video-preview":"max-video-preview:-1"},"canonical":"https:\/\/elfsight.com\/pt\/all-in-one-reviews-widget\/facebook\/","og_locale":"pt_PT","og_type":"article","og_title":"Avalia\u00e7\u00f5es All-in-One - incorporar widget de Resenhas tudo em um on p\u00e1gina da web de Facebook Page","og_description":"Instala a widget de Avalia\u00e7\u00f5es All-in-One auteloso na sua do website de Facebook Page. Aplica Elfsight demonstra\u00e7\u00e3o \u00fatil e constr\u00f3i o teu widget personalizado num instante.","og_url":"https:\/\/elfsight.com\/pt\/all-in-one-reviews-widget\/facebook\/","og_site_name":"Elfsight PT","article_modified_time":"2025-01-31T14:44:31+00:00","twitter_card":"summary_large_image","twitter_misc":{"Tempo estimado de leitura":"2 minutos"},"schema":{"@context":"https:\/\/schema.org","@graph":[{"@type":"WebPage","@id":"https:\/\/elfsight.com\/pt\/all-in-one-reviews-widget\/facebook\/","url":"https:\/\/elfsight.com\/pt\/all-in-one-reviews-widget\/facebook\/","name":"Avalia\u00e7\u00f5es All-in-One - incorporar widget de Resenhas tudo em um on p\u00e1gina da web de Facebook Page","isPartOf":{"@id":"https:\/\/elfsight.com\/pt\/#website"},"datePublished":"2022-05-18T13:31:03+00:00","dateModified":"2025-01-31T14:44:31+00:00","description":"Instala a widget de Avalia\u00e7\u00f5es All-in-One auteloso na sua do website de Facebook Page. Aplica Elfsight demonstra\u00e7\u00e3o \u00fatil e constr\u00f3i o teu widget personalizado num instante.","breadcrumb":{"@id":"https:\/\/elfsight.com\/pt\/all-in-one-reviews-widget\/facebook\/#breadcrumb"},"inLanguage":"pt-PT","potentialAction":[{"@type":"ReadAction","target":["https:\/\/elfsight.com\/pt\/all-in-one-reviews-widget\/facebook\/"]}]},{"@type":"BreadcrumbList","@id":"https:\/\/elfsight.com\/pt\/all-in-one-reviews-widget\/facebook\/#breadcrumb","itemListElement":[{"@type":"ListItem","position":1,"name":"Home","item":"https:\/\/elfsight.com\/pt\/"},{"@type":"ListItem","position":2,"name":"All-in-One Reviews","item":"https:\/\/elfsight.com\/pt\/all-in-one-reviews-widget\/"},{"@type":"ListItem","position":3,"name":"All-in-One Reviews &#8211; Facebook Page"}]},{"@type":"WebSite","@id":"https:\/\/elfsight.com\/pt\/#website","url":"https:\/\/elfsight.com\/pt\/","name":"Elfsight PT","description":"Just another Elfsight Sites site","potentialAction":[{"@type":"SearchAction","target":{"@type":"EntryPoint","urlTemplate":"https:\/\/elfsight.com\/pt\/?s={search_term_string}"},"query-input":{"@type":"PropertyValueSpecification","valueRequired":true,"valueName":"search_term_string"}}],"inLanguage":"pt-PT"}]}},"meta_box":{"industry":"","seo_heading":"","heading":"","description":"","cta_heading":"","cta_description":"","application":"364","h1":"Widget de Avalia\u00e7\u00f5es All-in-One para Facebook Page","h1_caption":"Adicione opini\u00f5es do Google, FB, Amazon, Yelp e de mais de vinte outras localiza\u00e7\u00f5es de opini\u00f5es no seu s\u00edtio utilizando uma intuitiva widget","application_category":[],"applications_title":"","applications_request_title":"","applications_request_button_text":"","hero_text":"","hero_video":"","hero_video_schema_markup":"","selling_points_title":"","selling_points_caption":"","selling_points":[],"selling_points_cta_text":"","features_title":"","features":"","ed_cta_examples_text":"","ed_cta_examples_hidden":"","ed_cta_demo_text":"","ed_cta_demo_hidden":"","why_caption":"","why_editor_title":"","why_editor_text":"","why_team_title":"","why_team_text":"","why_service_title":"","why_service_text":"","template_catalog_visible":"0","template_catalog_title":"","template_catalog_text":"","template_catalog_categories_visible":"","demo_title":"N\u00e3o hesite para compor pr\u00f3pria Facebook Page Resenhas tudo em um","demo_caption":"Personaliza isto e implemente o widget no o seu p\u00e1gina Web via demonstra\u00e7\u00e3o .","default_faq_hidden":"","app_template_category":[],"platform":"103","template_public_id":"","codecanyon_url":"","codecanyon_item_id":"","codecanyon_price":"","pricing_caption":"","pricing_elfsight_apps_hide_column":"","pricing_elfsight_apps_url":"","pricing_codecanyon_price_caption":"","integration_category":[],"integration_request_title":"","integration_request_cta":"","integration_platform":"","integrations":[],"platform_category":[],"video_schema_markup":"","price":"a partir de US$ 0\/m\u00eas","trial":"","benefits":[{"text":"Servi\u00e7os de instala\u00e7\u00e3o livre"},{"text":"Suporte premium"},{"text":"14 dias dinheiro de volta garantia"},{"text":"Atualiza\u00e7\u00f5es vital\u00edcias"}],"button_url":"#demo","button_target_blank":"0","button_nofollow":"0","attributes":[{"name":"Responsivo","content":"Sim","_state":"expanded"},{"name":"Navegadores compat\u00edveis","content":"IE11, Firefox, Safari, Opera, Chrome, Edge","_state":"expanded"}],"tags":[],"tags_disable_links":"0","hide_more_platforms":"","video_object":"","demo_hide_cta":"0","demo_hide_cloud_options":"0","pricing_title":"","pricing":[{"pricing_icon":"platform","pricing_title":"Elfsight Apps","pricing_title_caption":"Software independente de plataforma","pricing_price":"de US$ 0 por m\u00eas","pricing_price_caption":"come\u00e7ar com um plano gr\u00e1tis","pricing_benefits":[{"text":"Sites ilimitados"},{"text":"Suporte r\u00e1pido"},{"text":"Ajuda para instala\u00e7\u00e3o gratuita"},{"text":"Design flex\u00edvel"}],"pricing_button_text":"Adicionar ao site","pricing_button_url":"#demo","_state":"expanded"}],"related_apps_title":"","related_apps_hidden":"1","author":"","image":[],"title":"","job":"","social_networks":[]},"_links":{"self":[{"href":"https:\/\/elfsight.com\/pt\/wp-json\/wp\/v2\/pages\/3451","targetHints":{"allow":["GET"]}}],"collection":[{"href":"https:\/\/elfsight.com\/pt\/wp-json\/wp\/v2\/pages"}],"about":[{"href":"https:\/\/elfsight.com\/pt\/wp-json\/wp\/v2\/types\/page"}],"author":[{"embeddable":true,"href":"https:\/\/elfsight.com\/pt\/wp-json\/wp\/v2\/users\/18"}],"replies":[{"embeddable":true,"href":"https:\/\/elfsight.com\/pt\/wp-json\/wp\/v2\/comments?post=3451"}],"version-history":[{"count":2,"href":"https:\/\/elfsight.com\/pt\/wp-json\/wp\/v2\/pages\/3451\/revisions"}],"predecessor-version":[{"id":13738,"href":"https:\/\/elfsight.com\/pt\/wp-json\/wp\/v2\/pages\/3451\/revisions\/13738"}],"up":[{"embeddable":true,"href":"https:\/\/elfsight.com\/pt\/wp-json\/wp\/v2\/pages\/366"}],"wp:attachment":[{"href":"https:\/\/elfsight.com\/pt\/wp-json\/wp\/v2\/media?parent=3451"}],"curies":[{"name":"wp","href":"https:\/\/api.w.org\/{rel}","templated":true}]}}