{"id":3447,"date":"2024-05-03T06:27:35","date_gmt":"2024-05-03T06:27:35","guid":{"rendered":"https:\/\/elfsight.com\/pt\/?page_id=3447"},"modified":"2025-02-28T13:13:21","modified_gmt":"2025-02-28T13:13:21","slug":"facebook","status":"publish","type":"page","link":"https:\/\/elfsight.com\/pt\/amazon-reviews-widget\/facebook\/","title":{"rendered":"Amazon Reviews &#8211; Facebook Page"},"content":{"rendered":"\n<div class=\"application-platform-content-item-description application-platform-content-item\" id=\"description\" data-nav-section=\"description\"><h2>Descri\u00e7\u00e3o<\/h2><p>O widget Elfsight Reviews from Amazon \u00e9 o m\u00e9todo mais pr\u00e1tico para moldar a reputa\u00e7\u00e3o da sua marca, mostrando coment\u00e1rios de clientes reais em seu mercadorias. Mostre apenas as rea\u00e7\u00f5es melhores ou mais significativas e organize-as da maneira que desejar. Obtenha provas sociais demonstrando aos seus clientes que voc\u00ea \u00e9 confi\u00e1vel.<\/p><p><b>Motive os usu\u00e1rios a postar novos coment\u00e1rios sobre sua marca e incentive as conversas com os clientes!<\/b><\/p><\/div> <div class=\"application-platform-content-item-features application-platform-content-item\" id=\"features\" data-nav-section=\"features\"><h2>Recursos<\/h2><p>Examine a lista de recursos do widget. Eles o tornam incrivelmente eficaz para sua promo\u00e7\u00e3o:<\/p><ul><li>Tr\u00eas filtros predefinidos: por tipo, exclus\u00e3o por e quantidade de avalia\u00e7\u00f5es;<\/li><li>Quatro layouts dispon\u00edveis: Lista, Grade, Alvenaria , e Slider;<\/li><li>Cabe\u00e7alho totalmente flex\u00edvel do widget;<\/li><li>O bot\u00e3o ativo para compartilhar mais uma avalia\u00e7\u00e3o leva as pessoas \u00e0 sua p\u00e1gina da Amazon;<\/li><li>Seis elementos ajust\u00e1veis do widget: nome e imagem do autor, recomenda\u00e7\u00e3o, data, \u00edcone da Amazon e classifica\u00e7\u00e3o por estrelas;<\/li><li>Dois cen\u00e1rios poss\u00edveis de recusa de solicita\u00e7\u00e3o de revis\u00e3o: demonstrar uma mensagem personalizada ou ocultar o bot\u00e3o.<\/li><\/ul><p><a href=\"#demo\">A demonstra\u00e7\u00e3o ao vivo mostrar\u00e1 mais recursos para voc\u00ea<\/a><\/p><\/div> <div class=\"application-platform-content-item-installation application-platform-content-item\" id=\"installation\" data-nav-section=\"installation\"><h2>Como adicionar avalia\u00e7\u00f5es da Amazon guia para a p\u00e1gina comercial do Facebook<\/h2><p>Essas v\u00e1rias etapas s\u00e3o a \u00fanica coisa que voc\u00ea precisa para configurar a Amazon em sua p\u00e1gina. Levar\u00e1 um minuto e n\u00e3o uma linha de codifica\u00e7\u00e3o.<\/p><ol><li><b>Crie seu widget personalizado da Amazon<\/b><br>Com a ajuda de nosso configurador gratuito, configure um plugin com um design selecionado e escolha os coment\u00e1rios a serem exibidos.<\/li><li><b>Adquira o c\u00f3digo individual para adicionar o plugin<\/b><br>Depois de criar seu widget, voc\u00ea obter\u00e1 seu c\u00f3digo pessoal da notifica\u00e7\u00e3o que apareceu nas aplica\u00e7\u00f5es Elfsight. Copie-o para uso posterior.<\/li><li><b>Adicione a guia Amazon \u00e0 p\u00e1gina do Facebook<\/b><br> Crie sua guia personalizada do Facebook. Insira o c\u00f3digo que voc\u00ea recebeu nos aplicativos da elfsight na guia. Se voc\u00ea tiver algum problema, basta verificar nosso guia em <a href=\"https:\/\/elfsight.com\/blog\/how-to-add-custom-tab-to-facebook-page\/\" target=\"_blank\" rel=\"noopener noreferrer\">criando uma guia personalizada do Facebook<\/a><\/li><li><b>Pronto!<\/b><br>Entre na sua p\u00e1gina para ver seu trabalho.<\/li><\/ol><p>Ainda inseguro? Ou trope\u00e7ou em alguma coisa? Basta direcionar uma solicita\u00e7\u00e3o para nossa equipe de suporte, eles ajudar\u00e3o com qualquer tipo de problema.<\/p><\/div><div class=\"faq\" data-component=\"FAQ\"><div class=\"faq-item\">\r\n\t\t\t\t\t<div class=\"faq-item-question\">\r\n\t\t\t\t\t\t<h3 class=\"faq-item-question-text\">Posso incorporar avalia\u00e7\u00f5es da Amazon na minha p\u00e1gina do Facebook?<\/h3>\r\n\r\n\t\t\t\t\t\t<div class=\"faq-item-question-icon\"><\/div>\r\n\t\t\t\t\t<\/div>\r\n\r\n\t\t\t\t\t<div class=\"faq-item-answer\">\r\n\t\t\t\t\t\t<div class=\"faq-item-answer-text\"><p>Tudo o que voc\u00ea precisa fazer \u00e9 construir sua ferramenta, alterar seu design e salvar suas altera\u00e7\u00f5es. Em seguida, pegue o c\u00f3digo do seu widget e integre-o ao modelo que voc\u00ea possui atualmente. <\/p><\/div>\r\n\t\t\t\t\t<\/div>\r\n\t\t\t\t<\/div><div class=\"faq-item\">\r\n\t\t\t\t\t<div class=\"faq-item-question\">\r\n\t\t\t\t\t\t<h3 class=\"faq-item-question-text\">Como obter avalia\u00e7\u00f5es de clientes da Amazon para p\u00e1ginas de produtos?<\/h3>\r\n\r\n\t\t\t\t\t\t<div class=\"faq-item-question-icon\"><\/div>\r\n\t\t\t\t\t<\/div>\r\n\r\n\t\t\t\t\t<div class=\"faq-item-answer\">\r\n\t\t\t\t\t\t<div class=\"faq-item-answer-text\"><p>Tudo o que voc\u00ea precisa fazer \u00e9 aplicar o bot\u00e3o Escrever uma avalia\u00e7\u00e3o. Ao clicar nele o p\u00fablico do site ser\u00e1 transferido diretamente para o seu perfil. <\/p><\/div>\r\n\t\t\t\t\t<\/div>\r\n\t\t\t\t<\/div><div class=\"faq-item\">\r\n\t\t\t\t\t<div class=\"faq-item-question\">\r\n\t\t\t\t\t\t<h3 class=\"faq-item-question-text\">Como fa\u00e7o para criar meu modelo de widget\/crach\u00e1 de classifica\u00e7\u00e3o da Amazon?<\/h3>\r\n\r\n\t\t\t\t\t\t<div class=\"faq-item-question-icon\"><\/div>\r\n\t\t\t\t\t<\/div>\r\n\r\n\t\t\t\t\t<div class=\"faq-item-answer\">\r\n\t\t\t\t\t\t<div class=\"faq-item-answer-text\"><p>Aplique os pontos do guia simples abaixo: <\/p><ol><li>Empregar nosso configurador e comece a construir sua ferramenta sob medida. <\/li> <li>Adapte os aspectos do widget e salve os ajustes. <\/li><li>Obtenha o c\u00f3digo individual revelado na notifica\u00e7\u00e3o. <\/li> <li>Coloque o c\u00f3digo exclusivo em sua p\u00e1gina inicial e salve a p\u00e1gina. <\/li><li> Voc\u00ea incorporou corretamente o aplicativo Elfsight em seu site. <\/li><\/div>\r\n\t\t\t\t\t<\/div>\r\n\t\t\t\t<\/div><\/div><\/ol>\n","protected":false},"excerpt":{"rendered":"","protected":false},"author":9,"featured_media":0,"parent":752,"menu_order":0,"comment_status":"closed","ping_status":"closed","template":"templates\/template-application-platform.php","meta":{"publish_to_discourse":"","publish_post_category":"","wpdc_auto_publish_overridden":"","wpdc_topic_tags":"","wpdc_pin_topic":"","wpdc_pin_until":"","discourse_post_id":"","discourse_permalink":"","wpdc_publishing_response":"","wpdc_publishing_error":"","footnotes":""},"class_list":["post-3447","page","type-page","status-publish","hentry"],"yoast_head":"<!-- This site is optimized with the Yoast SEO plugin v25.3.1 - https:\/\/yoast.com\/wordpress\/plugins\/seo\/ -->\n<title>Avalia\u00e7\u00f5es da Amazon | Adicionar plugin da Amazon na p\u00e1gina do Facebook [2026]<\/title>\n<meta name=\"description\" content=\"Com a Elfsight, crie sua guia Reviews from Amazon e adicione-a \u00e0 sua p\u00e1gina comercial do Facebook com facilidade. Oferecemos suporte gratuito ao cliente e mais b\u00f4nus.\" \/>\n<meta name=\"robots\" content=\"index, follow, max-snippet:-1, max-image-preview:large, max-video-preview:-1\" \/>\n<link rel=\"canonical\" href=\"https:\/\/elfsight.com\/pt\/amazon-reviews-widget\/facebook\/\" \/>\n<meta property=\"og:locale\" content=\"pt_PT\" \/>\n<meta property=\"og:type\" content=\"article\" \/>\n<meta property=\"og:title\" content=\"Avalia\u00e7\u00f5es da Amazon | Adicionar plugin da Amazon na p\u00e1gina do Facebook [2026]\" \/>\n<meta property=\"og:description\" content=\"Com a Elfsight, crie sua guia Reviews from Amazon e adicione-a \u00e0 sua p\u00e1gina comercial do Facebook com facilidade. Oferecemos suporte gratuito ao cliente e mais b\u00f4nus.\" \/>\n<meta property=\"og:url\" content=\"https:\/\/elfsight.com\/pt\/amazon-reviews-widget\/facebook\/\" \/>\n<meta property=\"og:site_name\" content=\"Elfsight PT\" \/>\n<meta property=\"article:modified_time\" content=\"2025-02-28T13:13:21+00:00\" \/>\n<meta name=\"twitter:card\" content=\"summary_large_image\" \/>\n<meta name=\"twitter:label1\" content=\"Tempo estimado de leitura\" \/>\n\t<meta name=\"twitter:data1\" content=\"3 minutos\" \/>\n<!-- \/ Yoast SEO plugin. -->","yoast_head_json":{"title":"Avalia\u00e7\u00f5es da Amazon | Adicionar plugin da Amazon na p\u00e1gina do Facebook [2026]","description":"Com a Elfsight, crie sua guia Reviews from Amazon e adicione-a \u00e0 sua p\u00e1gina comercial do Facebook com facilidade. Oferecemos suporte gratuito ao cliente e mais b\u00f4nus.","robots":{"index":"index","follow":"follow","max-snippet":"max-snippet:-1","max-image-preview":"max-image-preview:large","max-video-preview":"max-video-preview:-1"},"canonical":"https:\/\/elfsight.com\/pt\/amazon-reviews-widget\/facebook\/","og_locale":"pt_PT","og_type":"article","og_title":"Avalia\u00e7\u00f5es da Amazon | Adicionar plugin da Amazon na p\u00e1gina do Facebook [2026]","og_description":"Com a Elfsight, crie sua guia Reviews from Amazon e adicione-a \u00e0 sua p\u00e1gina comercial do Facebook com facilidade. Oferecemos suporte gratuito ao cliente e mais b\u00f4nus.","og_url":"https:\/\/elfsight.com\/pt\/amazon-reviews-widget\/facebook\/","og_site_name":"Elfsight PT","article_modified_time":"2025-02-28T13:13:21+00:00","twitter_card":"summary_large_image","twitter_misc":{"Tempo estimado de leitura":"3 minutos"},"schema":{"@context":"https:\/\/schema.org","@graph":[{"@type":"WebPage","@id":"https:\/\/elfsight.com\/pt\/amazon-reviews-widget\/facebook\/","url":"https:\/\/elfsight.com\/pt\/amazon-reviews-widget\/facebook\/","name":"Avalia\u00e7\u00f5es da Amazon | Adicionar plugin da Amazon na p\u00e1gina do Facebook [2026]","isPartOf":{"@id":"https:\/\/elfsight.com\/pt\/#website"},"datePublished":"2024-05-03T06:27:35+00:00","dateModified":"2025-02-28T13:13:21+00:00","description":"Com a Elfsight, crie sua guia Reviews from Amazon e adicione-a \u00e0 sua p\u00e1gina comercial do Facebook com facilidade. Oferecemos suporte gratuito ao cliente e mais b\u00f4nus.","breadcrumb":{"@id":"https:\/\/elfsight.com\/pt\/amazon-reviews-widget\/facebook\/#breadcrumb"},"inLanguage":"pt-PT","potentialAction":[{"@type":"ReadAction","target":["https:\/\/elfsight.com\/pt\/amazon-reviews-widget\/facebook\/"]}]},{"@type":"BreadcrumbList","@id":"https:\/\/elfsight.com\/pt\/amazon-reviews-widget\/facebook\/#breadcrumb","itemListElement":[{"@type":"ListItem","position":1,"name":"Home","item":"https:\/\/elfsight.com\/pt\/"},{"@type":"ListItem","position":2,"name":"Amazon Reviews","item":"https:\/\/elfsight.com\/pt\/amazon-reviews-widget\/"},{"@type":"ListItem","position":3,"name":"Amazon Reviews &#8211; Facebook Page"}]},{"@type":"WebSite","@id":"https:\/\/elfsight.com\/pt\/#website","url":"https:\/\/elfsight.com\/pt\/","name":"Elfsight PT","description":"Just another Elfsight Sites site","potentialAction":[{"@type":"SearchAction","target":{"@type":"EntryPoint","urlTemplate":"https:\/\/elfsight.com\/pt\/?s={search_term_string}"},"query-input":{"@type":"PropertyValueSpecification","valueRequired":true,"valueName":"search_term_string"}}],"inLanguage":"pt-PT"}]}},"meta_box":{"industry":"","seo_heading":"","heading":"","description":"","cta_heading":"","cta_description":"","application":"751","h1":"Avalia\u00e7\u00f5es da Amazon para p\u00e1gina do Facebook","h1_caption":"Demonstre avalia\u00e7\u00f5es sobre seus produtos da Amazon na p\u00e1gina de sua empresa","application_category":[],"applications_title":"","applications_request_title":"","applications_request_button_text":"","hero_text":"","hero_video":"","hero_video_schema_markup":"","selling_points_title":"","selling_points_caption":"","selling_points":[],"selling_points_cta_text":"","features_title":"","features":"","ed_cta_examples_text":"","ed_cta_examples_hidden":"","ed_cta_demo_text":"","ed_cta_demo_hidden":"","why_caption":"","why_editor_title":"","why_editor_text":"","why_team_title":"","why_team_text":"","why_service_title":"","why_service_text":"","template_catalog_visible":"0","template_catalog_title":"","template_catalog_text":"","template_catalog_categories_visible":"","demo_title":"Crie seu widget Reviews from Amazon","demo_caption":"Configure suas avalia\u00e7\u00f5es da Amazon e adicione-as ao site da sua p\u00e1gina do Facebook gratuitamente!","default_faq_hidden":"","app_template_category":[],"platform":"103","template_public_id":"","codecanyon_url":"","codecanyon_item_id":"","codecanyon_price":"","pricing_caption":"","pricing_elfsight_apps_hide_column":"","pricing_elfsight_apps_url":"","pricing_codecanyon_price_caption":"","integration_category":[],"integration_request_title":"","integration_request_cta":"","integration_platform":"","integrations":[],"platform_category":[],"video_schema_markup":"","price":"a partir de US$ 0\/m\u00eas","trial":"","benefits":[{"text":"Assist\u00eancia de instala\u00e7\u00e3o gratuita"},{"text":"Atendimento ao cliente profissional"},{"text":"Garantia de devolu\u00e7\u00e3o do dinheiro em 14 dias"},{"text":"Atualiza\u00e7\u00f5es vital\u00edcias"}],"button_url":"#demo","button_target_blank":"0","button_nofollow":"0","attributes":[{"name":"Instala\u00e7\u00f5es","content":"10,000 - 100,000","_state":"expanded"},{"name":"Responsivo","content":"Sim","_state":"expanded"},{"name":"Navegadores compat\u00edveis","content":"Chrome, Opera, Edge, Safari, Firefox"}],"tags":[],"tags_disable_links":"0","hide_more_platforms":"0","video_object":"","demo_hide_cta":"0","demo_hide_cloud_options":"0","pricing_title":"","pricing":[{"pricing_icon":"platform","pricing_title":"Elfsight Apps","pricing_title_caption":"Solu\u00e7\u00e3o digital independente de plataforma","pricing_price":"a partir de US$ 0\/m\u00eas","pricing_price_caption":"comece com plano gratuito","pricing_benefits":[{"text":"Dom\u00ednios ilimitados"},{"text":"Suporte dedicado ao cliente"},{"text":"Suporte dedicado ao cliente"},{"text":"Design flex\u00edvel"}],"pricing_button_text":"Adicionar ao site","pricing_button_url":"#demo","_state":"expanded"}],"related_apps_title":"","related_apps_hidden":"1","author":"","image":[],"title":"","job":"","social_networks":[]},"_links":{"self":[{"href":"https:\/\/elfsight.com\/pt\/wp-json\/wp\/v2\/pages\/3447","targetHints":{"allow":["GET"]}}],"collection":[{"href":"https:\/\/elfsight.com\/pt\/wp-json\/wp\/v2\/pages"}],"about":[{"href":"https:\/\/elfsight.com\/pt\/wp-json\/wp\/v2\/types\/page"}],"author":[{"embeddable":true,"href":"https:\/\/elfsight.com\/pt\/wp-json\/wp\/v2\/users\/9"}],"replies":[{"embeddable":true,"href":"https:\/\/elfsight.com\/pt\/wp-json\/wp\/v2\/comments?post=3447"}],"version-history":[{"count":4,"href":"https:\/\/elfsight.com\/pt\/wp-json\/wp\/v2\/pages\/3447\/revisions"}],"predecessor-version":[{"id":14121,"href":"https:\/\/elfsight.com\/pt\/wp-json\/wp\/v2\/pages\/3447\/revisions\/14121"}],"up":[{"embeddable":true,"href":"https:\/\/elfsight.com\/pt\/wp-json\/wp\/v2\/pages\/752"}],"wp:attachment":[{"href":"https:\/\/elfsight.com\/pt\/wp-json\/wp\/v2\/media?parent=3447"}],"curies":[{"name":"wp","href":"https:\/\/api.w.org\/{rel}","templated":true}]}}