{"id":3445,"date":"2024-05-03T06:25:51","date_gmt":"2024-05-03T06:25:51","guid":{"rendered":"https:\/\/elfsight.com\/pt\/?page_id=3445"},"modified":"2024-11-13T12:01:22","modified_gmt":"2024-11-13T12:01:22","slug":"elementor","status":"publish","type":"page","link":"https:\/\/elfsight.com\/pt\/age-verification-widget\/elementor\/","title":{"rendered":"Age Verification &#8211; Elementor"},"content":{"rendered":"<div class=\"application-platform-content-item-description application-platform-content-item\" id=\"description\" data-nav-section=\"description\"> <h2>Incorpore a verifica\u00e7\u00e3o de idade no Elementor com o widget Elfsight<\/h2> <p>O widget Elfsight \u00e9 o melhor m\u00e9todo para organizar uma notifica\u00e7\u00e3o que verifica o idade de um usu\u00e1rio. Nosso widget disponibiliza material sens\u00edvel \u00e0 idade para adultos e o esconde para o p\u00fablico menor de idade. Voc\u00ea pode definir a restri\u00e7\u00e3o de idade correta, escolher o m\u00e9todo de verifica\u00e7\u00e3o, colocar o widget em todas ou apenas em algumas p\u00e1ginas e a a\u00e7\u00e3o desviando o acesso. A apar\u00eancia \u00e9 flex\u00edvel, com detalhes que podem ser pintados e o recurso para mostrar imagens personalizadas.<\/p> <div class=\"faq\" data-component=\"FAQ\"> <div class=\"faq-item\">\r\n\t\t\t\t\t<div class=\"faq-item-question\">\r\n\t\t\t\t\t\t<h3 class=\"faq-item-question-text\">Onde posso inserir o widget de verifica\u00e7\u00e3o<\/h3>\r\n\r\n\t\t\t\t\t\t<div class=\"faq-item-question-icon\"><\/div>\r\n\t\t\t\t\t<\/div>\r\n\r\n\t\t\t\t\t<div class=\"faq-item-answer\">\r\n\t\t\t\t\t\t<div class=\"faq-item-answer-text\"> <p>Voc\u00ea pode mostrar a janela de controle de idade em todas as p\u00e1ginas ou escolha p\u00e1ginas espec\u00edficas. Al\u00e9m disso, existe a op\u00e7\u00e3o de excluir aquelas p\u00e1ginas onde voc\u00ea n\u00e3o deseja.<\/p> <\/div>\r\n\t\t\t\t\t<\/div>\r\n\t\t\t\t<\/div> <div class=\"faq-item\">\r\n\t\t\t\t\t<div class=\"faq-item-question\">\r\n\t\t\t\t\t\t<h3 class=\"faq-item-question-text\">Como posso me beneficiar deste plugin?<\/h3>\r\n\r\n\t\t\t\t\t\t<div class=\"faq-item-question-icon\"><\/div>\r\n\t\t\t\t\t<\/div>\r\n\r\n\t\t\t\t\t<div class=\"faq-item-answer\">\r\n\t\t\t\t\t\t<div class=\"faq-item-answer-text\"> <p>Com este widget, \u00e9 perfeitamente f\u00e1cil e r\u00e1pido configurar uma janela de verifica\u00e7\u00e3o de idade e bloquear o acesso ao seu material para usu\u00e1rios menores de idade. Isso ajudar\u00e1 a garantir que seu site esteja em conformidade com a legisla\u00e7\u00e3o. Al\u00e9m disso, voc\u00ea ter\u00e1 novos visitantes-alvo e clientes v\u00e1lidos.<\/p> <\/div>\r\n\t\t\t\t\t<\/div>\r\n\t\t\t\t<\/div> <div class=\"faq-item\">\r\n\t\t\t\t\t<div class=\"faq-item-question\">\r\n\t\t\t\t\t\t<h3 class=\"faq-item-question-text\">Como adiciono verifica\u00e7\u00e3o de idade ao Elementor?<\/h3>\r\n\r\n\t\t\t\t\t\t<div class=\"faq-item-question-icon\"><\/div>\r\n\t\t\t\t\t<\/div>\r\n\r\n\t\t\t\t\t<div class=\"faq-item-answer\">\r\n\t\t\t\t\t\t<div class=\"faq-item-answer-text\"> <p>Levar\u00e1 apenas dois minutos de sua hora de configurar. A instala\u00e7\u00e3o \u00e9 muito r\u00e1pida, gratuita e sem codifica\u00e7\u00e3o.<\/p> <p>Voc\u00ea pode colocar a Verifica\u00e7\u00e3o de Idade em sua p\u00e1gina web atrav\u00e9s do nosso servi\u00e7o. Para isso, consulte o guia abaixo nesta p\u00e1gina.<\/p> <\/div>\r\n\t\t\t\t\t<\/div>\r\n\t\t\t\t<\/div> <\/div> <\/div> <div class=\"application-platform-content-item-features application-platform-content-item\" id=\"features\" data-nav-section=\"features\"> <h2>Principais recursos do widget Verifica\u00e7\u00e3o de idade<\/h2> <p>Para conhecer melhor a Verifica\u00e7\u00e3o de Idade, aqui est\u00e1 a lista de suas principais fun\u00e7\u00f5es. Eles tornam o widget incrivelmente ben\u00e9fico para voc\u00ea:<\/p> <ul><li>Escolha um dos m\u00e9todos de verifica\u00e7\u00e3o: solicita\u00e7\u00e3o de data de nascimento completa, apenas o ano de nascimento ou uma pergunta oferecendo op\u00e7\u00f5es de Sim e N\u00e3o;<\/li><li>Escolha lembrar um visitante por qualquer per\u00edodo de tempo em dias;<\/li><li>2 cen\u00e1rios para visitantes menores de idade: mostrar um texto personalizado ou redirecionar um usu\u00e1rio para qualquer p\u00e1gina ou site; <\/li><li>Fa\u00e7a upload de sua pr\u00f3pria foto para adicionar \u00e0 janela de verifica\u00e7\u00e3o;<\/li><li>Mostre texto e links adicionais no bot\u00e3o de verifica\u00e7\u00e3o.<\/li><\/ul><p><a href=\"#demo\">Conhe\u00e7a todos os recursos na demonstra\u00e7\u00e3o<\/a><\/p> <\/div><div class=\"application-platform-content-item-installation application-platform-content-item\" id=\"installation\" data-nav-section=\"installation\"> <h2>Descubra como colocar o widget de verifica\u00e7\u00e3o de idade em seu site Elementor<\/h2> <div class=\"video-container\"><iframe width=\"720\" height=\"405\" src=\"https:\/\/www.youtube.com\/embed\/YbPlEwXJRTY\" frameborder=\"0\" allowfullscreen=\"\"><\/iframe><\/div><p>Basta seguir os seguintes passos para introduzir o widget em seu site.<\/p><ol><li><b>Crie seu plugin de verifica\u00e7\u00e3o de idade personalizado<\/b> <br> Com a ajuda de nosso configurador gratuito, crie um plugin, selecione um layout e escolha outros recursos de interface.<\/li><li><b>Adquira o c\u00f3digo pessoal para instalar o plugin<\/b><br> Depois de configurar o seu widget, voc\u00ea obter\u00e1 o c\u00f3digo de instala\u00e7\u00e3o na janela exibida nos aplicativos Elfsight. Copie-o.<\/li> <li><b>Adicione o plugin em seu site Elementor<\/b><br> Selecione a \u00e1rea onde deseja incorporar o plugin e cole o c\u00f3digo copiado l\u00e1. Aplique as altera\u00e7\u00f5es.<\/li><li><b>Conclu\u00eddo!<\/b><br>V\u00e1 para a p\u00e1gina da web para ver sua idade.<\/li> <\/ol><p>Ainda tem d\u00favidas? Ou precisa de ajuda? Basta enviar uma solicita\u00e7\u00e3o ao nosso atendimento ao cliente. Resolveremos qualquer problema.<\/p> <\/div>","protected":false},"excerpt":{"rendered":"","protected":false},"author":9,"featured_media":0,"parent":524,"menu_order":0,"comment_status":"closed","ping_status":"closed","template":"templates\/template-application-platform.php","meta":{"publish_to_discourse":"","publish_post_category":"","wpdc_auto_publish_overridden":"","wpdc_topic_tags":"","wpdc_pin_topic":"","wpdc_pin_until":"","discourse_post_id":"","discourse_permalink":"","wpdc_publishing_response":"","wpdc_publishing_error":"","footnotes":""},"class_list":["post-3445","page","type-page","status-publish","hentry"],"yoast_head":"<!-- This site is optimized with the Yoast SEO plugin v25.3.1 - https:\/\/yoast.com\/wordpress\/plugins\/seo\/ -->\n<title>Widget de verifica\u00e7\u00e3o de idade para o site Elementor (r\u00e1pido e gratuito)<\/title>\n<meta name=\"description\" content=\"\u00c9 perfeitamente simples projetar seu widget de verifica\u00e7\u00e3o de idade e adicion\u00e1-lo \u00e0 sua p\u00e1gina da web Elementor. O atendimento ao cliente da Elfsight \u00e9 gratuito.\" \/>\n<meta name=\"robots\" content=\"index, follow, max-snippet:-1, max-image-preview:large, max-video-preview:-1\" \/>\n<link rel=\"canonical\" href=\"https:\/\/elfsight.com\/pt\/age-verification-widget\/elementor\/\" \/>\n<meta property=\"og:locale\" content=\"pt_PT\" \/>\n<meta property=\"og:type\" content=\"article\" \/>\n<meta property=\"og:title\" content=\"Widget de verifica\u00e7\u00e3o de idade para o site Elementor (r\u00e1pido e gratuito)\" \/>\n<meta property=\"og:description\" content=\"\u00c9 perfeitamente simples projetar seu widget de verifica\u00e7\u00e3o de idade e adicion\u00e1-lo \u00e0 sua p\u00e1gina da web Elementor. O atendimento ao cliente da Elfsight \u00e9 gratuito.\" \/>\n<meta property=\"og:url\" content=\"https:\/\/elfsight.com\/pt\/age-verification-widget\/elementor\/\" \/>\n<meta property=\"og:site_name\" content=\"Elfsight PT\" \/>\n<meta property=\"article:modified_time\" content=\"2024-11-13T12:01:22+00:00\" \/>\n<meta name=\"twitter:card\" content=\"summary_large_image\" \/>\n<meta name=\"twitter:label1\" content=\"Tempo estimado de leitura\" \/>\n\t<meta name=\"twitter:data1\" content=\"2 minutos\" \/>\n<!-- \/ Yoast SEO plugin. -->","yoast_head_json":{"title":"Widget de verifica\u00e7\u00e3o de idade para o site Elementor (r\u00e1pido e gratuito)","description":"\u00c9 perfeitamente simples projetar seu widget de verifica\u00e7\u00e3o de idade e adicion\u00e1-lo \u00e0 sua p\u00e1gina da web Elementor. O atendimento ao cliente da Elfsight \u00e9 gratuito.","robots":{"index":"index","follow":"follow","max-snippet":"max-snippet:-1","max-image-preview":"max-image-preview:large","max-video-preview":"max-video-preview:-1"},"canonical":"https:\/\/elfsight.com\/pt\/age-verification-widget\/elementor\/","og_locale":"pt_PT","og_type":"article","og_title":"Widget de verifica\u00e7\u00e3o de idade para o site Elementor (r\u00e1pido e gratuito)","og_description":"\u00c9 perfeitamente simples projetar seu widget de verifica\u00e7\u00e3o de idade e adicion\u00e1-lo \u00e0 sua p\u00e1gina da web Elementor. O atendimento ao cliente da Elfsight \u00e9 gratuito.","og_url":"https:\/\/elfsight.com\/pt\/age-verification-widget\/elementor\/","og_site_name":"Elfsight PT","article_modified_time":"2024-11-13T12:01:22+00:00","twitter_card":"summary_large_image","twitter_misc":{"Tempo estimado de leitura":"2 minutos"},"schema":{"@context":"https:\/\/schema.org","@graph":[{"@type":"WebPage","@id":"https:\/\/elfsight.com\/pt\/age-verification-widget\/elementor\/","url":"https:\/\/elfsight.com\/pt\/age-verification-widget\/elementor\/","name":"Widget de verifica\u00e7\u00e3o de idade para o site Elementor (r\u00e1pido e gratuito)","isPartOf":{"@id":"https:\/\/elfsight.com\/pt\/#website"},"datePublished":"2024-05-03T06:25:51+00:00","dateModified":"2024-11-13T12:01:22+00:00","description":"\u00c9 perfeitamente simples projetar seu widget de verifica\u00e7\u00e3o de idade e adicion\u00e1-lo \u00e0 sua p\u00e1gina da web Elementor. O atendimento ao cliente da Elfsight \u00e9 gratuito.","breadcrumb":{"@id":"https:\/\/elfsight.com\/pt\/age-verification-widget\/elementor\/#breadcrumb"},"inLanguage":"pt-PT","potentialAction":[{"@type":"ReadAction","target":["https:\/\/elfsight.com\/pt\/age-verification-widget\/elementor\/"]}]},{"@type":"BreadcrumbList","@id":"https:\/\/elfsight.com\/pt\/age-verification-widget\/elementor\/#breadcrumb","itemListElement":[{"@type":"ListItem","position":1,"name":"Home","item":"https:\/\/elfsight.com\/pt\/"},{"@type":"ListItem","position":2,"name":"Age Verification","item":"https:\/\/elfsight.com\/pt\/age-verification-widget\/"},{"@type":"ListItem","position":3,"name":"Age Verification &#8211; Elementor"}]},{"@type":"WebSite","@id":"https:\/\/elfsight.com\/pt\/#website","url":"https:\/\/elfsight.com\/pt\/","name":"Elfsight PT","description":"Just another Elfsight Sites site","potentialAction":[{"@type":"SearchAction","target":{"@type":"EntryPoint","urlTemplate":"https:\/\/elfsight.com\/pt\/?s={search_term_string}"},"query-input":{"@type":"PropertyValueSpecification","valueRequired":true,"valueName":"search_term_string"}}],"inLanguage":"pt-PT"}]}},"meta_box":{"industry":"","seo_heading":"","heading":"","description":"","cta_heading":"","cta_description":"","application":"523","h1":"Widget de verifica\u00e7\u00e3o de idade Elementor","h1_caption":"Seu m\u00e9todo mais simples para obter a janela de verifica\u00e7\u00e3o de idade em seu site","application_category":[],"applications_title":"","applications_request_title":"","applications_request_button_text":"","hero_text":"","hero_video":"","hero_video_schema_markup":"","selling_points_title":"","selling_points_caption":"","selling_points":[],"selling_points_cta_text":"","features_title":"","features":"","ed_cta_examples_text":"","ed_cta_examples_hidden":"","ed_cta_demo_text":"","ed_cta_demo_hidden":"","why_caption":"","why_editor_title":"","why_editor_text":"","why_team_title":"","why_team_text":"","why_service_title":"","why_service_text":"","template_catalog_visible":"","template_catalog_title":"","template_catalog_text":"","template_catalog_categories_visible":"","demo_title":"Crie seu widget de verifica\u00e7\u00e3o de idade","demo_caption":"Configure sua verifica\u00e7\u00e3o de idade e adicione-a ao seu site Elementor gratuitamente!","default_faq_hidden":"","app_template_category":[],"platform":"100","template_public_id":"","codecanyon_url":"","codecanyon_item_id":"","codecanyon_price":"","pricing_caption":"","pricing_elfsight_apps_hide_column":"","pricing_elfsight_apps_url":"","pricing_codecanyon_price_caption":"","integration_category":[],"integration_request_title":"","integration_request_cta":"","integration_platform":"","integrations":[],"platform_category":[],"video_schema_markup":"","price":"a partir de US$ 0\/m\u00eas","trial":"","benefits":[{"text":"Servi\u00e7o de instala\u00e7\u00e3o gratuito"},{"text":"Suporte ao cliente experiente"},{"text":"Garantia de reembolso de 14 dias"},{"text":"Melhorias cont\u00ednuas"}],"button_url":"#demo","button_target_blank":"0","button_nofollow":"0","attributes":[{"name":"Instala\u00e7\u00f5es","content":"10,000 - 100,000","_state":"expanded"},{"name":"Responsivo","content":"Sim","_state":"expanded"},{"name":"Navegadores compat\u00edveis","content":"Firefox, Safari, Opera, Chrome, Edge"}],"tags":[],"tags_disable_links":"0","hide_more_platforms":"","video_object":"","demo_hide_cta":"0","demo_hide_cloud_options":"0","pricing_title":"","pricing":[{"pricing_icon":"platform","pricing_title":"Elfsight Apps","pricing_title_caption":"Software multiplataforma","pricing_price":"a partir de US$ 0\/m\u00eas","pricing_price_caption":"comece com plano gratuito","pricing_benefits":[{"text":"Sites ilimitados"},{"text":"Suporte dedicado da empresa e bem documentado"},{"text":"Suporte dedicado da empresa e bem documentado"},{"text":"Pre\u00e7o especial para v\u00e1rios aplicativos"}],"pricing_button_text":"Adicionar ao site","pricing_button_url":"#demo","_state":"expanded"}],"related_apps_title":"","related_apps_hidden":"1","author":"","image":[],"title":"","job":"","social_networks":[]},"_links":{"self":[{"href":"https:\/\/elfsight.com\/pt\/wp-json\/wp\/v2\/pages\/3445","targetHints":{"allow":["GET"]}}],"collection":[{"href":"https:\/\/elfsight.com\/pt\/wp-json\/wp\/v2\/pages"}],"about":[{"href":"https:\/\/elfsight.com\/pt\/wp-json\/wp\/v2\/types\/page"}],"author":[{"embeddable":true,"href":"https:\/\/elfsight.com\/pt\/wp-json\/wp\/v2\/users\/9"}],"replies":[{"embeddable":true,"href":"https:\/\/elfsight.com\/pt\/wp-json\/wp\/v2\/comments?post=3445"}],"version-history":[{"count":2,"href":"https:\/\/elfsight.com\/pt\/wp-json\/wp\/v2\/pages\/3445\/revisions"}],"predecessor-version":[{"id":11508,"href":"https:\/\/elfsight.com\/pt\/wp-json\/wp\/v2\/pages\/3445\/revisions\/11508"}],"up":[{"embeddable":true,"href":"https:\/\/elfsight.com\/pt\/wp-json\/wp\/v2\/pages\/524"}],"wp:attachment":[{"href":"https:\/\/elfsight.com\/pt\/wp-json\/wp\/v2\/media?parent=3445"}],"curies":[{"name":"wp","href":"https:\/\/api.w.org\/{rel}","templated":true}]}}