{"id":3444,"date":"2024-05-03T06:26:57","date_gmt":"2024-05-03T06:26:57","guid":{"rendered":"https:\/\/elfsight.com\/pt\/?page_id=3444"},"modified":"2025-02-11T12:16:03","modified_gmt":"2025-02-11T12:16:03","slug":"elementor","status":"publish","type":"page","link":"https:\/\/elfsight.com\/pt\/all-in-one-chat-widget\/elementor\/","title":{"rendered":"All-in-One Chat &#8211; Elementor"},"content":{"rendered":"\n<div class=\"application-platform-content-item-description application-platform-content-item\" id=\"description\" data-nav-section=\"description\"> <h2>Incorporar bate-papo multifuncional no Elementor com o widget Elfsight<\/h2> <p>O widget de bate-papo multifuncional Elfsight \u00e9 uma das ferramentas mais convenientes para os visitantes do site entrarem em contato com voc\u00ea e tirarem suas d\u00favidas. Fique dispon\u00edvel ao vivo em todos os mensageiros mais usados. Adicione o widget em sua p\u00e1gina e configure-o para aparecer em p\u00e1ginas selecionadas ou para categorias separadas de p\u00fablico, escolha iniciadores de bate-papo, crie seu texto de boas-vindas, escolha \u00edcones e muito mais. Tendo o plugin em sua p\u00e1gina voc\u00ea permanecer\u00e1 conectado \u00e0s pessoas a qualquer hora e de qualquer lugar. <\/p> <p><b>Mantenha contato f\u00e1cil e resposta r\u00e1pida, impulsionando as compras por meio de consultoria.<\/b><\/p> <\/div> <div class=\"application-platform-content-item-features application-platform-content-item\" id=\"features\" data-nav-section=\"features\"> <h2>Esses s\u00e3o apenas alguns dos valiosos recursos do widget: <\/h2> <ul><li>Incorpore o mensageiro de bate-papo multifuncional em seu site para conversar com os usu\u00e1rios. <\/li><li>3 tipos de posi\u00e7\u00e3o de bate-papo: bal\u00e3o flutuante, bal\u00e3o incorporado e janela de bate-papo incorporada. <\/li><li>Uma cole\u00e7\u00e3o de \u00edcones de bolha para voc\u00ea escolher. <\/li><li>T\u00edtulo do MaleableChat com imagem, nome e legenda da p\u00e1gina.<\/li><li>Escolher a imagem da p\u00e1gina por padr\u00e3o, da biblioteca ou enviar sua pr\u00f3pria imagem. <\/li><\/ul><p><a href=\"#demo\">Basta experimentar esta demonstra\u00e7\u00e3o para ver quanto vale o widget<\/a><\/p> <\/div> <div class=\"application-platform-content-item-installation application-platform-content-item\" id=\"installation\" data-nav-section=\"installation\"> <h2>Como incorporar widget de chat ao vivo em meu site Elementor?<\/h2><div class=\"video-container\"><iframe width=\"720\" height=\"405\" src=\"https:\/\/www.youtube.com\/embed\/uZCfmvtO-nM\" frameborder=\"0\" allowfullscreen=\"\"><\/iframe><\/div><p>Basta seguir as orienta\u00e7\u00f5es abaixo para adicionar o widget. <\/p> <ol><li><b>Ao iniciar nossa demonstra\u00e7\u00e3o gratuita, comece a criar seu widget exclusivo. <\/b><br> Determine a forma e as caracter\u00edsticas preferidas da ferramenta e aplique as modifica\u00e7\u00f5es. <\/li> <li><b>Copie o c\u00f3digo individual que aparece na janela dos aplicativos Elfsight. <\/b><br> Quando a cria\u00e7\u00e3o do seu widget estiver conclu\u00edda, copie o c\u00f3digo pessoal na caixa que aparece e salve-o para futuras ocasi\u00f5es. <\/li> <li><b>Inicie a utiliza\u00e7\u00e3o do plugin na sua p\u00e1gina inicial do Elementor. <\/b><br> Insira o c\u00f3digo que voc\u00ea copiou recentemente em sua p\u00e1gina inicial e aplique as melhorias. <\/li> <li><b>A instala\u00e7\u00e3o foi realizada com sucesso. <\/b><br> Visite seu site para ver em a\u00e7\u00e3o como o widget funciona. <\/li><\/ol> <p>Se voc\u00ea tiver alguma dificuldade, entre em contato com nossa equipe de atendimento ao cliente. Nossos especialistas ter\u00e3o prazer em resolver todas as d\u00favidas que voc\u00ea possa ter sobre o produto. <\/p> <div class=\"faq\" data-component=\"FAQ\"><div class=\"faq-item\">\r\n\t\t\t\t\t<div class=\"faq-item-question\">\r\n\t\t\t\t\t\t<h3 class=\"faq-item-question-text\">Como posso adicionar o All-in-one Chat ao meu site Elementor sem conhecimentos de codifica\u00e7\u00e3o?<\/h3>\r\n\r\n\t\t\t\t\t\t<div class=\"faq-item-question-icon\"><\/div>\r\n\t\t\t\t\t<\/div>\r\n\r\n\t\t\t\t\t<div class=\"faq-item-answer\">\r\n\t\t\t\t\t\t<div class=\"faq-item-answer-text\"><p>A Elfsight fornece uma solu\u00e7\u00e3o SaaS que lhe permite criar um All-in-one Widget de bate-papo voc\u00ea mesmo, veja como o processo \u00e9 f\u00e1cil: Trabalhe diretamente no Editor online para criar um widget de bate-papo completo que voc\u00ea gostaria de ver em seu site Elementor. Escolha um dos modelos predefinidos e ajuste as configura\u00e7\u00f5es do bate-papo multifuncional, adicione seu conte\u00fado, altere o layout e as cores sem nenhuma habilidade de codifica\u00e7\u00e3o. Salve o bate-papo multifuncional e copie seu c\u00f3digo de instala\u00e7\u00e3o, que voc\u00ea pode incorporar facilmente em seu site Elementor sem a necessidade de comprar uma assinatura paga. Com nosso editor intuitivo, qualquer usu\u00e1rio da Internet pode criar um widget de bate-papo completo online e incorpor\u00e1-lo facilmente ao seu site Elementor. N\u00e3o h\u00e1 necessidade de pagar ou inserir as credenciais do seu cart\u00e3o para acessar o servi\u00e7o. Se voc\u00ea enfrentar qualquer problema em qualquer etapa, n\u00e3o hesite em entrar em contato com nossa equipe de suporte t\u00e9cnico.<\/p><\/div>\r\n\t\t\t\t\t<\/div>\r\n\t\t\t\t<\/div><\/div><\/div>\n","protected":false},"excerpt":{"rendered":"","protected":false},"author":9,"featured_media":0,"parent":1097,"menu_order":0,"comment_status":"closed","ping_status":"closed","template":"templates\/template-application-platform.php","meta":{"publish_to_discourse":"","publish_post_category":"","wpdc_auto_publish_overridden":"","wpdc_topic_tags":"","wpdc_pin_topic":"","wpdc_pin_until":"","discourse_post_id":"","discourse_permalink":"","wpdc_publishing_response":"","wpdc_publishing_error":"","footnotes":""},"class_list":["post-3444","page","type-page","status-publish","hentry"],"yoast_head":"<!-- This site is optimized with the Yoast SEO plugin v25.3.1 - https:\/\/yoast.com\/wordpress\/plugins\/seo\/ -->\n<title>Bate-papo ao vivo - Adicione widget de bate-papo aos sites Elementor (f\u00e1cil e gratuito)<\/title>\n<meta name=\"description\" content=\"Implemente seu widget All-in-One Live Chat na p\u00e1gina da web Elementor em 1-2-3. Use nossa demonstra\u00e7\u00e3o ativa para construir seu widget exclusivo rapidamente.\" \/>\n<meta name=\"robots\" content=\"index, follow, max-snippet:-1, max-image-preview:large, max-video-preview:-1\" \/>\n<link rel=\"canonical\" href=\"https:\/\/elfsight.com\/pt\/all-in-one-chat-widget\/elementor\/\" \/>\n<meta property=\"og:locale\" content=\"pt_PT\" \/>\n<meta property=\"og:type\" content=\"article\" \/>\n<meta property=\"og:title\" content=\"Bate-papo ao vivo - Adicione widget de bate-papo aos sites Elementor (f\u00e1cil e gratuito)\" \/>\n<meta property=\"og:description\" content=\"Implemente seu widget All-in-One Live Chat na p\u00e1gina da web Elementor em 1-2-3. Use nossa demonstra\u00e7\u00e3o ativa para construir seu widget exclusivo rapidamente.\" \/>\n<meta property=\"og:url\" content=\"https:\/\/elfsight.com\/pt\/all-in-one-chat-widget\/elementor\/\" \/>\n<meta property=\"og:site_name\" content=\"Elfsight PT\" \/>\n<meta property=\"article:modified_time\" content=\"2025-02-11T12:16:03+00:00\" \/>\n<meta name=\"twitter:card\" content=\"summary_large_image\" \/>\n<meta name=\"twitter:label1\" content=\"Tempo estimado de leitura\" \/>\n\t<meta name=\"twitter:data1\" content=\"3 minutos\" \/>\n<!-- \/ Yoast SEO plugin. -->","yoast_head_json":{"title":"Bate-papo ao vivo - Adicione widget de bate-papo aos sites Elementor (f\u00e1cil e gratuito)","description":"Implemente seu widget All-in-One Live Chat na p\u00e1gina da web Elementor em 1-2-3. Use nossa demonstra\u00e7\u00e3o ativa para construir seu widget exclusivo rapidamente.","robots":{"index":"index","follow":"follow","max-snippet":"max-snippet:-1","max-image-preview":"max-image-preview:large","max-video-preview":"max-video-preview:-1"},"canonical":"https:\/\/elfsight.com\/pt\/all-in-one-chat-widget\/elementor\/","og_locale":"pt_PT","og_type":"article","og_title":"Bate-papo ao vivo - Adicione widget de bate-papo aos sites Elementor (f\u00e1cil e gratuito)","og_description":"Implemente seu widget All-in-One Live Chat na p\u00e1gina da web Elementor em 1-2-3. Use nossa demonstra\u00e7\u00e3o ativa para construir seu widget exclusivo rapidamente.","og_url":"https:\/\/elfsight.com\/pt\/all-in-one-chat-widget\/elementor\/","og_site_name":"Elfsight PT","article_modified_time":"2025-02-11T12:16:03+00:00","twitter_card":"summary_large_image","twitter_misc":{"Tempo estimado de leitura":"3 minutos"},"schema":{"@context":"https:\/\/schema.org","@graph":[{"@type":"WebPage","@id":"https:\/\/elfsight.com\/pt\/all-in-one-chat-widget\/elementor\/","url":"https:\/\/elfsight.com\/pt\/all-in-one-chat-widget\/elementor\/","name":"Bate-papo ao vivo - Adicione widget de bate-papo aos sites Elementor (f\u00e1cil e gratuito)","isPartOf":{"@id":"https:\/\/elfsight.com\/pt\/#website"},"datePublished":"2024-05-03T06:26:57+00:00","dateModified":"2025-02-11T12:16:03+00:00","description":"Implemente seu widget All-in-One Live Chat na p\u00e1gina da web Elementor em 1-2-3. Use nossa demonstra\u00e7\u00e3o ativa para construir seu widget exclusivo rapidamente.","breadcrumb":{"@id":"https:\/\/elfsight.com\/pt\/all-in-one-chat-widget\/elementor\/#breadcrumb"},"inLanguage":"pt-PT","potentialAction":[{"@type":"ReadAction","target":["https:\/\/elfsight.com\/pt\/all-in-one-chat-widget\/elementor\/"]}]},{"@type":"BreadcrumbList","@id":"https:\/\/elfsight.com\/pt\/all-in-one-chat-widget\/elementor\/#breadcrumb","itemListElement":[{"@type":"ListItem","position":1,"name":"Home","item":"https:\/\/elfsight.com\/pt\/"},{"@type":"ListItem","position":2,"name":"All-in-One Chat","item":"https:\/\/elfsight.com\/pt\/all-in-one-chat-widget\/"},{"@type":"ListItem","position":3,"name":"All-in-One Chat &#8211; Elementor"}]},{"@type":"WebSite","@id":"https:\/\/elfsight.com\/pt\/#website","url":"https:\/\/elfsight.com\/pt\/","name":"Elfsight PT","description":"Just another Elfsight Sites site","potentialAction":[{"@type":"SearchAction","target":{"@type":"EntryPoint","urlTemplate":"https:\/\/elfsight.com\/pt\/?s={search_term_string}"},"query-input":{"@type":"PropertyValueSpecification","valueRequired":true,"valueName":"search_term_string"}}],"inLanguage":"pt-PT"}]}},"meta_box":{"industry":"","seo_heading":"","heading":"","description":"","cta_heading":"","cta_description":"","application":"1096","h1":"Widget de chat ao vivo Elementor","h1_caption":"Com uma conex\u00e3o mais r\u00e1pida e personalizada, deixe mais clientes satisfeitos","application_category":[],"applications_title":"","applications_request_title":"","applications_request_button_text":"","hero_text":"","hero_video":"","hero_video_schema_markup":"","selling_points_title":"","selling_points_caption":"","selling_points":[],"selling_points_cta_text":"","features_title":"","features":"","ed_cta_examples_text":"","ed_cta_examples_hidden":"","ed_cta_demo_text":"","ed_cta_demo_hidden":"","why_caption":"","why_editor_title":"","why_editor_text":"","why_team_title":"","why_team_text":"","why_service_title":"","why_service_text":"","template_catalog_visible":"0","template_catalog_title":"","template_catalog_text":"","template_catalog_categories_visible":"","demo_title":"Crie seu widget de bate-papo multifuncional","demo_caption":"Configure seu bate-papo multifuncional e adicione-o ao seu site Elementor gratuitamente!","default_faq_hidden":"","app_template_category":[],"platform":"100","template_public_id":"","codecanyon_url":"","codecanyon_item_id":"","codecanyon_price":"","pricing_caption":"","pricing_elfsight_apps_hide_column":"","pricing_elfsight_apps_url":"","pricing_codecanyon_price_caption":"","integration_category":[],"integration_request_title":"","integration_request_cta":"","integration_platform":"","integrations":[],"platform_category":[],"video_schema_markup":"","price":"a partir de US$ 0\/m\u00eas","trial":"","benefits":[{"text":"Servi\u00e7o de instala\u00e7\u00e3o gratuito"},{"text":"Suporte profissional ao cliente"},{"text":"Garantia de reembolso de 14 dias"},{"text":"Melhorias gratuitas vital\u00edcias"}],"button_url":"#demo","button_target_blank":"0","button_nofollow":"0","attributes":[{"name":"Instala\u00e7\u00f5es","content":"100,000 - 500,000","_state":"expanded"},{"name":"Responsivo","content":"Sim","_state":"expanded"},{"name":"Navegadores compat\u00edveis","content":"Firefox, Safari, Opera, Chrome, Edge"}],"tags":[],"tags_disable_links":"0","hide_more_platforms":"0","video_object":"","demo_hide_cta":"0","demo_hide_cloud_options":"0","pricing_title":"","pricing":[{"pricing_icon":"platform","pricing_title":"Elfsight Apps","pricing_title_caption":"Software multiplataforma adequado para qualquer site","pricing_price":"a partir de US$ 0\/m\u00eas","pricing_price_caption":"comece com plano gratuito","pricing_benefits":[{"text":"Sites ilimitados"},{"text":"Suporte r\u00e1pido \u00e0 empresa"},{"text":"Suporte r\u00e1pido \u00e0 empresa"},{"text":"Oferta especial para v\u00e1rios aplicativos"}],"pricing_button_text":"Adicionar ao site","pricing_button_url":"#demo","_state":"expanded"}],"related_apps_title":"","related_apps_hidden":"1","author":"","image":[],"title":"","job":"","social_networks":[]},"_links":{"self":[{"href":"https:\/\/elfsight.com\/pt\/wp-json\/wp\/v2\/pages\/3444","targetHints":{"allow":["GET"]}}],"collection":[{"href":"https:\/\/elfsight.com\/pt\/wp-json\/wp\/v2\/pages"}],"about":[{"href":"https:\/\/elfsight.com\/pt\/wp-json\/wp\/v2\/types\/page"}],"author":[{"embeddable":true,"href":"https:\/\/elfsight.com\/pt\/wp-json\/wp\/v2\/users\/9"}],"replies":[{"embeddable":true,"href":"https:\/\/elfsight.com\/pt\/wp-json\/wp\/v2\/comments?post=3444"}],"version-history":[{"count":3,"href":"https:\/\/elfsight.com\/pt\/wp-json\/wp\/v2\/pages\/3444\/revisions"}],"predecessor-version":[{"id":13894,"href":"https:\/\/elfsight.com\/pt\/wp-json\/wp\/v2\/pages\/3444\/revisions\/13894"}],"up":[{"embeddable":true,"href":"https:\/\/elfsight.com\/pt\/wp-json\/wp\/v2\/pages\/1097"}],"wp:attachment":[{"href":"https:\/\/elfsight.com\/pt\/wp-json\/wp\/v2\/media?parent=3444"}],"curies":[{"name":"wp","href":"https:\/\/api.w.org\/{rel}","templated":true}]}}