{"id":3434,"date":"2024-05-03T06:27:25","date_gmt":"2024-05-03T06:27:25","guid":{"rendered":"https:\/\/elfsight.com\/pt\/?page_id=3434"},"modified":"2024-11-13T11:24:32","modified_gmt":"2024-11-13T11:24:32","slug":"drupal","status":"publish","type":"page","link":"https:\/\/elfsight.com\/pt\/all-in-one-reviews-widget\/drupal\/","title":{"rendered":"All-in-One Reviews &#8211; Drupal"},"content":{"rendered":"<div class=\"application-platform-content-item-description application-platform-content-item\" id=\"description\" data-nav-section=\"description\"> <h2>Descri\u00e7\u00e3o<\/h2> <p>Elfsight All-in-One Reviews \u00e9 um m\u00f3dulo \u00fatil para Drupal que lhe d\u00e1 a possibilidade de mostrar todos os avalia\u00e7\u00f5es sobre sua empresa diretamente em seu site, em todos os sites populares de avalia\u00e7\u00e3o de neg\u00f3cios. Usando nosso widget, voc\u00ea poder\u00e1 usar filtros para ocultar coment\u00e1rios indesejados, exibir sua classifica\u00e7\u00e3o e classifica\u00e7\u00e3o num\u00e9rica de seu perfil em qualquer p\u00e1gina da web de coment\u00e1rios, anexar informa\u00e7\u00f5es sobre os autores dos depoimentos e anexar um bot\u00e3o CTA fascinante que atrair\u00e1 os usu\u00e1rios para postar um novo coment\u00e1rio. Nosso widget Avalia\u00e7\u00f5es existe para ajud\u00e1-lo a exibir sua excelente prova social em sua p\u00e1gina da web e come\u00e7ar a adquirir mais vendas. <\/p> <p><b>Feedback do Facebook, Google, Amazon, Airbnb e muitos outros sites de avalia\u00e7\u00e3o de neg\u00f3cios em um widget para obter a maior taxa de convers\u00e3o poss\u00edvel e credibilidade do cliente!<\/b><\/p> <p><b> b&gt;Aumente suas vendas aplicando prova social<\/b><br>por meio do m\u00f3dulo Avalia\u00e7\u00f5es, voc\u00ea exibir\u00e1 suas avalia\u00e7\u00f5es de primeira linha do Google, Facebook, Airbnb, Amazon e outros sites populares de avalia\u00e7\u00e3o de neg\u00f3cios, obtendo mais novidades clientes.<\/p><p><b>Obtenha mais feedback<\/b><br>O atraente bot\u00e3o \u201cPostar uma avalia\u00e7\u00e3o\u201d motivar\u00e1 as pessoas a clicarem para compartilhar suas opini\u00f5es sobre seus produtos e servi\u00e7os, o que resultar\u00e1 na avalia\u00e7\u00e3o m\u00e1xima do cliente. <\/b><p><b>Diminuir avalia\u00e7\u00f5es negativas<\/b><br>O plug-in de avalia\u00e7\u00f5es de clientes oferece diversas oportunidades de filtro que lhe dar\u00e3o a oportunidade de reter avalia\u00e7\u00f5es negativas, exibindo apenas as ben\u00e9ficas.<\/b><\/div> <div class=\"application-platform-content-item-features application-platform-content-item\" id=\"features\" data-nav-section=\"features\"> <h2>Abaixo est\u00e3o os recursos centrais do widget: <\/h2> <ul><li>Cabe\u00e7alho altern\u00e1vel do m\u00f3dulo<\/li><li>\u201dEscrever revis\u00e3o\u201d bot\u00e3o para redirecionar para sua p\u00e1gina<\/li><li>Um \u00f3timo estilo a um clique de dist\u00e2ncia<\/li><li>Componentes da interface que podem ser pintados<\/li><li>M\u00e1ximo de detalhes para aumentar a confian\u00e7a<\/li><\/ul><p><a href=\"#demo\">Voc\u00ea pode sentir como o widget funciona experimentando a demonstra\u00e7\u00e3o<\/a><\/p> <\/div> <div class=\"application-platform-content-item-installation application-platform-content-item\" id=\"installation\" data-nav-section=\"installation\"> <h2>Como posso incorporar avalia\u00e7\u00f5es multifuncionais em minha p\u00e1gina da web Drupal? <\/h2> <p>Basta seguir as orienta\u00e7\u00f5es abaixo para integrar o m\u00f3dulo. <\/p> <ol><li><b>Gerencie nosso configurador gratuito e comece a moldar seu m\u00f3dulo personalizado. <\/b><br> Escolha a apar\u00eancia e funcionalidade selecionadas do m\u00f3dulo e aplique todas as modifica\u00e7\u00f5es. <\/li> <li><b>Adquira o seu c\u00f3digo pessoal revelado no formul\u00e1rio especial nas Apps Elfsight. <\/b><br> Ap\u00f3s a configura\u00e7\u00e3o do seu m\u00f3dulo, copie o c\u00f3digo exclusivo no pop-up exibido e salve-o para uso posterior. <\/li> <li><b>Comece a usar o m\u00f3dulo no seu site Drupal. <\/b><br> Insira o c\u00f3digo salvo anteriormente em sua p\u00e1gina web e aplique as edi\u00e7\u00f5es. <\/li> <li><b>Conclu\u00eddo! A incorpora\u00e7\u00e3o est\u00e1 totalmente realizada. <\/b><br> Acesse seu site para examinar como o m\u00f3dulo est\u00e1 operando. <\/li><\/ol><p>Supondo que voc\u00ea enfrente algumas complica\u00e7\u00f5es, n\u00e3o tenha medo de solicitar nossa equipe de suporte. Nosso pessoal est\u00e1 ansioso para ajud\u00e1-lo com todas as d\u00favidas que voc\u00ea possa ter sobre a ferramenta. <\/p> <div class=\"faq\" data-component=\"FAQ\"> <div class=\"faq-item\">\r\n\t\t\t\t\t<div class=\"faq-item-question\">\r\n\t\t\t\t\t\t<h3 class=\"faq-item-question-text\">Como adicionar avalia\u00e7\u00f5es completas ao meu site Drupal sem habilidades de codifica\u00e7\u00e3o?<\/h3>\r\n\r\n\t\t\t\t\t\t<div class=\"faq-item-question-icon\"><\/div>\r\n\t\t\t\t\t<\/div>\r\n\r\n\t\t\t\t\t<div class=\"faq-item-answer\">\r\n\t\t\t\t\t\t<div class=\"faq-item-answer-text\"> <p>A Elfsight fornece uma solu\u00e7\u00e3o SaaS que permite criar avalia\u00e7\u00f5es completas widget voc\u00ea mesmo, veja como o processo \u00e9 f\u00e1cil: Trabalhe diretamente no Editor on-line para criar um widget de Avalia\u00e7\u00f5es tudo-em-um que voc\u00ea gostaria de ver em seu site Drupal. Escolha um dos modelos predefinidos e ajuste as configura\u00e7\u00f5es das Revis\u00f5es Multifuncionais, adicione seu conte\u00fado, altere o layout e o esquema de cores sem habilidades de codifica\u00e7\u00e3o. Salve as an\u00e1lises multifuncionais e copie seu c\u00f3digo de instala\u00e7\u00e3o, que voc\u00ea pode adicionar facilmente ao seu site Drupal sem a necessidade de adquirir um plano pago. Com nosso editor intuitivo, qualquer usu\u00e1rio da Internet pode criar um widget de avalia\u00e7\u00f5es completas on-line e incorpor\u00e1-lo facilmente em seu site Drupal. N\u00e3o h\u00e1 necessidade de pagar ou inserir as credenciais do seu cart\u00e3o para acessar o servi\u00e7o. Se voc\u00ea enfrentar qualquer problema em qualquer etapa, n\u00e3o hesite em entrar em contato com nossa equipe de suporte t\u00e9cnico.<\/p> <\/div>\r\n\t\t\t\t\t<\/div>\r\n\t\t\t\t<\/div> <\/div> <\/div>","protected":false},"excerpt":{"rendered":"","protected":false},"author":9,"featured_media":0,"parent":366,"menu_order":0,"comment_status":"closed","ping_status":"closed","template":"templates\/template-application-platform.php","meta":{"publish_to_discourse":"","publish_post_category":"","wpdc_auto_publish_overridden":"","wpdc_topic_tags":"","wpdc_pin_topic":"","wpdc_pin_until":"","discourse_post_id":"","discourse_permalink":"","wpdc_publishing_response":"","wpdc_publishing_error":"","footnotes":""},"class_list":["post-3434","page","type-page","status-publish","hentry"],"yoast_head":"<!-- This site is optimized with the Yoast SEO plugin v25.3.1 - https:\/\/yoast.com\/wordpress\/plugins\/seo\/ -->\n<title>Adicione um m\u00f3dulo responsivo de avalia\u00e7\u00f5es multifuncionais ao seu site Drupal<\/title>\n<meta name=\"description\" content=\"Incorpore um m\u00f3dulo responsivo de avalia\u00e7\u00f5es multifuncionais em seu site Drupal e obtenha confian\u00e7a total. Aplique a demonstra\u00e7\u00e3o da Elfsight para construir seu recurso exclusivo.\" \/>\n<meta name=\"robots\" content=\"index, follow, max-snippet:-1, max-image-preview:large, max-video-preview:-1\" \/>\n<link rel=\"canonical\" href=\"https:\/\/elfsight.com\/pt\/all-in-one-reviews-widget\/drupal\/\" \/>\n<meta property=\"og:locale\" content=\"pt_PT\" \/>\n<meta property=\"og:type\" content=\"article\" \/>\n<meta property=\"og:title\" content=\"Adicione um m\u00f3dulo responsivo de avalia\u00e7\u00f5es multifuncionais ao seu site Drupal\" \/>\n<meta property=\"og:description\" content=\"Incorpore um m\u00f3dulo responsivo de avalia\u00e7\u00f5es multifuncionais em seu site Drupal e obtenha confian\u00e7a total. Aplique a demonstra\u00e7\u00e3o da Elfsight para construir seu recurso exclusivo.\" \/>\n<meta property=\"og:url\" content=\"https:\/\/elfsight.com\/pt\/all-in-one-reviews-widget\/drupal\/\" \/>\n<meta property=\"og:site_name\" content=\"Elfsight PT\" \/>\n<meta property=\"article:modified_time\" content=\"2024-11-13T11:24:32+00:00\" \/>\n<meta name=\"twitter:card\" content=\"summary_large_image\" \/>\n<meta name=\"twitter:label1\" content=\"Tempo estimado de leitura\" \/>\n\t<meta name=\"twitter:data1\" content=\"2 minutos\" \/>\n<!-- \/ Yoast SEO plugin. -->","yoast_head_json":{"title":"Adicione um m\u00f3dulo responsivo de avalia\u00e7\u00f5es multifuncionais ao seu site Drupal","description":"Incorpore um m\u00f3dulo responsivo de avalia\u00e7\u00f5es multifuncionais em seu site Drupal e obtenha confian\u00e7a total. Aplique a demonstra\u00e7\u00e3o da Elfsight para construir seu recurso exclusivo.","robots":{"index":"index","follow":"follow","max-snippet":"max-snippet:-1","max-image-preview":"max-image-preview:large","max-video-preview":"max-video-preview:-1"},"canonical":"https:\/\/elfsight.com\/pt\/all-in-one-reviews-widget\/drupal\/","og_locale":"pt_PT","og_type":"article","og_title":"Adicione um m\u00f3dulo responsivo de avalia\u00e7\u00f5es multifuncionais ao seu site Drupal","og_description":"Incorpore um m\u00f3dulo responsivo de avalia\u00e7\u00f5es multifuncionais em seu site Drupal e obtenha confian\u00e7a total. Aplique a demonstra\u00e7\u00e3o da Elfsight para construir seu recurso exclusivo.","og_url":"https:\/\/elfsight.com\/pt\/all-in-one-reviews-widget\/drupal\/","og_site_name":"Elfsight PT","article_modified_time":"2024-11-13T11:24:32+00:00","twitter_card":"summary_large_image","twitter_misc":{"Tempo estimado de leitura":"2 minutos"},"schema":{"@context":"https:\/\/schema.org","@graph":[{"@type":"WebPage","@id":"https:\/\/elfsight.com\/pt\/all-in-one-reviews-widget\/drupal\/","url":"https:\/\/elfsight.com\/pt\/all-in-one-reviews-widget\/drupal\/","name":"Adicione um m\u00f3dulo responsivo de avalia\u00e7\u00f5es multifuncionais ao seu site Drupal","isPartOf":{"@id":"https:\/\/elfsight.com\/pt\/#website"},"datePublished":"2024-05-03T06:27:25+00:00","dateModified":"2024-11-13T11:24:32+00:00","description":"Incorpore um m\u00f3dulo responsivo de avalia\u00e7\u00f5es multifuncionais em seu site Drupal e obtenha confian\u00e7a total. Aplique a demonstra\u00e7\u00e3o da Elfsight para construir seu recurso exclusivo.","breadcrumb":{"@id":"https:\/\/elfsight.com\/pt\/all-in-one-reviews-widget\/drupal\/#breadcrumb"},"inLanguage":"pt-PT","potentialAction":[{"@type":"ReadAction","target":["https:\/\/elfsight.com\/pt\/all-in-one-reviews-widget\/drupal\/"]}]},{"@type":"BreadcrumbList","@id":"https:\/\/elfsight.com\/pt\/all-in-one-reviews-widget\/drupal\/#breadcrumb","itemListElement":[{"@type":"ListItem","position":1,"name":"Home","item":"https:\/\/elfsight.com\/pt\/"},{"@type":"ListItem","position":2,"name":"All-in-One Reviews","item":"https:\/\/elfsight.com\/pt\/all-in-one-reviews-widget\/"},{"@type":"ListItem","position":3,"name":"All-in-One Reviews &#8211; Drupal"}]},{"@type":"WebSite","@id":"https:\/\/elfsight.com\/pt\/#website","url":"https:\/\/elfsight.com\/pt\/","name":"Elfsight PT","description":"Just another Elfsight Sites site","potentialAction":[{"@type":"SearchAction","target":{"@type":"EntryPoint","urlTemplate":"https:\/\/elfsight.com\/pt\/?s={search_term_string}"},"query-input":{"@type":"PropertyValueSpecification","valueRequired":true,"valueName":"search_term_string"}}],"inLanguage":"pt-PT"}]}},"meta_box":{"industry":"","seo_heading":"","heading":"","description":"","cta_heading":"","cta_description":"","application":"364","h1":"M\u00f3dulo de an\u00e1lises completas do Drupal","h1_caption":"Confian\u00e7a de n\u00edvel superior mostrando avalia\u00e7\u00f5es de usu\u00e1rios reais com dados do autor","application_category":[],"applications_title":"","applications_request_title":"","applications_request_button_text":"","hero_text":"","hero_video":"","hero_video_schema_markup":"","selling_points_title":"","selling_points_caption":"","selling_points":[],"selling_points_cta_text":"","features_title":"","features":"","ed_cta_examples_text":"","ed_cta_examples_hidden":"","ed_cta_demo_text":"","ed_cta_demo_hidden":"","why_caption":"","why_editor_title":"","why_editor_text":"","why_team_title":"","why_team_text":"","why_service_title":"","why_service_text":"","template_catalog_visible":"","template_catalog_title":"","template_catalog_text":"","template_catalog_categories_visible":"","demo_title":"Crie seu m\u00f3dulo de avalia\u00e7\u00f5es multifuncionais","demo_caption":"Configure suas an\u00e1lises multifuncionais e adicione-as ao seu site Drupal gratuitamente!","default_faq_hidden":"","app_template_category":[],"platform":"4905","template_public_id":"","codecanyon_url":"","codecanyon_item_id":"","codecanyon_price":"","pricing_caption":"","pricing_elfsight_apps_hide_column":"","pricing_elfsight_apps_url":"","pricing_codecanyon_price_caption":"","integration_category":[],"integration_request_title":"","integration_request_cta":"","integration_platform":"","integrations":[],"platform_category":[],"video_schema_markup":"","price":"a partir de US$ 0\/m\u00eas","trial":"","benefits":[{"text":"Assist\u00eancia de instala\u00e7\u00e3o gratuita"},{"text":"Suporte ao cliente experiente"},{"text":"Garantia de reembolso de 14 dias"},{"text":"Atualiza\u00e7\u00f5es futuras"}],"button_url":"#demo","button_target_blank":"0","button_nofollow":"0","attributes":[{"name":"Instala\u00e7\u00f5es","content":"100,000 - 500,000","_state":"expanded"},{"name":"Responsivo","content":"Sim","_state":"expanded"},{"name":"Navegadores compat\u00edveis","content":"IE 11, Firefox, Safari, Opera, Chrome, Edge"}],"tags":[],"tags_disable_links":"0","hide_more_platforms":"","video_object":"","demo_hide_cta":"0","demo_hide_cloud_options":"0","pricing_title":"","pricing":[{"pricing_icon":"platform","pricing_title":"Elfsight Apps","pricing_title_caption":"Software multiplataforma que funciona em qualquer site","pricing_price":"a partir de US$ 0\/m\u00eas","pricing_price_caption":"comece com plano gratuito","pricing_benefits":[{"text":"Sites ilimitados"},{"text":"Suporte r\u00e1pido e bem documentado"},{"text":"Suporte r\u00e1pido e bem documentado"},{"text":"Pre\u00e7o especial para v\u00e1rios aplicativos"}],"pricing_button_text":"Adicionar ao site","pricing_button_url":"#demo","_state":"expanded"}],"related_apps_title":"","related_apps_hidden":"1","author":"","image":[],"title":"","job":"","social_networks":[]},"_links":{"self":[{"href":"https:\/\/elfsight.com\/pt\/wp-json\/wp\/v2\/pages\/3434","targetHints":{"allow":["GET"]}}],"collection":[{"href":"https:\/\/elfsight.com\/pt\/wp-json\/wp\/v2\/pages"}],"about":[{"href":"https:\/\/elfsight.com\/pt\/wp-json\/wp\/v2\/types\/page"}],"author":[{"embeddable":true,"href":"https:\/\/elfsight.com\/pt\/wp-json\/wp\/v2\/users\/9"}],"replies":[{"embeddable":true,"href":"https:\/\/elfsight.com\/pt\/wp-json\/wp\/v2\/comments?post=3434"}],"version-history":[{"count":2,"href":"https:\/\/elfsight.com\/pt\/wp-json\/wp\/v2\/pages\/3434\/revisions"}],"predecessor-version":[{"id":11578,"href":"https:\/\/elfsight.com\/pt\/wp-json\/wp\/v2\/pages\/3434\/revisions\/11578"}],"up":[{"embeddable":true,"href":"https:\/\/elfsight.com\/pt\/wp-json\/wp\/v2\/pages\/366"}],"wp:attachment":[{"href":"https:\/\/elfsight.com\/pt\/wp-json\/wp\/v2\/media?parent=3434"}],"curies":[{"name":"wp","href":"https:\/\/api.w.org\/{rel}","templated":true}]}}