{"id":3431,"date":"2024-05-03T06:27:51","date_gmt":"2024-05-03T06:27:51","guid":{"rendered":"https:\/\/elfsight.com\/pt\/?page_id=3431"},"modified":"2025-01-17T13:08:59","modified_gmt":"2025-01-17T13:08:59","slug":"drupal","status":"publish","type":"page","link":"https:\/\/elfsight.com\/pt\/amazon-reviews-widget\/drupal\/","title":{"rendered":"Amazon Reviews &#8211; Drupal"},"content":{"rendered":"\n<div class=\"application-platform-content-item-description application-platform-content-item\" id=\"description\" data-nav-section=\"description\"><h2>Descri\u00e7\u00e3o<\/h2><p>O m\u00f3dulo Elfsight Amazon \u00e9 o m\u00e9todo mais descomplicado para construir a representa\u00e7\u00e3o da sua marca, demonstrando a opini\u00e3o real dos visitantes sobre a sua produtos. Mostre apenas as rea\u00e7\u00f5es melhores ou mais significativas e organize-as da maneira que desejar. Obtenha prova social mostrando ao seu p\u00fablico que voc\u00ea \u00e9 um parceiro confi\u00e1vel.<\/p><p><b>Inspire os usu\u00e1rios a postar novos coment\u00e1rios sobre sua empresa e melhore as conversas com os clientes!<\/b><\/p><\/div> <div class=\"application-platform-content-item-features application-platform-content-item\" id=\"features\" data-nav-section=\"features\"><h2>Recursos<\/h2><p>Para ter uma melhor percep\u00e7\u00e3o do Reviews from Amazon, examine a lista de suas principais fun\u00e7\u00f5es. Eles tornam nosso widget realmente eficiente para voc\u00ea:<\/p><ul><li>3 filtros predefinidos: por tipo, exclus\u00e3o por e quantidade de coment\u00e1rios para exibi\u00e7\u00e3o;<\/li><li>Quatro tipos de layouts: Lista, Grade, Alvenaria e Slider;<\/li><li>Uma op\u00e7\u00e3o para controlar a exibi\u00e7\u00e3o do cabe\u00e7alho do widget;<\/li><li>O bot\u00e3o para solicitar uma revis\u00e3o leva os usu\u00e1rios \u00e0 sua p\u00e1gina da Amazon;<\/li><li>Seis elementos ajust\u00e1veis \u200b\u200bda interface: nome e foto do autor, texto de recomenda\u00e7\u00e3o, data, \u00edcone da Amazon e classifica\u00e7\u00e3o por estrelas;<\/li><li>Duas variantes de cen\u00e1rios de recusa de solicita\u00e7\u00e3o de revis\u00e3o: revelar uma mensagem de texto ou ocultar o bot\u00e3o;<\/li><\/ul><p><a href=\"#demo\">Para ver mais recursos, confira nossa demonstra\u00e7\u00e3o<\/a><\/p><\/div><div class=\"application-platform-content-item-installation application-platform-content-item\" id=\"installation\" data-nav-section=\"installation\"> <h2>Como adicionar o m\u00f3dulo Reviews from Amazon ao site Drupal<\/h2><p>Basta seguir as instru\u00e7\u00f5es abaixo para ativar a ferramenta no Drupal.<\/p> <ol><li><b>Use nossa demonstra\u00e7\u00e3o gratuita e comece a criar seu m\u00f3dulo Reviews from Amazon personalizado. <\/b><br> Encontre o formul\u00e1rio selecionado e as especifica\u00e7\u00f5es do Reviews from Amazon e salve as edi\u00e7\u00f5es. <\/li> <li><b>Copie o c\u00f3digo pessoal que aparece no formul\u00e1rio especial nas aplica\u00e7\u00f5es Elfsight. <\/b><br> Quando o estabelecimento de sua ferramenta pessoal terminar, copie o c\u00f3digo individual na caixa exibida e salve-o para uso futuro. <\/li> <li><b>Comece a usar o widget em seu site Drupal. <\/b><br> Cole o c\u00f3digo que voc\u00ea copiou recentemente em sua p\u00e1gina e aplique as corre\u00e7\u00f5es. <\/li> <li><b>Conclu\u00eddo! A incorpora\u00e7\u00e3o est\u00e1 totalmente conclu\u00edda. <\/b><br> Acesse seu site para verificar como est\u00e1 o funcionamento do m\u00f3dulo. <\/li><\/ol><p>Ainda n\u00e3o consegue decidir? Ou tem d\u00favidas? Basta encaminhar um pedido para a nossa equipa de suporte &#8211; eles resolver\u00e3o todas as quest\u00f5es.<\/p><div class=\"faq\" data-component=\"FAQ\"> <div class=\"faq-item\">\r\n\t\t\t\t\t<div class=\"faq-item-question\">\r\n\t\t\t\t\t\t<h3 class=\"faq-item-question-text\">Como posso adicionar Reviews from Amazon ao meu website Drupal sem conhecimentos de codifica\u00e7\u00e3o?<\/h3>\r\n\r\n\t\t\t\t\t\t<div class=\"faq-item-question-icon\"><\/div>\r\n\t\t\t\t\t<\/div>\r\n\r\n\t\t\t\t\t<div class=\"faq-item-answer\">\r\n\t\t\t\t\t\t<div class=\"faq-item-answer-text\"> <p>A Elfsight fornece um SaaS solu\u00e7\u00e3o que permite que voc\u00ea mesmo crie um widget Reviews from Amazon, veja como o processo \u00e9 f\u00e1cil: Trabalhe diretamente no Editor on-line para criar um widget Reviews from Amazon que voc\u00ea gostaria de ver em seu site Drupal. Escolha um dos modelos predefinidos e ajuste as configura\u00e7\u00f5es do Reviews from Amazon, adicione seu conte\u00fado, altere o layout e o esquema de cores sem habilidades de codifica\u00e7\u00e3o. Salve o Reviews from Amazon e copie seu c\u00f3digo de instala\u00e7\u00e3o, que voc\u00ea pode incluir facilmente em seu site Drupal sem comprar uma vers\u00e3o paga. Com nosso editor intuitivo, qualquer usu\u00e1rio da Internet pode criar um widget Reviews from Amazon online e incorpor\u00e1-lo facilmente em seu site Drupal. N\u00e3o h\u00e1 necessidade de pagar ou inserir as credenciais do seu cart\u00e3o para acessar o servi\u00e7o. Se voc\u00ea enfrentar qualquer problema em qualquer etapa, n\u00e3o hesite em entrar em contato com nossa equipe de suporte t\u00e9cnico.<\/p> <\/div>\r\n\t\t\t\t\t<\/div>\r\n\t\t\t\t<\/div> <\/div> <\/div>\n","protected":false},"excerpt":{"rendered":"","protected":false},"author":9,"featured_media":0,"parent":752,"menu_order":0,"comment_status":"closed","ping_status":"closed","template":"templates\/template-application-platform.php","meta":{"publish_to_discourse":"","publish_post_category":"","wpdc_auto_publish_overridden":"","wpdc_topic_tags":"","wpdc_pin_topic":"","wpdc_pin_until":"","discourse_post_id":"","discourse_permalink":"","wpdc_publishing_response":"","wpdc_publishing_error":"","footnotes":""},"class_list":["post-3431","page","type-page","status-publish","hentry"],"yoast_head":"<!-- This site is optimized with the Yoast SEO plugin v25.3.1 - https:\/\/yoast.com\/wordpress\/plugins\/seo\/ -->\n<title>Avalia\u00e7\u00f5es da Amazon | Incorporar m\u00f3dulo Amazon no site Drupal<\/title>\n<meta name=\"description\" content=\"Crie seu m\u00f3dulo Reviews from Amazon e insira-o no site Drupal rapidamente. Temos suporte gratuito ao cliente e mais b\u00f4nus para os usu\u00e1rios.\" \/>\n<meta name=\"robots\" content=\"index, follow, max-snippet:-1, max-image-preview:large, max-video-preview:-1\" \/>\n<link rel=\"canonical\" href=\"https:\/\/elfsight.com\/pt\/amazon-reviews-widget\/drupal\/\" \/>\n<meta property=\"og:locale\" content=\"pt_PT\" \/>\n<meta property=\"og:type\" content=\"article\" \/>\n<meta property=\"og:title\" content=\"Avalia\u00e7\u00f5es da Amazon | Incorporar m\u00f3dulo Amazon no site Drupal\" \/>\n<meta property=\"og:description\" content=\"Crie seu m\u00f3dulo Reviews from Amazon e insira-o no site Drupal rapidamente. Temos suporte gratuito ao cliente e mais b\u00f4nus para os usu\u00e1rios.\" \/>\n<meta property=\"og:url\" content=\"https:\/\/elfsight.com\/pt\/amazon-reviews-widget\/drupal\/\" \/>\n<meta property=\"og:site_name\" content=\"Elfsight PT\" \/>\n<meta property=\"article:modified_time\" content=\"2025-01-17T13:08:59+00:00\" \/>\n<meta name=\"twitter:card\" content=\"summary_large_image\" \/>\n<meta name=\"twitter:label1\" content=\"Tempo estimado de leitura\" \/>\n\t<meta name=\"twitter:data1\" content=\"3 minutos\" \/>\n<!-- \/ Yoast SEO plugin. -->","yoast_head_json":{"title":"Avalia\u00e7\u00f5es da Amazon | Incorporar m\u00f3dulo Amazon no site Drupal","description":"Crie seu m\u00f3dulo Reviews from Amazon e insira-o no site Drupal rapidamente. Temos suporte gratuito ao cliente e mais b\u00f4nus para os usu\u00e1rios.","robots":{"index":"index","follow":"follow","max-snippet":"max-snippet:-1","max-image-preview":"max-image-preview:large","max-video-preview":"max-video-preview:-1"},"canonical":"https:\/\/elfsight.com\/pt\/amazon-reviews-widget\/drupal\/","og_locale":"pt_PT","og_type":"article","og_title":"Avalia\u00e7\u00f5es da Amazon | Incorporar m\u00f3dulo Amazon no site Drupal","og_description":"Crie seu m\u00f3dulo Reviews from Amazon e insira-o no site Drupal rapidamente. Temos suporte gratuito ao cliente e mais b\u00f4nus para os usu\u00e1rios.","og_url":"https:\/\/elfsight.com\/pt\/amazon-reviews-widget\/drupal\/","og_site_name":"Elfsight PT","article_modified_time":"2025-01-17T13:08:59+00:00","twitter_card":"summary_large_image","twitter_misc":{"Tempo estimado de leitura":"3 minutos"},"schema":{"@context":"https:\/\/schema.org","@graph":[{"@type":"WebPage","@id":"https:\/\/elfsight.com\/pt\/amazon-reviews-widget\/drupal\/","url":"https:\/\/elfsight.com\/pt\/amazon-reviews-widget\/drupal\/","name":"Avalia\u00e7\u00f5es da Amazon | Incorporar m\u00f3dulo Amazon no site Drupal","isPartOf":{"@id":"https:\/\/elfsight.com\/pt\/#website"},"datePublished":"2024-05-03T06:27:51+00:00","dateModified":"2025-01-17T13:08:59+00:00","description":"Crie seu m\u00f3dulo Reviews from Amazon e insira-o no site Drupal rapidamente. Temos suporte gratuito ao cliente e mais b\u00f4nus para os usu\u00e1rios.","breadcrumb":{"@id":"https:\/\/elfsight.com\/pt\/amazon-reviews-widget\/drupal\/#breadcrumb"},"inLanguage":"pt-PT","potentialAction":[{"@type":"ReadAction","target":["https:\/\/elfsight.com\/pt\/amazon-reviews-widget\/drupal\/"]}]},{"@type":"BreadcrumbList","@id":"https:\/\/elfsight.com\/pt\/amazon-reviews-widget\/drupal\/#breadcrumb","itemListElement":[{"@type":"ListItem","position":1,"name":"Home","item":"https:\/\/elfsight.com\/pt\/"},{"@type":"ListItem","position":2,"name":"Amazon Reviews","item":"https:\/\/elfsight.com\/pt\/amazon-reviews-widget\/"},{"@type":"ListItem","position":3,"name":"Amazon Reviews &#8211; Drupal"}]},{"@type":"WebSite","@id":"https:\/\/elfsight.com\/pt\/#website","url":"https:\/\/elfsight.com\/pt\/","name":"Elfsight PT","description":"Just another Elfsight Sites site","potentialAction":[{"@type":"SearchAction","target":{"@type":"EntryPoint","urlTemplate":"https:\/\/elfsight.com\/pt\/?s={search_term_string}"},"query-input":{"@type":"PropertyValueSpecification","valueRequired":true,"valueName":"search_term_string"}}],"inLanguage":"pt-PT"}]}},"meta_box":{"industry":"","seo_heading":"","heading":"","description":"","cta_heading":"","cta_description":"","application":"751","h1":"M\u00f3dulo Reviews from Amazon para Drupal","h1_caption":"Demonstre avalia\u00e7\u00f5es sobre seus produtos da Amazon diretamente em seu site","application_category":[],"applications_title":"","applications_request_title":"","applications_request_button_text":"","hero_text":"","hero_video":"","hero_video_schema_markup":"","selling_points_title":"","selling_points_caption":"","selling_points":[],"selling_points_cta_text":"","features_title":"","features":"","ed_cta_examples_text":"","ed_cta_examples_hidden":"","ed_cta_demo_text":"","ed_cta_demo_hidden":"","why_caption":"","why_editor_title":"","why_editor_text":"","why_team_title":"","why_team_text":"","why_service_title":"","why_service_text":"","template_catalog_visible":"0","template_catalog_title":"","template_catalog_text":"","template_catalog_categories_visible":"","demo_title":"Crie seu m\u00f3dulo Reviews from Amazon","demo_caption":"Configure suas avalia\u00e7\u00f5es da Amazon e adicione-as ao seu site Drupal gratuitamente!","default_faq_hidden":"","app_template_category":[],"platform":"4905","template_public_id":"","codecanyon_url":"","codecanyon_item_id":"","codecanyon_price":"","pricing_caption":"","pricing_elfsight_apps_hide_column":"","pricing_elfsight_apps_url":"","pricing_codecanyon_price_caption":"","integration_category":[],"integration_request_title":"","integration_request_cta":"","integration_platform":"","integrations":[],"platform_category":[],"video_schema_markup":"","price":"a partir de US$ 0\/m\u00eas","trial":"","benefits":[{"text":"Servi\u00e7o de instala\u00e7\u00e3o gratuito"},{"text":"Suporte ao cliente competente"},{"text":"Garantia de devolu\u00e7\u00e3o do dinheiro em 14 dias"},{"text":"Atualiza\u00e7\u00f5es regulares"}],"button_url":"#demo","button_target_blank":"0","button_nofollow":"0","attributes":[{"name":"Instala\u00e7\u00f5es","content":"10,000 - 100,000","_state":"expanded"},{"name":"Responsivo","content":"Sim","_state":"expanded"},{"name":"Navegadores compat\u00edveis","content":"Firefox, Safari, Opera, Chrome, Edge"}],"tags":[],"tags_disable_links":"0","hide_more_platforms":"","video_object":"","demo_hide_cta":"0","demo_hide_cloud_options":"0","pricing_title":"","pricing":[{"pricing_icon":"platform","pricing_title":"Elfsight Apps","pricing_title_caption":"Vers\u00e3o multiplataforma adequada para qualquer site","pricing_price":"a partir de US$ 0\/m\u00eas","pricing_price_caption":"comece com plano gratuito","pricing_benefits":[{"text":"Sites ilimitados"},{"text":"Suporte dedicado \u00e0 empresa"},{"text":"Suporte dedicado \u00e0 empresa"},{"text":"Pre\u00e7o a ser pago para v\u00e1rios aplicativos"}],"pricing_button_text":"Adicionar ao site","pricing_button_url":"#demo","_state":"expanded"}],"related_apps_title":"","related_apps_hidden":"1","author":"","image":[],"title":"","job":"","social_networks":[]},"_links":{"self":[{"href":"https:\/\/elfsight.com\/pt\/wp-json\/wp\/v2\/pages\/3431","targetHints":{"allow":["GET"]}}],"collection":[{"href":"https:\/\/elfsight.com\/pt\/wp-json\/wp\/v2\/pages"}],"about":[{"href":"https:\/\/elfsight.com\/pt\/wp-json\/wp\/v2\/types\/page"}],"author":[{"embeddable":true,"href":"https:\/\/elfsight.com\/pt\/wp-json\/wp\/v2\/users\/9"}],"replies":[{"embeddable":true,"href":"https:\/\/elfsight.com\/pt\/wp-json\/wp\/v2\/comments?post=3431"}],"version-history":[{"count":3,"href":"https:\/\/elfsight.com\/pt\/wp-json\/wp\/v2\/pages\/3431\/revisions"}],"predecessor-version":[{"id":13571,"href":"https:\/\/elfsight.com\/pt\/wp-json\/wp\/v2\/pages\/3431\/revisions\/13571"}],"up":[{"embeddable":true,"href":"https:\/\/elfsight.com\/pt\/wp-json\/wp\/v2\/pages\/752"}],"wp:attachment":[{"href":"https:\/\/elfsight.com\/pt\/wp-json\/wp\/v2\/media?parent=3431"}],"curies":[{"name":"wp","href":"https:\/\/api.w.org\/{rel}","templated":true}]}}