{"id":3429,"date":"2024-05-03T06:26:06","date_gmt":"2024-05-03T06:26:06","guid":{"rendered":"https:\/\/elfsight.com\/pt\/?page_id=3429"},"modified":"2024-11-13T12:04:23","modified_gmt":"2024-11-13T12:04:23","slug":"blogger","status":"publish","type":"page","link":"https:\/\/elfsight.com\/pt\/age-verification-widget\/blogger\/","title":{"rendered":"Age Verification &#8211; Blogger"},"content":{"rendered":"<div class=\"application-platform-content-item-description application-platform-content-item\" id=\"description\" data-nav-section=\"description\"> <h2>Descri\u00e7\u00e3o<\/h2> <p>O widget Elfsight ser\u00e1 a ferramenta mais f\u00e1cil para obter uma janela de carregamento de p\u00e1gina que verifica a idade de um visitante. O widget torna seu material com idade limitada acess\u00edvel para usu\u00e1rios maiores de idade e o oculta da categoria de menores. Voc\u00ea pode definir um limite de idade obrigat\u00f3rio, especificar o m\u00e9todo de verifica\u00e7\u00e3o, introduzir o widget em cada p\u00e1gina ou apenas nas p\u00e1ginas selecionadas e escolher o cen\u00e1rio. A interface tamb\u00e9m est\u00e1 sob seu controle, com detalhes pint\u00e1veis \u200b\u200be o recurso de fazer upload de suas pr\u00f3prias imagens. <\/p> <div class=\"faq\" data-component=\"FAQ\"> <div class=\"faq-item\">\r\n\t\t\t\t\t<div class=\"faq-item-question\">\r\n\t\t\t\t\t\t<h3 class=\"faq-item-question-text\">Onde posso instal\u00e1-lo no meu site<\/h3>\r\n\r\n\t\t\t\t\t\t<div class=\"faq-item-question-icon\"><\/div>\r\n\t\t\t\t\t<\/div>\r\n\r\n\t\t\t\t\t<div class=\"faq-item-answer\">\r\n\t\t\t\t\t\t<div class=\"faq-item-answer-text\"> <p>Voc\u00ea pode exibir o pop-up de controle de idade em todos os sites ou escolher as p\u00e1ginas para exibi-lo. Al\u00e9m disso, existe a op\u00e7\u00e3o de excluir as p\u00e1ginas nas quais voc\u00ea n\u00e3o precisa. <\/p> <\/div>\r\n\t\t\t\t\t<\/div>\r\n\t\t\t\t<\/div> <div class=\"faq-item\">\r\n\t\t\t\t\t<div class=\"faq-item-question\">\r\n\t\t\t\t\t\t<h3 class=\"faq-item-question-text\">Como posso me beneficiar deste plugin? <\/h3>\r\n\r\n\t\t\t\t\t\t<div class=\"faq-item-question-icon\"><\/div>\r\n\t\t\t\t\t<\/div>\r\n\r\n\t\t\t\t\t<div class=\"faq-item-answer\">\r\n\t\t\t\t\t\t<div class=\"faq-item-answer-text\"> <p>Usando este widget, \u00e9 muito simples e r\u00e1pido mostrar uma janela de verifica\u00e7\u00e3o de idade e tornar seu material indispon\u00edvel para visitantes menores de idade. Assim, voc\u00ea ter\u00e1 a certeza de que seu site est\u00e1 de acordo com a legisla\u00e7\u00e3o. Mais do que isso, atrair\u00e1 mais visitantes-alvo e clientes potenciais v\u00e1lidos. <\/p> <\/div>\r\n\t\t\t\t\t<\/div>\r\n\t\t\t\t<\/div> <div class=\"faq-item\">\r\n\t\t\t\t\t<div class=\"faq-item-question\">\r\n\t\t\t\t\t\t<h3 class=\"faq-item-question-text\">Como adiciono a verifica\u00e7\u00e3o de idade ao meu site do Blogger? <\/h3>\r\n\r\n\t\t\t\t\t\t<div class=\"faq-item-question-icon\"><\/div>\r\n\t\t\t\t\t<\/div>\r\n\r\n\t\t\t\t\t<div class=\"faq-item-answer\">\r\n\t\t\t\t\t\t<div class=\"faq-item-answer-text\"> <p>Voc\u00ea s\u00f3 precisar\u00e1 de dois minutos para configur\u00e1-lo. A instala\u00e7\u00e3o \u00e9 muito r\u00e1pida, gratuita e n\u00e3o inclui codifica\u00e7\u00e3o. <\/p> <p>A verifica\u00e7\u00e3o de idade da Elfsight pode ser integrada atrav\u00e9s do nosso servi\u00e7o ou atrav\u00e9s do mercado. Aqui voc\u00ea pode comparar as vantagens de ambas as variantes e escolher a mais adequada. <\/p> <\/div>\r\n\t\t\t\t\t<\/div>\r\n\t\t\t\t<\/div> <\/div> <\/div> <div class=\"application-platform-content-item-features application-platform-content-item\" id=\"features\" data-nav-section=\"features\"> <h2>Recursos<\/h2> <p>Para moldar uma compreens\u00e3o mais clara do widget, verifique a lista dos principais caracter\u00edsticas. Eles tornam o widget incrivelmente eficaz para voc\u00ea: <\/p> <ul><li>Escolha um dos tr\u00eas formatos de verifica\u00e7\u00e3o: perguntando a data de nascimento completa, apenas o ano de nascimento ou uma pergunta oferecendo op\u00e7\u00f5es de Sim e N\u00e3o; <\/li><li>A op\u00e7\u00e3o de lembrar dos usu\u00e1rios por qualquer per\u00edodo de tempo; <\/li><li>Dois cen\u00e1rios para visitantes dissuadidos: exibir um texto personalizado ou direcionar um usu\u00e1rio para qualquer endere\u00e7o; <\/li><li>Adicione sua pr\u00f3pria foto para adicionar ao pop-up de verifica\u00e7\u00e3o; <\/li><li>Demonstre detalhes extras com links abaixo do bot\u00e3o de verifica\u00e7\u00e3o. <\/li><\/ul><p><a href=\"#demo\">A demonstra\u00e7\u00e3o ao vivo abrir\u00e1 todos os recursos para voc\u00ea<\/a><\/p> <\/div> <div class=\"application-platform-content-item-installation application-platform-content-item\" id=\"installation\" data-nav-section=\"installation\"> <h2>Veja como adicionar o widget Verifica\u00e7\u00e3o de idade ao seu site do Blogger. \u00c9 r\u00e1pido.<\/h2> <div class=\"video-container\"><iframe width=\"720\" height=\"405\" src=\"https:\/\/www.youtube.com\/embed\/5tEa0-ah-0E\" frameborder=\"0\" allowfullscreen=\"\"><\/iframe><\/div><p>As etapas abaixo s\u00e3o a \u00fanica coisa que voc\u00ea precisa fazer. <\/p> <ol><li><b>Gere seu plugin pessoal de verifica\u00e7\u00e3o de idade<\/b><br> Gerenciando nosso configurador gratuito, configure um plugin com layout e fun\u00e7\u00f5es espec\u00edficas. <\/li><li><b>Copie o c\u00f3digo individual para exibir o plugin<\/b><br> Depois de personalizar seu widget, voc\u00ea receber\u00e1 seu c\u00f3digo de instala\u00e7\u00e3o na notifica\u00e7\u00e3o pop-up nos aplicativos Elfsight. Copie-o.<\/li> <li><b> O plugin no seu site do Muse<\/b><br> Escolha a \u00e1rea onde voc\u00ea gostaria de incorporar o plugin e insira o c\u00f3digo copiado l\u00e1. Salve as edi\u00e7\u00f5es. <\/li> <li><b>Parab\u00e9ns! Voc\u00ea acabou de publicar o widget! <\/b><br> Visite a p\u00e1gina da web para visualizar seu plugin. <\/li> <\/ol><p>Ainda tem d\u00favidas? Ou tem d\u00favidas? Apenas uma \u00fanica solicita\u00e7\u00e3o ao nosso atendimento ao cliente resolver\u00e1 qualquer tipo de problema. <\/p> <\/div>","protected":false},"excerpt":{"rendered":"","protected":false},"author":9,"featured_media":0,"parent":524,"menu_order":0,"comment_status":"closed","ping_status":"closed","template":"templates\/template-application-platform.php","meta":{"publish_to_discourse":"","publish_post_category":"","wpdc_auto_publish_overridden":"","wpdc_topic_tags":"","wpdc_pin_topic":"","wpdc_pin_until":"","discourse_post_id":"","discourse_permalink":"","wpdc_publishing_response":"","wpdc_publishing_error":"","footnotes":""},"class_list":["post-3429","page","type-page","status-publish","hentry"],"yoast_head":"<!-- This site is optimized with the Yoast SEO plugin v25.3.1 - https:\/\/yoast.com\/wordpress\/plugins\/seo\/ -->\n<title>Adicionar widget de verifica\u00e7\u00e3o de idade ao site do Blogger (r\u00e1pido e gratuito)<\/title>\n<meta name=\"description\" content=\"\u00c9 f\u00e1cil criar seu widget de verifica\u00e7\u00e3o de idade e public\u00e1-lo no site do Blogger. O suporte ao cliente da Elfsight \u00e9 gratuito.\" \/>\n<meta name=\"robots\" content=\"index, follow, max-snippet:-1, max-image-preview:large, max-video-preview:-1\" \/>\n<link rel=\"canonical\" href=\"https:\/\/elfsight.com\/pt\/age-verification-widget\/blogger\/\" \/>\n<meta property=\"og:locale\" content=\"pt_PT\" \/>\n<meta property=\"og:type\" content=\"article\" \/>\n<meta property=\"og:title\" content=\"Adicionar widget de verifica\u00e7\u00e3o de idade ao site do Blogger (r\u00e1pido e gratuito)\" \/>\n<meta property=\"og:description\" content=\"\u00c9 f\u00e1cil criar seu widget de verifica\u00e7\u00e3o de idade e public\u00e1-lo no site do Blogger. O suporte ao cliente da Elfsight \u00e9 gratuito.\" \/>\n<meta property=\"og:url\" content=\"https:\/\/elfsight.com\/pt\/age-verification-widget\/blogger\/\" \/>\n<meta property=\"og:site_name\" content=\"Elfsight PT\" \/>\n<meta property=\"article:modified_time\" content=\"2024-11-13T12:04:23+00:00\" \/>\n<meta name=\"twitter:card\" content=\"summary_large_image\" \/>\n<meta name=\"twitter:label1\" content=\"Tempo estimado de leitura\" \/>\n\t<meta name=\"twitter:data1\" content=\"2 minutos\" \/>\n<!-- \/ Yoast SEO plugin. -->","yoast_head_json":{"title":"Adicionar widget de verifica\u00e7\u00e3o de idade ao site do Blogger (r\u00e1pido e gratuito)","description":"\u00c9 f\u00e1cil criar seu widget de verifica\u00e7\u00e3o de idade e public\u00e1-lo no site do Blogger. O suporte ao cliente da Elfsight \u00e9 gratuito.","robots":{"index":"index","follow":"follow","max-snippet":"max-snippet:-1","max-image-preview":"max-image-preview:large","max-video-preview":"max-video-preview:-1"},"canonical":"https:\/\/elfsight.com\/pt\/age-verification-widget\/blogger\/","og_locale":"pt_PT","og_type":"article","og_title":"Adicionar widget de verifica\u00e7\u00e3o de idade ao site do Blogger (r\u00e1pido e gratuito)","og_description":"\u00c9 f\u00e1cil criar seu widget de verifica\u00e7\u00e3o de idade e public\u00e1-lo no site do Blogger. O suporte ao cliente da Elfsight \u00e9 gratuito.","og_url":"https:\/\/elfsight.com\/pt\/age-verification-widget\/blogger\/","og_site_name":"Elfsight PT","article_modified_time":"2024-11-13T12:04:23+00:00","twitter_card":"summary_large_image","twitter_misc":{"Tempo estimado de leitura":"2 minutos"},"schema":{"@context":"https:\/\/schema.org","@graph":[{"@type":"WebPage","@id":"https:\/\/elfsight.com\/pt\/age-verification-widget\/blogger\/","url":"https:\/\/elfsight.com\/pt\/age-verification-widget\/blogger\/","name":"Adicionar widget de verifica\u00e7\u00e3o de idade ao site do Blogger (r\u00e1pido e gratuito)","isPartOf":{"@id":"https:\/\/elfsight.com\/pt\/#website"},"datePublished":"2024-05-03T06:26:06+00:00","dateModified":"2024-11-13T12:04:23+00:00","description":"\u00c9 f\u00e1cil criar seu widget de verifica\u00e7\u00e3o de idade e public\u00e1-lo no site do Blogger. O suporte ao cliente da Elfsight \u00e9 gratuito.","breadcrumb":{"@id":"https:\/\/elfsight.com\/pt\/age-verification-widget\/blogger\/#breadcrumb"},"inLanguage":"pt-PT","potentialAction":[{"@type":"ReadAction","target":["https:\/\/elfsight.com\/pt\/age-verification-widget\/blogger\/"]}]},{"@type":"BreadcrumbList","@id":"https:\/\/elfsight.com\/pt\/age-verification-widget\/blogger\/#breadcrumb","itemListElement":[{"@type":"ListItem","position":1,"name":"Home","item":"https:\/\/elfsight.com\/pt\/"},{"@type":"ListItem","position":2,"name":"Age Verification","item":"https:\/\/elfsight.com\/pt\/age-verification-widget\/"},{"@type":"ListItem","position":3,"name":"Age Verification &#8211; Blogger"}]},{"@type":"WebSite","@id":"https:\/\/elfsight.com\/pt\/#website","url":"https:\/\/elfsight.com\/pt\/","name":"Elfsight PT","description":"Just another Elfsight Sites site","potentialAction":[{"@type":"SearchAction","target":{"@type":"EntryPoint","urlTemplate":"https:\/\/elfsight.com\/pt\/?s={search_term_string}"},"query-input":{"@type":"PropertyValueSpecification","valueRequired":true,"valueName":"search_term_string"}}],"inLanguage":"pt-PT"}]}},"meta_box":{"industry":"","seo_heading":"","heading":"","description":"","cta_heading":"","cta_description":"","application":"523","h1":"Widget de verifica\u00e7\u00e3o de idade do Blogger","h1_caption":"Sua ferramenta mais pr\u00e1tica para introduzir a janela de confirma\u00e7\u00e3o de idade em seu site","application_category":[],"applications_title":"","applications_request_title":"","applications_request_button_text":"","hero_text":"","hero_video":"","hero_video_schema_markup":"","selling_points_title":"","selling_points_caption":"","selling_points":[],"selling_points_cta_text":"","features_title":"","features":"","ed_cta_examples_text":"","ed_cta_examples_hidden":"","ed_cta_demo_text":"","ed_cta_demo_hidden":"","why_caption":"","why_editor_title":"","why_editor_text":"","why_team_title":"","why_team_text":"","why_service_title":"","why_service_text":"","template_catalog_visible":"","template_catalog_title":"","template_catalog_text":"","template_catalog_categories_visible":"","demo_title":"Crie seu widget de verifica\u00e7\u00e3o de idade","demo_caption":"Configure sua verifica\u00e7\u00e3o de idade e adicione-a ao site do Blogger gratuitamente!","default_faq_hidden":"","app_template_category":[],"platform":"46","template_public_id":"","codecanyon_url":"","codecanyon_item_id":"","codecanyon_price":"","pricing_caption":"","pricing_elfsight_apps_hide_column":"","pricing_elfsight_apps_url":"","pricing_codecanyon_price_caption":"","integration_category":[],"integration_request_title":"","integration_request_cta":"","integration_platform":"","integrations":[],"platform_category":[],"video_schema_markup":"","price":"a partir de US$ 0\/m\u00eas","trial":"","benefits":[{"text":"Assist\u00eancia de instala\u00e7\u00e3o gratuita"},{"text":"Suporte premium"},{"text":"Garantia de reembolso de 14 dias"},{"text":"Desenvolvimento cont\u00ednuo"}],"button_url":"#demo","button_target_blank":"0","button_nofollow":"0","attributes":[{"name":"Instala\u00e7\u00f5es","content":"10,000 - 100,000","_state":"expanded"},{"name":"Responsivo","content":"Sim","_state":"expanded"},{"name":"Navegadores compat\u00edveis","content":"Firefox, Safari, Opera, Chrome, Edge"}],"tags":[],"tags_disable_links":"0","hide_more_platforms":"","video_object":"","demo_hide_cta":"0","demo_hide_cloud_options":"0","pricing_title":"","pricing":[{"pricing_icon":"platform","pricing_title":"Elfsight Apps","pricing_title_caption":"Vers\u00e3o independente de plataforma que funciona em qualquer site","pricing_price":"a partir de US$ 0\/m\u00eas","pricing_price_caption":"comece com um plano gratuito","pricing_benefits":[{"text":"Dom\u00ednios ilimitados"},{"text":"Suporte gratuito ao cliente"},{"text":"Suporte gratuito ao cliente"},{"text":"Design flex\u00edvel"}],"pricing_button_text":"Adicionar ao site","pricing_button_url":"#demo","_state":"expanded"}],"related_apps_title":"","related_apps_hidden":"1","author":"","image":[],"title":"","job":"","social_networks":[]},"_links":{"self":[{"href":"https:\/\/elfsight.com\/pt\/wp-json\/wp\/v2\/pages\/3429","targetHints":{"allow":["GET"]}}],"collection":[{"href":"https:\/\/elfsight.com\/pt\/wp-json\/wp\/v2\/pages"}],"about":[{"href":"https:\/\/elfsight.com\/pt\/wp-json\/wp\/v2\/types\/page"}],"author":[{"embeddable":true,"href":"https:\/\/elfsight.com\/pt\/wp-json\/wp\/v2\/users\/9"}],"replies":[{"embeddable":true,"href":"https:\/\/elfsight.com\/pt\/wp-json\/wp\/v2\/comments?post=3429"}],"version-history":[{"count":2,"href":"https:\/\/elfsight.com\/pt\/wp-json\/wp\/v2\/pages\/3429\/revisions"}],"predecessor-version":[{"id":11523,"href":"https:\/\/elfsight.com\/pt\/wp-json\/wp\/v2\/pages\/3429\/revisions\/11523"}],"up":[{"embeddable":true,"href":"https:\/\/elfsight.com\/pt\/wp-json\/wp\/v2\/pages\/524"}],"wp:attachment":[{"href":"https:\/\/elfsight.com\/pt\/wp-json\/wp\/v2\/media?parent=3429"}],"curies":[{"name":"wp","href":"https:\/\/api.w.org\/{rel}","templated":true}]}}