{"id":3423,"date":"2024-05-03T06:27:52","date_gmt":"2024-05-03T06:27:52","guid":{"rendered":"https:\/\/elfsight.com\/pt\/?page_id=3423"},"modified":"2025-02-28T13:10:16","modified_gmt":"2025-02-28T13:10:16","slug":"blogger","status":"publish","type":"page","link":"https:\/\/elfsight.com\/pt\/amazon-reviews-widget\/blogger\/","title":{"rendered":"Amazon Reviews &#8211; Blogger"},"content":{"rendered":"\n<div class=\"application-platform-content-item-description application-platform-content-item\" id=\"description\" data-nav-section=\"description\"><h2>Descri\u00e7\u00e3o<\/h2><p>Nosso widget Amazon \u00e9 a maneira mais pr\u00e1tica de melhorar a reputa\u00e7\u00e3o da sua empresa, expressando a opini\u00e3o de clientes reais sobre sua produ\u00e7\u00e3o . Ostente apenas os pensamentos melhores ou mais significativos e organize-os da maneira que desejar. Obtenha prova social demonstrando ao seu p\u00fablico que voc\u00ea \u00e9 confi\u00e1vel.<\/p><p><b>Motive os usu\u00e1rios a escrever novos coment\u00e1rios sobre sua marca e incentive conversas com os clientes!<\/b><\/p><\/div><div class=\"application-platform-content-item-features application-platform-content-item\" id=\"features\" data-nav-section=\"features\"><h2>Recursos<\/h2><p>Para obter um conhecimento mais claro do widget, aqui est\u00e1 a lista das principais caracter\u00edsticas. Eles tornam este widget o mais ben\u00e9fico para o seu neg\u00f3cio:<\/p><ul><li>Tr\u00eas filtros dispon\u00edveis: por tipo, exclus\u00e3o por e quantidade de avalia\u00e7\u00f5es;<\/li><li>4 layouts predefinidos: Lista, Grade, Alvenaria e Slider;<\/li><li>Cabe\u00e7alho totalmente flex\u00edvel do widget;<\/li><li>O bot\u00e3o de solicita\u00e7\u00e3o de revis\u00e3o direciona os clientes para a p\u00e1gina da Amazon;<\/li><li>6 elementos ajust\u00e1veis \u200b\u200bdo widget: o nome do autor e foto, recomenda\u00e7\u00e3o, data de sa\u00edda, \u00edcone da Amazon e classifica\u00e7\u00e3o por estrelas;<\/li><li>Duas alternativas de cen\u00e1rios ap\u00f3s rejei\u00e7\u00e3o da solicita\u00e7\u00e3o de revis\u00e3o: demonstrar uma mensagem personalizada ou ocultar o bot\u00e3o.<\/li> <\/ul><p><a href=\"#demo\">Para conferir uma lista completa de recursos, veja a demonstra\u00e7\u00e3o ao vivo<\/a><\/p><\/div><div class=\"application-platform-content-item-installation application-platform-content-item\" id=\"installation\" data-nav-section=\"installation\"><h2> Como adicionar o widget da Amazon ao site do Blogger<\/h2><p>Essas diversas a\u00e7\u00f5es s\u00e3o a \u00fanica coisa que voc\u00ea precisa para ter as revis\u00f5es em funcionamento.<\/p><ol><li><b>Crie seu widget Reviews from Amazon personalizado<\/b><br>Em nossa demonstra\u00e7\u00e3o gratuita, crie um plug-in com design e funcionalidade preferidos.<\/li><li><b>Receba o c\u00f3digo pessoal para adicionar o widget<\/b><br>Depois de personalizar o seu widget, voc\u00ea obter\u00e1 o c\u00f3digo de instala\u00e7\u00e3o na janela pop-up dos aplicativos Elfsight. Copie-o para uso posterior.<\/li><li><b>Publique o widget em seu site do Blogger<\/b><br>Selecione a \u00e1rea onde voc\u00ea gostaria de adicionar o plugin e insira o c\u00f3digo copiado l\u00e1. Publique as edi\u00e7\u00f5es.<\/li><li><b>Conclu\u00eddo!<\/b><br>Acesse seu site para ver seus depoimentos.<\/li><\/ol><p>Ainda n\u00e3o consigo fazer um decis\u00e3o? Ou enfrentando problemas? Basta um \u00fanico pedido ao nosso departamento de apoio ao cliente para ajudar em qualquer assunto.<\/p><div class=\"faq\" data-component=\"FAQ\"> <div class=\"faq-item\">\r\n\t\t\t\t\t<div class=\"faq-item-question\">\r\n\t\t\t\t\t\t<h3 class=\"faq-item-question-text\">Como posso adicionar Reviews from Amazon ao meu site do Blogger sem conhecimentos de codifica\u00e7\u00e3o?<\/h3>\r\n\r\n\t\t\t\t\t\t<div class=\"faq-item-question-icon\"><\/div>\r\n\t\t\t\t\t<\/div>\r\n\r\n\t\t\t\t\t<div class=\"faq-item-answer\">\r\n\t\t\t\t\t\t<div class=\"faq-item-answer-text\"> <p>A Elfsight fornece um SaaS solu\u00e7\u00e3o que permite que voc\u00ea mesmo crie um widget Reviews from Amazon, veja como o processo \u00e9 f\u00e1cil: Trabalhe diretamente no Editor on-line para criar um widget Reviews from Amazon que voc\u00ea gostaria de ver em seu site do Blogger. Escolha um dos modelos predefinidos e ajuste as configura\u00e7\u00f5es do Reviews from Amazon, adicione seu conte\u00fado, altere o layout e as cores sem habilidades de codifica\u00e7\u00e3o. Salve o Reviews from Amazone copie seu c\u00f3digo de instala\u00e7\u00e3o, que voc\u00ea pode simplesmente colar no site do Blogger sem comprar uma assinatura paga. Com nosso editor intuitivo, qualquer usu\u00e1rio da Internet pode criar um widget Reviews from Amazon online e incorpor\u00e1-lo facilmente ao site do Blogger. N\u00e3o h\u00e1 necessidade de pagar ou inserir as credenciais do seu cart\u00e3o para acessar o servi\u00e7o. Se voc\u00ea enfrentar qualquer problema em qualquer etapa, n\u00e3o hesite em entrar em contato com nossa equipe de suporte t\u00e9cnico.<\/p> <\/div>\r\n\t\t\t\t\t<\/div>\r\n\t\t\t\t<\/div> <\/div> <\/div>\n","protected":false},"excerpt":{"rendered":"","protected":false},"author":9,"featured_media":0,"parent":752,"menu_order":0,"comment_status":"closed","ping_status":"closed","template":"templates\/template-application-platform.php","meta":{"publish_to_discourse":"","publish_post_category":"","wpdc_auto_publish_overridden":"","wpdc_topic_tags":"","wpdc_pin_topic":"","wpdc_pin_until":"","discourse_post_id":"","discourse_permalink":"","wpdc_publishing_response":"","wpdc_publishing_error":"","footnotes":""},"class_list":["post-3423","page","type-page","status-publish","hentry"],"yoast_head":"<!-- This site is optimized with the Yoast SEO plugin v25.3.1 - https:\/\/yoast.com\/wordpress\/plugins\/seo\/ -->\n<title>Avalia\u00e7\u00f5es da Amazon | Adicione o widget Amazon no site do Blogger (gr\u00e1tis e r\u00e1pido)<\/title>\n<meta name=\"description\" content=\"Com a Elfsight, crie seu plugin Reviews from Amazon e publique-o no site do Blogger rapidamente. Oferecemos suporte gratuito ao cliente e outros b\u00f4nus.\" \/>\n<meta name=\"robots\" content=\"index, follow, max-snippet:-1, max-image-preview:large, max-video-preview:-1\" \/>\n<link rel=\"canonical\" href=\"https:\/\/elfsight.com\/pt\/amazon-reviews-widget\/blogger\/\" \/>\n<meta property=\"og:locale\" content=\"pt_PT\" \/>\n<meta property=\"og:type\" content=\"article\" \/>\n<meta property=\"og:title\" content=\"Avalia\u00e7\u00f5es da Amazon | Adicione o widget Amazon no site do Blogger (gr\u00e1tis e r\u00e1pido)\" \/>\n<meta property=\"og:description\" content=\"Com a Elfsight, crie seu plugin Reviews from Amazon e publique-o no site do Blogger rapidamente. Oferecemos suporte gratuito ao cliente e outros b\u00f4nus.\" \/>\n<meta property=\"og:url\" content=\"https:\/\/elfsight.com\/pt\/amazon-reviews-widget\/blogger\/\" \/>\n<meta property=\"og:site_name\" content=\"Elfsight PT\" \/>\n<meta property=\"article:modified_time\" content=\"2025-02-28T13:10:16+00:00\" \/>\n<meta name=\"twitter:card\" content=\"summary_large_image\" \/>\n<meta name=\"twitter:label1\" content=\"Tempo estimado de leitura\" \/>\n\t<meta name=\"twitter:data1\" content=\"3 minutos\" \/>\n<!-- \/ Yoast SEO plugin. -->","yoast_head_json":{"title":"Avalia\u00e7\u00f5es da Amazon | Adicione o widget Amazon no site do Blogger (gr\u00e1tis e r\u00e1pido)","description":"Com a Elfsight, crie seu plugin Reviews from Amazon e publique-o no site do Blogger rapidamente. Oferecemos suporte gratuito ao cliente e outros b\u00f4nus.","robots":{"index":"index","follow":"follow","max-snippet":"max-snippet:-1","max-image-preview":"max-image-preview:large","max-video-preview":"max-video-preview:-1"},"canonical":"https:\/\/elfsight.com\/pt\/amazon-reviews-widget\/blogger\/","og_locale":"pt_PT","og_type":"article","og_title":"Avalia\u00e7\u00f5es da Amazon | Adicione o widget Amazon no site do Blogger (gr\u00e1tis e r\u00e1pido)","og_description":"Com a Elfsight, crie seu plugin Reviews from Amazon e publique-o no site do Blogger rapidamente. Oferecemos suporte gratuito ao cliente e outros b\u00f4nus.","og_url":"https:\/\/elfsight.com\/pt\/amazon-reviews-widget\/blogger\/","og_site_name":"Elfsight PT","article_modified_time":"2025-02-28T13:10:16+00:00","twitter_card":"summary_large_image","twitter_misc":{"Tempo estimado de leitura":"3 minutos"},"schema":{"@context":"https:\/\/schema.org","@graph":[{"@type":"WebPage","@id":"https:\/\/elfsight.com\/pt\/amazon-reviews-widget\/blogger\/","url":"https:\/\/elfsight.com\/pt\/amazon-reviews-widget\/blogger\/","name":"Avalia\u00e7\u00f5es da Amazon | Adicione o widget Amazon no site do Blogger (gr\u00e1tis e r\u00e1pido)","isPartOf":{"@id":"https:\/\/elfsight.com\/pt\/#website"},"datePublished":"2024-05-03T06:27:52+00:00","dateModified":"2025-02-28T13:10:16+00:00","description":"Com a Elfsight, crie seu plugin Reviews from Amazon e publique-o no site do Blogger rapidamente. Oferecemos suporte gratuito ao cliente e outros b\u00f4nus.","breadcrumb":{"@id":"https:\/\/elfsight.com\/pt\/amazon-reviews-widget\/blogger\/#breadcrumb"},"inLanguage":"pt-PT","potentialAction":[{"@type":"ReadAction","target":["https:\/\/elfsight.com\/pt\/amazon-reviews-widget\/blogger\/"]}]},{"@type":"BreadcrumbList","@id":"https:\/\/elfsight.com\/pt\/amazon-reviews-widget\/blogger\/#breadcrumb","itemListElement":[{"@type":"ListItem","position":1,"name":"Home","item":"https:\/\/elfsight.com\/pt\/"},{"@type":"ListItem","position":2,"name":"Amazon Reviews","item":"https:\/\/elfsight.com\/pt\/amazon-reviews-widget\/"},{"@type":"ListItem","position":3,"name":"Amazon Reviews &#8211; Blogger"}]},{"@type":"WebSite","@id":"https:\/\/elfsight.com\/pt\/#website","url":"https:\/\/elfsight.com\/pt\/","name":"Elfsight PT","description":"Just another Elfsight Sites site","potentialAction":[{"@type":"SearchAction","target":{"@type":"EntryPoint","urlTemplate":"https:\/\/elfsight.com\/pt\/?s={search_term_string}"},"query-input":{"@type":"PropertyValueSpecification","valueRequired":true,"valueName":"search_term_string"}}],"inLanguage":"pt-PT"}]}},"meta_box":{"industry":"","seo_heading":"","heading":"","description":"","cta_heading":"","cta_description":"","application":"751","h1":"Widget de avalia\u00e7\u00f5es da Amazon para Blogger","h1_caption":"Demonstre avalia\u00e7\u00f5es sobre sua marca da Amazon em seu site","application_category":[],"applications_title":"","applications_request_title":"","applications_request_button_text":"","hero_text":"","hero_video":"","hero_video_schema_markup":"","selling_points_title":"","selling_points_caption":"","selling_points":[],"selling_points_cta_text":"","features_title":"","features":"","ed_cta_examples_text":"","ed_cta_examples_hidden":"","ed_cta_demo_text":"","ed_cta_demo_hidden":"","why_caption":"","why_editor_title":"","why_editor_text":"","why_team_title":"","why_team_text":"","why_service_title":"","why_service_text":"","template_catalog_visible":"0","template_catalog_title":"","template_catalog_text":"","template_catalog_categories_visible":"","demo_title":"Crie seu widget Reviews from Amazon","demo_caption":"Configure suas avalia\u00e7\u00f5es da Amazon e adicione-as ao site do Blogger gratuitamente!","default_faq_hidden":"","app_template_category":[],"platform":"46","template_public_id":"","codecanyon_url":"","codecanyon_item_id":"","codecanyon_price":"","pricing_caption":"","pricing_elfsight_apps_hide_column":"","pricing_elfsight_apps_url":"","pricing_codecanyon_price_caption":"","integration_category":[],"integration_request_title":"","integration_request_cta":"","integration_platform":"","integrations":[],"platform_category":[],"video_schema_markup":"","price":"a partir de US$ 0\/m\u00eas","trial":"","benefits":[{"text":"Servi\u00e7o de instala\u00e7\u00e3o gratuito"},{"text":"Atendimento ao cliente eficaz"},{"text":"Garantia de devolu\u00e7\u00e3o do dinheiro em 14 dias"},{"text":"Desenvolvimento cont\u00ednuo"}],"button_url":"#demo","button_target_blank":"0","button_nofollow":"0","attributes":[{"name":"Instala\u00e7\u00f5es","content":"10,000 - 100,000","_state":"expanded"},{"name":"Responsivo","content":"Sim","_state":"expanded"},{"name":"Navegadores compat\u00edveis","content":"Firefox, Safari, Opera, Chrome, Edge"}],"tags":[],"tags_disable_links":"0","hide_more_platforms":"0","video_object":"","demo_hide_cta":"0","demo_hide_cloud_options":"0","pricing_title":"","pricing":[{"pricing_icon":"platform","pricing_title":"Elfsight Apps","pricing_title_caption":"Software multiplataforma","pricing_price":"a partir de US$ 0\/m\u00eas","pricing_price_caption":"comece com um plano gratuito","pricing_benefits":[{"text":"Sites ilimitados"},{"text":"Suporte r\u00e1pido e bem documentado"},{"text":"Suporte r\u00e1pido e bem documentado"},{"text":"100% personaliz\u00e1vel"}],"pricing_button_text":"Adicionar ao site","pricing_button_url":"#demo","_state":"expanded"}],"related_apps_title":"","related_apps_hidden":"1","author":"","image":[],"title":"","job":"","social_networks":[]},"_links":{"self":[{"href":"https:\/\/elfsight.com\/pt\/wp-json\/wp\/v2\/pages\/3423","targetHints":{"allow":["GET"]}}],"collection":[{"href":"https:\/\/elfsight.com\/pt\/wp-json\/wp\/v2\/pages"}],"about":[{"href":"https:\/\/elfsight.com\/pt\/wp-json\/wp\/v2\/types\/page"}],"author":[{"embeddable":true,"href":"https:\/\/elfsight.com\/pt\/wp-json\/wp\/v2\/users\/9"}],"replies":[{"embeddable":true,"href":"https:\/\/elfsight.com\/pt\/wp-json\/wp\/v2\/comments?post=3423"}],"version-history":[{"count":4,"href":"https:\/\/elfsight.com\/pt\/wp-json\/wp\/v2\/pages\/3423\/revisions"}],"predecessor-version":[{"id":14120,"href":"https:\/\/elfsight.com\/pt\/wp-json\/wp\/v2\/pages\/3423\/revisions\/14120"}],"up":[{"embeddable":true,"href":"https:\/\/elfsight.com\/pt\/wp-json\/wp\/v2\/pages\/752"}],"wp:attachment":[{"href":"https:\/\/elfsight.com\/pt\/wp-json\/wp\/v2\/media?parent=3423"}],"curies":[{"name":"wp","href":"https:\/\/api.w.org\/{rel}","templated":true}]}}