{"id":3421,"date":"2024-05-03T06:26:07","date_gmt":"2024-05-03T06:26:07","guid":{"rendered":"https:\/\/elfsight.com\/pt\/?page_id=3421"},"modified":"2024-11-13T12:04:23","modified_gmt":"2024-11-13T12:04:23","slug":"bigcommerce","status":"publish","type":"page","link":"https:\/\/elfsight.com\/pt\/age-verification-widget\/bigcommerce\/","title":{"rendered":"Age Verification &#8211; BigCommerce"},"content":{"rendered":"<div class=\"application-platform-content-item-description application-platform-content-item\" id=\"description\" data-nav-section=\"description\"> <h2>Descri\u00e7\u00e3o<\/h2> <p>Nosso widget se tornar\u00e1 a maneira mais simples de configurar um pop-up imediato, que controlar\u00e1 a idade de um do utilizador. Nosso widget ajuda a disponibilizar material sens\u00edvel \u00e0 idade para usu\u00e1rios adultos e impedi-lo para espectadores menores de idade. Voc\u00ea pode especificar o limite de idade, escolher o formato de verifica\u00e7\u00e3o, colocar o pop-up em todos os sites ou apenas em p\u00e1ginas espec\u00edficas e nomear a a\u00e7\u00e3o. A apar\u00eancia tamb\u00e9m pode ser adaptada, com detalhes pint\u00e1veis \u200b\u200be a op\u00e7\u00e3o de mostrar suas pr\u00f3prias imagens. <\/p> <div class=\"faq\" data-component=\"FAQ\"> <div class=\"faq-item\">\r\n\t\t\t\t\t<div class=\"faq-item-question\">\r\n\t\t\t\t\t\t<h3 class=\"faq-item-question-text\">Onde posso inserir a verifica\u00e7\u00e3o de idade<\/h3>\r\n\r\n\t\t\t\t\t\t<div class=\"faq-item-question-icon\"><\/div>\r\n\t\t\t\t\t<\/div>\r\n\r\n\t\t\t\t\t<div class=\"faq-item-answer\">\r\n\t\t\t\t\t\t<div class=\"faq-item-answer-text\"> <p>Voc\u00ea pode optar por demonstrar a janela de verifica\u00e7\u00e3o de idade em todas as p\u00e1ginas ou selecionar as p\u00e1ginas onde integr\u00e1-la. Al\u00e9m disso, existe o recurso de indicar as p\u00e1ginas nas quais voc\u00ea n\u00e3o deseja. <\/p> <\/div>\r\n\t\t\t\t\t<\/div>\r\n\t\t\t\t<\/div> <div class=\"faq-item\">\r\n\t\t\t\t\t<div class=\"faq-item-question\">\r\n\t\t\t\t\t\t<h3 class=\"faq-item-question-text\">Como eu me beneficiaria com isso? <\/h3>\r\n\r\n\t\t\t\t\t\t<div class=\"faq-item-question-icon\"><\/div>\r\n\t\t\t\t\t<\/div>\r\n\r\n\t\t\t\t\t<div class=\"faq-item-answer\">\r\n\t\t\t\t\t\t<div class=\"faq-item-answer-text\"> <p>Com a ajuda do nosso widget, \u00e9 absolutamente f\u00e1cil e r\u00e1pido criar uma janela de verifica\u00e7\u00e3o de idade e impedir visitantes menores de idade. Isso ajudar\u00e1 a garantir que seu site esteja em conformidade com a legisla\u00e7\u00e3o. Al\u00e9m disso, trar\u00e1 mais visitantes-alvo e clientes v\u00e1lidos. <\/p> <\/div>\r\n\t\t\t\t\t<\/div>\r\n\t\t\t\t<\/div> <div class=\"faq-item\">\r\n\t\t\t\t\t<div class=\"faq-item-question\">\r\n\t\t\t\t\t\t<h3 class=\"faq-item-question-text\">Como adiciono a verifica\u00e7\u00e3o de idade no meu site BigCommerce? <\/h3>\r\n\r\n\t\t\t\t\t\t<div class=\"faq-item-question-icon\"><\/div>\r\n\t\t\t\t\t<\/div>\r\n\r\n\t\t\t\t\t<div class=\"faq-item-answer\">\r\n\t\t\t\t\t\t<div class=\"faq-item-answer-text\"> <p>Levar\u00e1 apenas um minuto para ativar o widget. A instala\u00e7\u00e3o \u00e9 muito r\u00e1pida, gratuita e sem codifica\u00e7\u00e3o. <\/p> <p>O widget pode ser introduzido diretamente em nosso servi\u00e7o ou atrav\u00e9s do marketplace. Voc\u00ea pode comparar as duas variantes e escolher a sua.<\/p> <\/div>\r\n\t\t\t\t\t<\/div>\r\n\t\t\t\t<\/div> <\/div> <\/div> <div class=\"application-platform-content-item-features application-platform-content-item\" id=\"features\" data-nav-section=\"features\"> <h2>Recursos<\/h2> <p>Para formar uma melhor ideia do widget, confira a lista de suas principais caracter\u00edsticas. Eles tornam este widget realmente eficiente para sua loja: <\/p> <ul><li>Selecione um dos tr\u00eas tipos de verifica\u00e7\u00e3o: solicita\u00e7\u00e3o de data de nascimento completa, apenas o ano de nascimento ou uma pergunta com respostas Sim e N\u00e3o; <\/li><li>Configure o widget para lembrar de um visitante por qualquer per\u00edodo de tempo em dias; <\/li><li>Dois cen\u00e1rios poss\u00edveis para visitantes menores de idade: mostrar um texto ou direcionar um usu\u00e1rio para outro endere\u00e7o; <\/li><li>Carregue qualquer imagem para o pop-up de verifica\u00e7\u00e3o de idade; <\/li><li>Exibir texto adicional com links abaixo do bot\u00e3o de verifica\u00e7\u00e3o. <\/li><\/ul><p><a href=\"#demo\">Veja todos os recursos em nossa demonstra\u00e7\u00e3o<\/a><\/p> <\/div> <div class=\"application-platform-content-item-installation application-platform-content-item\" id=\"installation\" data-nav-section=\"installation\"> <h2>Vamos veja como adicionar o widget de verifica\u00e7\u00e3o de idade ao seu site BigCommerce<\/h2> <div class=\"video-container\"><iframe width=\"720\" height=\"405\" src=\"https:\/\/www.youtube.com\/embed\/Dc4FWjE4-RQ\" frameborder=\"0\" allowfullscreen=\"\"><\/iframe><\/div><p>Basta seguir v\u00e1rias etapas apresentadas abaixo para ativar o plugin no BigCommerce.<\/p> <ol><li><b>Execute nosso configurador gratuito e comece a formar seu pr\u00f3prio instrumento. <\/b><br> Especifique o layout preferido e as especifica\u00e7\u00f5es da ferramenta e aplique as corre\u00e7\u00f5es. <\/li> <li><b>Copie o c\u00f3digo pessoal que aparece na janela dos aplicativos Elfsight. <\/b><br> Assim que a cria\u00e7\u00e3o do seu widget de verifica\u00e7\u00e3o for conclu\u00edda, copie o c\u00f3digo pessoal no pop-up que aparece e guarde-o para uso posterior. <\/li> <li><b>Comece a usar o widget em seu site BigCommerce. <\/b><br> Integre o c\u00f3digo copiado recentemente em sua p\u00e1gina e aplique as melhorias. <\/li> <li><b>Conclu\u00eddo! A integra\u00e7\u00e3o foi finalizada com sucesso. <\/b><br> Acesse seu site para revisar o trabalho do plugin. <\/li><\/ol><p>Ainda n\u00e3o consegue decidir? Ou tem d\u00favidas? Basta escrever uma solicita\u00e7\u00e3o para nossa equipe de suporte e eles resolver\u00e3o qualquer tipo de d\u00favida. <\/p> <\/div>","protected":false},"excerpt":{"rendered":"","protected":false},"author":9,"featured_media":0,"parent":524,"menu_order":0,"comment_status":"closed","ping_status":"closed","template":"templates\/template-application-platform.php","meta":{"publish_to_discourse":"","publish_post_category":"","wpdc_auto_publish_overridden":"","wpdc_topic_tags":"","wpdc_pin_topic":"","wpdc_pin_until":"","discourse_post_id":"","discourse_permalink":"","wpdc_publishing_response":"","wpdc_publishing_error":"","footnotes":""},"class_list":["post-3421","page","type-page","status-publish","hentry"],"yoast_head":"<!-- This site is optimized with the Yoast SEO plugin v25.3.1 - https:\/\/yoast.com\/wordpress\/plugins\/seo\/ -->\n<title>Aplicativo de verifica\u00e7\u00e3o de idade para o site BigCommerce (r\u00e1pido e gratuito)<\/title>\n<meta name=\"description\" content=\"Com a Elfsight, produza a sua verifica\u00e7\u00e3o de idade e mostre-a no seu site BigCommerce com facilidade. Oferecemos suporte gratuito ao cliente e outros b\u00f4nus.\" \/>\n<meta name=\"robots\" content=\"index, follow, max-snippet:-1, max-image-preview:large, max-video-preview:-1\" \/>\n<link rel=\"canonical\" href=\"https:\/\/elfsight.com\/pt\/age-verification-widget\/bigcommerce\/\" \/>\n<meta property=\"og:locale\" content=\"pt_PT\" \/>\n<meta property=\"og:type\" content=\"article\" \/>\n<meta property=\"og:title\" content=\"Aplicativo de verifica\u00e7\u00e3o de idade para o site BigCommerce (r\u00e1pido e gratuito)\" \/>\n<meta property=\"og:description\" content=\"Com a Elfsight, produza a sua verifica\u00e7\u00e3o de idade e mostre-a no seu site BigCommerce com facilidade. Oferecemos suporte gratuito ao cliente e outros b\u00f4nus.\" \/>\n<meta property=\"og:url\" content=\"https:\/\/elfsight.com\/pt\/age-verification-widget\/bigcommerce\/\" \/>\n<meta property=\"og:site_name\" content=\"Elfsight PT\" \/>\n<meta property=\"article:modified_time\" content=\"2024-11-13T12:04:23+00:00\" \/>\n<meta name=\"twitter:card\" content=\"summary_large_image\" \/>\n<meta name=\"twitter:label1\" content=\"Tempo estimado de leitura\" \/>\n\t<meta name=\"twitter:data1\" content=\"2 minutos\" \/>\n<!-- \/ Yoast SEO plugin. -->","yoast_head_json":{"title":"Aplicativo de verifica\u00e7\u00e3o de idade para o site BigCommerce (r\u00e1pido e gratuito)","description":"Com a Elfsight, produza a sua verifica\u00e7\u00e3o de idade e mostre-a no seu site BigCommerce com facilidade. Oferecemos suporte gratuito ao cliente e outros b\u00f4nus.","robots":{"index":"index","follow":"follow","max-snippet":"max-snippet:-1","max-image-preview":"max-image-preview:large","max-video-preview":"max-video-preview:-1"},"canonical":"https:\/\/elfsight.com\/pt\/age-verification-widget\/bigcommerce\/","og_locale":"pt_PT","og_type":"article","og_title":"Aplicativo de verifica\u00e7\u00e3o de idade para o site BigCommerce (r\u00e1pido e gratuito)","og_description":"Com a Elfsight, produza a sua verifica\u00e7\u00e3o de idade e mostre-a no seu site BigCommerce com facilidade. Oferecemos suporte gratuito ao cliente e outros b\u00f4nus.","og_url":"https:\/\/elfsight.com\/pt\/age-verification-widget\/bigcommerce\/","og_site_name":"Elfsight PT","article_modified_time":"2024-11-13T12:04:23+00:00","twitter_card":"summary_large_image","twitter_misc":{"Tempo estimado de leitura":"2 minutos"},"schema":{"@context":"https:\/\/schema.org","@graph":[{"@type":"WebPage","@id":"https:\/\/elfsight.com\/pt\/age-verification-widget\/bigcommerce\/","url":"https:\/\/elfsight.com\/pt\/age-verification-widget\/bigcommerce\/","name":"Aplicativo de verifica\u00e7\u00e3o de idade para o site BigCommerce (r\u00e1pido e gratuito)","isPartOf":{"@id":"https:\/\/elfsight.com\/pt\/#website"},"datePublished":"2024-05-03T06:26:07+00:00","dateModified":"2024-11-13T12:04:23+00:00","description":"Com a Elfsight, produza a sua verifica\u00e7\u00e3o de idade e mostre-a no seu site BigCommerce com facilidade. Oferecemos suporte gratuito ao cliente e outros b\u00f4nus.","breadcrumb":{"@id":"https:\/\/elfsight.com\/pt\/age-verification-widget\/bigcommerce\/#breadcrumb"},"inLanguage":"pt-PT","potentialAction":[{"@type":"ReadAction","target":["https:\/\/elfsight.com\/pt\/age-verification-widget\/bigcommerce\/"]}]},{"@type":"BreadcrumbList","@id":"https:\/\/elfsight.com\/pt\/age-verification-widget\/bigcommerce\/#breadcrumb","itemListElement":[{"@type":"ListItem","position":1,"name":"Home","item":"https:\/\/elfsight.com\/pt\/"},{"@type":"ListItem","position":2,"name":"Age Verification","item":"https:\/\/elfsight.com\/pt\/age-verification-widget\/"},{"@type":"ListItem","position":3,"name":"Age Verification &#8211; BigCommerce"}]},{"@type":"WebSite","@id":"https:\/\/elfsight.com\/pt\/#website","url":"https:\/\/elfsight.com\/pt\/","name":"Elfsight PT","description":"Just another Elfsight Sites site","potentialAction":[{"@type":"SearchAction","target":{"@type":"EntryPoint","urlTemplate":"https:\/\/elfsight.com\/pt\/?s={search_term_string}"},"query-input":{"@type":"PropertyValueSpecification","valueRequired":true,"valueName":"search_term_string"}}],"inLanguage":"pt-PT"}]}},"meta_box":{"industry":"","seo_heading":"","heading":"","description":"","cta_heading":"","cta_description":"","application":"523","h1":"Aplicativo de verifica\u00e7\u00e3o de idade BigCommerce","h1_caption":"Este \u00e9 o m\u00e9todo mais conveniente para mostrar a janela de verifica\u00e7\u00e3o de idade no site","application_category":[],"applications_title":"","applications_request_title":"","applications_request_button_text":"","hero_text":"","hero_video":"","hero_video_schema_markup":"","selling_points_title":"","selling_points_caption":"","selling_points":[],"selling_points_cta_text":"","features_title":"","features":"","ed_cta_examples_text":"","ed_cta_examples_hidden":"","ed_cta_demo_text":"","ed_cta_demo_hidden":"","why_caption":"","why_editor_title":"","why_editor_text":"","why_team_title":"","why_team_text":"","why_service_title":"","why_service_text":"","template_catalog_visible":"","template_catalog_title":"","template_catalog_text":"","template_catalog_categories_visible":"","demo_title":"Crie seu aplicativo de verifica\u00e7\u00e3o de idade","demo_caption":"Configure sua verifica\u00e7\u00e3o de idade e adicione-a ao seu site BigCommerce gratuitamente!","default_faq_hidden":"","app_template_category":[],"platform":"43","template_public_id":"","codecanyon_url":"","codecanyon_item_id":"","codecanyon_price":"","pricing_caption":"","pricing_elfsight_apps_hide_column":"","pricing_elfsight_apps_url":"","pricing_codecanyon_price_caption":"","integration_category":[],"integration_request_title":"","integration_request_cta":"","integration_platform":"","integrations":[],"platform_category":[],"video_schema_markup":"","price":"a partir de US$ 0\/m\u00eas","trial":"","benefits":[{"text":"Assist\u00eancia de instala\u00e7\u00e3o gratuita"},{"text":"Atendimento ao cliente eficaz"},{"text":"Garantia de devolu\u00e7\u00e3o do dinheiro em 14 dias"},{"text":"Atualizando constantemente"}],"button_url":"#demo","button_target_blank":"0","button_nofollow":"0","attributes":[{"name":"Instala\u00e7\u00f5es","content":"10,000 - 100,000","_state":"expanded"},{"name":"Responsivo","content":"Sim","_state":"expanded"},{"name":"Navegadores compat\u00edveis","content":"Firefox, Safari, Opera, Chrome, Edge"}],"tags":[],"tags_disable_links":"0","hide_more_platforms":"","video_object":"","demo_hide_cta":"0","demo_hide_cloud_options":"0","pricing_title":"","pricing":[{"pricing_icon":"platform","pricing_title":"Elfsight Apps","pricing_title_caption":"Solu\u00e7\u00e3o digital multiplataforma que se adapta a qualquer site","pricing_price":"a partir de US$ 0\/m\u00eas","pricing_price_caption":"comece com plano gratuito","pricing_benefits":[{"text":"Dom\u00ednios ilimitados"},{"text":"Suporte r\u00e1pido ao cliente"},{"text":"Suporte r\u00e1pido ao cliente"},{"text":"100% personaliz\u00e1vel"}],"pricing_button_text":"Adicionar ao site","pricing_button_url":"#demo","_state":"expanded"}],"related_apps_title":"","related_apps_hidden":"1","author":"","image":[],"title":"","job":"","social_networks":[]},"_links":{"self":[{"href":"https:\/\/elfsight.com\/pt\/wp-json\/wp\/v2\/pages\/3421","targetHints":{"allow":["GET"]}}],"collection":[{"href":"https:\/\/elfsight.com\/pt\/wp-json\/wp\/v2\/pages"}],"about":[{"href":"https:\/\/elfsight.com\/pt\/wp-json\/wp\/v2\/types\/page"}],"author":[{"embeddable":true,"href":"https:\/\/elfsight.com\/pt\/wp-json\/wp\/v2\/users\/9"}],"replies":[{"embeddable":true,"href":"https:\/\/elfsight.com\/pt\/wp-json\/wp\/v2\/comments?post=3421"}],"version-history":[{"count":2,"href":"https:\/\/elfsight.com\/pt\/wp-json\/wp\/v2\/pages\/3421\/revisions"}],"predecessor-version":[{"id":11524,"href":"https:\/\/elfsight.com\/pt\/wp-json\/wp\/v2\/pages\/3421\/revisions\/11524"}],"up":[{"embeddable":true,"href":"https:\/\/elfsight.com\/pt\/wp-json\/wp\/v2\/pages\/524"}],"wp:attachment":[{"href":"https:\/\/elfsight.com\/pt\/wp-json\/wp\/v2\/media?parent=3421"}],"curies":[{"name":"wp","href":"https:\/\/api.w.org\/{rel}","templated":true}]}}