{"id":3419,"date":"2024-05-03T06:27:27","date_gmt":"2024-05-03T06:27:27","guid":{"rendered":"https:\/\/elfsight.com\/pt\/?page_id=3419"},"modified":"2024-11-13T11:24:32","modified_gmt":"2024-11-13T11:24:32","slug":"bigcommerce","status":"publish","type":"page","link":"https:\/\/elfsight.com\/pt\/all-in-one-reviews-widget\/bigcommerce\/","title":{"rendered":"All-in-One Reviews &#8211; BigCommerce"},"content":{"rendered":"<div class=\"application-platform-content-item-description application-platform-content-item\" id=\"description\" data-nav-section=\"description\"> <h2>Descri\u00e7\u00e3o<\/h2> <p>Elfsight All-in-One Reviews \u00e9 um aplicativo f\u00e1cil de usar para BigCommerce que oferece a voc\u00ea uma possibilidade de mostrar todos os coment\u00e1rios sobre sua empresa diretamente em seu site, em todos os sites populares de avalia\u00e7\u00e3o de neg\u00f3cios. Usando nosso plug-in, voc\u00ea poder\u00e1 usar filtros para ocultar coment\u00e1rios indesejados, demonstrar sua classifica\u00e7\u00e3o por estrelas e n\u00fameros de sua conta em qualquer site de avalia\u00e7\u00f5es de neg\u00f3cios, adicionar informa\u00e7\u00f5es sobre os autores das avalia\u00e7\u00f5es e adicionar um fascinante bot\u00e3o de call to action que inspirar\u00e1 os usu\u00e1rios a escrever seus coment\u00e1rios. O widget Elfsight Reviews ir\u00e1 ajud\u00e1-lo a demonstrar sua prova social not\u00e1vel na p\u00e1gina da web e come\u00e7ar a adquirir mais vendas. <\/p> <p><b>Avalia\u00e7\u00f5es do Google, Airbnb, Facebook, Amazon e muitos outros em uma \u00fanica ferramenta para aumentar a convers\u00e3o e a credibilidade do cliente!<\/b><\/p> <p><b>Aumente o n\u00famero de vendas usando prova social<\/b><br>por meio do aplicativo Reviews, voc\u00ea poder\u00e1 demonstrar seu melhor feedback do Google, Facebook, Airbnb, Amazon e outros sites de avalia\u00e7\u00e3o de neg\u00f3cios mais importantes, obtendo mais novos clientes.<\/p><p><b>Obtenha mais feedback dos clientes<\/b><br>O bot\u00e3o atraente \u201cPostar uma avalia\u00e7\u00e3o\u201d motivar\u00e1 as pessoas a clicarem para oferecer sua opini\u00e3o sobre seus produtos e servi\u00e7os, o que resultar\u00e1 na maior poss\u00edvel estimativa do cliente.<\/b><p><b>Minimize as avalia\u00e7\u00f5es negativas<\/b><br>O widget Avalia\u00e7\u00f5es do cliente oferece diversas oportunidades de filtragem que oferecem a oportunidade de controlar as avalia\u00e7\u00f5es negativas, exibindo apenas as ben\u00e9ficas. .<\/b><\/div> <div class=\"application-platform-content-item-features application-platform-content-item\" id=\"features\" data-nav-section=\"features\"> <h2>Confira a lista dos recursos mais poderosos: <\/h2> <ul><li>Uma op\u00e7\u00e3o para ativar\/desativar o cabe\u00e7alho do o aplicativo<\/li><li>Bot\u00e3o de solicita\u00e7\u00e3o de revis\u00e3o para atrair usu\u00e1rios para sua p\u00e1gina<\/li><li>Um excelente estilo est\u00e1 a um clique de dist\u00e2ncia<\/li><li>Elementos pint\u00e1veis \u200b\u200bda interface do aplicativo<\/li><li>M\u00e1ximo de detalhes para gera\u00e7\u00e3o de confian\u00e7a<\/li><\/ul><p><a href=\"#demo\">Examine todas as op\u00e7\u00f5es de personaliza\u00e7\u00e3o na demonstra\u00e7\u00e3o completa<\/a><\/p> <\/div> <div class=\"application-platform-content-item-installation application-platform-content-item\" id=\"installation\" data-nav-section=\"installation\"> <h2>Como adiciono avalia\u00e7\u00f5es completas ao meu site BigCommerce? <\/h2> <p>Basta seguir as instru\u00e7\u00f5es abaixo para come\u00e7ar a usar o aplicativo. <\/p> <ol><li><b>Abra nossa demonstra\u00e7\u00e3o gratuita e comece a criar seu pr\u00f3prio widget. <\/b><br> Escolha a interface selecionada e os aspectos do widget e salve todas as corre\u00e7\u00f5es. <\/li> <li><b>Copie o seu c\u00f3digo pessoal que aparece na caixa nas aplica\u00e7\u00f5es Elfsight. <\/b><br> Quando a configura\u00e7\u00e3o do seu widget pessoal estiver conclu\u00edda, copie o c\u00f3digo exclusivo no pop-up que surgir e salve-o para futuras ocasi\u00f5es. <\/li> <li><b>Iniciar a utiliza\u00e7\u00e3o do widget no site BigCommerce. <\/b><br> Cole o c\u00f3digo salvo anteriormente em seu site e salve os ajustes. <\/li> <li><b>A instala\u00e7\u00e3o foi totalmente realizada. <\/b><br> Abra sua p\u00e1gina da web para verificar o funcionamento do widget. <\/li><\/ol><p>Supondo que voc\u00ea enfrente algumas dificuldades, n\u00e3o hesite em procurar ajuda de nossa equipe de suporte. Nossos consultores est\u00e3o ansiosos para resolver todos os problemas que voc\u00ea possa ter com a ferramenta. <\/p> <div class=\"faq\" data-component=\"FAQ\"> <div class=\"faq-item\">\r\n\t\t\t\t\t<div class=\"faq-item-question\">\r\n\t\t\t\t\t\t<h3 class=\"faq-item-question-text\">Como adicionar avalia\u00e7\u00f5es completas ao meu site BigCommerce sem habilidades de codifica\u00e7\u00e3o?<\/h3>\r\n\r\n\t\t\t\t\t\t<div class=\"faq-item-question-icon\"><\/div>\r\n\t\t\t\t\t<\/div>\r\n\r\n\t\t\t\t\t<div class=\"faq-item-answer\">\r\n\t\t\t\t\t\t<div class=\"faq-item-answer-text\"> <p>A Elfsight fornece uma solu\u00e7\u00e3o SaaS que permite criar avalia\u00e7\u00f5es completas widget voc\u00ea mesmo, veja como o processo \u00e9 f\u00e1cil: Trabalhe diretamente no Editor on-line para criar um widget de Avalia\u00e7\u00f5es tudo-em-um que voc\u00ea gostaria de ver em seu site BigCommerce. Escolha um dos modelos predefinidos e ajuste as configura\u00e7\u00f5es das Revis\u00f5es Multifuncionais, adicione seu conte\u00fado, altere o layout e as cores sem habilidades de codifica\u00e7\u00e3o. Salve as an\u00e1lises multifuncionais e copie seu c\u00f3digo de instala\u00e7\u00e3o, que voc\u00ea pode incorporar facilmente em seu site BigCommerce sem comprar uma assinatura paga. Com nosso editor intuitivo, qualquer usu\u00e1rio da Internet pode criar um widget de avalia\u00e7\u00f5es completas on-line e incorpor\u00e1-lo facilmente ao site do BigCommerce. N\u00e3o h\u00e1 necessidade de pagar ou inserir as credenciais do seu cart\u00e3o para acessar o servi\u00e7o. Se voc\u00ea enfrentar qualquer problema em qualquer etapa, n\u00e3o hesite em entrar em contato com nossa equipe de suporte t\u00e9cnico.<\/p> <\/div>\r\n\t\t\t\t\t<\/div>\r\n\t\t\t\t<\/div> <\/div> <\/div>","protected":false},"excerpt":{"rendered":"","protected":false},"author":9,"featured_media":0,"parent":366,"menu_order":0,"comment_status":"closed","ping_status":"closed","template":"templates\/template-application-platform.php","meta":{"publish_to_discourse":"","publish_post_category":"","wpdc_auto_publish_overridden":"","wpdc_topic_tags":"","wpdc_pin_topic":"","wpdc_pin_until":"","discourse_post_id":"","discourse_permalink":"","wpdc_publishing_response":"","wpdc_publishing_error":"","footnotes":""},"class_list":["post-3419","page","type-page","status-publish","hentry"],"yoast_head":"<!-- This site is optimized with the Yoast SEO plugin v25.3.1 - https:\/\/yoast.com\/wordpress\/plugins\/seo\/ -->\n<title>Adicione um widget All-in-One Reviews responsivo ao seu site BigCommerce<\/title>\n<meta name=\"description\" content=\"Adicione um aplicativo All-in-One Reviews responsivo \u00e0 sua p\u00e1gina do BigCommerce e obtenha total confian\u00e7a. Utilize a demonstra\u00e7\u00e3o \u00fatil da Elfsight para criar seu recurso exclusivo.\" \/>\n<meta name=\"robots\" content=\"index, follow, max-snippet:-1, max-image-preview:large, max-video-preview:-1\" \/>\n<link rel=\"canonical\" href=\"https:\/\/elfsight.com\/pt\/all-in-one-reviews-widget\/bigcommerce\/\" \/>\n<meta property=\"og:locale\" content=\"pt_PT\" \/>\n<meta property=\"og:type\" content=\"article\" \/>\n<meta property=\"og:title\" content=\"Adicione um widget All-in-One Reviews responsivo ao seu site BigCommerce\" \/>\n<meta property=\"og:description\" content=\"Adicione um aplicativo All-in-One Reviews responsivo \u00e0 sua p\u00e1gina do BigCommerce e obtenha total confian\u00e7a. Utilize a demonstra\u00e7\u00e3o \u00fatil da Elfsight para criar seu recurso exclusivo.\" \/>\n<meta property=\"og:url\" content=\"https:\/\/elfsight.com\/pt\/all-in-one-reviews-widget\/bigcommerce\/\" \/>\n<meta property=\"og:site_name\" content=\"Elfsight PT\" \/>\n<meta property=\"article:modified_time\" content=\"2024-11-13T11:24:32+00:00\" \/>\n<meta name=\"twitter:card\" content=\"summary_large_image\" \/>\n<meta name=\"twitter:label1\" content=\"Tempo estimado de leitura\" \/>\n\t<meta name=\"twitter:data1\" content=\"2 minutos\" \/>\n<!-- \/ Yoast SEO plugin. -->","yoast_head_json":{"title":"Adicione um widget All-in-One Reviews responsivo ao seu site BigCommerce","description":"Adicione um aplicativo All-in-One Reviews responsivo \u00e0 sua p\u00e1gina do BigCommerce e obtenha total confian\u00e7a. Utilize a demonstra\u00e7\u00e3o \u00fatil da Elfsight para criar seu recurso exclusivo.","robots":{"index":"index","follow":"follow","max-snippet":"max-snippet:-1","max-image-preview":"max-image-preview:large","max-video-preview":"max-video-preview:-1"},"canonical":"https:\/\/elfsight.com\/pt\/all-in-one-reviews-widget\/bigcommerce\/","og_locale":"pt_PT","og_type":"article","og_title":"Adicione um widget All-in-One Reviews responsivo ao seu site BigCommerce","og_description":"Adicione um aplicativo All-in-One Reviews responsivo \u00e0 sua p\u00e1gina do BigCommerce e obtenha total confian\u00e7a. Utilize a demonstra\u00e7\u00e3o \u00fatil da Elfsight para criar seu recurso exclusivo.","og_url":"https:\/\/elfsight.com\/pt\/all-in-one-reviews-widget\/bigcommerce\/","og_site_name":"Elfsight PT","article_modified_time":"2024-11-13T11:24:32+00:00","twitter_card":"summary_large_image","twitter_misc":{"Tempo estimado de leitura":"2 minutos"},"schema":{"@context":"https:\/\/schema.org","@graph":[{"@type":"WebPage","@id":"https:\/\/elfsight.com\/pt\/all-in-one-reviews-widget\/bigcommerce\/","url":"https:\/\/elfsight.com\/pt\/all-in-one-reviews-widget\/bigcommerce\/","name":"Adicione um widget All-in-One Reviews responsivo ao seu site BigCommerce","isPartOf":{"@id":"https:\/\/elfsight.com\/pt\/#website"},"datePublished":"2024-05-03T06:27:27+00:00","dateModified":"2024-11-13T11:24:32+00:00","description":"Adicione um aplicativo All-in-One Reviews responsivo \u00e0 sua p\u00e1gina do BigCommerce e obtenha total confian\u00e7a. Utilize a demonstra\u00e7\u00e3o \u00fatil da Elfsight para criar seu recurso exclusivo.","breadcrumb":{"@id":"https:\/\/elfsight.com\/pt\/all-in-one-reviews-widget\/bigcommerce\/#breadcrumb"},"inLanguage":"pt-PT","potentialAction":[{"@type":"ReadAction","target":["https:\/\/elfsight.com\/pt\/all-in-one-reviews-widget\/bigcommerce\/"]}]},{"@type":"BreadcrumbList","@id":"https:\/\/elfsight.com\/pt\/all-in-one-reviews-widget\/bigcommerce\/#breadcrumb","itemListElement":[{"@type":"ListItem","position":1,"name":"Home","item":"https:\/\/elfsight.com\/pt\/"},{"@type":"ListItem","position":2,"name":"All-in-One Reviews","item":"https:\/\/elfsight.com\/pt\/all-in-one-reviews-widget\/"},{"@type":"ListItem","position":3,"name":"All-in-One Reviews &#8211; BigCommerce"}]},{"@type":"WebSite","@id":"https:\/\/elfsight.com\/pt\/#website","url":"https:\/\/elfsight.com\/pt\/","name":"Elfsight PT","description":"Just another Elfsight Sites site","potentialAction":[{"@type":"SearchAction","target":{"@type":"EntryPoint","urlTemplate":"https:\/\/elfsight.com\/pt\/?s={search_term_string}"},"query-input":{"@type":"PropertyValueSpecification","valueRequired":true,"valueName":"search_term_string"}}],"inLanguage":"pt-PT"}]}},"meta_box":{"industry":"","seo_heading":"","heading":"","description":"","cta_heading":"","cta_description":"","application":"364","h1":"Aplicativo de avalia\u00e7\u00f5es multifuncionais do BigCommerce","h1_caption":"Aumente a confian\u00e7a mostrando coment\u00e1rios de usu\u00e1rios reais com dados do autor","application_category":[],"applications_title":"","applications_request_title":"","applications_request_button_text":"","hero_text":"","hero_video":"","hero_video_schema_markup":"","selling_points_title":"","selling_points_caption":"","selling_points":[],"selling_points_cta_text":"","features_title":"","features":"","ed_cta_examples_text":"","ed_cta_examples_hidden":"","ed_cta_demo_text":"","ed_cta_demo_hidden":"","why_caption":"","why_editor_title":"","why_editor_text":"","why_team_title":"","why_team_text":"","why_service_title":"","why_service_text":"","template_catalog_visible":"","template_catalog_title":"","template_catalog_text":"","template_catalog_categories_visible":"","demo_title":"Crie seu aplicativo All-in-One Reviews","demo_caption":"Configure suas avalia\u00e7\u00f5es multifuncionais e adicione-as ao seu site BigCommerce gratuitamente!","default_faq_hidden":"","app_template_category":[],"platform":"43","template_public_id":"","codecanyon_url":"","codecanyon_item_id":"","codecanyon_price":"","pricing_caption":"","pricing_elfsight_apps_hide_column":"","pricing_elfsight_apps_url":"","pricing_codecanyon_price_caption":"","integration_category":[],"integration_request_title":"","integration_request_cta":"","integration_platform":"","integrations":[],"platform_category":[],"video_schema_markup":"","price":"a partir de US$ 0\/m\u00eas","trial":"","benefits":[{"text":"Assist\u00eancia de instala\u00e7\u00e3o gratuita"},{"text":"Suporte ao cliente experiente"},{"text":"Garantia de reembolso de 14 dias"},{"text":"Atualizando constantemente"}],"button_url":"#demo","button_target_blank":"0","button_nofollow":"0","attributes":[{"name":"Instala\u00e7\u00f5es","content":"100,000 - 500,000","_state":"expanded"},{"name":"Responsivo","content":"Sim","_state":"expanded"},{"name":"Navegadores compat\u00edveis","content":"IE 11, Firefox, Safari, Opera, Chrome, Edge"}],"tags":[],"tags_disable_links":"0","hide_more_platforms":"","video_object":"","demo_hide_cta":"0","demo_hide_cloud_options":"0","pricing_title":"","pricing":[{"pricing_icon":"platform","pricing_title":"Elfsight Apps","pricing_title_caption":"Software multiplataforma","pricing_price":"a partir de US$ 0\/m\u00eas","pricing_price_caption":"comece com plano gratuito","pricing_benefits":[{"text":"Sites ilimitados"},{"text":"Suporte profissional ao cliente e bem documentado"},{"text":"Suporte profissional ao cliente e bem documentado"},{"text":"\u00d3timo neg\u00f3cio para v\u00e1rios aplicativos"}],"pricing_button_text":"Adicionar ao site","pricing_button_url":"#demo","_state":"expanded"}],"related_apps_title":"","related_apps_hidden":"1","author":"","image":[],"title":"","job":"","social_networks":[]},"_links":{"self":[{"href":"https:\/\/elfsight.com\/pt\/wp-json\/wp\/v2\/pages\/3419","targetHints":{"allow":["GET"]}}],"collection":[{"href":"https:\/\/elfsight.com\/pt\/wp-json\/wp\/v2\/pages"}],"about":[{"href":"https:\/\/elfsight.com\/pt\/wp-json\/wp\/v2\/types\/page"}],"author":[{"embeddable":true,"href":"https:\/\/elfsight.com\/pt\/wp-json\/wp\/v2\/users\/9"}],"replies":[{"embeddable":true,"href":"https:\/\/elfsight.com\/pt\/wp-json\/wp\/v2\/comments?post=3419"}],"version-history":[{"count":2,"href":"https:\/\/elfsight.com\/pt\/wp-json\/wp\/v2\/pages\/3419\/revisions"}],"predecessor-version":[{"id":11580,"href":"https:\/\/elfsight.com\/pt\/wp-json\/wp\/v2\/pages\/3419\/revisions\/11580"}],"up":[{"embeddable":true,"href":"https:\/\/elfsight.com\/pt\/wp-json\/wp\/v2\/pages\/366"}],"wp:attachment":[{"href":"https:\/\/elfsight.com\/pt\/wp-json\/wp\/v2\/media?parent=3419"}],"curies":[{"name":"wp","href":"https:\/\/api.w.org\/{rel}","templated":true}]}}