{"id":216,"date":"2021-09-27T08:59:52","date_gmt":"2021-09-27T08:59:52","guid":{"rendered":"https:\/\/elfsight.com\/pt\/?page_id=216"},"modified":"2024-06-25T10:22:48","modified_gmt":"2024-06-25T10:22:48","slug":"wordpress-plugins","status":"publish","type":"page","link":"https:\/\/elfsight.com\/pt\/wordpress-plugins\/","title":{"rendered":"WordPress plugins"},"content":{"rendered":"\n<h2>Os melhores plugins WordPress<\/h2>\n\n<figure class=\"browser-frame\">\n<img decoding=\"async\" alt=\"the best free wordpress plugins for your website\" src=\"https:\/\/elfsight.com\/wp-content\/uploads\/2020\/08\/platform-image-wordpress.jpg\">\n<\/figure>\n\n<p>Os nossos especialistas da Elfsight criam plugins adapt\u00e1veis e prontos a usar para o seu neg\u00f3cio. Garantimos constantemente ajuda de alta qualidade e carregamento r\u00e1pido. O servi\u00e7o de Apps da Elfsight ajuda bastantes propriet\u00e1rios de sites com fins n\u00e3o lucrativos, comerciais e de muitos outros tipos em todo o mundo a lidar com tarefas de site b\u00e1sicas de forma mais inteligente.<\/p>\n<h2>Porque \u00e9 que os plugins da Elfsight s\u00e3o uma solu\u00e7\u00e3o impressionante para o seu site?<\/h2>\n<p>Aqui est\u00e1 uma lista das principais vantagens dos nossos widgets:<\/p>\n<ul>\n<li>Apoio r\u00e1pido e gratuito na adi\u00e7\u00e3o ou configura\u00e7\u00e3o de plugins;<\/li>\n<li>Adaptados a dispositivos m\u00f3veis e a ecr\u00e3s de todas as dimens\u00f5es;<\/li>\n<li>N\u00e3o necessita de programa\u00e7\u00e3o;<\/li>\n<li>Solu\u00e7\u00f5es cloud garantem melhorar a velocidade de carregamento;<\/li>\n<li>Atualiza\u00e7\u00f5es frequentes gratuitas;<\/li>\n<li>Intervalo de pre\u00e7os justo;<\/li>\n<li>Ajuda vital\u00edcia para quaisquer problemas.<\/li>\n<\/ul>\n<p>Descubra uma op\u00e7\u00e3o gratuita dos nossos widgets e veja o seu potencial ou obtenha qualquer solu\u00e7\u00e3o que deseje com 20% de desconto.<\/p>\n\n<h2>Como integrar o seu plugin no site WordPress<\/h2>\n<div class=\"video-container\">\n<iframe width=\"720\" height=\"405\" src=\"https:\/\/www.youtube.com\/embed\/w_b9GPEZJiY\" frameborder=\"0\" allowfullscreen=\"\"><\/iframe>\n<\/div>\n<p>Para implementar o nosso widget, use as instru\u00e7\u00f5es:<\/p>\n<ol>\n<li>Clique no widget necess\u00e1rio;<\/li>\n<li>Altere as defini\u00e7\u00f5es ao seu agrado;<\/li>\n<li>Guarde as altera\u00e7\u00f5es;<\/li>\n<li>Clique no c\u00f3digo recebido;<\/li>\n<li>Instale o c\u00f3digo no local adequado do seu site ou template;<\/li>\n<li>A implementa\u00e7\u00e3o do plugin foi totalmente completada.<\/li>\n<\/ol>\n<p>Se necessitar de ajuda, por favor n\u00e3o hesite em contactar os especialistas de apoio da Elfsight\n<\/p>\n","protected":false},"excerpt":{"rendered":"Os melhores plugins WordPress Os nossos especialistas da Elfsight criam plugins adapt\u00e1veis e prontos a usar para o seu neg\u00f3cio. Garantimos constantemente ajuda de alta qualidade e carregamento r\u00e1pido. O servi\u00e7o de Apps da Elfsight ajuda bastantes propriet\u00e1rios de sites com fins n\u00e3o lucrativos, comerciais e de muitos outros tipos&#8230;","protected":false},"author":13,"featured_media":0,"parent":0,"menu_order":0,"comment_status":"closed","ping_status":"closed","template":"templates\/template-platform.php","meta":{"publish_to_discourse":"","publish_post_category":"","wpdc_auto_publish_overridden":"","wpdc_topic_tags":"","wpdc_pin_topic":"","wpdc_pin_until":"","discourse_post_id":"","discourse_permalink":"","wpdc_publishing_response":"","wpdc_publishing_error":"","footnotes":""},"class_list":["post-216","page","type-page","status-publish","hentry"],"yoast_head":"<!-- This site is optimized with the Yoast SEO plugin v25.3.1 - https:\/\/yoast.com\/wordpress\/plugins\/seo\/ -->\n<title>Mais de 70 dos melhores plugins para o seu site Wordpress [2025]<\/title>\n<meta name=\"description\" content=\"Cat\u00e1logo de incompar\u00e1veis widgets e plugins especialmente para sites WordPress. Ajuda com a personaliza\u00e7\u00e3o e extensas funcionalidades.\" \/>\n<meta name=\"robots\" content=\"index, follow, max-snippet:-1, max-image-preview:large, max-video-preview:-1\" \/>\n<link rel=\"canonical\" href=\"https:\/\/elfsight.com\/pt\/wordpress-plugins\/\" \/>\n<meta property=\"og:locale\" content=\"pt_PT\" \/>\n<meta property=\"og:type\" content=\"article\" \/>\n<meta property=\"og:title\" content=\"Mais de 70 dos melhores plugins para o seu site Wordpress [2025]\" \/>\n<meta property=\"og:description\" content=\"Cat\u00e1logo de incompar\u00e1veis widgets e plugins especialmente para sites WordPress. Ajuda com a personaliza\u00e7\u00e3o e extensas funcionalidades.\" \/>\n<meta property=\"og:url\" content=\"https:\/\/elfsight.com\/pt\/wordpress-plugins\/\" \/>\n<meta property=\"og:site_name\" content=\"Elfsight PT\" \/>\n<meta property=\"article:modified_time\" content=\"2024-06-25T10:22:48+00:00\" \/>\n<meta property=\"og:image\" content=\"https:\/\/elfsight.com\/wp-content\/uploads\/2020\/08\/platform-image-wordpress.jpg\" \/>\n<meta name=\"twitter:card\" content=\"summary_large_image\" \/>\n<meta name=\"twitter:label1\" content=\"Tempo estimado de leitura\" \/>\n\t<meta name=\"twitter:data1\" content=\"2 minutos\" \/>\n<!-- \/ Yoast SEO plugin. -->","yoast_head_json":{"title":"Mais de 70 dos melhores plugins para o seu site Wordpress [2025]","description":"Cat\u00e1logo de incompar\u00e1veis widgets e plugins especialmente para sites WordPress. Ajuda com a personaliza\u00e7\u00e3o e extensas funcionalidades.","robots":{"index":"index","follow":"follow","max-snippet":"max-snippet:-1","max-image-preview":"max-image-preview:large","max-video-preview":"max-video-preview:-1"},"canonical":"https:\/\/elfsight.com\/pt\/wordpress-plugins\/","og_locale":"pt_PT","og_type":"article","og_title":"Mais de 70 dos melhores plugins para o seu site Wordpress [2025]","og_description":"Cat\u00e1logo de incompar\u00e1veis widgets e plugins especialmente para sites WordPress. Ajuda com a personaliza\u00e7\u00e3o e extensas funcionalidades.","og_url":"https:\/\/elfsight.com\/pt\/wordpress-plugins\/","og_site_name":"Elfsight PT","article_modified_time":"2024-06-25T10:22:48+00:00","og_image":[{"url":"https:\/\/elfsight.com\/wp-content\/uploads\/2020\/08\/platform-image-wordpress.jpg","type":"","width":"","height":""}],"twitter_card":"summary_large_image","twitter_misc":{"Tempo estimado de leitura":"2 minutos"},"schema":{"@context":"https:\/\/schema.org","@graph":[{"@type":"WebPage","@id":"https:\/\/elfsight.com\/pt\/wordpress-plugins\/","url":"https:\/\/elfsight.com\/pt\/wordpress-plugins\/","name":"Mais de 70 dos melhores plugins para o seu site Wordpress [2025]","isPartOf":{"@id":"https:\/\/elfsight.com\/pt\/#website"},"primaryImageOfPage":{"@id":"https:\/\/elfsight.com\/pt\/wordpress-plugins\/#primaryimage"},"image":{"@id":"https:\/\/elfsight.com\/pt\/wordpress-plugins\/#primaryimage"},"thumbnailUrl":"https:\/\/elfsight.com\/wp-content\/uploads\/2020\/08\/platform-image-wordpress.jpg","datePublished":"2021-09-27T08:59:52+00:00","dateModified":"2024-06-25T10:22:48+00:00","description":"Cat\u00e1logo de incompar\u00e1veis widgets e plugins especialmente para sites WordPress. Ajuda com a personaliza\u00e7\u00e3o e extensas funcionalidades.","breadcrumb":{"@id":"https:\/\/elfsight.com\/pt\/wordpress-plugins\/#breadcrumb"},"inLanguage":"pt-PT","potentialAction":[{"@type":"ReadAction","target":["https:\/\/elfsight.com\/pt\/wordpress-plugins\/"]}]},{"@type":"ImageObject","inLanguage":"pt-PT","@id":"https:\/\/elfsight.com\/pt\/wordpress-plugins\/#primaryimage","url":"https:\/\/elfsight.com\/wp-content\/uploads\/2020\/08\/platform-image-wordpress.jpg","contentUrl":"https:\/\/elfsight.com\/wp-content\/uploads\/2020\/08\/platform-image-wordpress.jpg"},{"@type":"BreadcrumbList","@id":"https:\/\/elfsight.com\/pt\/wordpress-plugins\/#breadcrumb","itemListElement":[{"@type":"ListItem","position":1,"name":"Home","item":"https:\/\/elfsight.com\/pt\/"},{"@type":"ListItem","position":2,"name":"WordPress plugins"}]},{"@type":"WebSite","@id":"https:\/\/elfsight.com\/pt\/#website","url":"https:\/\/elfsight.com\/pt\/","name":"Elfsight PT","description":"Just another Elfsight Sites site","potentialAction":[{"@type":"SearchAction","target":{"@type":"EntryPoint","urlTemplate":"https:\/\/elfsight.com\/pt\/?s={search_term_string}"},"query-input":{"@type":"PropertyValueSpecification","valueRequired":true,"valueName":"search_term_string"}}],"inLanguage":"pt-PT"}]}},"meta_box":{"industry":"","seo_heading":"","heading":"","description":"","cta_heading":"","cta_description":"","application":"","h1":"Os melhores plugins WordPress","h1_caption":"Widgets prontos a usar com funcionalidade de grande escala. Configura\u00e7\u00e3o f\u00e1cil, um largo leque de defini\u00e7\u00f5es de personaliza\u00e7\u00e3o e apoio ao cliente profissional.","application_category":[],"applications_title":"Explore a grande cole\u00e7\u00e3o de plugins gratuitos para o seu site WordPress","applications_request_title":"N\u00e3o encontra o widget certo?","applications_request_button_text":"Pedir um widget","hero_text":"","hero_video":"","hero_video_schema_markup":"","selling_points_title":"","selling_points_caption":"","selling_points":[],"selling_points_cta_text":"","features_title":"","features":"","ed_cta_examples_text":"","ed_cta_examples_hidden":"","ed_cta_demo_text":"","ed_cta_demo_hidden":"","why_caption":"","why_editor_title":"","why_editor_text":"","why_team_title":"","why_team_text":"","why_service_title":"","why_service_text":"","template_catalog_visible":"","template_catalog_title":"","template_catalog_text":"","template_catalog_categories_visible":"","demo_title":"","demo_caption":"","default_faq_hidden":"","app_template_category":[],"platform":"34","template_public_id":"","codecanyon_url":"","codecanyon_item_id":"","codecanyon_price":"","pricing_caption":"","pricing_elfsight_apps_hide_column":"","pricing_elfsight_apps_url":"","pricing_codecanyon_price_caption":"","integration_category":[],"integration_request_title":"","integration_request_cta":"","integration_platform":"","integrations":[],"platform_category":[],"video_schema_markup":"{\r\n  \"@context\": \"http:\/\/schema.org\",\r\n  \"@type\": \"VideoObject\",\r\n  \"name\": \"How to Add App to WordPress (free &amp; easy)\",\r\n  \"description\": \"Free catalog of incomparable free widgets and plugins specially for WordPress websites. Help with customization and wide functionality.\",\r\n  \"thumbnailUrl\": \"https:\/\/i.ytimg.com\/vi\/w_b9GPEZJiY\/default.jpg\",\r\n  \"uploadDate\": \"2021-06-07T13:34:54Z\",\r\n  \"duration\": \"PT2M27S\",\r\n  \"embedUrl\": \"https:\/\/www.youtube.com\/embed\/w_b9GPEZJiY\",\r\n  \"interactionCount\": \"12\"\r\n}","price":"a partir de US$ 0\/m\u00eas","trial":"","benefits":[],"button_url":"#demo","button_target_blank":"","button_nofollow":"","attributes":[],"tags":[],"tags_disable_links":"","hide_more_platforms":"","video_object":"","demo_hide_cta":"","demo_hide_cloud_options":"","pricing_title":"","pricing":[],"related_apps_title":"","related_apps_hidden":"","author":"","image":[],"title":"","job":"","social_networks":[]},"_links":{"self":[{"href":"https:\/\/elfsight.com\/pt\/wp-json\/wp\/v2\/pages\/216","targetHints":{"allow":["GET"]}}],"collection":[{"href":"https:\/\/elfsight.com\/pt\/wp-json\/wp\/v2\/pages"}],"about":[{"href":"https:\/\/elfsight.com\/pt\/wp-json\/wp\/v2\/types\/page"}],"author":[{"embeddable":true,"href":"https:\/\/elfsight.com\/pt\/wp-json\/wp\/v2\/users\/13"}],"replies":[{"embeddable":true,"href":"https:\/\/elfsight.com\/pt\/wp-json\/wp\/v2\/comments?post=216"}],"version-history":[{"count":3,"href":"https:\/\/elfsight.com\/pt\/wp-json\/wp\/v2\/pages\/216\/revisions"}],"predecessor-version":[{"id":227,"href":"https:\/\/elfsight.com\/pt\/wp-json\/wp\/v2\/pages\/216\/revisions\/227"}],"wp:attachment":[{"href":"https:\/\/elfsight.com\/pt\/wp-json\/wp\/v2\/media?parent=216"}],"curies":[{"name":"wp","href":"https:\/\/api.w.org\/{rel}","templated":true}]}}