{"id":204,"date":"2021-09-27T08:16:03","date_gmt":"2021-09-27T08:16:03","guid":{"rendered":"https:\/\/elfsight.com\/pt\/?page_id=204"},"modified":"2024-06-25T10:22:40","modified_gmt":"2024-06-25T10:22:40","slug":"webflow-integrations","status":"publish","type":"page","link":"https:\/\/elfsight.com\/pt\/webflow-integrations\/","title":{"rendered":"Webflow widgets"},"content":{"rendered":"\n<h2>As melhores integra\u00e7\u00f5es para o seu site Webflow<\/h2>\n<figure class=\"browser-frame\"><img decoding=\"async\" src=\"https:\/\/elfsight.com\/wp-content\/uploads\/2020\/08\/platform-image-webflow.jpg\" alt=\"the best free webflow widgets for your website\"><\/figure>\n<p>A Elfsight tem moldado os plugins mais \u00fateis para Webflow h\u00e1 8 anos.<\/p>\n<p>Oferecemos planos de subscri\u00e7\u00e3o diferentes: de gratuitos a premium. Queremos dar ao seu neg\u00f3cio a oportunidade de crescer com a nossa equipa e atingir um n\u00edvel impressionante.<\/p>\n<h2>Porque \u00e9 que os plugins para Webflow da Elfsight s\u00e3o dos melhores?<\/h2>\n<p>Veja os benef\u00edcios:<\/p>\n<ul>\n<li>Completamente adapt\u00e1vel a todos os dispositivos;<\/li>\n<li>N\u00e3o \u00e9 necess\u00e1rio conhecimento de programa\u00e7\u00e3o;<\/li>\n<li>Diversas op\u00e7\u00f5es de templates para os utilizadores;<\/li>\n<li>Interface de utilizador simples;<\/li>\n<li>Solu\u00e7\u00e3o cloud para uma alta velocidade de carregamento;<\/li>\n<li>Atualiza\u00e7\u00f5es frequentes autom\u00e1ticas;<\/li>\n<li>Apoio profissional com quaisquer problemas.<\/li>\n<\/ul>\n<p>Descubra todas as vantagens dos plugins da Elfsight usando a op\u00e7\u00e3o gratuita ou comprando a integra\u00e7\u00e3o que desejar com 20% de desconto.<\/p>\n<h2>Como se integra um plugin em sites Webflow?<\/h2>\n<div class=\"video-container\">\n<iframe width=\"720\" height=\"405\" src=\"https:\/\/www.youtube.com\/embed\/qO9TNvateRE\" frameborder=\"0\" allowfullscreen=\"\"><\/iframe>\n<\/div>\n<p>Pode ver mais informa\u00e7\u00e3o sobre a cria\u00e7\u00e3o de uma integra\u00e7\u00e3o particular na p\u00e1gina do plugin.<\/p>\n<ol>\n<li>V\u00e1 ao seu widget e modifique-o no editor;<\/li>\n<li>Insira o c\u00f3digo widget no seu site;<\/li>\n<li>A instala\u00e7\u00e3o est\u00e1 completa!<\/li>\n<\/ol>\n<p>Requer ajuda gratuita em modificar a sua integra\u00e7\u00e3o de Webflow? Basta contactar o nosso centro de apoio, e teremos todo o prazer em responder \u00e0s suas quest\u00f5es.<\/p>\n","protected":false},"excerpt":{"rendered":"As melhores integra\u00e7\u00f5es para o seu site Webflow A Elfsight tem moldado os plugins mais \u00fateis para Webflow h\u00e1 8 anos. Oferecemos planos de subscri\u00e7\u00e3o diferentes: de gratuitos a premium. Queremos dar ao seu neg\u00f3cio a oportunidade de crescer com a nossa equipa e atingir um n\u00edvel impressionante. Porque \u00e9&#8230;","protected":false},"author":13,"featured_media":0,"parent":0,"menu_order":0,"comment_status":"closed","ping_status":"closed","template":"templates\/template-platform.php","meta":{"publish_to_discourse":"","publish_post_category":"","wpdc_auto_publish_overridden":"","wpdc_topic_tags":"","wpdc_pin_topic":"","wpdc_pin_until":"","discourse_post_id":"","discourse_permalink":"","wpdc_publishing_response":"","wpdc_publishing_error":"","footnotes":""},"class_list":["post-204","page","type-page","status-publish","hentry"],"yoast_head":"<!-- This site is optimized with the Yoast SEO plugin v25.3.1 - https:\/\/yoast.com\/wordpress\/plugins\/seo\/ -->\n<title>Mais de 70 dos Melhores plugins e integra\u00e7\u00f5es para o seu Site [2025]<\/title>\n<meta name=\"description\" content=\"Um cat\u00e1logo das melhores integra\u00e7\u00f5es para sites Webflow. Apoio na configura\u00e7\u00e3o, compat\u00edvel com todas as vers\u00f5es e defini\u00e7\u00f5es \u00fanicas.\" \/>\n<meta name=\"robots\" content=\"index, follow, max-snippet:-1, max-image-preview:large, max-video-preview:-1\" \/>\n<link rel=\"canonical\" href=\"https:\/\/elfsight.com\/pt\/webflow-integrations\/\" \/>\n<meta property=\"og:locale\" content=\"pt_PT\" \/>\n<meta property=\"og:type\" content=\"article\" \/>\n<meta property=\"og:title\" content=\"Mais de 70 dos Melhores plugins e integra\u00e7\u00f5es para o seu Site [2025]\" \/>\n<meta property=\"og:description\" content=\"Um cat\u00e1logo das melhores integra\u00e7\u00f5es para sites Webflow. Apoio na configura\u00e7\u00e3o, compat\u00edvel com todas as vers\u00f5es e defini\u00e7\u00f5es \u00fanicas.\" \/>\n<meta property=\"og:url\" content=\"https:\/\/elfsight.com\/pt\/webflow-integrations\/\" \/>\n<meta property=\"og:site_name\" content=\"Elfsight PT\" \/>\n<meta property=\"article:modified_time\" content=\"2024-06-25T10:22:40+00:00\" \/>\n<meta property=\"og:image\" content=\"https:\/\/elfsight.com\/wp-content\/uploads\/2020\/08\/platform-image-webflow.jpg\" \/>\n<meta name=\"twitter:card\" content=\"summary_large_image\" \/>\n<meta name=\"twitter:label1\" content=\"Tempo estimado de leitura\" \/>\n\t<meta name=\"twitter:data1\" content=\"2 minutos\" \/>\n<!-- \/ Yoast SEO plugin. -->","yoast_head_json":{"title":"Mais de 70 dos Melhores plugins e integra\u00e7\u00f5es para o seu Site [2025]","description":"Um cat\u00e1logo das melhores integra\u00e7\u00f5es para sites Webflow. Apoio na configura\u00e7\u00e3o, compat\u00edvel com todas as vers\u00f5es e defini\u00e7\u00f5es \u00fanicas.","robots":{"index":"index","follow":"follow","max-snippet":"max-snippet:-1","max-image-preview":"max-image-preview:large","max-video-preview":"max-video-preview:-1"},"canonical":"https:\/\/elfsight.com\/pt\/webflow-integrations\/","og_locale":"pt_PT","og_type":"article","og_title":"Mais de 70 dos Melhores plugins e integra\u00e7\u00f5es para o seu Site [2025]","og_description":"Um cat\u00e1logo das melhores integra\u00e7\u00f5es para sites Webflow. Apoio na configura\u00e7\u00e3o, compat\u00edvel com todas as vers\u00f5es e defini\u00e7\u00f5es \u00fanicas.","og_url":"https:\/\/elfsight.com\/pt\/webflow-integrations\/","og_site_name":"Elfsight PT","article_modified_time":"2024-06-25T10:22:40+00:00","og_image":[{"url":"https:\/\/elfsight.com\/wp-content\/uploads\/2020\/08\/platform-image-webflow.jpg","type":"","width":"","height":""}],"twitter_card":"summary_large_image","twitter_misc":{"Tempo estimado de leitura":"2 minutos"},"schema":{"@context":"https:\/\/schema.org","@graph":[{"@type":"WebPage","@id":"https:\/\/elfsight.com\/pt\/webflow-integrations\/","url":"https:\/\/elfsight.com\/pt\/webflow-integrations\/","name":"Mais de 70 dos Melhores plugins e integra\u00e7\u00f5es para o seu Site [2025]","isPartOf":{"@id":"https:\/\/elfsight.com\/pt\/#website"},"primaryImageOfPage":{"@id":"https:\/\/elfsight.com\/pt\/webflow-integrations\/#primaryimage"},"image":{"@id":"https:\/\/elfsight.com\/pt\/webflow-integrations\/#primaryimage"},"thumbnailUrl":"https:\/\/elfsight.com\/wp-content\/uploads\/2020\/08\/platform-image-webflow.jpg","datePublished":"2021-09-27T08:16:03+00:00","dateModified":"2024-06-25T10:22:40+00:00","description":"Um cat\u00e1logo das melhores integra\u00e7\u00f5es para sites Webflow. Apoio na configura\u00e7\u00e3o, compat\u00edvel com todas as vers\u00f5es e defini\u00e7\u00f5es \u00fanicas.","breadcrumb":{"@id":"https:\/\/elfsight.com\/pt\/webflow-integrations\/#breadcrumb"},"inLanguage":"pt-PT","potentialAction":[{"@type":"ReadAction","target":["https:\/\/elfsight.com\/pt\/webflow-integrations\/"]}]},{"@type":"ImageObject","inLanguage":"pt-PT","@id":"https:\/\/elfsight.com\/pt\/webflow-integrations\/#primaryimage","url":"https:\/\/elfsight.com\/wp-content\/uploads\/2020\/08\/platform-image-webflow.jpg","contentUrl":"https:\/\/elfsight.com\/wp-content\/uploads\/2020\/08\/platform-image-webflow.jpg"},{"@type":"BreadcrumbList","@id":"https:\/\/elfsight.com\/pt\/webflow-integrations\/#breadcrumb","itemListElement":[{"@type":"ListItem","position":1,"name":"Home","item":"https:\/\/elfsight.com\/pt\/"},{"@type":"ListItem","position":2,"name":"Webflow widgets"}]},{"@type":"WebSite","@id":"https:\/\/elfsight.com\/pt\/#website","url":"https:\/\/elfsight.com\/pt\/","name":"Elfsight PT","description":"Just another Elfsight Sites site","potentialAction":[{"@type":"SearchAction","target":{"@type":"EntryPoint","urlTemplate":"https:\/\/elfsight.com\/pt\/?s={search_term_string}"},"query-input":{"@type":"PropertyValueSpecification","valueRequired":true,"valueName":"search_term_string"}}],"inLanguage":"pt-PT"}]}},"meta_box":{"industry":"","seo_heading":"","heading":"","description":"","cta_heading":"","cta_description":"","application":"","h1":"Os melhores widgets Webflow","h1_caption":"Uma biblioteca completa de integra\u00e7\u00f5es gratuitas com fortes op\u00e7\u00f5es para aumentar as vendas e a intera\u00e7\u00e3o no seu site.","application_category":[],"applications_title":"Explore a lista de todas as integra\u00e7\u00f5es Webflow gratuitas.","applications_request_title":"N\u00e3o encontra os plugins certos?","applications_request_button_text":"Pedir um plugin","hero_text":"","hero_video":"","hero_video_schema_markup":"","selling_points_title":"","selling_points_caption":"","selling_points":[],"selling_points_cta_text":"","features_title":"","features":"","ed_cta_examples_text":"","ed_cta_examples_hidden":"","ed_cta_demo_text":"","ed_cta_demo_hidden":"","why_caption":"","why_editor_title":"","why_editor_text":"","why_team_title":"","why_team_text":"","why_service_title":"","why_service_text":"","template_catalog_visible":"","template_catalog_title":"","template_catalog_text":"","template_catalog_categories_visible":"","demo_title":"","demo_caption":"","default_faq_hidden":"","app_template_category":[],"platform":"70","template_public_id":"","codecanyon_url":"","codecanyon_item_id":"","codecanyon_price":"","pricing_caption":"","pricing_elfsight_apps_hide_column":"","pricing_elfsight_apps_url":"","pricing_codecanyon_price_caption":"","integration_category":[],"integration_request_title":"","integration_request_cta":"","integration_platform":"","integrations":[],"platform_category":[],"video_schema_markup":"{\r\n  \"@context\": \"http:\/\/schema.org\",\r\n  \"@type\": \"VideoObject\",\r\n  \"name\": \"How to Add Widget to Webflow (free &amp; easy)\",\r\n  \"description\": \"A catalogue of the best free integrations for Webflow websites. Support with setup, compatible with all versions and unique widget setting.\",\r\n  \"thumbnailUrl\": \"https:\/\/i.ytimg.com\/vi\/qO9TNvateRE\/default.jpg\",\r\n  \"uploadDate\": \"2021-06-07T11:07:38Z\",\r\n  \"duration\": \"PT2M35S\",\r\n  \"embedUrl\": \"https:\/\/www.youtube.com\/embed\/qO9TNvateRE\",\r\n  \"interactionCount\": \"18\"\r\n}","price":"a partir de US$ 0\/m\u00eas","trial":"","benefits":[],"button_url":"#demo","button_target_blank":"","button_nofollow":"","attributes":[],"tags":[],"tags_disable_links":"","hide_more_platforms":"","video_object":"","demo_hide_cta":"","demo_hide_cloud_options":"","pricing_title":"","pricing":[],"related_apps_title":"","related_apps_hidden":"","author":"","image":[],"title":"","job":"","social_networks":[]},"_links":{"self":[{"href":"https:\/\/elfsight.com\/pt\/wp-json\/wp\/v2\/pages\/204","targetHints":{"allow":["GET"]}}],"collection":[{"href":"https:\/\/elfsight.com\/pt\/wp-json\/wp\/v2\/pages"}],"about":[{"href":"https:\/\/elfsight.com\/pt\/wp-json\/wp\/v2\/types\/page"}],"author":[{"embeddable":true,"href":"https:\/\/elfsight.com\/pt\/wp-json\/wp\/v2\/users\/13"}],"replies":[{"embeddable":true,"href":"https:\/\/elfsight.com\/pt\/wp-json\/wp\/v2\/comments?post=204"}],"version-history":[{"count":4,"href":"https:\/\/elfsight.com\/pt\/wp-json\/wp\/v2\/pages\/204\/revisions"}],"predecessor-version":[{"id":224,"href":"https:\/\/elfsight.com\/pt\/wp-json\/wp\/v2\/pages\/204\/revisions\/224"}],"wp:attachment":[{"href":"https:\/\/elfsight.com\/pt\/wp-json\/wp\/v2\/media?parent=204"}],"curies":[{"name":"wp","href":"https:\/\/api.w.org\/{rel}","templated":true}]}}