{"id":160,"date":"2021-09-24T13:52:28","date_gmt":"2021-09-24T13:52:28","guid":{"rendered":"https:\/\/elfsight.com\/pt\/?page_id=160"},"modified":"2024-06-25T10:22:20","modified_gmt":"2024-06-25T10:22:20","slug":"html-widgets","status":"publish","type":"page","link":"https:\/\/elfsight.com\/pt\/html-widgets\/","title":{"rendered":"HTML widgets"},"content":{"rendered":"\n<h2>A melhor ferramenta para cada site HTML<\/h2>\n<figure class=\"browser-frame\"><img decoding=\"async\" src=\"https:\/\/elfsight.com\/wp-content\/uploads\/2020\/08\/platform-image-html.jpg\" alt=\"the best free html widgets for your website\"><\/figure>\n<p>A nossa equipa tem moldado os widgets premium para HTML mais eficientes h\u00e1 7 anos. Os plugins da Elfsight permitem maximizar o n\u00famero de oportunidades de venda, integrar redes sociais no seu site ou tratar de quaisquer outras tarefas frequentes em sites de neg\u00f3cios.<\/p>\n<p>Oferecemos v\u00e1rios pre\u00e7os: desde gratuito a premium. Temos o objetivo de oferecer ao seu site uma oportunidade de melhorar conosco e atingir patamares impressionantes.<\/p>\n<h2>Porque \u00e9 que os nossos widgets HTML s\u00e3o dos melhores?<\/h2>\n<p>Aqui tem uma lista de qualidades que as destacam das alternativas:<\/p>\n<ul>\n<li>Adaptam-se completamente a todos os dispositivos;<\/li>\n<li>N\u00e3o precisa de saber programar;<\/li>\n<li>Diversos par\u00e2metros do interface;<\/li>\n<li>Interface do utilizador simples;<\/li>\n<li>Solu\u00e7\u00e3o cloud para velocidade de carregamento perfeita;<\/li>\n<li>Atualiza\u00e7\u00f5es autom\u00e1ticas constantes;<\/li>\n<li>Apoio competente.<\/li>\n<\/ul>\n<p>Obtenha acesso a todas as vantagens dos plugins da Elfsight via vers\u00e3o gratuita ou adquira o widget desejado com 20% de desconto.<\/p>\n<h2>Como criar um widget em sites HTML<\/h2>\n<div class=\"video-container\">\n<iframe width=\"720\" height=\"405\" src=\"https:\/\/www.youtube.com\/embed\/1notwooXE58\" frameborder=\"0\" allowfullscreen=\"\"><\/iframe>\n<\/div>\n<p>Pode obter o m\u00e1ximo de informa\u00e7\u00e3o sobre adicionar cada widget na sec\u00e7\u00e3o de plugin.<\/p>\n<ol>\n<li>Escolher o widget e abri-lo no editor;<\/li>\n<li>Inserir o c\u00f3digo do widget no seu site;<\/li>\n<li>Completou com sucesso a instala\u00e7\u00e3o!<\/li>\n<\/ol>\n<p>Se precisar de ajuda contacte o apoio ao cliente e teremos todo o prazer em responder \u00e0s suas quest\u00f5es.<\/p>\n","protected":false},"excerpt":{"rendered":"A melhor ferramenta para cada site HTML A nossa equipa tem moldado os widgets premium para HTML mais eficientes h\u00e1 7 anos. Os plugins da Elfsight permitem maximizar o n\u00famero de oportunidades de venda, integrar redes sociais no seu site ou tratar de quaisquer outras tarefas frequentes em sites de&#8230;","protected":false},"author":13,"featured_media":0,"parent":0,"menu_order":0,"comment_status":"closed","ping_status":"closed","template":"templates\/template-platform.php","meta":{"publish_to_discourse":"","publish_post_category":"","wpdc_auto_publish_overridden":"","wpdc_topic_tags":"","wpdc_pin_topic":"","wpdc_pin_until":"","discourse_post_id":"","discourse_permalink":"","wpdc_publishing_response":"","wpdc_publishing_error":"","footnotes":""},"class_list":["post-160","page","type-page","status-publish","hentry"],"yoast_head":"<!-- This site is optimized with the Yoast SEO plugin v25.3.1 - https:\/\/yoast.com\/wordpress\/plugins\/seo\/ -->\n<title>70+ Melhores widgets gratuitos para sites | Plugins da Elfsight [2025]<\/title>\n<meta name=\"description\" content=\"Melhores widgets para sites HTML. Ajuda na configura\u00e7\u00e3o, compat\u00edvel com todas as vers\u00f5es e templates de HTML e extensas defini\u00e7\u00f5es de plugin.\" \/>\n<meta name=\"robots\" content=\"index, follow, max-snippet:-1, max-image-preview:large, max-video-preview:-1\" \/>\n<link rel=\"canonical\" href=\"https:\/\/elfsight.com\/pt\/html-widgets\/\" \/>\n<meta property=\"og:locale\" content=\"pt_PT\" \/>\n<meta property=\"og:type\" content=\"article\" \/>\n<meta property=\"og:title\" content=\"70+ Melhores widgets gratuitos para sites | Plugins da Elfsight [2025]\" \/>\n<meta property=\"og:description\" content=\"Melhores widgets para sites HTML. Ajuda na configura\u00e7\u00e3o, compat\u00edvel com todas as vers\u00f5es e templates de HTML e extensas defini\u00e7\u00f5es de plugin.\" \/>\n<meta property=\"og:url\" content=\"https:\/\/elfsight.com\/pt\/html-widgets\/\" \/>\n<meta property=\"og:site_name\" content=\"Elfsight PT\" \/>\n<meta property=\"article:modified_time\" content=\"2024-06-25T10:22:20+00:00\" \/>\n<meta property=\"og:image\" content=\"https:\/\/elfsight.com\/wp-content\/uploads\/2020\/08\/platform-image-html.jpg\" \/>\n<meta name=\"twitter:card\" content=\"summary_large_image\" \/>\n<meta name=\"twitter:label1\" content=\"Tempo estimado de leitura\" \/>\n\t<meta name=\"twitter:data1\" content=\"2 minutos\" \/>\n<!-- \/ Yoast SEO plugin. -->","yoast_head_json":{"title":"70+ Melhores widgets gratuitos para sites | Plugins da Elfsight [2025]","description":"Melhores widgets para sites HTML. Ajuda na configura\u00e7\u00e3o, compat\u00edvel com todas as vers\u00f5es e templates de HTML e extensas defini\u00e7\u00f5es de plugin.","robots":{"index":"index","follow":"follow","max-snippet":"max-snippet:-1","max-image-preview":"max-image-preview:large","max-video-preview":"max-video-preview:-1"},"canonical":"https:\/\/elfsight.com\/pt\/html-widgets\/","og_locale":"pt_PT","og_type":"article","og_title":"70+ Melhores widgets gratuitos para sites | Plugins da Elfsight [2025]","og_description":"Melhores widgets para sites HTML. Ajuda na configura\u00e7\u00e3o, compat\u00edvel com todas as vers\u00f5es e templates de HTML e extensas defini\u00e7\u00f5es de plugin.","og_url":"https:\/\/elfsight.com\/pt\/html-widgets\/","og_site_name":"Elfsight PT","article_modified_time":"2024-06-25T10:22:20+00:00","og_image":[{"url":"https:\/\/elfsight.com\/wp-content\/uploads\/2020\/08\/platform-image-html.jpg","type":"","width":"","height":""}],"twitter_card":"summary_large_image","twitter_misc":{"Tempo estimado de leitura":"2 minutos"},"schema":{"@context":"https:\/\/schema.org","@graph":[{"@type":"WebPage","@id":"https:\/\/elfsight.com\/pt\/html-widgets\/","url":"https:\/\/elfsight.com\/pt\/html-widgets\/","name":"70+ Melhores widgets gratuitos para sites | Plugins da Elfsight [2025]","isPartOf":{"@id":"https:\/\/elfsight.com\/pt\/#website"},"primaryImageOfPage":{"@id":"https:\/\/elfsight.com\/pt\/html-widgets\/#primaryimage"},"image":{"@id":"https:\/\/elfsight.com\/pt\/html-widgets\/#primaryimage"},"thumbnailUrl":"https:\/\/elfsight.com\/wp-content\/uploads\/2020\/08\/platform-image-html.jpg","datePublished":"2021-09-24T13:52:28+00:00","dateModified":"2024-06-25T10:22:20+00:00","description":"Melhores widgets para sites HTML. Ajuda na configura\u00e7\u00e3o, compat\u00edvel com todas as vers\u00f5es e templates de HTML e extensas defini\u00e7\u00f5es de plugin.","breadcrumb":{"@id":"https:\/\/elfsight.com\/pt\/html-widgets\/#breadcrumb"},"inLanguage":"pt-PT","potentialAction":[{"@type":"ReadAction","target":["https:\/\/elfsight.com\/pt\/html-widgets\/"]}]},{"@type":"ImageObject","inLanguage":"pt-PT","@id":"https:\/\/elfsight.com\/pt\/html-widgets\/#primaryimage","url":"https:\/\/elfsight.com\/wp-content\/uploads\/2020\/08\/platform-image-html.jpg","contentUrl":"https:\/\/elfsight.com\/wp-content\/uploads\/2020\/08\/platform-image-html.jpg"},{"@type":"BreadcrumbList","@id":"https:\/\/elfsight.com\/pt\/html-widgets\/#breadcrumb","itemListElement":[{"@type":"ListItem","position":1,"name":"Home","item":"https:\/\/elfsight.com\/pt\/"},{"@type":"ListItem","position":2,"name":"HTML widgets"}]},{"@type":"WebSite","@id":"https:\/\/elfsight.com\/pt\/#website","url":"https:\/\/elfsight.com\/pt\/","name":"Elfsight PT","description":"Just another Elfsight Sites site","potentialAction":[{"@type":"SearchAction","target":{"@type":"EntryPoint","urlTemplate":"https:\/\/elfsight.com\/pt\/?s={search_term_string}"},"query-input":{"@type":"PropertyValueSpecification","valueRequired":true,"valueName":"search_term_string"}}],"inLanguage":"pt-PT"}]}},"meta_box":{"industry":"","seo_heading":"","heading":"","description":"","cta_heading":"","cta_description":"","application":"","h1":"Os melhores widgets HTML","h1_caption":"Biblioteca gratuita de \u00f3timos plugins para gerir os objetivos comerciais e promocionais no seu site HTML.","application_category":[],"applications_title":"Ver a lista de todos os widgets HTML gratuitos","applications_request_title":"N\u00e3o encontra o widget certo?","applications_request_button_text":"Pedir um widget","hero_text":"","hero_video":"","hero_video_schema_markup":"","selling_points_title":"","selling_points_caption":"","selling_points":[],"selling_points_cta_text":"","features_title":"","features":"","ed_cta_examples_text":"","ed_cta_examples_hidden":"","ed_cta_demo_text":"","ed_cta_demo_hidden":"","why_caption":"","why_editor_title":"","why_editor_text":"","why_team_title":"","why_team_text":"","why_service_title":"","why_service_text":"","template_catalog_visible":"","template_catalog_title":"","template_catalog_text":"","template_catalog_categories_visible":"","demo_title":"","demo_caption":"","default_faq_hidden":"","app_template_category":[],"platform":"49","template_public_id":"","codecanyon_url":"","codecanyon_item_id":"","codecanyon_price":"","pricing_caption":"","pricing_elfsight_apps_hide_column":"","pricing_elfsight_apps_url":"","pricing_codecanyon_price_caption":"","integration_category":[],"integration_request_title":"","integration_request_cta":"","integration_platform":"","integrations":[],"platform_category":[],"video_schema_markup":"{\r\n  \"@context\": \"http:\/\/schema.org\",\r\n  \"@type\": \"VideoObject\",\r\n  \"name\": \"How to Add Widget to HTML code (free &amp; easy)\",\r\n  \"description\": \"A library of the best free widgets for HTML websites. Help in setting, compatible with all HTML versions and templates and extended plugin setting.\",\r\n  \"thumbnailUrl\": \"https:\/\/i.ytimg.com\/vi\/1notwooXE58\/default.jpg\",\r\n  \"uploadDate\": \"2021-06-07T08:24:19Z\",\r\n  \"duration\": \"PT1M27S\",\r\n  \"embedUrl\": \"https:\/\/www.youtube.com\/embed\/1notwooXE58\",\r\n  \"interactionCount\": \"14\"\r\n}","price":"a partir de US$ 0\/m\u00eas","trial":"","benefits":[],"button_url":"#demo","button_target_blank":"","button_nofollow":"","attributes":[],"tags":[],"tags_disable_links":"","hide_more_platforms":"","video_object":"","demo_hide_cta":"","demo_hide_cloud_options":"","pricing_title":"","pricing":[],"related_apps_title":"","related_apps_hidden":"","author":"","image":[],"title":"","job":"","social_networks":[]},"_links":{"self":[{"href":"https:\/\/elfsight.com\/pt\/wp-json\/wp\/v2\/pages\/160","targetHints":{"allow":["GET"]}}],"collection":[{"href":"https:\/\/elfsight.com\/pt\/wp-json\/wp\/v2\/pages"}],"about":[{"href":"https:\/\/elfsight.com\/pt\/wp-json\/wp\/v2\/types\/page"}],"author":[{"embeddable":true,"href":"https:\/\/elfsight.com\/pt\/wp-json\/wp\/v2\/users\/13"}],"replies":[{"embeddable":true,"href":"https:\/\/elfsight.com\/pt\/wp-json\/wp\/v2\/comments?post=160"}],"version-history":[{"count":3,"href":"https:\/\/elfsight.com\/pt\/wp-json\/wp\/v2\/pages\/160\/revisions"}],"predecessor-version":[{"id":185,"href":"https:\/\/elfsight.com\/pt\/wp-json\/wp\/v2\/pages\/160\/revisions\/185"}],"wp:attachment":[{"href":"https:\/\/elfsight.com\/pt\/wp-json\/wp\/v2\/media?parent=160"}],"curies":[{"name":"wp","href":"https:\/\/api.w.org\/{rel}","templated":true}]}}