{"id":157,"date":"2021-09-24T13:32:21","date_gmt":"2021-09-24T13:32:21","guid":{"rendered":"https:\/\/elfsight.com\/pt\/?page_id=157"},"modified":"2024-06-25T10:22:20","modified_gmt":"2024-06-25T10:22:20","slug":"google-sites-plugins","status":"publish","type":"page","link":"https:\/\/elfsight.com\/pt\/google-sites-plugins\/","title":{"rendered":"Google Sites plugins"},"content":{"rendered":"\n<h2>A solu\u00e7\u00e3o mais eficaz para o seu site Google Sites<\/h2>\n\n<figure class=\"browser-frame\">\n<img decoding=\"async\" alt=\"the best free google sites plugins for your website\" src=\"https:\/\/elfsight.com\/wp-content\/uploads\/2020\/08\/platform-image-google-sites.jpg\">\n<\/figure>\n\n<p>Uma equipa de profissionais na Elfsight constr\u00f3i widgets eficazes h\u00e1 v\u00e1rios anos. Ajudam sites de neg\u00f3cios em todo o mundo e resolvem problemas de forma mais eficiente: aumentam o n\u00edvel de vendas, demonstram as melhores opini\u00f5es das suas ofertas e aumentam a lealdade ao seu neg\u00f3cio.<\/p>\n\n<h2>Porque \u00e9 que os plugins da Elfsight s\u00e3o dos melhores?<\/h2>\n<p>Explore a lista de funcionalidades-chave distintas:<\/p>\n<ul>\n<li>Flexibilidade a todas as resolu\u00e7\u00f5es de ecr\u00e3;<\/li>\n<li>N\u00e3o s\u00e3o necess\u00e1rias habilidades de programa\u00e7\u00e3o;<\/li>\n<li>Defini\u00e7\u00f5es de design extensas;<\/li>\n<li>Armazenamento de cloud permite acelerar o trabalho;<\/li>\n<li>Atualiza\u00e7\u00f5es gratuitas frequentes;<\/li>\n<li>Apoio competente dos problemas dos clientes.<\/li>\n<\/ul>\n\n<p>Teste a vers\u00e3o gratuita dos nossos gratuitos e veja as suas funcionalidades ou comprar um dado widget com 20% de desconto.<p>\n\n<h2>Como pode integrar o seu plugin numa p\u00e1gina Google Sites?<\/h2>\n<div class=\"video-container\">\n<iframe width=\"720\" height=\"405\" src=\"https:\/\/www.youtube.com\/embed\/gYUJ3M6wMBw\" frameborder=\"0\" allowfullscreen><\/iframe>\n<\/div>\n<p>Para integrar o widget, leia instru\u00e7\u00f5es detalhadas.<\/p>\n<ol>\n<li>Abra o seu plugin e escolha as defini\u00e7\u00f5es adequadas. Guarde.<\/li>\n<li>Instale o c\u00f3digo na sua p\u00e1gina.<\/li>\n<li>Feito! Implementou a ferramenta.<\/li>\n<\/ol>\n\n<p>Se procura recomenda\u00e7\u00f5es gratuitas, pode contactar a equipa de apoio da Elfsight.<\/p>\n","protected":false},"excerpt":{"rendered":"A solu\u00e7\u00e3o mais eficaz para o seu site Google Sites Uma equipa de profissionais na Elfsight constr\u00f3i widgets eficazes h\u00e1 v\u00e1rios anos. Ajudam sites de neg\u00f3cios em todo o mundo e resolvem problemas de forma mais eficiente: aumentam o n\u00edvel de vendas, demonstram as melhores opini\u00f5es das suas ofertas e&#8230;","protected":false},"author":13,"featured_media":0,"parent":0,"menu_order":0,"comment_status":"closed","ping_status":"closed","template":"templates\/template-platform.php","meta":{"publish_to_discourse":"","publish_post_category":"","wpdc_auto_publish_overridden":"","wpdc_topic_tags":"","wpdc_pin_topic":"","wpdc_pin_until":"","discourse_post_id":"","discourse_permalink":"","wpdc_publishing_response":"","wpdc_publishing_error":"","footnotes":""},"class_list":["post-157","page","type-page","status-publish","hentry"],"yoast_head":"<!-- This site is optimized with the Yoast SEO plugin v25.3.1 - https:\/\/yoast.com\/wordpress\/plugins\/seo\/ -->\n<title>Mais de 70 dos melhores plugins de Google Sites para o seu site (2025)<\/title>\n<meta name=\"description\" content=\"Uma cole\u00e7\u00e3o de widgets e plugins gratuitos testados para sites Google Sites. Ajuda com personaliza\u00e7\u00e3o e extensa funcionalidade.\" \/>\n<meta name=\"robots\" content=\"index, follow, max-snippet:-1, max-image-preview:large, max-video-preview:-1\" \/>\n<link rel=\"canonical\" href=\"https:\/\/elfsight.com\/pt\/google-sites-plugins\/\" \/>\n<meta property=\"og:locale\" content=\"pt_PT\" \/>\n<meta property=\"og:type\" content=\"article\" \/>\n<meta property=\"og:title\" content=\"Mais de 70 dos melhores plugins de Google Sites para o seu site (2025)\" \/>\n<meta property=\"og:description\" content=\"Uma cole\u00e7\u00e3o de widgets e plugins gratuitos testados para sites Google Sites. Ajuda com personaliza\u00e7\u00e3o e extensa funcionalidade.\" \/>\n<meta property=\"og:url\" content=\"https:\/\/elfsight.com\/pt\/google-sites-plugins\/\" \/>\n<meta property=\"og:site_name\" content=\"Elfsight PT\" \/>\n<meta property=\"article:modified_time\" content=\"2024-06-25T10:22:20+00:00\" \/>\n<meta property=\"og:image\" content=\"https:\/\/elfsight.com\/wp-content\/uploads\/2020\/08\/platform-image-google-sites.jpg\" \/>\n<meta name=\"twitter:card\" content=\"summary_large_image\" \/>\n<meta name=\"twitter:label1\" content=\"Tempo estimado de leitura\" \/>\n\t<meta name=\"twitter:data1\" content=\"1 minuto\" \/>\n<!-- \/ Yoast SEO plugin. -->","yoast_head_json":{"title":"Mais de 70 dos melhores plugins de Google Sites para o seu site (2025)","description":"Uma cole\u00e7\u00e3o de widgets e plugins gratuitos testados para sites Google Sites. Ajuda com personaliza\u00e7\u00e3o e extensa funcionalidade.","robots":{"index":"index","follow":"follow","max-snippet":"max-snippet:-1","max-image-preview":"max-image-preview:large","max-video-preview":"max-video-preview:-1"},"canonical":"https:\/\/elfsight.com\/pt\/google-sites-plugins\/","og_locale":"pt_PT","og_type":"article","og_title":"Mais de 70 dos melhores plugins de Google Sites para o seu site (2025)","og_description":"Uma cole\u00e7\u00e3o de widgets e plugins gratuitos testados para sites Google Sites. Ajuda com personaliza\u00e7\u00e3o e extensa funcionalidade.","og_url":"https:\/\/elfsight.com\/pt\/google-sites-plugins\/","og_site_name":"Elfsight PT","article_modified_time":"2024-06-25T10:22:20+00:00","og_image":[{"url":"https:\/\/elfsight.com\/wp-content\/uploads\/2020\/08\/platform-image-google-sites.jpg","type":"","width":"","height":""}],"twitter_card":"summary_large_image","twitter_misc":{"Tempo estimado de leitura":"1 minuto"},"schema":{"@context":"https:\/\/schema.org","@graph":[{"@type":"WebPage","@id":"https:\/\/elfsight.com\/pt\/google-sites-plugins\/","url":"https:\/\/elfsight.com\/pt\/google-sites-plugins\/","name":"Mais de 70 dos melhores plugins de Google Sites para o seu site (2025)","isPartOf":{"@id":"https:\/\/elfsight.com\/pt\/#website"},"primaryImageOfPage":{"@id":"https:\/\/elfsight.com\/pt\/google-sites-plugins\/#primaryimage"},"image":{"@id":"https:\/\/elfsight.com\/pt\/google-sites-plugins\/#primaryimage"},"thumbnailUrl":"https:\/\/elfsight.com\/wp-content\/uploads\/2020\/08\/platform-image-google-sites.jpg","datePublished":"2021-09-24T13:32:21+00:00","dateModified":"2024-06-25T10:22:20+00:00","description":"Uma cole\u00e7\u00e3o de widgets e plugins gratuitos testados para sites Google Sites. Ajuda com personaliza\u00e7\u00e3o e extensa funcionalidade.","breadcrumb":{"@id":"https:\/\/elfsight.com\/pt\/google-sites-plugins\/#breadcrumb"},"inLanguage":"pt-PT","potentialAction":[{"@type":"ReadAction","target":["https:\/\/elfsight.com\/pt\/google-sites-plugins\/"]}]},{"@type":"ImageObject","inLanguage":"pt-PT","@id":"https:\/\/elfsight.com\/pt\/google-sites-plugins\/#primaryimage","url":"https:\/\/elfsight.com\/wp-content\/uploads\/2020\/08\/platform-image-google-sites.jpg","contentUrl":"https:\/\/elfsight.com\/wp-content\/uploads\/2020\/08\/platform-image-google-sites.jpg"},{"@type":"BreadcrumbList","@id":"https:\/\/elfsight.com\/pt\/google-sites-plugins\/#breadcrumb","itemListElement":[{"@type":"ListItem","position":1,"name":"Home","item":"https:\/\/elfsight.com\/pt\/"},{"@type":"ListItem","position":2,"name":"Google Sites plugins"}]},{"@type":"WebSite","@id":"https:\/\/elfsight.com\/pt\/#website","url":"https:\/\/elfsight.com\/pt\/","name":"Elfsight PT","description":"Just another Elfsight Sites site","potentialAction":[{"@type":"SearchAction","target":{"@type":"EntryPoint","urlTemplate":"https:\/\/elfsight.com\/pt\/?s={search_term_string}"},"query-input":{"@type":"PropertyValueSpecification","valueRequired":true,"valueName":"search_term_string"}}],"inLanguage":"pt-PT"}]}},"meta_box":{"industry":"","seo_heading":"","heading":"","description":"","cta_heading":"","cta_description":"","application":"","h1":"Os melhores plugins Google Sites","h1_caption":"Uma biblioteca de widgets gratuitos com ampla funcionalidade para aumentar as vendas e interesse do utilizador. Implementa\u00e7\u00e3o instant\u00e2nea, largo leque de op\u00e7\u00f5es e apoio ao cliente ilimitado a longo prazo.","application_category":[],"applications_title":"Explore toda a sele\u00e7\u00e3o de plugins para Google Sites","applications_request_title":"N\u00e3o encontra o plugin certo?","applications_request_button_text":"Pedir um plugin","hero_text":"","hero_video":"","hero_video_schema_markup":"","selling_points_title":"","selling_points_caption":"","selling_points":[],"selling_points_cta_text":"","features_title":"","features":"","ed_cta_examples_text":"","ed_cta_examples_hidden":"","ed_cta_demo_text":"","ed_cta_demo_hidden":"","why_caption":"","why_editor_title":"","why_editor_text":"","why_team_title":"","why_team_text":"","why_service_title":"","why_service_text":"","template_catalog_visible":"","template_catalog_title":"","template_catalog_text":"","template_catalog_categories_visible":"","demo_title":"","demo_caption":"","default_faq_hidden":"","app_template_category":[],"platform":"112","template_public_id":"","codecanyon_url":"","codecanyon_item_id":"","codecanyon_price":"","pricing_caption":"","pricing_elfsight_apps_hide_column":"","pricing_elfsight_apps_url":"","pricing_codecanyon_price_caption":"","integration_category":[],"integration_request_title":"","integration_request_cta":"","integration_platform":"","integrations":[],"platform_category":[],"video_schema_markup":"{\r\n  \"@context\": \"http:\/\/schema.org\",\r\n  \"@type\": \"VideoObject\",\r\n  \"name\": \"How to Add Plugin to Google Site (free &amp; easy)\",\r\n  \"description\": \"A collection of tested free widgets and plugins for Google Sites sites. Help with customization and extensive functionality.\",\r\n  \"thumbnailUrl\": \"https:\/\/i.ytimg.com\/vi\/gYUJ3M6wMBw\/default.jpg\",\r\n  \"uploadDate\": \"2021-06-07T09:12:33Z\",\r\n  \"duration\": \"PT1M46S\",\r\n  \"embedUrl\": \"https:\/\/www.youtube.com\/embed\/gYUJ3M6wMBw\",\r\n  \"interactionCount\": \"18\"\r\n}","price":"a partir de US$ 0\/m\u00eas","trial":"","benefits":[],"button_url":"#demo","button_target_blank":"","button_nofollow":"","attributes":[],"tags":[],"tags_disable_links":"","hide_more_platforms":"","video_object":"","demo_hide_cta":"","demo_hide_cloud_options":"","pricing_title":"","pricing":[],"related_apps_title":"","related_apps_hidden":"","author":"","image":[],"title":"","job":"","social_networks":[]},"_links":{"self":[{"href":"https:\/\/elfsight.com\/pt\/wp-json\/wp\/v2\/pages\/157","targetHints":{"allow":["GET"]}}],"collection":[{"href":"https:\/\/elfsight.com\/pt\/wp-json\/wp\/v2\/pages"}],"about":[{"href":"https:\/\/elfsight.com\/pt\/wp-json\/wp\/v2\/types\/page"}],"author":[{"embeddable":true,"href":"https:\/\/elfsight.com\/pt\/wp-json\/wp\/v2\/users\/13"}],"replies":[{"embeddable":true,"href":"https:\/\/elfsight.com\/pt\/wp-json\/wp\/v2\/comments?post=157"}],"version-history":[{"count":2,"href":"https:\/\/elfsight.com\/pt\/wp-json\/wp\/v2\/pages\/157\/revisions"}],"predecessor-version":[{"id":159,"href":"https:\/\/elfsight.com\/pt\/wp-json\/wp\/v2\/pages\/157\/revisions\/159"}],"wp:attachment":[{"href":"https:\/\/elfsight.com\/pt\/wp-json\/wp\/v2\/media?parent=157"}],"curies":[{"name":"wp","href":"https:\/\/api.w.org\/{rel}","templated":true}]}}