{"id":154,"date":"2021-09-24T13:21:03","date_gmt":"2021-09-24T13:21:03","guid":{"rendered":"https:\/\/elfsight.com\/pt\/?page_id=154"},"modified":"2024-06-25T10:22:13","modified_gmt":"2024-06-25T10:22:13","slug":"facebook-page-widgets","status":"publish","type":"page","link":"https:\/\/elfsight.com\/pt\/facebook-page-widgets\/","title":{"rendered":"Facebook Page widgets"},"content":{"rendered":"\n<h2>A melhor solu\u00e7\u00e3o para a sua P\u00e1gina de Facebook personalizada<\/h2>\n<figure class=\"browser-frame\">\n<img decoding=\"async\" alt=\"the best free facebook page widgets for your website\" src=\"https:\/\/elfsight.com\/wp-content\/uploads\/2020\/08\/platform-image-facebook-page.jpg\">\n<\/figure>\n<p>A nossa equipa tem uma \u00f3tima experi\u00eancia a criar widgets compat\u00edveis e eficientes. Ajudam bastantes neg\u00f3cios em todo o mundo a lidar com v\u00e1rias tarefas di\u00e1rias: aumentar o n\u00edvel de vendas, apresentar testemunhos de clientes, elevar o n\u00edvel de confian\u00e7a, entre outras. Os nossos widgets conseguem melhorar tanto um site como uma tab do Facebook.<\/p>\n<h2>Porque \u00e9 que os plugins da Elfsight s\u00e3o dos melhores?<\/h2>\n<p>Basta ver estas funcionalidades:<\/p>\n<ul>\n<li>Ajuda com a instala\u00e7\u00e3o gratuita;<\/li>\n<li>Adaptam-se completamente a todas as dimens\u00f5es de ecr\u00e3;<\/li>\n<li>Diversas defini\u00e7\u00f5es de utilizador dos templates;<\/li>\n<li>Solu\u00e7\u00e3o SaaS para acelerar o carregamento;<\/li>\n<li>Atualiza\u00e7\u00f5es autom\u00e1ticas frequentes;<\/li>\n<li>Apoio competente com quest\u00f5es.<\/li>\n<\/ul>\n<p>Veja todas as vantagens dos plugins da Elfsight usando a vers\u00e3o gratuita ou comprando o widget que necessita com 20% de desconto.<\/p>\n<h2>Como integrar um widget numa P\u00e1gina do Facebook<\/h2>\n<P>Veja as instru\u00e7\u00f5es detalhadas sobre como adicionar o nosso plugin \u00e0 sua P\u00e1gina do Facebook.<\/p>\n<ol>\n<li>Escolha o seu widget e personalize-o no painel;<\/li>\n<li>Copie o c\u00f3digo \u00fanico do widget;<\/li>\n<li>Insira o c\u00f3digo do plugin na p\u00e1gina do Facebook.<\/li>\n<li>A integra\u00e7\u00e3o foi completada com sucesso!<\/li>\n<\/ol>\n<p>Tem problemas na configura\u00e7\u00e3o? Leia o nosso guia:<\/p>\n<a href=\"https:\/\/elfsight.com\/blog\/how-to-add-custom-tab-to-facebook-page\/\">Facebook Custom Tab<\/a>.<\/p>\n","protected":false},"excerpt":{"rendered":"A melhor solu\u00e7\u00e3o para a sua P\u00e1gina de Facebook personalizada A nossa equipa tem uma \u00f3tima experi\u00eancia a criar widgets compat\u00edveis e eficientes. Ajudam bastantes neg\u00f3cios em todo o mundo a lidar com v\u00e1rias tarefas di\u00e1rias: aumentar o n\u00edvel de vendas, apresentar testemunhos de clientes, elevar o n\u00edvel de confian\u00e7a,&#8230;","protected":false},"author":13,"featured_media":0,"parent":0,"menu_order":0,"comment_status":"closed","ping_status":"closed","template":"templates\/template-platform.php","meta":{"publish_to_discourse":"","publish_post_category":"","wpdc_auto_publish_overridden":"","wpdc_topic_tags":"","wpdc_pin_topic":"","wpdc_pin_until":"","discourse_post_id":"","discourse_permalink":"","wpdc_publishing_response":"","wpdc_publishing_error":"","footnotes":""},"class_list":["post-154","page","type-page","status-publish","hentry"],"yoast_head":"<!-- This site is optimized with the Yoast SEO plugin v25.3.1 - https:\/\/yoast.com\/wordpress\/plugins\/seo\/ -->\n<title>Mais de 70 dos Melhores widgets para P\u00e1ginas do Facebook [2025]<\/title>\n<meta name=\"description\" content=\"Uma biblioteca dos melhores widgets para P\u00e1ginas de Neg\u00f3cio de Facebook. Ajuda a adicionar, compat\u00edveis com todas as vers\u00f5es do Facebook.\" \/>\n<meta name=\"robots\" content=\"index, follow, max-snippet:-1, max-image-preview:large, max-video-preview:-1\" \/>\n<link rel=\"canonical\" href=\"https:\/\/elfsight.com\/pt\/facebook-page-widgets\/\" \/>\n<meta property=\"og:locale\" content=\"pt_PT\" \/>\n<meta property=\"og:type\" content=\"article\" \/>\n<meta property=\"og:title\" content=\"Mais de 70 dos Melhores widgets para P\u00e1ginas do Facebook [2025]\" \/>\n<meta property=\"og:description\" content=\"Uma biblioteca dos melhores widgets para P\u00e1ginas de Neg\u00f3cio de Facebook. Ajuda a adicionar, compat\u00edveis com todas as vers\u00f5es do Facebook.\" \/>\n<meta property=\"og:url\" content=\"https:\/\/elfsight.com\/pt\/facebook-page-widgets\/\" \/>\n<meta property=\"og:site_name\" content=\"Elfsight PT\" \/>\n<meta property=\"article:modified_time\" content=\"2024-06-25T10:22:13+00:00\" \/>\n<meta property=\"og:image\" content=\"https:\/\/elfsight.com\/wp-content\/uploads\/2020\/08\/platform-image-facebook-page.jpg\" \/>\n<meta name=\"twitter:card\" content=\"summary_large_image\" \/>\n<meta name=\"twitter:label1\" content=\"Tempo estimado de leitura\" \/>\n\t<meta name=\"twitter:data1\" content=\"2 minutos\" \/>\n<!-- \/ Yoast SEO plugin. -->","yoast_head_json":{"title":"Mais de 70 dos Melhores widgets para P\u00e1ginas do Facebook [2025]","description":"Uma biblioteca dos melhores widgets para P\u00e1ginas de Neg\u00f3cio de Facebook. Ajuda a adicionar, compat\u00edveis com todas as vers\u00f5es do Facebook.","robots":{"index":"index","follow":"follow","max-snippet":"max-snippet:-1","max-image-preview":"max-image-preview:large","max-video-preview":"max-video-preview:-1"},"canonical":"https:\/\/elfsight.com\/pt\/facebook-page-widgets\/","og_locale":"pt_PT","og_type":"article","og_title":"Mais de 70 dos Melhores widgets para P\u00e1ginas do Facebook [2025]","og_description":"Uma biblioteca dos melhores widgets para P\u00e1ginas de Neg\u00f3cio de Facebook. Ajuda a adicionar, compat\u00edveis com todas as vers\u00f5es do Facebook.","og_url":"https:\/\/elfsight.com\/pt\/facebook-page-widgets\/","og_site_name":"Elfsight PT","article_modified_time":"2024-06-25T10:22:13+00:00","og_image":[{"url":"https:\/\/elfsight.com\/wp-content\/uploads\/2020\/08\/platform-image-facebook-page.jpg","type":"","width":"","height":""}],"twitter_card":"summary_large_image","twitter_misc":{"Tempo estimado de leitura":"2 minutos"},"schema":{"@context":"https:\/\/schema.org","@graph":[{"@type":"WebPage","@id":"https:\/\/elfsight.com\/pt\/facebook-page-widgets\/","url":"https:\/\/elfsight.com\/pt\/facebook-page-widgets\/","name":"Mais de 70 dos Melhores widgets para P\u00e1ginas do Facebook [2025]","isPartOf":{"@id":"https:\/\/elfsight.com\/pt\/#website"},"primaryImageOfPage":{"@id":"https:\/\/elfsight.com\/pt\/facebook-page-widgets\/#primaryimage"},"image":{"@id":"https:\/\/elfsight.com\/pt\/facebook-page-widgets\/#primaryimage"},"thumbnailUrl":"https:\/\/elfsight.com\/wp-content\/uploads\/2020\/08\/platform-image-facebook-page.jpg","datePublished":"2021-09-24T13:21:03+00:00","dateModified":"2024-06-25T10:22:13+00:00","description":"Uma biblioteca dos melhores widgets para P\u00e1ginas de Neg\u00f3cio de Facebook. Ajuda a adicionar, compat\u00edveis com todas as vers\u00f5es do Facebook.","breadcrumb":{"@id":"https:\/\/elfsight.com\/pt\/facebook-page-widgets\/#breadcrumb"},"inLanguage":"pt-PT","potentialAction":[{"@type":"ReadAction","target":["https:\/\/elfsight.com\/pt\/facebook-page-widgets\/"]}]},{"@type":"ImageObject","inLanguage":"pt-PT","@id":"https:\/\/elfsight.com\/pt\/facebook-page-widgets\/#primaryimage","url":"https:\/\/elfsight.com\/wp-content\/uploads\/2020\/08\/platform-image-facebook-page.jpg","contentUrl":"https:\/\/elfsight.com\/wp-content\/uploads\/2020\/08\/platform-image-facebook-page.jpg"},{"@type":"BreadcrumbList","@id":"https:\/\/elfsight.com\/pt\/facebook-page-widgets\/#breadcrumb","itemListElement":[{"@type":"ListItem","position":1,"name":"Home","item":"https:\/\/elfsight.com\/pt\/"},{"@type":"ListItem","position":2,"name":"Facebook Page widgets"}]},{"@type":"WebSite","@id":"https:\/\/elfsight.com\/pt\/#website","url":"https:\/\/elfsight.com\/pt\/","name":"Elfsight PT","description":"Just another Elfsight Sites site","potentialAction":[{"@type":"SearchAction","target":{"@type":"EntryPoint","urlTemplate":"https:\/\/elfsight.com\/pt\/?s={search_term_string}"},"query-input":{"@type":"PropertyValueSpecification","valueRequired":true,"valueName":"search_term_string"}}],"inLanguage":"pt-PT"}]}},"meta_box":{"industry":"","seo_heading":"","heading":"","description":"","cta_heading":"","cta_description":"","application":"","h1":"Os melhores widgets de P\u00e1ginas de Facebook","h1_caption":"Uma biblioteca dos melhores plugins gratuitos para P\u00e1ginas de Neg\u00f3cio do Facebook. Ajuda na integra\u00e7\u00e3o e defini\u00e7\u00f5es de widget \u00fanicas.","application_category":[],"applications_title":"Veja a lista de todos os plugins de Facebook gratuitos","applications_request_title":"N\u00e3o encontro o widget certo","applications_request_button_text":"Pedir um widget","hero_text":"","hero_video":"","hero_video_schema_markup":"","selling_points_title":"","selling_points_caption":"","selling_points":[],"selling_points_cta_text":"","features_title":"","features":"","ed_cta_examples_text":"","ed_cta_examples_hidden":"","ed_cta_demo_text":"","ed_cta_demo_hidden":"","why_caption":"","why_editor_title":"","why_editor_text":"","why_team_title":"","why_team_text":"","why_service_title":"","why_service_text":"","template_catalog_visible":"","template_catalog_title":"","template_catalog_text":"","template_catalog_categories_visible":"","demo_title":"","demo_caption":"","default_faq_hidden":"","app_template_category":[],"platform":"103","template_public_id":"","codecanyon_url":"","codecanyon_item_id":"","codecanyon_price":"","pricing_caption":"","pricing_elfsight_apps_hide_column":"","pricing_elfsight_apps_url":"","pricing_codecanyon_price_caption":"","integration_category":[],"integration_request_title":"","integration_request_cta":"","integration_platform":"","integrations":[],"platform_category":[],"video_schema_markup":"","price":"a partir de US$ 0\/m\u00eas","trial":"","benefits":[],"button_url":"#demo","button_target_blank":"","button_nofollow":"","attributes":[],"tags":[],"tags_disable_links":"","hide_more_platforms":"","video_object":"","demo_hide_cta":"","demo_hide_cloud_options":"","pricing_title":"","pricing":[],"related_apps_title":"","related_apps_hidden":"","author":"","image":[],"title":"","job":"","social_networks":[]},"_links":{"self":[{"href":"https:\/\/elfsight.com\/pt\/wp-json\/wp\/v2\/pages\/154","targetHints":{"allow":["GET"]}}],"collection":[{"href":"https:\/\/elfsight.com\/pt\/wp-json\/wp\/v2\/pages"}],"about":[{"href":"https:\/\/elfsight.com\/pt\/wp-json\/wp\/v2\/types\/page"}],"author":[{"embeddable":true,"href":"https:\/\/elfsight.com\/pt\/wp-json\/wp\/v2\/users\/13"}],"replies":[{"embeddable":true,"href":"https:\/\/elfsight.com\/pt\/wp-json\/wp\/v2\/comments?post=154"}],"version-history":[{"count":3,"href":"https:\/\/elfsight.com\/pt\/wp-json\/wp\/v2\/pages\/154\/revisions"}],"predecessor-version":[{"id":4984,"href":"https:\/\/elfsight.com\/pt\/wp-json\/wp\/v2\/pages\/154\/revisions\/4984"}],"wp:attachment":[{"href":"https:\/\/elfsight.com\/pt\/wp-json\/wp\/v2\/media?parent=154"}],"curies":[{"name":"wp","href":"https:\/\/api.w.org\/{rel}","templated":true}]}}