{"id":15073,"date":"2025-06-17T10:09:55","date_gmt":"2025-06-17T10:09:55","guid":{"rendered":"https:\/\/elfsight.com\/pt\/?page_id=15073"},"modified":"2025-07-08T14:21:35","modified_gmt":"2025-07-08T14:21:35","slug":"webflow","status":"publish","type":"page","link":"https:\/\/elfsight.com\/pt\/comments-widget\/webflow\/","title":{"rendered":"Comments &#8211; Webflow"},"content":{"rendered":"<div class=\"application-platform-content-item-description application-platform-content-item\" id=\"description\" data-nav-section=\"description\"> <h2>Incorpore Coment\u00e1rios no Webflow com um widget da Elfsight<\/h2> <p>O widget de Coment\u00e1rios proporciona uma intera\u00e7\u00e3o fluida ao seu site, permitindo que os usu\u00e1rios comentem instantaneamente como convidados ou por meio de logins sociais r\u00e1pidos. Ele foi criado para um engajamento intuitivo, com respostas em t\u00f3picos, rea\u00e7\u00f5es com emojis e discuss\u00f5es em tempo real que funcionam naturalmente em qualquer dispositivo. Com layout adapt\u00e1vel e suporte multil\u00edngue, o widget se integra perfeitamente a qualquer site, facilitando a participa\u00e7\u00e3o dos usu\u00e1rios.<\/p><p>Al\u00e9m da usabilidade, ele oferece recursos inteligentes que aumentam a visibilidade e fortalecem a confian\u00e7a. Ferramentas de modera\u00e7\u00e3o, prote\u00e7\u00e3o contra spam e compartilhamento de coment\u00e1rios mant\u00eam sua se\u00e7\u00e3o de coment\u00e1rios ativa e livre de abusos. A marca\u00e7\u00e3o otimizada para SEO melhora seu ranqueamento, enquanto os insights administrativos e a edi\u00e7\u00e3o por parte dos usu\u00e1rios oferecem controle e flexibilidade. Seja para expandir um f\u00f3rum ou aumentar o engajamento de um blog, este widget ajuda a ampliar seu alcance com conversas significativas.<\/p><p><strong>D\u00ea vida ao seu site Webflow permitindo discuss\u00f5es com nosso widget de Coment\u00e1rios.<\/strong><\/p><\/div> <div class=\"application-platform-content-item-features application-platform-content-item\" id=\"features\" data-nav-section=\"features\"> <h2>Confira a lista dos recursos mais importantes:<\/h2><ul><li><b>Forma mais f\u00e1cil de comentar sem cadastro.<\/b> Os visitantes podem participar da conversa sem fornecer dados pessoais, mas tamb\u00e9m \u00e9 f\u00e1cil fazer login com Google ou Facebook, se preferirem.<\/li><li><b>Ferramentas administrativas para modera\u00e7\u00e3o de coment\u00e1rios.<\/b> Voc\u00ea pode revisar e gerenciar todos os coment\u00e1rios junto com os membros da equipe que forem convidados como moderadores.<\/li><li><b>Bot\u00f5es cl\u00e1ssicos e rea\u00e7\u00f5es para discuss\u00f5es.<\/b> Curta ou n\u00e3o curta respostas, mencione algu\u00e9m ou copie o link de qualquer coment\u00e1rio.<\/li><li><b>T\u00f3picos infinitos, ideias infinitas.<\/b> Expanda suas discuss\u00f5es facilmente, sem limites de usu\u00e1rios, coment\u00e1rios ou t\u00f3picos.<\/li><li><b>Marca\u00e7\u00e3o otimizada para SEO nas discuss\u00f5es.<\/b> Os coment\u00e1rios incluem marca\u00e7\u00e3o estruturada schema.org para ajudar os mecanismos de busca a entender e indexar seu conte\u00fado.<\/li><\/ul><p><a href=\"#demo\">Basta testar todas as funcionalidades do widget diretamente no editor nesta p\u00e1gina<\/a><\/p><\/div> <div class=\"application-platform-content-item-installation application-platform-content-item\" id=\"installation\" data-nav-section=\"installation\"> <h2>Como incorporar Coment\u00e1rios no meu site Webflow?<\/h2><p>Aqui est\u00e1 um guia simples para adicionar o widget ao seu site Webflow. Leva apenas alguns minutos e n\u00e3o requer codifica\u00e7\u00e3o.<\/p><ol><li><strong>Crie seu widget de Coment\u00e1rios personalizado<\/strong><br>Comece com qualquer modelo no editor, utilize os elementos intuitivos e personalize o widget conforme seu estilo e prefer\u00eancias.<\/li><li><strong>Obtenha o c\u00f3digo pessoal para incorporar o widget<\/strong><br>Assim que terminar de criar o widget, voc\u00ea receber\u00e1 um c\u00f3digo HTML individual no seu painel. Copie esse c\u00f3digo que cont\u00e9m todas as informa\u00e7\u00f5es sobre suas configura\u00e7\u00f5es.<\/li><li><strong>Exiba o widget no seu site Webflow<\/strong><br>Escolha as \u00e1reas do seu site onde deseja exibir os Coment\u00e1rios e cole o c\u00f3digo ali. Salve as altera\u00e7\u00f5es.<\/li><\/ol><p>Pronto! Agora veja como o widget est\u00e1 funcionando no seu site.<\/p><p>Se voc\u00ea tiver qualquer problema ao incorporar o widget, entre em contato com nosso suporte. Teremos prazer em ajud\u00e1-lo a adicionar e ajustar sua caixa de coment\u00e1rios em t\u00f3picos.<\/p><\/div>","protected":false},"excerpt":{"rendered":"","protected":false},"author":9,"featured_media":0,"parent":15017,"menu_order":0,"comment_status":"closed","ping_status":"closed","template":"templates\/template-application-platform.php","meta":{"publish_to_discourse":"","publish_post_category":"","wpdc_auto_publish_overridden":"","wpdc_topic_tags":"","wpdc_pin_topic":"","wpdc_pin_until":"","discourse_post_id":"","discourse_permalink":"","wpdc_publishing_response":"","wpdc_publishing_error":"","footnotes":""},"class_list":["post-15073","page","type-page","status-publish","hentry"],"yoast_head":"<!-- This site is optimized with the Yoast SEO plugin v25.3.1 - https:\/\/yoast.com\/wordpress\/plugins\/seo\/ -->\n<title>Widget de coment\u00e1rios para Webflow - Aumente o engajamento no seu site [GR\u00c1TIS]<\/title>\n<meta name=\"description\" content=\"Adicione um widget de coment\u00e1rios sem c\u00f3digo ao seu site Webflow. Experimente o editor r\u00e1pido da Elfsight para criar facilmente sua solu\u00e7\u00e3o individual.\" \/>\n<meta name=\"robots\" content=\"index, follow, max-snippet:-1, max-image-preview:large, max-video-preview:-1\" \/>\n<link rel=\"canonical\" href=\"https:\/\/elfsight.com\/pt\/comments-widget\/webflow\/\" \/>\n<meta property=\"og:locale\" content=\"pt_PT\" \/>\n<meta property=\"og:type\" content=\"article\" \/>\n<meta property=\"og:title\" content=\"Widget de coment\u00e1rios para Webflow - Aumente o engajamento no seu site [GR\u00c1TIS]\" \/>\n<meta property=\"og:description\" content=\"Adicione um widget de coment\u00e1rios sem c\u00f3digo ao seu site Webflow. Experimente o editor r\u00e1pido da Elfsight para criar facilmente sua solu\u00e7\u00e3o individual.\" \/>\n<meta property=\"og:url\" content=\"https:\/\/elfsight.com\/pt\/comments-widget\/webflow\/\" \/>\n<meta property=\"og:site_name\" content=\"Elfsight PT\" \/>\n<meta property=\"article:modified_time\" content=\"2025-07-08T14:21:35+00:00\" \/>\n<meta name=\"twitter:card\" content=\"summary_large_image\" \/>\n<meta name=\"twitter:label1\" content=\"Tempo estimado de leitura\" \/>\n\t<meta name=\"twitter:data1\" content=\"3 minutos\" \/>\n<!-- \/ Yoast SEO plugin. -->","yoast_head_json":{"title":"Widget de coment\u00e1rios para Webflow - Aumente o engajamento no seu site [GR\u00c1TIS]","description":"Adicione um widget de coment\u00e1rios sem c\u00f3digo ao seu site Webflow. Experimente o editor r\u00e1pido da Elfsight para criar facilmente sua solu\u00e7\u00e3o individual.","robots":{"index":"index","follow":"follow","max-snippet":"max-snippet:-1","max-image-preview":"max-image-preview:large","max-video-preview":"max-video-preview:-1"},"canonical":"https:\/\/elfsight.com\/pt\/comments-widget\/webflow\/","og_locale":"pt_PT","og_type":"article","og_title":"Widget de coment\u00e1rios para Webflow - Aumente o engajamento no seu site [GR\u00c1TIS]","og_description":"Adicione um widget de coment\u00e1rios sem c\u00f3digo ao seu site Webflow. Experimente o editor r\u00e1pido da Elfsight para criar facilmente sua solu\u00e7\u00e3o individual.","og_url":"https:\/\/elfsight.com\/pt\/comments-widget\/webflow\/","og_site_name":"Elfsight PT","article_modified_time":"2025-07-08T14:21:35+00:00","twitter_card":"summary_large_image","twitter_misc":{"Tempo estimado de leitura":"3 minutos"},"schema":{"@context":"https:\/\/schema.org","@graph":[{"@type":"WebPage","@id":"https:\/\/elfsight.com\/pt\/comments-widget\/webflow\/","url":"https:\/\/elfsight.com\/pt\/comments-widget\/webflow\/","name":"Widget de coment\u00e1rios para Webflow - Aumente o engajamento no seu site [GR\u00c1TIS]","isPartOf":{"@id":"https:\/\/elfsight.com\/pt\/#website"},"datePublished":"2025-06-17T10:09:55+00:00","dateModified":"2025-07-08T14:21:35+00:00","description":"Adicione um widget de coment\u00e1rios sem c\u00f3digo ao seu site Webflow. Experimente o editor r\u00e1pido da Elfsight para criar facilmente sua solu\u00e7\u00e3o individual.","breadcrumb":{"@id":"https:\/\/elfsight.com\/pt\/comments-widget\/webflow\/#breadcrumb"},"inLanguage":"pt-PT","potentialAction":[{"@type":"ReadAction","target":["https:\/\/elfsight.com\/pt\/comments-widget\/webflow\/"]}]},{"@type":"BreadcrumbList","@id":"https:\/\/elfsight.com\/pt\/comments-widget\/webflow\/#breadcrumb","itemListElement":[{"@type":"ListItem","position":1,"name":"Home","item":"https:\/\/elfsight.com\/pt\/"},{"@type":"ListItem","position":2,"name":"Comments","item":"https:\/\/elfsight.com\/pt\/comments-widget\/"},{"@type":"ListItem","position":3,"name":"Comments &#8211; Webflow"}]},{"@type":"WebSite","@id":"https:\/\/elfsight.com\/pt\/#website","url":"https:\/\/elfsight.com\/pt\/","name":"Elfsight PT","description":"Just another Elfsight Sites site","potentialAction":[{"@type":"SearchAction","target":{"@type":"EntryPoint","urlTemplate":"https:\/\/elfsight.com\/pt\/?s={search_term_string}"},"query-input":{"@type":"PropertyValueSpecification","valueRequired":true,"valueName":"search_term_string"}}],"inLanguage":"pt-PT"}]}},"meta_box":{"industry":"","seo_heading":"","heading":"","description":"","cta_heading":"","cta_description":"","application":"15015","h1":"Widget de Coment\u00e1rios para Webflow","h1_caption":"Permite que usu\u00e1rios reais conversem e deixem feedback no seu site Webflow por meio de uma se\u00e7\u00e3o de coment\u00e1rios incorporada com login integrado e recursos interativos avan\u00e7ados.","application_category":[],"applications_title":"","applications_request_title":"","applications_request_button_text":"","hero_text":"","hero_video":"","hero_video_schema_markup":"","selling_points_title":"","selling_points_caption":"","selling_points":[],"selling_points_cta_text":"","features_title":"","features":"","ed_cta_examples_text":"","ed_cta_examples_hidden":"","ed_cta_demo_text":"","ed_cta_demo_hidden":"","why_caption":"","why_editor_title":"","why_editor_text":"","why_team_title":"","why_team_text":"","why_service_title":"","why_service_text":"","template_catalog_visible":"","template_catalog_title":"","template_catalog_text":"","template_catalog_categories_visible":"","demo_title":"Crie seu widget de Coment\u00e1rios","demo_caption":"Configure seus Coment\u00e1rios e adicione-os ao seu site Webflow gratuitamente!","default_faq_hidden":"","app_template_category":[],"platform":"70","template_public_id":"","codecanyon_url":"","codecanyon_item_id":"","codecanyon_price":"","pricing_caption":"","pricing_elfsight_apps_hide_column":"","pricing_elfsight_apps_url":"","pricing_codecanyon_price_caption":"","integration_category":[],"integration_request_title":"","integration_request_cta":"","integration_platform":"","integrations":[],"platform_category":[],"video_schema_markup":"","price":"a partir de R$0 \/ m\u00eas","trial":"","benefits":[],"button_url":"#demo","button_target_blank":"0","button_nofollow":"","attributes":[{"name":"Instala\u00e7\u00f5es","content":"50,000 - 100,000","_state":"expanded"},{"name":"Responsivo","content":"Sim","_state":"expanded"},{"name":"Navegadores Compat\u00edveis","content":"Firefox, Safari, Opera, Chrome, Edge","_state":"expanded"}],"tags":[],"tags_disable_links":"","hide_more_platforms":"","video_object":"","demo_hide_cta":"","demo_hide_cloud_options":"","pricing_title":"","pricing":[{"pricing_icon":"platform","pricing_title":"Elfsight Apps","pricing_title_caption":"Vers\u00e3o independente de plataforma","":"","pricing_price":"a partir de R$0 \/ m\u00eas","pricing_price_caption":"comece com um plano gratuito","pricing_benefits":"","pricing_button_text":"Adicionar ao site","pricing_button_url":"#demo"}],"related_apps_title":"","related_apps_hidden":"","author":"","image":[],"title":"","job":"","social_networks":[]},"_links":{"self":[{"href":"https:\/\/elfsight.com\/pt\/wp-json\/wp\/v2\/pages\/15073","targetHints":{"allow":["GET"]}}],"collection":[{"href":"https:\/\/elfsight.com\/pt\/wp-json\/wp\/v2\/pages"}],"about":[{"href":"https:\/\/elfsight.com\/pt\/wp-json\/wp\/v2\/types\/page"}],"author":[{"embeddable":true,"href":"https:\/\/elfsight.com\/pt\/wp-json\/wp\/v2\/users\/9"}],"replies":[{"embeddable":true,"href":"https:\/\/elfsight.com\/pt\/wp-json\/wp\/v2\/comments?post=15073"}],"version-history":[{"count":2,"href":"https:\/\/elfsight.com\/pt\/wp-json\/wp\/v2\/pages\/15073\/revisions"}],"predecessor-version":[{"id":15103,"href":"https:\/\/elfsight.com\/pt\/wp-json\/wp\/v2\/pages\/15073\/revisions\/15103"}],"up":[{"embeddable":true,"href":"https:\/\/elfsight.com\/pt\/wp-json\/wp\/v2\/pages\/15017"}],"wp:attachment":[{"href":"https:\/\/elfsight.com\/pt\/wp-json\/wp\/v2\/media?parent=15073"}],"curies":[{"name":"wp","href":"https:\/\/api.w.org\/{rel}","templated":true}]}}