{"id":15059,"date":"2025-06-17T10:51:17","date_gmt":"2025-06-17T10:51:17","guid":{"rendered":"https:\/\/elfsight.com\/pt\/?page_id=15059"},"modified":"2025-07-08T14:21:19","modified_gmt":"2025-07-08T14:21:19","slug":"joomla","status":"publish","type":"page","link":"https:\/\/elfsight.com\/pt\/comments-widget\/joomla\/","title":{"rendered":"Comments &#8211; Joomla"},"content":{"rendered":"<div class=\"application-platform-content-item-description application-platform-content-item\" id=\"description\" data-nav-section=\"description\"> <h2>Incorpore Coment\u00e1rios no Joomla com uma extens\u00e3o da Elfsight<\/h2> <p>A extens\u00e3o de Coment\u00e1rios traz intera\u00e7\u00e3o em tempo real ao seu site, permitindo que os usu\u00e1rios publiquem como convidados ou fa\u00e7am login com um clique. Ela foi desenvolvida para engajamento intuitivo, com respostas em t\u00f3picos, rea\u00e7\u00f5es com emojis e discuss\u00f5es em tempo real que funcionam naturalmente em qualquer dispositivo. Com layout adapt\u00e1vel e suporte multil\u00edngue, integra-se perfeitamente a qualquer site, tornando f\u00e1cil para qualquer pessoa participar da conversa.<\/p><p>Al\u00e9m da usabilidade, ela oferece recursos inteligentes que aumentam a visibilidade e a confian\u00e7a. Ferramentas de modera\u00e7\u00e3o, prote\u00e7\u00e3o contra spam e compartilhamento de coment\u00e1rios mant\u00eam sua comunidade segura e ativa. A marca\u00e7\u00e3o otimizada para SEO melhora seu ranqueamento, enquanto os resumos administrativos e a edi\u00e7\u00e3o pelos usu\u00e1rios proporcionam controle e flexibilidade. Seja para construir um f\u00f3rum ou incentivar feedback em um blog, essa extens\u00e3o ajuda voc\u00ea a crescer por meio do di\u00e1logo.<\/p><p><strong>D\u00ea voz aos seus visitantes com nossa extens\u00e3o de Coment\u00e1rios no seu site Joomla.<\/strong><\/p><\/div> <div class=\"application-platform-content-item-features application-platform-content-item\" id=\"features\" data-nav-section=\"features\"> <h2>Oferecemos recursos \u00fateis e simples, veja alguns:<\/h2><ul><li><b>Forma mais f\u00e1cil de comentar sem cadastro.<\/b> Os usu\u00e1rios podem participar da conversa sem fornecer informa\u00e7\u00f5es privadas, mas tamb\u00e9m \u00e9 simples fazer login com Google ou Facebook, se quiserem.<\/li><li><b>Ferramentas administrativas para modera\u00e7\u00e3o de coment\u00e1rios.<\/b> Acompanhe e gerencie o feedback dos usu\u00e1rios junto com os colegas que voc\u00ea definir como administradores.<\/li><li><b>Bot\u00f5es cl\u00e1ssicos e rea\u00e7\u00f5es para discuss\u00f5es.<\/b> Voc\u00ea pode reagir, mencionar outras pessoas e compartilhar qualquer coment\u00e1rio espec\u00edfico.<\/li><li><b>Conversas ilimitadas para todos.<\/b> Permita comunica\u00e7\u00e3o ilimitada em todo o seu site \u2013 sem limites de usu\u00e1rios ou de atividade.<\/li><li><b>Marca\u00e7\u00e3o otimizada para SEO nas discuss\u00f5es.<\/b> Os coment\u00e1rios incluem marca\u00e7\u00e3o estruturada schema.org, ajudando os mecanismos de busca a entender e indexar seu conte\u00fado.<\/li><\/ul><p><a href=\"#demo\">O editor online pode demonstrar como os recursos e configura\u00e7\u00f5es funcionam diretamente nesta p\u00e1gina<\/a><\/p><\/div> <div class=\"application-platform-content-item-installation application-platform-content-item\" id=\"installation\" data-nav-section=\"installation\"> <h2>Como incorporar Coment\u00e1rios no meu site Joomla?<\/h2><p>Veja este guia direto para adicionar a extens\u00e3o ao seu site Joomla. Leva apenas alguns minutos e n\u00e3o requer codifica\u00e7\u00e3o.<\/p><ol><li><strong>Crie sua extens\u00e3o de Coment\u00e1rios personalizada<\/strong><br>Comece com qualquer modelo no editor, utilize os elementos dispon\u00edveis e personalize a extens\u00e3o conforme seu estilo e configura\u00e7\u00f5es preferidas.<\/li><li><strong>Receba o c\u00f3digo pessoal para incorporar a extens\u00e3o<\/strong><br>Depois de criar a extens\u00e3o, voc\u00ea receber\u00e1 um c\u00f3digo HTML individual no painel. Copie esse c\u00f3digo com todas as informa\u00e7\u00f5es sobre suas configura\u00e7\u00f5es.<\/li><li><strong>Exiba a extens\u00e3o no seu site Joomla<\/strong><br>Escolha as \u00e1reas do site onde deseja apresentar os Coment\u00e1rios e cole o c\u00f3digo ali. Salve as altera\u00e7\u00f5es.<\/li><\/ol><p>\u00c9 isso! Agora veja como a extens\u00e3o est\u00e1 funcionando no seu site.<\/p><p>Se tiver qualquer problema ao incorporar a extens\u00e3o no site, entre em contato com nosso centro de suporte. Teremos prazer em orient\u00e1-lo na adi\u00e7\u00e3o e ajuste da sua caixa de coment\u00e1rios em t\u00f3picos.<\/p><\/div>","protected":false},"excerpt":{"rendered":"","protected":false},"author":9,"featured_media":0,"parent":15017,"menu_order":0,"comment_status":"closed","ping_status":"closed","template":"templates\/template-application-platform.php","meta":{"publish_to_discourse":"","publish_post_category":"","wpdc_auto_publish_overridden":"","wpdc_topic_tags":"","wpdc_pin_topic":"","wpdc_pin_until":"","discourse_post_id":"","discourse_permalink":"","wpdc_publishing_response":"","wpdc_publishing_error":"","footnotes":""},"class_list":["post-15059","page","type-page","status-publish","hentry"],"yoast_head":"<!-- This site is optimized with the Yoast SEO plugin v25.3.1 - https:\/\/yoast.com\/wordpress\/plugins\/seo\/ -->\n<title>Extens\u00e3o de coment\u00e1rios para Joomla - Aumente o engajamento no seu site [GR\u00c1TIS]<\/title>\n<meta name=\"description\" content=\"Adicione uma extens\u00e3o de coment\u00e1rios sem c\u00f3digo ao seu site Joomla. Use o editor r\u00e1pido da Elfsight para criar facilmente sua solu\u00e7\u00e3o pessoal.\" \/>\n<meta name=\"robots\" content=\"index, follow, max-snippet:-1, max-image-preview:large, max-video-preview:-1\" \/>\n<link rel=\"canonical\" href=\"https:\/\/elfsight.com\/pt\/comments-widget\/joomla\/\" \/>\n<meta property=\"og:locale\" content=\"pt_PT\" \/>\n<meta property=\"og:type\" content=\"article\" \/>\n<meta property=\"og:title\" content=\"Extens\u00e3o de coment\u00e1rios para Joomla - Aumente o engajamento no seu site [GR\u00c1TIS]\" \/>\n<meta property=\"og:description\" content=\"Adicione uma extens\u00e3o de coment\u00e1rios sem c\u00f3digo ao seu site Joomla. Use o editor r\u00e1pido da Elfsight para criar facilmente sua solu\u00e7\u00e3o pessoal.\" \/>\n<meta property=\"og:url\" content=\"https:\/\/elfsight.com\/pt\/comments-widget\/joomla\/\" \/>\n<meta property=\"og:site_name\" content=\"Elfsight PT\" \/>\n<meta property=\"article:modified_time\" content=\"2025-07-08T14:21:19+00:00\" \/>\n<meta name=\"twitter:card\" content=\"summary_large_image\" \/>\n<meta name=\"twitter:label1\" content=\"Tempo estimado de leitura\" \/>\n\t<meta name=\"twitter:data1\" content=\"3 minutos\" \/>\n<!-- \/ Yoast SEO plugin. -->","yoast_head_json":{"title":"Extens\u00e3o de coment\u00e1rios para Joomla - Aumente o engajamento no seu site [GR\u00c1TIS]","description":"Adicione uma extens\u00e3o de coment\u00e1rios sem c\u00f3digo ao seu site Joomla. Use o editor r\u00e1pido da Elfsight para criar facilmente sua solu\u00e7\u00e3o pessoal.","robots":{"index":"index","follow":"follow","max-snippet":"max-snippet:-1","max-image-preview":"max-image-preview:large","max-video-preview":"max-video-preview:-1"},"canonical":"https:\/\/elfsight.com\/pt\/comments-widget\/joomla\/","og_locale":"pt_PT","og_type":"article","og_title":"Extens\u00e3o de coment\u00e1rios para Joomla - Aumente o engajamento no seu site [GR\u00c1TIS]","og_description":"Adicione uma extens\u00e3o de coment\u00e1rios sem c\u00f3digo ao seu site Joomla. Use o editor r\u00e1pido da Elfsight para criar facilmente sua solu\u00e7\u00e3o pessoal.","og_url":"https:\/\/elfsight.com\/pt\/comments-widget\/joomla\/","og_site_name":"Elfsight PT","article_modified_time":"2025-07-08T14:21:19+00:00","twitter_card":"summary_large_image","twitter_misc":{"Tempo estimado de leitura":"3 minutos"},"schema":{"@context":"https:\/\/schema.org","@graph":[{"@type":"WebPage","@id":"https:\/\/elfsight.com\/pt\/comments-widget\/joomla\/","url":"https:\/\/elfsight.com\/pt\/comments-widget\/joomla\/","name":"Extens\u00e3o de coment\u00e1rios para Joomla - Aumente o engajamento no seu site [GR\u00c1TIS]","isPartOf":{"@id":"https:\/\/elfsight.com\/pt\/#website"},"datePublished":"2025-06-17T10:51:17+00:00","dateModified":"2025-07-08T14:21:19+00:00","description":"Adicione uma extens\u00e3o de coment\u00e1rios sem c\u00f3digo ao seu site Joomla. Use o editor r\u00e1pido da Elfsight para criar facilmente sua solu\u00e7\u00e3o pessoal.","breadcrumb":{"@id":"https:\/\/elfsight.com\/pt\/comments-widget\/joomla\/#breadcrumb"},"inLanguage":"pt-PT","potentialAction":[{"@type":"ReadAction","target":["https:\/\/elfsight.com\/pt\/comments-widget\/joomla\/"]}]},{"@type":"BreadcrumbList","@id":"https:\/\/elfsight.com\/pt\/comments-widget\/joomla\/#breadcrumb","itemListElement":[{"@type":"ListItem","position":1,"name":"Home","item":"https:\/\/elfsight.com\/pt\/"},{"@type":"ListItem","position":2,"name":"Comments","item":"https:\/\/elfsight.com\/pt\/comments-widget\/"},{"@type":"ListItem","position":3,"name":"Comments &#8211; Joomla"}]},{"@type":"WebSite","@id":"https:\/\/elfsight.com\/pt\/#website","url":"https:\/\/elfsight.com\/pt\/","name":"Elfsight PT","description":"Just another Elfsight Sites site","potentialAction":[{"@type":"SearchAction","target":{"@type":"EntryPoint","urlTemplate":"https:\/\/elfsight.com\/pt\/?s={search_term_string}"},"query-input":{"@type":"PropertyValueSpecification","valueRequired":true,"valueName":"search_term_string"}}],"inLanguage":"pt-PT"}]}},"meta_box":{"industry":"","seo_heading":"","heading":"","description":"","cta_heading":"","cta_description":"","application":"15015","h1":"Extens\u00e3o de Coment\u00e1rios para Joomla","h1_caption":"Permite que usu\u00e1rios reais conversem e deixem feedback no seu site Joomla por meio de uma se\u00e7\u00e3o de coment\u00e1rios incorporada com login integrado e recursos interativos avan\u00e7ados.","application_category":[],"applications_title":"","applications_request_title":"","applications_request_button_text":"","hero_text":"","hero_video":"","hero_video_schema_markup":"","selling_points_title":"","selling_points_caption":"","selling_points":[],"selling_points_cta_text":"","features_title":"","features":"","ed_cta_examples_text":"","ed_cta_examples_hidden":"","ed_cta_demo_text":"","ed_cta_demo_hidden":"","why_caption":"","why_editor_title":"","why_editor_text":"","why_team_title":"","why_team_text":"","why_service_title":"","why_service_text":"","template_catalog_visible":"","template_catalog_title":"","template_catalog_text":"","template_catalog_categories_visible":"","demo_title":"Crie sua extens\u00e3o de Coment\u00e1rios","demo_caption":"Configure seus Coment\u00e1rios e adicione-os ao seu site Joomla gratuitamente!","default_faq_hidden":"","app_template_category":[],"platform":"52","template_public_id":"","codecanyon_url":"","codecanyon_item_id":"","codecanyon_price":"","pricing_caption":"","pricing_elfsight_apps_hide_column":"","pricing_elfsight_apps_url":"","pricing_codecanyon_price_caption":"","integration_category":[],"integration_request_title":"","integration_request_cta":"","integration_platform":"","integrations":[],"platform_category":[],"video_schema_markup":"","price":"a partir de R$0 \/ m\u00eas","trial":"","benefits":[],"button_url":"#demo","button_target_blank":"0","button_nofollow":"","attributes":[{"name":"Instala\u00e7\u00f5es","content":"50,000 - 100,000","_state":"expanded"},{"name":"Responsivo","content":"Sim","_state":"expanded"},{"name":"Navegadores Compat\u00edveis","content":"Firefox, Safari, Opera, Chrome, Edge","_state":"expanded"}],"tags":[],"tags_disable_links":"","hide_more_platforms":"","video_object":"","demo_hide_cta":"","demo_hide_cloud_options":"","pricing_title":"","pricing":[{"pricing_icon":"platform","pricing_title":"Elfsight Apps","pricing_title_caption":"Vers\u00e3o multiplataforma","":"","pricing_price":"a partir de R$0 \/ m\u00eas","pricing_price_caption":"comece com um plano gratuito","pricing_benefits":"","pricing_button_text":"Adicionar ao site","pricing_button_url":"#demo"}],"related_apps_title":"","related_apps_hidden":"","author":"","image":[],"title":"","job":"","social_networks":[]},"_links":{"self":[{"href":"https:\/\/elfsight.com\/pt\/wp-json\/wp\/v2\/pages\/15059","targetHints":{"allow":["GET"]}}],"collection":[{"href":"https:\/\/elfsight.com\/pt\/wp-json\/wp\/v2\/pages"}],"about":[{"href":"https:\/\/elfsight.com\/pt\/wp-json\/wp\/v2\/types\/page"}],"author":[{"embeddable":true,"href":"https:\/\/elfsight.com\/pt\/wp-json\/wp\/v2\/users\/9"}],"replies":[{"embeddable":true,"href":"https:\/\/elfsight.com\/pt\/wp-json\/wp\/v2\/comments?post=15059"}],"version-history":[{"count":2,"href":"https:\/\/elfsight.com\/pt\/wp-json\/wp\/v2\/pages\/15059\/revisions"}],"predecessor-version":[{"id":15097,"href":"https:\/\/elfsight.com\/pt\/wp-json\/wp\/v2\/pages\/15059\/revisions\/15097"}],"up":[{"embeddable":true,"href":"https:\/\/elfsight.com\/pt\/wp-json\/wp\/v2\/pages\/15017"}],"wp:attachment":[{"href":"https:\/\/elfsight.com\/pt\/wp-json\/wp\/v2\/media?parent=15059"}],"curies":[{"name":"wp","href":"https:\/\/api.w.org\/{rel}","templated":true}]}}