{"id":15058,"date":"2025-06-17T11:04:40","date_gmt":"2025-06-17T11:04:40","guid":{"rendered":"https:\/\/elfsight.com\/pt\/?page_id=15058"},"modified":"2025-07-08T14:21:19","modified_gmt":"2025-07-08T14:21:19","slug":"godaddy","status":"publish","type":"page","link":"https:\/\/elfsight.com\/pt\/comments-widget\/godaddy\/","title":{"rendered":"Comments &#8211; GoDaddy"},"content":{"rendered":"<div class=\"application-platform-content-item-description application-platform-content-item\" id=\"description\" data-nav-section=\"description\"> <h2>Incorpore Coment\u00e1rios no GoDaddy com um plugin da Elfsight<\/h2> <p>O plugin de Coment\u00e1rios traz uma intera\u00e7\u00e3o fluida ao seu site, permitindo que os usu\u00e1rios compartilhem pensamentos facilmente como convidados ou por meio de logins sociais. Ele foi criado para uma comunica\u00e7\u00e3o intuitiva, com respostas em t\u00f3picos, emojis expressivos e atualiza\u00e7\u00f5es instant\u00e2neas que funcionam naturalmente em qualquer dispositivo. Projetado para se adaptar a qualquer tela e idioma, o plugin se integra perfeitamente ao site e reduz as barreiras para que os usu\u00e1rios expressem suas opini\u00f5es.<\/p><p>Al\u00e9m da facilidade de uso, ele vem repleto de recursos inteligentes que aumentam a credibilidade e ampliam o alcance. Ferramentas de modera\u00e7\u00e3o integradas, prote\u00e7\u00e3o contra spam e compartilhamento de coment\u00e1rios garantem que sua comunidade permane\u00e7a segura e din\u00e2mica. A marca\u00e7\u00e3o otimizada para SEO ajuda seu conte\u00fado a subir nas classifica\u00e7\u00f5es dos mecanismos de busca, enquanto os insights administrativos e as op\u00e7\u00f5es de edi\u00e7\u00e3o dos usu\u00e1rios oferecem controle e flexibilidade. Seja criando um f\u00f3rum ativo ou aumentando o engajamento em um blog, este plugin transforma cada conversa em um passo adiante.<\/p><p><strong>D\u00ea voz aos seus visitantes com nosso plugin de Coment\u00e1rios no seu site GoDaddy.<\/strong><\/p><\/div> <div class=\"application-platform-content-item-features application-platform-content-item\" id=\"features\" data-nav-section=\"features\"> <h2>Estes s\u00e3o apenas alguns dos v\u00e1rios recursos do plugin:<\/h2><ul><li><b>Forma mais f\u00e1cil de comentar sem cadastro.<\/b> As pessoas podem compartilhar pensamentos sem revelar sua identidade, mas tamb\u00e9m \u00e9 simples fazer login com Google ou Facebook, se preferirem.<\/li><li><b>Ferramentas administrativas para modera\u00e7\u00e3o de coment\u00e1rios.<\/b> Voc\u00ea pode revisar e gerenciar todos os coment\u00e1rios junto com os membros da equipe convidados como moderadores.<\/li><li><b>Bot\u00f5es cl\u00e1ssicos e rea\u00e7\u00f5es para discuss\u00f5es.<\/b> \u00c9 poss\u00edvel curtir ou n\u00e3o curtir, mencionar usu\u00e1rios e compartilhar qualquer coment\u00e1rio espec\u00edfico.<\/li><li><b>Discuss\u00f5es abertas sem limites.<\/b> O plugin permite usu\u00e1rios, coment\u00e1rios, t\u00f3picos e p\u00e1ginas ilimitados para uma comunica\u00e7\u00e3o ampla.<\/li><li><b>Marca\u00e7\u00e3o otimizada para SEO nas discuss\u00f5es.<\/b> Os coment\u00e1rios s\u00e3o marcados com dados estruturados schema.org para ajudar os mecanismos de busca a entender e indexar seu conte\u00fado.<\/li><\/ul><p><a href=\"#demo\">Teste facilmente todos os ajustes do plugin diretamente neste editor<\/a><\/p><\/div> <div class=\"application-platform-content-item-installation application-platform-content-item\" id=\"installation\" data-nav-section=\"installation\"> <h2>Como incorporar Coment\u00e1rios no meu site GoDaddy?<\/h2><p>Veja este m\u00e9todo direto para configurar o plugin no seu site GoDaddy. Leva apenas alguns minutos e n\u00e3o requer codifica\u00e7\u00e3o.<\/p><ol><li><strong>Crie seu plugin de Coment\u00e1rios personalizado<\/strong><br>Comece com qualquer modelo no editor, use os elementos intuitivos e personalize o plugin conforme seu estilo e prefer\u00eancias.<\/li><li><strong>Receba o c\u00f3digo pessoal para incorporar o plugin<\/strong><br>Ap\u00f3s criar o plugin, voc\u00ea receber\u00e1 um c\u00f3digo HTML individual no seu painel. Copie esse c\u00f3digo, que cont\u00e9m todas as informa\u00e7\u00f5es sobre suas configura\u00e7\u00f5es.<\/li><li><strong>Exiba o plugin no seu site GoDaddy<\/strong><br>Escolha as \u00e1reas do site onde deseja exibir os Coment\u00e1rios e cole o c\u00f3digo ali. Salve as altera\u00e7\u00f5es.<\/li><\/ol><p>\u00c9 isso! Agora veja como o plugin est\u00e1 funcionando no seu site.<\/p><p>Se voc\u00ea tiver qualquer dificuldade ao incorporar o plugin, entre em contato com nosso suporte. Teremos prazer em ajud\u00e1-lo a adicionar e ajustar sua caixa de coment\u00e1rios em t\u00f3picos.<\/p><\/div>","protected":false},"excerpt":{"rendered":"","protected":false},"author":9,"featured_media":0,"parent":15017,"menu_order":0,"comment_status":"closed","ping_status":"closed","template":"templates\/template-application-platform.php","meta":{"publish_to_discourse":"","publish_post_category":"","wpdc_auto_publish_overridden":"","wpdc_topic_tags":"","wpdc_pin_topic":"","wpdc_pin_until":"","discourse_post_id":"","discourse_permalink":"","wpdc_publishing_response":"","wpdc_publishing_error":"","footnotes":""},"class_list":["post-15058","page","type-page","status-publish","hentry"],"yoast_head":"<!-- This site is optimized with the Yoast SEO plugin v25.3.1 - https:\/\/yoast.com\/wordpress\/plugins\/seo\/ -->\n<title>Plugin de coment\u00e1rios para GoDaddy - Aumente o engajamento no seu site [GR\u00c1TIS]<\/title>\n<meta name=\"description\" content=\"Adicione um plugin de coment\u00e1rios perfeito ao seu site GoDaddy. Experimente o editor intuitivo da Elfsight para criar facilmente sua solu\u00e7\u00e3o \u00fanica.\" \/>\n<meta name=\"robots\" content=\"index, follow, max-snippet:-1, max-image-preview:large, max-video-preview:-1\" \/>\n<link rel=\"canonical\" href=\"https:\/\/elfsight.com\/pt\/comments-widget\/godaddy\/\" \/>\n<meta property=\"og:locale\" content=\"pt_PT\" \/>\n<meta property=\"og:type\" content=\"article\" \/>\n<meta property=\"og:title\" content=\"Plugin de coment\u00e1rios para GoDaddy - Aumente o engajamento no seu site [GR\u00c1TIS]\" \/>\n<meta property=\"og:description\" content=\"Adicione um plugin de coment\u00e1rios perfeito ao seu site GoDaddy. Experimente o editor intuitivo da Elfsight para criar facilmente sua solu\u00e7\u00e3o \u00fanica.\" \/>\n<meta property=\"og:url\" content=\"https:\/\/elfsight.com\/pt\/comments-widget\/godaddy\/\" \/>\n<meta property=\"og:site_name\" content=\"Elfsight PT\" \/>\n<meta property=\"article:modified_time\" content=\"2025-07-08T14:21:19+00:00\" \/>\n<meta name=\"twitter:card\" content=\"summary_large_image\" \/>\n<meta name=\"twitter:label1\" content=\"Tempo estimado de leitura\" \/>\n\t<meta name=\"twitter:data1\" content=\"3 minutos\" \/>\n<!-- \/ Yoast SEO plugin. -->","yoast_head_json":{"title":"Plugin de coment\u00e1rios para GoDaddy - Aumente o engajamento no seu site [GR\u00c1TIS]","description":"Adicione um plugin de coment\u00e1rios perfeito ao seu site GoDaddy. Experimente o editor intuitivo da Elfsight para criar facilmente sua solu\u00e7\u00e3o \u00fanica.","robots":{"index":"index","follow":"follow","max-snippet":"max-snippet:-1","max-image-preview":"max-image-preview:large","max-video-preview":"max-video-preview:-1"},"canonical":"https:\/\/elfsight.com\/pt\/comments-widget\/godaddy\/","og_locale":"pt_PT","og_type":"article","og_title":"Plugin de coment\u00e1rios para GoDaddy - Aumente o engajamento no seu site [GR\u00c1TIS]","og_description":"Adicione um plugin de coment\u00e1rios perfeito ao seu site GoDaddy. Experimente o editor intuitivo da Elfsight para criar facilmente sua solu\u00e7\u00e3o \u00fanica.","og_url":"https:\/\/elfsight.com\/pt\/comments-widget\/godaddy\/","og_site_name":"Elfsight PT","article_modified_time":"2025-07-08T14:21:19+00:00","twitter_card":"summary_large_image","twitter_misc":{"Tempo estimado de leitura":"3 minutos"},"schema":{"@context":"https:\/\/schema.org","@graph":[{"@type":"WebPage","@id":"https:\/\/elfsight.com\/pt\/comments-widget\/godaddy\/","url":"https:\/\/elfsight.com\/pt\/comments-widget\/godaddy\/","name":"Plugin de coment\u00e1rios para GoDaddy - Aumente o engajamento no seu site [GR\u00c1TIS]","isPartOf":{"@id":"https:\/\/elfsight.com\/pt\/#website"},"datePublished":"2025-06-17T11:04:40+00:00","dateModified":"2025-07-08T14:21:19+00:00","description":"Adicione um plugin de coment\u00e1rios perfeito ao seu site GoDaddy. Experimente o editor intuitivo da Elfsight para criar facilmente sua solu\u00e7\u00e3o \u00fanica.","breadcrumb":{"@id":"https:\/\/elfsight.com\/pt\/comments-widget\/godaddy\/#breadcrumb"},"inLanguage":"pt-PT","potentialAction":[{"@type":"ReadAction","target":["https:\/\/elfsight.com\/pt\/comments-widget\/godaddy\/"]}]},{"@type":"BreadcrumbList","@id":"https:\/\/elfsight.com\/pt\/comments-widget\/godaddy\/#breadcrumb","itemListElement":[{"@type":"ListItem","position":1,"name":"Home","item":"https:\/\/elfsight.com\/pt\/"},{"@type":"ListItem","position":2,"name":"Comments","item":"https:\/\/elfsight.com\/pt\/comments-widget\/"},{"@type":"ListItem","position":3,"name":"Comments &#8211; GoDaddy"}]},{"@type":"WebSite","@id":"https:\/\/elfsight.com\/pt\/#website","url":"https:\/\/elfsight.com\/pt\/","name":"Elfsight PT","description":"Just another Elfsight Sites site","potentialAction":[{"@type":"SearchAction","target":{"@type":"EntryPoint","urlTemplate":"https:\/\/elfsight.com\/pt\/?s={search_term_string}"},"query-input":{"@type":"PropertyValueSpecification","valueRequired":true,"valueName":"search_term_string"}}],"inLanguage":"pt-PT"}]}},"meta_box":{"industry":"","seo_heading":"","heading":"","description":"","cta_heading":"","cta_description":"","application":"15015","h1":"Plugin de Coment\u00e1rios para GoDaddy","h1_caption":"Permite que usu\u00e1rios reais conversem e deixem feedback no seu site GoDaddy por meio de uma se\u00e7\u00e3o de coment\u00e1rios incorporada com login integrado e recursos interativos avan\u00e7ados.","application_category":[],"applications_title":"","applications_request_title":"","applications_request_button_text":"","hero_text":"","hero_video":"","hero_video_schema_markup":"","selling_points_title":"","selling_points_caption":"","selling_points":[],"selling_points_cta_text":"","features_title":"","features":"","ed_cta_examples_text":"","ed_cta_examples_hidden":"","ed_cta_demo_text":"","ed_cta_demo_hidden":"","why_caption":"","why_editor_title":"","why_editor_text":"","why_team_title":"","why_team_text":"","why_service_title":"","why_service_text":"","template_catalog_visible":"","template_catalog_title":"","template_catalog_text":"","template_catalog_categories_visible":"","demo_title":"Crie seu plugin de Coment\u00e1rios","demo_caption":"Configure seus Coment\u00e1rios e adicione-os ao seu site GoDaddy gratuitamente!","default_faq_hidden":"","app_template_category":[],"platform":"4908","template_public_id":"","codecanyon_url":"","codecanyon_item_id":"","codecanyon_price":"","pricing_caption":"","pricing_elfsight_apps_hide_column":"","pricing_elfsight_apps_url":"","pricing_codecanyon_price_caption":"","integration_category":[],"integration_request_title":"","integration_request_cta":"","integration_platform":"","integrations":[],"platform_category":[],"video_schema_markup":"","price":"a partir de R$0 \/ m\u00eas","trial":"","benefits":[],"button_url":"#demo","button_target_blank":"0","button_nofollow":"","attributes":[{"name":"Instala\u00e7\u00f5es","content":"50,000 - 100,000","_state":"expanded"},{"name":"Responsivo","content":"Sim","_state":"expanded"},{"name":"Navegadores Compat\u00edveis","content":"Firefox, Safari, Opera, Chrome, Edge","_state":"expanded"}],"tags":[],"tags_disable_links":"","hide_more_platforms":"","video_object":"","demo_hide_cta":"","demo_hide_cloud_options":"","pricing_title":"","pricing":[{"pricing_icon":"platform","pricing_title":"Elfsight Apps","pricing_title_caption":"Solu\u00e7\u00e3o independente de plataforma","":"","pricing_price":"a partir de R$0 \/ m\u00eas","pricing_price_caption":"comece com um plano gratuito","pricing_benefits":"","pricing_button_text":"Adicionar ao site","pricing_button_url":"#demo"}],"related_apps_title":"","related_apps_hidden":"","author":"","image":[],"title":"","job":"","social_networks":[]},"_links":{"self":[{"href":"https:\/\/elfsight.com\/pt\/wp-json\/wp\/v2\/pages\/15058","targetHints":{"allow":["GET"]}}],"collection":[{"href":"https:\/\/elfsight.com\/pt\/wp-json\/wp\/v2\/pages"}],"about":[{"href":"https:\/\/elfsight.com\/pt\/wp-json\/wp\/v2\/types\/page"}],"author":[{"embeddable":true,"href":"https:\/\/elfsight.com\/pt\/wp-json\/wp\/v2\/users\/9"}],"replies":[{"embeddable":true,"href":"https:\/\/elfsight.com\/pt\/wp-json\/wp\/v2\/comments?post=15058"}],"version-history":[{"count":2,"href":"https:\/\/elfsight.com\/pt\/wp-json\/wp\/v2\/pages\/15058\/revisions"}],"predecessor-version":[{"id":15096,"href":"https:\/\/elfsight.com\/pt\/wp-json\/wp\/v2\/pages\/15058\/revisions\/15096"}],"up":[{"embeddable":true,"href":"https:\/\/elfsight.com\/pt\/wp-json\/wp\/v2\/pages\/15017"}],"wp:attachment":[{"href":"https:\/\/elfsight.com\/pt\/wp-json\/wp\/v2\/media?parent=15058"}],"curies":[{"name":"wp","href":"https:\/\/api.w.org\/{rel}","templated":true}]}}