{"id":15035,"date":"2025-06-18T08:04:07","date_gmt":"2025-06-18T08:04:07","guid":{"rendered":"https:\/\/elfsight.com\/pt\/?page_id=15035"},"modified":"2025-07-08T14:20:54","modified_gmt":"2025-07-08T14:20:54","slug":"facebook","status":"publish","type":"page","link":"https:\/\/elfsight.com\/pt\/comments-widget\/facebook\/","title":{"rendered":"Comments &#8211; Facebook Page"},"content":{"rendered":"<div class=\"application-platform-content-item-description application-platform-content-item\" id=\"description\" data-nav-section=\"description\"> <h2>Incorpore Coment\u00e1rios na P\u00e1gina do Facebook com um widget da Elfsight<\/h2> <p>O widget de Coment\u00e1rios traz intera\u00e7\u00e3o fluida ao seu site, permitindo que os usu\u00e1rios compartilhem pensamentos facilmente como convidados ou usando logins sociais. Estruturado para simplicidade, mas poderoso o suficiente para discuss\u00f5es din\u00e2micas e multin\u00edvel que funcionam naturalmente em qualquer dispositivo. Totalmente responsivo e pronto para p\u00fablicos globais desde o in\u00edcio, o widget se integra perfeitamente a qualquer site, facilitando a participa\u00e7\u00e3o dos visitantes na conversa.<\/p><p>Al\u00e9m da usabilidade, ele oferece recursos inteligentes que aumentam a visibilidade e a confian\u00e7a. Ferramentas integradas de modera\u00e7\u00e3o, prote\u00e7\u00e3o contra spam e compartilhamento de coment\u00e1rios mant\u00eam as discuss\u00f5es seguras e animadas. A marca\u00e7\u00e3o otimizada para SEO ajuda seu conte\u00fado a subir nas classifica\u00e7\u00f5es dos mecanismos de busca, enquanto os insights administrativos e as op\u00e7\u00f5es de edi\u00e7\u00e3o para usu\u00e1rios oferecem controle e flexibilidade. Seja para criar uma comunidade completa ou apenas dar vida ao seu blog, este widget oferece as solu\u00e7\u00f5es para crescer por meio do di\u00e1logo.<\/p><p><strong>Incentive o di\u00e1logo aberto no seu site da P\u00e1gina do Facebook com apenas um simples widget de Coment\u00e1rios.<\/strong><\/p><\/div> <div class=\"application-platform-content-item-features application-platform-content-item\" id=\"features\" data-nav-section=\"features\"> <h2>Oferecemos recursos pr\u00e1ticos e simples, veja alguns:<\/h2><ul><li><b>Forma mais f\u00e1cil de comentar sem registro.<\/b> Os visitantes podem participar da conversa sem fornecer informa\u00e7\u00f5es pessoais, mas tamb\u00e9m \u00e9 f\u00e1cil fazer login com Google ou Facebook, se quiserem.<\/li><li><b>Ferramentas administrativas para modera\u00e7\u00e3o de coment\u00e1rios.<\/b> Acompanhe e gerencie o feedback dos usu\u00e1rios junto com membros da equipe convidados como moderadores.<\/li><li><b>Bot\u00f5es cl\u00e1ssicos e rea\u00e7\u00f5es para discuss\u00f5es.<\/b> Cada coment\u00e1rio suporta curtidas, descurtidas, men\u00e7\u00f5es e compartilhamento direto.<\/li><li><b>Discuss\u00f5es infinitas, ideias infinitas.<\/b> O widget cresce com voc\u00ea, suportando usu\u00e1rios, respostas e p\u00e1ginas de conte\u00fado ilimitados.<\/li><li><b>Marca\u00e7\u00e3o otimizada para SEO nas discuss\u00f5es.<\/b> Os coment\u00e1rios incluem marca\u00e7\u00e3o schema.org, facilitando a indexa\u00e7\u00e3o e ranqueamento do seu conte\u00fado pelos mecanismos de busca.<\/li><\/ul><p><a href=\"#demo\">Teste facilmente todas as funcionalidades do widget direto neste editor<\/a><\/p><\/div> <div class=\"application-platform-content-item-installation application-platform-content-item\" id=\"installation\" data-nav-section=\"installation\"> <h2>Como incorporar Coment\u00e1rios na minha P\u00e1gina do Facebook?<\/h2><p>Confira este guia simples para configurar o widget no seu site da P\u00e1gina do Facebook. Leva apenas alguns minutos e n\u00e3o exige codifica\u00e7\u00e3o.<\/p><ol><li><strong>Crie seu widget de Coment\u00e1rios personalizado<\/strong><br>Comece com qualquer modelo no editor, use os elementos intuitivos e ajuste o widget conforme seu design e configura\u00e7\u00f5es desejadas.<\/li><li><strong>Receba o c\u00f3digo pessoal para incorporar o widget<\/strong><br>Depois de criar o widget, voc\u00ea receber\u00e1 um c\u00f3digo HTML individual no seu painel. Copie o c\u00f3digo com todas as informa\u00e7\u00f5es sobre suas configura\u00e7\u00f5es.<\/li><li><strong>Exiba o widget na sua P\u00e1gina do Facebook<\/strong><br>Escolha as se\u00e7\u00f5es do site onde deseja exibir os Coment\u00e1rios e cole o c\u00f3digo l\u00e1. Salve as altera\u00e7\u00f5es.<\/li><\/ol><p>\u00c9 isso! Agora veja como o widget est\u00e1 funcionando no seu site.<\/p><p>Se tiver qualquer dificuldade ao incorporar o widget em um site, n\u00e3o hesite em contatar nosso suporte. Teremos prazer em orient\u00e1-lo sobre como adicionar e ajustar sua caixa de coment\u00e1rios em t\u00f3picos.<\/p><\/div>","protected":false},"excerpt":{"rendered":"","protected":false},"author":9,"featured_media":0,"parent":15017,"menu_order":0,"comment_status":"closed","ping_status":"closed","template":"templates\/template-application-platform.php","meta":{"publish_to_discourse":"","publish_post_category":"","wpdc_auto_publish_overridden":"","wpdc_topic_tags":"","wpdc_pin_topic":"","wpdc_pin_until":"","discourse_post_id":"","discourse_permalink":"","wpdc_publishing_response":"","wpdc_publishing_error":"","footnotes":""},"class_list":["post-15035","page","type-page","status-publish","hentry"],"yoast_head":"<!-- This site is optimized with the Yoast SEO plugin v25.3.1 - https:\/\/yoast.com\/wordpress\/plugins\/seo\/ -->\n<title>Widget de coment\u00e1rios para P\u00e1gina do Facebook - Aumente o engajamento no seu site [GR\u00c1TIS]<\/title>\n<meta name=\"description\" content=\"Adicione um widget de coment\u00e1rios perfeito \u00e0 sua P\u00e1gina do Facebook. Experimente o editor r\u00e1pido da Elfsight para criar facilmente sua solu\u00e7\u00e3o personalizada.\" \/>\n<meta name=\"robots\" content=\"index, follow, max-snippet:-1, max-image-preview:large, max-video-preview:-1\" \/>\n<link rel=\"canonical\" href=\"https:\/\/elfsight.com\/pt\/comments-widget\/facebook\/\" \/>\n<meta property=\"og:locale\" content=\"pt_PT\" \/>\n<meta property=\"og:type\" content=\"article\" \/>\n<meta property=\"og:title\" content=\"Widget de coment\u00e1rios para P\u00e1gina do Facebook - Aumente o engajamento no seu site [GR\u00c1TIS]\" \/>\n<meta property=\"og:description\" content=\"Adicione um widget de coment\u00e1rios perfeito \u00e0 sua P\u00e1gina do Facebook. Experimente o editor r\u00e1pido da Elfsight para criar facilmente sua solu\u00e7\u00e3o personalizada.\" \/>\n<meta property=\"og:url\" content=\"https:\/\/elfsight.com\/pt\/comments-widget\/facebook\/\" \/>\n<meta property=\"og:site_name\" content=\"Elfsight PT\" \/>\n<meta property=\"article:modified_time\" content=\"2025-07-08T14:20:54+00:00\" \/>\n<meta name=\"twitter:card\" content=\"summary_large_image\" \/>\n<meta name=\"twitter:label1\" content=\"Tempo estimado de leitura\" \/>\n\t<meta name=\"twitter:data1\" content=\"3 minutos\" \/>\n<!-- \/ Yoast SEO plugin. -->","yoast_head_json":{"title":"Widget de coment\u00e1rios para P\u00e1gina do Facebook - Aumente o engajamento no seu site [GR\u00c1TIS]","description":"Adicione um widget de coment\u00e1rios perfeito \u00e0 sua P\u00e1gina do Facebook. Experimente o editor r\u00e1pido da Elfsight para criar facilmente sua solu\u00e7\u00e3o personalizada.","robots":{"index":"index","follow":"follow","max-snippet":"max-snippet:-1","max-image-preview":"max-image-preview:large","max-video-preview":"max-video-preview:-1"},"canonical":"https:\/\/elfsight.com\/pt\/comments-widget\/facebook\/","og_locale":"pt_PT","og_type":"article","og_title":"Widget de coment\u00e1rios para P\u00e1gina do Facebook - Aumente o engajamento no seu site [GR\u00c1TIS]","og_description":"Adicione um widget de coment\u00e1rios perfeito \u00e0 sua P\u00e1gina do Facebook. Experimente o editor r\u00e1pido da Elfsight para criar facilmente sua solu\u00e7\u00e3o personalizada.","og_url":"https:\/\/elfsight.com\/pt\/comments-widget\/facebook\/","og_site_name":"Elfsight PT","article_modified_time":"2025-07-08T14:20:54+00:00","twitter_card":"summary_large_image","twitter_misc":{"Tempo estimado de leitura":"3 minutos"},"schema":{"@context":"https:\/\/schema.org","@graph":[{"@type":"WebPage","@id":"https:\/\/elfsight.com\/pt\/comments-widget\/facebook\/","url":"https:\/\/elfsight.com\/pt\/comments-widget\/facebook\/","name":"Widget de coment\u00e1rios para P\u00e1gina do Facebook - Aumente o engajamento no seu site [GR\u00c1TIS]","isPartOf":{"@id":"https:\/\/elfsight.com\/pt\/#website"},"datePublished":"2025-06-18T08:04:07+00:00","dateModified":"2025-07-08T14:20:54+00:00","description":"Adicione um widget de coment\u00e1rios perfeito \u00e0 sua P\u00e1gina do Facebook. Experimente o editor r\u00e1pido da Elfsight para criar facilmente sua solu\u00e7\u00e3o personalizada.","breadcrumb":{"@id":"https:\/\/elfsight.com\/pt\/comments-widget\/facebook\/#breadcrumb"},"inLanguage":"pt-PT","potentialAction":[{"@type":"ReadAction","target":["https:\/\/elfsight.com\/pt\/comments-widget\/facebook\/"]}]},{"@type":"BreadcrumbList","@id":"https:\/\/elfsight.com\/pt\/comments-widget\/facebook\/#breadcrumb","itemListElement":[{"@type":"ListItem","position":1,"name":"Home","item":"https:\/\/elfsight.com\/pt\/"},{"@type":"ListItem","position":2,"name":"Comments","item":"https:\/\/elfsight.com\/pt\/comments-widget\/"},{"@type":"ListItem","position":3,"name":"Comments &#8211; Facebook Page"}]},{"@type":"WebSite","@id":"https:\/\/elfsight.com\/pt\/#website","url":"https:\/\/elfsight.com\/pt\/","name":"Elfsight PT","description":"Just another Elfsight Sites site","potentialAction":[{"@type":"SearchAction","target":{"@type":"EntryPoint","urlTemplate":"https:\/\/elfsight.com\/pt\/?s={search_term_string}"},"query-input":{"@type":"PropertyValueSpecification","valueRequired":true,"valueName":"search_term_string"}}],"inLanguage":"pt-PT"}]}},"meta_box":{"industry":"","seo_heading":"","heading":"","description":"","cta_heading":"","cta_description":"","application":"15015","h1":"Widget de Coment\u00e1rios para P\u00e1gina do Facebook","h1_caption":"Permite que usu\u00e1rios reais conversem e deixem feedback na sua P\u00e1gina do Facebook por meio de uma se\u00e7\u00e3o de coment\u00e1rios incorporada com login integrado e recursos interativos avan\u00e7ados.","application_category":[],"applications_title":"","applications_request_title":"","applications_request_button_text":"","hero_text":"","hero_video":"","hero_video_schema_markup":"","selling_points_title":"","selling_points_caption":"","selling_points":[],"selling_points_cta_text":"","features_title":"","features":"","ed_cta_examples_text":"","ed_cta_examples_hidden":"","ed_cta_demo_text":"","ed_cta_demo_hidden":"","why_caption":"","why_editor_title":"","why_editor_text":"","why_team_title":"","why_team_text":"","why_service_title":"","why_service_text":"","template_catalog_visible":"","template_catalog_title":"","template_catalog_text":"","template_catalog_categories_visible":"","demo_title":"Crie seu widget de Coment\u00e1rios","demo_caption":"Configure seus Coment\u00e1rios e adicione-os \u00e0 sua p\u00e1gina do Facebook gratuitamente!","default_faq_hidden":"","app_template_category":[],"platform":"103","template_public_id":"","codecanyon_url":"","codecanyon_item_id":"","codecanyon_price":"","pricing_caption":"","pricing_elfsight_apps_hide_column":"","pricing_elfsight_apps_url":"","pricing_codecanyon_price_caption":"","integration_category":[],"integration_request_title":"","integration_request_cta":"","integration_platform":"","integrations":[],"platform_category":[],"video_schema_markup":"","price":"a partir de R$0 \/ m\u00eas","trial":"","benefits":[],"button_url":"#demo","button_target_blank":"0","button_nofollow":"","attributes":[{"name":"Instala\u00e7\u00f5es","content":"50,000 - 100,000","_state":"expanded"},{"name":"Responsivo","content":"Sim","_state":"expanded"},{"name":"Navegadores Compat\u00edveis","content":"Firefox, Safari, Opera, Chrome, Edge","_state":"expanded"}],"tags":[],"tags_disable_links":"","hide_more_platforms":"","video_object":"","demo_hide_cta":"","demo_hide_cloud_options":"","pricing_title":"","pricing":[{"pricing_icon":"platform","pricing_title":"Elfsight Apps","pricing_title_caption":"Solu\u00e7\u00e3o independente de plataforma","":"","pricing_price":"a partir de R$0 \/ m\u00eas","pricing_price_caption":"comece com um plano gratuito","pricing_benefits":"","pricing_button_text":"Adicionar ao site","pricing_button_url":"#demo"}],"related_apps_title":"","related_apps_hidden":"","author":"","image":[],"title":"","job":"","social_networks":[]},"_links":{"self":[{"href":"https:\/\/elfsight.com\/pt\/wp-json\/wp\/v2\/pages\/15035","targetHints":{"allow":["GET"]}}],"collection":[{"href":"https:\/\/elfsight.com\/pt\/wp-json\/wp\/v2\/pages"}],"about":[{"href":"https:\/\/elfsight.com\/pt\/wp-json\/wp\/v2\/types\/page"}],"author":[{"embeddable":true,"href":"https:\/\/elfsight.com\/pt\/wp-json\/wp\/v2\/users\/9"}],"replies":[{"embeddable":true,"href":"https:\/\/elfsight.com\/pt\/wp-json\/wp\/v2\/comments?post=15035"}],"version-history":[{"count":2,"href":"https:\/\/elfsight.com\/pt\/wp-json\/wp\/v2\/pages\/15035\/revisions"}],"predecessor-version":[{"id":15085,"href":"https:\/\/elfsight.com\/pt\/wp-json\/wp\/v2\/pages\/15035\/revisions\/15085"}],"up":[{"embeddable":true,"href":"https:\/\/elfsight.com\/pt\/wp-json\/wp\/v2\/pages\/15017"}],"wp:attachment":[{"href":"https:\/\/elfsight.com\/pt\/wp-json\/wp\/v2\/media?parent=15035"}],"curies":[{"name":"wp","href":"https:\/\/api.w.org\/{rel}","templated":true}]}}