{"id":15034,"date":"2025-06-18T08:06:41","date_gmt":"2025-06-18T08:06:41","guid":{"rendered":"https:\/\/elfsight.com\/pt\/?page_id=15034"},"modified":"2025-07-08T14:20:54","modified_gmt":"2025-07-08T14:20:54","slug":"drupal","status":"publish","type":"page","link":"https:\/\/elfsight.com\/pt\/comments-widget\/drupal\/","title":{"rendered":"Comments &#8211; Drupal"},"content":{"rendered":"<div class=\"application-platform-content-item-description application-platform-content-item\" id=\"description\" data-nav-section=\"description\"> <h2>Incorpore Coment\u00e1rios no Drupal com um m\u00f3dulo da Elfsight<\/h2> <p>O m\u00f3dulo de Coment\u00e1rios adiciona intera\u00e7\u00e3o em tempo real ao seu site, permitindo que os usu\u00e1rios publiquem como convidados ou fa\u00e7am login com apenas um clique. Estruturado para ser simples, mas poderoso o suficiente para discuss\u00f5es din\u00e2micas e multin\u00edvel que funcionam naturalmente em qualquer dispositivo. Totalmente responsivo e pronto para p\u00fablicos globais desde o in\u00edcio, o m\u00f3dulo se integra perfeitamente a qualquer site, reduzindo a barreira para os usu\u00e1rios compartilharem suas opini\u00f5es.<\/p><p>Al\u00e9m da usabilidade, oferece recursos inteligentes que aumentam a visibilidade e a confian\u00e7a. Ferramentas integradas de modera\u00e7\u00e3o, prote\u00e7\u00e3o contra spam e compartilhamento de coment\u00e1rios mant\u00eam suas discuss\u00f5es seguras e animadas. A marca\u00e7\u00e3o otimizada para SEO ajuda seu conte\u00fado a subir nos rankings de busca, enquanto os insights administrativos e as op\u00e7\u00f5es de edi\u00e7\u00e3o pelos usu\u00e1rios oferecem controle e flexibilidade. Seja um f\u00f3rum movimentado ou um simples post de blog, este m\u00f3dulo permite ampliar seu alcance incentivando conversas significativas.<\/p><p><strong>Incentive o di\u00e1logo aberto no seu site Drupal com apenas um simples m\u00f3dulo de Coment\u00e1rios.<\/strong><\/p><\/div> <div class=\"application-platform-content-item-features application-platform-content-item\" id=\"features\" data-nav-section=\"features\"> <h2>Os recursos mais populares do m\u00f3dulo incluem<\/h2><ul><li><b>Forma mais f\u00e1cil de comentar como convidado.<\/b> As pessoas podem compartilhar pensamentos sem fornecer informa\u00e7\u00f5es privadas, mas tamb\u00e9m \u00e9 f\u00e1cil fazer login com Google ou Facebook, se preferirem.<\/li><li><b>Ferramentas administrativas para modera\u00e7\u00e3o de coment\u00e1rios.<\/b> Voc\u00ea tem controle total sobre cada coment\u00e1rio com possibilidade de dividir as tarefas de modera\u00e7\u00e3o com colegas selecionados.<\/li><li><b>Bot\u00f5es cl\u00e1ssicos e rea\u00e7\u00f5es para discuss\u00f5es.<\/b> \u00c9 poss\u00edvel curtir, n\u00e3o curtir, mencionar usu\u00e1rios e compartilhar qualquer coment\u00e1rio individual.<\/li><li><b>Conversas ilimitadas para todos.<\/b> O m\u00f3dulo cresce com voc\u00ea, suportando usu\u00e1rios, respostas e p\u00e1ginas de conte\u00fado infinitos.<\/li><li><b>Marca\u00e7\u00e3o otimizada para SEO nas discuss\u00f5es.<\/b> Os coment\u00e1rios s\u00e3o marcados com dados estruturados schema.org para ajudar os mecanismos de busca a entender e indexar seu conte\u00fado.<\/li><\/ul><p><a href=\"#demo\">Teste o editor online para descobrir o que nosso m\u00f3dulo pode fazer<\/a><\/p><\/div> <div class=\"application-platform-content-item-installation application-platform-content-item\" id=\"installation\" data-nav-section=\"installation\"><\/div> <h2>Como incorporar Coment\u00e1rios no meu site Drupal?<\/h2><p>Confira este guia simples para adicionar o m\u00f3dulo ao seu site Drupal. Leva apenas alguns minutos e n\u00e3o requer codifica\u00e7\u00e3o.<\/p><ol><li><strong>Crie seu m\u00f3dulo de Coment\u00e1rios personalizado<\/strong><br>Comece com qualquer modelo no editor, use os elementos intuitivos e ajuste o m\u00f3dulo ao seu estilo e configura\u00e7\u00f5es preferidos.<\/li><li><strong>Obtenha o c\u00f3digo pessoal para incorporar o m\u00f3dulo<\/strong><br>Assim que terminar de construir o m\u00f3dulo, voc\u00ea receber\u00e1 um c\u00f3digo HTML individual no seu painel. Copie o c\u00f3digo que cont\u00e9m todos os detalhes sobre suas configura\u00e7\u00f5es.<\/li><li><strong>Exiba o m\u00f3dulo no seu site Drupal<\/strong>&lt;_]()_]()_]()_]()_]()","protected":false},"excerpt":{"rendered":"Como incorporar Coment\u00e1rios no meu site Drupal?Confira este guia simples para adicionar o m\u00f3dulo ao seu site Drupal. Leva apenas alguns minutos e n\u00e3o requer codifica\u00e7\u00e3o.Crie seu m\u00f3dulo de Coment\u00e1rios personalizadoComece com qualquer modelo no editor, use os elementos intuitivos e ajuste o m\u00f3dulo ao seu estilo e configura\u00e7\u00f5es preferidos.Obtenha&#8230;","protected":false},"author":9,"featured_media":0,"parent":15017,"menu_order":0,"comment_status":"closed","ping_status":"closed","template":"templates\/template-application-platform.php","meta":{"publish_to_discourse":"","publish_post_category":"","wpdc_auto_publish_overridden":"","wpdc_topic_tags":"","wpdc_pin_topic":"","wpdc_pin_until":"","discourse_post_id":"","discourse_permalink":"","wpdc_publishing_response":"","wpdc_publishing_error":"","footnotes":""},"class_list":["post-15034","page","type-page","status-publish","hentry"],"yoast_head":"<!-- This site is optimized with the Yoast SEO plugin v25.3.1 - https:\/\/yoast.com\/wordpress\/plugins\/seo\/ -->\n<title>M\u00f3dulo de coment\u00e1rios para Drupal - Aumente o engajamento no seu site [GR\u00c1TIS]<\/title>\n<meta name=\"description\" content=\"Adicione um m\u00f3dulo de coment\u00e1rios perfeito ao seu site Drupal. Experimente o editor r\u00e1pido da Elfsight para gerar facilmente sua solu\u00e7\u00e3o individual.\" \/>\n<meta name=\"robots\" content=\"index, follow, max-snippet:-1, max-image-preview:large, max-video-preview:-1\" \/>\n<link rel=\"canonical\" href=\"https:\/\/elfsight.com\/pt\/comments-widget\/drupal\/\" \/>\n<meta property=\"og:locale\" content=\"pt_PT\" \/>\n<meta property=\"og:type\" content=\"article\" \/>\n<meta property=\"og:title\" content=\"M\u00f3dulo de coment\u00e1rios para Drupal - Aumente o engajamento no seu site [GR\u00c1TIS]\" \/>\n<meta property=\"og:description\" content=\"Adicione um m\u00f3dulo de coment\u00e1rios perfeito ao seu site Drupal. Experimente o editor r\u00e1pido da Elfsight para gerar facilmente sua solu\u00e7\u00e3o individual.\" \/>\n<meta property=\"og:url\" content=\"https:\/\/elfsight.com\/pt\/comments-widget\/drupal\/\" \/>\n<meta property=\"og:site_name\" content=\"Elfsight PT\" \/>\n<meta property=\"article:modified_time\" content=\"2025-07-08T14:20:54+00:00\" \/>\n<meta name=\"twitter:card\" content=\"summary_large_image\" \/>\n<meta name=\"twitter:label1\" content=\"Tempo estimado de leitura\" \/>\n\t<meta name=\"twitter:data1\" content=\"2 minutos\" \/>\n<!-- \/ Yoast SEO plugin. -->","yoast_head_json":{"title":"M\u00f3dulo de coment\u00e1rios para Drupal - Aumente o engajamento no seu site [GR\u00c1TIS]","description":"Adicione um m\u00f3dulo de coment\u00e1rios perfeito ao seu site Drupal. Experimente o editor r\u00e1pido da Elfsight para gerar facilmente sua solu\u00e7\u00e3o individual.","robots":{"index":"index","follow":"follow","max-snippet":"max-snippet:-1","max-image-preview":"max-image-preview:large","max-video-preview":"max-video-preview:-1"},"canonical":"https:\/\/elfsight.com\/pt\/comments-widget\/drupal\/","og_locale":"pt_PT","og_type":"article","og_title":"M\u00f3dulo de coment\u00e1rios para Drupal - Aumente o engajamento no seu site [GR\u00c1TIS]","og_description":"Adicione um m\u00f3dulo de coment\u00e1rios perfeito ao seu site Drupal. Experimente o editor r\u00e1pido da Elfsight para gerar facilmente sua solu\u00e7\u00e3o individual.","og_url":"https:\/\/elfsight.com\/pt\/comments-widget\/drupal\/","og_site_name":"Elfsight PT","article_modified_time":"2025-07-08T14:20:54+00:00","twitter_card":"summary_large_image","twitter_misc":{"Tempo estimado de leitura":"2 minutos"},"schema":{"@context":"https:\/\/schema.org","@graph":[{"@type":"WebPage","@id":"https:\/\/elfsight.com\/pt\/comments-widget\/drupal\/","url":"https:\/\/elfsight.com\/pt\/comments-widget\/drupal\/","name":"M\u00f3dulo de coment\u00e1rios para Drupal - Aumente o engajamento no seu site [GR\u00c1TIS]","isPartOf":{"@id":"https:\/\/elfsight.com\/pt\/#website"},"datePublished":"2025-06-18T08:06:41+00:00","dateModified":"2025-07-08T14:20:54+00:00","description":"Adicione um m\u00f3dulo de coment\u00e1rios perfeito ao seu site Drupal. Experimente o editor r\u00e1pido da Elfsight para gerar facilmente sua solu\u00e7\u00e3o individual.","breadcrumb":{"@id":"https:\/\/elfsight.com\/pt\/comments-widget\/drupal\/#breadcrumb"},"inLanguage":"pt-PT","potentialAction":[{"@type":"ReadAction","target":["https:\/\/elfsight.com\/pt\/comments-widget\/drupal\/"]}]},{"@type":"BreadcrumbList","@id":"https:\/\/elfsight.com\/pt\/comments-widget\/drupal\/#breadcrumb","itemListElement":[{"@type":"ListItem","position":1,"name":"Home","item":"https:\/\/elfsight.com\/pt\/"},{"@type":"ListItem","position":2,"name":"Comments","item":"https:\/\/elfsight.com\/pt\/comments-widget\/"},{"@type":"ListItem","position":3,"name":"Comments &#8211; Drupal"}]},{"@type":"WebSite","@id":"https:\/\/elfsight.com\/pt\/#website","url":"https:\/\/elfsight.com\/pt\/","name":"Elfsight PT","description":"Just another Elfsight Sites site","potentialAction":[{"@type":"SearchAction","target":{"@type":"EntryPoint","urlTemplate":"https:\/\/elfsight.com\/pt\/?s={search_term_string}"},"query-input":{"@type":"PropertyValueSpecification","valueRequired":true,"valueName":"search_term_string"}}],"inLanguage":"pt-PT"}]}},"meta_box":{"industry":"","seo_heading":"","heading":"","description":"","cta_heading":"","cta_description":"","application":"15015","h1":"M\u00f3dulo de Coment\u00e1rios para Drupal","h1_caption":"Permite que usu\u00e1rios reais conversem e deixem feedback no seu site Drupal por meio de uma se\u00e7\u00e3o de coment\u00e1rios incorporada com login integrado e recursos interativos avan\u00e7ados.","application_category":[],"applications_title":"","applications_request_title":"","applications_request_button_text":"","hero_text":"","hero_video":"","hero_video_schema_markup":"","selling_points_title":"","selling_points_caption":"","selling_points":[],"selling_points_cta_text":"","features_title":"","features":"","ed_cta_examples_text":"","ed_cta_examples_hidden":"","ed_cta_demo_text":"","ed_cta_demo_hidden":"","why_caption":"","why_editor_title":"","why_editor_text":"","why_team_title":"","why_team_text":"","why_service_title":"","why_service_text":"","template_catalog_visible":"","template_catalog_title":"","template_catalog_text":"","template_catalog_categories_visible":"","demo_title":"Crie seu m\u00f3dulo de Coment\u00e1rios","demo_caption":"Configure seus Coment\u00e1rios e adicione-os ao seu site Drupal gratuitamente!","default_faq_hidden":"","app_template_category":[],"platform":"4905","template_public_id":"","codecanyon_url":"","codecanyon_item_id":"","codecanyon_price":"","pricing_caption":"","pricing_elfsight_apps_hide_column":"","pricing_elfsight_apps_url":"","pricing_codecanyon_price_caption":"","integration_category":[],"integration_request_title":"","integration_request_cta":"","integration_platform":"","integrations":[],"platform_category":[],"video_schema_markup":"","price":"a partir de R$0 \/ m\u00eas","trial":"","benefits":[],"button_url":"#demo","button_target_blank":"0","button_nofollow":"","attributes":[{"name":"Instala\u00e7\u00f5es","content":"50,000 - 100,000","_state":"expanded"},{"name":"Responsivo","content":"Sim","_state":"expanded"},{"name":"Navegadores Compat\u00edveis","content":"Firefox, Safari, Opera, Chrome, Edge","_state":"expanded"}],"tags":[],"tags_disable_links":"","hide_more_platforms":"","video_object":"","demo_hide_cta":"","demo_hide_cloud_options":"","pricing_title":"","pricing":[{"pricing_icon":"platform","pricing_title":"Elfsight Apps","pricing_title_caption":"Software independente de plataforma","":"","pricing_price":"a partir de R$0 \/ m\u00eas","pricing_price_caption":"comece com um plano gratuito","pricing_benefits":"","pricing_button_text":"Adicionar ao site","pricing_button_url":"#demo"}],"related_apps_title":"","related_apps_hidden":"","author":"","image":[],"title":"","job":"","social_networks":[]},"_links":{"self":[{"href":"https:\/\/elfsight.com\/pt\/wp-json\/wp\/v2\/pages\/15034","targetHints":{"allow":["GET"]}}],"collection":[{"href":"https:\/\/elfsight.com\/pt\/wp-json\/wp\/v2\/pages"}],"about":[{"href":"https:\/\/elfsight.com\/pt\/wp-json\/wp\/v2\/types\/page"}],"author":[{"embeddable":true,"href":"https:\/\/elfsight.com\/pt\/wp-json\/wp\/v2\/users\/9"}],"replies":[{"embeddable":true,"href":"https:\/\/elfsight.com\/pt\/wp-json\/wp\/v2\/comments?post=15034"}],"version-history":[{"count":2,"href":"https:\/\/elfsight.com\/pt\/wp-json\/wp\/v2\/pages\/15034\/revisions"}],"predecessor-version":[{"id":15084,"href":"https:\/\/elfsight.com\/pt\/wp-json\/wp\/v2\/pages\/15034\/revisions\/15084"}],"up":[{"embeddable":true,"href":"https:\/\/elfsight.com\/pt\/wp-json\/wp\/v2\/pages\/15017"}],"wp:attachment":[{"href":"https:\/\/elfsight.com\/pt\/wp-json\/wp\/v2\/media?parent=15034"}],"curies":[{"name":"wp","href":"https:\/\/api.w.org\/{rel}","templated":true}]}}