{"id":15006,"date":"2025-06-18T09:43:23","date_gmt":"2025-06-18T09:43:23","guid":{"rendered":"https:\/\/elfsight.com\/pt\/?page_id=15006"},"modified":"2025-07-10T07:04:35","modified_gmt":"2025-07-10T07:04:35","slug":"opencart","status":"publish","type":"page","link":"https:\/\/elfsight.com\/pt\/timeline-widget\/opencart\/","title":{"rendered":"Timeline &#8211; OpenCart"},"content":{"rendered":"<div class=\"application-platform-content-item-description application-platform-content-item\" id=\"description\" data-nav-section=\"description\">\n\n<h2>Extens\u00e3o de Linha do Tempo OpenCart<\/h2> <p>Aprimore seu site OpenCart com uma linha do tempo interativa envolvente e personaliz\u00e1vel. Se voc\u00ea deseja mostrar a hist\u00f3ria de sua empresa, destacar o desenvolvimento de produtos ou acompanhar marcos de projetos, o widget Linha do Tempo da Elfsight para OpenCart torna simples a cria\u00e7\u00e3o de uma linha do tempo impressionante e responsiva. Sem necessidade de codifica\u00e7\u00e3o, voc\u00ea pode facilmente construir um roteiro visual que cativa os visitantes e os mant\u00e9m engajados.<\/p> <ul> <li><b>Crie linhas do tempo interativas sem c\u00f3digo<\/b><br> Projete e personalize sua linha do tempo em minutos, sem quaisquer habilidades de programa\u00e7\u00e3o. Lance sua linha do tempo interativa instantaneamente e envolva seu p\u00fablico com o m\u00ednimo de esfor\u00e7o.<\/li> <li><b>Op\u00e7\u00f5es avan\u00e7adas de personaliza\u00e7\u00e3o<\/b><br> Personalize o layout, cores, fontes e muito mais de sua linha do tempo para combinar com o estilo e a marca de seu site.<\/li> <li><b>Processo de incorpora\u00e7\u00e3o simples<\/b><br> Adicione facilmente sua linha do tempo personalizada ao seu site OpenCart com um c\u00f3digo HTML simples de incorpora\u00e7\u00e3o\u2014nenhuma experi\u00eancia t\u00e9cnica \u00e9 necess\u00e1ria.<\/li> <li><b>Suporte ao cliente responsivo<\/b><br> Nossa equipe de suporte dedicada est\u00e1 sempre pronta para ajud\u00e1-lo com a configura\u00e7\u00e3o e solu\u00e7\u00e3o de problemas, garantindo que sua linha do tempo funcione perfeitamente em seu site.<\/li> <\/ul> <p><b>Experimente o widget Linha do Tempo da Elfsight para criar uma experi\u00eancia interativa e visualmente atraente para seus visitantes!<\/b><\/p> <\/div>\n<div class=\"application-platform-content-item-features application-platform-content-item\" id=\"features\" data-nav-section=\"features\">\n\n<h2>O Que Voc\u00ea Pode Fazer com a Linha do Tempo OpenCart<\/h2> <ul> <li><strong>Engaje visualmente seus visitantes<\/strong><br> Apresente seus marcos, conquistas e eventos em um formato din\u00e2mico e visual. Uma linha do tempo \u00e9 uma forma interativa de cativar seu p\u00fablico e inspir\u00e1-los a explorar mais de seu conte\u00fado.<\/li> <li><strong>Acompanhe o progresso e eventos chave<\/strong><br> Exiba o progresso de sua empresa, eventos chave ou marcos de projetos em um formato claro e cronol\u00f3gico. Esta linha do tempo ajuda os visitantes a acompanhar sua jornada e a se manterem informados sobre os desenvolvimentos de seu neg\u00f3cio.<\/li> <li><strong>Destaque marcos significativos<\/strong><br> Apresente suas realiza\u00e7\u00f5es mais importantes em um layout limpo e f\u00e1cil de seguir que chama a aten\u00e7\u00e3o e convida os visitantes a interagir com seu conte\u00fado.<\/li> <\/ul> <p><a href=\"#demo\">Explore o editor para ver todos os recursos do widget Linha do Tempo.<\/a><\/p> <\/div>\n<div class=\"application-platform-content-item-installation application-platform-content-item\" id=\"installation\" data-nav-section=\"installation\">\n\n<h2>Como Incorporar uma Linha do Tempo no OpenCart<\/h2> <p>Adicionar a extens\u00e3o Linha do Tempo ao seu site OpenCart \u00e9 f\u00e1cil e n\u00e3o requer conhecimento de codifica\u00e7\u00e3o. Siga estes passos simples:<\/p> <ol> <li><b>Crie sua Linha do Tempo OpenCart personalizada<\/b><br> Comece selecionando um modelo em nosso editor. Personalize-o ajustando o layout, adicionando marcos e ajustando o design para combinar com a apar\u00eancia do seu site.<\/li> <li><b>Obtenha seu c\u00f3digo de incorpora\u00e7\u00e3o exclusivo<\/b><br> Depois de terminar de personalizar sua linha do tempo, voc\u00ea receber\u00e1 um c\u00f3digo HTML exclusivo. Copie este c\u00f3digo para usar em seu site.<\/li> <li><b>Incorpore o c\u00f3digo em seu site OpenCart<\/b><br> Cole o c\u00f3digo HTML na se\u00e7\u00e3o apropriada de sua p\u00e1gina OpenCart. Salve suas altera\u00e7\u00f5es e sua linha do tempo interativa estar\u00e1 ativa em seu site!<\/li> <li><b>Aproveite sua nova linha do tempo interativa!<\/b><br> Visite seu site para ver a linha do tempo em a\u00e7\u00e3o e comece a envolver os visitantes com uma experi\u00eancia interativa e visualmente atraente.<\/li> <\/ol> <p>Para instru\u00e7\u00f5es mais detalhadas, confira nosso guia sobre <a href=\"https:\/\/elfsight.com\/blog\/how-to-embed-timeline-to-website\/\" target=\"_blank\" rel=\"noopener\">como adicionar uma linha do tempo ao seu site<\/a>.<\/p> <\/div>\n<div class=\"faq\" data-component=\"FAQ\">\n<div class=\"faq-item\">\r\n\t\t\t\t\t<div class=\"faq-item-question\">\r\n\t\t\t\t\t\t<h3 class=\"faq-item-question-text\">A extens\u00e3o Linha do Tempo para OpenCart \u00e9 gratuita?<\/h3>\r\n\r\n\t\t\t\t\t\t<div class=\"faq-item-question-icon\"><\/div>\r\n\t\t\t\t\t<\/div>\r\n\r\n\t\t\t\t\t<div class=\"faq-item-answer\">\r\n\t\t\t\t\t\t<div class=\"faq-item-answer-text\">\nSim, a Elfsight oferece um modelo de assinatura com um plano gratuito que inclui os recursos b\u00e1sicos do widget Linha do Tempo. Voc\u00ea pode atualizar para planos pagos para op\u00e7\u00f5es de personaliza\u00e7\u00e3o mais avan\u00e7adas.\n<\/div>\r\n\t\t\t\t\t<\/div>\r\n\t\t\t\t<\/div>\n\n<div class=\"faq-item\">\r\n\t\t\t\t\t<div class=\"faq-item-question\">\r\n\t\t\t\t\t\t<h3 class=\"faq-item-question-text\">Preciso de habilidades de codifica\u00e7\u00e3o para usar o widget Linha do Tempo para OpenCart?<\/h3>\r\n\r\n\t\t\t\t\t\t<div class=\"faq-item-question-icon\"><\/div>\r\n\t\t\t\t\t<\/div>\r\n\r\n\t\t\t\t\t<div class=\"faq-item-answer\">\r\n\t\t\t\t\t\t<div class=\"faq-item-answer-text\">\nN\u00e3o, o construtor de Linha do Tempo OpenCart da Elfsight n\u00e3o requer conhecimento de codifica\u00e7\u00e3o. Basta usar nosso editor intuitivo para criar e personalizar sua linha do tempo.\n<\/div>\r\n\t\t\t\t\t<\/div>\r\n\t\t\t\t<\/div>\n\n<div class=\"faq-item\">\r\n\t\t\t\t\t<div class=\"faq-item-question\">\r\n\t\t\t\t\t\t<h3 class=\"faq-item-question-text\">Como posso criar uma linha do tempo interativa para OpenCart?<\/h3>\r\n\r\n\t\t\t\t\t\t<div class=\"faq-item-question-icon\"><\/div>\r\n\t\t\t\t\t<\/div>\r\n\r\n\t\t\t\t\t<div class=\"faq-item-answer\">\r\n\t\t\t\t\t\t<div class=\"faq-item-answer-text\">\nEscolha um modelo no editor, personalize-o para atender \u00e0s suas necessidades e incorpore o c\u00f3digo HTML gerado em seu site OpenCart.\n<\/div>\r\n\t\t\t\t\t<\/div>\r\n\t\t\t\t<\/div>\n\n<div class=\"faq-item\">\r\n\t\t\t\t\t<div class=\"faq-item-question\">\r\n\t\t\t\t\t\t<h3 class=\"faq-item-question-text\">Que tipos de linhas do tempo posso criar para OpenCart?<\/h3>\r\n\r\n\t\t\t\t\t\t<div class=\"faq-item-question-icon\"><\/div>\r\n\t\t\t\t\t<\/div>\r\n\r\n\t\t\t\t\t<div class=\"faq-item-answer\">\r\n\t\t\t\t\t\t<div class=\"faq-item-answer-text\">\nVoc\u00ea pode criar v\u00e1rios tipos de linhas do tempo, como:\n\n<ul> <li><strong>Hist\u00f3ria da Empresa<\/strong>: Mostre o crescimento e as conquistas de sua empresa ao longo do tempo.<\/li> <li><strong>Desenvolvimento de Produto<\/strong>: Acompanhe a jornada de seu produto, desde o conceito at\u00e9 o lan\u00e7amento.<\/li> <li><strong>Linha do Tempo do Projeto<\/strong>: Exiba as diferentes etapas de seus projetos ou campanhas.<\/li> <li><strong>Agendamentos de Eventos<\/strong>: Apresente linhas do tempo para eventos, lan\u00e7amentos de produtos ou confer\u00eancias.<\/li> <\/ul> <\/div>\r\n\t\t\t\t\t<\/div>\r\n\t\t\t\t<\/div> <\/div>","protected":false},"excerpt":{"rendered":"","protected":false},"author":9,"featured_media":0,"parent":14649,"menu_order":0,"comment_status":"closed","ping_status":"closed","template":"templates\/template-application-platform.php","meta":{"publish_to_discourse":"","publish_post_category":"","wpdc_auto_publish_overridden":"","wpdc_topic_tags":"","wpdc_pin_topic":"","wpdc_pin_until":"","discourse_post_id":"","discourse_permalink":"","wpdc_publishing_response":"","wpdc_publishing_error":"","footnotes":""},"class_list":["post-15006","page","type-page","status-publish","hentry"],"yoast_head":"<!-- This site is optimized with the Yoast SEO plugin v25.3.1 - https:\/\/yoast.com\/wordpress\/plugins\/seo\/ -->\n<title>Linha do tempo OpenCart \u2013 Crie uma linha hist\u00f3rica para um site [GR\u00c1TIS]<\/title>\n<meta name=\"description\" content=\"Adicione uma linha do tempo personalizada \u00e0 sua loja OpenCart. Exiba os principais marcos do produto, conquistas da empresa ou eventos com um widget de linha do tempo personaliz\u00e1vel e sem c\u00f3digo.\" \/>\n<meta name=\"robots\" content=\"index, follow, max-snippet:-1, max-image-preview:large, max-video-preview:-1\" \/>\n<link rel=\"canonical\" href=\"https:\/\/elfsight.com\/pt\/timeline-widget\/opencart\/\" \/>\n<meta property=\"og:locale\" content=\"pt_PT\" \/>\n<meta property=\"og:type\" content=\"article\" \/>\n<meta property=\"og:title\" content=\"Linha do tempo OpenCart \u2013 Crie uma linha hist\u00f3rica para um site [GR\u00c1TIS]\" \/>\n<meta property=\"og:description\" content=\"Adicione uma linha do tempo personalizada \u00e0 sua loja OpenCart. Exiba os principais marcos do produto, conquistas da empresa ou eventos com um widget de linha do tempo personaliz\u00e1vel e sem c\u00f3digo.\" \/>\n<meta property=\"og:url\" content=\"https:\/\/elfsight.com\/pt\/timeline-widget\/opencart\/\" \/>\n<meta property=\"og:site_name\" content=\"Elfsight PT\" \/>\n<meta property=\"article:modified_time\" content=\"2025-07-10T07:04:35+00:00\" \/>\n<meta name=\"twitter:card\" content=\"summary_large_image\" \/>\n<meta name=\"twitter:label1\" content=\"Tempo estimado de leitura\" \/>\n\t<meta name=\"twitter:data1\" content=\"5 minutos\" \/>\n<!-- \/ Yoast SEO plugin. -->","yoast_head_json":{"title":"Linha do tempo OpenCart \u2013 Crie uma linha hist\u00f3rica para um site [GR\u00c1TIS]","description":"Adicione uma linha do tempo personalizada \u00e0 sua loja OpenCart. Exiba os principais marcos do produto, conquistas da empresa ou eventos com um widget de linha do tempo personaliz\u00e1vel e sem c\u00f3digo.","robots":{"index":"index","follow":"follow","max-snippet":"max-snippet:-1","max-image-preview":"max-image-preview:large","max-video-preview":"max-video-preview:-1"},"canonical":"https:\/\/elfsight.com\/pt\/timeline-widget\/opencart\/","og_locale":"pt_PT","og_type":"article","og_title":"Linha do tempo OpenCart \u2013 Crie uma linha hist\u00f3rica para um site [GR\u00c1TIS]","og_description":"Adicione uma linha do tempo personalizada \u00e0 sua loja OpenCart. Exiba os principais marcos do produto, conquistas da empresa ou eventos com um widget de linha do tempo personaliz\u00e1vel e sem c\u00f3digo.","og_url":"https:\/\/elfsight.com\/pt\/timeline-widget\/opencart\/","og_site_name":"Elfsight PT","article_modified_time":"2025-07-10T07:04:35+00:00","twitter_card":"summary_large_image","twitter_misc":{"Tempo estimado de leitura":"5 minutos"},"schema":{"@context":"https:\/\/schema.org","@graph":[{"@type":"WebPage","@id":"https:\/\/elfsight.com\/pt\/timeline-widget\/opencart\/","url":"https:\/\/elfsight.com\/pt\/timeline-widget\/opencart\/","name":"Linha do tempo OpenCart \u2013 Crie uma linha hist\u00f3rica para um site [GR\u00c1TIS]","isPartOf":{"@id":"https:\/\/elfsight.com\/pt\/#website"},"datePublished":"2025-06-18T09:43:23+00:00","dateModified":"2025-07-10T07:04:35+00:00","description":"Adicione uma linha do tempo personalizada \u00e0 sua loja OpenCart. Exiba os principais marcos do produto, conquistas da empresa ou eventos com um widget de linha do tempo personaliz\u00e1vel e sem c\u00f3digo.","breadcrumb":{"@id":"https:\/\/elfsight.com\/pt\/timeline-widget\/opencart\/#breadcrumb"},"inLanguage":"pt-PT","potentialAction":[{"@type":"ReadAction","target":["https:\/\/elfsight.com\/pt\/timeline-widget\/opencart\/"]}]},{"@type":"BreadcrumbList","@id":"https:\/\/elfsight.com\/pt\/timeline-widget\/opencart\/#breadcrumb","itemListElement":[{"@type":"ListItem","position":1,"name":"Home","item":"https:\/\/elfsight.com\/pt\/"},{"@type":"ListItem","position":2,"name":"Timeline","item":"https:\/\/elfsight.com\/pt\/timeline-widget\/"},{"@type":"ListItem","position":3,"name":"Timeline &#8211; OpenCart"}]},{"@type":"WebSite","@id":"https:\/\/elfsight.com\/pt\/#website","url":"https:\/\/elfsight.com\/pt\/","name":"Elfsight PT","description":"Just another Elfsight Sites site","potentialAction":[{"@type":"SearchAction","target":{"@type":"EntryPoint","urlTemplate":"https:\/\/elfsight.com\/pt\/?s={search_term_string}"},"query-input":{"@type":"PropertyValueSpecification","valueRequired":true,"valueName":"search_term_string"}}],"inLanguage":"pt-PT"}]}},"meta_box":{"industry":"","seo_heading":"","heading":"","description":"","cta_heading":"","cta_description":"","application":"14648","h1":"Complemento de linha do tempo para OpenCart","h1_caption":"Apresente uma cronologia envolvente de conquistas para revelar sua narrativa, marcos de progresso ou eventos com uma linha do tempo interativa em seu site OpenCart.","application_category":[],"applications_title":"","applications_request_title":"","applications_request_button_text":"","hero_text":"","hero_video":"","hero_video_schema_markup":"","selling_points_title":"","selling_points_caption":"","selling_points":[],"selling_points_cta_text":"","features_title":"","features":"","ed_cta_examples_text":"","ed_cta_examples_hidden":"","ed_cta_demo_text":"","ed_cta_demo_hidden":"","why_caption":"","why_editor_title":"","why_editor_text":"","why_team_title":"","why_team_text":"","why_service_title":"","why_service_text":"","template_catalog_visible":"0","template_catalog_title":"","template_catalog_text":"","template_catalog_categories_visible":"","demo_title":"Crie seu complemento OpenCart Timeline","demo_caption":"Personalize sua linha do tempo e adicione-a ao seu site com facilidade!","default_faq_hidden":"","app_template_category":[],"platform":"61","template_public_id":"","codecanyon_url":"","codecanyon_item_id":"","codecanyon_price":"","pricing_caption":"","pricing_elfsight_apps_hide_column":"","pricing_elfsight_apps_url":"","pricing_codecanyon_price_caption":"","integration_category":[],"integration_request_title":"","integration_request_cta":"","integration_platform":"","integrations":[],"platform_category":[],"video_schema_markup":"","price":"a partir de $ 0 \/ m\u00eas","trial":"","benefits":[],"button_url":"#demo","button_target_blank":"0","button_nofollow":"0","attributes":[{"name":"Instala\u00e7\u00f5es","content":"50,000 - 100,000","_state":"expanded"},{"name":"Responsivo","content":"Sim","_state":"expanded"},{"name":"Navegadores compat\u00edveis","content":"Firefox, Safari, Opera, Chrome, Edge","_state":"expanded"}],"tags":[],"tags_disable_links":"0","hide_more_platforms":"0","video_object":"","demo_hide_cta":"0","demo_hide_cloud_options":"0","pricing_title":"","pricing":[{"pricing_icon":"platform","pricing_title":"Elfsight Apps","pricing_title_caption":"Software multiplataforma adequado para qualquer site","pricing_price":"a partir de $ 0 \/ m\u00eas","pricing_price_caption":"comece com um plano gratuito","pricing_button_text":"Adicionar ao site","pricing_button_url":"#demo"}],"related_apps_title":"","related_apps_hidden":"0","author":"","image":[],"title":"","job":"","social_networks":[]},"_links":{"self":[{"href":"https:\/\/elfsight.com\/pt\/wp-json\/wp\/v2\/pages\/15006","targetHints":{"allow":["GET"]}}],"collection":[{"href":"https:\/\/elfsight.com\/pt\/wp-json\/wp\/v2\/pages"}],"about":[{"href":"https:\/\/elfsight.com\/pt\/wp-json\/wp\/v2\/types\/page"}],"author":[{"embeddable":true,"href":"https:\/\/elfsight.com\/pt\/wp-json\/wp\/v2\/users\/9"}],"replies":[{"embeddable":true,"href":"https:\/\/elfsight.com\/pt\/wp-json\/wp\/v2\/comments?post=15006"}],"version-history":[{"count":2,"href":"https:\/\/elfsight.com\/pt\/wp-json\/wp\/v2\/pages\/15006\/revisions"}],"predecessor-version":[{"id":15008,"href":"https:\/\/elfsight.com\/pt\/wp-json\/wp\/v2\/pages\/15006\/revisions\/15008"}],"up":[{"embeddable":true,"href":"https:\/\/elfsight.com\/pt\/wp-json\/wp\/v2\/pages\/14649"}],"wp:attachment":[{"href":"https:\/\/elfsight.com\/pt\/wp-json\/wp\/v2\/media?parent=15006"}],"curies":[{"name":"wp","href":"https:\/\/api.w.org\/{rel}","templated":true}]}}