{"id":15003,"date":"2025-06-17T15:50:13","date_gmt":"2025-06-17T15:50:13","guid":{"rendered":"https:\/\/elfsight.com\/pt\/?page_id=15003"},"modified":"2025-07-10T07:04:20","modified_gmt":"2025-07-10T07:04:20","slug":"weebly","status":"publish","type":"page","link":"https:\/\/elfsight.com\/pt\/timeline-widget\/weebly\/","title":{"rendered":"Timeline &#8211; Weebly"},"content":{"rendered":"<div class=\"application-platform-content-item-description application-platform-content-item\" id=\"description\" data-nav-section=\"description\">\n\n<h2>Aplicativo de Linha do Tempo para Weebly<\/h2> <p>Transforme seu site Weebly em uma experi\u00eancia din\u00e2mica e envolvente com o aplicativo Linha do Tempo da Elfsight. Esta ferramenta interativa e personaliz\u00e1vel permite que voc\u00ea exiba facilmente marcos, eventos ou o progresso do projeto de uma forma visualmente atraente. Sem a necessidade de habilidades de codifica\u00e7\u00e3o, voc\u00ea pode rapidamente projetar e incorporar uma linha do tempo exclusiva que se adapta perfeitamente ao estilo e aos objetivos do seu site.<\/p> <ul> <li><b>Crie linhas do tempo interativas sem c\u00f3digo<\/b><br> Projete uma linha do tempo interativa totalmente funcional em minutos, sem necessidade de habilidades de programa\u00e7\u00e3o. Envolva seus visitantes instantaneamente com sua hist\u00f3ria ou progresso.<\/li> <li><b>Op\u00e7\u00f5es avan\u00e7adas de personaliza\u00e7\u00e3o<\/b><br> Personalize sua linha do tempo com uma variedade de modelos, cores, fontes e configura\u00e7\u00f5es. Adapte-a \u00e0 marca e ao design do seu site sem esfor\u00e7o.<\/li> <li><b>Processo de incorpora\u00e7\u00e3o suave<\/b><br> Incorpore sua linha do tempo personalizada em seu site Weebly com um c\u00f3digo HTML simples \u2013 sem complica\u00e7\u00f5es, sem desafios t\u00e9cnicos.<\/li> <li><b>Suporte ao cliente responsivo<\/b><br> Nossa equipe de suporte dedicada est\u00e1 sempre dispon\u00edvel para ajud\u00e1-lo com a configura\u00e7\u00e3o, garantindo que sua linha do tempo funcione perfeitamente em seu site.<\/li> <\/ul> <p><b>Experimente o widget Linha do Tempo da Elfsight hoje para envolver os visitantes e exibir seus marcos de uma forma criativa e din\u00e2mica!<\/b><\/p> <\/div>\n<div class=\"application-platform-content-item-features application-platform-content-item\" id=\"features\" data-nav-section=\"features\">\n\n<h2>O que voc\u00ea pode fazer com a Linha do Tempo do Weebly<\/h2> <ul> <li><strong>Envolva os visitantes visualmente<\/strong><br> Apresente seus marcos, eventos ou est\u00e1gios do projeto em um formato din\u00e2mico e interativo que cativa os visitantes e os incentiva a explorar mais.<\/li> <li><strong>Exiba marcos e progresso<\/strong><br> Exiba suas conquistas ou acompanhe os est\u00e1gios de seus projetos em uma ordem cronol\u00f3gica f\u00e1cil de seguir, mantendo seus visitantes envolvidos e informados.<\/li> <li><strong>Destaque momentos-chave<\/strong><br> Destaque marcos significativos ou eventos importantes. Fa\u00e7a suas hist\u00f3rias de sucesso se destacarem em um formato visualmente atraente e f\u00e1cil de digerir.<\/li> <\/ul> <p><a href=\"#demo\">Experimente o editor para ver todos os recursos do aplicativo Linha do Tempo em a\u00e7\u00e3o.<\/a><\/p> <\/div>\n<div class=\"application-platform-content-item-installation application-platform-content-item\" id=\"installation\" data-nav-section=\"installation\">\n\n<h2>Como incorporar uma Linha do Tempo no Weebly<\/h2> <p>Adicionar o aplicativo Linha do Tempo ao seu site Weebly \u00e9 r\u00e1pido e simples. Basta seguir estas etapas:<\/p> <ol> <li><b>Crie sua Linha do Tempo Weebly personalizada<\/b><br> Escolha um modelo em nosso editor e personalize-o para atender \u00e0s suas necessidades. Modifique o layout, adicione marcos e ajuste o design para combinar com o estilo do seu site.<\/li> <li><b>Obtenha seu c\u00f3digo de incorpora\u00e7\u00e3o exclusivo<\/b><br> Assim que sua linha do tempo estiver pronta, copie o c\u00f3digo de incorpora\u00e7\u00e3o HTML fornecido pelo nosso editor.<\/li> <li><b>Incorpore o c\u00f3digo em seu site Weebly<\/b><br> Cole o c\u00f3digo de incorpora\u00e7\u00e3o na se\u00e7\u00e3o apropriada da sua p\u00e1gina Weebly e salve as altera\u00e7\u00f5es. Sua linha do tempo interativa estar\u00e1 ativa!<\/li> <li><b>Aproveite sua nova linha do tempo interativa!<\/b><br> Visite seu site para ver a linha do tempo em a\u00e7\u00e3o e envolver seus visitantes com uma experi\u00eancia visualmente atraente e interativa.<\/li> <\/ol> <p>Para obter instru\u00e7\u00f5es mais detalhadas, consulte nosso guia sobre <a href=\"https:\/\/elfsight.com\/blog\/how-to-embed-timeline-to-website\/\" target=\"_blank\" rel=\"noopener\">como adicionar uma linha do tempo ao seu site<\/a>.<\/p> <\/div>\n<div class=\"faq\" data-component=\"FAQ\">\n<div class=\"faq-item\">\r\n\t\t\t\t\t<div class=\"faq-item-question\">\r\n\t\t\t\t\t\t<h3 class=\"faq-item-question-text\">O aplicativo Linha do Tempo para Weebly \u00e9 gratuito?<\/h3>\r\n\r\n\t\t\t\t\t\t<div class=\"faq-item-question-icon\"><\/div>\r\n\t\t\t\t\t<\/div>\r\n\r\n\t\t\t\t\t<div class=\"faq-item-answer\">\r\n\t\t\t\t\t\t<div class=\"faq-item-answer-text\">\nSim, a Elfsight oferece um plano gratuito com recursos b\u00e1sicos. Voc\u00ea pode usar o widget Linha do Tempo sem custo, e h\u00e1 planos pagos dispon\u00edveis para op\u00e7\u00f5es e personaliza\u00e7\u00e3o mais avan\u00e7adas.\n<\/div>\r\n\t\t\t\t\t<\/div>\r\n\t\t\t\t<\/div>\n\n<div class=\"faq-item\">\r\n\t\t\t\t\t<div class=\"faq-item-question\">\r\n\t\t\t\t\t\t<h3 class=\"faq-item-question-text\">Preciso de alguma habilidade de codifica\u00e7\u00e3o para usar o aplicativo Linha do Tempo para Weebly?<\/h3>\r\n\r\n\t\t\t\t\t\t<div class=\"faq-item-question-icon\"><\/div>\r\n\t\t\t\t\t<\/div>\r\n\r\n\t\t\t\t\t<div class=\"faq-item-answer\">\r\n\t\t\t\t\t\t<div class=\"faq-item-answer-text\">\nN\u00e3o, o widget Linha do Tempo da Elfsight para Weebly n\u00e3o requer nenhuma habilidade de codifica\u00e7\u00e3o. Voc\u00ea pode facilmente personalizar e incorporar a linha do tempo usando nosso editor intuitivo.\n<\/div>\r\n\t\t\t\t\t<\/div>\r\n\t\t\t\t<\/div>\n\n<div class=\"faq-item\">\r\n\t\t\t\t\t<div class=\"faq-item-question\">\r\n\t\t\t\t\t\t<h3 class=\"faq-item-question-text\">Como posso criar uma linha do tempo interativa para o Weebly?<\/h3>\r\n\r\n\t\t\t\t\t\t<div class=\"faq-item-question-icon\"><\/div>\r\n\t\t\t\t\t<\/div>\r\n\r\n\t\t\t\t\t<div class=\"faq-item-answer\">\r\n\t\t\t\t\t\t<div class=\"faq-item-answer-text\">\nSelecione um modelo no editor, personalize-o conforme necess\u00e1rio e incorpore o c\u00f3digo HTML em seu site Weebly para adicionar a linha do tempo \u00e0 sua p\u00e1gina.\n<\/div>\r\n\t\t\t\t\t<\/div>\r\n\t\t\t\t<\/div>\n\n<div class=\"faq-item\">\r\n\t\t\t\t\t<div class=\"faq-item-question\">\r\n\t\t\t\t\t\t<h3 class=\"faq-item-question-text\">Que tipos de linhas do tempo posso criar para o Weebly?<\/h3>\r\n\r\n\t\t\t\t\t\t<div class=\"faq-item-question-icon\"><\/div>\r\n\t\t\t\t\t<\/div>\r\n\r\n\t\t\t\t\t<div class=\"faq-item-answer\">\r\n\t\t\t\t\t\t<div class=\"faq-item-answer-text\">\nVoc\u00ea pode criar v\u00e1rios tipos de linhas do tempo com o widget da Elfsight:\n\n<ul> <li><strong>Hist\u00f3ria da Empresa<\/strong>: Exiba a evolu\u00e7\u00e3o do seu neg\u00f3cio e destaque os principais marcos.<\/li> <li><strong>Desenvolvimento de Produtos<\/strong>: Acompanhe a jornada do seu produto desde a concep\u00e7\u00e3o at\u00e9 o lan\u00e7amento.<\/li> <li><strong>Linha do Tempo do Projeto<\/strong>: Exiba os est\u00e1gios e o progresso dos seus projetos.<\/li> <li><strong>Linha do Tempo de Eventos<\/strong>: Organize datas de eventos, lan\u00e7amentos de produtos ou marcos futuros.<\/li> <\/ul> <\/div>\r\n\t\t\t\t\t<\/div>\r\n\t\t\t\t<\/div> <\/div>","protected":false},"excerpt":{"rendered":"","protected":false},"author":9,"featured_media":0,"parent":14649,"menu_order":0,"comment_status":"closed","ping_status":"closed","template":"templates\/template-application-platform.php","meta":{"publish_to_discourse":"","publish_post_category":"","wpdc_auto_publish_overridden":"","wpdc_topic_tags":"","wpdc_pin_topic":"","wpdc_pin_until":"","discourse_post_id":"","discourse_permalink":"","wpdc_publishing_response":"","wpdc_publishing_error":"","footnotes":""},"class_list":["post-15003","page","type-page","status-publish","hentry"],"yoast_head":"<!-- This site is optimized with the Yoast SEO plugin v25.3.1 - https:\/\/yoast.com\/wordpress\/plugins\/seo\/ -->\n<title>Widget de linha do tempo - Incorporar linha de hist\u00f3rico ao site Weebly [GR\u00c1TIS]<\/title>\n<meta name=\"description\" content=\"Adicione uma linha do tempo personalizada ao seu Weebly. Mostre facilmente seu hist\u00f3rico, marcos e progress\u00e3o de tarefas com um widget interativo de linha do tempo no Webflow.\" \/>\n<meta name=\"robots\" content=\"index, follow, max-snippet:-1, max-image-preview:large, max-video-preview:-1\" \/>\n<link rel=\"canonical\" href=\"https:\/\/elfsight.com\/pt\/timeline-widget\/weebly\/\" \/>\n<meta property=\"og:locale\" content=\"pt_PT\" \/>\n<meta property=\"og:type\" content=\"article\" \/>\n<meta property=\"og:title\" content=\"Widget de linha do tempo - Incorporar linha de hist\u00f3rico ao site Weebly [GR\u00c1TIS]\" \/>\n<meta property=\"og:description\" content=\"Adicione uma linha do tempo personalizada ao seu Weebly. Mostre facilmente seu hist\u00f3rico, marcos e progress\u00e3o de tarefas com um widget interativo de linha do tempo no Webflow.\" \/>\n<meta property=\"og:url\" content=\"https:\/\/elfsight.com\/pt\/timeline-widget\/weebly\/\" \/>\n<meta property=\"og:site_name\" content=\"Elfsight PT\" \/>\n<meta property=\"article:modified_time\" content=\"2025-07-10T07:04:20+00:00\" \/>\n<meta name=\"twitter:card\" content=\"summary_large_image\" \/>\n<meta name=\"twitter:label1\" content=\"Tempo estimado de leitura\" \/>\n\t<meta name=\"twitter:data1\" content=\"4 minutos\" \/>\n<!-- \/ Yoast SEO plugin. -->","yoast_head_json":{"title":"Widget de linha do tempo - Incorporar linha de hist\u00f3rico ao site Weebly [GR\u00c1TIS]","description":"Adicione uma linha do tempo personalizada ao seu Weebly. Mostre facilmente seu hist\u00f3rico, marcos e progress\u00e3o de tarefas com um widget interativo de linha do tempo no Webflow.","robots":{"index":"index","follow":"follow","max-snippet":"max-snippet:-1","max-image-preview":"max-image-preview:large","max-video-preview":"max-video-preview:-1"},"canonical":"https:\/\/elfsight.com\/pt\/timeline-widget\/weebly\/","og_locale":"pt_PT","og_type":"article","og_title":"Widget de linha do tempo - Incorporar linha de hist\u00f3rico ao site Weebly [GR\u00c1TIS]","og_description":"Adicione uma linha do tempo personalizada ao seu Weebly. Mostre facilmente seu hist\u00f3rico, marcos e progress\u00e3o de tarefas com um widget interativo de linha do tempo no Webflow.","og_url":"https:\/\/elfsight.com\/pt\/timeline-widget\/weebly\/","og_site_name":"Elfsight PT","article_modified_time":"2025-07-10T07:04:20+00:00","twitter_card":"summary_large_image","twitter_misc":{"Tempo estimado de leitura":"4 minutos"},"schema":{"@context":"https:\/\/schema.org","@graph":[{"@type":"WebPage","@id":"https:\/\/elfsight.com\/pt\/timeline-widget\/weebly\/","url":"https:\/\/elfsight.com\/pt\/timeline-widget\/weebly\/","name":"Widget de linha do tempo - Incorporar linha de hist\u00f3rico ao site Weebly [GR\u00c1TIS]","isPartOf":{"@id":"https:\/\/elfsight.com\/pt\/#website"},"datePublished":"2025-06-17T15:50:13+00:00","dateModified":"2025-07-10T07:04:20+00:00","description":"Adicione uma linha do tempo personalizada ao seu Weebly. Mostre facilmente seu hist\u00f3rico, marcos e progress\u00e3o de tarefas com um widget interativo de linha do tempo no Webflow.","breadcrumb":{"@id":"https:\/\/elfsight.com\/pt\/timeline-widget\/weebly\/#breadcrumb"},"inLanguage":"pt-PT","potentialAction":[{"@type":"ReadAction","target":["https:\/\/elfsight.com\/pt\/timeline-widget\/weebly\/"]}]},{"@type":"BreadcrumbList","@id":"https:\/\/elfsight.com\/pt\/timeline-widget\/weebly\/#breadcrumb","itemListElement":[{"@type":"ListItem","position":1,"name":"Home","item":"https:\/\/elfsight.com\/pt\/"},{"@type":"ListItem","position":2,"name":"Timeline","item":"https:\/\/elfsight.com\/pt\/timeline-widget\/"},{"@type":"ListItem","position":3,"name":"Timeline &#8211; Weebly"}]},{"@type":"WebSite","@id":"https:\/\/elfsight.com\/pt\/#website","url":"https:\/\/elfsight.com\/pt\/","name":"Elfsight PT","description":"Just another Elfsight Sites site","potentialAction":[{"@type":"SearchAction","target":{"@type":"EntryPoint","urlTemplate":"https:\/\/elfsight.com\/pt\/?s={search_term_string}"},"query-input":{"@type":"PropertyValueSpecification","valueRequired":true,"valueName":"search_term_string"}}],"inLanguage":"pt-PT"}]}},"meta_box":{"industry":"","seo_heading":"","heading":"","description":"","cta_heading":"","cta_description":"","application":"14648","h1":"Plug-in de linha do tempo para Weebly","h1_caption":"Exiba uma linha hist\u00f3rica envolvente para apresentar sua hist\u00f3ria, conquistas do projeto ou etapas com um plug-in de linha do tempo interativo no Weebly.","application_category":[],"applications_title":"","applications_request_title":"","applications_request_button_text":"","hero_text":"","hero_video":"","hero_video_schema_markup":"","selling_points_title":"","selling_points_caption":"","selling_points":[],"selling_points_cta_text":"","features_title":"","features":"","ed_cta_examples_text":"","ed_cta_examples_hidden":"","ed_cta_demo_text":"","ed_cta_demo_hidden":"","why_caption":"","why_editor_title":"","why_editor_text":"","why_team_title":"","why_team_text":"","why_service_title":"","why_service_text":"","template_catalog_visible":"0","template_catalog_title":"","template_catalog_text":"","template_catalog_categories_visible":"","demo_title":"Crie seu plugin Weebly Timeline","demo_caption":"Personalize sua linha do tempo e adicione-a ao seu site com facilidade!","default_faq_hidden":"","app_template_category":[],"platform":"73","template_public_id":"","codecanyon_url":"","codecanyon_item_id":"","codecanyon_price":"","pricing_caption":"","pricing_elfsight_apps_hide_column":"","pricing_elfsight_apps_url":"","pricing_codecanyon_price_caption":"","integration_category":[],"integration_request_title":"","integration_request_cta":"","integration_platform":"","integrations":[],"platform_category":[],"video_schema_markup":"","price":"a partir de $ 0 \/ m\u00eas","trial":"","benefits":[],"button_url":"#demo","button_target_blank":"0","button_nofollow":"0","attributes":[{"name":"Instala\u00e7\u00f5es","content":"50,000 - 100,000","_state":"expanded"},{"name":"Responsivo","content":"Sim","_state":"expanded"},{"name":"Navegadores compat\u00edveis","content":"Firefox, Safari, Opera, Chrome, Edge","_state":"expanded"}],"tags":[],"tags_disable_links":"0","hide_more_platforms":"0","video_object":"","demo_hide_cta":"0","demo_hide_cloud_options":"0","pricing_title":"","pricing":[{"pricing_icon":"platform","pricing_title":"Elfsight Apps","pricing_title_caption":"Software multiplataforma adequado para qualquer site","pricing_price":"a partir de $ 0 \/ m\u00eas","pricing_price_caption":"comece com um plano gratuito","pricing_button_text":"Adicionar ao site","pricing_button_url":"#demo"}],"related_apps_title":"","related_apps_hidden":"0","author":"","image":[],"title":"","job":"","social_networks":[]},"_links":{"self":[{"href":"https:\/\/elfsight.com\/pt\/wp-json\/wp\/v2\/pages\/15003","targetHints":{"allow":["GET"]}}],"collection":[{"href":"https:\/\/elfsight.com\/pt\/wp-json\/wp\/v2\/pages"}],"about":[{"href":"https:\/\/elfsight.com\/pt\/wp-json\/wp\/v2\/types\/page"}],"author":[{"embeddable":true,"href":"https:\/\/elfsight.com\/pt\/wp-json\/wp\/v2\/users\/9"}],"replies":[{"embeddable":true,"href":"https:\/\/elfsight.com\/pt\/wp-json\/wp\/v2\/comments?post=15003"}],"version-history":[{"count":2,"href":"https:\/\/elfsight.com\/pt\/wp-json\/wp\/v2\/pages\/15003\/revisions"}],"predecessor-version":[{"id":15005,"href":"https:\/\/elfsight.com\/pt\/wp-json\/wp\/v2\/pages\/15003\/revisions\/15005"}],"up":[{"embeddable":true,"href":"https:\/\/elfsight.com\/pt\/wp-json\/wp\/v2\/pages\/14649"}],"wp:attachment":[{"href":"https:\/\/elfsight.com\/pt\/wp-json\/wp\/v2\/media?parent=15003"}],"curies":[{"name":"wp","href":"https:\/\/api.w.org\/{rel}","templated":true}]}}