{"id":14999,"date":"2025-03-11T07:21:06","date_gmt":"2025-03-11T07:21:06","guid":{"rendered":"https:\/\/elfsight.com\/pt\/?page_id=14999"},"modified":"2025-06-17T14:05:31","modified_gmt":"2025-06-17T14:05:31","slug":"webnode","status":"publish","type":"page","link":"https:\/\/elfsight.com\/pt\/timeline-widget\/webnode\/","title":{"rendered":"Timeline &#8211; Webnode"},"content":{"rendered":"<div class=\"application-platform-content-item-description application-platform-content-item\" id=\"description\" data-nav-section=\"description\"><h2>Webnode Timeline Widget<\/h2> <p>Aprimore seu site Webnode com uma linha do tempo interativa e visualmente cativante. Com o widget Timeline da Elfsight, voc\u00ea pode exibir os marcos da sua empresa, acompanhar o desenvolvimento de produtos ou destacar eventos importantes de forma cronol\u00f3gica e envolvente. Nenhuma codifica\u00e7\u00e3o \u00e9 necess\u00e1ria \u2013 apenas personaliza\u00e7\u00e3o e incorpora\u00e7\u00e3o simples que permitem criar uma linha do tempo impressionante e totalmente responsiva que cativa seu p\u00fablico.<\/p> <ul> <li><b>Crie linhas do tempo interativas sem c\u00f3digo<\/b><br> Projete sua linha do tempo em minutos, sem necessidade de programa\u00e7\u00e3o. Crie uma linha do tempo interativa que permite envolver os visitantes imediatamente.<\/li> <li><b>Op\u00e7\u00f5es avan\u00e7adas de personaliza\u00e7\u00e3o<\/b><br> Personalize o layout, cores, fontes e muito mais para combinar com a marca e o estilo do seu site.<\/li> <li><b>Processo de incorpora\u00e7\u00e3o simples<\/b><br> Incorpore sua linha do tempo personalizada sem esfor\u00e7o em seu site Webnode com um c\u00f3digo HTML simples \u2013 sem necessidade de experi\u00eancia t\u00e9cnica.<\/li> <li><b>Suporte ao cliente responsivo<\/b><br> Nossa equipe de suporte especializada est\u00e1 sempre dispon\u00edvel para ajud\u00e1-lo com qualquer d\u00favida de configura\u00e7\u00e3o, garantindo que sua linha do tempo funcione sem problemas em seu site.<\/li> <\/ul> <p><b>Experimente o widget Timeline da Elfsight para criar uma experi\u00eancia interativa para seus visitantes hoje!<\/b><\/p> <\/div><div class=\"application-platform-content-item-features application-platform-content-item\" id=\"features\" data-nav-section=\"features\"><h2>What You Can Do with the Webnode Timeline<\/h2> <ul> <li><strong>Envolva os visitantes visualmente<\/strong><br> Exiba marcos, conquistas ou eventos importantes em um formato visual envolvente. Uma linha do tempo interativa apresenta sua hist\u00f3ria de uma forma que incentiva seu p\u00fablico a explorar e interagir.<\/li> <li><strong>Acompanhe marcos e eventos<\/strong><br> Apresente a jornada da sua empresa ou o desenvolvimento do produto em um formato claro e cronol\u00f3gico. Permita que os visitantes sigam sua hist\u00f3ria e se mantenham informados sobre seu progresso.<\/li> <li><strong>Destaque momentos-chave<\/strong><br> Enfatize marcos ou conquistas importantes que definem sua jornada. Um formato de linha do tempo limpo e atraente chama a aten\u00e7\u00e3o e impulsiona o envolvimento do usu\u00e1rio.<\/li> <\/ul> <p><a href=\"#demo\">Explore o editor para experimentar todos os recursos do widget Timeline.<\/a><\/p> <\/div><div class=\"application-platform-content-item-installation application-platform-content-item\" id=\"installation\" data-nav-section=\"installation\"><h2>How to Embed a Timeline on Webnode<\/h2> <p>Adicionar o widget Timeline ao seu site Webnode \u00e9 r\u00e1pido e f\u00e1cil. Siga estas etapas simples:<\/p> <ol> <li><b>Crie sua linha do tempo Webnode personalizada<\/b><br> Comece selecionando um modelo em nosso editor. Personalize o design, layout e marcos de acordo com as necessidades do seu site.<\/li> <li><b>Obtenha seu c\u00f3digo de incorpora\u00e7\u00e3o exclusivo<\/b><br> Assim que sua linha do tempo estiver pronta, voc\u00ea receber\u00e1 um c\u00f3digo de incorpora\u00e7\u00e3o HTML exclusivo. Copie este c\u00f3digo para uso futuro.<\/li> <li><b>Incorpore o c\u00f3digo em seu site Webnode<\/b><br> Cole o c\u00f3digo de incorpora\u00e7\u00e3o HTML na se\u00e7\u00e3o apropriada da sua p\u00e1gina Webnode, salve suas altera\u00e7\u00f5es e sua linha do tempo estar\u00e1 ativa!<\/li> <li><b>Pronto! Aproveite sua nova linha do tempo interativa!<\/b><br> Visite seu site para ver a linha do tempo em a\u00e7\u00e3o e comece a envolver seus visitantes com uma experi\u00eancia din\u00e2mica e visualmente atraente.<\/li> <\/ol> <p>Para instru\u00e7\u00f5es mais detalhadas, consulte nosso guia sobre <a href=\"https:\/\/elfsight.com\/blog\/how-to-embed-timeline-to-website\/\" target=\"_blank\" rel=\"noopener\">como adicionar uma linha do tempo ao seu site<\/a>.<\/p> <\/div><div class=\"faq\" data-component=\"FAQ\"><div class=\"faq-item\">\r\n\t\t\t\t\t<div class=\"faq-item-question\">\r\n\t\t\t\t\t\t<h3 class=\"faq-item-question-text\">Is the Timeline widget for Webnode free?<\/h3>\r\n\r\n\t\t\t\t\t\t<div class=\"faq-item-question-icon\"><\/div>\r\n\t\t\t\t\t<\/div>\r\n\r\n\t\t\t\t\t<div class=\"faq-item-answer\">\r\n\t\t\t\t\t\t<div class=\"faq-item-answer-text\">Sim, a Elfsight oferece um plano gratuito que lhe d\u00e1 acesso aos recursos b\u00e1sicos do widget Timeline. Planos pagos est\u00e3o dispon\u00edveis para op\u00e7\u00f5es de personaliza\u00e7\u00e3o mais avan\u00e7adas e recursos adicionais.<\/div>\r\n\t\t\t\t\t<\/div>\r\n\t\t\t\t<\/div><div class=\"faq-item\">\r\n\t\t\t\t\t<div class=\"faq-item-question\">\r\n\t\t\t\t\t\t<h3 class=\"faq-item-question-text\">Do I need any coding skills to use the Timeline widget for Webnode?<\/h3>\r\n\r\n\t\t\t\t\t\t<div class=\"faq-item-question-icon\"><\/div>\r\n\t\t\t\t\t<\/div>\r\n\r\n\t\t\t\t\t<div class=\"faq-item-answer\">\r\n\t\t\t\t\t\t<div class=\"faq-item-answer-text\">N\u00e3o, o plugin Webnode Timeline da Elfsight n\u00e3o requer habilidades de codifica\u00e7\u00e3o. Voc\u00ea pode facilmente personalizar e incorporar sua linha do tempo usando nosso editor intuitivo.<\/div>\r\n\t\t\t\t\t<\/div>\r\n\t\t\t\t<\/div><div class=\"faq-item\">\r\n\t\t\t\t\t<div class=\"faq-item-question\">\r\n\t\t\t\t\t\t<h3 class=\"faq-item-question-text\">How can I create an interactive timeline for Webnode?<\/h3>\r\n\r\n\t\t\t\t\t\t<div class=\"faq-item-question-icon\"><\/div>\r\n\t\t\t\t\t<\/div>\r\n\r\n\t\t\t\t\t<div class=\"faq-item-answer\">\r\n\t\t\t\t\t\t<div class=\"faq-item-answer-text\">Basta escolher um modelo do editor, ajustar as configura\u00e7\u00f5es para atender \u00e0s suas necessidades e incorporar o c\u00f3digo HTML gerado em seu site Webnode.<\/div>\r\n\t\t\t\t\t<\/div>\r\n\t\t\t\t<\/div><div class=\"faq-item\">\r\n\t\t\t\t\t<div class=\"faq-item-question\">\r\n\t\t\t\t\t\t<h3 class=\"faq-item-question-text\">What types of timelines can I create for Webnode?<\/h3>\r\n\r\n\t\t\t\t\t\t<div class=\"faq-item-question-icon\"><\/div>\r\n\t\t\t\t\t<\/div>\r\n\r\n\t\t\t\t\t<div class=\"faq-item-answer\">\r\n\t\t\t\t\t\t<div class=\"faq-item-answer-text\">Com o widget Timeline da Elfsight, voc\u00ea pode criar uma variedade de linhas do tempo, incluindo:<ul> <li><strong>Hist\u00f3ria da Empresa<\/strong>: Mostre o crescimento e os principais marcos do seu neg\u00f3cio.<\/li> <li><strong>Desenvolvimento de Produto<\/strong>: Acompanhe a jornada do seu produto da ideia ao lan\u00e7amento.<\/li> <li><strong>Linha do Tempo do Projeto<\/strong>: Apresente as etapas de um projeto ou campanha.<\/li> <li><strong>Linha do Tempo de Eventos<\/strong>: Exiba eventos futuros ou lan\u00e7amentos de produtos em um formato claro e f\u00e1cil de seguir.<\/li> <\/ul> <\/div>\r\n\t\t\t\t\t<\/div>\r\n\t\t\t\t<\/div> <\/div>&#8220;`","protected":false},"excerpt":{"rendered":"&#8220;`","protected":false},"author":9,"featured_media":0,"parent":14649,"menu_order":0,"comment_status":"closed","ping_status":"closed","template":"templates\/template-application-platform.php","meta":{"publish_to_discourse":"","publish_post_category":"","wpdc_auto_publish_overridden":"","wpdc_topic_tags":"","wpdc_pin_topic":"","wpdc_pin_until":"","discourse_post_id":"","discourse_permalink":"","wpdc_publishing_response":"","wpdc_publishing_error":"","footnotes":""},"class_list":["post-14999","page","type-page","status-publish","hentry"],"yoast_head":"<!-- This site is optimized with the Yoast SEO plugin v25.3.1 - https:\/\/yoast.com\/wordpress\/plugins\/seo\/ -->\n<title>Timeline Widget \u2013 Crie um roteiro interativo para Webnode|Gr\u00e1tis<\/title>\n<meta name=\"description\" content=\"Envolva seus visitantes com uma linha do tempo personaliz\u00e1vel em seu site. Destaque facilmente marcos, eventos, progresso com o widget Timeline da Elfsight para Webnode.\" \/>\n<meta name=\"robots\" content=\"index, follow, max-snippet:-1, max-image-preview:large, max-video-preview:-1\" \/>\n<link rel=\"canonical\" href=\"https:\/\/elfsight.com\/pt\/timeline-widget\/webnode\/\" \/>\n<meta property=\"og:locale\" content=\"pt_PT\" \/>\n<meta property=\"og:type\" content=\"article\" \/>\n<meta property=\"og:title\" content=\"Timeline Widget \u2013 Crie um roteiro interativo para Webnode|Gr\u00e1tis\" \/>\n<meta property=\"og:description\" content=\"Envolva seus visitantes com uma linha do tempo personaliz\u00e1vel em seu site. Destaque facilmente marcos, eventos, progresso com o widget Timeline da Elfsight para Webnode.\" \/>\n<meta property=\"og:url\" content=\"https:\/\/elfsight.com\/pt\/timeline-widget\/webnode\/\" \/>\n<meta property=\"og:site_name\" content=\"Elfsight PT\" \/>\n<meta property=\"article:modified_time\" content=\"2025-06-17T14:05:31+00:00\" \/>\n<meta name=\"twitter:card\" content=\"summary_large_image\" \/>\n<meta name=\"twitter:label1\" content=\"Tempo estimado de leitura\" \/>\n\t<meta name=\"twitter:data1\" content=\"4 minutos\" \/>\n<!-- \/ Yoast SEO plugin. -->","yoast_head_json":{"title":"Timeline Widget \u2013 Crie um roteiro interativo para Webnode|Gr\u00e1tis","description":"Envolva seus visitantes com uma linha do tempo personaliz\u00e1vel em seu site. Destaque facilmente marcos, eventos, progresso com o widget Timeline da Elfsight para Webnode.","robots":{"index":"index","follow":"follow","max-snippet":"max-snippet:-1","max-image-preview":"max-image-preview:large","max-video-preview":"max-video-preview:-1"},"canonical":"https:\/\/elfsight.com\/pt\/timeline-widget\/webnode\/","og_locale":"pt_PT","og_type":"article","og_title":"Timeline Widget \u2013 Crie um roteiro interativo para Webnode|Gr\u00e1tis","og_description":"Envolva seus visitantes com uma linha do tempo personaliz\u00e1vel em seu site. Destaque facilmente marcos, eventos, progresso com o widget Timeline da Elfsight para Webnode.","og_url":"https:\/\/elfsight.com\/pt\/timeline-widget\/webnode\/","og_site_name":"Elfsight PT","article_modified_time":"2025-06-17T14:05:31+00:00","twitter_card":"summary_large_image","twitter_misc":{"Tempo estimado de leitura":"4 minutos"},"schema":{"@context":"https:\/\/schema.org","@graph":[{"@type":"WebPage","@id":"https:\/\/elfsight.com\/pt\/timeline-widget\/webnode\/","url":"https:\/\/elfsight.com\/pt\/timeline-widget\/webnode\/","name":"Timeline Widget \u2013 Crie um roteiro interativo para Webnode|Gr\u00e1tis","isPartOf":{"@id":"https:\/\/elfsight.com\/pt\/#website"},"datePublished":"2025-03-11T07:21:06+00:00","dateModified":"2025-06-17T14:05:31+00:00","description":"Envolva seus visitantes com uma linha do tempo personaliz\u00e1vel em seu site. Destaque facilmente marcos, eventos, progresso com o widget Timeline da Elfsight para Webnode.","breadcrumb":{"@id":"https:\/\/elfsight.com\/pt\/timeline-widget\/webnode\/#breadcrumb"},"inLanguage":"pt-PT","potentialAction":[{"@type":"ReadAction","target":["https:\/\/elfsight.com\/pt\/timeline-widget\/webnode\/"]}]},{"@type":"BreadcrumbList","@id":"https:\/\/elfsight.com\/pt\/timeline-widget\/webnode\/#breadcrumb","itemListElement":[{"@type":"ListItem","position":1,"name":"Home","item":"https:\/\/elfsight.com\/pt\/"},{"@type":"ListItem","position":2,"name":"Timeline &#8211; Webnode"}]},{"@type":"WebSite","@id":"https:\/\/elfsight.com\/pt\/#website","url":"https:\/\/elfsight.com\/pt\/","name":"Elfsight PT","description":"Just another Elfsight Sites site","potentialAction":[{"@type":"SearchAction","target":{"@type":"EntryPoint","urlTemplate":"https:\/\/elfsight.com\/pt\/?s={search_term_string}"},"query-input":{"@type":"PropertyValueSpecification","valueRequired":true,"valueName":"search_term_string"}}],"inLanguage":"pt-PT"}]}},"meta_box":{"industry":"","seo_heading":"","heading":"","description":"","cta_heading":"","cta_description":"","application":"14648","h1":"Widget de linha do tempo para Webnode","h1_caption":"Exiba uma cronologia envolvente de marcos para revelar sua hist\u00f3ria, marcadores de tarefas ou eventos com uma linha do tempo interativa em um site Webnode.","application_category":[],"applications_title":"","applications_request_title":"","applications_request_button_text":"","hero_text":"","hero_video":"","hero_video_schema_markup":"","selling_points_title":"","selling_points_caption":"","selling_points":[],"selling_points_cta_text":"","features_title":"","features":"","ed_cta_examples_text":"","ed_cta_examples_hidden":"","ed_cta_demo_text":"","ed_cta_demo_hidden":"","why_caption":"","why_editor_title":"","why_editor_text":"","why_team_title":"","why_team_text":"","why_service_title":"","why_service_text":"","template_catalog_visible":"","template_catalog_title":"","template_catalog_text":"","template_catalog_categories_visible":"","demo_title":"Crie seu widget de linha do tempo Webnode","demo_caption":"Personalize sua linha do tempo e adicione-a ao seu site com facilidade!","default_faq_hidden":"","app_template_category":[],"platform":"4917","template_public_id":"","codecanyon_url":"","codecanyon_item_id":"","codecanyon_price":"","pricing_caption":"","pricing_elfsight_apps_hide_column":"","pricing_elfsight_apps_url":"","pricing_codecanyon_price_caption":"","integration_category":[],"integration_request_title":"","integration_request_cta":"","integration_platform":"","integrations":[],"platform_category":[],"video_schema_markup":"","price":"a partir de $ 0 \/ m\u00eas","trial":"","benefits":[],"button_url":"#demo","button_target_blank":"0","button_nofollow":"0","attributes":[{"name":"Instala\u00e7\u00f5es","content":"50,000 - 100,001","_state":"expanded"},{"name":"Responsivo","content":"Sim","_state":"expanded"},{"name":"Navegadores compat\u00edveis","content":"Firefox, Safari, Opera, Chrome, Edge","_state":"expanded"}],"tags":[],"tags_disable_links":"","hide_more_platforms":"","video_object":"","demo_hide_cta":"0","demo_hide_cloud_options":"","pricing_title":"","pricing":[{"pricing_icon":"platform","pricing_title":"Elfsight Apps","pricing_title_caption":"Software multiplataforma adequado para qualquer site","pricing_price":"a partir de $ 0 \/ m\u00eas","pricing_price_caption":"comece com um plano gratuito","pricing_button_text":"Adicionar ao site","pricing_button_url":"#demo"}],"related_apps_title":"","related_apps_hidden":"","author":"","image":[],"title":"","job":"","social_networks":[]},"_links":{"self":[{"href":"https:\/\/elfsight.com\/pt\/wp-json\/wp\/v2\/pages\/14999","targetHints":{"allow":["GET"]}}],"collection":[{"href":"https:\/\/elfsight.com\/pt\/wp-json\/wp\/v2\/pages"}],"about":[{"href":"https:\/\/elfsight.com\/pt\/wp-json\/wp\/v2\/types\/page"}],"author":[{"embeddable":true,"href":"https:\/\/elfsight.com\/pt\/wp-json\/wp\/v2\/users\/9"}],"replies":[{"embeddable":true,"href":"https:\/\/elfsight.com\/pt\/wp-json\/wp\/v2\/comments?post=14999"}],"version-history":[{"count":1,"href":"https:\/\/elfsight.com\/pt\/wp-json\/wp\/v2\/pages\/14999\/revisions"}],"predecessor-version":[{"id":15000,"href":"https:\/\/elfsight.com\/pt\/wp-json\/wp\/v2\/pages\/14999\/revisions\/15000"}],"up":[{"embeddable":true,"href":"https:\/\/elfsight.com\/pt\/wp-json\/wp\/v2\/pages\/14649"}],"wp:attachment":[{"href":"https:\/\/elfsight.com\/pt\/wp-json\/wp\/v2\/media?parent=14999"}],"curies":[{"name":"wp","href":"https:\/\/api.w.org\/{rel}","templated":true}]}}