{"id":14947,"date":"2025-01-15T14:51:19","date_gmt":"2025-01-15T14:51:19","guid":{"rendered":"https:\/\/elfsight.com\/pt\/?page_id=14947"},"modified":"2025-07-10T06:28:35","modified_gmt":"2025-07-10T06:28:35","slug":"elementor","status":"publish","type":"page","link":"https:\/\/elfsight.com\/pt\/chatgpt-widget\/elementor\/","title":{"rendered":"ChatGPT &#8211; Elementor"},"content":{"rendered":"<div class=\"application-platform-content-item-description application-platform-content-item\" id=\"description\" data-nav-section=\"description\">\n<h2>Incorpore o ChatGPT ao Elementor com um widget Elfsight<\/h2>\n<p>O widget ChatGPT impulsiona a comunica\u00e7\u00e3o com o cliente em seu site, automatizando processos e proporcionando experi\u00eancias individuais e integradas. Com chats ilimitados, respostas personalizadas e recursos de aprendizagem excepcionais, ele garante opera\u00e7\u00f5es fluidas e eficientes, ao mesmo tempo em que oferece respostas naturais e de alta qualidade em v\u00e1rios idiomas. <\/p>\n<p>Desenvolvido com modelos espec\u00edficos do setor, o widget funciona com base nas necessidades do seu neg\u00f3cio, seja suporte ao cliente, explica\u00e7\u00e3o do produto ou gerenciamento de feedback. Ele coleta dados detalhados das comunica\u00e7\u00f5es, oferecendo insights para refinar seus processos e melhorar a experi\u00eancia do cliente. Use a integra\u00e7\u00e3o do ChatGPT em seu site para um atendimento ao cliente mais inteligente e eficaz. <\/p>\n<p><b>Adicione nosso ChatGPT ao seu site Elementor e simplifique a comunica\u00e7\u00e3o com o cliente como nunca antes! <\/b><\/p>\n<p><\/div> <div class=\"application-platform-content-item-features application-platform-content-item\" id=\"features\" data-nav-section=\"features\"> <\/p>\n<h2>Explore a lista dos recursos mais poderosos: <\/h2>\n<ul>\n<li><b>Intelig\u00eancia de IA de ponta. <\/b> Capacitado por um dos modelos de IA mais avan\u00e7ados at\u00e9 hoje, fornecendo respostas inteligentes e v\u00e1lidas para seus clientes. <\/li>\n<li><b>Treinamento com arquivos e perguntas e respostas. <\/b> Treine seu assistente sem esfor\u00e7o usando arquivos enviados, conjuntos de perguntas e respostas e passagens de texto para uma configura\u00e7\u00e3o simplificada. <\/li>\n<li><b>Lembra dados do cliente e conte\u00fado do chat. <\/b> O assistente pode lembrar dos clientes e cham\u00e1-los pelo nome, mantendo o foco na pergunta deles. <\/li>\n<li><b>Quantidade ilimitada de chats e usu\u00e1rios. <\/b> O widget \u00e9 capaz de manter comunica\u00e7\u00f5es ilimitadas com qualquer quantidade de clientes para permanecer igualmente \u00fatil em qualquer chat. <\/li>\n<li><b>Formatos de resposta leg\u00edveis.<\/b> O assistente melhora a legibilidade usando listas, texto em negrito, links e outras oportunidades de formata\u00e7\u00e3o para tornar as respostas f\u00e1ceis de compreender. <\/li>\n<\/ul>\n<p><a href=\"#demo\">Teste o editor simples para descobrir o que nosso widget pode fazer<\/a><\/p>\n<p><\/div> <div class=\"application-platform-content-item-installation application-platform-content-item\" id=\"installation\" data-nav-section=\"installation\"> <\/p>\n<h2>Como posso incorporar o ChatGPT no meu site Elementor? <\/h2>\n<p>Oferecemos um guia simples para ter o widget no seu site Elementor. Levar\u00e1 apenas alguns minutos e n\u00e3o requer nenhuma codifica\u00e7\u00e3o. <\/p>\n<ol>\n<li><strong>Crie seu widget ChatGPT individual<\/strong><br \/> Comece com qualquer modelo no editor, trabalhe com os elementos convenientes nele e ajuste o widget ao seu design e configura\u00e7\u00f5es preferidos. <\/li>\n<li><strong>Receba o c\u00f3digo personalizado para incorporar o widget<\/strong><br \/> Ap\u00f3s criar o widget, voc\u00ea receber\u00e1 um c\u00f3digo HTML individual no seu painel. Copie o c\u00f3digo que cont\u00e9m todos os detalhes sobre suas configura\u00e7\u00f5es. <\/li>\n<li><strong>Exiba o widget no seu site Elementor<\/strong><br \/> Escolha as se\u00e7\u00f5es do seu site onde deseja apresentar o ChatGPT e cole o c\u00f3digo l\u00e1. Salve suas altera\u00e7\u00f5es. <\/li>\n<\/ol>\n<p>Pronto! Agora, verifique como o widget est\u00e1 funcionando no seu site. <\/p>\n<p>Se voc\u00ea tiver alguma dificuldade ao incorporar o widget em um site, basta entrar em contato com nosso suporte ao cliente. Teremos prazer em explicar como adicionar e gerenciar seu chat. <\/p>\n<p><\/div><\/p>\n","protected":false},"excerpt":{"rendered":"","protected":false},"author":9,"featured_media":0,"parent":14988,"menu_order":0,"comment_status":"closed","ping_status":"closed","template":"templates\/template-application-platform.php","meta":{"publish_to_discourse":"","publish_post_category":"","wpdc_auto_publish_overridden":"","wpdc_topic_tags":"","wpdc_pin_topic":"","wpdc_pin_until":"","discourse_post_id":"","discourse_permalink":"","wpdc_publishing_response":"","wpdc_publishing_error":"","footnotes":""},"class_list":["post-14947","page","type-page","status-publish","hentry"],"yoast_head":"<!-- This site is optimized with the Yoast SEO plugin v25.3.1 - https:\/\/yoast.com\/wordpress\/plugins\/seo\/ -->\n<title>Widget Elementor ChatGPT - Adicione AI Chat ao seu site Elementor [GR\u00c1TIS]<\/title>\n<meta name=\"description\" content=\"Adicione um widget ChatGPT integrado ao seu site Elementor. Confira o editor intuitivo do Elfsight para criar sua solu\u00e7\u00e3o personalizada sem esfor\u00e7o.\" \/>\n<meta name=\"robots\" content=\"index, follow, max-snippet:-1, max-image-preview:large, max-video-preview:-1\" \/>\n<link rel=\"canonical\" href=\"https:\/\/elfsight.com\/pt\/chatgpt-widget\/elementor\/\" \/>\n<meta property=\"og:locale\" content=\"pt_PT\" \/>\n<meta property=\"og:type\" content=\"article\" \/>\n<meta property=\"og:title\" content=\"Widget Elementor ChatGPT - Adicione AI Chat ao seu site Elementor [GR\u00c1TIS]\" \/>\n<meta property=\"og:description\" content=\"Adicione um widget ChatGPT integrado ao seu site Elementor. Confira o editor intuitivo do Elfsight para criar sua solu\u00e7\u00e3o personalizada sem esfor\u00e7o.\" \/>\n<meta property=\"og:url\" content=\"https:\/\/elfsight.com\/pt\/chatgpt-widget\/elementor\/\" \/>\n<meta property=\"og:site_name\" content=\"Elfsight PT\" \/>\n<meta property=\"article:modified_time\" content=\"2025-07-10T06:28:35+00:00\" \/>\n<meta name=\"twitter:card\" content=\"summary_large_image\" \/>\n<meta name=\"twitter:label1\" content=\"Tempo estimado de leitura\" \/>\n\t<meta name=\"twitter:data1\" content=\"2 minutos\" \/>\n<!-- \/ Yoast SEO plugin. -->","yoast_head_json":{"title":"Widget Elementor ChatGPT - Adicione AI Chat ao seu site Elementor [GR\u00c1TIS]","description":"Adicione um widget ChatGPT integrado ao seu site Elementor. Confira o editor intuitivo do Elfsight para criar sua solu\u00e7\u00e3o personalizada sem esfor\u00e7o.","robots":{"index":"index","follow":"follow","max-snippet":"max-snippet:-1","max-image-preview":"max-image-preview:large","max-video-preview":"max-video-preview:-1"},"canonical":"https:\/\/elfsight.com\/pt\/chatgpt-widget\/elementor\/","og_locale":"pt_PT","og_type":"article","og_title":"Widget Elementor ChatGPT - Adicione AI Chat ao seu site Elementor [GR\u00c1TIS]","og_description":"Adicione um widget ChatGPT integrado ao seu site Elementor. Confira o editor intuitivo do Elfsight para criar sua solu\u00e7\u00e3o personalizada sem esfor\u00e7o.","og_url":"https:\/\/elfsight.com\/pt\/chatgpt-widget\/elementor\/","og_site_name":"Elfsight PT","article_modified_time":"2025-07-10T06:28:35+00:00","twitter_card":"summary_large_image","twitter_misc":{"Tempo estimado de leitura":"2 minutos"},"schema":{"@context":"https:\/\/schema.org","@graph":[{"@type":"WebPage","@id":"https:\/\/elfsight.com\/pt\/chatgpt-widget\/elementor\/","url":"https:\/\/elfsight.com\/pt\/chatgpt-widget\/elementor\/","name":"Widget Elementor ChatGPT - Adicione AI Chat ao seu site Elementor [GR\u00c1TIS]","isPartOf":{"@id":"https:\/\/elfsight.com\/pt\/#website"},"datePublished":"2025-01-15T14:51:19+00:00","dateModified":"2025-07-10T06:28:35+00:00","description":"Adicione um widget ChatGPT integrado ao seu site Elementor. Confira o editor intuitivo do Elfsight para criar sua solu\u00e7\u00e3o personalizada sem esfor\u00e7o.","breadcrumb":{"@id":"https:\/\/elfsight.com\/pt\/chatgpt-widget\/elementor\/#breadcrumb"},"inLanguage":"pt-PT","potentialAction":[{"@type":"ReadAction","target":["https:\/\/elfsight.com\/pt\/chatgpt-widget\/elementor\/"]}]},{"@type":"BreadcrumbList","@id":"https:\/\/elfsight.com\/pt\/chatgpt-widget\/elementor\/#breadcrumb","itemListElement":[{"@type":"ListItem","position":1,"name":"Home","item":"https:\/\/elfsight.com\/pt\/"},{"@type":"ListItem","position":2,"name":"ChatGPT","item":"https:\/\/elfsight.com\/pt\/chatgpt-widget\/"},{"@type":"ListItem","position":3,"name":"ChatGPT &#8211; Elementor"}]},{"@type":"WebSite","@id":"https:\/\/elfsight.com\/pt\/#website","url":"https:\/\/elfsight.com\/pt\/","name":"Elfsight PT","description":"Just another Elfsight Sites site","potentialAction":[{"@type":"SearchAction","target":{"@type":"EntryPoint","urlTemplate":"https:\/\/elfsight.com\/pt\/?s={search_term_string}"},"query-input":{"@type":"PropertyValueSpecification","valueRequired":true,"valueName":"search_term_string"}}],"inLanguage":"pt-PT"}]}},"meta_box":{"industry":"","seo_heading":"","heading":"","description":"","cta_heading":"","cta_description":"","application":"13494","h1":"Widget ChatGPT para site Elementor","h1_caption":"Integre um ChatGPT multifuncional ao seu site Elementor para obter um assistente de IA autodidata que est\u00e1 sempre dispon\u00edvel para orientar e dar suporte aos seus clientes, coletar leads e promover seus produtos e servi\u00e7os.","application_category":[],"applications_title":"","applications_request_title":"","applications_request_button_text":"","hero_text":"","hero_video":"","hero_video_schema_markup":"","selling_points_title":"","selling_points_caption":"","selling_points":[],"selling_points_cta_text":"","features_title":"","features":"","ed_cta_examples_text":"","ed_cta_examples_hidden":"","ed_cta_demo_text":"","ed_cta_demo_hidden":"","why_caption":"","why_editor_title":"","why_editor_text":"","why_team_title":"","why_team_text":"","why_service_title":"","why_service_text":"","template_catalog_visible":"","template_catalog_title":"","template_catalog_text":"","template_catalog_categories_visible":"","demo_title":"Crie seu widget ChatGPT","demo_caption":"Configure seu ChatGPT e adicione-o ao seu site Elementor gratuitamente!","default_faq_hidden":"","app_template_category":[],"platform":"100","template_public_id":"","codecanyon_url":"","codecanyon_item_id":"","codecanyon_price":"","pricing_caption":"","pricing_elfsight_apps_hide_column":"","pricing_elfsight_apps_url":"","pricing_codecanyon_price_caption":"","integration_category":[],"integration_request_title":"","integration_request_cta":"","integration_platform":"","integrations":[],"platform_category":[],"video_schema_markup":"","price":"a partir de $ 0 \/ m\u00eas","trial":"","benefits":[],"button_url":"#demo","button_target_blank":"0","button_nofollow":"","attributes":[{"name":"Instala\u00e7\u00f5es","content":"50,000 - 100,000","_state":""},{"name":"Responsivo","content":"Yes","_state":""},{"name":"Navegadores compat\u00edveis","content":"Firefox, Safari, Opera, Chrome, Edge","_state":""}],"tags":[],"tags_disable_links":"","hide_more_platforms":"","video_object":"","demo_hide_cta":"","demo_hide_cloud_options":"","pricing_title":"","pricing":[{"pricing_icon":"platform","pricing_title":"Elfsight Apps","pricing_title_caption":"Vers\u00e3o independente de plataforma","pricing_price":"a partir de $ 0 \/ m\u00eas","pricing_price_caption":"comece com um plano gratuito","pricing_button_text":"Adicionar ao site","pricing_button_url":"#demo"}],"related_apps_title":"","related_apps_hidden":"","author":"","image":[],"title":"","job":"","social_networks":[]},"_links":{"self":[{"href":"https:\/\/elfsight.com\/pt\/wp-json\/wp\/v2\/pages\/14947","targetHints":{"allow":["GET"]}}],"collection":[{"href":"https:\/\/elfsight.com\/pt\/wp-json\/wp\/v2\/pages"}],"about":[{"href":"https:\/\/elfsight.com\/pt\/wp-json\/wp\/v2\/types\/page"}],"author":[{"embeddable":true,"href":"https:\/\/elfsight.com\/pt\/wp-json\/wp\/v2\/users\/9"}],"replies":[{"embeddable":true,"href":"https:\/\/elfsight.com\/pt\/wp-json\/wp\/v2\/comments?post=14947"}],"version-history":[{"count":1,"href":"https:\/\/elfsight.com\/pt\/wp-json\/wp\/v2\/pages\/14947\/revisions"}],"predecessor-version":[{"id":14951,"href":"https:\/\/elfsight.com\/pt\/wp-json\/wp\/v2\/pages\/14947\/revisions\/14951"}],"up":[{"embeddable":true,"href":"https:\/\/elfsight.com\/pt\/wp-json\/wp\/v2\/pages\/14988"}],"wp:attachment":[{"href":"https:\/\/elfsight.com\/pt\/wp-json\/wp\/v2\/media?parent=14947"}],"curies":[{"name":"wp","href":"https:\/\/api.w.org\/{rel}","templated":true}]}}