{"id":14926,"date":"2025-01-16T07:56:07","date_gmt":"2025-01-16T07:56:07","guid":{"rendered":"https:\/\/elfsight.com\/pt\/?page_id=14926"},"modified":"2025-07-10T06:54:43","modified_gmt":"2025-07-10T06:54:43","slug":"opencart","status":"publish","type":"page","link":"https:\/\/elfsight.com\/pt\/chatgpt-widget\/opencart\/","title":{"rendered":"ChatGPT &#8211; OpenCart"},"content":{"rendered":"<div class=\"application-platform-content-item-description application-platform-content-item\" id=\"description\" data-nav-section=\"description\">\n<h2>Incorpore o ChatGPT ao OpenCart com uma extens\u00e3o Elfsight<\/h2>\n<p>A extens\u00e3o ChatGPT aprimora a comunica\u00e7\u00e3o com o cliente em seu website, automatizando processos e proporcionando experi\u00eancias personalizadas e integradas. Com chats infinitos, respostas precisas e recursos de treinamento aprimorados, ela garante opera\u00e7\u00f5es fluidas e eficientes, ao mesmo tempo em que oferece respostas naturais e de alta qualidade em v\u00e1rios idiomas. <\/p>\n<p>Projetada com modelos voltados para o setor, a extens\u00e3o funciona de acordo com seus objetivos de neg\u00f3cios, seja suporte ao cliente, promo\u00e7\u00e3o de produtos ou gerenciamento de feedback. Ela coleta dados detalhados das comunica\u00e7\u00f5es, oferecendo insights para refinar seus processos e aprimorar a experi\u00eancia do cliente. Incorpore a integra\u00e7\u00e3o do ChatGPT ao seu website para um atendimento ao cliente mais inteligente e sustent\u00e1vel. <\/p>\n<p><b>Adicione nosso ChatGPT ao seu website OpenCart e simplifique a comunica\u00e7\u00e3o com o cliente como nunca antes! <\/b><\/p>\n<p><\/div> <div class=\"application-platform-content-item-features application-platform-content-item\" id=\"features\" data-nav-section=\"features\"> <\/p>\n<h2>Oferecemos recursos \u00fateis e descomplicados, veja alguns deles: <\/h2>\n<ul>\n<li><b>Intelig\u00eancia de IA de ponta. <\/b> Impulsionado por um dos modelos de IA mais avan\u00e7ados dispon\u00edveis, oferecendo respostas inteligentes e v\u00e1lidas para seus clientes. <\/li>\n<li><b>Treinamento com arquivos e perguntas e respostas. <\/b> Treine seu assistente sem esfor\u00e7o usando arquivos enviados, conjuntos de perguntas e respostas e passagens de texto para uma configura\u00e7\u00e3o simplificada. <\/li>\n<li><b>Lembra dados do cliente e conte\u00fado do chat. <\/b> O assistente pode lembrar dos clientes e cham\u00e1-los pelo nome, mantendo o foco no problema deles. <\/li>\n<li><b>Quantidade ilimitada de chats e usu\u00e1rios. <\/b> A extens\u00e3o \u00e9 capaz de manter comunica\u00e7\u00f5es ilimitadas com qualquer n\u00famero de usu\u00e1rios para permanecer igualmente \u00fatil em qualquer chat. <\/li>\n<li><b>Formatos de resposta leg\u00edveis.<\/b> O assistente garante a legibilidade usando listas, texto em negrito, links e outras op\u00e7\u00f5es de formata\u00e7\u00e3o para facilitar a compreens\u00e3o das respostas. <\/li>\n<\/ul>\n<p><a href=\"#demo\">Use o editor intuitivo para ver como a extens\u00e3o funciona<\/a><\/p>\n<p><\/div> <div class=\"application-platform-content-item-installation application-platform-content-item\" id=\"installation\" data-nav-section=\"installation\"> <\/p>\n<h2>Como incorporo o ChatGPT no meu site OpenCart? <\/h2>\n<p>Aqui est\u00e1 um guia simples para configurar a extens\u00e3o no seu site OpenCart. Levar\u00e1 apenas alguns minutos e n\u00e3o requer codifica\u00e7\u00e3o. <\/p>\n<ol>\n<li><strong>Crie sua extens\u00e3o ChatGPT individual<\/strong><br \/> Comece com qualquer modelo no editor, trabalhe com os elementos intuitivos nele contidos e ajuste a extens\u00e3o ao design e \u00e0s configura\u00e7\u00f5es de sua prefer\u00eancia. <\/li>\n<li><strong>Obtenha o c\u00f3digo pessoal para incorporar a extens\u00e3o<\/strong><br \/> Ap\u00f3s criar sua extens\u00e3o, voc\u00ea receber\u00e1 um c\u00f3digo HTML individual no seu painel. Copie o c\u00f3digo que cont\u00e9m todas as informa\u00e7\u00f5es sobre suas configura\u00e7\u00f5es. <\/li>\n<li><strong>Exiba a extens\u00e3o no seu site OpenCart<\/strong><br \/> Escolha as se\u00e7\u00f5es do seu site onde voc\u00ea espera apresentar o ChatGPT e cole o c\u00f3digo l\u00e1. Salve as altera\u00e7\u00f5es. <\/li>\n<\/ol>\n<p>Pronto! Agora, veja como a extens\u00e3o est\u00e1 funcionando no seu site. <\/p>\n<p>Caso tenha algum problema ao incorporar a extens\u00e3o no seu site, n\u00e3o hesite em entrar em contato com nossa central de ajuda. Teremos prazer em ajud\u00e1-lo a adicionar e ajustar seu chat. <\/p>\n<p><\/div><\/p>\n","protected":false},"excerpt":{"rendered":"","protected":false},"author":9,"featured_media":0,"parent":14988,"menu_order":0,"comment_status":"closed","ping_status":"closed","template":"templates\/template-application-platform.php","meta":{"publish_to_discourse":"","publish_post_category":"","wpdc_auto_publish_overridden":"","wpdc_topic_tags":"","wpdc_pin_topic":"","wpdc_pin_until":"","discourse_post_id":"","discourse_permalink":"","wpdc_publishing_response":"","wpdc_publishing_error":"","footnotes":""},"class_list":["post-14926","page","type-page","status-publish","hentry"],"yoast_head":"<!-- This site is optimized with the Yoast SEO plugin v25.3.1 - https:\/\/yoast.com\/wordpress\/plugins\/seo\/ -->\n<title>Extens\u00e3o OpenCart ChatGPT - Adicione AI Chat ao seu site OpenCart [GR\u00c1TIS]<\/title>\n<meta name=\"description\" content=\"Adicione uma extens\u00e3o ChatGPT sem c\u00f3digo ao seu site OpenCart. Use o editor online da Elfsight para criar facilmente sua solu\u00e7\u00e3o exclusiva.\" \/>\n<meta name=\"robots\" content=\"index, follow, max-snippet:-1, max-image-preview:large, max-video-preview:-1\" \/>\n<link rel=\"canonical\" href=\"https:\/\/elfsight.com\/pt\/chatgpt-widget\/opencart\/\" \/>\n<meta property=\"og:locale\" content=\"pt_PT\" \/>\n<meta property=\"og:type\" content=\"article\" \/>\n<meta property=\"og:title\" content=\"Extens\u00e3o OpenCart ChatGPT - Adicione AI Chat ao seu site OpenCart [GR\u00c1TIS]\" \/>\n<meta property=\"og:description\" content=\"Adicione uma extens\u00e3o ChatGPT sem c\u00f3digo ao seu site OpenCart. Use o editor online da Elfsight para criar facilmente sua solu\u00e7\u00e3o exclusiva.\" \/>\n<meta property=\"og:url\" content=\"https:\/\/elfsight.com\/pt\/chatgpt-widget\/opencart\/\" \/>\n<meta property=\"og:site_name\" content=\"Elfsight PT\" \/>\n<meta property=\"article:modified_time\" content=\"2025-07-10T06:54:43+00:00\" \/>\n<meta name=\"twitter:card\" content=\"summary_large_image\" \/>\n<meta name=\"twitter:label1\" content=\"Tempo estimado de leitura\" \/>\n\t<meta name=\"twitter:data1\" content=\"2 minutos\" \/>\n<!-- \/ Yoast SEO plugin. -->","yoast_head_json":{"title":"Extens\u00e3o OpenCart ChatGPT - Adicione AI Chat ao seu site OpenCart [GR\u00c1TIS]","description":"Adicione uma extens\u00e3o ChatGPT sem c\u00f3digo ao seu site OpenCart. Use o editor online da Elfsight para criar facilmente sua solu\u00e7\u00e3o exclusiva.","robots":{"index":"index","follow":"follow","max-snippet":"max-snippet:-1","max-image-preview":"max-image-preview:large","max-video-preview":"max-video-preview:-1"},"canonical":"https:\/\/elfsight.com\/pt\/chatgpt-widget\/opencart\/","og_locale":"pt_PT","og_type":"article","og_title":"Extens\u00e3o OpenCart ChatGPT - Adicione AI Chat ao seu site OpenCart [GR\u00c1TIS]","og_description":"Adicione uma extens\u00e3o ChatGPT sem c\u00f3digo ao seu site OpenCart. Use o editor online da Elfsight para criar facilmente sua solu\u00e7\u00e3o exclusiva.","og_url":"https:\/\/elfsight.com\/pt\/chatgpt-widget\/opencart\/","og_site_name":"Elfsight PT","article_modified_time":"2025-07-10T06:54:43+00:00","twitter_card":"summary_large_image","twitter_misc":{"Tempo estimado de leitura":"2 minutos"},"schema":{"@context":"https:\/\/schema.org","@graph":[{"@type":"WebPage","@id":"https:\/\/elfsight.com\/pt\/chatgpt-widget\/opencart\/","url":"https:\/\/elfsight.com\/pt\/chatgpt-widget\/opencart\/","name":"Extens\u00e3o OpenCart ChatGPT - Adicione AI Chat ao seu site OpenCart [GR\u00c1TIS]","isPartOf":{"@id":"https:\/\/elfsight.com\/pt\/#website"},"datePublished":"2025-01-16T07:56:07+00:00","dateModified":"2025-07-10T06:54:43+00:00","description":"Adicione uma extens\u00e3o ChatGPT sem c\u00f3digo ao seu site OpenCart. Use o editor online da Elfsight para criar facilmente sua solu\u00e7\u00e3o exclusiva.","breadcrumb":{"@id":"https:\/\/elfsight.com\/pt\/chatgpt-widget\/opencart\/#breadcrumb"},"inLanguage":"pt-PT","potentialAction":[{"@type":"ReadAction","target":["https:\/\/elfsight.com\/pt\/chatgpt-widget\/opencart\/"]}]},{"@type":"BreadcrumbList","@id":"https:\/\/elfsight.com\/pt\/chatgpt-widget\/opencart\/#breadcrumb","itemListElement":[{"@type":"ListItem","position":1,"name":"Home","item":"https:\/\/elfsight.com\/pt\/"},{"@type":"ListItem","position":2,"name":"ChatGPT","item":"https:\/\/elfsight.com\/pt\/chatgpt-widget\/"},{"@type":"ListItem","position":3,"name":"ChatGPT &#8211; OpenCart"}]},{"@type":"WebSite","@id":"https:\/\/elfsight.com\/pt\/#website","url":"https:\/\/elfsight.com\/pt\/","name":"Elfsight PT","description":"Just another Elfsight Sites site","potentialAction":[{"@type":"SearchAction","target":{"@type":"EntryPoint","urlTemplate":"https:\/\/elfsight.com\/pt\/?s={search_term_string}"},"query-input":{"@type":"PropertyValueSpecification","valueRequired":true,"valueName":"search_term_string"}}],"inLanguage":"pt-PT"}]}},"meta_box":{"industry":"","seo_heading":"","heading":"","description":"","cta_heading":"","cta_description":"","application":"13494","h1":"Extens\u00e3o ChatGPT para o site OpenCart","h1_caption":"Integre um ChatGPT multifuncional ao seu site OpenCart para obter um assistente de IA autodidata que est\u00e1 sempre l\u00e1 para orientar e auxiliar seus clientes, capturar leads e descrever seus produtos e servi\u00e7os.","application_category":[],"applications_title":"","applications_request_title":"","applications_request_button_text":"","hero_text":"","hero_video":"","hero_video_schema_markup":"","selling_points_title":"","selling_points_caption":"","selling_points":[],"selling_points_cta_text":"","features_title":"","features":"","ed_cta_examples_text":"","ed_cta_examples_hidden":"","ed_cta_demo_text":"","ed_cta_demo_hidden":"","why_caption":"","why_editor_title":"","why_editor_text":"","why_team_title":"","why_team_text":"","why_service_title":"","why_service_text":"","template_catalog_visible":"","template_catalog_title":"","template_catalog_text":"","template_catalog_categories_visible":"","demo_title":"Crie sua extens\u00e3o ChatGPT","demo_caption":"Configure seu ChatGPT e adicione-o ao seu site OpenCart gratuitamente!","default_faq_hidden":"","app_template_category":[],"platform":"61","template_public_id":"","codecanyon_url":"","codecanyon_item_id":"","codecanyon_price":"","pricing_caption":"","pricing_elfsight_apps_hide_column":"","pricing_elfsight_apps_url":"","pricing_codecanyon_price_caption":"","integration_category":[],"integration_request_title":"","integration_request_cta":"","integration_platform":"","integrations":[],"platform_category":[],"video_schema_markup":"","price":"a partir de $ 0 \/ m\u00eas","trial":"","benefits":[],"button_url":"#demo","button_target_blank":"0","button_nofollow":"","attributes":[{"name":"Instala\u00e7\u00f5es","content":"50,000 - 100,000","_state":""},{"name":"Responsivo","content":"Yes","_state":""},{"name":"Navegadores compat\u00edveis","content":"Firefox, Safari, Opera, Chrome, Edge","_state":""}],"tags":[],"tags_disable_links":"","hide_more_platforms":"","video_object":"","demo_hide_cta":"","demo_hide_cloud_options":"","pricing_title":"","pricing":[{"pricing_icon":"platform","pricing_title":"Elfsight Apps","pricing_title_caption":"Solu\u00e7\u00e3o multiplataforma","pricing_price":"a partir de $ 0 \/ m\u00eas","pricing_price_caption":"comece com um plano gratuito","pricing_button_text":"Adicionar ao site","pricing_button_url":"#demo"}],"related_apps_title":"","related_apps_hidden":"","author":"","image":[],"title":"","job":"","social_networks":[]},"_links":{"self":[{"href":"https:\/\/elfsight.com\/pt\/wp-json\/wp\/v2\/pages\/14926","targetHints":{"allow":["GET"]}}],"collection":[{"href":"https:\/\/elfsight.com\/pt\/wp-json\/wp\/v2\/pages"}],"about":[{"href":"https:\/\/elfsight.com\/pt\/wp-json\/wp\/v2\/types\/page"}],"author":[{"embeddable":true,"href":"https:\/\/elfsight.com\/pt\/wp-json\/wp\/v2\/users\/9"}],"replies":[{"embeddable":true,"href":"https:\/\/elfsight.com\/pt\/wp-json\/wp\/v2\/comments?post=14926"}],"version-history":[{"count":1,"href":"https:\/\/elfsight.com\/pt\/wp-json\/wp\/v2\/pages\/14926\/revisions"}],"predecessor-version":[{"id":14930,"href":"https:\/\/elfsight.com\/pt\/wp-json\/wp\/v2\/pages\/14926\/revisions\/14930"}],"up":[{"embeddable":true,"href":"https:\/\/elfsight.com\/pt\/wp-json\/wp\/v2\/pages\/14988"}],"wp:attachment":[{"href":"https:\/\/elfsight.com\/pt\/wp-json\/wp\/v2\/media?parent=14926"}],"curies":[{"name":"wp","href":"https:\/\/api.w.org\/{rel}","templated":true}]}}