{"id":14915,"date":"2025-01-16T08:19:03","date_gmt":"2025-01-16T08:19:03","guid":{"rendered":"https:\/\/elfsight.com\/pt\/?page_id=14915"},"modified":"2025-07-10T06:28:26","modified_gmt":"2025-07-10T06:28:26","slug":"drupal","status":"publish","type":"page","link":"https:\/\/elfsight.com\/pt\/chatgpt-widget\/drupal\/","title":{"rendered":"ChatGPT &#8211; Drupal"},"content":{"rendered":"<div class=\"application-platform-content-item-description application-platform-content-item\" id=\"description\" data-nav-section=\"description\">\n<h2>Incorpore o ChatGPT ao Drupal com um m\u00f3dulo Elfsight<\/h2>\n<p>O m\u00f3dulo ChatGPT impulsiona a comunica\u00e7\u00e3o com o cliente em seu website, automatizando processos e proporcionando experi\u00eancias individuais e integradas. Com chats infinitos, respostas precisas e recursos avan\u00e7ados de treinamento, ele garante opera\u00e7\u00f5es fluidas e eficientes, ao mesmo tempo em que oferece respostas naturais e de alta qualidade em v\u00e1rios idiomas. <\/p>\n<p>Desenvolvido com modelos orientados para o setor, o m\u00f3dulo funciona de acordo com as necessidades do seu neg\u00f3cio, seja suporte ao cliente, promo\u00e7\u00e3o de produtos ou gerenciamento de feedback. Ele coleta dados detalhados das comunica\u00e7\u00f5es, fornecendo insights para refinar seus processos e aprimorar a experi\u00eancia do cliente. Incorpore a integra\u00e7\u00e3o do ChatGPT ao seu website para um atendimento ao cliente mais inteligente e eficaz. <\/p>\n<p><b>Adicione nosso ChatGPT ao seu website Drupal e transforme cada intera\u00e7\u00e3o em uma oportunidade de crescimento! <\/b><\/p>\n<p><\/div> <div class=\"application-platform-content-item-features application-platform-content-item\" id=\"features\" data-nav-section=\"features\"> <\/p>\n<h2>Estes s\u00e3o apenas alguns dos muitos recursos do m\u00f3dulo: <\/h2>\n<ul>\n<li><b>Intelig\u00eancia de IA de alto n\u00edvel. <\/b> Impulsionado por um dos modelos de IA mais avan\u00e7ados dispon\u00edveis, oferecendo respostas inteligentes e v\u00e1lidas para seus clientes. <\/li>\n<li><b>Treinamento com arquivos e perguntas e respostas. <\/b> Treine seu assistente sem esfor\u00e7o usando arquivos enviados, pares de perguntas e respostas e blocos de texto para uma configura\u00e7\u00e3o perfeita. <\/li>\n<li><b>Lembra dados do cliente e conte\u00fado do chat. <\/b> O assistente pode lembrar dos usu\u00e1rios e cham\u00e1-los pelo nome, mantendo o foco em suas consultas. <\/li>\n<li><b>N\u00famero ilimitado de chats e usu\u00e1rios. <\/b> O m\u00f3dulo \u00e9 capaz de manter intera\u00e7\u00f5es ilimitadas com qualquer quantidade de clientes para permanecer igualmente \u00fatil em qualquer chat. <\/li>\n<li><b>Formatos de resposta leg\u00edveis.<\/b> O assistente melhora a legibilidade usando listas, texto em negrito, links e outras oportunidades de formata\u00e7\u00e3o para tornar as respostas f\u00e1ceis de compreender. <\/li>\n<\/ul>\n<p><a href=\"#demo\">Basta explorar todas as oportunidades do nosso m\u00f3dulo no editor diretamente nesta p\u00e1gina<\/a><\/p>\n<p><\/div> <div class=\"application-platform-content-item-installation application-platform-content-item\" id=\"installation\" data-nav-section=\"installation\"> <\/p>\n<h2>Como posso incorporar o ChatGPT no meu site Drupal? <\/h2>\n<p>Oferecemos uma maneira simples de configurar o m\u00f3dulo no seu site Drupal. Levar\u00e1 apenas alguns minutos e n\u00e3o requer codifica\u00e7\u00e3o. <\/p>\n<ol>\n<li><strong>Crie seu m\u00f3dulo ChatGPT personalizado<\/strong><br \/> Comece com qualquer modelo no editor, trabalhe com os elementos convenientes nele e ajuste o m\u00f3dulo ao estilo e \u00e0s configura\u00e7\u00f5es desejados. <\/li>\n<li><strong>Obtenha o c\u00f3digo pessoal para incorporar o m\u00f3dulo<\/strong><br \/> Assim que terminar de construir o m\u00f3dulo, voc\u00ea receber\u00e1 um c\u00f3digo HTML individual no seu painel. Copie o c\u00f3digo que cont\u00e9m todas as informa\u00e7\u00f5es sobre seus ajustes. <\/li>\n<li><strong>Exiba o m\u00f3dulo no seu site Drupal<\/strong><br \/> Defina as se\u00e7\u00f5es do seu site onde deseja apresentar o ChatGPT e cole o c\u00f3digo l\u00e1. Salve suas altera\u00e7\u00f5es. <\/li>\n<\/ol>\n<p>Pronto! Agora, verifique como o m\u00f3dulo est\u00e1 funcionando no seu site. <\/p>\n<p>Caso tenha algum problema ao incorporar o m\u00f3dulo ao seu site, entre em contato com nossa central de ajuda. Teremos prazer em aconselh\u00e1-lo sobre como adicionar e gerenciar seu chat. <\/p>\n<p><\/div><\/p>\n","protected":false},"excerpt":{"rendered":"","protected":false},"author":9,"featured_media":0,"parent":14988,"menu_order":0,"comment_status":"closed","ping_status":"closed","template":"templates\/template-application-platform.php","meta":{"publish_to_discourse":"","publish_post_category":"","wpdc_auto_publish_overridden":"","wpdc_topic_tags":"","wpdc_pin_topic":"","wpdc_pin_until":"","discourse_post_id":"","discourse_permalink":"","wpdc_publishing_response":"","wpdc_publishing_error":"","footnotes":""},"class_list":["post-14915","page","type-page","status-publish","hentry"],"yoast_head":"<!-- This site is optimized with the Yoast SEO plugin v25.3.1 - https:\/\/yoast.com\/wordpress\/plugins\/seo\/ -->\n<title>M\u00f3dulo Drupal ChatGPT - Adicione AI Chat ao seu site Drupal [GR\u00c1TIS]<\/title>\n<meta name=\"description\" content=\"Adicione um m\u00f3dulo ChatGPT integrado ao seu site Drupal. Experimente o editor online da Elfsight para criar facilmente sua solu\u00e7\u00e3o personalizada.\" \/>\n<meta name=\"robots\" content=\"index, follow, max-snippet:-1, max-image-preview:large, max-video-preview:-1\" \/>\n<link rel=\"canonical\" href=\"https:\/\/elfsight.com\/pt\/chatgpt-widget\/drupal\/\" \/>\n<meta property=\"og:locale\" content=\"pt_PT\" \/>\n<meta property=\"og:type\" content=\"article\" \/>\n<meta property=\"og:title\" content=\"M\u00f3dulo Drupal ChatGPT - Adicione AI Chat ao seu site Drupal [GR\u00c1TIS]\" \/>\n<meta property=\"og:description\" content=\"Adicione um m\u00f3dulo ChatGPT integrado ao seu site Drupal. Experimente o editor online da Elfsight para criar facilmente sua solu\u00e7\u00e3o personalizada.\" \/>\n<meta property=\"og:url\" content=\"https:\/\/elfsight.com\/pt\/chatgpt-widget\/drupal\/\" \/>\n<meta property=\"og:site_name\" content=\"Elfsight PT\" \/>\n<meta property=\"article:modified_time\" content=\"2025-07-10T06:28:26+00:00\" \/>\n<meta name=\"twitter:card\" content=\"summary_large_image\" \/>\n<meta name=\"twitter:label1\" content=\"Tempo estimado de leitura\" \/>\n\t<meta name=\"twitter:data1\" content=\"2 minutos\" \/>\n<!-- \/ Yoast SEO plugin. -->","yoast_head_json":{"title":"M\u00f3dulo Drupal ChatGPT - Adicione AI Chat ao seu site Drupal [GR\u00c1TIS]","description":"Adicione um m\u00f3dulo ChatGPT integrado ao seu site Drupal. Experimente o editor online da Elfsight para criar facilmente sua solu\u00e7\u00e3o personalizada.","robots":{"index":"index","follow":"follow","max-snippet":"max-snippet:-1","max-image-preview":"max-image-preview:large","max-video-preview":"max-video-preview:-1"},"canonical":"https:\/\/elfsight.com\/pt\/chatgpt-widget\/drupal\/","og_locale":"pt_PT","og_type":"article","og_title":"M\u00f3dulo Drupal ChatGPT - Adicione AI Chat ao seu site Drupal [GR\u00c1TIS]","og_description":"Adicione um m\u00f3dulo ChatGPT integrado ao seu site Drupal. Experimente o editor online da Elfsight para criar facilmente sua solu\u00e7\u00e3o personalizada.","og_url":"https:\/\/elfsight.com\/pt\/chatgpt-widget\/drupal\/","og_site_name":"Elfsight PT","article_modified_time":"2025-07-10T06:28:26+00:00","twitter_card":"summary_large_image","twitter_misc":{"Tempo estimado de leitura":"2 minutos"},"schema":{"@context":"https:\/\/schema.org","@graph":[{"@type":"WebPage","@id":"https:\/\/elfsight.com\/pt\/chatgpt-widget\/drupal\/","url":"https:\/\/elfsight.com\/pt\/chatgpt-widget\/drupal\/","name":"M\u00f3dulo Drupal ChatGPT - Adicione AI Chat ao seu site Drupal [GR\u00c1TIS]","isPartOf":{"@id":"https:\/\/elfsight.com\/pt\/#website"},"datePublished":"2025-01-16T08:19:03+00:00","dateModified":"2025-07-10T06:28:26+00:00","description":"Adicione um m\u00f3dulo ChatGPT integrado ao seu site Drupal. Experimente o editor online da Elfsight para criar facilmente sua solu\u00e7\u00e3o personalizada.","breadcrumb":{"@id":"https:\/\/elfsight.com\/pt\/chatgpt-widget\/drupal\/#breadcrumb"},"inLanguage":"pt-PT","potentialAction":[{"@type":"ReadAction","target":["https:\/\/elfsight.com\/pt\/chatgpt-widget\/drupal\/"]}]},{"@type":"BreadcrumbList","@id":"https:\/\/elfsight.com\/pt\/chatgpt-widget\/drupal\/#breadcrumb","itemListElement":[{"@type":"ListItem","position":1,"name":"Home","item":"https:\/\/elfsight.com\/pt\/"},{"@type":"ListItem","position":2,"name":"ChatGPT","item":"https:\/\/elfsight.com\/pt\/chatgpt-widget\/"},{"@type":"ListItem","position":3,"name":"ChatGPT &#8211; Drupal"}]},{"@type":"WebSite","@id":"https:\/\/elfsight.com\/pt\/#website","url":"https:\/\/elfsight.com\/pt\/","name":"Elfsight PT","description":"Just another Elfsight Sites site","potentialAction":[{"@type":"SearchAction","target":{"@type":"EntryPoint","urlTemplate":"https:\/\/elfsight.com\/pt\/?s={search_term_string}"},"query-input":{"@type":"PropertyValueSpecification","valueRequired":true,"valueName":"search_term_string"}}],"inLanguage":"pt-PT"}]}},"meta_box":{"industry":"","seo_heading":"","heading":"","description":"","cta_heading":"","cta_description":"","application":"13494","h1":"M\u00f3dulo ChatGPT para site Drupal","h1_caption":"Integre um ChatGPT multifuncional ao seu site Drupal para obter um assistente de IA autodidata que est\u00e1 sempre l\u00e1 para orientar e ajudar seus clientes, capturar leads e explicar seus produtos e servi\u00e7os.","application_category":[],"applications_title":"","applications_request_title":"","applications_request_button_text":"","hero_text":"","hero_video":"","hero_video_schema_markup":"","selling_points_title":"","selling_points_caption":"","selling_points":[],"selling_points_cta_text":"","features_title":"","features":"","ed_cta_examples_text":"","ed_cta_examples_hidden":"","ed_cta_demo_text":"","ed_cta_demo_hidden":"","why_caption":"","why_editor_title":"","why_editor_text":"","why_team_title":"","why_team_text":"","why_service_title":"","why_service_text":"","template_catalog_visible":"","template_catalog_title":"","template_catalog_text":"","template_catalog_categories_visible":"","demo_title":"Crie seu m\u00f3dulo ChatGPT","demo_caption":"Configure seu ChatGPT e adicione-o ao seu site Drupal gratuitamente!","default_faq_hidden":"","app_template_category":[],"platform":"4905","template_public_id":"","codecanyon_url":"","codecanyon_item_id":"","codecanyon_price":"","pricing_caption":"","pricing_elfsight_apps_hide_column":"","pricing_elfsight_apps_url":"","pricing_codecanyon_price_caption":"","integration_category":[],"integration_request_title":"","integration_request_cta":"","integration_platform":"","integrations":[],"platform_category":[],"video_schema_markup":"","price":"a partir de $ 0 \/ m\u00eas","trial":"","benefits":[],"button_url":"#demo","button_target_blank":"0","button_nofollow":"","attributes":[{"name":"Instala\u00e7\u00f5es","content":"50,000 - 100,000","_state":""},{"name":"Responsivo","content":"Yes","_state":""},{"name":"Navegadores compat\u00edveis","content":"Firefox, Safari, Opera, Chrome, Edge","_state":""}],"tags":[],"tags_disable_links":"","hide_more_platforms":"","video_object":"","demo_hide_cta":"","demo_hide_cloud_options":"","pricing_title":"","pricing":[{"pricing_icon":"platform","pricing_title":"Elfsight Apps","pricing_title_caption":"Vers\u00e3o multiplataforma","pricing_price":"a partir de $ 0 \/ m\u00eas","pricing_price_caption":"comece com um plano gratuito","pricing_button_text":"Adicionar ao site","pricing_button_url":"#demo"}],"related_apps_title":"","related_apps_hidden":"","author":"","image":[],"title":"","job":"","social_networks":[]},"_links":{"self":[{"href":"https:\/\/elfsight.com\/pt\/wp-json\/wp\/v2\/pages\/14915","targetHints":{"allow":["GET"]}}],"collection":[{"href":"https:\/\/elfsight.com\/pt\/wp-json\/wp\/v2\/pages"}],"about":[{"href":"https:\/\/elfsight.com\/pt\/wp-json\/wp\/v2\/types\/page"}],"author":[{"embeddable":true,"href":"https:\/\/elfsight.com\/pt\/wp-json\/wp\/v2\/users\/9"}],"replies":[{"embeddable":true,"href":"https:\/\/elfsight.com\/pt\/wp-json\/wp\/v2\/comments?post=14915"}],"version-history":[{"count":1,"href":"https:\/\/elfsight.com\/pt\/wp-json\/wp\/v2\/pages\/14915\/revisions"}],"predecessor-version":[{"id":14919,"href":"https:\/\/elfsight.com\/pt\/wp-json\/wp\/v2\/pages\/14915\/revisions\/14919"}],"up":[{"embeddable":true,"href":"https:\/\/elfsight.com\/pt\/wp-json\/wp\/v2\/pages\/14988"}],"wp:attachment":[{"href":"https:\/\/elfsight.com\/pt\/wp-json\/wp\/v2\/media?parent=14915"}],"curies":[{"name":"wp","href":"https:\/\/api.w.org\/{rel}","templated":true}]}}