{"id":14908,"date":"2025-05-20T09:47:54","date_gmt":"2025-05-20T09:47:54","guid":{"rendered":"https:\/\/elfsight.com\/pt\/?page_id=14908"},"modified":"2025-07-08T14:24:45","modified_gmt":"2025-07-08T14:24:45","slug":"squarespace","status":"publish","type":"page","link":"https:\/\/elfsight.com\/pt\/accessibility-widget\/squarespace\/","title":{"rendered":"Accessibility &#8211; Squarespace"},"content":{"rendered":"<div class=\"application-platform-content-item-description application-platform-content-item\" id=\"description\" data-nav-section=\"description\"> <h2>Incorpore Acessibilidade ao Squarespace com um plugin Elfsight<\/h2> <p>O plugin Acessibilidade melhora a inclus\u00e3o em seu site, aprimorando a legibilidade e a navega\u00e7\u00e3o para usu\u00e1rios de todos os n\u00edveis. Equipado com perfis de acessibilidade predefinidos, ele ajusta automaticamente seu site para atender \u00e0s necessidades de usu\u00e1rios com defici\u00eancias sensoriais ou f\u00edsicas. Cada modo re\u00fane ajustes visuais e funcionais inteligentes para garantir usabilidade e conforto.<\/p><p>Ele tamb\u00e9m possui um verificador de acessibilidade integrado para auditoria, que verifica a conformidade do seu site e exibe os resultados diretamente no plugin. Isso permite que voc\u00ea resolva problemas de acessibilidade e, ao mesmo tempo, demonstre sua dedica\u00e7\u00e3o ao design inclusivo. Totalmente localizado, o plugin oferece suporte multil\u00edngue para proporcionar uma experi\u00eancia tranquila para usu\u00e1rios do mundo todo.<\/p><p><strong>Aprimore seu site Squarespace com nosso plugin de Acessibilidade e prove que ele foi projetado para todos os usu\u00e1rios!<\/strong><\/p> <\/div> <div class=\"application-platform-content-item-features application-platform-content-item\" id=\"features\" data-nav-section=\"features\"> <h2>Abaixo est\u00e3o os principais recursos do plugin: <\/h2><ul><li><b>Modos prontos para 8 cen\u00e1rios de usu\u00e1rio. <\/b> Pessoas com diversas defici\u00eancias podem selecionar um modo de acessibilidade ideal para navegar em seu site com facilidade e confian\u00e7a. <\/li><li><b>Ajuste as configura\u00e7\u00f5es do site para exibir o conte\u00fado. <\/b> O plugin possui configura\u00e7\u00f5es para melhorar a legibilidade do texto, a navega\u00e7\u00e3o e as cores. <\/li><li><b>Verificador de acessibilidade integrado. <\/b> Avalie seu site sem esfor\u00e7o para identificar lacunas e melhor\u00e1-lo para melhor acessibilidade. <\/li><li><b>Selo de confian\u00e7a com pontua\u00e7\u00e3o de acessibilidade. <\/b> Apresente os resultados da sua auditoria para demonstrar sua dedica\u00e7\u00e3o \u00e0 conformidade com a acessibilidade. <\/li><li><b>Localiza\u00e7\u00e3o precisa. <\/b> O plugin oferece suporte para localiza\u00e7\u00e3o e tradu\u00e7\u00e3o para 76 pa\u00edses, atendendo aos padr\u00f5es globais de conformidade e \u00e0s necessidades de acessibilidade. <\/li><\/ul><p><a href=\"#demo\">Voc\u00ea pode conferir todas as oportunidades do nosso plugin no editor, diretamente nesta p\u00e1gina<\/a><\/p><\/div> <div class=\"application-platform-content-item-installation application-platform-content-item\" id=\"installation\" data-nav-section=\"installation\"> <h2>Como incorporar a Acessibilidade no meu site Squarespace? <\/h2><p>Oferecemos uma maneira simples de configurar o plugin no seu site Squarespace. Levar\u00e1 apenas alguns minutos e n\u00e3o requer nenhuma codifica\u00e7\u00e3o. <\/p> <ol><li><strong>Crie seu plugin de Acessibilidade individual<\/strong><br> Comece com qualquer modelo no editor, trabalhe com os elementos convenientes nele e personalize o plugin de acordo com o design e as configura\u00e7\u00f5es desejados. <\/li><li><strong>Receba o c\u00f3digo personalizado para incorporar o plugin<\/strong><br> Ap\u00f3s criar o plugin, voc\u00ea receber\u00e1 um c\u00f3digo HTML individual no seu painel. Copie este c\u00f3digo, que cont\u00e9m todas as informa\u00e7\u00f5es sobre seus ajustes. <\/li> <li><strong>Exiba o plugin no seu site Squarespace<\/strong><br> Escolha as \u00e1reas do seu site onde voc\u00ea deseja exibir a Acessibilidade e cole o c\u00f3digo l\u00e1. Salve as altera\u00e7\u00f5es. <\/li> <\/ol><p>Isso \u00e9 tudo! Agora, veja como o plugin est\u00e1 funcionando no seu site. <\/p><p>Caso tenha algum problema ao incorporar o plugin ao seu site, entre em contato com nosso atendimento ao cliente. Teremos prazer em aconselh\u00e1-lo sobre como adicionar e ajustar sua solu\u00e7\u00e3o de acessibilidade. <\/p><\/div>","protected":false},"excerpt":{"rendered":"","protected":false},"author":9,"featured_media":0,"parent":14800,"menu_order":0,"comment_status":"closed","ping_status":"closed","template":"templates\/template-application-platform.php","meta":{"publish_to_discourse":"","publish_post_category":"","wpdc_auto_publish_overridden":"","wpdc_topic_tags":"","wpdc_pin_topic":"","wpdc_pin_until":"","discourse_post_id":"","discourse_permalink":"","wpdc_publishing_response":"","wpdc_publishing_error":"","footnotes":""},"class_list":["post-14908","page","type-page","status-publish","hentry"],"yoast_head":"<!-- This site is optimized with the Yoast SEO plugin v25.3.1 - https:\/\/yoast.com\/wordpress\/plugins\/seo\/ -->\n<title>Plugin de acessibilidade Squarespace - Adicione conformidade ao seu site [GR\u00c1TIS]<\/title>\n<meta name=\"description\" content=\"Adicione um plugin de acessibilidade sem c\u00f3digo ao seu site Squarespace. Use o editor intuitivo do Elfsight para criar facilmente sua solu\u00e7\u00e3o personalizada.\" \/>\n<meta name=\"robots\" content=\"index, follow, max-snippet:-1, max-image-preview:large, max-video-preview:-1\" \/>\n<link rel=\"canonical\" href=\"https:\/\/elfsight.com\/pt\/accessibility-widget\/squarespace\/\" \/>\n<meta property=\"og:locale\" content=\"pt_PT\" \/>\n<meta property=\"og:type\" content=\"article\" \/>\n<meta property=\"og:title\" content=\"Plugin de acessibilidade Squarespace - Adicione conformidade ao seu site [GR\u00c1TIS]\" \/>\n<meta property=\"og:description\" content=\"Adicione um plugin de acessibilidade sem c\u00f3digo ao seu site Squarespace. Use o editor intuitivo do Elfsight para criar facilmente sua solu\u00e7\u00e3o personalizada.\" \/>\n<meta property=\"og:url\" content=\"https:\/\/elfsight.com\/pt\/accessibility-widget\/squarespace\/\" \/>\n<meta property=\"og:site_name\" content=\"Elfsight PT\" \/>\n<meta property=\"article:modified_time\" content=\"2025-07-08T14:24:45+00:00\" \/>\n<meta name=\"twitter:card\" content=\"summary_large_image\" \/>\n<meta name=\"twitter:label1\" content=\"Tempo estimado de leitura\" \/>\n\t<meta name=\"twitter:data1\" content=\"2 minutos\" \/>\n<!-- \/ Yoast SEO plugin. -->","yoast_head_json":{"title":"Plugin de acessibilidade Squarespace - Adicione conformidade ao seu site [GR\u00c1TIS]","description":"Adicione um plugin de acessibilidade sem c\u00f3digo ao seu site Squarespace. Use o editor intuitivo do Elfsight para criar facilmente sua solu\u00e7\u00e3o personalizada.","robots":{"index":"index","follow":"follow","max-snippet":"max-snippet:-1","max-image-preview":"max-image-preview:large","max-video-preview":"max-video-preview:-1"},"canonical":"https:\/\/elfsight.com\/pt\/accessibility-widget\/squarespace\/","og_locale":"pt_PT","og_type":"article","og_title":"Plugin de acessibilidade Squarespace - Adicione conformidade ao seu site [GR\u00c1TIS]","og_description":"Adicione um plugin de acessibilidade sem c\u00f3digo ao seu site Squarespace. Use o editor intuitivo do Elfsight para criar facilmente sua solu\u00e7\u00e3o personalizada.","og_url":"https:\/\/elfsight.com\/pt\/accessibility-widget\/squarespace\/","og_site_name":"Elfsight PT","article_modified_time":"2025-07-08T14:24:45+00:00","twitter_card":"summary_large_image","twitter_misc":{"Tempo estimado de leitura":"2 minutos"},"schema":{"@context":"https:\/\/schema.org","@graph":[{"@type":"WebPage","@id":"https:\/\/elfsight.com\/pt\/accessibility-widget\/squarespace\/","url":"https:\/\/elfsight.com\/pt\/accessibility-widget\/squarespace\/","name":"Plugin de acessibilidade Squarespace - Adicione conformidade ao seu site [GR\u00c1TIS]","isPartOf":{"@id":"https:\/\/elfsight.com\/pt\/#website"},"datePublished":"2025-05-20T09:47:54+00:00","dateModified":"2025-07-08T14:24:45+00:00","description":"Adicione um plugin de acessibilidade sem c\u00f3digo ao seu site Squarespace. Use o editor intuitivo do Elfsight para criar facilmente sua solu\u00e7\u00e3o personalizada.","breadcrumb":{"@id":"https:\/\/elfsight.com\/pt\/accessibility-widget\/squarespace\/#breadcrumb"},"inLanguage":"pt-PT","potentialAction":[{"@type":"ReadAction","target":["https:\/\/elfsight.com\/pt\/accessibility-widget\/squarespace\/"]}]},{"@type":"BreadcrumbList","@id":"https:\/\/elfsight.com\/pt\/accessibility-widget\/squarespace\/#breadcrumb","itemListElement":[{"@type":"ListItem","position":1,"name":"Home","item":"https:\/\/elfsight.com\/pt\/"},{"@type":"ListItem","position":2,"name":"Accessibility &#8211; Squarespace"}]},{"@type":"WebSite","@id":"https:\/\/elfsight.com\/pt\/#website","url":"https:\/\/elfsight.com\/pt\/","name":"Elfsight PT","description":"Just another Elfsight Sites site","potentialAction":[{"@type":"SearchAction","target":{"@type":"EntryPoint","urlTemplate":"https:\/\/elfsight.com\/pt\/?s={search_term_string}"},"query-input":{"@type":"PropertyValueSpecification","valueRequired":true,"valueName":"search_term_string"}}],"inLanguage":"pt-PT"}]}},"meta_box":{"industry":"","seo_heading":"","heading":"","description":"","cta_heading":"","cta_description":"","application":"14794","h1":"Plugin de acessibilidade para o site Squarespace","h1_caption":"D\u00ea boas-vindas a todos os visitantes do seu site Squarespace com o plugin de conformidade que adapta seu conte\u00fado a todos os n\u00edveis de habilidade. Aumente a inclus\u00e3o, a usabilidade e a disponibilidade em uma solu\u00e7\u00e3o inteligente.","application_category":[],"applications_title":"","applications_request_title":"","applications_request_button_text":"","hero_text":"","hero_video":"","hero_video_schema_markup":"","selling_points_title":"","selling_points_caption":"","selling_points":[],"selling_points_cta_text":"","features_title":"","features":"","ed_cta_examples_text":"","ed_cta_examples_hidden":"","ed_cta_demo_text":"","ed_cta_demo_hidden":"","why_caption":"","why_editor_title":"","why_editor_text":"","why_team_title":"","why_team_text":"","why_service_title":"","why_service_text":"","template_catalog_visible":"","template_catalog_title":"","template_catalog_text":"","template_catalog_categories_visible":"","demo_title":"Crie seu plugin de acessibilidade","demo_caption":"Configure sua Acessibilidade e adicione-a ao seu site Squarespace gratuitamente!","default_faq_hidden":"","app_template_category":[],"platform":"67","template_public_id":"","codecanyon_url":"","codecanyon_item_id":"","codecanyon_price":"","pricing_caption":"","pricing_elfsight_apps_hide_column":"","pricing_elfsight_apps_url":"","pricing_codecanyon_price_caption":"","integration_category":[],"integration_request_title":"","integration_request_cta":"","integration_platform":"","integrations":[],"platform_category":[],"video_schema_markup":"","price":"a partir de $ 0 \/ m\u00eas","trial":"","benefits":[],"button_url":"#demo","button_target_blank":"0","button_nofollow":"","attributes":[{"name":"Instala\u00e7\u00f5es","content":"50,000 - 100,000","_state":"expanded"},{"name":"Responsivo","content":"Sim","_state":"expanded"},{"name":"Navegadores compat\u00edveis","content":"Firefox, Safari, Opera, Chrome, Edge","_state":"expanded"}],"tags":[],"tags_disable_links":"","hide_more_platforms":"","video_object":"","demo_hide_cta":"","demo_hide_cloud_options":"","pricing_title":"","pricing":[{"pricing_icon":"platform","pricing_title":"Elfsight Apps","pricing_title_caption":"Solu\u00e7\u00e3o digital multiplataforma que funciona em qualquer site","pricing_price":"a partir de $ 0 \/ m\u00eas","pricing_price_caption":"comece com um plano gratuito","pricing_button_text":"Adicionar ao site","pricing_button_url":"#demo"}],"related_apps_title":"","related_apps_hidden":"","author":"","image":[],"title":"","job":"","social_networks":[]},"_links":{"self":[{"href":"https:\/\/elfsight.com\/pt\/wp-json\/wp\/v2\/pages\/14908","targetHints":{"allow":["GET"]}}],"collection":[{"href":"https:\/\/elfsight.com\/pt\/wp-json\/wp\/v2\/pages"}],"about":[{"href":"https:\/\/elfsight.com\/pt\/wp-json\/wp\/v2\/types\/page"}],"author":[{"embeddable":true,"href":"https:\/\/elfsight.com\/pt\/wp-json\/wp\/v2\/users\/9"}],"replies":[{"embeddable":true,"href":"https:\/\/elfsight.com\/pt\/wp-json\/wp\/v2\/comments?post=14908"}],"version-history":[{"count":1,"href":"https:\/\/elfsight.com\/pt\/wp-json\/wp\/v2\/pages\/14908\/revisions"}],"predecessor-version":[{"id":14912,"href":"https:\/\/elfsight.com\/pt\/wp-json\/wp\/v2\/pages\/14908\/revisions\/14912"}],"up":[{"embeddable":true,"href":"https:\/\/elfsight.com\/pt\/wp-json\/wp\/v2\/pages\/14800"}],"wp:attachment":[{"href":"https:\/\/elfsight.com\/pt\/wp-json\/wp\/v2\/media?parent=14908"}],"curies":[{"name":"wp","href":"https:\/\/api.w.org\/{rel}","templated":true}]}}