{"id":14907,"date":"2025-05-20T10:06:19","date_gmt":"2025-05-20T10:06:19","guid":{"rendered":"https:\/\/elfsight.com\/pt\/?page_id=14907"},"modified":"2025-07-08T14:24:45","modified_gmt":"2025-07-08T14:24:45","slug":"wix","status":"publish","type":"page","link":"https:\/\/elfsight.com\/pt\/accessibility-widget\/wix\/","title":{"rendered":"Accessibility &#8211; Wix"},"content":{"rendered":"<div class=\"application-platform-content-item-description application-platform-content-item\" id=\"description\" data-nav-section=\"description\"> <h2>Incorpore Acessibilidade ao Wix com um aplicativo Elfsight<\/h2> <p>O aplicativo Acessibilidade garante inclus\u00e3o em todo o seu site, aprimorando a legibilidade e a navega\u00e7\u00e3o para usu\u00e1rios de todos os n\u00edveis. Equipado com perfis de acessibilidade predefinidos, ele ajusta automaticamente seu site para usu\u00e1rios com defici\u00eancias visuais, cognitivas ou motoras. Cada modo inclui melhorias visuais e de usabilidade inteligentes para garantir usabilidade e conveni\u00eancia. <\/p><p>Ele tamb\u00e9m inclui um scanner de acessibilidade integrado para avaliar a conformidade do seu site e exibir os resultados diretamente no aplicativo. Isso ajuda a garantir a conformidade e reflete visivelmente seu compromisso com as melhores pr\u00e1ticas de acessibilidade. Totalmente localizado, o aplicativo oferece suporte multil\u00edngue para proporcionar uma experi\u00eancia tranquila para usu\u00e1rios em todo o mundo. <\/p><p><strong>Integre nosso aplicativo Acessibilidade ao seu site Wix para destacar seu compromisso com a inclus\u00e3o! <\/strong><\/p><\/div> <div class=\"application-platform-content-item-features application-platform-content-item\" id=\"features\" data-nav-section=\"features\"> <h2>Aqui est\u00e1 a lista dos recursos mais poderosos: <\/h2><ul><li><b>Modos prontos para 8 cen\u00e1rios de usu\u00e1rio. <\/b> Usu\u00e1rios com diversas defici\u00eancias podem encontrar uma predefini\u00e7\u00e3o perfeita para explorar seu site com conforto. <\/li><li><b>Ajuste as configura\u00e7\u00f5es do site para exibir o conte\u00fado. <\/b> O aplicativo inclui op\u00e7\u00f5es de personaliza\u00e7\u00e3o para melhorar a clareza do texto, a navega\u00e7\u00e3o no site e o contraste de cores. <\/li><li><b>Verificador de acessibilidade integrado. <\/b> Examine rapidamente seu site em busca de problemas de conformidade e aprimore-o para melhor acessibilidade. <\/li><li><b>Selo de confian\u00e7a com pontua\u00e7\u00e3o de acessibilidade. <\/b> Exiba os resultados da sua auditoria para demonstrar sua dedica\u00e7\u00e3o \u00e0 conformidade com a acessibilidade. <\/li><li><b>Localiza\u00e7\u00e3o precisa. <\/b> O aplicativo foi traduzido e localizado para 76 pa\u00edses para garantir a conformidade e a disponibilidade internacional. <\/li><\/ul><p><a href=\"#demo\">Basta testar todas as possibilidades do aplicativo no editor, diretamente nesta p\u00e1gina<\/a><\/p><\/div> <div class=\"application-platform-content-item-installation application-platform-content-item\" id=\"installation\" data-nav-section=\"installation\"> <h2>Como posso incorporar a Acessibilidade no meu site Wix?<\/h2><p>Encontre esta maneira simples de configurar o aplicativo no seu site Wix. Levar\u00e1 apenas alguns minutos e n\u00e3o requer nenhuma codifica\u00e7\u00e3o.<\/p> <ol><li><strong>Crie seu aplicativo de Acessibilidade pessoal<\/strong><br> Comece com qualquer modelo no editor, trabalhe com os elementos convenientes nele e personalize o aplicativo de acordo com o design e as op\u00e7\u00f5es desejados.<\/li><li><strong>Obtenha o c\u00f3digo pessoal para incorporar o aplicativo<\/strong><br> Assim que terminar de criar o aplicativo, voc\u00ea receber\u00e1 um c\u00f3digo HTML individual no seu painel. Copie o c\u00f3digo que cont\u00e9m todas as informa\u00e7\u00f5es sobre seus ajustes. <\/li> <li><strong>Exiba o aplicativo no seu site Wix<\/strong><br> Selecione as se\u00e7\u00f5es do seu site onde deseja apresentar a Acessibilidade e cole o c\u00f3digo l\u00e1. Salve as altera\u00e7\u00f5es. <\/li> <\/ol><p>Pronto! Agora, verifique como o aplicativo est\u00e1 funcionando no seu site. <\/p><p>Caso tenha alguma dificuldade ao incorporar o aplicativo em um site, entre em contato com nosso atendimento ao cliente. Teremos prazer em explicar como adicionar e gerenciar sua solu\u00e7\u00e3o de acessibilidade. <\/p><\/div>","protected":false},"excerpt":{"rendered":"","protected":false},"author":9,"featured_media":0,"parent":14800,"menu_order":0,"comment_status":"closed","ping_status":"closed","template":"templates\/template-application-platform.php","meta":{"publish_to_discourse":"","publish_post_category":"","wpdc_auto_publish_overridden":"","wpdc_topic_tags":"","wpdc_pin_topic":"","wpdc_pin_until":"","discourse_post_id":"","discourse_permalink":"","wpdc_publishing_response":"","wpdc_publishing_error":"","footnotes":""},"class_list":["post-14907","page","type-page","status-publish","hentry"],"yoast_head":"<!-- This site is optimized with the Yoast SEO plugin v25.3.1 - https:\/\/yoast.com\/wordpress\/plugins\/seo\/ -->\n<title>Aplicativo Wix Accessibility - Adicione conformidade ao seu site [GR\u00c1TIS]<\/title>\n<meta name=\"description\" content=\"Adicione um aplicativo de Acessibilidade sem c\u00f3digo ao seu site Wix. Experimente o editor r\u00e1pido da Elfsight para criar sua solu\u00e7\u00e3o personalizada facilmente.\" \/>\n<meta name=\"robots\" content=\"index, follow, max-snippet:-1, max-image-preview:large, max-video-preview:-1\" \/>\n<link rel=\"canonical\" href=\"https:\/\/elfsight.com\/pt\/accessibility-widget\/wix\/\" \/>\n<meta property=\"og:locale\" content=\"pt_PT\" \/>\n<meta property=\"og:type\" content=\"article\" \/>\n<meta property=\"og:title\" content=\"Aplicativo Wix Accessibility - Adicione conformidade ao seu site [GR\u00c1TIS]\" \/>\n<meta property=\"og:description\" content=\"Adicione um aplicativo de Acessibilidade sem c\u00f3digo ao seu site Wix. Experimente o editor r\u00e1pido da Elfsight para criar sua solu\u00e7\u00e3o personalizada facilmente.\" \/>\n<meta property=\"og:url\" content=\"https:\/\/elfsight.com\/pt\/accessibility-widget\/wix\/\" \/>\n<meta property=\"og:site_name\" content=\"Elfsight PT\" \/>\n<meta property=\"article:modified_time\" content=\"2025-07-08T14:24:45+00:00\" \/>\n<meta name=\"twitter:card\" content=\"summary_large_image\" \/>\n<meta name=\"twitter:label1\" content=\"Tempo estimado de leitura\" \/>\n\t<meta name=\"twitter:data1\" content=\"2 minutos\" \/>\n<!-- \/ Yoast SEO plugin. -->","yoast_head_json":{"title":"Aplicativo Wix Accessibility - Adicione conformidade ao seu site [GR\u00c1TIS]","description":"Adicione um aplicativo de Acessibilidade sem c\u00f3digo ao seu site Wix. Experimente o editor r\u00e1pido da Elfsight para criar sua solu\u00e7\u00e3o personalizada facilmente.","robots":{"index":"index","follow":"follow","max-snippet":"max-snippet:-1","max-image-preview":"max-image-preview:large","max-video-preview":"max-video-preview:-1"},"canonical":"https:\/\/elfsight.com\/pt\/accessibility-widget\/wix\/","og_locale":"pt_PT","og_type":"article","og_title":"Aplicativo Wix Accessibility - Adicione conformidade ao seu site [GR\u00c1TIS]","og_description":"Adicione um aplicativo de Acessibilidade sem c\u00f3digo ao seu site Wix. Experimente o editor r\u00e1pido da Elfsight para criar sua solu\u00e7\u00e3o personalizada facilmente.","og_url":"https:\/\/elfsight.com\/pt\/accessibility-widget\/wix\/","og_site_name":"Elfsight PT","article_modified_time":"2025-07-08T14:24:45+00:00","twitter_card":"summary_large_image","twitter_misc":{"Tempo estimado de leitura":"2 minutos"},"schema":{"@context":"https:\/\/schema.org","@graph":[{"@type":"WebPage","@id":"https:\/\/elfsight.com\/pt\/accessibility-widget\/wix\/","url":"https:\/\/elfsight.com\/pt\/accessibility-widget\/wix\/","name":"Aplicativo Wix Accessibility - Adicione conformidade ao seu site [GR\u00c1TIS]","isPartOf":{"@id":"https:\/\/elfsight.com\/pt\/#website"},"datePublished":"2025-05-20T10:06:19+00:00","dateModified":"2025-07-08T14:24:45+00:00","description":"Adicione um aplicativo de Acessibilidade sem c\u00f3digo ao seu site Wix. Experimente o editor r\u00e1pido da Elfsight para criar sua solu\u00e7\u00e3o personalizada facilmente.","breadcrumb":{"@id":"https:\/\/elfsight.com\/pt\/accessibility-widget\/wix\/#breadcrumb"},"inLanguage":"pt-PT","potentialAction":[{"@type":"ReadAction","target":["https:\/\/elfsight.com\/pt\/accessibility-widget\/wix\/"]}]},{"@type":"BreadcrumbList","@id":"https:\/\/elfsight.com\/pt\/accessibility-widget\/wix\/#breadcrumb","itemListElement":[{"@type":"ListItem","position":1,"name":"Home","item":"https:\/\/elfsight.com\/pt\/"},{"@type":"ListItem","position":2,"name":"Accessibility &#8211; Wix"}]},{"@type":"WebSite","@id":"https:\/\/elfsight.com\/pt\/#website","url":"https:\/\/elfsight.com\/pt\/","name":"Elfsight PT","description":"Just another Elfsight Sites site","potentialAction":[{"@type":"SearchAction","target":{"@type":"EntryPoint","urlTemplate":"https:\/\/elfsight.com\/pt\/?s={search_term_string}"},"query-input":{"@type":"PropertyValueSpecification","valueRequired":true,"valueName":"search_term_string"}}],"inLanguage":"pt-PT"}]}},"meta_box":{"industry":"","seo_heading":"","heading":"","description":"","cta_heading":"","cta_description":"","application":"14794","h1":"Aplicativo de acessibilidade para site Wix","h1_caption":"D\u00ea boas-vindas a todos os visitantes do seu site Wix com o aplicativo de conformidade que ajusta seu conte\u00fado a cada necessidade. Aumente a inclus\u00e3o, a funcionalidade e a disponibilidade em um \u00fanico sistema inteligente.","application_category":[],"applications_title":"","applications_request_title":"","applications_request_button_text":"","hero_text":"","hero_video":"","hero_video_schema_markup":"","selling_points_title":"","selling_points_caption":"","selling_points":[],"selling_points_cta_text":"","features_title":"","features":"","ed_cta_examples_text":"","ed_cta_examples_hidden":"","ed_cta_demo_text":"","ed_cta_demo_hidden":"","why_caption":"","why_editor_title":"","why_editor_text":"","why_team_title":"","why_team_text":"","why_service_title":"","why_service_text":"","template_catalog_visible":"","template_catalog_title":"","template_catalog_text":"","template_catalog_categories_visible":"","demo_title":"Crie seu aplicativo de acessibilidade","demo_caption":"Configure sua Acessibilidade e adicione-a ao seu site Wix gratuitamente!","default_faq_hidden":"","app_template_category":[],"platform":"37","template_public_id":"","codecanyon_url":"","codecanyon_item_id":"","codecanyon_price":"","pricing_caption":"","pricing_elfsight_apps_hide_column":"","pricing_elfsight_apps_url":"","pricing_codecanyon_price_caption":"","integration_category":[],"integration_request_title":"","integration_request_cta":"","integration_platform":"","integrations":[],"platform_category":[],"video_schema_markup":"","price":"a partir de $ 0 \/ m\u00eas","trial":"","benefits":[],"button_url":"#demo","button_target_blank":"0","button_nofollow":"","attributes":[{"name":"Instala\u00e7\u00f5es","content":"50,000 - 100,000","_state":"expanded"},{"name":"Responsivo","content":"Sim","_state":"expanded"},{"name":"Navegadores compat\u00edveis","content":"Firefox, Safari, Opera, Chrome, Edge","_state":"expanded"}],"tags":[],"tags_disable_links":"","hide_more_platforms":"","video_object":"","demo_hide_cta":"","demo_hide_cloud_options":"","pricing_title":"","pricing":[{"pricing_icon":"platform","pricing_title":"Elfsight Apps","pricing_title_caption":"Solu\u00e7\u00e3o digital multiplataforma adequada para qualquer site","pricing_price":"a partir de $ 0 \/ m\u00eas","pricing_price_caption":"comece com um plano gratuito","pricing_button_text":"Adicionar ao site","pricing_button_url":"#demo"}],"related_apps_title":"","related_apps_hidden":"","author":"","image":[],"title":"","job":"","social_networks":[]},"_links":{"self":[{"href":"https:\/\/elfsight.com\/pt\/wp-json\/wp\/v2\/pages\/14907","targetHints":{"allow":["GET"]}}],"collection":[{"href":"https:\/\/elfsight.com\/pt\/wp-json\/wp\/v2\/pages"}],"about":[{"href":"https:\/\/elfsight.com\/pt\/wp-json\/wp\/v2\/types\/page"}],"author":[{"embeddable":true,"href":"https:\/\/elfsight.com\/pt\/wp-json\/wp\/v2\/users\/9"}],"replies":[{"embeddable":true,"href":"https:\/\/elfsight.com\/pt\/wp-json\/wp\/v2\/comments?post=14907"}],"version-history":[{"count":1,"href":"https:\/\/elfsight.com\/pt\/wp-json\/wp\/v2\/pages\/14907\/revisions"}],"predecessor-version":[{"id":14911,"href":"https:\/\/elfsight.com\/pt\/wp-json\/wp\/v2\/pages\/14907\/revisions\/14911"}],"up":[{"embeddable":true,"href":"https:\/\/elfsight.com\/pt\/wp-json\/wp\/v2\/pages\/14800"}],"wp:attachment":[{"href":"https:\/\/elfsight.com\/pt\/wp-json\/wp\/v2\/media?parent=14907"}],"curies":[{"name":"wp","href":"https:\/\/api.w.org\/{rel}","templated":true}]}}