{"id":14902,"date":"2025-05-20T10:16:41","date_gmt":"2025-05-20T10:16:41","guid":{"rendered":"https:\/\/elfsight.com\/pt\/?page_id=14902"},"modified":"2025-07-08T14:24:38","modified_gmt":"2025-07-08T14:24:38","slug":"html","status":"publish","type":"page","link":"https:\/\/elfsight.com\/pt\/accessibility-widget\/html\/","title":{"rendered":"Accessibility &#8211; HTML"},"content":{"rendered":"<div class=\"application-platform-content-item-description application-platform-content-item\" id=\"description\" data-nav-section=\"description\"> <h2>Incorpore Acessibilidade em HTML com um widget Elfsight<\/h2> <p>O widget Acessibilidade garante inclus\u00e3o em todo o seu site, aprimorando a legibilidade e a navega\u00e7\u00e3o para usu\u00e1rios de todos os n\u00edveis. Com modos de acessibilidade predefinidos, ele adapta instantaneamente seu site \u00e0s necessidades de usu\u00e1rios com defici\u00eancias sensoriais ou f\u00edsicas. Cada modo re\u00fane ajustes visuais e funcionais inteligentes para garantir usabilidade e conveni\u00eancia. <\/p><p>Ele tamb\u00e9m possui um verificador de acessibilidade integrado para auditoria, que inspeciona a conformidade do seu site e exibe os resultados diretamente no widget. Isso ajuda voc\u00ea n\u00e3o apenas a corrigir problemas, mas tamb\u00e9m a demonstrar com orgulho seu compromisso com a acessibilidade. Totalmente localizado, o widget oferece suporte a usu\u00e1rios globais em seus idiomas nativos para uma experi\u00eancia perfeita. <\/p><p><strong>Adicione nosso widget Acessibilidade ao seu site em HTML e mostre ao mundo que seu site \u00e9 para todos! <\/strong><\/p><\/div> <div class=\"application-platform-content-item-features application-platform-content-item\" id=\"features\" data-nav-section=\"features\"> <h2>Oferecemos recursos pr\u00e1ticos e f\u00e1ceis de usar. Veja alguns deles: <\/h2><ul><li><b>Modos prontos para 8 cen\u00e1rios de usu\u00e1rio. <\/b> Usu\u00e1rios com diversas defici\u00eancias podem encontrar uma predefini\u00e7\u00e3o perfeita para explorar seu site com conforto. <\/li><li><b>Ajuste as configura\u00e7\u00f5es do site para exibir o conte\u00fado. <\/b> O widget inclui op\u00e7\u00f5es de personaliza\u00e7\u00e3o para melhorar a clareza do texto, a navega\u00e7\u00e3o no site e o contraste de cores. <\/li><li><b>Verificador de acessibilidade integrado. <\/b> Avalie seu site sem esfor\u00e7o para identificar lacunas e melhor\u00e1-lo para melhor acessibilidade. <\/li><li><b>Selo de confian\u00e7a com pontua\u00e7\u00e3o de acessibilidade. <\/b> Publique as descobertas da auditoria no widget para validar seu compromisso cont\u00ednuo com os padr\u00f5es. <\/li><li><b>Localiza\u00e7\u00e3o precisa. <\/b> O widget foi traduzido e localizado para 76 pa\u00edses para garantir a conformidade e a disponibilidade internacional. <\/li><\/ul><p><a href=\"#demo\">Voc\u00ea pode testar todas as configura\u00e7\u00f5es do widget no editor diretamente nesta p\u00e1gina<\/a><\/p><\/div> <div class=\"application-platform-content-item-installation application-platform-content-item\" id=\"installation\" data-nav-section=\"installation\"> <h2>Como incorporar a Acessibilidade no meu site HTML?<\/h2><p>Veja este guia simples para ter o widget no seu site HTML. Levar\u00e1 apenas alguns minutos e n\u00e3o requer codifica\u00e7\u00e3o.<\/p> <ol><li><strong>Crie seu widget de Acessibilidade individual<\/strong><br> Comece com qualquer modelo no editor, trabalhe com os elementos intuitivos e ajuste o widget ao seu design e op\u00e7\u00f5es preferidos.<\/li><li><strong>Obtenha o c\u00f3digo pessoal para incorporar o widget<\/strong><br> Assim que terminar de criar o widget, voc\u00ea receber\u00e1 um c\u00f3digo HTML individual no seu painel. Copie este c\u00f3digo que cont\u00e9m todos os detalhes sobre suas configura\u00e7\u00f5es. <\/li> <li><strong>Exiba o widget no seu site HTML<\/strong><br> Selecione as se\u00e7\u00f5es do seu site onde deseja exibir a Acessibilidade e cole o c\u00f3digo l\u00e1. Salve as altera\u00e7\u00f5es. <\/li> <\/ol><p>Isso \u00e9 tudo! Agora, veja como o widget est\u00e1 se saindo no seu site. <\/p><p>Se voc\u00ea tiver algum problema ao incorporar o widget em um site, entre em contato com nossos gerentes de suporte. Teremos prazer em explicar como adicionar e ajustar sua solu\u00e7\u00e3o de acessibilidade. <\/p><\/div>","protected":false},"excerpt":{"rendered":"","protected":false},"author":9,"featured_media":0,"parent":14800,"menu_order":0,"comment_status":"closed","ping_status":"closed","template":"templates\/template-application-platform.php","meta":{"publish_to_discourse":"","publish_post_category":"","wpdc_auto_publish_overridden":"","wpdc_topic_tags":"","wpdc_pin_topic":"","wpdc_pin_until":"","discourse_post_id":"","discourse_permalink":"","wpdc_publishing_response":"","wpdc_publishing_error":"","footnotes":""},"class_list":["post-14902","page","type-page","status-publish","hentry"],"yoast_head":"<!-- This site is optimized with the Yoast SEO plugin v25.3.1 - https:\/\/yoast.com\/wordpress\/plugins\/seo\/ -->\n<title>Widget de acessibilidade HTML - Adicione conformidade ao seu site [GR\u00c1TIS]<\/title>\n<meta name=\"description\" content=\"Adicione um widget de Acessibilidade integrado ao seu site HTML. Use o editor r\u00e1pido da Elfsight para criar sua solu\u00e7\u00e3o personalizada facilmente.\" \/>\n<meta name=\"robots\" content=\"index, follow, max-snippet:-1, max-image-preview:large, max-video-preview:-1\" \/>\n<link rel=\"canonical\" href=\"https:\/\/elfsight.com\/pt\/accessibility-widget\/html\/\" \/>\n<meta property=\"og:locale\" content=\"pt_PT\" \/>\n<meta property=\"og:type\" content=\"article\" \/>\n<meta property=\"og:title\" content=\"Widget de acessibilidade HTML - Adicione conformidade ao seu site [GR\u00c1TIS]\" \/>\n<meta property=\"og:description\" content=\"Adicione um widget de Acessibilidade integrado ao seu site HTML. Use o editor r\u00e1pido da Elfsight para criar sua solu\u00e7\u00e3o personalizada facilmente.\" \/>\n<meta property=\"og:url\" content=\"https:\/\/elfsight.com\/pt\/accessibility-widget\/html\/\" \/>\n<meta property=\"og:site_name\" content=\"Elfsight PT\" \/>\n<meta property=\"article:modified_time\" content=\"2025-07-08T14:24:38+00:00\" \/>\n<meta name=\"twitter:card\" content=\"summary_large_image\" \/>\n<meta name=\"twitter:label1\" content=\"Tempo estimado de leitura\" \/>\n\t<meta name=\"twitter:data1\" content=\"2 minutos\" \/>\n<!-- \/ Yoast SEO plugin. -->","yoast_head_json":{"title":"Widget de acessibilidade HTML - Adicione conformidade ao seu site [GR\u00c1TIS]","description":"Adicione um widget de Acessibilidade integrado ao seu site HTML. Use o editor r\u00e1pido da Elfsight para criar sua solu\u00e7\u00e3o personalizada facilmente.","robots":{"index":"index","follow":"follow","max-snippet":"max-snippet:-1","max-image-preview":"max-image-preview:large","max-video-preview":"max-video-preview:-1"},"canonical":"https:\/\/elfsight.com\/pt\/accessibility-widget\/html\/","og_locale":"pt_PT","og_type":"article","og_title":"Widget de acessibilidade HTML - Adicione conformidade ao seu site [GR\u00c1TIS]","og_description":"Adicione um widget de Acessibilidade integrado ao seu site HTML. Use o editor r\u00e1pido da Elfsight para criar sua solu\u00e7\u00e3o personalizada facilmente.","og_url":"https:\/\/elfsight.com\/pt\/accessibility-widget\/html\/","og_site_name":"Elfsight PT","article_modified_time":"2025-07-08T14:24:38+00:00","twitter_card":"summary_large_image","twitter_misc":{"Tempo estimado de leitura":"2 minutos"},"schema":{"@context":"https:\/\/schema.org","@graph":[{"@type":"WebPage","@id":"https:\/\/elfsight.com\/pt\/accessibility-widget\/html\/","url":"https:\/\/elfsight.com\/pt\/accessibility-widget\/html\/","name":"Widget de acessibilidade HTML - Adicione conformidade ao seu site [GR\u00c1TIS]","isPartOf":{"@id":"https:\/\/elfsight.com\/pt\/#website"},"datePublished":"2025-05-20T10:16:41+00:00","dateModified":"2025-07-08T14:24:38+00:00","description":"Adicione um widget de Acessibilidade integrado ao seu site HTML. Use o editor r\u00e1pido da Elfsight para criar sua solu\u00e7\u00e3o personalizada facilmente.","breadcrumb":{"@id":"https:\/\/elfsight.com\/pt\/accessibility-widget\/html\/#breadcrumb"},"inLanguage":"pt-PT","potentialAction":[{"@type":"ReadAction","target":["https:\/\/elfsight.com\/pt\/accessibility-widget\/html\/"]}]},{"@type":"BreadcrumbList","@id":"https:\/\/elfsight.com\/pt\/accessibility-widget\/html\/#breadcrumb","itemListElement":[{"@type":"ListItem","position":1,"name":"Home","item":"https:\/\/elfsight.com\/pt\/"},{"@type":"ListItem","position":2,"name":"Accessibility &#8211; HTML"}]},{"@type":"WebSite","@id":"https:\/\/elfsight.com\/pt\/#website","url":"https:\/\/elfsight.com\/pt\/","name":"Elfsight PT","description":"Just another Elfsight Sites site","potentialAction":[{"@type":"SearchAction","target":{"@type":"EntryPoint","urlTemplate":"https:\/\/elfsight.com\/pt\/?s={search_term_string}"},"query-input":{"@type":"PropertyValueSpecification","valueRequired":true,"valueName":"search_term_string"}}],"inLanguage":"pt-PT"}]}},"meta_box":{"industry":"","seo_heading":"","heading":"","description":"","cta_heading":"","cta_description":"","application":"14794","h1":"Widget de acessibilidade para site HTML","h1_caption":"D\u00ea boas-vindas a todos os visitantes do seu site HTML com o widget de conformidade que ajusta seu conte\u00fado para todos os n\u00edveis de habilidade. Aumente a inclus\u00e3o, a funcionalidade e a disponibilidade em uma plataforma completa.","application_category":[],"applications_title":"","applications_request_title":"","applications_request_button_text":"","hero_text":"","hero_video":"","hero_video_schema_markup":"","selling_points_title":"","selling_points_caption":"","selling_points":[],"selling_points_cta_text":"","features_title":"","features":"","ed_cta_examples_text":"","ed_cta_examples_hidden":"","ed_cta_demo_text":"","ed_cta_demo_hidden":"","why_caption":"","why_editor_title":"","why_editor_text":"","why_team_title":"","why_team_text":"","why_service_title":"","why_service_text":"","template_catalog_visible":"","template_catalog_title":"","template_catalog_text":"","template_catalog_categories_visible":"","demo_title":"Crie seu widget de acessibilidade","demo_caption":"Configure sua Acessibilidade e adicione-a ao seu site HTML gratuitamente!","default_faq_hidden":"","app_template_category":[],"platform":"49","template_public_id":"","codecanyon_url":"","codecanyon_item_id":"","codecanyon_price":"","pricing_caption":"","pricing_elfsight_apps_hide_column":"","pricing_elfsight_apps_url":"","pricing_codecanyon_price_caption":"","integration_category":[],"integration_request_title":"","integration_request_cta":"","integration_platform":"","integrations":[],"platform_category":[],"video_schema_markup":"","price":"a partir de $ 0 \/ m\u00eas","trial":"","benefits":[],"button_url":"#demo","button_target_blank":"0","button_nofollow":"","attributes":[{"name":"Instala\u00e7\u00f5es","content":"50,000 - 100,000","_state":"expanded"},{"name":"Responsivo","content":"Sim","_state":"expanded"},{"name":"Navegadores compat\u00edveis","content":"Firefox, Safari, Opera, Chrome, Edge","_state":"expanded"}],"tags":[],"tags_disable_links":"","hide_more_platforms":"","video_object":"","demo_hide_cta":"","demo_hide_cloud_options":"","pricing_title":"","pricing":[{"pricing_icon":"platform","pricing_title":"Elfsight Apps","pricing_title_caption":"Vers\u00e3o multiplataforma adequada para qualquer site","pricing_price":"a partir de $ 0 \/ m\u00eas","pricing_price_caption":"comece com um plano gratuito","pricing_button_text":"Adicionar ao site","pricing_button_url":"#demo"}],"related_apps_title":"","related_apps_hidden":"","author":"","image":[],"title":"","job":"","social_networks":[]},"_links":{"self":[{"href":"https:\/\/elfsight.com\/pt\/wp-json\/wp\/v2\/pages\/14902","targetHints":{"allow":["GET"]}}],"collection":[{"href":"https:\/\/elfsight.com\/pt\/wp-json\/wp\/v2\/pages"}],"about":[{"href":"https:\/\/elfsight.com\/pt\/wp-json\/wp\/v2\/types\/page"}],"author":[{"embeddable":true,"href":"https:\/\/elfsight.com\/pt\/wp-json\/wp\/v2\/users\/9"}],"replies":[{"embeddable":true,"href":"https:\/\/elfsight.com\/pt\/wp-json\/wp\/v2\/comments?post=14902"}],"version-history":[{"count":1,"href":"https:\/\/elfsight.com\/pt\/wp-json\/wp\/v2\/pages\/14902\/revisions"}],"predecessor-version":[{"id":14906,"href":"https:\/\/elfsight.com\/pt\/wp-json\/wp\/v2\/pages\/14902\/revisions\/14906"}],"up":[{"embeddable":true,"href":"https:\/\/elfsight.com\/pt\/wp-json\/wp\/v2\/pages\/14800"}],"wp:attachment":[{"href":"https:\/\/elfsight.com\/pt\/wp-json\/wp\/v2\/media?parent=14902"}],"curies":[{"name":"wp","href":"https:\/\/api.w.org\/{rel}","templated":true}]}}