{"id":14900,"date":"2025-05-20T10:48:47","date_gmt":"2025-05-20T10:48:47","guid":{"rendered":"https:\/\/elfsight.com\/pt\/?page_id=14900"},"modified":"2025-07-08T14:24:38","modified_gmt":"2025-07-08T14:24:38","slug":"wordpress","status":"publish","type":"page","link":"https:\/\/elfsight.com\/pt\/accessibility-widget\/wordpress\/","title":{"rendered":"Accessibility &#8211; WordPress"},"content":{"rendered":"<div class=\"application-platform-content-item-description application-platform-content-item\" id=\"description\" data-nav-section=\"description\"> <h2>Incorpore Acessibilidade ao WordPress com um plugin Elfsight<\/h2> <p>O plugin Acessibilidade aumenta a inclus\u00e3o em seu site, aprimorando a experi\u00eancia do usu\u00e1rio para pessoas com diferentes necessidades de acessibilidade. Equipado com perfis de acessibilidade predefinidos, ele ajusta automaticamente seu site para usu\u00e1rios com defici\u00eancias visuais, cognitivas ou motoras. Cada configura\u00e7\u00e3o combina design inteligente e melhorias de intera\u00e7\u00e3o para garantir usabilidade e conforto. <\/p><p>Ele tamb\u00e9m inclui um scanner de acessibilidade integrado para avaliar a conformidade do seu site e apresenta os resultados da auditoria diretamente na interface do plugin. Isso permite que voc\u00ea resolva problemas de acessibilidade enquanto demonstra sua dedica\u00e7\u00e3o ao design inclusivo. Totalmente localizado, o plugin oferece suporte multil\u00edngue para proporcionar uma experi\u00eancia tranquila para usu\u00e1rios em todo o mundo. <\/p><p><strong>Torne seu site WordPress acess\u00edvel a todos, apenas adicionando nosso poderoso plugin Acessibilidade! <\/strong><\/p><\/div> <div class=\"application-platform-content-item-features application-platform-content-item\" id=\"features\" data-nav-section=\"features\"> <h2>Os recursos centrais do plugin incluem<\/h2><ul><li><b>Modos prontos para 8 cen\u00e1rios de usu\u00e1rio.<\/b> Pessoas com diversas defici\u00eancias podem selecionar um modo de acessibilidade ideal para uma experi\u00eancia de navega\u00e7\u00e3o tranquila e amig\u00e1vel.<\/li><li><b>Ajuste as configura\u00e7\u00f5es do site para exibir o conte\u00fado.<\/b> O plugin possui configura\u00e7\u00f5es para melhorar a legibilidade do texto, a navega\u00e7\u00e3o e as cores.<\/li><li><b>Verificador de acessibilidade integrado.<\/b> Examine rapidamente seu site em busca de problemas de conformidade e aprimore-o para melhor acessibilidade.<\/li><li><b>Selo de confian\u00e7a com pontua\u00e7\u00e3o de acessibilidade.<\/b> Exiba os resultados da auditoria integrada para comprovar seu compromisso em permanecer em conformidade.<\/li><li><b>Localiza\u00e7\u00e3o precisa.<\/b> O plugin oferece localiza\u00e7\u00e3o de idioma e cultura em 76 regi\u00f5es para dar suporte \u00e0s leis de acessibilidade e \u00e0 implanta\u00e7\u00e3o internacional. <\/li><\/ul><p><a href=\"#demo\">O editor intuitivo pode demonstrar como os recursos e configura\u00e7\u00f5es funcionam diretamente nesta p\u00e1gina<\/a><\/p><\/div> <div class=\"application-platform-content-item-installation application-platform-content-item\" id=\"installation\" data-nav-section=\"installation\"> <h2>Como incorporar a Acessibilidade no meu site WordPress? <\/h2><p>Encontre esta maneira simples de ter o plugin no seu site WordPress. Levar\u00e1 apenas alguns minutos e n\u00e3o requer codifica\u00e7\u00e3o. <\/p> <ol><li><strong>Crie seu plugin de Acessibilidade personalizado<\/strong><br> Comece com qualquer modelo no editor, trabalhe com os elementos convenientes nele e ajuste o plugin ao estilo e \u00e0s op\u00e7\u00f5es desejados. <\/li><li><strong>Obtenha o c\u00f3digo pessoal para incorporar o plugin<\/strong><br> Assim que terminar de criar seu plugin, voc\u00ea receber\u00e1 um c\u00f3digo HTML individual no seu painel. Copie este c\u00f3digo que cont\u00e9m todos os detalhes sobre suas configura\u00e7\u00f5es. <\/li> <li><strong>Exiba o plugin no seu site WordPress<\/strong><br> Escolha as se\u00e7\u00f5es do seu site onde deseja exibir a Acessibilidade e cole o c\u00f3digo l\u00e1. Salve suas altera\u00e7\u00f5es. <\/li> <\/ol><p>Isso \u00e9 tudo! Agora, veja como o plugin est\u00e1 funcionando no seu site. <\/p><p>Se voc\u00ea tiver alguma dificuldade ao incorporar o plugin ao seu site, n\u00e3o hesite em entrar em contato com nosso suporte ao cliente. Teremos prazer em ajud\u00e1-lo a adicionar e ajustar sua solu\u00e7\u00e3o de conformidade. <\/p><\/div>","protected":false},"excerpt":{"rendered":"","protected":false},"author":9,"featured_media":0,"parent":14800,"menu_order":0,"comment_status":"closed","ping_status":"closed","template":"templates\/template-application-platform.php","meta":{"publish_to_discourse":"","publish_post_category":"","wpdc_auto_publish_overridden":"","wpdc_topic_tags":"","wpdc_pin_topic":"","wpdc_pin_until":"","discourse_post_id":"","discourse_permalink":"","wpdc_publishing_response":"","wpdc_publishing_error":"","footnotes":""},"class_list":["post-14900","page","type-page","status-publish","hentry"],"yoast_head":"<!-- This site is optimized with the Yoast SEO plugin v25.3.1 - https:\/\/yoast.com\/wordpress\/plugins\/seo\/ -->\n<title>Plugin de acessibilidade do WordPress - Adicione conformidade ao seu site [GR\u00c1TIS]<\/title>\n<meta name=\"description\" content=\"Adicione um plugin de acessibilidade sem c\u00f3digo ao seu site WordPress. Confira o editor r\u00e1pido da Elfsight para criar sua solu\u00e7\u00e3o personalizada sem esfor\u00e7o.\" \/>\n<meta name=\"robots\" content=\"index, follow, max-snippet:-1, max-image-preview:large, max-video-preview:-1\" \/>\n<link rel=\"canonical\" href=\"https:\/\/elfsight.com\/pt\/accessibility-widget\/wordpress\/\" \/>\n<meta property=\"og:locale\" content=\"pt_PT\" \/>\n<meta property=\"og:type\" content=\"article\" \/>\n<meta property=\"og:title\" content=\"Plugin de acessibilidade do WordPress - Adicione conformidade ao seu site [GR\u00c1TIS]\" \/>\n<meta property=\"og:description\" content=\"Adicione um plugin de acessibilidade sem c\u00f3digo ao seu site WordPress. Confira o editor r\u00e1pido da Elfsight para criar sua solu\u00e7\u00e3o personalizada sem esfor\u00e7o.\" \/>\n<meta property=\"og:url\" content=\"https:\/\/elfsight.com\/pt\/accessibility-widget\/wordpress\/\" \/>\n<meta property=\"og:site_name\" content=\"Elfsight PT\" \/>\n<meta property=\"article:modified_time\" content=\"2025-07-08T14:24:38+00:00\" \/>\n<meta name=\"twitter:card\" content=\"summary_large_image\" \/>\n<meta name=\"twitter:label1\" content=\"Tempo estimado de leitura\" \/>\n\t<meta name=\"twitter:data1\" content=\"2 minutos\" \/>\n<!-- \/ Yoast SEO plugin. -->","yoast_head_json":{"title":"Plugin de acessibilidade do WordPress - Adicione conformidade ao seu site [GR\u00c1TIS]","description":"Adicione um plugin de acessibilidade sem c\u00f3digo ao seu site WordPress. Confira o editor r\u00e1pido da Elfsight para criar sua solu\u00e7\u00e3o personalizada sem esfor\u00e7o.","robots":{"index":"index","follow":"follow","max-snippet":"max-snippet:-1","max-image-preview":"max-image-preview:large","max-video-preview":"max-video-preview:-1"},"canonical":"https:\/\/elfsight.com\/pt\/accessibility-widget\/wordpress\/","og_locale":"pt_PT","og_type":"article","og_title":"Plugin de acessibilidade do WordPress - Adicione conformidade ao seu site [GR\u00c1TIS]","og_description":"Adicione um plugin de acessibilidade sem c\u00f3digo ao seu site WordPress. Confira o editor r\u00e1pido da Elfsight para criar sua solu\u00e7\u00e3o personalizada sem esfor\u00e7o.","og_url":"https:\/\/elfsight.com\/pt\/accessibility-widget\/wordpress\/","og_site_name":"Elfsight PT","article_modified_time":"2025-07-08T14:24:38+00:00","twitter_card":"summary_large_image","twitter_misc":{"Tempo estimado de leitura":"2 minutos"},"schema":{"@context":"https:\/\/schema.org","@graph":[{"@type":"WebPage","@id":"https:\/\/elfsight.com\/pt\/accessibility-widget\/wordpress\/","url":"https:\/\/elfsight.com\/pt\/accessibility-widget\/wordpress\/","name":"Plugin de acessibilidade do WordPress - Adicione conformidade ao seu site [GR\u00c1TIS]","isPartOf":{"@id":"https:\/\/elfsight.com\/pt\/#website"},"datePublished":"2025-05-20T10:48:47+00:00","dateModified":"2025-07-08T14:24:38+00:00","description":"Adicione um plugin de acessibilidade sem c\u00f3digo ao seu site WordPress. Confira o editor r\u00e1pido da Elfsight para criar sua solu\u00e7\u00e3o personalizada sem esfor\u00e7o.","breadcrumb":{"@id":"https:\/\/elfsight.com\/pt\/accessibility-widget\/wordpress\/#breadcrumb"},"inLanguage":"pt-PT","potentialAction":[{"@type":"ReadAction","target":["https:\/\/elfsight.com\/pt\/accessibility-widget\/wordpress\/"]}]},{"@type":"BreadcrumbList","@id":"https:\/\/elfsight.com\/pt\/accessibility-widget\/wordpress\/#breadcrumb","itemListElement":[{"@type":"ListItem","position":1,"name":"Home","item":"https:\/\/elfsight.com\/pt\/"},{"@type":"ListItem","position":2,"name":"Accessibility &#8211; WordPress"}]},{"@type":"WebSite","@id":"https:\/\/elfsight.com\/pt\/#website","url":"https:\/\/elfsight.com\/pt\/","name":"Elfsight PT","description":"Just another Elfsight Sites site","potentialAction":[{"@type":"SearchAction","target":{"@type":"EntryPoint","urlTemplate":"https:\/\/elfsight.com\/pt\/?s={search_term_string}"},"query-input":{"@type":"PropertyValueSpecification","valueRequired":true,"valueName":"search_term_string"}}],"inLanguage":"pt-PT"}]}},"meta_box":{"industry":"","seo_heading":"","heading":"","description":"","cta_heading":"","cta_description":"","application":"14794","h1":"Plugin de acessibilidade para site WordPress","h1_caption":"Capacite todos os visitantes do seu site WordPress com o plugin de conformidade que ajusta seu conte\u00fado para todos os n\u00edveis de habilidade. Aumente a inclus\u00e3o, a funcionalidade e a disponibilidade em uma plataforma completa.","application_category":[],"applications_title":"","applications_request_title":"","applications_request_button_text":"","hero_text":"","hero_video":"","hero_video_schema_markup":"","selling_points_title":"","selling_points_caption":"","selling_points":[],"selling_points_cta_text":"","features_title":"","features":"","ed_cta_examples_text":"","ed_cta_examples_hidden":"","ed_cta_demo_text":"","ed_cta_demo_hidden":"","why_caption":"","why_editor_title":"","why_editor_text":"","why_team_title":"","why_team_text":"","why_service_title":"","why_service_text":"","template_catalog_visible":"","template_catalog_title":"","template_catalog_text":"","template_catalog_categories_visible":"","demo_title":"Crie seu plugin de acessibilidade","demo_caption":"Configure sua Acessibilidade e adicione-a ao seu site WordPress gratuitamente!","default_faq_hidden":"","app_template_category":[],"platform":"34","template_public_id":"","codecanyon_url":"","codecanyon_item_id":"","codecanyon_price":"","pricing_caption":"","pricing_elfsight_apps_hide_column":"","pricing_elfsight_apps_url":"","pricing_codecanyon_price_caption":"","integration_category":[],"integration_request_title":"","integration_request_cta":"","integration_platform":"","integrations":[],"platform_category":[],"video_schema_markup":"","price":"a partir de $ 0 \/ m\u00eas","trial":"","benefits":[],"button_url":"#demo","button_target_blank":"0","button_nofollow":"","attributes":[{"name":"Instala\u00e7\u00f5es","content":"50,000 - 100,000","_state":"expanded"},{"name":"Responsivo","content":"Sim","_state":"expanded"},{"name":"Navegadores compat\u00edveis","content":"Firefox, Safari, Opera, Chrome, Edge","_state":"expanded"}],"tags":[],"tags_disable_links":"","hide_more_platforms":"","video_object":"","demo_hide_cta":"","demo_hide_cloud_options":"","pricing_title":"","pricing":[{"pricing_icon":"platform","pricing_title":"Elfsight Apps","pricing_title_caption":"Solu\u00e7\u00e3o digital multiplataforma","pricing_price":"a partir de $ 0 \/ m\u00eas","pricing_price_caption":"comece com um plano gratuito","pricing_button_text":"Adicionar ao site","pricing_button_url":"#demo"}],"related_apps_title":"","related_apps_hidden":"","author":"","image":[],"title":"","job":"","social_networks":[]},"_links":{"self":[{"href":"https:\/\/elfsight.com\/pt\/wp-json\/wp\/v2\/pages\/14900","targetHints":{"allow":["GET"]}}],"collection":[{"href":"https:\/\/elfsight.com\/pt\/wp-json\/wp\/v2\/pages"}],"about":[{"href":"https:\/\/elfsight.com\/pt\/wp-json\/wp\/v2\/types\/page"}],"author":[{"embeddable":true,"href":"https:\/\/elfsight.com\/pt\/wp-json\/wp\/v2\/users\/9"}],"replies":[{"embeddable":true,"href":"https:\/\/elfsight.com\/pt\/wp-json\/wp\/v2\/comments?post=14900"}],"version-history":[{"count":1,"href":"https:\/\/elfsight.com\/pt\/wp-json\/wp\/v2\/pages\/14900\/revisions"}],"predecessor-version":[{"id":14904,"href":"https:\/\/elfsight.com\/pt\/wp-json\/wp\/v2\/pages\/14900\/revisions\/14904"}],"up":[{"embeddable":true,"href":"https:\/\/elfsight.com\/pt\/wp-json\/wp\/v2\/pages\/14800"}],"wp:attachment":[{"href":"https:\/\/elfsight.com\/pt\/wp-json\/wp\/v2\/media?parent=14900"}],"curies":[{"name":"wp","href":"https:\/\/api.w.org\/{rel}","templated":true}]}}