{"id":14891,"date":"2025-05-20T12:43:09","date_gmt":"2025-05-20T12:43:09","guid":{"rendered":"https:\/\/elfsight.com\/pt\/?page_id=14891"},"modified":"2025-07-08T14:24:30","modified_gmt":"2025-07-08T14:24:30","slug":"joomla","status":"publish","type":"page","link":"https:\/\/elfsight.com\/pt\/accessibility-widget\/joomla\/","title":{"rendered":"Accessibility &#8211; Joomla"},"content":{"rendered":"<div class=\"application-platform-content-item-description application-platform-content-item\" id=\"description\" data-nav-section=\"description\"> <h2>Incorpore Acessibilidade ao Joomla com uma extens\u00e3o Elfsight<\/h2> <p>A extens\u00e3o Acessibilidade garante inclus\u00e3o em todo o seu site, aprimorando a legibilidade e a navega\u00e7\u00e3o para usu\u00e1rios de todos os n\u00edveis. Com modos de acessibilidade predefinidos, ela adapta instantaneamente seu site para usu\u00e1rios com defici\u00eancias visuais, cognitivas ou motoras. Cada configura\u00e7\u00e3o combina design inteligente e melhorias de intera\u00e7\u00e3o para garantir usabilidade e conveni\u00eancia. <\/p><p>Ela tamb\u00e9m oferece um analisador de acessibilidade nativo para garantir que seu site atenda aos padr\u00f5es e visualizar as descobertas de acessibilidade no painel da extens\u00e3o. Isso ajuda voc\u00ea n\u00e3o apenas a corrigir problemas, mas tamb\u00e9m a demonstrar com orgulho seu compromisso com a acessibilidade. Totalmente localizada, a extens\u00e3o oferece suporte a usu\u00e1rios globais em seus idiomas nativos para uma experi\u00eancia perfeita. <\/p><p><strong>Adicione nossa extens\u00e3o Acessibilidade ao seu site Joomla e mostre ao mundo que seu site \u00e9 para todos! <\/strong><\/p><\/div> <div class=\"application-platform-content-item-features application-platform-content-item\" id=\"features\" data-nav-section=\"features\"> <h2>Estes s\u00e3o apenas alguns dos muitos recursos da extens\u00e3o: <\/h2><ul><li><b>Modos prontos para 8 cen\u00e1rios de usu\u00e1rio. <\/b> Usu\u00e1rios com diversas defici\u00eancias podem encontrar uma predefini\u00e7\u00e3o perfeita para navegar em seu site com facilidade e confian\u00e7a. <\/li><li><b>Ajuste as configura\u00e7\u00f5es do site para exibir o conte\u00fado. <\/b> A extens\u00e3o apresenta configura\u00e7\u00f5es projetadas para otimizar a legibilidade, o fluxo do usu\u00e1rio e a acessibilidade visual. <\/li><li><b>Verificador de acessibilidade integrado. <\/b> Examine rapidamente seu site em busca de problemas de conformidade e aprimore-o para melhor acessibilidade. <\/li><li><b>Selo de confian\u00e7a com pontua\u00e7\u00e3o de acessibilidade. <\/b> Exiba os resultados da sua auditoria para demonstrar sua dedica\u00e7\u00e3o \u00e0 conformidade com a acessibilidade. <\/li><li><b>Localiza\u00e7\u00e3o precisa. <\/b> A extens\u00e3o oferece suporte para localiza\u00e7\u00e3o e tradu\u00e7\u00e3o para 76 pa\u00edses, atendendo aos padr\u00f5es globais de conformidade e \u00e0s necessidades de acessibilidade. <\/li><\/ul><p><a href=\"#demo\">Use o editor simples para ver o que a extens\u00e3o pode fazer<\/a><\/p><\/div> <div class=\"application-platform-content-item-installation application-platform-content-item\" id=\"installation\" data-nav-section=\"installation\"> <h2>Como incorporo a Acessibilidade no meu site Joomla? <\/h2><p>Oferecemos um guia simples para configurar a extens\u00e3o no seu site Joomla. Levar\u00e1 apenas alguns minutos e n\u00e3o requer nenhuma codifica\u00e7\u00e3o. <\/p> <ol><li><strong>Crie sua extens\u00e3o de Acessibilidade pessoal<\/strong><br> Comece com qualquer modelo no editor, trabalhe com os elementos convenientes nele e personalize a extens\u00e3o de acordo com o design e as configura\u00e7\u00f5es desejados. <\/li><li><strong>Obtenha o c\u00f3digo pessoal para incorporar a extens\u00e3o<\/strong><br> Assim que terminar de criar a extens\u00e3o, voc\u00ea receber\u00e1 um c\u00f3digo HTML individual no seu painel. Copie este c\u00f3digo, que cont\u00e9m todas as informa\u00e7\u00f5es sobre suas configura\u00e7\u00f5es. <\/li> <li><strong>Exiba a extens\u00e3o no seu site Joomla<\/strong><br> Escolha as \u00e1reas do seu site onde deseja apresentar a Acessibilidade e cole o c\u00f3digo l\u00e1. Salve as altera\u00e7\u00f5es. <\/li> <\/ol><p>Pronto! Agora, verifique o desempenho da extens\u00e3o no seu site. <\/p><p>Caso encontre algum inconveniente ao incorporar a extens\u00e3o ao seu site, entre em contato com nossa central de ajuda. Teremos prazer em ajud\u00e1-lo a adicionar e gerenciar sua solu\u00e7\u00e3o de conformidade. <\/p><\/div>","protected":false},"excerpt":{"rendered":"","protected":false},"author":9,"featured_media":0,"parent":14800,"menu_order":0,"comment_status":"closed","ping_status":"closed","template":"templates\/template-application-platform.php","meta":{"publish_to_discourse":"","publish_post_category":"","wpdc_auto_publish_overridden":"","wpdc_topic_tags":"","wpdc_pin_topic":"","wpdc_pin_until":"","discourse_post_id":"","discourse_permalink":"","wpdc_publishing_response":"","wpdc_publishing_error":"","footnotes":""},"class_list":["post-14891","page","type-page","status-publish","hentry"],"yoast_head":"<!-- This site is optimized with the Yoast SEO plugin v25.3.1 - https:\/\/yoast.com\/wordpress\/plugins\/seo\/ -->\n<title>Extens\u00e3o de acessibilidade Joomla - Adicione conformidade ao seu site [GR\u00c1TIS]<\/title>\n<meta name=\"description\" content=\"Adicione uma extens\u00e3o de acessibilidade sem c\u00f3digo ao seu site Joomla. Confira o editor r\u00e1pido da Elfsight para criar sua solu\u00e7\u00e3o personalizada sem esfor\u00e7o.\" \/>\n<meta name=\"robots\" content=\"index, follow, max-snippet:-1, max-image-preview:large, max-video-preview:-1\" \/>\n<link rel=\"canonical\" href=\"https:\/\/elfsight.com\/pt\/accessibility-widget\/joomla\/\" \/>\n<meta property=\"og:locale\" content=\"pt_PT\" \/>\n<meta property=\"og:type\" content=\"article\" \/>\n<meta property=\"og:title\" content=\"Extens\u00e3o de acessibilidade Joomla - Adicione conformidade ao seu site [GR\u00c1TIS]\" \/>\n<meta property=\"og:description\" content=\"Adicione uma extens\u00e3o de acessibilidade sem c\u00f3digo ao seu site Joomla. Confira o editor r\u00e1pido da Elfsight para criar sua solu\u00e7\u00e3o personalizada sem esfor\u00e7o.\" \/>\n<meta property=\"og:url\" content=\"https:\/\/elfsight.com\/pt\/accessibility-widget\/joomla\/\" \/>\n<meta property=\"og:site_name\" content=\"Elfsight PT\" \/>\n<meta property=\"article:modified_time\" content=\"2025-07-08T14:24:30+00:00\" \/>\n<meta name=\"twitter:card\" content=\"summary_large_image\" \/>\n<meta name=\"twitter:label1\" content=\"Tempo estimado de leitura\" \/>\n\t<meta name=\"twitter:data1\" content=\"2 minutos\" \/>\n<!-- \/ Yoast SEO plugin. -->","yoast_head_json":{"title":"Extens\u00e3o de acessibilidade Joomla - Adicione conformidade ao seu site [GR\u00c1TIS]","description":"Adicione uma extens\u00e3o de acessibilidade sem c\u00f3digo ao seu site Joomla. Confira o editor r\u00e1pido da Elfsight para criar sua solu\u00e7\u00e3o personalizada sem esfor\u00e7o.","robots":{"index":"index","follow":"follow","max-snippet":"max-snippet:-1","max-image-preview":"max-image-preview:large","max-video-preview":"max-video-preview:-1"},"canonical":"https:\/\/elfsight.com\/pt\/accessibility-widget\/joomla\/","og_locale":"pt_PT","og_type":"article","og_title":"Extens\u00e3o de acessibilidade Joomla - Adicione conformidade ao seu site [GR\u00c1TIS]","og_description":"Adicione uma extens\u00e3o de acessibilidade sem c\u00f3digo ao seu site Joomla. Confira o editor r\u00e1pido da Elfsight para criar sua solu\u00e7\u00e3o personalizada sem esfor\u00e7o.","og_url":"https:\/\/elfsight.com\/pt\/accessibility-widget\/joomla\/","og_site_name":"Elfsight PT","article_modified_time":"2025-07-08T14:24:30+00:00","twitter_card":"summary_large_image","twitter_misc":{"Tempo estimado de leitura":"2 minutos"},"schema":{"@context":"https:\/\/schema.org","@graph":[{"@type":"WebPage","@id":"https:\/\/elfsight.com\/pt\/accessibility-widget\/joomla\/","url":"https:\/\/elfsight.com\/pt\/accessibility-widget\/joomla\/","name":"Extens\u00e3o de acessibilidade Joomla - Adicione conformidade ao seu site [GR\u00c1TIS]","isPartOf":{"@id":"https:\/\/elfsight.com\/pt\/#website"},"datePublished":"2025-05-20T12:43:09+00:00","dateModified":"2025-07-08T14:24:30+00:00","description":"Adicione uma extens\u00e3o de acessibilidade sem c\u00f3digo ao seu site Joomla. Confira o editor r\u00e1pido da Elfsight para criar sua solu\u00e7\u00e3o personalizada sem esfor\u00e7o.","breadcrumb":{"@id":"https:\/\/elfsight.com\/pt\/accessibility-widget\/joomla\/#breadcrumb"},"inLanguage":"pt-PT","potentialAction":[{"@type":"ReadAction","target":["https:\/\/elfsight.com\/pt\/accessibility-widget\/joomla\/"]}]},{"@type":"BreadcrumbList","@id":"https:\/\/elfsight.com\/pt\/accessibility-widget\/joomla\/#breadcrumb","itemListElement":[{"@type":"ListItem","position":1,"name":"Home","item":"https:\/\/elfsight.com\/pt\/"},{"@type":"ListItem","position":2,"name":"Accessibility &#8211; Joomla"}]},{"@type":"WebSite","@id":"https:\/\/elfsight.com\/pt\/#website","url":"https:\/\/elfsight.com\/pt\/","name":"Elfsight PT","description":"Just another Elfsight Sites site","potentialAction":[{"@type":"SearchAction","target":{"@type":"EntryPoint","urlTemplate":"https:\/\/elfsight.com\/pt\/?s={search_term_string}"},"query-input":{"@type":"PropertyValueSpecification","valueRequired":true,"valueName":"search_term_string"}}],"inLanguage":"pt-PT"}]}},"meta_box":{"industry":"","seo_heading":"","heading":"","description":"","cta_heading":"","cta_description":"","application":"14794","h1":"Extens\u00e3o de acessibilidade para site Joomla","h1_caption":"D\u00ea boas-vindas a todos os visitantes do seu site Joomla com a extens\u00e3o de conformidade que adapta seu conte\u00fado a cada necessidade. Melhore a inclus\u00e3o, a funcionalidade e a disponibilidade em uma plataforma completa.","application_category":[],"applications_title":"","applications_request_title":"","applications_request_button_text":"","hero_text":"","hero_video":"","hero_video_schema_markup":"","selling_points_title":"","selling_points_caption":"","selling_points":[],"selling_points_cta_text":"","features_title":"","features":"","ed_cta_examples_text":"","ed_cta_examples_hidden":"","ed_cta_demo_text":"","ed_cta_demo_hidden":"","why_caption":"","why_editor_title":"","why_editor_text":"","why_team_title":"","why_team_text":"","why_service_title":"","why_service_text":"","template_catalog_visible":"","template_catalog_title":"","template_catalog_text":"","template_catalog_categories_visible":"","demo_title":"Crie sua extens\u00e3o de acessibilidade","demo_caption":"Configure sua Acessibilidade e adicione-a ao seu site Joomla gratuitamente!","default_faq_hidden":"","app_template_category":[],"platform":"52","template_public_id":"","codecanyon_url":"","codecanyon_item_id":"","codecanyon_price":"","pricing_caption":"","pricing_elfsight_apps_hide_column":"","pricing_elfsight_apps_url":"","pricing_codecanyon_price_caption":"","integration_category":[],"integration_request_title":"","integration_request_cta":"","integration_platform":"","integrations":[],"platform_category":[],"video_schema_markup":"","price":"a partir de $ 0 \/ m\u00eas","trial":"","benefits":[],"button_url":"#demo","button_target_blank":"0","button_nofollow":"","attributes":[{"name":"Instala\u00e7\u00f5es","content":"50,000 - 100,000","_state":"expanded"},{"name":"Responsivo","content":"Sim","_state":"expanded"},{"name":"Navegadores compat\u00edveis","content":"Firefox, Safari, Opera, Chrome, Edge","_state":"expanded"}],"tags":[],"tags_disable_links":"","hide_more_platforms":"","video_object":"","demo_hide_cta":"","demo_hide_cloud_options":"","pricing_title":"","pricing":[{"pricing_icon":"platform","pricing_title":"Elfsight Apps","pricing_title_caption":"Solu\u00e7\u00e3o digital multiplataforma que funciona em qualquer site","pricing_price":"a partir de $ 0 \/ m\u00eas","pricing_price_caption":"comece com um plano gratuito","pricing_button_text":"Adicionar ao site","pricing_button_url":"#demo"}],"related_apps_title":"","related_apps_hidden":"","author":"","image":[],"title":"","job":"","social_networks":[]},"_links":{"self":[{"href":"https:\/\/elfsight.com\/pt\/wp-json\/wp\/v2\/pages\/14891","targetHints":{"allow":["GET"]}}],"collection":[{"href":"https:\/\/elfsight.com\/pt\/wp-json\/wp\/v2\/pages"}],"about":[{"href":"https:\/\/elfsight.com\/pt\/wp-json\/wp\/v2\/types\/page"}],"author":[{"embeddable":true,"href":"https:\/\/elfsight.com\/pt\/wp-json\/wp\/v2\/users\/9"}],"replies":[{"embeddable":true,"href":"https:\/\/elfsight.com\/pt\/wp-json\/wp\/v2\/comments?post=14891"}],"version-history":[{"count":1,"href":"https:\/\/elfsight.com\/pt\/wp-json\/wp\/v2\/pages\/14891\/revisions"}],"predecessor-version":[{"id":14895,"href":"https:\/\/elfsight.com\/pt\/wp-json\/wp\/v2\/pages\/14891\/revisions\/14895"}],"up":[{"embeddable":true,"href":"https:\/\/elfsight.com\/pt\/wp-json\/wp\/v2\/pages\/14800"}],"wp:attachment":[{"href":"https:\/\/elfsight.com\/pt\/wp-json\/wp\/v2\/media?parent=14891"}],"curies":[{"name":"wp","href":"https:\/\/api.w.org\/{rel}","templated":true}]}}