{"id":14876,"date":"2025-05-20T13:23:31","date_gmt":"2025-05-20T13:23:31","guid":{"rendered":"https:\/\/elfsight.com\/pt\/?page_id=14876"},"modified":"2025-07-08T14:24:14","modified_gmt":"2025-07-08T14:24:14","slug":"blogger","status":"publish","type":"page","link":"https:\/\/elfsight.com\/pt\/accessibility-widget\/blogger\/","title":{"rendered":"Accessibility &#8211; Blogger"},"content":{"rendered":"<div class=\"application-platform-content-item-description application-platform-content-item\" id=\"description\" data-nav-section=\"description\"> <h2>Incorpore Acessibilidade ao Blogger com um widget Elfsight<\/h2> <p>O widget Acessibilidade aumenta a inclus\u00e3o em seu site, facilitando a navega\u00e7\u00e3o e a leitura para usu\u00e1rios com necessidades diversas. Equipado com perfis de acessibilidade predefinidos, ele ajusta automaticamente seu site para atender \u00e0s necessidades de usu\u00e1rios com defici\u00eancias sensoriais ou f\u00edsicas. Cada modo inclui melhorias visuais e de usabilidade inteligentes para garantir usabilidade e conveni\u00eancia. <\/p><p>Ele tamb\u00e9m possui um verificador de acessibilidade integrado para auditoria, que inspeciona a conformidade do seu site e apresenta os resultados da auditoria diretamente na interface do widget. Isso permite que voc\u00ea resolva problemas de acessibilidade e, ao mesmo tempo, demonstre sua dedica\u00e7\u00e3o ao design inclusivo. Totalmente localizado, o widget oferece suporte multil\u00edngue para proporcionar uma experi\u00eancia fluida para usu\u00e1rios em todo o mundo. <\/p><p><strong>Aprimore seu site do Blogger com nosso widget Acessibilidade e comprove que ele foi projetado para todos os usu\u00e1rios! <\/strong><\/p><\/div> <div class=\"application-platform-content-item-features application-platform-content-item\" id=\"features\" data-nav-section=\"features\"> <h2>Veja abaixo os principais recursos do widget: <\/h2><ul><li><b>Modos prontos para 8 cen\u00e1rios de usu\u00e1rio. <\/b> Pessoas com diversas defici\u00eancias podem selecionar um modo de acessibilidade ideal para uma experi\u00eancia de navega\u00e7\u00e3o tranquila e amig\u00e1vel. <\/li><li><b>Ajuste as configura\u00e7\u00f5es do site para exibir o conte\u00fado. <\/b> O widget inclui op\u00e7\u00f5es de personaliza\u00e7\u00e3o para melhorar a clareza do texto, a navega\u00e7\u00e3o no site e o contraste de cores. <\/li><li><b>Verificador de acessibilidade integrado. <\/b> Examine rapidamente seu site em busca de problemas de conformidade e aprimore-o para melhor acessibilidade. <\/li><li><b>Selo de confian\u00e7a com pontua\u00e7\u00e3o de acessibilidade. <\/b> Exiba os resultados da sua auditoria para demonstrar sua dedica\u00e7\u00e3o \u00e0 conformidade com a acessibilidade. <\/li><li><b>Localiza\u00e7\u00e3o precisa. <\/b> O widget oferece localiza\u00e7\u00e3o de idioma e cultura em 76 regi\u00f5es para dar suporte \u00e0s leis de acessibilidade e \u00e0 implanta\u00e7\u00e3o internacional. <\/li><\/ul><p><a href=\"#demo\">Experimente o editor simples para descobrir como o widget funciona<\/a><\/p><\/div> <div class=\"application-platform-content-item-installation application-platform-content-item\" id=\"installation\" data-nav-section=\"installation\"> <h2>Como incorporar a Acessibilidade no meu site do Blogger? <\/h2><p>Encontre esta maneira simples de ter o widget no seu site do Blogger. Levar\u00e1 apenas alguns minutos e n\u00e3o requer codifica\u00e7\u00e3o. <\/p> <ol><li><strong>Crie seu widget de Acessibilidade individual<\/strong><br> Comece com qualquer modelo no editor, trabalhe com os elementos intuitivos e personalize o widget de acordo com o design e as op\u00e7\u00f5es de sua prefer\u00eancia. <\/li><li><strong>Obtenha o c\u00f3digo pessoal para incorporar o widget<\/strong><br> Depois de criar o widget, voc\u00ea receber\u00e1 um c\u00f3digo HTML individual no seu painel. Copie este c\u00f3digo, que cont\u00e9m todos os detalhes sobre seus ajustes. <\/li> <li><strong>Exiba o widget no seu site do Blogger<\/strong><br> Defina as se\u00e7\u00f5es do seu site onde deseja apresentar a Acessibilidade e cole o c\u00f3digo l\u00e1. Salve as altera\u00e7\u00f5es. <\/li> <\/ol><p>Isso \u00e9 tudo! Agora, verifique o desempenho do widget no seu site. <\/p><p>Se tiver alguma dificuldade ao incorporar o widget em um site, entre em contato com nossos gerentes de suporte. Teremos prazer em ajudar voc\u00ea a adicionar e ajustar sua solu\u00e7\u00e3o de conformidade. <\/p><\/div>","protected":false},"excerpt":{"rendered":"","protected":false},"author":9,"featured_media":0,"parent":14800,"menu_order":0,"comment_status":"closed","ping_status":"closed","template":"templates\/template-application-platform.php","meta":{"publish_to_discourse":"","publish_post_category":"","wpdc_auto_publish_overridden":"","wpdc_topic_tags":"","wpdc_pin_topic":"","wpdc_pin_until":"","discourse_post_id":"","discourse_permalink":"","wpdc_publishing_response":"","wpdc_publishing_error":"","footnotes":""},"class_list":["post-14876","page","type-page","status-publish","hentry"],"yoast_head":"<!-- This site is optimized with the Yoast SEO plugin v25.3.1 - https:\/\/yoast.com\/wordpress\/plugins\/seo\/ -->\n<title>Widget de acessibilidade do Blogger - Adicione conformidade ao seu site [GR\u00c1TIS]<\/title>\n<meta name=\"description\" content=\"Adicione um widget de Acessibilidade sem c\u00f3digo ao seu site do Blogger. Use o editor r\u00e1pido do Elfsight para criar facilmente sua solu\u00e7\u00e3o personalizada.\" \/>\n<meta name=\"robots\" content=\"index, follow, max-snippet:-1, max-image-preview:large, max-video-preview:-1\" \/>\n<link rel=\"canonical\" href=\"https:\/\/elfsight.com\/pt\/accessibility-widget\/blogger\/\" \/>\n<meta property=\"og:locale\" content=\"pt_PT\" \/>\n<meta property=\"og:type\" content=\"article\" \/>\n<meta property=\"og:title\" content=\"Widget de acessibilidade do Blogger - Adicione conformidade ao seu site [GR\u00c1TIS]\" \/>\n<meta property=\"og:description\" content=\"Adicione um widget de Acessibilidade sem c\u00f3digo ao seu site do Blogger. Use o editor r\u00e1pido do Elfsight para criar facilmente sua solu\u00e7\u00e3o personalizada.\" \/>\n<meta property=\"og:url\" content=\"https:\/\/elfsight.com\/pt\/accessibility-widget\/blogger\/\" \/>\n<meta property=\"og:site_name\" content=\"Elfsight PT\" \/>\n<meta property=\"article:modified_time\" content=\"2025-07-08T14:24:14+00:00\" \/>\n<meta name=\"twitter:card\" content=\"summary_large_image\" \/>\n<meta name=\"twitter:label1\" content=\"Tempo estimado de leitura\" \/>\n\t<meta name=\"twitter:data1\" content=\"2 minutos\" \/>\n<!-- \/ Yoast SEO plugin. -->","yoast_head_json":{"title":"Widget de acessibilidade do Blogger - Adicione conformidade ao seu site [GR\u00c1TIS]","description":"Adicione um widget de Acessibilidade sem c\u00f3digo ao seu site do Blogger. Use o editor r\u00e1pido do Elfsight para criar facilmente sua solu\u00e7\u00e3o personalizada.","robots":{"index":"index","follow":"follow","max-snippet":"max-snippet:-1","max-image-preview":"max-image-preview:large","max-video-preview":"max-video-preview:-1"},"canonical":"https:\/\/elfsight.com\/pt\/accessibility-widget\/blogger\/","og_locale":"pt_PT","og_type":"article","og_title":"Widget de acessibilidade do Blogger - Adicione conformidade ao seu site [GR\u00c1TIS]","og_description":"Adicione um widget de Acessibilidade sem c\u00f3digo ao seu site do Blogger. Use o editor r\u00e1pido do Elfsight para criar facilmente sua solu\u00e7\u00e3o personalizada.","og_url":"https:\/\/elfsight.com\/pt\/accessibility-widget\/blogger\/","og_site_name":"Elfsight PT","article_modified_time":"2025-07-08T14:24:14+00:00","twitter_card":"summary_large_image","twitter_misc":{"Tempo estimado de leitura":"2 minutos"},"schema":{"@context":"https:\/\/schema.org","@graph":[{"@type":"WebPage","@id":"https:\/\/elfsight.com\/pt\/accessibility-widget\/blogger\/","url":"https:\/\/elfsight.com\/pt\/accessibility-widget\/blogger\/","name":"Widget de acessibilidade do Blogger - Adicione conformidade ao seu site [GR\u00c1TIS]","isPartOf":{"@id":"https:\/\/elfsight.com\/pt\/#website"},"datePublished":"2025-05-20T13:23:31+00:00","dateModified":"2025-07-08T14:24:14+00:00","description":"Adicione um widget de Acessibilidade sem c\u00f3digo ao seu site do Blogger. Use o editor r\u00e1pido do Elfsight para criar facilmente sua solu\u00e7\u00e3o personalizada.","breadcrumb":{"@id":"https:\/\/elfsight.com\/pt\/accessibility-widget\/blogger\/#breadcrumb"},"inLanguage":"pt-PT","potentialAction":[{"@type":"ReadAction","target":["https:\/\/elfsight.com\/pt\/accessibility-widget\/blogger\/"]}]},{"@type":"BreadcrumbList","@id":"https:\/\/elfsight.com\/pt\/accessibility-widget\/blogger\/#breadcrumb","itemListElement":[{"@type":"ListItem","position":1,"name":"Home","item":"https:\/\/elfsight.com\/pt\/"},{"@type":"ListItem","position":2,"name":"Accessibility &#8211; Blogger"}]},{"@type":"WebSite","@id":"https:\/\/elfsight.com\/pt\/#website","url":"https:\/\/elfsight.com\/pt\/","name":"Elfsight PT","description":"Just another Elfsight Sites site","potentialAction":[{"@type":"SearchAction","target":{"@type":"EntryPoint","urlTemplate":"https:\/\/elfsight.com\/pt\/?s={search_term_string}"},"query-input":{"@type":"PropertyValueSpecification","valueRequired":true,"valueName":"search_term_string"}}],"inLanguage":"pt-PT"}]}},"meta_box":{"industry":"","seo_heading":"","heading":"","description":"","cta_heading":"","cta_description":"","application":"14794","h1":"Widget de acessibilidade para o site do Blogger","h1_caption":"Capacite cada visitante do seu site do Blogger com o widget de conformidade que ajusta seu conte\u00fado a cada necessidade. Aumente a inclus\u00e3o, a usabilidade e a disponibilidade em uma plataforma completa.","application_category":[],"applications_title":"","applications_request_title":"","applications_request_button_text":"","hero_text":"","hero_video":"","hero_video_schema_markup":"","selling_points_title":"","selling_points_caption":"","selling_points":[],"selling_points_cta_text":"","features_title":"","features":"","ed_cta_examples_text":"","ed_cta_examples_hidden":"","ed_cta_demo_text":"","ed_cta_demo_hidden":"","why_caption":"","why_editor_title":"","why_editor_text":"","why_team_title":"","why_team_text":"","why_service_title":"","why_service_text":"","template_catalog_visible":"","template_catalog_title":"","template_catalog_text":"","template_catalog_categories_visible":"","demo_title":"Crie seu widget de acessibilidade","demo_caption":"Configure sua Acessibilidade e adicione-a ao seu site Blogger gratuitamente!","default_faq_hidden":"","app_template_category":[],"platform":"46","template_public_id":"","codecanyon_url":"","codecanyon_item_id":"","codecanyon_price":"","pricing_caption":"","pricing_elfsight_apps_hide_column":"","pricing_elfsight_apps_url":"","pricing_codecanyon_price_caption":"","integration_category":[],"integration_request_title":"","integration_request_cta":"","integration_platform":"","integrations":[],"platform_category":[],"video_schema_markup":"","price":"a partir de $ 0 \/ m\u00eas","trial":"","benefits":[],"button_url":"#demo","button_target_blank":"0","button_nofollow":"","attributes":[{"name":"Instala\u00e7\u00f5es","content":"50,000 - 100,000","_state":"expanded"},{"name":"Responsivo","content":"Sim","_state":"expanded"},{"name":"Navegadores compat\u00edveis","content":"Firefox, Safari, Opera, Chrome, Edge","_state":"expanded"}],"tags":[],"tags_disable_links":"","hide_more_platforms":"","video_object":"","demo_hide_cta":"","demo_hide_cloud_options":"","pricing_title":"","pricing":[{"pricing_icon":"platform","pricing_title":"Elfsight Apps","pricing_title_caption":"Vers\u00e3o multiplataforma","pricing_price":"a partir de $ 0 \/ m\u00eas","pricing_price_caption":"comece com um plano gratuito","pricing_button_text":"Adicionar ao site","pricing_button_url":"#demo"}],"related_apps_title":"","related_apps_hidden":"","author":"","image":[],"title":"","job":"","social_networks":[]},"_links":{"self":[{"href":"https:\/\/elfsight.com\/pt\/wp-json\/wp\/v2\/pages\/14876","targetHints":{"allow":["GET"]}}],"collection":[{"href":"https:\/\/elfsight.com\/pt\/wp-json\/wp\/v2\/pages"}],"about":[{"href":"https:\/\/elfsight.com\/pt\/wp-json\/wp\/v2\/types\/page"}],"author":[{"embeddable":true,"href":"https:\/\/elfsight.com\/pt\/wp-json\/wp\/v2\/users\/9"}],"replies":[{"embeddable":true,"href":"https:\/\/elfsight.com\/pt\/wp-json\/wp\/v2\/comments?post=14876"}],"version-history":[{"count":1,"href":"https:\/\/elfsight.com\/pt\/wp-json\/wp\/v2\/pages\/14876\/revisions"}],"predecessor-version":[{"id":14880,"href":"https:\/\/elfsight.com\/pt\/wp-json\/wp\/v2\/pages\/14876\/revisions\/14880"}],"up":[{"embeddable":true,"href":"https:\/\/elfsight.com\/pt\/wp-json\/wp\/v2\/pages\/14800"}],"wp:attachment":[{"href":"https:\/\/elfsight.com\/pt\/wp-json\/wp\/v2\/media?parent=14876"}],"curies":[{"name":"wp","href":"https:\/\/api.w.org\/{rel}","templated":true}]}}