{"id":14868,"date":"2025-05-20T13:39:47","date_gmt":"2025-05-20T13:39:47","guid":{"rendered":"https:\/\/elfsight.com\/pt\/?page_id=14868"},"modified":"2025-07-08T14:24:07","modified_gmt":"2025-07-08T14:24:07","slug":"jimdo","status":"publish","type":"page","link":"https:\/\/elfsight.com\/pt\/accessibility-widget\/jimdo\/","title":{"rendered":"Accessibility &#8211; Jimdo"},"content":{"rendered":"<div class=\"application-platform-content-item-description application-platform-content-item\" id=\"description\" data-nav-section=\"description\"> <h2>Incorpore Acessibilidade ao Jimdo com um widget Elfsight<\/h2> <p>O widget Acessibilidade garante a inclus\u00e3o em seu site, melhorando a experi\u00eancia do usu\u00e1rio para pessoas com diferentes necessidades de acessibilidade. Com modos de acessibilidade predefinidos, ele adapta instantaneamente seu site a visitantes com dificuldades visuais, de aten\u00e7\u00e3o ou de fun\u00e7\u00e3o motora. Cada modo re\u00fane ajustes visuais e funcionais inteligentes para garantir usabilidade e conveni\u00eancia. <\/p><p>Ele tamb\u00e9m oferece um analisador de acessibilidade nativo para garantir que seu site atenda aos padr\u00f5es e visualize as descobertas de acessibilidade no painel do widget. Isso permite que voc\u00ea resolva problemas de acessibilidade enquanto demonstra sua dedica\u00e7\u00e3o ao design inclusivo. Totalmente localizado, o widget oferece suporte a usu\u00e1rios globais em seus idiomas nativos para uma experi\u00eancia perfeita. <\/p><p><strong>Adicione nosso widget Acessibilidade ao seu site Jimdo e mostre ao mundo que seu site \u00e9 para todos! <\/strong><\/p><\/div> <div class=\"application-platform-content-item-features application-platform-content-item\" id=\"features\" data-nav-section=\"features\"> <h2>Abaixo est\u00e3o os recursos essenciais do widget: <\/h2><ul><li><b>Modos prontos para 8 cen\u00e1rios de usu\u00e1rio. <\/b> Usu\u00e1rios com diversas defici\u00eancias podem encontrar uma predefini\u00e7\u00e3o perfeita para explorar seu site com conforto. <\/li><li><b>Ajuste as configura\u00e7\u00f5es do site para exibir o conte\u00fado. <\/b> O widget apresenta configura\u00e7\u00f5es projetadas para otimizar a legibilidade, o fluxo do usu\u00e1rio e a acessibilidade visual. <\/li><li><b>Verificador de acessibilidade integrado. <\/b> Avalie seu site sem esfor\u00e7o para identificar lacunas e melhor\u00e1-lo para melhor acessibilidade. <\/li><li><b>Selo de confian\u00e7a com pontua\u00e7\u00e3o de acessibilidade. <\/b> Exiba os resultados da sua auditoria para demonstrar sua dedica\u00e7\u00e3o \u00e0 conformidade com a acessibilidade. <\/li><li><b>Localiza\u00e7\u00e3o precisa. <\/b> O widget foi traduzido e localizado para 76 pa\u00edses para garantir a conformidade e a disponibilidade internacional. <\/li><\/ul><p><a href=\"#demo\">Basta testar todas as possibilidades do widget no editor diretamente nesta p\u00e1gina<\/a><\/p><\/div> <div class=\"application-platform-content-item-installation application-platform-content-item\" id=\"installation\" data-nav-section=\"installation\"> <h2>Como incorporar a Acessibilidade no meu site Jimdo?<\/h2><p>Veja este guia simples para configurar o widget no seu site Jimdo. Levar\u00e1 apenas alguns minutos e n\u00e3o requer codifica\u00e7\u00e3o.<\/p> <ol><li><strong>Crie seu widget de Acessibilidade pessoal<\/strong><br> Comece com qualquer modelo no editor, trabalhe com os elementos intuitivos e ajuste o widget ao seu design e op\u00e7\u00f5es preferidos.<\/li><li><strong>Obtenha o c\u00f3digo pessoal para incorporar o widget<\/strong><br> Depois de criar seu widget, voc\u00ea receber\u00e1 um c\u00f3digo HTML individual no seu painel. Copie o c\u00f3digo que cont\u00e9m todos os detalhes sobre suas configura\u00e7\u00f5es. <\/li> <li><strong>Exiba o widget no seu site Jimdo<\/strong><br> Defina as se\u00e7\u00f5es do seu site onde deseja apresentar a Acessibilidade e cole o c\u00f3digo l\u00e1. Salve as altera\u00e7\u00f5es. <\/li> <\/ol><p>Pronto! Agora, veja o desempenho do widget no seu site. <\/p><p>Caso tenha alguma dificuldade ao incorporar o widget ao seu site, entre em contato com nossos gerentes de suporte. Teremos prazer em orient\u00e1-lo na adi\u00e7\u00e3o e no gerenciamento da sua solu\u00e7\u00e3o de conformidade. <\/p><\/div>","protected":false},"excerpt":{"rendered":"","protected":false},"author":9,"featured_media":0,"parent":14800,"menu_order":0,"comment_status":"closed","ping_status":"closed","template":"templates\/template-application-platform.php","meta":{"publish_to_discourse":"","publish_post_category":"","wpdc_auto_publish_overridden":"","wpdc_topic_tags":"","wpdc_pin_topic":"","wpdc_pin_until":"","discourse_post_id":"","discourse_permalink":"","wpdc_publishing_response":"","wpdc_publishing_error":"","footnotes":""},"class_list":["post-14868","page","type-page","status-publish","hentry"],"yoast_head":"<!-- This site is optimized with the Yoast SEO plugin v25.3.1 - https:\/\/yoast.com\/wordpress\/plugins\/seo\/ -->\n<title>Widget de acessibilidade Jimdo - Adicione conformidade ao seu site [GR\u00c1TIS]<\/title>\n<meta name=\"description\" content=\"Adicione um widget de acessibilidade sem c\u00f3digo ao seu site Jimdo. Use o editor intuitivo do Elfsight para criar sua solu\u00e7\u00e3o personalizada sem esfor\u00e7o.\" \/>\n<meta name=\"robots\" content=\"index, follow, max-snippet:-1, max-image-preview:large, max-video-preview:-1\" \/>\n<link rel=\"canonical\" href=\"https:\/\/elfsight.com\/pt\/accessibility-widget\/jimdo\/\" \/>\n<meta property=\"og:locale\" content=\"pt_PT\" \/>\n<meta property=\"og:type\" content=\"article\" \/>\n<meta property=\"og:title\" content=\"Widget de acessibilidade Jimdo - Adicione conformidade ao seu site [GR\u00c1TIS]\" \/>\n<meta property=\"og:description\" content=\"Adicione um widget de acessibilidade sem c\u00f3digo ao seu site Jimdo. Use o editor intuitivo do Elfsight para criar sua solu\u00e7\u00e3o personalizada sem esfor\u00e7o.\" \/>\n<meta property=\"og:url\" content=\"https:\/\/elfsight.com\/pt\/accessibility-widget\/jimdo\/\" \/>\n<meta property=\"og:site_name\" content=\"Elfsight PT\" \/>\n<meta property=\"article:modified_time\" content=\"2025-07-08T14:24:07+00:00\" \/>\n<meta name=\"twitter:card\" content=\"summary_large_image\" \/>\n<meta name=\"twitter:label1\" content=\"Tempo estimado de leitura\" \/>\n\t<meta name=\"twitter:data1\" content=\"2 minutos\" \/>\n<!-- \/ Yoast SEO plugin. -->","yoast_head_json":{"title":"Widget de acessibilidade Jimdo - Adicione conformidade ao seu site [GR\u00c1TIS]","description":"Adicione um widget de acessibilidade sem c\u00f3digo ao seu site Jimdo. Use o editor intuitivo do Elfsight para criar sua solu\u00e7\u00e3o personalizada sem esfor\u00e7o.","robots":{"index":"index","follow":"follow","max-snippet":"max-snippet:-1","max-image-preview":"max-image-preview:large","max-video-preview":"max-video-preview:-1"},"canonical":"https:\/\/elfsight.com\/pt\/accessibility-widget\/jimdo\/","og_locale":"pt_PT","og_type":"article","og_title":"Widget de acessibilidade Jimdo - Adicione conformidade ao seu site [GR\u00c1TIS]","og_description":"Adicione um widget de acessibilidade sem c\u00f3digo ao seu site Jimdo. Use o editor intuitivo do Elfsight para criar sua solu\u00e7\u00e3o personalizada sem esfor\u00e7o.","og_url":"https:\/\/elfsight.com\/pt\/accessibility-widget\/jimdo\/","og_site_name":"Elfsight PT","article_modified_time":"2025-07-08T14:24:07+00:00","twitter_card":"summary_large_image","twitter_misc":{"Tempo estimado de leitura":"2 minutos"},"schema":{"@context":"https:\/\/schema.org","@graph":[{"@type":"WebPage","@id":"https:\/\/elfsight.com\/pt\/accessibility-widget\/jimdo\/","url":"https:\/\/elfsight.com\/pt\/accessibility-widget\/jimdo\/","name":"Widget de acessibilidade Jimdo - Adicione conformidade ao seu site [GR\u00c1TIS]","isPartOf":{"@id":"https:\/\/elfsight.com\/pt\/#website"},"datePublished":"2025-05-20T13:39:47+00:00","dateModified":"2025-07-08T14:24:07+00:00","description":"Adicione um widget de acessibilidade sem c\u00f3digo ao seu site Jimdo. Use o editor intuitivo do Elfsight para criar sua solu\u00e7\u00e3o personalizada sem esfor\u00e7o.","breadcrumb":{"@id":"https:\/\/elfsight.com\/pt\/accessibility-widget\/jimdo\/#breadcrumb"},"inLanguage":"pt-PT","potentialAction":[{"@type":"ReadAction","target":["https:\/\/elfsight.com\/pt\/accessibility-widget\/jimdo\/"]}]},{"@type":"BreadcrumbList","@id":"https:\/\/elfsight.com\/pt\/accessibility-widget\/jimdo\/#breadcrumb","itemListElement":[{"@type":"ListItem","position":1,"name":"Home","item":"https:\/\/elfsight.com\/pt\/"},{"@type":"ListItem","position":2,"name":"Accessibility &#8211; Jimdo"}]},{"@type":"WebSite","@id":"https:\/\/elfsight.com\/pt\/#website","url":"https:\/\/elfsight.com\/pt\/","name":"Elfsight PT","description":"Just another Elfsight Sites site","potentialAction":[{"@type":"SearchAction","target":{"@type":"EntryPoint","urlTemplate":"https:\/\/elfsight.com\/pt\/?s={search_term_string}"},"query-input":{"@type":"PropertyValueSpecification","valueRequired":true,"valueName":"search_term_string"}}],"inLanguage":"pt-PT"}]}},"meta_box":{"industry":"","seo_heading":"","heading":"","description":"","cta_heading":"","cta_description":"","application":"14794","h1":"Widget de acessibilidade para o site Jimdo","h1_caption":"Capacite cada visitante do seu site Jimdo com o widget de conformidade que adapta seu conte\u00fado a cada necessidade. Melhore a inclus\u00e3o, a funcionalidade e a disponibilidade em um \u00fanico sistema inteligente.","application_category":[],"applications_title":"","applications_request_title":"","applications_request_button_text":"","hero_text":"","hero_video":"","hero_video_schema_markup":"","selling_points_title":"","selling_points_caption":"","selling_points":[],"selling_points_cta_text":"","features_title":"","features":"","ed_cta_examples_text":"","ed_cta_examples_hidden":"","ed_cta_demo_text":"","ed_cta_demo_hidden":"","why_caption":"","why_editor_title":"","why_editor_text":"","why_team_title":"","why_team_text":"","why_service_title":"","why_service_text":"","template_catalog_visible":"","template_catalog_title":"","template_catalog_text":"","template_catalog_categories_visible":"","demo_title":"Crie seu widget de acessibilidade","demo_caption":"Configure sua Acessibilidade e adicione-a ao seu site Jimdo gratuitamente!","default_faq_hidden":"","app_template_category":[],"platform":"5393","template_public_id":"","codecanyon_url":"","codecanyon_item_id":"","codecanyon_price":"","pricing_caption":"","pricing_elfsight_apps_hide_column":"","pricing_elfsight_apps_url":"","pricing_codecanyon_price_caption":"","integration_category":[],"integration_request_title":"","integration_request_cta":"","integration_platform":"","integrations":[],"platform_category":[],"video_schema_markup":"","price":"a partir de $ 0 \/ m\u00eas","trial":"","benefits":[],"button_url":"#demo","button_target_blank":"0","button_nofollow":"","attributes":[{"name":"Instala\u00e7\u00f5es","content":"50,000 - 100,000","_state":"expanded"},{"name":"Responsivo","content":"Sim","_state":"expanded"},{"name":"Navegadores compat\u00edveis","content":"Firefox, Safari, Opera, Chrome, Edge","_state":"expanded"}],"tags":[],"tags_disable_links":"","hide_more_platforms":"","video_object":"","demo_hide_cta":"","demo_hide_cloud_options":"","pricing_title":"","pricing":[{"pricing_icon":"platform","pricing_title":"Elfsight Apps","pricing_title_caption":"Software independente de plataforma","pricing_price":"a partir de $ 0 \/ m\u00eas","pricing_price_caption":"comece com um plano gratuito","pricing_button_text":"Adicionar ao site","pricing_button_url":"#demo"}],"related_apps_title":"","related_apps_hidden":"","author":"","image":[],"title":"","job":"","social_networks":[]},"_links":{"self":[{"href":"https:\/\/elfsight.com\/pt\/wp-json\/wp\/v2\/pages\/14868","targetHints":{"allow":["GET"]}}],"collection":[{"href":"https:\/\/elfsight.com\/pt\/wp-json\/wp\/v2\/pages"}],"about":[{"href":"https:\/\/elfsight.com\/pt\/wp-json\/wp\/v2\/types\/page"}],"author":[{"embeddable":true,"href":"https:\/\/elfsight.com\/pt\/wp-json\/wp\/v2\/users\/9"}],"replies":[{"embeddable":true,"href":"https:\/\/elfsight.com\/pt\/wp-json\/wp\/v2\/comments?post=14868"}],"version-history":[{"count":1,"href":"https:\/\/elfsight.com\/pt\/wp-json\/wp\/v2\/pages\/14868\/revisions"}],"predecessor-version":[{"id":14872,"href":"https:\/\/elfsight.com\/pt\/wp-json\/wp\/v2\/pages\/14868\/revisions\/14872"}],"up":[{"embeddable":true,"href":"https:\/\/elfsight.com\/pt\/wp-json\/wp\/v2\/pages\/14800"}],"wp:attachment":[{"href":"https:\/\/elfsight.com\/pt\/wp-json\/wp\/v2\/media?parent=14868"}],"curies":[{"name":"wp","href":"https:\/\/api.w.org\/{rel}","templated":true}]}}