{"id":14853,"date":"2025-05-21T08:19:58","date_gmt":"2025-05-21T08:19:58","guid":{"rendered":"https:\/\/elfsight.com\/pt\/?page_id=14853"},"modified":"2025-07-10T06:27:11","modified_gmt":"2025-07-10T06:27:11","slug":"webflow","status":"publish","type":"page","link":"https:\/\/elfsight.com\/pt\/ada-compliance-widget\/webflow\/","title":{"rendered":"ADA Compliance &#8211; Webflow"},"content":{"rendered":"<div class=\"application-platform-content-item-description application-platform-content-item\" id=\"description\" data-nav-section=\"description\"> <h2>Incorpore a conformidade com a ADA no Webflow com um widget Elfsight<\/h2> <p>O widget de Conformidade com a ADA ajuda a garantir uma navega\u00e7\u00e3o e usabilidade fluidas para um p\u00fablico diversificado, aderindo \u00e0s diretrizes de acessibilidade reconhecidas. Equipado com uma variedade de modos de acessibilidade assistida integrados, ele ajusta automaticamente sua interface para ajudar usu\u00e1rios com defici\u00eancias visuais, de foco ou motoras. Funciona perfeitamente, sem a necessidade de c\u00f3digo personalizado ou altera\u00e7\u00f5es de design. Cada modo aplica um conjunto criterioso de melhorias para tornar seu conte\u00fado existente mais acess\u00edvel e as intera\u00e7\u00f5es mais confort\u00e1veis. <\/p><p>O widget tamb\u00e9m possui um scanner de conformidade inteligente que identifica lacunas de acessibilidade em seu site e apresenta as descobertas de acessibilidade na interface do widget em tempo real. Voc\u00ea pode baixar um relat\u00f3rio completo e at\u00e9 mesmo exibir sua pontua\u00e7\u00e3o para construir credibilidade e confian\u00e7a. Com localiza\u00e7\u00e3o completa, ele garante acessibilidade e usabilidade em v\u00e1rios idiomas e regi\u00f5es geogr\u00e1ficas. <\/p><p><strong>Adicione nosso widget de Conformidade com a ADA ao seu site Webflow e prove que a acessibilidade faz parte do seu padr\u00e3o! <\/strong><\/p><\/div> <div class=\"application-platform-content-item-features application-platform-content-item\" id=\"features\" data-nav-section=\"features\"> <h2>O widget inclui recursos pr\u00e1ticos e r\u00e1pidos. Veja alguns deles: <\/h2><ul><li><b>Modos prontos para 8 cen\u00e1rios de usu\u00e1rio. <\/b> Pessoas com diversas defici\u00eancias podem selecionar um modo de acessibilidade ideal para navegar em seu site com facilidade e confian\u00e7a. <\/li><li><b>Ajuste as configura\u00e7\u00f5es do site para exibir o conte\u00fado. <\/b> O widget possui configura\u00e7\u00f5es para melhorar a legibilidade do texto, a navega\u00e7\u00e3o e as cores. <\/li><li><b>Verificador de acessibilidade integrado. <\/b> Analise facilmente seu site em busca de pontos fracos e aprimore-o para melhor acessibilidade. <\/li><li><b>Selo de confian\u00e7a com pontua\u00e7\u00e3o de acessibilidade. <\/b> Exiba os resultados da sua auditoria para demonstrar sua dedica\u00e7\u00e3o \u00e0 conformidade com a acessibilidade. <\/li><li><b>Localiza\u00e7\u00e3o precisa. <\/b> O widget oferece localiza\u00e7\u00e3o de idioma e cultura em 76 regi\u00f5es para dar suporte \u00e0s leis de acessibilidade e \u00e0 implanta\u00e7\u00e3o internacional. <\/li><\/ul><p><a href=\"#demo\">Basta testar todos os ajustes do nosso widget no editor, diretamente nesta p\u00e1gina<\/a><\/p><\/div> <div class=\"application-platform-content-item-installation application-platform-content-item\" id=\"installation\" data-nav-section=\"installation\"> <h2>Como posso incorporar a conformidade com a ADA no meu site Webflow?<\/h2><p>Veja esta maneira simples de configurar o widget no seu site Webflow. Levar\u00e1 apenas alguns minutos e n\u00e3o requer nenhuma codifica\u00e7\u00e3o.<\/p> <ol><li><strong>Crie seu widget individual de conformidade com a ADA<\/strong><br> Comece com qualquer modelo no editor, trabalhe com os elementos intuitivos e personalize o widget de acordo com o estilo e as configura\u00e7\u00f5es desejados.<\/li><li><strong>Receba o c\u00f3digo personalizado para incorporar o widget<\/strong><br> Assim que terminar de criar o widget, voc\u00ea receber\u00e1 um c\u00f3digo HTML individual no seu painel. Copie o c\u00f3digo que cont\u00e9m todos os detalhes sobre suas configura\u00e7\u00f5es. <\/li> <li><strong>Exiba o widget no seu site Webflow<\/strong><br> Selecione as se\u00e7\u00f5es do seu site onde deseja exibir a Conformidade com a ADA e cole o c\u00f3digo l\u00e1. Salve as altera\u00e7\u00f5es. <\/li> <\/ol><p>Pronto! Agora, verifique como o widget est\u00e1 funcionando no seu site. <\/p><p>Se voc\u00ea tiver algum inconveniente ao incorporar o widget ao seu site, entre em contato com nossa central de ajuda. Teremos prazer em ajudar voc\u00ea a adicionar e ajustar sua solu\u00e7\u00e3o de acessibilidade. <\/p><\/div>","protected":false},"excerpt":{"rendered":"","protected":false},"author":9,"featured_media":0,"parent":14989,"menu_order":0,"comment_status":"closed","ping_status":"closed","template":"templates\/template-application-platform.php","meta":{"publish_to_discourse":"","publish_post_category":"","wpdc_auto_publish_overridden":"","wpdc_topic_tags":"","wpdc_pin_topic":"","wpdc_pin_until":"","discourse_post_id":"","discourse_permalink":"","wpdc_publishing_response":"","wpdc_publishing_error":"","footnotes":""},"class_list":["post-14853","page","type-page","status-publish","hentry"],"yoast_head":"<!-- This site is optimized with the Yoast SEO plugin v25.3.1 - https:\/\/yoast.com\/wordpress\/plugins\/seo\/ -->\n<title>Widget de conformidade com a ADA do Webflow - Adicione acessibilidade ao seu site [GR\u00c1TIS]<\/title>\n<meta name=\"description\" content=\"Adicione um widget de conformidade com a ADA sem c\u00f3digo ao seu site Webflow. Experimente o editor r\u00e1pido da Elfsight para criar sua solu\u00e7\u00e3o personalizada sem esfor\u00e7o.\" \/>\n<meta name=\"robots\" content=\"index, follow, max-snippet:-1, max-image-preview:large, max-video-preview:-1\" \/>\n<link rel=\"canonical\" href=\"https:\/\/elfsight.com\/pt\/ada-compliance-widget\/webflow\/\" \/>\n<meta property=\"og:locale\" content=\"pt_PT\" \/>\n<meta property=\"og:type\" content=\"article\" \/>\n<meta property=\"og:title\" content=\"Widget de conformidade com a ADA do Webflow - Adicione acessibilidade ao seu site [GR\u00c1TIS]\" \/>\n<meta property=\"og:description\" content=\"Adicione um widget de conformidade com a ADA sem c\u00f3digo ao seu site Webflow. Experimente o editor r\u00e1pido da Elfsight para criar sua solu\u00e7\u00e3o personalizada sem esfor\u00e7o.\" \/>\n<meta property=\"og:url\" content=\"https:\/\/elfsight.com\/pt\/ada-compliance-widget\/webflow\/\" \/>\n<meta property=\"og:site_name\" content=\"Elfsight PT\" \/>\n<meta property=\"article:modified_time\" content=\"2025-07-10T06:27:11+00:00\" \/>\n<meta name=\"twitter:card\" content=\"summary_large_image\" \/>\n<meta name=\"twitter:label1\" content=\"Tempo estimado de leitura\" \/>\n\t<meta name=\"twitter:data1\" content=\"3 minutos\" \/>\n<!-- \/ Yoast SEO plugin. -->","yoast_head_json":{"title":"Widget de conformidade com a ADA do Webflow - Adicione acessibilidade ao seu site [GR\u00c1TIS]","description":"Adicione um widget de conformidade com a ADA sem c\u00f3digo ao seu site Webflow. Experimente o editor r\u00e1pido da Elfsight para criar sua solu\u00e7\u00e3o personalizada sem esfor\u00e7o.","robots":{"index":"index","follow":"follow","max-snippet":"max-snippet:-1","max-image-preview":"max-image-preview:large","max-video-preview":"max-video-preview:-1"},"canonical":"https:\/\/elfsight.com\/pt\/ada-compliance-widget\/webflow\/","og_locale":"pt_PT","og_type":"article","og_title":"Widget de conformidade com a ADA do Webflow - Adicione acessibilidade ao seu site [GR\u00c1TIS]","og_description":"Adicione um widget de conformidade com a ADA sem c\u00f3digo ao seu site Webflow. Experimente o editor r\u00e1pido da Elfsight para criar sua solu\u00e7\u00e3o personalizada sem esfor\u00e7o.","og_url":"https:\/\/elfsight.com\/pt\/ada-compliance-widget\/webflow\/","og_site_name":"Elfsight PT","article_modified_time":"2025-07-10T06:27:11+00:00","twitter_card":"summary_large_image","twitter_misc":{"Tempo estimado de leitura":"3 minutos"},"schema":{"@context":"https:\/\/schema.org","@graph":[{"@type":"WebPage","@id":"https:\/\/elfsight.com\/pt\/ada-compliance-widget\/webflow\/","url":"https:\/\/elfsight.com\/pt\/ada-compliance-widget\/webflow\/","name":"Widget de conformidade com a ADA do Webflow - Adicione acessibilidade ao seu site [GR\u00c1TIS]","isPartOf":{"@id":"https:\/\/elfsight.com\/pt\/#website"},"datePublished":"2025-05-21T08:19:58+00:00","dateModified":"2025-07-10T06:27:11+00:00","description":"Adicione um widget de conformidade com a ADA sem c\u00f3digo ao seu site Webflow. Experimente o editor r\u00e1pido da Elfsight para criar sua solu\u00e7\u00e3o personalizada sem esfor\u00e7o.","breadcrumb":{"@id":"https:\/\/elfsight.com\/pt\/ada-compliance-widget\/webflow\/#breadcrumb"},"inLanguage":"pt-PT","potentialAction":[{"@type":"ReadAction","target":["https:\/\/elfsight.com\/pt\/ada-compliance-widget\/webflow\/"]}]},{"@type":"BreadcrumbList","@id":"https:\/\/elfsight.com\/pt\/ada-compliance-widget\/webflow\/#breadcrumb","itemListElement":[{"@type":"ListItem","position":1,"name":"Home","item":"https:\/\/elfsight.com\/pt\/"},{"@type":"ListItem","position":2,"name":"Ada Compliance","item":"https:\/\/elfsight.com\/pt\/ada-compliance-widget\/"},{"@type":"ListItem","position":3,"name":"ADA Compliance &#8211; Webflow"}]},{"@type":"WebSite","@id":"https:\/\/elfsight.com\/pt\/#website","url":"https:\/\/elfsight.com\/pt\/","name":"Elfsight PT","description":"Just another Elfsight Sites site","potentialAction":[{"@type":"SearchAction","target":{"@type":"EntryPoint","urlTemplate":"https:\/\/elfsight.com\/pt\/?s={search_term_string}"},"query-input":{"@type":"PropertyValueSpecification","valueRequired":true,"valueName":"search_term_string"}}],"inLanguage":"pt-PT"}]}},"meta_box":{"industry":"","seo_heading":"","heading":"","description":"","cta_heading":"","cta_description":"","application":"14794","h1":"Widget de conformidade com ADA para site Webflow","h1_caption":"Torne seu site Webflow compat\u00edvel com ADA com um widget que modifica seu conte\u00fado para atender \u00e0s diversas necessidades dos usu\u00e1rios: promova acesso inclusivo e demonstre sua dedica\u00e7\u00e3o \u00e0 acessibilidade na web.","application_category":[],"applications_title":"","applications_request_title":"","applications_request_button_text":"","hero_text":"","hero_video":"","hero_video_schema_markup":"","selling_points_title":"","selling_points_caption":"","selling_points":[],"selling_points_cta_text":"","features_title":"","features":"","ed_cta_examples_text":"","ed_cta_examples_hidden":"","ed_cta_demo_text":"","ed_cta_demo_hidden":"","why_caption":"","why_editor_title":"","why_editor_text":"","why_team_title":"","why_team_text":"","why_service_title":"","why_service_text":"","template_catalog_visible":"","template_catalog_title":"","template_catalog_text":"","template_catalog_categories_visible":"","demo_title":"Crie seu widget de conformidade com a ADA","demo_caption":"Configure sua conformidade com a ADA e adicione-a ao seu site Webflow gratuitamente!","default_faq_hidden":"","app_template_category":[],"platform":"70","template_public_id":"","codecanyon_url":"","codecanyon_item_id":"","codecanyon_price":"","pricing_caption":"","pricing_elfsight_apps_hide_column":"","pricing_elfsight_apps_url":"","pricing_codecanyon_price_caption":"","integration_category":[],"integration_request_title":"","integration_request_cta":"","integration_platform":"","integrations":[],"platform_category":[],"video_schema_markup":"","price":"a partir de $ 0 \/ m\u00eas","trial":"","benefits":[],"button_url":"#demo","button_target_blank":"0","button_nofollow":"","attributes":[{"name":"Instala\u00e7\u00f5es","content":"50,000 - 100,000","_state":"expanded"},{"name":"Responsivo","content":"Sim","_state":"expanded"},{"name":"Navegadores compat\u00edveis","content":"Firefox, Safari, Opera, Chrome, Edge","_state":"expanded"}],"tags":[],"tags_disable_links":"","hide_more_platforms":"","video_object":"","demo_hide_cta":"","demo_hide_cloud_options":"","pricing_title":"","pricing":[{"pricing_icon":"platform","pricing_title":"Elfsight Apps","pricing_title_caption":"Software independente de plataforma","pricing_price":"a partir de $ 0 \/ m\u00eas","pricing_price_caption":"comece com um plano gratuito","pricing_button_text":"Adicionar ao site","pricing_button_url":"#demo"}],"related_apps_title":"","related_apps_hidden":"","author":"","image":[],"title":"","job":"","social_networks":[]},"_links":{"self":[{"href":"https:\/\/elfsight.com\/pt\/wp-json\/wp\/v2\/pages\/14853","targetHints":{"allow":["GET"]}}],"collection":[{"href":"https:\/\/elfsight.com\/pt\/wp-json\/wp\/v2\/pages"}],"about":[{"href":"https:\/\/elfsight.com\/pt\/wp-json\/wp\/v2\/types\/page"}],"author":[{"embeddable":true,"href":"https:\/\/elfsight.com\/pt\/wp-json\/wp\/v2\/users\/9"}],"replies":[{"embeddable":true,"href":"https:\/\/elfsight.com\/pt\/wp-json\/wp\/v2\/comments?post=14853"}],"version-history":[{"count":1,"href":"https:\/\/elfsight.com\/pt\/wp-json\/wp\/v2\/pages\/14853\/revisions"}],"predecessor-version":[{"id":14857,"href":"https:\/\/elfsight.com\/pt\/wp-json\/wp\/v2\/pages\/14853\/revisions\/14857"}],"up":[{"embeddable":true,"href":"https:\/\/elfsight.com\/pt\/wp-json\/wp\/v2\/pages\/14989"}],"wp:attachment":[{"href":"https:\/\/elfsight.com\/pt\/wp-json\/wp\/v2\/media?parent=14853"}],"curies":[{"name":"wp","href":"https:\/\/api.w.org\/{rel}","templated":true}]}}