{"id":14846,"date":"2025-05-21T08:36:54","date_gmt":"2025-05-21T08:36:54","guid":{"rendered":"https:\/\/elfsight.com\/pt\/?page_id=14846"},"modified":"2025-07-10T06:24:57","modified_gmt":"2025-07-10T06:24:57","slug":"elementor","status":"publish","type":"page","link":"https:\/\/elfsight.com\/pt\/ada-compliance-widget\/elementor\/","title":{"rendered":"ADA Compliance &#8211; Elementor"},"content":{"rendered":"<div class=\"application-platform-content-item-description application-platform-content-item\" id=\"description\" data-nav-section=\"description\"> <h2>Incorpore a conformidade com a ADA no Elementor com um widget Elfsight<\/h2> <p>O widget de conformidade com a ADA ajuda a garantir uma navega\u00e7\u00e3o e usabilidade fluidas para um p\u00fablico diversificado, em conformidade com os principais padr\u00f5es e pr\u00e1ticas recomendadas de acessibilidade da web. Com suporte integrado para v\u00e1rios modos de assist\u00eancia, ele ajusta dinamicamente sua interface para ajudar usu\u00e1rios com defici\u00eancias visuais, de foco ou motoras. Funciona imediatamente: sem necessidade de ajustes t\u00e9cnicos. Cada predefini\u00e7\u00e3o oferece uma combina\u00e7\u00e3o bem projetada de melhorias de usabilidade para tornar seu conte\u00fado existente mais acess\u00edvel e as intera\u00e7\u00f5es mais confort\u00e1veis. <\/p><p>O widget tamb\u00e9m inclui um verificador de conformidade inteligente que verifica seu site em busca de problemas de acessibilidade e exibe os resultados da auditoria diretamente no painel do widget. Voc\u00ea pode baixar um relat\u00f3rio completo e at\u00e9 mesmo exibir sua pontua\u00e7\u00e3o para construir credibilidade e confian\u00e7a. Com localiza\u00e7\u00e3o completa, ele oferece engajamento inclusivo para usu\u00e1rios em diversos contextos lingu\u00edsticos e regionais. <\/p><p><strong>Integre nosso widget de conformidade com a ADA ao seu site Elementor para demonstrar seu compromisso com as pr\u00e1ticas recomendadas de acessibilidade! <\/strong><\/p><\/div> <div class=\"application-platform-content-item-features application-platform-content-item\" id=\"features\" data-nav-section=\"features\"> <h2>Os recursos mais valiosos do widget incluem<\/h2><ul><li><b>Modos prontos para 8 cen\u00e1rios de usu\u00e1rio.<\/b> Usu\u00e1rios com diversas defici\u00eancias podem encontrar uma predefini\u00e7\u00e3o perfeita para explorar seu site com conforto.<\/li><li><b>Ajuste as configura\u00e7\u00f5es do site para exibir o conte\u00fado.<\/b> O widget inclui op\u00e7\u00f5es de personaliza\u00e7\u00e3o para melhorar a clareza do texto, a navega\u00e7\u00e3o no site e o contraste de cores.<\/li><li><b>Verificador de acessibilidade integrado.<\/b> Examine rapidamente seu site em busca de problemas de conformidade e aprimore-o para melhor acessibilidade.<\/li><li><b>Selo de confian\u00e7a com pontua\u00e7\u00e3o de acessibilidade.<\/b> Exiba os resultados da auditoria integrada para comprovar seu compromisso em permanecer em conformidade.<\/li><li><b>Localiza\u00e7\u00e3o precisa.<\/b> O widget oferece suporte para localiza\u00e7\u00e3o e tradu\u00e7\u00e3o para 76 pa\u00edses, atendendo aos padr\u00f5es globais de conformidade e \u00e0s necessidades de acessibilidade. <\/li><\/ul><p><a href=\"#demo\">Basta explorar todos os pontos fortes do nosso widget no editor diretamente nesta p\u00e1gina<\/a><\/p><\/div> <div class=\"application-platform-content-item-installation application-platform-content-item\" id=\"installation\" data-nav-section=\"installation\"> <h2>Como incorporo a conformidade com a ADA no meu site Elementor? <\/h2><p>Encontre este guia simples para ter o widget no seu site Elementor. Levar\u00e1 apenas alguns minutos e n\u00e3o requer nenhuma codifica\u00e7\u00e3o. <\/p> <ol><li><strong>Crie seu widget pessoal de conformidade com a ADA<\/strong><br> Comece com qualquer modelo no editor, trabalhe com os elementos intuitivos e personalize o widget de acordo com o estilo e as op\u00e7\u00f5es desejados. <\/li><li><strong>Obtenha o c\u00f3digo pessoal para incorporar o widget<\/strong><br> Assim que terminar de criar seu widget, voc\u00ea receber\u00e1 um c\u00f3digo HTML individual no seu painel. Copie este c\u00f3digo que cont\u00e9m todos os detalhes sobre suas configura\u00e7\u00f5es. <\/li> <li><strong>Exiba o widget no seu site Elementor<\/strong><br> Escolha as se\u00e7\u00f5es do seu site onde voc\u00ea espera apresentar a conformidade com a ADA e cole o c\u00f3digo l\u00e1. Salve suas altera\u00e7\u00f5es. <\/li> <\/ol><p>Pronto! Agora, veja o desempenho do widget no seu site. <\/p><p>Se voc\u00ea tiver algum problema ao incorporar o widget em um site, entre em contato com nossa central de ajuda. Teremos prazer em ajudar voc\u00ea a adicionar e ajustar sua solu\u00e7\u00e3o de acessibilidade. <\/p><\/div>","protected":false},"excerpt":{"rendered":"","protected":false},"author":9,"featured_media":0,"parent":14989,"menu_order":0,"comment_status":"closed","ping_status":"closed","template":"templates\/template-application-platform.php","meta":{"publish_to_discourse":"","publish_post_category":"","wpdc_auto_publish_overridden":"","wpdc_topic_tags":"","wpdc_pin_topic":"","wpdc_pin_until":"","discourse_post_id":"","discourse_permalink":"","wpdc_publishing_response":"","wpdc_publishing_error":"","footnotes":""},"class_list":["post-14846","page","type-page","status-publish","hentry"],"yoast_head":"<!-- This site is optimized with the Yoast SEO plugin v25.3.1 - https:\/\/yoast.com\/wordpress\/plugins\/seo\/ -->\n<title>Widget de conformidade com a ADA do Elementor - Adicione acessibilidade ao seu site [GR\u00c1TIS]<\/title>\n<meta name=\"description\" content=\"Adicione um widget de conformidade com a ADA sem c\u00f3digo ao seu site Elementor. Use o editor simples do Elfsight para criar facilmente sua solu\u00e7\u00e3o personalizada.\" \/>\n<meta name=\"robots\" content=\"index, follow, max-snippet:-1, max-image-preview:large, max-video-preview:-1\" \/>\n<link rel=\"canonical\" href=\"https:\/\/elfsight.com\/pt\/ada-compliance-widget\/elementor\/\" \/>\n<meta property=\"og:locale\" content=\"pt_PT\" \/>\n<meta property=\"og:type\" content=\"article\" \/>\n<meta property=\"og:title\" content=\"Widget de conformidade com a ADA do Elementor - Adicione acessibilidade ao seu site [GR\u00c1TIS]\" \/>\n<meta property=\"og:description\" content=\"Adicione um widget de conformidade com a ADA sem c\u00f3digo ao seu site Elementor. Use o editor simples do Elfsight para criar facilmente sua solu\u00e7\u00e3o personalizada.\" \/>\n<meta property=\"og:url\" content=\"https:\/\/elfsight.com\/pt\/ada-compliance-widget\/elementor\/\" \/>\n<meta property=\"og:site_name\" content=\"Elfsight PT\" \/>\n<meta property=\"article:modified_time\" content=\"2025-07-10T06:24:57+00:00\" \/>\n<meta name=\"twitter:card\" content=\"summary_large_image\" \/>\n<meta name=\"twitter:label1\" content=\"Tempo estimado de leitura\" \/>\n\t<meta name=\"twitter:data1\" content=\"2 minutos\" \/>\n<!-- \/ Yoast SEO plugin. -->","yoast_head_json":{"title":"Widget de conformidade com a ADA do Elementor - Adicione acessibilidade ao seu site [GR\u00c1TIS]","description":"Adicione um widget de conformidade com a ADA sem c\u00f3digo ao seu site Elementor. Use o editor simples do Elfsight para criar facilmente sua solu\u00e7\u00e3o personalizada.","robots":{"index":"index","follow":"follow","max-snippet":"max-snippet:-1","max-image-preview":"max-image-preview:large","max-video-preview":"max-video-preview:-1"},"canonical":"https:\/\/elfsight.com\/pt\/ada-compliance-widget\/elementor\/","og_locale":"pt_PT","og_type":"article","og_title":"Widget de conformidade com a ADA do Elementor - Adicione acessibilidade ao seu site [GR\u00c1TIS]","og_description":"Adicione um widget de conformidade com a ADA sem c\u00f3digo ao seu site Elementor. Use o editor simples do Elfsight para criar facilmente sua solu\u00e7\u00e3o personalizada.","og_url":"https:\/\/elfsight.com\/pt\/ada-compliance-widget\/elementor\/","og_site_name":"Elfsight PT","article_modified_time":"2025-07-10T06:24:57+00:00","twitter_card":"summary_large_image","twitter_misc":{"Tempo estimado de leitura":"2 minutos"},"schema":{"@context":"https:\/\/schema.org","@graph":[{"@type":"WebPage","@id":"https:\/\/elfsight.com\/pt\/ada-compliance-widget\/elementor\/","url":"https:\/\/elfsight.com\/pt\/ada-compliance-widget\/elementor\/","name":"Widget de conformidade com a ADA do Elementor - Adicione acessibilidade ao seu site [GR\u00c1TIS]","isPartOf":{"@id":"https:\/\/elfsight.com\/pt\/#website"},"datePublished":"2025-05-21T08:36:54+00:00","dateModified":"2025-07-10T06:24:57+00:00","description":"Adicione um widget de conformidade com a ADA sem c\u00f3digo ao seu site Elementor. Use o editor simples do Elfsight para criar facilmente sua solu\u00e7\u00e3o personalizada.","breadcrumb":{"@id":"https:\/\/elfsight.com\/pt\/ada-compliance-widget\/elementor\/#breadcrumb"},"inLanguage":"pt-PT","potentialAction":[{"@type":"ReadAction","target":["https:\/\/elfsight.com\/pt\/ada-compliance-widget\/elementor\/"]}]},{"@type":"BreadcrumbList","@id":"https:\/\/elfsight.com\/pt\/ada-compliance-widget\/elementor\/#breadcrumb","itemListElement":[{"@type":"ListItem","position":1,"name":"Home","item":"https:\/\/elfsight.com\/pt\/"},{"@type":"ListItem","position":2,"name":"Ada Compliance","item":"https:\/\/elfsight.com\/pt\/ada-compliance-widget\/"},{"@type":"ListItem","position":3,"name":"ADA Compliance &#8211; Elementor"}]},{"@type":"WebSite","@id":"https:\/\/elfsight.com\/pt\/#website","url":"https:\/\/elfsight.com\/pt\/","name":"Elfsight PT","description":"Just another Elfsight Sites site","potentialAction":[{"@type":"SearchAction","target":{"@type":"EntryPoint","urlTemplate":"https:\/\/elfsight.com\/pt\/?s={search_term_string}"},"query-input":{"@type":"PropertyValueSpecification","valueRequired":true,"valueName":"search_term_string"}}],"inLanguage":"pt-PT"}]}},"meta_box":{"industry":"","seo_heading":"","heading":"","description":"","cta_heading":"","cta_description":"","application":"14794","h1":"Widget de conformidade com ADA para site Elementor","h1_caption":"Torne seu site Elementor compat\u00edvel com ADA com um widget que adapta seu conte\u00fado para todos os usu\u00e1rios: melhore a inclus\u00e3o do usu\u00e1rio e reforce seu compromisso com a acessibilidade.","application_category":[],"applications_title":"","applications_request_title":"","applications_request_button_text":"","hero_text":"","hero_video":"","hero_video_schema_markup":"","selling_points_title":"","selling_points_caption":"","selling_points":[],"selling_points_cta_text":"","features_title":"","features":"","ed_cta_examples_text":"","ed_cta_examples_hidden":"","ed_cta_demo_text":"","ed_cta_demo_hidden":"","why_caption":"","why_editor_title":"","why_editor_text":"","why_team_title":"","why_team_text":"","why_service_title":"","why_service_text":"","template_catalog_visible":"","template_catalog_title":"","template_catalog_text":"","template_catalog_categories_visible":"","demo_title":"Crie seu widget de conformidade com a ADA","demo_caption":"Configure sua conformidade com a ADA e adicione-a ao seu site Elementor gratuitamente!","default_faq_hidden":"","app_template_category":[],"platform":"100","template_public_id":"","codecanyon_url":"","codecanyon_item_id":"","codecanyon_price":"","pricing_caption":"","pricing_elfsight_apps_hide_column":"","pricing_elfsight_apps_url":"","pricing_codecanyon_price_caption":"","integration_category":[],"integration_request_title":"","integration_request_cta":"","integration_platform":"","integrations":[],"platform_category":[],"video_schema_markup":"","price":"a partir de $ 0 \/ m\u00eas","trial":"","benefits":[],"button_url":"#demo","button_target_blank":"0","button_nofollow":"","attributes":[{"name":"Instala\u00e7\u00f5es","content":"50,000 - 100,000","_state":"expanded"},{"name":"Responsivo","content":"Sim","_state":"expanded"},{"name":"Navegadores compat\u00edveis","content":"Firefox, Safari, Opera, Chrome, Edge","_state":"expanded"}],"tags":[],"tags_disable_links":"","hide_more_platforms":"","video_object":"","demo_hide_cta":"","demo_hide_cloud_options":"","pricing_title":"","pricing":[{"pricing_icon":"platform","pricing_title":"Elfsight Apps","pricing_title_caption":"Software multiplataforma","pricing_price":"a partir de $ 0 \/ m\u00eas","pricing_price_caption":"comece com um plano gratuito","pricing_button_text":"Adicionar ao site","pricing_button_url":"#demo"}],"related_apps_title":"","related_apps_hidden":"","author":"","image":[],"title":"","job":"","social_networks":[]},"_links":{"self":[{"href":"https:\/\/elfsight.com\/pt\/wp-json\/wp\/v2\/pages\/14846","targetHints":{"allow":["GET"]}}],"collection":[{"href":"https:\/\/elfsight.com\/pt\/wp-json\/wp\/v2\/pages"}],"about":[{"href":"https:\/\/elfsight.com\/pt\/wp-json\/wp\/v2\/types\/page"}],"author":[{"embeddable":true,"href":"https:\/\/elfsight.com\/pt\/wp-json\/wp\/v2\/users\/9"}],"replies":[{"embeddable":true,"href":"https:\/\/elfsight.com\/pt\/wp-json\/wp\/v2\/comments?post=14846"}],"version-history":[{"count":1,"href":"https:\/\/elfsight.com\/pt\/wp-json\/wp\/v2\/pages\/14846\/revisions"}],"predecessor-version":[{"id":14850,"href":"https:\/\/elfsight.com\/pt\/wp-json\/wp\/v2\/pages\/14846\/revisions\/14850"}],"up":[{"embeddable":true,"href":"https:\/\/elfsight.com\/pt\/wp-json\/wp\/v2\/pages\/14989"}],"wp:attachment":[{"href":"https:\/\/elfsight.com\/pt\/wp-json\/wp\/v2\/media?parent=14846"}],"curies":[{"name":"wp","href":"https:\/\/api.w.org\/{rel}","templated":true}]}}