{"id":14843,"date":"2025-05-21T08:56:43","date_gmt":"2025-05-21T08:56:43","guid":{"rendered":"https:\/\/elfsight.com\/pt\/?page_id=14843"},"modified":"2025-07-10T06:25:14","modified_gmt":"2025-07-10T06:25:14","slug":"godaddy","status":"publish","type":"page","link":"https:\/\/elfsight.com\/pt\/ada-compliance-widget\/godaddy\/","title":{"rendered":"ADA Compliance &#8211; GoDaddy"},"content":{"rendered":"<div class=\"application-platform-content-item-description application-platform-content-item\" id=\"description\" data-nav-section=\"description\"> <h2>Incorpore a conformidade com a ADA ao GoDaddy com um plugin Elfsight<\/h2> <p>O plugin de conformidade com a ADA ajuda a garantir que seu site seja f\u00e1cil de usar para todos, seguindo as diretrizes de acessibilidade reconhecidas. Com suporte integrado para v\u00e1rios modos de assist\u00eancia, ele personaliza dinamicamente sua interface para atender usu\u00e1rios com defici\u00eancias visuais, de foco ou motoras. N\u00e3o s\u00e3o necess\u00e1rias revis\u00f5es de codifica\u00e7\u00e3o ou estruturais. Cada modo aplica um conjunto criterioso de melhorias para melhorar a acessibilidade do seu conte\u00fado atual e aumentar o conforto da intera\u00e7\u00e3o do usu\u00e1rio. <\/p><p>O plugin tamb\u00e9m vem com uma ferramenta de verifica\u00e7\u00e3o automatizada para descobrir problemas de acessibilidade e apresenta as descobertas de acessibilidade na interface do plugin em tempo real. Voc\u00ea pode baixar resultados detalhados da auditoria e destacar sua classifica\u00e7\u00e3o de acessibilidade para construir credibilidade e confian\u00e7a. Com localiza\u00e7\u00e3o completa, ele garante acessibilidade e usabilidade em v\u00e1rios idiomas e regi\u00f5es geogr\u00e1ficas. <\/p><p><strong>Adicione o plugin ADA ao seu site GoDaddy e reflita sua dedica\u00e7\u00e3o aos padr\u00f5es da web inclusivos! <\/strong><\/p><\/div> <div class=\"application-platform-content-item-features application-platform-content-item\" id=\"features\" data-nav-section=\"features\"> <h2>Os recursos centrais do plugin incluem<\/h2><ul><li><b>Modos prontos para 8 cen\u00e1rios de usu\u00e1rio.<\/b> Pessoas com diversas defici\u00eancias podem selecionar um modo de acessibilidade ideal para explorar seu site com conforto.<\/li><li><b>Ajuste as configura\u00e7\u00f5es do site para exibir o conte\u00fado.<\/b> O plugin possui configura\u00e7\u00f5es para melhorar a legibilidade do texto, a navega\u00e7\u00e3o e as cores.<\/li><li><b>Verificador de acessibilidade integrado.<\/b> Analise facilmente seu site em busca de pontos fracos e aprimore-o para melhor acessibilidade.<\/li><li><b>Selo de confian\u00e7a com pontua\u00e7\u00e3o de acessibilidade.<\/b> Exiba os resultados da sua auditoria para demonstrar sua dedica\u00e7\u00e3o \u00e0 conformidade com a acessibilidade.<\/li><li><b>Localiza\u00e7\u00e3o precisa.<\/b> O plugin oferece localiza\u00e7\u00e3o de idioma e cultura em 76 regi\u00f5es para dar suporte \u00e0s leis de acessibilidade e \u00e0 implanta\u00e7\u00e3o internacional. <\/li><\/ul><p><a href=\"#demo\">Confira o editor simples para descobrir como o plugin funciona<\/a><\/p><\/div> <div class=\"application-platform-content-item-installation application-platform-content-item\" id=\"installation\" data-nav-section=\"installation\"> <h2>Como incorporo a conformidade com a ADA no meu site GoDaddy? <\/h2><p>Consulte este guia simples para ter o plugin no seu site GoDaddy. Levar\u00e1 apenas alguns minutos e n\u00e3o requer nenhuma codifica\u00e7\u00e3o. <\/p> <ol><li><strong>Crie seu plugin personalizado de conformidade com a ADA<\/strong><br> Comece com qualquer modelo no editor, trabalhe com os elementos intuitivos e personalize o plugin de acordo com seu estilo e configura\u00e7\u00f5es preferidos. <\/li><li><strong>Obtenha o c\u00f3digo pessoal para incorporar o plugin<\/strong><br> Depois de criar o plugin, voc\u00ea receber\u00e1 um c\u00f3digo HTML individual no seu painel. Copie este c\u00f3digo que cont\u00e9m todos os detalhes sobre suas configura\u00e7\u00f5es. <\/li> <li><strong>Exiba o plugin no seu site GoDaddy<\/strong><br> Selecione as \u00e1reas do seu site onde deseja apresentar a Conformidade com a ADA e cole o c\u00f3digo l\u00e1. Salve as altera\u00e7\u00f5es. <\/li> <\/ol><p>Pronto! Agora, verifique o desempenho do plugin no seu site. <\/p><p>Se voc\u00ea tiver algum problema ao incorporar o plugin em um site, entre em contato com nosso atendimento ao cliente. Teremos prazer em explicar como adicionar e gerenciar sua solu\u00e7\u00e3o de acessibilidade. <\/p><\/div>","protected":false},"excerpt":{"rendered":"","protected":false},"author":9,"featured_media":0,"parent":14989,"menu_order":0,"comment_status":"closed","ping_status":"closed","template":"templates\/template-application-platform.php","meta":{"publish_to_discourse":"","publish_post_category":"","wpdc_auto_publish_overridden":"","wpdc_topic_tags":"","wpdc_pin_topic":"","wpdc_pin_until":"","discourse_post_id":"","discourse_permalink":"","wpdc_publishing_response":"","wpdc_publishing_error":"","footnotes":""},"class_list":["post-14843","page","type-page","status-publish","hentry"],"yoast_head":"<!-- This site is optimized with the Yoast SEO plugin v25.3.1 - https:\/\/yoast.com\/wordpress\/plugins\/seo\/ -->\n<title>Plugin de conformidade com a ADA da GoDaddy - Adicione acessibilidade ao seu site [GR\u00c1TIS]<\/title>\n<meta name=\"description\" content=\"Adicione um plugin de conformidade com a ADA ao seu site GoDaddy. Experimente o editor intuitivo da Elfsight para criar facilmente sua solu\u00e7\u00e3o personalizada.\" \/>\n<meta name=\"robots\" content=\"index, follow, max-snippet:-1, max-image-preview:large, max-video-preview:-1\" \/>\n<link rel=\"canonical\" href=\"https:\/\/elfsight.com\/pt\/ada-compliance-widget\/godaddy\/\" \/>\n<meta property=\"og:locale\" content=\"pt_PT\" \/>\n<meta property=\"og:type\" content=\"article\" \/>\n<meta property=\"og:title\" content=\"Plugin de conformidade com a ADA da GoDaddy - Adicione acessibilidade ao seu site [GR\u00c1TIS]\" \/>\n<meta property=\"og:description\" content=\"Adicione um plugin de conformidade com a ADA ao seu site GoDaddy. Experimente o editor intuitivo da Elfsight para criar facilmente sua solu\u00e7\u00e3o personalizada.\" \/>\n<meta property=\"og:url\" content=\"https:\/\/elfsight.com\/pt\/ada-compliance-widget\/godaddy\/\" \/>\n<meta property=\"og:site_name\" content=\"Elfsight PT\" \/>\n<meta property=\"article:modified_time\" content=\"2025-07-10T06:25:14+00:00\" \/>\n<meta name=\"twitter:card\" content=\"summary_large_image\" \/>\n<meta name=\"twitter:label1\" content=\"Tempo estimado de leitura\" \/>\n\t<meta name=\"twitter:data1\" content=\"2 minutos\" \/>\n<!-- \/ Yoast SEO plugin. -->","yoast_head_json":{"title":"Plugin de conformidade com a ADA da GoDaddy - Adicione acessibilidade ao seu site [GR\u00c1TIS]","description":"Adicione um plugin de conformidade com a ADA ao seu site GoDaddy. Experimente o editor intuitivo da Elfsight para criar facilmente sua solu\u00e7\u00e3o personalizada.","robots":{"index":"index","follow":"follow","max-snippet":"max-snippet:-1","max-image-preview":"max-image-preview:large","max-video-preview":"max-video-preview:-1"},"canonical":"https:\/\/elfsight.com\/pt\/ada-compliance-widget\/godaddy\/","og_locale":"pt_PT","og_type":"article","og_title":"Plugin de conformidade com a ADA da GoDaddy - Adicione acessibilidade ao seu site [GR\u00c1TIS]","og_description":"Adicione um plugin de conformidade com a ADA ao seu site GoDaddy. Experimente o editor intuitivo da Elfsight para criar facilmente sua solu\u00e7\u00e3o personalizada.","og_url":"https:\/\/elfsight.com\/pt\/ada-compliance-widget\/godaddy\/","og_site_name":"Elfsight PT","article_modified_time":"2025-07-10T06:25:14+00:00","twitter_card":"summary_large_image","twitter_misc":{"Tempo estimado de leitura":"2 minutos"},"schema":{"@context":"https:\/\/schema.org","@graph":[{"@type":"WebPage","@id":"https:\/\/elfsight.com\/pt\/ada-compliance-widget\/godaddy\/","url":"https:\/\/elfsight.com\/pt\/ada-compliance-widget\/godaddy\/","name":"Plugin de conformidade com a ADA da GoDaddy - Adicione acessibilidade ao seu site [GR\u00c1TIS]","isPartOf":{"@id":"https:\/\/elfsight.com\/pt\/#website"},"datePublished":"2025-05-21T08:56:43+00:00","dateModified":"2025-07-10T06:25:14+00:00","description":"Adicione um plugin de conformidade com a ADA ao seu site GoDaddy. Experimente o editor intuitivo da Elfsight para criar facilmente sua solu\u00e7\u00e3o personalizada.","breadcrumb":{"@id":"https:\/\/elfsight.com\/pt\/ada-compliance-widget\/godaddy\/#breadcrumb"},"inLanguage":"pt-PT","potentialAction":[{"@type":"ReadAction","target":["https:\/\/elfsight.com\/pt\/ada-compliance-widget\/godaddy\/"]}]},{"@type":"BreadcrumbList","@id":"https:\/\/elfsight.com\/pt\/ada-compliance-widget\/godaddy\/#breadcrumb","itemListElement":[{"@type":"ListItem","position":1,"name":"Home","item":"https:\/\/elfsight.com\/pt\/"},{"@type":"ListItem","position":2,"name":"Ada Compliance","item":"https:\/\/elfsight.com\/pt\/ada-compliance-widget\/"},{"@type":"ListItem","position":3,"name":"ADA Compliance &#8211; GoDaddy"}]},{"@type":"WebSite","@id":"https:\/\/elfsight.com\/pt\/#website","url":"https:\/\/elfsight.com\/pt\/","name":"Elfsight PT","description":"Just another Elfsight Sites site","potentialAction":[{"@type":"SearchAction","target":{"@type":"EntryPoint","urlTemplate":"https:\/\/elfsight.com\/pt\/?s={search_term_string}"},"query-input":{"@type":"PropertyValueSpecification","valueRequired":true,"valueName":"search_term_string"}}],"inLanguage":"pt-PT"}]}},"meta_box":{"industry":"","seo_heading":"","heading":"","description":"","cta_heading":"","cta_description":"","application":"14794","h1":"Plugin de conformidade com ADA para o site GoDaddy","h1_caption":"Torne seu site GoDaddy compat\u00edvel com ADA com um plugin que adapta seu conte\u00fado para todos os usu\u00e1rios: melhore a inclus\u00e3o e mostre seu comprometimento com a acessibilidade.","application_category":[],"applications_title":"","applications_request_title":"","applications_request_button_text":"","hero_text":"","hero_video":"","hero_video_schema_markup":"","selling_points_title":"","selling_points_caption":"","selling_points":[],"selling_points_cta_text":"","features_title":"","features":"","ed_cta_examples_text":"","ed_cta_examples_hidden":"","ed_cta_demo_text":"","ed_cta_demo_hidden":"","why_caption":"","why_editor_title":"","why_editor_text":"","why_team_title":"","why_team_text":"","why_service_title":"","why_service_text":"","template_catalog_visible":"","template_catalog_title":"","template_catalog_text":"","template_catalog_categories_visible":"","demo_title":"Crie seu plugin de conformidade com a ADA","demo_caption":"Configure sua conformidade com a ADA e adicione-a ao seu site GoDaddy gratuitamente!","default_faq_hidden":"","app_template_category":[],"platform":"4908","template_public_id":"","codecanyon_url":"","codecanyon_item_id":"","codecanyon_price":"","pricing_caption":"","pricing_elfsight_apps_hide_column":"","pricing_elfsight_apps_url":"","pricing_codecanyon_price_caption":"","integration_category":[],"integration_request_title":"","integration_request_cta":"","integration_platform":"","integrations":[],"platform_category":[],"video_schema_markup":"","price":"a partir de $ 0 \/ m\u00eas","trial":"","benefits":[],"button_url":"#demo","button_target_blank":"0","button_nofollow":"","attributes":[{"name":"Instala\u00e7\u00f5es","content":"50,000 - 100,000","_state":"expanded"},{"name":"Responsivo","content":"Sim","_state":"expanded"},{"name":"Navegadores compat\u00edveis","content":"Firefox, Safari, Opera, Chrome, Edge","_state":"expanded"}],"tags":[],"tags_disable_links":"","hide_more_platforms":"","video_object":"","demo_hide_cta":"","demo_hide_cloud_options":"","pricing_title":"","pricing":[{"pricing_icon":"platform","pricing_title":"Elfsight Apps","pricing_title_caption":"Vers\u00e3o multiplataforma","pricing_price":"a partir de $ 0 \/ m\u00eas","pricing_price_caption":"comece com um plano gratuito","pricing_button_text":"Adicionar ao site","pricing_button_url":"#demo"}],"related_apps_title":"","related_apps_hidden":"","author":"","image":[],"title":"","job":"","social_networks":[]},"_links":{"self":[{"href":"https:\/\/elfsight.com\/pt\/wp-json\/wp\/v2\/pages\/14843","targetHints":{"allow":["GET"]}}],"collection":[{"href":"https:\/\/elfsight.com\/pt\/wp-json\/wp\/v2\/pages"}],"about":[{"href":"https:\/\/elfsight.com\/pt\/wp-json\/wp\/v2\/types\/page"}],"author":[{"embeddable":true,"href":"https:\/\/elfsight.com\/pt\/wp-json\/wp\/v2\/users\/9"}],"replies":[{"embeddable":true,"href":"https:\/\/elfsight.com\/pt\/wp-json\/wp\/v2\/comments?post=14843"}],"version-history":[{"count":1,"href":"https:\/\/elfsight.com\/pt\/wp-json\/wp\/v2\/pages\/14843\/revisions"}],"predecessor-version":[{"id":14847,"href":"https:\/\/elfsight.com\/pt\/wp-json\/wp\/v2\/pages\/14843\/revisions\/14847"}],"up":[{"embeddable":true,"href":"https:\/\/elfsight.com\/pt\/wp-json\/wp\/v2\/pages\/14989"}],"wp:attachment":[{"href":"https:\/\/elfsight.com\/pt\/wp-json\/wp\/v2\/media?parent=14843"}],"curies":[{"name":"wp","href":"https:\/\/api.w.org\/{rel}","templated":true}]}}