{"id":14838,"date":"2025-05-21T09:10:23","date_gmt":"2025-05-21T09:10:23","guid":{"rendered":"https:\/\/elfsight.com\/pt\/?page_id=14838"},"modified":"2025-07-10T06:27:37","modified_gmt":"2025-07-10T06:27:37","slug":"woocommerce","status":"publish","type":"page","link":"https:\/\/elfsight.com\/pt\/ada-compliance-widget\/woocommerce\/","title":{"rendered":"ADA Compliance &#8211; WooCommerce"},"content":{"rendered":"<div class=\"application-platform-content-item-description application-platform-content-item\" id=\"description\" data-nav-section=\"description\"> <h2>Incorpore a conformidade com a ADA ao WooCommerce com um plugin Elfsight<\/h2> <p>O plugin de conformidade com a ADA garante uma experi\u00eancia amig\u00e1vel para visitantes de todos os n\u00edveis de habilidade, seguindo as diretrizes de acessibilidade reconhecidas. Equipado com uma variedade de modos de acessibilidade assistida integrados, ele ajusta dinamicamente seu layout e conte\u00fado para ajudar usu\u00e1rios com defici\u00eancias visuais, de foco ou motoras. Funciona imediatamente: sem necessidade de ajustes t\u00e9cnicos. Cada predefini\u00e7\u00e3o oferece uma combina\u00e7\u00e3o bem projetada de melhorias de usabilidade para otimizar a usabilidade do conte\u00fado e proporcionar uma experi\u00eancia de intera\u00e7\u00e3o mais fluida. <\/p><p>O plugin tamb\u00e9m possui um scanner de conformidade inteligente que identifica lacunas de acessibilidade em seu site e exibe os resultados diretamente na interface do plugin. Voc\u00ea pode baixar resultados detalhados da auditoria e destacar sua classifica\u00e7\u00e3o de acessibilidade para construir credibilidade e confian\u00e7a. Com localiza\u00e7\u00e3o completa, ele oferece engajamento inclusivo para usu\u00e1rios em diversos contextos lingu\u00edsticos e regionais. <\/p><p><strong>Adicione nosso plugin de conformidade com a ADA ao seu site WooCommerce e prove que a acessibilidade faz parte do seu padr\u00e3o! <\/strong><\/p><\/div> <div class=\"application-platform-content-item-features application-platform-content-item\" id=\"features\" data-nav-section=\"features\"> <h2>Confira a lista dos recursos mais poderosos: <\/h2><ul><li><b>Modos prontos para 8 cen\u00e1rios de usu\u00e1rio. <\/b> Usu\u00e1rios com diversas defici\u00eancias podem encontrar uma predefini\u00e7\u00e3o perfeita para navegar em seu site com facilidade e confian\u00e7a. <\/li><li><b>Ajuste as configura\u00e7\u00f5es do site para exibir o conte\u00fado. <\/b> O plugin inclui op\u00e7\u00f5es de personaliza\u00e7\u00e3o para melhorar a clareza do texto, a navega\u00e7\u00e3o no site e o contraste de cores. <\/li><li><b>Verificador de acessibilidade integrado. <\/b> Examine rapidamente seu site em busca de problemas de conformidade e aprimore-o para melhor acessibilidade. <\/li><li><b>Selo de confian\u00e7a com pontua\u00e7\u00e3o de acessibilidade. <\/b> Exiba os resultados da auditoria integrada para comprovar seu compromisso em permanecer em conformidade. <\/li><li><b>Localiza\u00e7\u00e3o precisa. <\/b> O plugin foi traduzido e localizado para 76 pa\u00edses para garantir a conformidade e a disponibilidade internacional. <\/li><\/ul><p><a href=\"#demo\">Experimente o editor intuitivo para ver o que o plugin pode fazer<\/a><\/p><\/div> <div class=\"application-platform-content-item-installation application-platform-content-item\" id=\"installation\" data-nav-section=\"installation\"> <h2>Como incorporar a conformidade com a ADA no meu site WooCommerce?<\/h2><p>Veja esta maneira simples de ter o plugin no seu site WooCommerce. Levar\u00e1 apenas alguns minutos e n\u00e3o requer nenhuma codifica\u00e7\u00e3o.<\/p> <ol><li><strong>Crie seu plugin pessoal de conformidade com a ADA<\/strong><br> Comece com qualquer modelo no editor, trabalhe com os elementos convenientes nele e personalize o plugin de acordo com seu estilo e op\u00e7\u00f5es preferidos.<\/li><li><strong>Obtenha o c\u00f3digo pessoal para incorporar o plugin<\/strong><br> Depois de criar seu plugin, voc\u00ea receber\u00e1 um c\u00f3digo HTML individual no seu painel. Copie este c\u00f3digo que cont\u00e9m todos os detalhes sobre suas configura\u00e7\u00f5es. <\/li> <li><strong>Exiba o plugin no seu site WooCommerce<\/strong><br> Selecione as \u00e1reas do seu site onde deseja exibir a Conformidade com a ADA e cole o c\u00f3digo l\u00e1. Salve as altera\u00e7\u00f5es. <\/li> <\/ol><p>Isso \u00e9 tudo! Agora, veja como o plugin est\u00e1 funcionando no seu site. <\/p><p>Se voc\u00ea tiver algum problema ao incorporar o plugin em um site, entre em contato com nossa central de ajuda. Teremos prazer em orient\u00e1-lo na adi\u00e7\u00e3o e no gerenciamento da sua solu\u00e7\u00e3o de acessibilidade. <\/p><\/div>","protected":false},"excerpt":{"rendered":"","protected":false},"author":9,"featured_media":0,"parent":14989,"menu_order":0,"comment_status":"closed","ping_status":"closed","template":"templates\/template-application-platform.php","meta":{"publish_to_discourse":"","publish_post_category":"","wpdc_auto_publish_overridden":"","wpdc_topic_tags":"","wpdc_pin_topic":"","wpdc_pin_until":"","discourse_post_id":"","discourse_permalink":"","wpdc_publishing_response":"","wpdc_publishing_error":"","footnotes":""},"class_list":["post-14838","page","type-page","status-publish","hentry"],"yoast_head":"<!-- This site is optimized with the Yoast SEO plugin v25.3.1 - https:\/\/yoast.com\/wordpress\/plugins\/seo\/ -->\n<title>Plugin de conformidade com a ADA do WooCommerce - Adicione acessibilidade ao seu site [GR\u00c1TIS]<\/title>\n<meta name=\"description\" content=\"Adicione um plugin de conformidade com a ADA sem c\u00f3digo ao seu site WooCommerce. Use o editor intuitivo da Elfsight para criar sua solu\u00e7\u00e3o exclusiva com facilidade.\" \/>\n<meta name=\"robots\" content=\"index, follow, max-snippet:-1, max-image-preview:large, max-video-preview:-1\" \/>\n<link rel=\"canonical\" href=\"https:\/\/elfsight.com\/pt\/ada-compliance-widget\/woocommerce\/\" \/>\n<meta property=\"og:locale\" content=\"pt_PT\" \/>\n<meta property=\"og:type\" content=\"article\" \/>\n<meta property=\"og:title\" content=\"Plugin de conformidade com a ADA do WooCommerce - Adicione acessibilidade ao seu site [GR\u00c1TIS]\" \/>\n<meta property=\"og:description\" content=\"Adicione um plugin de conformidade com a ADA sem c\u00f3digo ao seu site WooCommerce. Use o editor intuitivo da Elfsight para criar sua solu\u00e7\u00e3o exclusiva com facilidade.\" \/>\n<meta property=\"og:url\" content=\"https:\/\/elfsight.com\/pt\/ada-compliance-widget\/woocommerce\/\" \/>\n<meta property=\"og:site_name\" content=\"Elfsight PT\" \/>\n<meta property=\"article:modified_time\" content=\"2025-07-10T06:27:37+00:00\" \/>\n<meta name=\"twitter:card\" content=\"summary_large_image\" \/>\n<meta name=\"twitter:label1\" content=\"Tempo estimado de leitura\" \/>\n\t<meta name=\"twitter:data1\" content=\"2 minutos\" \/>\n<!-- \/ Yoast SEO plugin. -->","yoast_head_json":{"title":"Plugin de conformidade com a ADA do WooCommerce - Adicione acessibilidade ao seu site [GR\u00c1TIS]","description":"Adicione um plugin de conformidade com a ADA sem c\u00f3digo ao seu site WooCommerce. Use o editor intuitivo da Elfsight para criar sua solu\u00e7\u00e3o exclusiva com facilidade.","robots":{"index":"index","follow":"follow","max-snippet":"max-snippet:-1","max-image-preview":"max-image-preview:large","max-video-preview":"max-video-preview:-1"},"canonical":"https:\/\/elfsight.com\/pt\/ada-compliance-widget\/woocommerce\/","og_locale":"pt_PT","og_type":"article","og_title":"Plugin de conformidade com a ADA do WooCommerce - Adicione acessibilidade ao seu site [GR\u00c1TIS]","og_description":"Adicione um plugin de conformidade com a ADA sem c\u00f3digo ao seu site WooCommerce. Use o editor intuitivo da Elfsight para criar sua solu\u00e7\u00e3o exclusiva com facilidade.","og_url":"https:\/\/elfsight.com\/pt\/ada-compliance-widget\/woocommerce\/","og_site_name":"Elfsight PT","article_modified_time":"2025-07-10T06:27:37+00:00","twitter_card":"summary_large_image","twitter_misc":{"Tempo estimado de leitura":"2 minutos"},"schema":{"@context":"https:\/\/schema.org","@graph":[{"@type":"WebPage","@id":"https:\/\/elfsight.com\/pt\/ada-compliance-widget\/woocommerce\/","url":"https:\/\/elfsight.com\/pt\/ada-compliance-widget\/woocommerce\/","name":"Plugin de conformidade com a ADA do WooCommerce - Adicione acessibilidade ao seu site [GR\u00c1TIS]","isPartOf":{"@id":"https:\/\/elfsight.com\/pt\/#website"},"datePublished":"2025-05-21T09:10:23+00:00","dateModified":"2025-07-10T06:27:37+00:00","description":"Adicione um plugin de conformidade com a ADA sem c\u00f3digo ao seu site WooCommerce. Use o editor intuitivo da Elfsight para criar sua solu\u00e7\u00e3o exclusiva com facilidade.","breadcrumb":{"@id":"https:\/\/elfsight.com\/pt\/ada-compliance-widget\/woocommerce\/#breadcrumb"},"inLanguage":"pt-PT","potentialAction":[{"@type":"ReadAction","target":["https:\/\/elfsight.com\/pt\/ada-compliance-widget\/woocommerce\/"]}]},{"@type":"BreadcrumbList","@id":"https:\/\/elfsight.com\/pt\/ada-compliance-widget\/woocommerce\/#breadcrumb","itemListElement":[{"@type":"ListItem","position":1,"name":"Home","item":"https:\/\/elfsight.com\/pt\/"},{"@type":"ListItem","position":2,"name":"Ada Compliance","item":"https:\/\/elfsight.com\/pt\/ada-compliance-widget\/"},{"@type":"ListItem","position":3,"name":"ADA Compliance &#8211; WooCommerce"}]},{"@type":"WebSite","@id":"https:\/\/elfsight.com\/pt\/#website","url":"https:\/\/elfsight.com\/pt\/","name":"Elfsight PT","description":"Just another Elfsight Sites site","potentialAction":[{"@type":"SearchAction","target":{"@type":"EntryPoint","urlTemplate":"https:\/\/elfsight.com\/pt\/?s={search_term_string}"},"query-input":{"@type":"PropertyValueSpecification","valueRequired":true,"valueName":"search_term_string"}}],"inLanguage":"pt-PT"}]}},"meta_box":{"industry":"","seo_heading":"","heading":"","description":"","cta_heading":"","cta_description":"","application":"14794","h1":"Plugin de conformidade com ADA para site WooCommerce","h1_caption":"Torne seu site WooCommerce compat\u00edvel com ADA com um plugin que adapta seu conte\u00fado para todos os usu\u00e1rios: promova acesso inclusivo e demonstre sua dedica\u00e7\u00e3o \u00e0 acessibilidade na web.","application_category":[],"applications_title":"","applications_request_title":"","applications_request_button_text":"","hero_text":"","hero_video":"","hero_video_schema_markup":"","selling_points_title":"","selling_points_caption":"","selling_points":[],"selling_points_cta_text":"","features_title":"","features":"","ed_cta_examples_text":"","ed_cta_examples_hidden":"","ed_cta_demo_text":"","ed_cta_demo_hidden":"","why_caption":"","why_editor_title":"","why_editor_text":"","why_team_title":"","why_team_text":"","why_service_title":"","why_service_text":"","template_catalog_visible":"","template_catalog_title":"","template_catalog_text":"","template_catalog_categories_visible":"","demo_title":"Crie seu plugin de conformidade com a ADA","demo_caption":"Configure sua conformidade com a ADA e adicione-a ao seu site WooCommerce gratuitamente!","default_faq_hidden":"","app_template_category":[],"platform":"12455","template_public_id":"","codecanyon_url":"","codecanyon_item_id":"","codecanyon_price":"","pricing_caption":"","pricing_elfsight_apps_hide_column":"","pricing_elfsight_apps_url":"","pricing_codecanyon_price_caption":"","integration_category":[],"integration_request_title":"","integration_request_cta":"","integration_platform":"","integrations":[],"platform_category":[],"video_schema_markup":"","price":"a partir de $ 0 \/ m\u00eas","trial":"","benefits":[],"button_url":"#demo","button_target_blank":"0","button_nofollow":"","attributes":[{"name":"Instala\u00e7\u00f5es","content":"50,000 - 100,000","_state":"expanded"},{"name":"Responsivo","content":"Sim","_state":"expanded"},{"name":"Navegadores compat\u00edveis","content":"Firefox, Safari, Opera, Chrome, Edge","_state":"expanded"}],"tags":[],"tags_disable_links":"","hide_more_platforms":"","video_object":"","demo_hide_cta":"","demo_hide_cloud_options":"","pricing_title":"","pricing":[{"pricing_icon":"platform","pricing_title":"Elfsight Apps","pricing_title_caption":"Solu\u00e7\u00e3o multiplataforma que funciona em qualquer site","pricing_price":"a partir de $ 0 \/ m\u00eas","pricing_price_caption":"comece com um plano gratuito","pricing_button_text":"Adicionar ao site","pricing_button_url":"#demo"}],"related_apps_title":"","related_apps_hidden":"","author":"","image":[],"title":"","job":"","social_networks":[]},"_links":{"self":[{"href":"https:\/\/elfsight.com\/pt\/wp-json\/wp\/v2\/pages\/14838","targetHints":{"allow":["GET"]}}],"collection":[{"href":"https:\/\/elfsight.com\/pt\/wp-json\/wp\/v2\/pages"}],"about":[{"href":"https:\/\/elfsight.com\/pt\/wp-json\/wp\/v2\/types\/page"}],"author":[{"embeddable":true,"href":"https:\/\/elfsight.com\/pt\/wp-json\/wp\/v2\/users\/9"}],"replies":[{"embeddable":true,"href":"https:\/\/elfsight.com\/pt\/wp-json\/wp\/v2\/comments?post=14838"}],"version-history":[{"count":1,"href":"https:\/\/elfsight.com\/pt\/wp-json\/wp\/v2\/pages\/14838\/revisions"}],"predecessor-version":[{"id":14842,"href":"https:\/\/elfsight.com\/pt\/wp-json\/wp\/v2\/pages\/14838\/revisions\/14842"}],"up":[{"embeddable":true,"href":"https:\/\/elfsight.com\/pt\/wp-json\/wp\/v2\/pages\/14989"}],"wp:attachment":[{"href":"https:\/\/elfsight.com\/pt\/wp-json\/wp\/v2\/media?parent=14838"}],"curies":[{"name":"wp","href":"https:\/\/api.w.org\/{rel}","templated":true}]}}