{"id":14836,"date":"2025-05-21T09:16:48","date_gmt":"2025-05-21T09:16:48","guid":{"rendered":"https:\/\/elfsight.com\/pt\/?page_id=14836"},"modified":"2025-07-10T06:27:25","modified_gmt":"2025-07-10T06:27:25","slug":"weebly","status":"publish","type":"page","link":"https:\/\/elfsight.com\/pt\/ada-compliance-widget\/weebly\/","title":{"rendered":"ADA Compliance &#8211; Weebly"},"content":{"rendered":"<div class=\"application-platform-content-item-description application-platform-content-item\" id=\"description\" data-nav-section=\"description\"> <h2>Incorpore a conformidade com a ADA no Weebly com um aplicativo Elfsight<\/h2> <p>O aplicativo ADA Compliance aprimora a usabilidade do site para oferecer suporte a uma navega\u00e7\u00e3o inclusiva e acess\u00edvel, em conformidade com os principais padr\u00f5es e pr\u00e1ticas recomendadas de acessibilidade da web. Com suporte integrado para v\u00e1rios modos de assist\u00eancia, ele ajusta dinamicamente sua interface para se adequar a usu\u00e1rios com defici\u00eancias visuais, de foco ou motoras. Funciona perfeitamente, sem a necessidade de c\u00f3digo personalizado ou altera\u00e7\u00f5es de design. Cada predefini\u00e7\u00e3o oferece uma combina\u00e7\u00e3o bem projetada de atualiza\u00e7\u00f5es de usabilidade para melhorar a acessibilidade do seu conte\u00fado atual e aumentar o conforto da intera\u00e7\u00e3o do usu\u00e1rio. <\/p><p>O aplicativo tamb\u00e9m vem com uma ferramenta de verifica\u00e7\u00e3o automatizada para descobrir problemas de acessibilidade e apresenta as descobertas de acessibilidade na interface do aplicativo em tempo real. Voc\u00ea pode baixar resultados detalhados da auditoria e destacar sua classifica\u00e7\u00e3o de acessibilidade para construir credibilidade e confian\u00e7a. Com localiza\u00e7\u00e3o completa, ele oferece uma experi\u00eancia inclusiva para usu\u00e1rios em diferentes idiomas e regi\u00f5es. <\/p><p><strong>Aprimore seu site Weebly com nossa solu\u00e7\u00e3o ADA e mostre que a acessibilidade \u00e9 parte integrante da sua marca! <\/strong><\/p><\/div> <div class=\"application-platform-content-item-features application-platform-content-item\" id=\"features\" data-nav-section=\"features\"> <h2>Os recursos essenciais do aplicativo oferecem<\/h2><ul><li><b>Modos prontos para 8 cen\u00e1rios de usu\u00e1rio.<\/b> Pessoas com diversas defici\u00eancias podem selecionar um modo de acessibilidade ideal para explorar seu site com conforto.<\/li><li><b>Ajuste as configura\u00e7\u00f5es do site para exibir o conte\u00fado.<\/b> O aplicativo apresenta configura\u00e7\u00f5es projetadas para otimizar a legibilidade, o fluxo do usu\u00e1rio e a acessibilidade visual.<\/li><li><b>Verificador de acessibilidade integrado.<\/b> Analise facilmente seu site em busca de pontos fracos e aprimore-o para melhor acessibilidade.<\/li><li><b>Selo de confian\u00e7a com pontua\u00e7\u00e3o de acessibilidade.<\/b> Exiba os resultados da auditoria integrada para comprovar seu compromisso em permanecer em conformidade.<\/li><li><b>Localiza\u00e7\u00e3o precisa.<\/b> O aplicativo oferece localiza\u00e7\u00e3o de idioma e cultura em 76 regi\u00f5es para dar suporte \u00e0s leis de acessibilidade e \u00e0 implanta\u00e7\u00e3o internacional. <\/li><\/ul><p><a href=\"#demo\">O editor intuitivo pode mostrar como os recursos e op\u00e7\u00f5es funcionam diretamente nesta p\u00e1gina<\/a><\/p><\/div> <div class=\"application-platform-content-item-installation application-platform-content-item\" id=\"installation\" data-nav-section=\"installation\"> <h2>Como posso incorporar a conformidade com a ADA no meu site Weebly? <\/h2><p>Encontre este guia simples para configurar o aplicativo no seu site Weebly. Levar\u00e1 apenas alguns minutos e n\u00e3o requer codifica\u00e7\u00e3o. <\/p> <ol><li><strong>Crie seu aplicativo pessoal de conformidade com a ADA<\/strong><br> Comece com qualquer modelo no editor, trabalhe com os elementos intuitivos e personalize o aplicativo de acordo com o design e as op\u00e7\u00f5es de sua prefer\u00eancia. <\/li><li><strong>Obtenha o c\u00f3digo pessoal para incorporar o aplicativo<\/strong><br> Depois de criar seu aplicativo, voc\u00ea receber\u00e1 um c\u00f3digo HTML individual no seu painel. Copie o c\u00f3digo que cont\u00e9m todos os detalhes sobre suas configura\u00e7\u00f5es. <\/li> <li><strong>Exiba o aplicativo no seu site Weebly<\/strong><br> Defina as se\u00e7\u00f5es do seu site onde deseja apresentar a Conformidade com a ADA e cole o c\u00f3digo l\u00e1. Salve as altera\u00e7\u00f5es. <\/li> <\/ol><p>Isso \u00e9 tudo! Agora, veja o desempenho do aplicativo no seu site. <\/p><p>Caso tenha alguma dificuldade ao incorporar o aplicativo ao seu site, entre em contato com nossos gerentes de suporte. Teremos prazer em mostrar como adicionar e gerenciar sua solu\u00e7\u00e3o de acessibilidade. <\/p><\/div>","protected":false},"excerpt":{"rendered":"","protected":false},"author":9,"featured_media":0,"parent":14989,"menu_order":0,"comment_status":"closed","ping_status":"closed","template":"templates\/template-application-platform.php","meta":{"publish_to_discourse":"","publish_post_category":"","wpdc_auto_publish_overridden":"","wpdc_topic_tags":"","wpdc_pin_topic":"","wpdc_pin_until":"","discourse_post_id":"","discourse_permalink":"","wpdc_publishing_response":"","wpdc_publishing_error":"","footnotes":""},"class_list":["post-14836","page","type-page","status-publish","hentry"],"yoast_head":"<!-- This site is optimized with the Yoast SEO plugin v25.3.1 - https:\/\/yoast.com\/wordpress\/plugins\/seo\/ -->\n<title>Aplicativo Weebly ADA Compliance - Adicione acessibilidade ao seu site [GR\u00c1TIS]<\/title>\n<meta name=\"description\" content=\"Adicione um aplicativo de conformidade com a ADA sem c\u00f3digo ao seu site Weebly. Experimente o editor online da Elfsight para criar sua solu\u00e7\u00e3o personalizada sem esfor\u00e7o.\" \/>\n<meta name=\"robots\" content=\"index, follow, max-snippet:-1, max-image-preview:large, max-video-preview:-1\" \/>\n<link rel=\"canonical\" href=\"https:\/\/elfsight.com\/pt\/ada-compliance-widget\/weebly\/\" \/>\n<meta property=\"og:locale\" content=\"pt_PT\" \/>\n<meta property=\"og:type\" content=\"article\" \/>\n<meta property=\"og:title\" content=\"Aplicativo Weebly ADA Compliance - Adicione acessibilidade ao seu site [GR\u00c1TIS]\" \/>\n<meta property=\"og:description\" content=\"Adicione um aplicativo de conformidade com a ADA sem c\u00f3digo ao seu site Weebly. Experimente o editor online da Elfsight para criar sua solu\u00e7\u00e3o personalizada sem esfor\u00e7o.\" \/>\n<meta property=\"og:url\" content=\"https:\/\/elfsight.com\/pt\/ada-compliance-widget\/weebly\/\" \/>\n<meta property=\"og:site_name\" content=\"Elfsight PT\" \/>\n<meta property=\"article:modified_time\" content=\"2025-07-10T06:27:25+00:00\" \/>\n<meta name=\"twitter:card\" content=\"summary_large_image\" \/>\n<meta name=\"twitter:label1\" content=\"Tempo estimado de leitura\" \/>\n\t<meta name=\"twitter:data1\" content=\"3 minutos\" \/>\n<!-- \/ Yoast SEO plugin. -->","yoast_head_json":{"title":"Aplicativo Weebly ADA Compliance - Adicione acessibilidade ao seu site [GR\u00c1TIS]","description":"Adicione um aplicativo de conformidade com a ADA sem c\u00f3digo ao seu site Weebly. Experimente o editor online da Elfsight para criar sua solu\u00e7\u00e3o personalizada sem esfor\u00e7o.","robots":{"index":"index","follow":"follow","max-snippet":"max-snippet:-1","max-image-preview":"max-image-preview:large","max-video-preview":"max-video-preview:-1"},"canonical":"https:\/\/elfsight.com\/pt\/ada-compliance-widget\/weebly\/","og_locale":"pt_PT","og_type":"article","og_title":"Aplicativo Weebly ADA Compliance - Adicione acessibilidade ao seu site [GR\u00c1TIS]","og_description":"Adicione um aplicativo de conformidade com a ADA sem c\u00f3digo ao seu site Weebly. Experimente o editor online da Elfsight para criar sua solu\u00e7\u00e3o personalizada sem esfor\u00e7o.","og_url":"https:\/\/elfsight.com\/pt\/ada-compliance-widget\/weebly\/","og_site_name":"Elfsight PT","article_modified_time":"2025-07-10T06:27:25+00:00","twitter_card":"summary_large_image","twitter_misc":{"Tempo estimado de leitura":"3 minutos"},"schema":{"@context":"https:\/\/schema.org","@graph":[{"@type":"WebPage","@id":"https:\/\/elfsight.com\/pt\/ada-compliance-widget\/weebly\/","url":"https:\/\/elfsight.com\/pt\/ada-compliance-widget\/weebly\/","name":"Aplicativo Weebly ADA Compliance - Adicione acessibilidade ao seu site [GR\u00c1TIS]","isPartOf":{"@id":"https:\/\/elfsight.com\/pt\/#website"},"datePublished":"2025-05-21T09:16:48+00:00","dateModified":"2025-07-10T06:27:25+00:00","description":"Adicione um aplicativo de conformidade com a ADA sem c\u00f3digo ao seu site Weebly. Experimente o editor online da Elfsight para criar sua solu\u00e7\u00e3o personalizada sem esfor\u00e7o.","breadcrumb":{"@id":"https:\/\/elfsight.com\/pt\/ada-compliance-widget\/weebly\/#breadcrumb"},"inLanguage":"pt-PT","potentialAction":[{"@type":"ReadAction","target":["https:\/\/elfsight.com\/pt\/ada-compliance-widget\/weebly\/"]}]},{"@type":"BreadcrumbList","@id":"https:\/\/elfsight.com\/pt\/ada-compliance-widget\/weebly\/#breadcrumb","itemListElement":[{"@type":"ListItem","position":1,"name":"Home","item":"https:\/\/elfsight.com\/pt\/"},{"@type":"ListItem","position":2,"name":"Ada Compliance","item":"https:\/\/elfsight.com\/pt\/ada-compliance-widget\/"},{"@type":"ListItem","position":3,"name":"ADA Compliance &#8211; Weebly"}]},{"@type":"WebSite","@id":"https:\/\/elfsight.com\/pt\/#website","url":"https:\/\/elfsight.com\/pt\/","name":"Elfsight PT","description":"Just another Elfsight Sites site","potentialAction":[{"@type":"SearchAction","target":{"@type":"EntryPoint","urlTemplate":"https:\/\/elfsight.com\/pt\/?s={search_term_string}"},"query-input":{"@type":"PropertyValueSpecification","valueRequired":true,"valueName":"search_term_string"}}],"inLanguage":"pt-PT"}]}},"meta_box":{"industry":"","seo_heading":"","heading":"","description":"","cta_heading":"","cta_description":"","application":"14794","h1":"Aplicativo de conformidade com a ADA para o site Weebly","h1_caption":"Torne seu site Weebly compat\u00edvel com ADA com um aplicativo que ajusta o conte\u00fado do site para cada visitante: promova acesso inclusivo e demonstre sua dedica\u00e7\u00e3o \u00e0 acessibilidade na web.","application_category":[],"applications_title":"","applications_request_title":"","applications_request_button_text":"","hero_text":"","hero_video":"","hero_video_schema_markup":"","selling_points_title":"","selling_points_caption":"","selling_points":[],"selling_points_cta_text":"","features_title":"","features":"","ed_cta_examples_text":"","ed_cta_examples_hidden":"","ed_cta_demo_text":"","ed_cta_demo_hidden":"","why_caption":"","why_editor_title":"","why_editor_text":"","why_team_title":"","why_team_text":"","why_service_title":"","why_service_text":"","template_catalog_visible":"","template_catalog_title":"","template_catalog_text":"","template_catalog_categories_visible":"","demo_title":"Crie seu aplicativo de conformidade com a ADA","demo_caption":"Configure sua conformidade com a ADA e adicione-a ao seu site Weebly gratuitamente!","default_faq_hidden":"","app_template_category":[],"platform":"73","template_public_id":"","codecanyon_url":"","codecanyon_item_id":"","codecanyon_price":"","pricing_caption":"","pricing_elfsight_apps_hide_column":"","pricing_elfsight_apps_url":"","pricing_codecanyon_price_caption":"","integration_category":[],"integration_request_title":"","integration_request_cta":"","integration_platform":"","integrations":[],"platform_category":[],"video_schema_markup":"","price":"a partir de $ 0 \/ m\u00eas","trial":"","benefits":[],"button_url":"#demo","button_target_blank":"0","button_nofollow":"","attributes":[{"name":"Instala\u00e7\u00f5es","content":"50,000 - 100,000","_state":"expanded"},{"name":"Responsivo","content":"Sim","_state":"expanded"},{"name":"Navegadores compat\u00edveis","content":"Firefox, Safari, Opera, Chrome, Edge","_state":"expanded"}],"tags":[],"tags_disable_links":"","hide_more_platforms":"","video_object":"","demo_hide_cta":"","demo_hide_cloud_options":"","pricing_title":"","pricing":[{"pricing_icon":"platform","pricing_title":"Elfsight Apps","pricing_title_caption":"Software independente de plataforma que se adapta a qualquer site","pricing_price":"a partir de $ 0 \/ m\u00eas","pricing_price_caption":"comece com um plano gratuito","pricing_button_text":"Adicionar ao site","pricing_button_url":"#demo"}],"related_apps_title":"","related_apps_hidden":"","author":"","image":[],"title":"","job":"","social_networks":[]},"_links":{"self":[{"href":"https:\/\/elfsight.com\/pt\/wp-json\/wp\/v2\/pages\/14836","targetHints":{"allow":["GET"]}}],"collection":[{"href":"https:\/\/elfsight.com\/pt\/wp-json\/wp\/v2\/pages"}],"about":[{"href":"https:\/\/elfsight.com\/pt\/wp-json\/wp\/v2\/types\/page"}],"author":[{"embeddable":true,"href":"https:\/\/elfsight.com\/pt\/wp-json\/wp\/v2\/users\/9"}],"replies":[{"embeddable":true,"href":"https:\/\/elfsight.com\/pt\/wp-json\/wp\/v2\/comments?post=14836"}],"version-history":[{"count":1,"href":"https:\/\/elfsight.com\/pt\/wp-json\/wp\/v2\/pages\/14836\/revisions"}],"predecessor-version":[{"id":14840,"href":"https:\/\/elfsight.com\/pt\/wp-json\/wp\/v2\/pages\/14836\/revisions\/14840"}],"up":[{"embeddable":true,"href":"https:\/\/elfsight.com\/pt\/wp-json\/wp\/v2\/pages\/14989"}],"wp:attachment":[{"href":"https:\/\/elfsight.com\/pt\/wp-json\/wp\/v2\/media?parent=14836"}],"curies":[{"name":"wp","href":"https:\/\/api.w.org\/{rel}","templated":true}]}}