{"id":14820,"date":"2025-05-21T10:22:25","date_gmt":"2025-05-21T10:22:25","guid":{"rendered":"https:\/\/elfsight.com\/pt\/?page_id=14820"},"modified":"2025-07-10T06:25:02","modified_gmt":"2025-07-10T06:25:02","slug":"facebook","status":"publish","type":"page","link":"https:\/\/elfsight.com\/pt\/ada-compliance-widget\/facebook\/","title":{"rendered":"ADA Compliance &#8211; Facebook Page"},"content":{"rendered":"<div class=\"application-platform-content-item-description application-platform-content-item\" id=\"description\" data-nav-section=\"description\"> <h2>Incorpore a conformidade com a ADA na p\u00e1gina do Facebook com um widget Elfsight<\/h2> <p>O widget de conformidade com a ADA garante uma experi\u00eancia amig\u00e1vel para visitantes de todas as habilidades, seguindo as diretrizes de acessibilidade reconhecidas. Equipado com uma variedade de modos de acessibilidade assistida integrados, ele personaliza automaticamente seu layout e conte\u00fado para ajudar usu\u00e1rios com defici\u00eancias visuais, de foco ou motoras. Ele funciona perfeitamente, sem a necessidade de c\u00f3digo personalizado ou altera\u00e7\u00f5es de design. Cada modo ativa um conjunto cuidadosamente selecionado de melhorias de acessibilidade para tornar seu conte\u00fado existente mais acess\u00edvel e as intera\u00e7\u00f5es mais confort\u00e1veis. <\/p><p>O widget tamb\u00e9m vem com uma ferramenta de verifica\u00e7\u00e3o automatizada para descobrir problemas de acessibilidade e mostra os resultados diretamente na interface do widget. Voc\u00ea pode baixar resultados detalhados da auditoria e destacar sua classifica\u00e7\u00e3o de acessibilidade para construir credibilidade e confian\u00e7a. Com localiza\u00e7\u00e3o completa, ele oferece uma experi\u00eancia inclusiva para usu\u00e1rios em diferentes idiomas e regi\u00f5es. <\/p><p><strong>Aprimore sua p\u00e1gina do Facebook com nossa solu\u00e7\u00e3o ADA e mostre que a acessibilidade \u00e9 parte integrante da sua marca! <\/strong><\/p><\/div> <div class=\"application-platform-content-item-features application-platform-content-item\" id=\"features\" data-nav-section=\"features\"> <h2>Oferecemos recursos valiosos e descomplicados, veja alguns deles: <\/h2><ul><li><b>Modos prontos para 8 cen\u00e1rios de usu\u00e1rio. <\/b> Pessoas com diversas defici\u00eancias podem selecionar um modo de acessibilidade ideal para navegar em seu site com facilidade e confian\u00e7a. <\/li><li><b>Ajuste as configura\u00e7\u00f5es do site para exibir o conte\u00fado. <\/b> O widget inclui op\u00e7\u00f5es de personaliza\u00e7\u00e3o para melhorar a clareza do texto, a navega\u00e7\u00e3o no site e o contraste de cores. <\/li><li><b>Verificador de acessibilidade integrado. <\/b> Examine rapidamente seu site em busca de problemas de conformidade e aprimore-o para melhor acessibilidade. <\/li><li><b>Selo de confian\u00e7a com pontua\u00e7\u00e3o de acessibilidade. <\/b> Exiba os resultados da auditoria integrada para comprovar seu compromisso em permanecer em conformidade. <\/li><li><b>Localiza\u00e7\u00e3o precisa. <\/b> O widget oferece suporte para localiza\u00e7\u00e3o e tradu\u00e7\u00e3o para 76 pa\u00edses, atendendo aos padr\u00f5es globais de conformidade e \u00e0s necessidades de acessibilidade. <\/li><\/ul><p><a href=\"#demo\">O editor intuitivo pode mostrar como os recursos e op\u00e7\u00f5es funcionam diretamente nesta p\u00e1gina<\/a><\/p><\/div> <div class=\"application-platform-content-item-installation application-platform-content-item\" id=\"installation\" data-nav-section=\"installation\"> <h2>Como posso incorporar a conformidade com a ADA na minha p\u00e1gina do Facebook?<\/h2><div class=\"tip-yellow tip\"><b>Devido \u00e0s recentes mudan\u00e7as no Facebook e \u00e0 transi\u00e7\u00e3o para a Nova Experi\u00eancia de P\u00e1gina, o uso atualmente s\u00f3 \u00e9 poss\u00edvel adicionando um link direto para o widget. Estamos procurando ativamente por uma solu\u00e7\u00e3o e atualizaremos a configura\u00e7\u00e3o da p\u00e1gina do Facebook assim que encontrarmos uma maneira.<\/b><\/div><p>Esta \u00e9 uma maneira simples de ter o widget na sua p\u00e1gina do Facebook. Levar\u00e1 apenas alguns minutos e n\u00e3o requer codifica\u00e7\u00e3o.<\/p> <ol><li><strong>Crie seu widget individual de conformidade com a ADA<\/strong><br> Comece com qualquer modelo no editor, trabalhe com os elementos convenientes nele e personalize o widget de acordo com seu estilo e configura\u00e7\u00f5es preferidos. <\/li><li><strong>Receba o c\u00f3digo personalizado para incorporar o widget<\/strong><br> Assim que terminar de criar o widget, voc\u00ea receber\u00e1 um c\u00f3digo HTML individual no seu painel. Copie o c\u00f3digo que cont\u00e9m todas as informa\u00e7\u00f5es sobre seus ajustes. <\/li> <li><strong>Exiba o widget na sua p\u00e1gina do Facebook<\/strong><br> Selecione as se\u00e7\u00f5es do seu site onde voc\u00ea espera apresentar a Conformidade com a ADA e cole o c\u00f3digo l\u00e1. Salve as altera\u00e7\u00f5es. <\/li> <\/ol><p>Pronto! Agora, verifique o desempenho do widget no seu site. <\/p><p>Se voc\u00ea tiver algum problema ao incorporar o widget no seu site, basta entrar em contato com o nosso suporte ao cliente. Teremos prazer em aconselh\u00e1-lo sobre como adicionar e gerenciar sua solu\u00e7\u00e3o de acessibilidade. <\/p><\/div>","protected":false},"excerpt":{"rendered":"","protected":false},"author":9,"featured_media":0,"parent":14989,"menu_order":0,"comment_status":"closed","ping_status":"closed","template":"templates\/template-application-platform.php","meta":{"publish_to_discourse":"","publish_post_category":"","wpdc_auto_publish_overridden":"","wpdc_topic_tags":"","wpdc_pin_topic":"","wpdc_pin_until":"","discourse_post_id":"","discourse_permalink":"","wpdc_publishing_response":"","wpdc_publishing_error":"","footnotes":""},"class_list":["post-14820","page","type-page","status-publish","hentry"],"yoast_head":"<!-- This site is optimized with the Yoast SEO plugin v25.3.1 - https:\/\/yoast.com\/wordpress\/plugins\/seo\/ -->\n<title>Widget de conformidade com a ADA na p\u00e1gina do Facebook - Adicione acessibilidade ao seu site [GR\u00c1TIS]<\/title>\n<meta name=\"description\" content=\"Adicione um widget de conformidade com a ADA sem c\u00f3digo \u00e0 sua p\u00e1gina do Facebook. Use o editor r\u00e1pido do Elfsight para criar sua solu\u00e7\u00e3o personalizada sem esfor\u00e7o.\" \/>\n<meta name=\"robots\" content=\"index, follow, max-snippet:-1, max-image-preview:large, max-video-preview:-1\" \/>\n<link rel=\"canonical\" href=\"https:\/\/elfsight.com\/pt\/ada-compliance-widget\/facebook\/\" \/>\n<meta property=\"og:locale\" content=\"pt_PT\" \/>\n<meta property=\"og:type\" content=\"article\" \/>\n<meta property=\"og:title\" content=\"Widget de conformidade com a ADA na p\u00e1gina do Facebook - Adicione acessibilidade ao seu site [GR\u00c1TIS]\" \/>\n<meta property=\"og:description\" content=\"Adicione um widget de conformidade com a ADA sem c\u00f3digo \u00e0 sua p\u00e1gina do Facebook. Use o editor r\u00e1pido do Elfsight para criar sua solu\u00e7\u00e3o personalizada sem esfor\u00e7o.\" \/>\n<meta property=\"og:url\" content=\"https:\/\/elfsight.com\/pt\/ada-compliance-widget\/facebook\/\" \/>\n<meta property=\"og:site_name\" content=\"Elfsight PT\" \/>\n<meta property=\"article:modified_time\" content=\"2025-07-10T06:25:02+00:00\" \/>\n<meta name=\"twitter:card\" content=\"summary_large_image\" \/>\n<meta name=\"twitter:label1\" content=\"Tempo estimado de leitura\" \/>\n\t<meta name=\"twitter:data1\" content=\"3 minutos\" \/>\n<!-- \/ Yoast SEO plugin. -->","yoast_head_json":{"title":"Widget de conformidade com a ADA na p\u00e1gina do Facebook - Adicione acessibilidade ao seu site [GR\u00c1TIS]","description":"Adicione um widget de conformidade com a ADA sem c\u00f3digo \u00e0 sua p\u00e1gina do Facebook. Use o editor r\u00e1pido do Elfsight para criar sua solu\u00e7\u00e3o personalizada sem esfor\u00e7o.","robots":{"index":"index","follow":"follow","max-snippet":"max-snippet:-1","max-image-preview":"max-image-preview:large","max-video-preview":"max-video-preview:-1"},"canonical":"https:\/\/elfsight.com\/pt\/ada-compliance-widget\/facebook\/","og_locale":"pt_PT","og_type":"article","og_title":"Widget de conformidade com a ADA na p\u00e1gina do Facebook - Adicione acessibilidade ao seu site [GR\u00c1TIS]","og_description":"Adicione um widget de conformidade com a ADA sem c\u00f3digo \u00e0 sua p\u00e1gina do Facebook. Use o editor r\u00e1pido do Elfsight para criar sua solu\u00e7\u00e3o personalizada sem esfor\u00e7o.","og_url":"https:\/\/elfsight.com\/pt\/ada-compliance-widget\/facebook\/","og_site_name":"Elfsight PT","article_modified_time":"2025-07-10T06:25:02+00:00","twitter_card":"summary_large_image","twitter_misc":{"Tempo estimado de leitura":"3 minutos"},"schema":{"@context":"https:\/\/schema.org","@graph":[{"@type":"WebPage","@id":"https:\/\/elfsight.com\/pt\/ada-compliance-widget\/facebook\/","url":"https:\/\/elfsight.com\/pt\/ada-compliance-widget\/facebook\/","name":"Widget de conformidade com a ADA na p\u00e1gina do Facebook - Adicione acessibilidade ao seu site [GR\u00c1TIS]","isPartOf":{"@id":"https:\/\/elfsight.com\/pt\/#website"},"datePublished":"2025-05-21T10:22:25+00:00","dateModified":"2025-07-10T06:25:02+00:00","description":"Adicione um widget de conformidade com a ADA sem c\u00f3digo \u00e0 sua p\u00e1gina do Facebook. Use o editor r\u00e1pido do Elfsight para criar sua solu\u00e7\u00e3o personalizada sem esfor\u00e7o.","breadcrumb":{"@id":"https:\/\/elfsight.com\/pt\/ada-compliance-widget\/facebook\/#breadcrumb"},"inLanguage":"pt-PT","potentialAction":[{"@type":"ReadAction","target":["https:\/\/elfsight.com\/pt\/ada-compliance-widget\/facebook\/"]}]},{"@type":"BreadcrumbList","@id":"https:\/\/elfsight.com\/pt\/ada-compliance-widget\/facebook\/#breadcrumb","itemListElement":[{"@type":"ListItem","position":1,"name":"Home","item":"https:\/\/elfsight.com\/pt\/"},{"@type":"ListItem","position":2,"name":"Ada Compliance","item":"https:\/\/elfsight.com\/pt\/ada-compliance-widget\/"},{"@type":"ListItem","position":3,"name":"ADA Compliance &#8211; Facebook Page"}]},{"@type":"WebSite","@id":"https:\/\/elfsight.com\/pt\/#website","url":"https:\/\/elfsight.com\/pt\/","name":"Elfsight PT","description":"Just another Elfsight Sites site","potentialAction":[{"@type":"SearchAction","target":{"@type":"EntryPoint","urlTemplate":"https:\/\/elfsight.com\/pt\/?s={search_term_string}"},"query-input":{"@type":"PropertyValueSpecification","valueRequired":true,"valueName":"search_term_string"}}],"inLanguage":"pt-PT"}]}},"meta_box":{"industry":"","seo_heading":"","heading":"","description":"","cta_heading":"","cta_description":"","application":"14794","h1":"Widget de conformidade com ADA para p\u00e1gina do Facebook","h1_caption":"Torne sua p\u00e1gina do Facebook compat\u00edvel com ADA com um widget que ajusta o conte\u00fado do site para cada visitante: melhore a inclus\u00e3o do usu\u00e1rio e reforce seu compromisso com a acessibilidade.","application_category":[],"applications_title":"","applications_request_title":"","applications_request_button_text":"","hero_text":"","hero_video":"","hero_video_schema_markup":"","selling_points_title":"","selling_points_caption":"","selling_points":[],"selling_points_cta_text":"","features_title":"","features":"","ed_cta_examples_text":"","ed_cta_examples_hidden":"","ed_cta_demo_text":"","ed_cta_demo_hidden":"","why_caption":"","why_editor_title":"","why_editor_text":"","why_team_title":"","why_team_text":"","why_service_title":"","why_service_text":"","template_catalog_visible":"","template_catalog_title":"","template_catalog_text":"","template_catalog_categories_visible":"","demo_title":"Crie seu widget de conformidade com a ADA","demo_caption":"Configure sua conformidade com a ADA e adicione-a \u00e0 sua p\u00e1gina do Facebook gratuitamente!","default_faq_hidden":"","app_template_category":[],"platform":"103","template_public_id":"","codecanyon_url":"","codecanyon_item_id":"","codecanyon_price":"","pricing_caption":"","pricing_elfsight_apps_hide_column":"","pricing_elfsight_apps_url":"","pricing_codecanyon_price_caption":"","integration_category":[],"integration_request_title":"","integration_request_cta":"","integration_platform":"","integrations":[],"platform_category":[],"video_schema_markup":"","price":"a partir de $ 0 \/ m\u00eas","trial":"","benefits":[],"button_url":"#demo","button_target_blank":"0","button_nofollow":"","attributes":[{"name":"Instala\u00e7\u00f5es","content":"50,000 - 100,000","_state":"expanded"},{"name":"Responsivo","content":"Sim","_state":"expanded"},{"name":"Navegadores compat\u00edveis","content":"Firefox, Safari, Opera, Chrome, Edge","_state":"expanded"}],"tags":[],"tags_disable_links":"","hide_more_platforms":"","video_object":"","demo_hide_cta":"","demo_hide_cloud_options":"","pricing_title":"","pricing":[{"pricing_icon":"platform","pricing_title":"Elfsight Apps","pricing_title_caption":"Vers\u00e3o independente de plataforma","pricing_price":"a partir de $ 0 \/ m\u00eas","pricing_price_caption":"comece com um plano gratuito","pricing_button_text":"Adicionar ao site","pricing_button_url":"#demo"}],"related_apps_title":"","related_apps_hidden":"","author":"","image":[],"title":"","job":"","social_networks":[]},"_links":{"self":[{"href":"https:\/\/elfsight.com\/pt\/wp-json\/wp\/v2\/pages\/14820","targetHints":{"allow":["GET"]}}],"collection":[{"href":"https:\/\/elfsight.com\/pt\/wp-json\/wp\/v2\/pages"}],"about":[{"href":"https:\/\/elfsight.com\/pt\/wp-json\/wp\/v2\/types\/page"}],"author":[{"embeddable":true,"href":"https:\/\/elfsight.com\/pt\/wp-json\/wp\/v2\/users\/9"}],"replies":[{"embeddable":true,"href":"https:\/\/elfsight.com\/pt\/wp-json\/wp\/v2\/comments?post=14820"}],"version-history":[{"count":1,"href":"https:\/\/elfsight.com\/pt\/wp-json\/wp\/v2\/pages\/14820\/revisions"}],"predecessor-version":[{"id":14824,"href":"https:\/\/elfsight.com\/pt\/wp-json\/wp\/v2\/pages\/14820\/revisions\/14824"}],"up":[{"embeddable":true,"href":"https:\/\/elfsight.com\/pt\/wp-json\/wp\/v2\/pages\/14989"}],"wp:attachment":[{"href":"https:\/\/elfsight.com\/pt\/wp-json\/wp\/v2\/media?parent=14820"}],"curies":[{"name":"wp","href":"https:\/\/api.w.org\/{rel}","templated":true}]}}