{"id":14819,"date":"2025-05-21T10:25:33","date_gmt":"2025-05-21T10:25:33","guid":{"rendered":"https:\/\/elfsight.com\/pt\/?page_id=14819"},"modified":"2025-07-10T06:24:50","modified_gmt":"2025-07-10T06:24:50","slug":"drupal","status":"publish","type":"page","link":"https:\/\/elfsight.com\/pt\/ada-compliance-widget\/drupal\/","title":{"rendered":"ADA Compliance &#8211; Drupal"},"content":{"rendered":"<div class=\"application-platform-content-item-description application-platform-content-item\" id=\"description\" data-nav-section=\"description\"> <h2>Incorpore a conformidade com a ADA no Drupal com um m\u00f3dulo Elfsight<\/h2> <p>O m\u00f3dulo de Conformidade com a ADA garante uma experi\u00eancia amig\u00e1vel para visitantes de todos os n\u00edveis de habilidade, alinhando-se aos principais padr\u00f5es de acessibilidade. Equipado com uma variedade de modos de acessibilidade assistida integrados, ele personaliza dinamicamente sua interface para ajudar usu\u00e1rios com defici\u00eancias visuais, de foco ou motoras. Funciona perfeitamente, sem a necessidade de c\u00f3digo personalizado ou altera\u00e7\u00f5es de design. Cada modo aplica um conjunto criterioso de melhorias para tornar seu conte\u00fado existente mais acess\u00edvel e as intera\u00e7\u00f5es mais confort\u00e1veis. <\/p><p>O m\u00f3dulo tamb\u00e9m inclui um verificador de conformidade inteligente que verifica seu site em busca de problemas de acessibilidade e exibe os resultados da auditoria diretamente no painel do m\u00f3dulo. Voc\u00ea pode baixar um relat\u00f3rio completo e at\u00e9 mesmo exibir sua pontua\u00e7\u00e3o para construir credibilidade e confian\u00e7a. Com localiza\u00e7\u00e3o completa, ele oferece uma experi\u00eancia inclusiva para usu\u00e1rios em diferentes idiomas e regi\u00f5es. <\/p><p><strong>Adicione nosso m\u00f3dulo de Conformidade com a ADA ao seu site Drupal e prove que a acessibilidade faz parte do seu padr\u00e3o! <\/strong><\/p><\/div> <div class=\"application-platform-content-item-features application-platform-content-item\" id=\"features\" data-nav-section=\"features\"> <h2>Abaixo est\u00e3o os recursos fundamentais do m\u00f3dulo: <\/h2><ul><li><b>Modos prontos para 8 cen\u00e1rios de usu\u00e1rio. <\/b> Usu\u00e1rios com diversas defici\u00eancias podem encontrar uma predefini\u00e7\u00e3o perfeita para uma experi\u00eancia de navega\u00e7\u00e3o suave e amig\u00e1vel. <\/li><li><b>Ajuste as configura\u00e7\u00f5es do site para exibir o conte\u00fado. <\/b> O m\u00f3dulo inclui op\u00e7\u00f5es de personaliza\u00e7\u00e3o para melhorar a clareza do texto, a navega\u00e7\u00e3o do site e o contraste de cores. <\/li><li><b>Verificador de acessibilidade integrado. <\/b> Examine rapidamente seu site em busca de problemas de conformidade e aprimore-o para melhor acessibilidade. <\/li><li><b>Selo de confian\u00e7a com pontua\u00e7\u00e3o de acessibilidade. <\/b> Publique as descobertas da auditoria no m\u00f3dulo para validar seu compromisso cont\u00ednuo com os padr\u00f5es. <\/li><li><b>Localiza\u00e7\u00e3o precisa. <\/b> O m\u00f3dulo oferece suporte para localiza\u00e7\u00e3o e tradu\u00e7\u00e3o para 76 pa\u00edses, atendendo aos padr\u00f5es globais de conformidade e \u00e0s necessidades de acessibilidade. <\/li><\/ul><p><a href=\"#demo\">Basta testar todas as oportunidades do m\u00f3dulo no editor diretamente nesta p\u00e1gina<\/a><\/p><\/div> <div class=\"application-platform-content-item-installation application-platform-content-item\" id=\"installation\" data-nav-section=\"installation\"> <h2>Como incorporar a conformidade com a ADA no meu site Drupal?<\/h2><p>Encontre este guia simples para configurar o m\u00f3dulo no seu site Drupal. Levar\u00e1 apenas alguns minutos e n\u00e3o requer nenhuma codifica\u00e7\u00e3o.<\/p> <ol><li><strong>Crie seu m\u00f3dulo personalizado de conformidade com a ADA<\/strong><br> Comece com qualquer modelo no editor, trabalhe com os elementos intuitivos e ajuste o m\u00f3dulo ao design e \u00e0s configura\u00e7\u00f5es desejados.<\/li><li><strong>Obtenha o c\u00f3digo personalizado para incorporar o m\u00f3dulo<\/strong><br> Assim que terminar de construir o m\u00f3dulo, voc\u00ea receber\u00e1 um c\u00f3digo HTML individual no seu painel. Copie este c\u00f3digo que cont\u00e9m todos os detalhes sobre suas configura\u00e7\u00f5es. <\/li> <li><strong>Exiba o m\u00f3dulo no seu site Drupal<\/strong><br> Defina as \u00e1reas do seu site onde deseja apresentar a Conformidade com a ADA e cole o c\u00f3digo l\u00e1. Salve as altera\u00e7\u00f5es. <\/li> <\/ol><p>Pronto! Agora, verifique o desempenho do m\u00f3dulo no seu site. <\/p><p>Caso tenha alguma dificuldade ao incorporar o m\u00f3dulo em um site, n\u00e3o hesite em entrar em contato com nossa central de ajuda. Teremos prazer em ajudar voc\u00ea a adicionar e gerenciar sua solu\u00e7\u00e3o de acessibilidade. <\/p><\/div>","protected":false},"excerpt":{"rendered":"","protected":false},"author":9,"featured_media":0,"parent":14989,"menu_order":0,"comment_status":"closed","ping_status":"closed","template":"templates\/template-application-platform.php","meta":{"publish_to_discourse":"","publish_post_category":"","wpdc_auto_publish_overridden":"","wpdc_topic_tags":"","wpdc_pin_topic":"","wpdc_pin_until":"","discourse_post_id":"","discourse_permalink":"","wpdc_publishing_response":"","wpdc_publishing_error":"","footnotes":""},"class_list":["post-14819","page","type-page","status-publish","hentry"],"yoast_head":"<!-- This site is optimized with the Yoast SEO plugin v25.3.1 - https:\/\/yoast.com\/wordpress\/plugins\/seo\/ -->\n<title>M\u00f3dulo de conformidade com a ADA do Drupal - Adicione acessibilidade ao seu site [GR\u00c1TIS]<\/title>\n<meta name=\"description\" content=\"Adicione um m\u00f3dulo de conformidade com a ADA sem c\u00f3digo ao seu site Drupal. Experimente o editor online da Elfsight para gerar facilmente sua solu\u00e7\u00e3o personalizada.\" \/>\n<meta name=\"robots\" content=\"index, follow, max-snippet:-1, max-image-preview:large, max-video-preview:-1\" \/>\n<link rel=\"canonical\" href=\"https:\/\/elfsight.com\/pt\/ada-compliance-widget\/drupal\/\" \/>\n<meta property=\"og:locale\" content=\"pt_PT\" \/>\n<meta property=\"og:type\" content=\"article\" \/>\n<meta property=\"og:title\" content=\"M\u00f3dulo de conformidade com a ADA do Drupal - Adicione acessibilidade ao seu site [GR\u00c1TIS]\" \/>\n<meta property=\"og:description\" content=\"Adicione um m\u00f3dulo de conformidade com a ADA sem c\u00f3digo ao seu site Drupal. Experimente o editor online da Elfsight para gerar facilmente sua solu\u00e7\u00e3o personalizada.\" \/>\n<meta property=\"og:url\" content=\"https:\/\/elfsight.com\/pt\/ada-compliance-widget\/drupal\/\" \/>\n<meta property=\"og:site_name\" content=\"Elfsight PT\" \/>\n<meta property=\"article:modified_time\" content=\"2025-07-10T06:24:50+00:00\" \/>\n<meta name=\"twitter:card\" content=\"summary_large_image\" \/>\n<meta name=\"twitter:label1\" content=\"Tempo estimado de leitura\" \/>\n\t<meta name=\"twitter:data1\" content=\"3 minutos\" \/>\n<!-- \/ Yoast SEO plugin. -->","yoast_head_json":{"title":"M\u00f3dulo de conformidade com a ADA do Drupal - Adicione acessibilidade ao seu site [GR\u00c1TIS]","description":"Adicione um m\u00f3dulo de conformidade com a ADA sem c\u00f3digo ao seu site Drupal. Experimente o editor online da Elfsight para gerar facilmente sua solu\u00e7\u00e3o personalizada.","robots":{"index":"index","follow":"follow","max-snippet":"max-snippet:-1","max-image-preview":"max-image-preview:large","max-video-preview":"max-video-preview:-1"},"canonical":"https:\/\/elfsight.com\/pt\/ada-compliance-widget\/drupal\/","og_locale":"pt_PT","og_type":"article","og_title":"M\u00f3dulo de conformidade com a ADA do Drupal - Adicione acessibilidade ao seu site [GR\u00c1TIS]","og_description":"Adicione um m\u00f3dulo de conformidade com a ADA sem c\u00f3digo ao seu site Drupal. Experimente o editor online da Elfsight para gerar facilmente sua solu\u00e7\u00e3o personalizada.","og_url":"https:\/\/elfsight.com\/pt\/ada-compliance-widget\/drupal\/","og_site_name":"Elfsight PT","article_modified_time":"2025-07-10T06:24:50+00:00","twitter_card":"summary_large_image","twitter_misc":{"Tempo estimado de leitura":"3 minutos"},"schema":{"@context":"https:\/\/schema.org","@graph":[{"@type":"WebPage","@id":"https:\/\/elfsight.com\/pt\/ada-compliance-widget\/drupal\/","url":"https:\/\/elfsight.com\/pt\/ada-compliance-widget\/drupal\/","name":"M\u00f3dulo de conformidade com a ADA do Drupal - Adicione acessibilidade ao seu site [GR\u00c1TIS]","isPartOf":{"@id":"https:\/\/elfsight.com\/pt\/#website"},"datePublished":"2025-05-21T10:25:33+00:00","dateModified":"2025-07-10T06:24:50+00:00","description":"Adicione um m\u00f3dulo de conformidade com a ADA sem c\u00f3digo ao seu site Drupal. Experimente o editor online da Elfsight para gerar facilmente sua solu\u00e7\u00e3o personalizada.","breadcrumb":{"@id":"https:\/\/elfsight.com\/pt\/ada-compliance-widget\/drupal\/#breadcrumb"},"inLanguage":"pt-PT","potentialAction":[{"@type":"ReadAction","target":["https:\/\/elfsight.com\/pt\/ada-compliance-widget\/drupal\/"]}]},{"@type":"BreadcrumbList","@id":"https:\/\/elfsight.com\/pt\/ada-compliance-widget\/drupal\/#breadcrumb","itemListElement":[{"@type":"ListItem","position":1,"name":"Home","item":"https:\/\/elfsight.com\/pt\/"},{"@type":"ListItem","position":2,"name":"Ada Compliance","item":"https:\/\/elfsight.com\/pt\/ada-compliance-widget\/"},{"@type":"ListItem","position":3,"name":"ADA Compliance &#8211; Drupal"}]},{"@type":"WebSite","@id":"https:\/\/elfsight.com\/pt\/#website","url":"https:\/\/elfsight.com\/pt\/","name":"Elfsight PT","description":"Just another Elfsight Sites site","potentialAction":[{"@type":"SearchAction","target":{"@type":"EntryPoint","urlTemplate":"https:\/\/elfsight.com\/pt\/?s={search_term_string}"},"query-input":{"@type":"PropertyValueSpecification","valueRequired":true,"valueName":"search_term_string"}}],"inLanguage":"pt-PT"}]}},"meta_box":{"industry":"","seo_heading":"","heading":"","description":"","cta_heading":"","cta_description":"","application":"14794","h1":"M\u00f3dulo de conformidade com ADA para site Drupal","h1_caption":"Torne seu site Drupal compat\u00edvel com ADA com um m\u00f3dulo que adapta seu conte\u00fado para todos os usu\u00e1rios: melhore a inclus\u00e3o do usu\u00e1rio e reforce seu compromisso com a acessibilidade.","application_category":[],"applications_title":"","applications_request_title":"","applications_request_button_text":"","hero_text":"","hero_video":"","hero_video_schema_markup":"","selling_points_title":"","selling_points_caption":"","selling_points":[],"selling_points_cta_text":"","features_title":"","features":"","ed_cta_examples_text":"","ed_cta_examples_hidden":"","ed_cta_demo_text":"","ed_cta_demo_hidden":"","why_caption":"","why_editor_title":"","why_editor_text":"","why_team_title":"","why_team_text":"","why_service_title":"","why_service_text":"","template_catalog_visible":"","template_catalog_title":"","template_catalog_text":"","template_catalog_categories_visible":"","demo_title":"Crie seu m\u00f3dulo de conformidade com a ADA","demo_caption":"Configure sua conformidade com a ADA e adicione-a ao seu site Drupal gratuitamente!","default_faq_hidden":"","app_template_category":[],"platform":"4905","template_public_id":"","codecanyon_url":"","codecanyon_item_id":"","codecanyon_price":"","pricing_caption":"","pricing_elfsight_apps_hide_column":"","pricing_elfsight_apps_url":"","pricing_codecanyon_price_caption":"","integration_category":[],"integration_request_title":"","integration_request_cta":"","integration_platform":"","integrations":[],"platform_category":[],"video_schema_markup":"","price":"a partir de $ 0 \/ m\u00eas","trial":"","benefits":[],"button_url":"#demo","button_target_blank":"0","button_nofollow":"","attributes":[{"name":"Instala\u00e7\u00f5es","content":"50,000 - 100,000","_state":"expanded"},{"name":"Responsivo","content":"Sim","_state":"expanded"},{"name":"Navegadores compat\u00edveis","content":"Firefox, Safari, Opera, Chrome, Edge","_state":"expanded"}],"tags":[],"tags_disable_links":"","hide_more_platforms":"","video_object":"","demo_hide_cta":"","demo_hide_cloud_options":"","pricing_title":"","pricing":[{"pricing_icon":"platform","pricing_title":"Elfsight Apps","pricing_title_caption":"Vers\u00e3o multiplataforma que funciona em qualquer site","pricing_price":"a partir de $ 0 \/ m\u00eas","pricing_price_caption":"comece com um plano gratuito","pricing_button_text":"Adicionar ao site","pricing_button_url":"#demo"}],"related_apps_title":"","related_apps_hidden":"","author":"","image":[],"title":"","job":"","social_networks":[]},"_links":{"self":[{"href":"https:\/\/elfsight.com\/pt\/wp-json\/wp\/v2\/pages\/14819","targetHints":{"allow":["GET"]}}],"collection":[{"href":"https:\/\/elfsight.com\/pt\/wp-json\/wp\/v2\/pages"}],"about":[{"href":"https:\/\/elfsight.com\/pt\/wp-json\/wp\/v2\/types\/page"}],"author":[{"embeddable":true,"href":"https:\/\/elfsight.com\/pt\/wp-json\/wp\/v2\/users\/9"}],"replies":[{"embeddable":true,"href":"https:\/\/elfsight.com\/pt\/wp-json\/wp\/v2\/comments?post=14819"}],"version-history":[{"count":1,"href":"https:\/\/elfsight.com\/pt\/wp-json\/wp\/v2\/pages\/14819\/revisions"}],"predecessor-version":[{"id":14823,"href":"https:\/\/elfsight.com\/pt\/wp-json\/wp\/v2\/pages\/14819\/revisions\/14823"}],"up":[{"embeddable":true,"href":"https:\/\/elfsight.com\/pt\/wp-json\/wp\/v2\/pages\/14989"}],"wp:attachment":[{"href":"https:\/\/elfsight.com\/pt\/wp-json\/wp\/v2\/media?parent=14819"}],"curies":[{"name":"wp","href":"https:\/\/api.w.org\/{rel}","templated":true}]}}