{"id":14813,"date":"2025-05-21T10:31:16","date_gmt":"2025-05-21T10:31:16","guid":{"rendered":"https:\/\/elfsight.com\/pt\/?page_id=14813"},"modified":"2025-07-10T06:26:13","modified_gmt":"2025-07-10T06:26:13","slug":"prestashop","status":"publish","type":"page","link":"https:\/\/elfsight.com\/pt\/ada-compliance-widget\/prestashop\/","title":{"rendered":"ADA Compliance &#8211; PrestaShop"},"content":{"rendered":"<div class=\"application-platform-content-item-description application-platform-content-item\" id=\"description\" data-nav-section=\"description\"> <h2>Incorpore a conformidade com a ADA ao PrestaShop com um complemento Elfsight<\/h2> <p>O complemento de conformidade com a ADA ajuda a garantir que seu site seja f\u00e1cil de usar para todos, seguindo as diretrizes de acessibilidade reconhecidas. Com suporte integrado para v\u00e1rios modos de assist\u00eancia, ele ajusta dinamicamente sua interface para se adequar a usu\u00e1rios com defici\u00eancias visuais, de foco ou motoras. Voc\u00ea n\u00e3o precisa de codifica\u00e7\u00e3o ou reformula\u00e7\u00f5es adicionais. Cada predefini\u00e7\u00e3o oferece uma combina\u00e7\u00e3o bem projetada de atualiza\u00e7\u00f5es de usabilidade para melhorar a acessibilidade do seu conte\u00fado atual e aumentar o conforto da intera\u00e7\u00e3o do usu\u00e1rio. <\/p><p>O complemento tamb\u00e9m possui um scanner de conformidade inteligente que identifica lacunas de acessibilidade em seu site e exibe os resultados diretamente na interface do complemento. Voc\u00ea pode exportar um relat\u00f3rio de acessibilidade abrangente e exibir sua pontua\u00e7\u00e3o de conformidade publicamente para construir credibilidade e confian\u00e7a. Com localiza\u00e7\u00e3o completa, ele oferece uma experi\u00eancia inclusiva para usu\u00e1rios em diferentes idiomas e regi\u00f5es. <\/p><p><strong>Integre nosso complemento de conformidade com a ADA ao seu site PrestaShop para demonstrar seu comprometimento com as melhores pr\u00e1ticas de acessibilidade! <\/strong><\/p><\/div> <div class=\"application-platform-content-item-features application-platform-content-item\" id=\"features\" data-nav-section=\"features\"> <h2>Estes s\u00e3o apenas alguns dos v\u00e1rios recursos do complemento: <\/h2><ul><li><b>Modos prontos para 8 cen\u00e1rios de usu\u00e1rio. <\/b> Pessoas com diversas defici\u00eancias podem selecionar um modo de acessibilidade ideal para explorar seu site com conforto. <\/li><li><b>Ajuste as configura\u00e7\u00f5es do site para exibir o conte\u00fado. <\/b> O complemento inclui op\u00e7\u00f5es de personaliza\u00e7\u00e3o para melhorar a clareza do texto, a navega\u00e7\u00e3o no site e o contraste de cores. <\/li><li><b>Verificador de acessibilidade integrado. <\/b> Avalie seu site sem esfor\u00e7o para identificar lacunas e melhor\u00e1-lo para melhor acessibilidade. <\/li><li><b>Emblema de confian\u00e7a com pontua\u00e7\u00e3o de acessibilidade. <\/b> Publique as descobertas da auditoria no complemento para validar seu comprometimento cont\u00ednuo com os padr\u00f5es. <\/li><li><b>Localiza\u00e7\u00e3o precisa. <\/b> O complemento oferece suporte para localiza\u00e7\u00e3o e tradu\u00e7\u00e3o para 76 pa\u00edses, atendendo aos padr\u00f5es globais de conformidade e \u00e0s necessidades de acessibilidade. <\/li><\/ul><p><a href=\"#demo\">O editor intuitivo pode mostrar como os recursos e op\u00e7\u00f5es funcionam diretamente nesta p\u00e1gina<\/a><\/p><\/div> <div class=\"application-platform-content-item-installation application-platform-content-item\" id=\"installation\" data-nav-section=\"installation\"> <h2>Como incorporo a conformidade com a ADA no meu site PrestaShop? <\/h2><p>Esta \u00e9 uma maneira simples de ter o complemento no seu site PrestaShop. Levar\u00e1 apenas alguns minutos e n\u00e3o requer nenhuma codifica\u00e7\u00e3o. <\/p> <ol><li><strong>Crie seu complemento personalizado de conformidade com a ADA<\/strong><br> Comece com qualquer modelo no editor, trabalhe com os elementos convenientes nele e personalize o complemento de acordo com o estilo e as configura\u00e7\u00f5es desejados. <\/li><li><strong>Obtenha o c\u00f3digo personalizado para incorporar o complemento<\/strong><br> Assim que terminar de criar o complemento, voc\u00ea receber\u00e1 um c\u00f3digo HTML individual no seu painel. Copie o c\u00f3digo que cont\u00e9m todas as informa\u00e7\u00f5es sobre seus ajustes. <\/li> <li><strong>Exiba o complemento no seu site PrestaShop<\/strong><br> Defina as \u00e1reas do seu site onde deseja apresentar a Conformidade com a ADA e cole o c\u00f3digo l\u00e1. Salve suas altera\u00e7\u00f5es. <\/li> <\/ol><p>Isso \u00e9 tudo! Agora, veja como o complemento est\u00e1 se saindo no seu site. <\/p><p>Se voc\u00ea enfrentar algum inconveniente ao incorporar o complemento em um site, entre em contato com nosso atendimento ao cliente. Teremos prazer em mostrar como adicionar e ajustar sua solu\u00e7\u00e3o de acessibilidade. <\/p><\/div>","protected":false},"excerpt":{"rendered":"","protected":false},"author":9,"featured_media":0,"parent":14989,"menu_order":0,"comment_status":"closed","ping_status":"closed","template":"templates\/template-application-platform.php","meta":{"publish_to_discourse":"","publish_post_category":"","wpdc_auto_publish_overridden":"","wpdc_topic_tags":"","wpdc_pin_topic":"","wpdc_pin_until":"","discourse_post_id":"","discourse_permalink":"","wpdc_publishing_response":"","wpdc_publishing_error":"","footnotes":""},"class_list":["post-14813","page","type-page","status-publish","hentry"],"yoast_head":"<!-- This site is optimized with the Yoast SEO plugin v25.3.1 - https:\/\/yoast.com\/wordpress\/plugins\/seo\/ -->\n<title>Complemento PrestaShop ADA Compliance - Adicione acessibilidade ao seu site [GR\u00c1TIS]<\/title>\n<meta name=\"description\" content=\"Adicione um complemento de conformidade com a ADA ao seu site PrestaShop. Use o editor simples da Elfsight para criar sua solu\u00e7\u00e3o exclusiva sem esfor\u00e7o.\" \/>\n<meta name=\"robots\" content=\"index, follow, max-snippet:-1, max-image-preview:large, max-video-preview:-1\" \/>\n<link rel=\"canonical\" href=\"https:\/\/elfsight.com\/pt\/ada-compliance-widget\/prestashop\/\" \/>\n<meta property=\"og:locale\" content=\"pt_PT\" \/>\n<meta property=\"og:type\" content=\"article\" \/>\n<meta property=\"og:title\" content=\"Complemento PrestaShop ADA Compliance - Adicione acessibilidade ao seu site [GR\u00c1TIS]\" \/>\n<meta property=\"og:description\" content=\"Adicione um complemento de conformidade com a ADA ao seu site PrestaShop. Use o editor simples da Elfsight para criar sua solu\u00e7\u00e3o exclusiva sem esfor\u00e7o.\" \/>\n<meta property=\"og:url\" content=\"https:\/\/elfsight.com\/pt\/ada-compliance-widget\/prestashop\/\" \/>\n<meta property=\"og:site_name\" content=\"Elfsight PT\" \/>\n<meta property=\"article:modified_time\" content=\"2025-07-10T06:26:13+00:00\" \/>\n<meta name=\"twitter:card\" content=\"summary_large_image\" \/>\n<meta name=\"twitter:label1\" content=\"Tempo estimado de leitura\" \/>\n\t<meta name=\"twitter:data1\" content=\"2 minutos\" \/>\n<!-- \/ Yoast SEO plugin. -->","yoast_head_json":{"title":"Complemento PrestaShop ADA Compliance - Adicione acessibilidade ao seu site [GR\u00c1TIS]","description":"Adicione um complemento de conformidade com a ADA ao seu site PrestaShop. Use o editor simples da Elfsight para criar sua solu\u00e7\u00e3o exclusiva sem esfor\u00e7o.","robots":{"index":"index","follow":"follow","max-snippet":"max-snippet:-1","max-image-preview":"max-image-preview:large","max-video-preview":"max-video-preview:-1"},"canonical":"https:\/\/elfsight.com\/pt\/ada-compliance-widget\/prestashop\/","og_locale":"pt_PT","og_type":"article","og_title":"Complemento PrestaShop ADA Compliance - Adicione acessibilidade ao seu site [GR\u00c1TIS]","og_description":"Adicione um complemento de conformidade com a ADA ao seu site PrestaShop. Use o editor simples da Elfsight para criar sua solu\u00e7\u00e3o exclusiva sem esfor\u00e7o.","og_url":"https:\/\/elfsight.com\/pt\/ada-compliance-widget\/prestashop\/","og_site_name":"Elfsight PT","article_modified_time":"2025-07-10T06:26:13+00:00","twitter_card":"summary_large_image","twitter_misc":{"Tempo estimado de leitura":"2 minutos"},"schema":{"@context":"https:\/\/schema.org","@graph":[{"@type":"WebPage","@id":"https:\/\/elfsight.com\/pt\/ada-compliance-widget\/prestashop\/","url":"https:\/\/elfsight.com\/pt\/ada-compliance-widget\/prestashop\/","name":"Complemento PrestaShop ADA Compliance - Adicione acessibilidade ao seu site [GR\u00c1TIS]","isPartOf":{"@id":"https:\/\/elfsight.com\/pt\/#website"},"datePublished":"2025-05-21T10:31:16+00:00","dateModified":"2025-07-10T06:26:13+00:00","description":"Adicione um complemento de conformidade com a ADA ao seu site PrestaShop. Use o editor simples da Elfsight para criar sua solu\u00e7\u00e3o exclusiva sem esfor\u00e7o.","breadcrumb":{"@id":"https:\/\/elfsight.com\/pt\/ada-compliance-widget\/prestashop\/#breadcrumb"},"inLanguage":"pt-PT","potentialAction":[{"@type":"ReadAction","target":["https:\/\/elfsight.com\/pt\/ada-compliance-widget\/prestashop\/"]}]},{"@type":"BreadcrumbList","@id":"https:\/\/elfsight.com\/pt\/ada-compliance-widget\/prestashop\/#breadcrumb","itemListElement":[{"@type":"ListItem","position":1,"name":"Home","item":"https:\/\/elfsight.com\/pt\/"},{"@type":"ListItem","position":2,"name":"Ada Compliance","item":"https:\/\/elfsight.com\/pt\/ada-compliance-widget\/"},{"@type":"ListItem","position":3,"name":"ADA Compliance &#8211; PrestaShop"}]},{"@type":"WebSite","@id":"https:\/\/elfsight.com\/pt\/#website","url":"https:\/\/elfsight.com\/pt\/","name":"Elfsight PT","description":"Just another Elfsight Sites site","potentialAction":[{"@type":"SearchAction","target":{"@type":"EntryPoint","urlTemplate":"https:\/\/elfsight.com\/pt\/?s={search_term_string}"},"query-input":{"@type":"PropertyValueSpecification","valueRequired":true,"valueName":"search_term_string"}}],"inLanguage":"pt-PT"}]}},"meta_box":{"industry":"","seo_heading":"","heading":"","description":"","cta_heading":"","cta_description":"","application":"14794","h1":"Complemento de conformidade com ADA para o site PrestaShop","h1_caption":"Torne seu site PrestaShop compat\u00edvel com ADA com um complemento que personaliza seu conte\u00fado para usu\u00e1rios de todas as habilidades: fortale\u00e7a a inclus\u00e3o e, ao mesmo tempo, destaque seus esfor\u00e7os de acessibilidade.","application_category":[],"applications_title":"","applications_request_title":"","applications_request_button_text":"","hero_text":"","hero_video":"","hero_video_schema_markup":"","selling_points_title":"","selling_points_caption":"","selling_points":[],"selling_points_cta_text":"","features_title":"","features":"","ed_cta_examples_text":"","ed_cta_examples_hidden":"","ed_cta_demo_text":"","ed_cta_demo_hidden":"","why_caption":"","why_editor_title":"","why_editor_text":"","why_team_title":"","why_team_text":"","why_service_title":"","why_service_text":"","template_catalog_visible":"","template_catalog_title":"","template_catalog_text":"","template_catalog_categories_visible":"","demo_title":"Crie seu complemento de conformidade com a ADA","demo_caption":"Configure sua conformidade com a ADA e adicione-a ao seu site PrestaShop gratuitamente!","default_faq_hidden":"","app_template_category":[],"platform":"5343","template_public_id":"","codecanyon_url":"","codecanyon_item_id":"","codecanyon_price":"","pricing_caption":"","pricing_elfsight_apps_hide_column":"","pricing_elfsight_apps_url":"","pricing_codecanyon_price_caption":"","integration_category":[],"integration_request_title":"","integration_request_cta":"","integration_platform":"","integrations":[],"platform_category":[],"video_schema_markup":"","price":"a partir de $ 0 \/ m\u00eas","trial":"","benefits":[],"button_url":"#demo","button_target_blank":"0","button_nofollow":"","attributes":[{"name":"Instala\u00e7\u00f5es","content":"50,000 - 100,000","_state":"expanded"},{"name":"Responsivo","content":"Sim","_state":"expanded"},{"name":"Navegadores compat\u00edveis","content":"Firefox, Safari, Opera, Chrome, Edge","_state":"expanded"}],"tags":[],"tags_disable_links":"","hide_more_platforms":"","video_object":"","demo_hide_cta":"","demo_hide_cloud_options":"","pricing_title":"","pricing":[{"pricing_icon":"platform","pricing_title":"Elfsight Apps","pricing_title_caption":"Solu\u00e7\u00e3o digital multiplataforma","pricing_price":"a partir de $ 0 \/ m\u00eas","pricing_price_caption":"comece com um plano gratuito","pricing_button_text":"Adicionar ao site","pricing_button_url":"#demo"}],"related_apps_title":"","related_apps_hidden":"","author":"","image":[],"title":"","job":"","social_networks":[]},"_links":{"self":[{"href":"https:\/\/elfsight.com\/pt\/wp-json\/wp\/v2\/pages\/14813","targetHints":{"allow":["GET"]}}],"collection":[{"href":"https:\/\/elfsight.com\/pt\/wp-json\/wp\/v2\/pages"}],"about":[{"href":"https:\/\/elfsight.com\/pt\/wp-json\/wp\/v2\/types\/page"}],"author":[{"embeddable":true,"href":"https:\/\/elfsight.com\/pt\/wp-json\/wp\/v2\/users\/9"}],"replies":[{"embeddable":true,"href":"https:\/\/elfsight.com\/pt\/wp-json\/wp\/v2\/comments?post=14813"}],"version-history":[{"count":1,"href":"https:\/\/elfsight.com\/pt\/wp-json\/wp\/v2\/pages\/14813\/revisions"}],"predecessor-version":[{"id":14817,"href":"https:\/\/elfsight.com\/pt\/wp-json\/wp\/v2\/pages\/14813\/revisions\/14817"}],"up":[{"embeddable":true,"href":"https:\/\/elfsight.com\/pt\/wp-json\/wp\/v2\/pages\/14989"}],"wp:attachment":[{"href":"https:\/\/elfsight.com\/pt\/wp-json\/wp\/v2\/media?parent=14813"}],"curies":[{"name":"wp","href":"https:\/\/api.w.org\/{rel}","templated":true}]}}