{"id":148,"date":"2021-09-24T12:46:59","date_gmt":"2021-09-24T12:46:59","guid":{"rendered":"https:\/\/elfsight.com\/pt\/?page_id=148"},"modified":"2024-06-25T10:22:13","modified_gmt":"2024-06-25T10:22:13","slug":"elementor-widgets","status":"publish","type":"page","link":"https:\/\/elfsight.com\/pt\/elementor-widgets\/","title":{"rendered":"Elementor widgets"},"content":{"rendered":"\n<h2>Os melhores widgets da Elfsight para todos os aspetos do seu site Elementor<\/h2>\n\n<figure class=\"browser-frame\">\n<img decoding=\"async\" alt=\"the best free elementor widgets for your website\" src=\"https:\/\/elfsight.com\/wp-content\/uploads\/2020\/08\/platform-image-elementor.jpg\">\n<\/figure>\n\n<p>A nossa equipa de especialistas da Elfsight desenvolve plugins reativos e f\u00e1ceis de utilizar para si h\u00e1 anos.<\/p>\n<p>Simplesmente implementar plugins no seu site pode aumentar as vendas, a intera\u00e7\u00e3o do utilizador e a confian\u00e7a na sua empresa.<\/p>\n\n<h2>Porque \u00e9 que os widgets da Elfsight s\u00e3o das melhores solu\u00e7\u00f5es para o seu site?<\/h2>\n<p> Check out a list of important strengths of our plugins, which make us be ahead of our rivals:<\/p>\n<ul>\n<li>Veja a lista de principais pontos positivos do nosso servi\u00e7o:<\/li>\n<li>Adaptam-se a todas as resolu\u00e7\u00f5es de ecr\u00e3s;<\/li>\n<li>N\u00e3o necessita de pedir ajuda a programadores;<\/li>\n<li>Servi\u00e7o de cloud para alta velocidade de carregamento;<\/li>\n<li>Pre\u00e7os razo\u00e1veis;<\/li>\n<li>Ajuda r\u00e1pida para qualquer quest\u00e3o do utilizador.<\/li>\n<\/ul>\n<p>Veja o plano Lite gratuito dos nossos widgets ou escolha qualquer ferramenta que queira com 20% de desconto.<p>\n\n<h2>Como usar os seus plugins num site Elementor<\/h2>\n<div class=\"video-container\">\n<iframe width=\"720\" height=\"405\" src=\"https:\/\/www.youtube.com\/embed\/3JXCql-iAjM\" frameborder=\"0\" allowfullscreen><\/iframe>\n<\/div>\n<p>Para implementar o widget, veja as instru\u00e7\u00f5es:<\/p>\n<ol>\n<li>Comece com o widget necess\u00e1rio;<\/li>\n<li>Ajuste as defini\u00e7\u00f5es consoante as suas necessidades;<\/li>\n<li>Clique em \u201cguardar altera\u00e7\u00f5es\u201d;<\/li>\n<li>Copie o c\u00f3digo recebido;<\/li>\n<li>Insira-o no local dispon\u00edvel do seu site ou template;<\/li>\n<li>Feito!<\/li>\n<\/ol>\n<p>Se precisar de uma recomenda\u00e7\u00e3o ou de ajuda durante a defini\u00e7\u00e3o do widget, contacte o nosso Centro de Ajuda.<\/p>\n","protected":false},"excerpt":{"rendered":"Os melhores widgets da Elfsight para todos os aspetos do seu site Elementor A nossa equipa de especialistas da Elfsight desenvolve plugins reativos e f\u00e1ceis de utilizar para si h\u00e1 anos. Simplesmente implementar plugins no seu site pode aumentar as vendas, a intera\u00e7\u00e3o do utilizador e a confian\u00e7a na sua&#8230;","protected":false},"author":13,"featured_media":0,"parent":0,"menu_order":0,"comment_status":"closed","ping_status":"closed","template":"templates\/template-platform.php","meta":{"publish_to_discourse":"","publish_post_category":"","wpdc_auto_publish_overridden":"","wpdc_topic_tags":"","wpdc_pin_topic":"","wpdc_pin_until":"","discourse_post_id":"","discourse_permalink":"","wpdc_publishing_response":"","wpdc_publishing_error":"","footnotes":""},"class_list":["post-148","page","type-page","status-publish","hentry"],"yoast_head":"<!-- This site is optimized with the Yoast SEO plugin v25.3.1 - https:\/\/yoast.com\/wordpress\/plugins\/seo\/ -->\n<title>Mais de 70 dos melhores widgets Elementor para site | Plugins da Elfsight<\/title>\n<meta name=\"description\" content=\"Lista de excelentes widgets e plugins gratuitos especialmente para sites Elementor. Ajuda com personaliza\u00e7\u00e3o e funcionalidade impressionante.\" \/>\n<meta name=\"robots\" content=\"index, follow, max-snippet:-1, max-image-preview:large, max-video-preview:-1\" \/>\n<link rel=\"canonical\" href=\"https:\/\/elfsight.com\/pt\/elementor-widgets\/\" \/>\n<meta property=\"og:locale\" content=\"pt_PT\" \/>\n<meta property=\"og:type\" content=\"article\" \/>\n<meta property=\"og:title\" content=\"Mais de 70 dos melhores widgets Elementor para site | Plugins da Elfsight\" \/>\n<meta property=\"og:description\" content=\"Lista de excelentes widgets e plugins gratuitos especialmente para sites Elementor. Ajuda com personaliza\u00e7\u00e3o e funcionalidade impressionante.\" \/>\n<meta property=\"og:url\" content=\"https:\/\/elfsight.com\/pt\/elementor-widgets\/\" \/>\n<meta property=\"og:site_name\" content=\"Elfsight PT\" \/>\n<meta property=\"article:modified_time\" content=\"2024-06-25T10:22:13+00:00\" \/>\n<meta property=\"og:image\" content=\"https:\/\/elfsight.com\/wp-content\/uploads\/2020\/08\/platform-image-elementor.jpg\" \/>\n<meta name=\"twitter:card\" content=\"summary_large_image\" \/>\n<meta name=\"twitter:label1\" content=\"Tempo estimado de leitura\" \/>\n\t<meta name=\"twitter:data1\" content=\"2 minutos\" \/>\n<!-- \/ Yoast SEO plugin. -->","yoast_head_json":{"title":"Mais de 70 dos melhores widgets Elementor para site | Plugins da Elfsight","description":"Lista de excelentes widgets e plugins gratuitos especialmente para sites Elementor. Ajuda com personaliza\u00e7\u00e3o e funcionalidade impressionante.","robots":{"index":"index","follow":"follow","max-snippet":"max-snippet:-1","max-image-preview":"max-image-preview:large","max-video-preview":"max-video-preview:-1"},"canonical":"https:\/\/elfsight.com\/pt\/elementor-widgets\/","og_locale":"pt_PT","og_type":"article","og_title":"Mais de 70 dos melhores widgets Elementor para site | Plugins da Elfsight","og_description":"Lista de excelentes widgets e plugins gratuitos especialmente para sites Elementor. Ajuda com personaliza\u00e7\u00e3o e funcionalidade impressionante.","og_url":"https:\/\/elfsight.com\/pt\/elementor-widgets\/","og_site_name":"Elfsight PT","article_modified_time":"2024-06-25T10:22:13+00:00","og_image":[{"url":"https:\/\/elfsight.com\/wp-content\/uploads\/2020\/08\/platform-image-elementor.jpg","type":"","width":"","height":""}],"twitter_card":"summary_large_image","twitter_misc":{"Tempo estimado de leitura":"2 minutos"},"schema":{"@context":"https:\/\/schema.org","@graph":[{"@type":"WebPage","@id":"https:\/\/elfsight.com\/pt\/elementor-widgets\/","url":"https:\/\/elfsight.com\/pt\/elementor-widgets\/","name":"Mais de 70 dos melhores widgets Elementor para site | Plugins da Elfsight","isPartOf":{"@id":"https:\/\/elfsight.com\/pt\/#website"},"primaryImageOfPage":{"@id":"https:\/\/elfsight.com\/pt\/elementor-widgets\/#primaryimage"},"image":{"@id":"https:\/\/elfsight.com\/pt\/elementor-widgets\/#primaryimage"},"thumbnailUrl":"https:\/\/elfsight.com\/wp-content\/uploads\/2020\/08\/platform-image-elementor.jpg","datePublished":"2021-09-24T12:46:59+00:00","dateModified":"2024-06-25T10:22:13+00:00","description":"Lista de excelentes widgets e plugins gratuitos especialmente para sites Elementor. Ajuda com personaliza\u00e7\u00e3o e funcionalidade impressionante.","breadcrumb":{"@id":"https:\/\/elfsight.com\/pt\/elementor-widgets\/#breadcrumb"},"inLanguage":"pt-PT","potentialAction":[{"@type":"ReadAction","target":["https:\/\/elfsight.com\/pt\/elementor-widgets\/"]}]},{"@type":"ImageObject","inLanguage":"pt-PT","@id":"https:\/\/elfsight.com\/pt\/elementor-widgets\/#primaryimage","url":"https:\/\/elfsight.com\/wp-content\/uploads\/2020\/08\/platform-image-elementor.jpg","contentUrl":"https:\/\/elfsight.com\/wp-content\/uploads\/2020\/08\/platform-image-elementor.jpg"},{"@type":"BreadcrumbList","@id":"https:\/\/elfsight.com\/pt\/elementor-widgets\/#breadcrumb","itemListElement":[{"@type":"ListItem","position":1,"name":"Home","item":"https:\/\/elfsight.com\/pt\/"},{"@type":"ListItem","position":2,"name":"Elementor widgets"}]},{"@type":"WebSite","@id":"https:\/\/elfsight.com\/pt\/#website","url":"https:\/\/elfsight.com\/pt\/","name":"Elfsight PT","description":"Just another Elfsight Sites site","potentialAction":[{"@type":"SearchAction","target":{"@type":"EntryPoint","urlTemplate":"https:\/\/elfsight.com\/pt\/?s={search_term_string}"},"query-input":{"@type":"PropertyValueSpecification","valueRequired":true,"valueName":"search_term_string"}}],"inLanguage":"pt-PT"}]}},"meta_box":{"industry":"","seo_heading":"","heading":"","description":"","cta_heading":"","cta_description":"","application":"","h1":"Os melhores widgets Elementor","h1_caption":"Cat\u00e1logo gratuito de plugins prontos a usar recomendados com funcionalidades diversas para aumentar a atividade do utilizador e abranger todos os principais objetivos comerciais.","application_category":[],"applications_title":"Veja a grande cole\u00e7\u00e3o de plugins gratuitos para o seu site Elementor.","applications_request_title":"N\u00e3o encontra o melhor widget?","applications_request_button_text":"Pedir um widget","hero_text":"","hero_video":"","hero_video_schema_markup":"","selling_points_title":"","selling_points_caption":"","selling_points":[],"selling_points_cta_text":"","features_title":"","features":"","ed_cta_examples_text":"","ed_cta_examples_hidden":"","ed_cta_demo_text":"","ed_cta_demo_hidden":"","why_caption":"","why_editor_title":"","why_editor_text":"","why_team_title":"","why_team_text":"","why_service_title":"","why_service_text":"","template_catalog_visible":"","template_catalog_title":"","template_catalog_text":"","template_catalog_categories_visible":"","demo_title":"","demo_caption":"","default_faq_hidden":"","app_template_category":[],"platform":"100","template_public_id":"","codecanyon_url":"","codecanyon_item_id":"","codecanyon_price":"","pricing_caption":"","pricing_elfsight_apps_hide_column":"","pricing_elfsight_apps_url":"","pricing_codecanyon_price_caption":"","integration_category":[],"integration_request_title":"","integration_request_cta":"","integration_platform":"","integrations":[],"platform_category":[],"video_schema_markup":"{\r\n  \"@context\": \"http:\/\/schema.org\",\r\n  \"@type\": \"VideoObject\",\r\n  \"name\": \"How to Add Widget to Elementor (free &amp; easy)\",\r\n  \"description\": \"Free list of excellent free widgets and plugins specially for Elementor websites. Help with customization and impressive functionality.\",\r\n  \"thumbnailUrl\": \"https:\/\/i.ytimg.com\/vi\/3JXCql-iAjM\/default.jpg\",\r\n  \"uploadDate\": \"2021-06-04T14:23:34Z\",\r\n  \"duration\": \"PT2M29S\",\r\n  \"embedUrl\": \"https:\/\/www.youtube.com\/embed\/3JXCql-iAjM\",\r\n  \"interactionCount\": \"32\"\r\n}","price":"a partir de US$ 0\/m\u00eas","trial":"","benefits":[],"button_url":"#demo","button_target_blank":"","button_nofollow":"","attributes":[],"tags":[],"tags_disable_links":"","hide_more_platforms":"","video_object":"","demo_hide_cta":"","demo_hide_cloud_options":"","pricing_title":"","pricing":[],"related_apps_title":"","related_apps_hidden":"","author":"","image":[],"title":"","job":"","social_networks":[]},"_links":{"self":[{"href":"https:\/\/elfsight.com\/pt\/wp-json\/wp\/v2\/pages\/148","targetHints":{"allow":["GET"]}}],"collection":[{"href":"https:\/\/elfsight.com\/pt\/wp-json\/wp\/v2\/pages"}],"about":[{"href":"https:\/\/elfsight.com\/pt\/wp-json\/wp\/v2\/types\/page"}],"author":[{"embeddable":true,"href":"https:\/\/elfsight.com\/pt\/wp-json\/wp\/v2\/users\/13"}],"replies":[{"embeddable":true,"href":"https:\/\/elfsight.com\/pt\/wp-json\/wp\/v2\/comments?post=148"}],"version-history":[{"count":2,"href":"https:\/\/elfsight.com\/pt\/wp-json\/wp\/v2\/pages\/148\/revisions"}],"predecessor-version":[{"id":150,"href":"https:\/\/elfsight.com\/pt\/wp-json\/wp\/v2\/pages\/148\/revisions\/150"}],"wp:attachment":[{"href":"https:\/\/elfsight.com\/pt\/wp-json\/wp\/v2\/media?parent=148"}],"curies":[{"name":"wp","href":"https:\/\/api.w.org\/{rel}","templated":true}]}}