{"id":14714,"date":"2024-06-11T07:49:44","date_gmt":"2024-06-11T07:49:44","guid":{"rendered":"https:\/\/elfsight.com\/pt\/?page_id=14714"},"modified":"2025-06-17T14:05:23","modified_gmt":"2025-06-17T14:05:23","slug":"squarespace","status":"publish","type":"page","link":"https:\/\/elfsight.com\/pt\/timeline-widget\/squarespace\/","title":{"rendered":"Timeline &#8211; Squarespace"},"content":{"rendered":"<div class=\"application-platform-content-item-description application-platform-content-item\" id=\"description\" data-nav-section=\"description\"><h2>Plugin do Squarespace Timeline<\/h2><p>Adicione um roteiro interativo \u00e0 sua p\u00e1gina do Squarespace para exibir eventos, conquistas ou etapas de tarefas. Mantenha seus usu\u00e1rios engajados com um cronograma visualmente din\u00e2mico e flex\u00edvel. O construtor Squarespace Timeline da Elfsight permite adicionar marcadores de marcos personaliz\u00e1veis \u200b\u200bque envolvem seus clientes. Esteja voc\u00ea apresentando a hist\u00f3ria da sua empresa, monitorando as fases do projeto ou demonstrando o desenvolvimento de produtos, este widget facilita a cria\u00e7\u00e3o de um roteiro exclusivo que atenda aos seus objetivos. <\/p><ul><li><b>Crie cronogramas interativos sem c\u00f3digo<\/b><br>Crie uma cronologia totalmente funcional em minutos, sem necessidade de conhecimento t\u00e9cnico, e comece a atrair visitantes imediatamente. <\/li><li><b>Op\u00e7\u00f5es avan\u00e7adas de personaliza\u00e7\u00e3o<\/b><br>Personalize o design e o layout do seu widget com uma variedade de modelos, tonalidades, fontes e configura\u00e7\u00f5es flex\u00edveis para uma experi\u00eancia \u00fanica e personalizada. <\/li><li><b>Processo de incorpora\u00e7\u00e3o tranquilo<\/b><br>Incorpore facilmente sua linha do tempo exclusiva ao seu site do Squarespace usando um c\u00f3digo HTML f\u00e1cil, sem complica\u00e7\u00f5es t\u00e9cnicas envolvidas. <\/li><li><b>Suporte ao cliente \u00e1gil<\/b><br>Nossa equipe de suporte dedicada est\u00e1 sempre dispon\u00edvel para ajudar na configura\u00e7\u00e3o, garantindo que seu cronograma funcione perfeitamente em seu site. <\/li><\/ul><p><b>Experimente a linha do tempo do Elfsight Squarespace para envolver os visitantes e destacar suas conquistas de uma forma criativa e elegante. <\/b><\/p><\/div><div class=\"application-platform-content-item-features application-platform-content-item\" id=\"features\" data-nav-section=\"features\"><h2>O que voc\u00ea pode fazer com a linha do tempo do Squarespace<\/h2><ul><li><strong>Envolva os visitantes visualmente<\/strong><br>Atraia p\u00fablicos com uma linha do tempo din\u00e2mica que ajuda a apresentar marcos em um formato direto. Uma linha do tempo gr\u00e1fica ajuda a exibir o conte\u00fado em um formato simples que convida os usu\u00e1rios \u00e0 descoberta. <\/li><li><strong>Mostre o progresso e os eventos<\/strong><br>Exiba as conquistas da sua empresa e os est\u00e1gios das tarefas de maneira ordenada por tempo para manter os visitantes envolvidos. Isso ajuda os h\u00f3spedes a entender sua hist\u00f3ria e os mant\u00e9m interessados \u200b\u200bem suas novidades. <\/li><li><strong>Destaque as principais conquistas<\/strong><br>D\u00ea especial import\u00e2ncia aos seus marcos mais significativos. Enfatize seus sucessos mais importantes em um formato atraente e f\u00e1cil de acompanhar. <\/li><\/ul><p><a href=\"#demo\">Confira o editor para ver todos os recursos do plugin Timeline. <\/a><\/p><\/div><div class=\"application-platform-content-item-installation application-platform-content-item\" id=\"installation\" data-nav-section=\"installation\"> <h2>Como incorporar uma linha do tempo no Squarespace<\/h2><p>Adicionar a linha do tempo do Squarespace \u00e0 sua p\u00e1gina da web \u00e9 simples e n\u00e3o \u00e9 necess\u00e1ria nenhuma codifica\u00e7\u00e3o. Basta seguir estas etapas claras para come\u00e7ar: <\/p><ol><li><b>Crie sua linha do tempo personalizada do Squarespace<\/b><br>Comece selecionando um modelo ajust\u00e1vel no editor e ajuste-o para atender \u00e0s suas necessidades. Refine a estrutura, adicione marcos e modifique o design para se adequar ao estilo do seu site. <\/li><li><b>Obtenha seu c\u00f3digo de incorpora\u00e7\u00e3o exclusivo<\/b><br>Depois de finalizar a personaliza\u00e7\u00e3o de sua linha do tempo, voc\u00ea receber\u00e1 um c\u00f3digo HTML personalizado. Copie este c\u00f3digo para uso posterior. <\/li><li><b>Incorpore o c\u00f3digo ao seu site do Squarespace<\/b><br>Cole o c\u00f3digo HTML copiado na \u00e1rea desejada da sua p\u00e1gina do Squarespace e salve as altera\u00e7\u00f5es. Sua linha do tempo envolvente agora estar\u00e1 ativa em seu site! <\/li><li><b>Aproveite sua nova linha do tempo interativa! <\/b><br>Visite seu site para ver a linha do tempo em a\u00e7\u00e3o e comece a envolver os visitantes de uma forma visualmente envolvente! <\/li><\/ol><p>Para obter mais detalhes, visite nosso guia completo sobre <a href=\"https:\/\/elfsight.com\/blog\/how-to-embed-timeline-to-website\/\" target=\"_blank\" rel=\"noopener\">como criar uma linha do tempo personalizada em um site<\/a>.<\/p><\/div><div class=\"faq\" data-component=\"FAQ\"><div class=\"faq-item\">\r\n\t\t\t\t\t<div class=\"faq-item-question\">\r\n\t\t\t\t\t\t<h3 class=\"faq-item-question-text\">O widget Timeline do Squarespace \u00e9 gratuito? <\/h3>\r\n\r\n\t\t\t\t\t\t<div class=\"faq-item-question-icon\"><\/div>\r\n\t\t\t\t\t<\/div>\r\n\r\n\t\t\t\t\t<div class=\"faq-item-answer\">\r\n\t\t\t\t\t\t<div class=\"faq-item-answer-text\">Sim, a Elfsight oferece um modelo de assinatura com um n\u00edvel gratuito. Acesse os recursos b\u00e1sicos do widget Timeline gratuitamente, com planos premium dispon\u00edveis para maior personaliza\u00e7\u00e3o. <\/div>\r\n\t\t\t\t\t<\/div>\r\n\t\t\t\t<\/div><div class=\"faq-item\">\r\n\t\t\t\t\t<div class=\"faq-item-question\">\r\n\t\t\t\t\t\t<h3 class=\"faq-item-question-text\">Preciso de alguma habilidade de codifica\u00e7\u00e3o para usar o widget Timeline? <\/h3>\r\n\r\n\t\t\t\t\t\t<div class=\"faq-item-question-icon\"><\/div>\r\n\t\t\t\t\t<\/div>\r\n\r\n\t\t\t\t\t<div class=\"faq-item-answer\">\r\n\t\t\t\t\t\t<div class=\"faq-item-answer-text\">N\u00e3o, o construtor Squarespace Timeline da Elfsight n\u00e3o requer nenhum conhecimento de codifica\u00e7\u00e3o. Crie sua linha do tempo com o editor f\u00e1cil de usar. <\/div>\r\n\t\t\t\t\t<\/div>\r\n\t\t\t\t<\/div><div class=\"faq-item\">\r\n\t\t\t\t\t<div class=\"faq-item-question\">\r\n\t\t\t\t\t\t<h3 class=\"faq-item-question-text\">Como posso criar uma linha do tempo interativa para o Squarespace? <\/h3>\r\n\r\n\t\t\t\t\t\t<div class=\"faq-item-question-icon\"><\/div>\r\n\t\t\t\t\t<\/div>\r\n\r\n\t\t\t\t\t<div class=\"faq-item-answer\">\r\n\t\t\t\t\t\t<div class=\"faq-item-answer-text\">Basta escolher um modelo no editor, ajust\u00e1-lo conforme necess\u00e1rio e incorpor\u00e1-lo ao seu site usando um c\u00f3digo exclusivo. <\/div>\r\n\t\t\t\t\t<\/div>\r\n\t\t\t\t<\/div><div class=\"faq-item\">\r\n\t\t\t\t\t<div class=\"faq-item-question\">\r\n\t\t\t\t\t\t<h3 class=\"faq-item-question-text\">Que tipos de cronogramas posso criar? <\/h3>\r\n\r\n\t\t\t\t\t\t<div class=\"faq-item-question-icon\"><\/div>\r\n\t\t\t\t\t<\/div>\r\n\r\n\t\t\t\t\t<div class=\"faq-item-answer\">\r\n\t\t\t\t\t\t<div class=\"faq-item-answer-text\">Voc\u00ea pode criar uma variedade de cronogramas: hist\u00f3rico da empresa, desenvolvimento de produtos, cronograma de tarefas, calend\u00e1rio de eventos e muito mais. O widget Elfsight Timeline \u00e9 suficientemente flex\u00edvel para se adaptar \u00e0s suas necessidades \u00fanicas.<\/div>\r\n\t\t\t\t\t<\/div>\r\n\t\t\t\t<\/div><\/div>","protected":false},"excerpt":{"rendered":"","protected":false},"author":9,"featured_media":0,"parent":14649,"menu_order":0,"comment_status":"closed","ping_status":"closed","template":"templates\/template-application-platform.php","meta":{"publish_to_discourse":"","publish_post_category":"","wpdc_auto_publish_overridden":"","wpdc_topic_tags":"","wpdc_pin_topic":"","wpdc_pin_until":"","discourse_post_id":"","discourse_permalink":"","wpdc_publishing_response":"","wpdc_publishing_error":"","footnotes":""},"class_list":["post-14714","page","type-page","status-publish","hentry"],"yoast_head":"<!-- This site is optimized with the Yoast SEO plugin v25.3.1 - https:\/\/yoast.com\/wordpress\/plugins\/seo\/ -->\n<title>Widget de linha do tempo do Squarespace - adicione uma linha do tempo gratuita \u00e0 sua p\u00e1gina<\/title>\n<meta name=\"description\" content=\"Crie uma cronologia personalizada para o seu site. Apresente facilmente sua hist\u00f3ria, marcadores e progresso com um widget de Linha do Tempo totalmente personaliz\u00e1vel no Squarespace.\" \/>\n<meta name=\"robots\" content=\"index, follow, max-snippet:-1, max-image-preview:large, max-video-preview:-1\" \/>\n<link rel=\"canonical\" href=\"https:\/\/elfsight.com\/pt\/timeline-widget\/squarespace\/\" \/>\n<meta property=\"og:locale\" content=\"pt_PT\" \/>\n<meta property=\"og:type\" content=\"article\" \/>\n<meta property=\"og:title\" content=\"Widget de linha do tempo do Squarespace - adicione uma linha do tempo gratuita \u00e0 sua p\u00e1gina\" \/>\n<meta property=\"og:description\" content=\"Crie uma cronologia personalizada para o seu site. Apresente facilmente sua hist\u00f3ria, marcadores e progresso com um widget de Linha do Tempo totalmente personaliz\u00e1vel no Squarespace.\" \/>\n<meta property=\"og:url\" content=\"https:\/\/elfsight.com\/pt\/timeline-widget\/squarespace\/\" \/>\n<meta property=\"og:site_name\" content=\"Elfsight PT\" \/>\n<meta property=\"article:modified_time\" content=\"2025-06-17T14:05:23+00:00\" \/>\n<meta name=\"twitter:card\" content=\"summary_large_image\" \/>\n<meta name=\"twitter:label1\" content=\"Tempo estimado de leitura\" \/>\n\t<meta name=\"twitter:data1\" content=\"4 minutos\" \/>\n<!-- \/ Yoast SEO plugin. -->","yoast_head_json":{"title":"Widget de linha do tempo do Squarespace - adicione uma linha do tempo gratuita \u00e0 sua p\u00e1gina","description":"Crie uma cronologia personalizada para o seu site. Apresente facilmente sua hist\u00f3ria, marcadores e progresso com um widget de Linha do Tempo totalmente personaliz\u00e1vel no Squarespace.","robots":{"index":"index","follow":"follow","max-snippet":"max-snippet:-1","max-image-preview":"max-image-preview:large","max-video-preview":"max-video-preview:-1"},"canonical":"https:\/\/elfsight.com\/pt\/timeline-widget\/squarespace\/","og_locale":"pt_PT","og_type":"article","og_title":"Widget de linha do tempo do Squarespace - adicione uma linha do tempo gratuita \u00e0 sua p\u00e1gina","og_description":"Crie uma cronologia personalizada para o seu site. Apresente facilmente sua hist\u00f3ria, marcadores e progresso com um widget de Linha do Tempo totalmente personaliz\u00e1vel no Squarespace.","og_url":"https:\/\/elfsight.com\/pt\/timeline-widget\/squarespace\/","og_site_name":"Elfsight PT","article_modified_time":"2025-06-17T14:05:23+00:00","twitter_card":"summary_large_image","twitter_misc":{"Tempo estimado de leitura":"4 minutos"},"schema":{"@context":"https:\/\/schema.org","@graph":[{"@type":"WebPage","@id":"https:\/\/elfsight.com\/pt\/timeline-widget\/squarespace\/","url":"https:\/\/elfsight.com\/pt\/timeline-widget\/squarespace\/","name":"Widget de linha do tempo do Squarespace - adicione uma linha do tempo gratuita \u00e0 sua p\u00e1gina","isPartOf":{"@id":"https:\/\/elfsight.com\/pt\/#website"},"datePublished":"2024-06-11T07:49:44+00:00","dateModified":"2025-06-17T14:05:23+00:00","description":"Crie uma cronologia personalizada para o seu site. Apresente facilmente sua hist\u00f3ria, marcadores e progresso com um widget de Linha do Tempo totalmente personaliz\u00e1vel no Squarespace.","breadcrumb":{"@id":"https:\/\/elfsight.com\/pt\/timeline-widget\/squarespace\/#breadcrumb"},"inLanguage":"pt-PT","potentialAction":[{"@type":"ReadAction","target":["https:\/\/elfsight.com\/pt\/timeline-widget\/squarespace\/"]}]},{"@type":"BreadcrumbList","@id":"https:\/\/elfsight.com\/pt\/timeline-widget\/squarespace\/#breadcrumb","itemListElement":[{"@type":"ListItem","position":1,"name":"Home","item":"https:\/\/elfsight.com\/pt\/"},{"@type":"ListItem","position":2,"name":"Timeline","item":"https:\/\/elfsight.com\/pt\/timeline-widget\/"},{"@type":"ListItem","position":3,"name":"Timeline &#8211; Squarespace"}]},{"@type":"WebSite","@id":"https:\/\/elfsight.com\/pt\/#website","url":"https:\/\/elfsight.com\/pt\/","name":"Elfsight PT","description":"Just another Elfsight Sites site","potentialAction":[{"@type":"SearchAction","target":{"@type":"EntryPoint","urlTemplate":"https:\/\/elfsight.com\/pt\/?s={search_term_string}"},"query-input":{"@type":"PropertyValueSpecification","valueRequired":true,"valueName":"search_term_string"}}],"inLanguage":"pt-PT"}]}},"meta_box":{"industry":"","seo_heading":"","heading":"","description":"","cta_heading":"","cta_description":"","application":"14648","h1":"Plug-in de linha do tempo para Squarespace","h1_caption":"Exiba uma linha do tempo envolvente de conquistas para mostrar sua narrativa, conquistas de progresso ou etapas com um roteiro interativo no Squarespace.","application_category":[],"applications_title":"","applications_request_title":"","applications_request_button_text":"","hero_text":"","hero_video":"","hero_video_schema_markup":"","selling_points_title":"","selling_points_caption":"","selling_points":[],"selling_points_cta_text":"","features_title":"","features":"","ed_cta_examples_text":"","ed_cta_examples_hidden":"","ed_cta_demo_text":"","ed_cta_demo_hidden":"","why_caption":"","why_editor_title":"","why_editor_text":"","why_team_title":"","why_team_text":"","why_service_title":"","why_service_text":"","template_catalog_visible":"","template_catalog_title":"","template_catalog_text":"","template_catalog_categories_visible":"","demo_title":"Crie seu plugin Squarespace Timeline","demo_caption":"Personalize sua linha do tempo e adicione-a ao seu site com facilidade!","default_faq_hidden":"","app_template_category":[],"platform":"67","template_public_id":"","codecanyon_url":"","codecanyon_item_id":"","codecanyon_price":"","pricing_caption":"","pricing_elfsight_apps_hide_column":"","pricing_elfsight_apps_url":"","pricing_codecanyon_price_caption":"","integration_category":[],"integration_request_title":"","integration_request_cta":"","integration_platform":"","integrations":[],"platform_category":[],"video_schema_markup":"","price":"a partir de $ 0 \/ m\u00eas","trial":"","benefits":[],"button_url":"#demo","button_target_blank":"0","button_nofollow":"0","attributes":[{"name":"Instala\u00e7\u00f5es","content":"50,000 - 100,000","_state":"expanded"},{"name":"Responsivo","content":"Sim","_state":"expanded"},{"name":"Navegadores compat\u00edveis","content":"Firefox, Safari, Opera, Chrome, Edge","_state":"expanded"}],"tags":[],"tags_disable_links":"","hide_more_platforms":"","video_object":"","demo_hide_cta":"0","demo_hide_cloud_options":"","pricing_title":"","pricing":[{"pricing_icon":"platform","pricing_title":"Elfsight Apps","pricing_title_caption":"Software multiplataforma adequado para qualquer site","pricing_price":"a partir de $ 0 \/ m\u00eas","pricing_price_caption":"comece com um plano gratuito","pricing_button_text":"Adicionar ao site","pricing_button_url":"#demo"}],"related_apps_title":"","related_apps_hidden":"","author":"","image":[],"title":"","job":"","social_networks":[]},"_links":{"self":[{"href":"https:\/\/elfsight.com\/pt\/wp-json\/wp\/v2\/pages\/14714","targetHints":{"allow":["GET"]}}],"collection":[{"href":"https:\/\/elfsight.com\/pt\/wp-json\/wp\/v2\/pages"}],"about":[{"href":"https:\/\/elfsight.com\/pt\/wp-json\/wp\/v2\/types\/page"}],"author":[{"embeddable":true,"href":"https:\/\/elfsight.com\/pt\/wp-json\/wp\/v2\/users\/9"}],"replies":[{"embeddable":true,"href":"https:\/\/elfsight.com\/pt\/wp-json\/wp\/v2\/comments?post=14714"}],"version-history":[{"count":1,"href":"https:\/\/elfsight.com\/pt\/wp-json\/wp\/v2\/pages\/14714\/revisions"}],"predecessor-version":[{"id":14718,"href":"https:\/\/elfsight.com\/pt\/wp-json\/wp\/v2\/pages\/14714\/revisions\/14718"}],"up":[{"embeddable":true,"href":"https:\/\/elfsight.com\/pt\/wp-json\/wp\/v2\/pages\/14649"}],"wp:attachment":[{"href":"https:\/\/elfsight.com\/pt\/wp-json\/wp\/v2\/media?parent=14714"}],"curies":[{"name":"wp","href":"https:\/\/api.w.org\/{rel}","templated":true}]}}