{"id":14712,"date":"2024-06-11T08:19:44","date_gmt":"2024-06-11T08:19:44","guid":{"rendered":"https:\/\/elfsight.com\/pt\/?page_id=14712"},"modified":"2025-06-17T14:05:23","modified_gmt":"2025-06-17T14:05:23","slug":"html","status":"publish","type":"page","link":"https:\/\/elfsight.com\/pt\/timeline-widget\/html\/","title":{"rendered":"Timeline &#8211; HTML"},"content":{"rendered":"<div class=\"application-platform-content-item-description application-platform-content-item\" id=\"description\" data-nav-section=\"description\"><h2>Widget de linha do tempo HTML<\/h2> <p>Aprimore sua p\u00e1gina HTML adicionando uma linha do tempo interativa para mostrar seus principais eventos, marcos ou etapas de tarefas. Mantenha seus visitantes envolvidos com um cronograma visualmente din\u00e2mico e flex\u00edvel. O construtor HTML Timeline da Elfsight permite adicionar marcadores de marcos personaliz\u00e1veis \u200b\u200bque ir\u00e3o cativar o seu p\u00fablico. Esteja voc\u00ea apresentando a hist\u00f3ria da sua empresa, monitorando as fases do projeto ou apresentando o desenvolvimento de produtos, este widget permite que voc\u00ea crie um cronograma exclusivo e funcional que se alinhe aos seus objetivos.<\/p> <ul> <li><b>Crie cronogramas interativos sem c\u00f3digo.<\/b><br> Crie uma cronologia totalmente operacional em apenas alguns minutos, sem necessidade de conhecimento t\u00e9cnico, e comece imediatamente a envolver seus visitantes.<\/li> <li><b>Op\u00e7\u00f5es avan\u00e7adas de personaliza\u00e7\u00e3o.<\/b><br> Personalize o design do seu widget e layout usando modelos, cores, fontes e configura\u00e7\u00f5es flex\u00edveis para criar uma experi\u00eancia de marca personalizada.<\/li> <li><b>Processo de incorpora\u00e7\u00e3o suave.<\/b><br> Integre facilmente sua linha do tempo personalizada ao seu site HTML usando um c\u00f3digo de incorpora\u00e7\u00e3o HTML simples, sem problemas t\u00e9cnicos.<\/li> <li><b>Suporte ao cliente responsivo.<\/b><br> Nossa equipe de suporte dedicada est\u00e1 sempre dispon\u00edvel para ajudar na configura\u00e7\u00e3o, garantindo que sua linha do tempo funcione perfeitamente em seu site.<\/li> <\/ul> <p><b>Experimente o widget Linha do tempo HTML da Elfsight para envolver os visitantes e destacar suas conquistas de uma forma visualmente din\u00e2mica!<\/b><\/p> <\/div><div class=\"application-platform-content-item-features application-platform-content-item\" id=\"features\" data-nav-section=\"features\"><h2>O que voc\u00ea pode fazer com a Linha do tempo HTML<\/h2> <ul> <li><strong>Envolva os visitantes visualmente.<\/strong><br> Atraia seu p\u00fablico com uma linha do tempo din\u00e2mica que mostra seus principais marcos em um formato visual direto. Uma linha do tempo gr\u00e1fica permite que o conte\u00fado seja exibido de maneira f\u00e1cil de digerir, incentivando os usu\u00e1rios a interagir e explorar mais.<\/li> <li><strong>Mostre o progresso e os eventos.<\/strong><br> Apresente os marcos e etapas do projeto da sua empresa em ordem cronol\u00f3gica, mantendo os visitantes interessados \u200b\u200be informados sobre seu trabalho e conquistas em andamento.<\/li> <li><strong>Destaque as principais conquistas.<\/strong><br> D\u00ea \u00eanfase aos seus marcos ou realiza\u00e7\u00f5es mais importantes. Apresente suas hist\u00f3rias de sucesso em um formato limpo e f\u00e1cil de seguir que chama a aten\u00e7\u00e3o e convida a maior envolvimento.<\/li> <\/ul> <p><a href=\"#demo\">Confira o editor para ver todos os recursos do widget Linha do tempo.<\/a><\/p><\/div><div class=\"application-platform-content-item-installation application-platform-content-item\" id=\"installation\" data-nav-section=\"installation\"><h2>Como incorporar uma linha do tempo em HTML<\/h2> <p>Adicionando o O widget de linha do tempo para sua p\u00e1gina HTML \u00e9 r\u00e1pido e f\u00e1cil, sem a necessidade de habilidades de codifica\u00e7\u00e3o. Basta seguir estes passos simples:<\/p> <ol> <li><b>Crie sua linha do tempo HTML personalizada<\/b><br> Comece selecionando um modelo em nosso editor e ajuste-o para atender \u00e0s suas necessidades. Modifique o layout, adicione marcos e ajuste o design para combinar com a apar\u00eancia do seu site.<\/li> <li><b>Obtenha seu c\u00f3digo de incorpora\u00e7\u00e3o exclusivo<\/b><br> Depois de finalizar a personaliza\u00e7\u00e3o da sua linha do tempo, voc\u00ea receber\u00e1 um c\u00f3digo HTML exclusivo. Copie este c\u00f3digo para uso futuro.<\/li> <li><b>Incorpore o c\u00f3digo em sua p\u00e1gina HTML<\/b><br> Cole o c\u00f3digo HTML copiado na se\u00e7\u00e3o apropriada de sua p\u00e1gina da web e salve as altera\u00e7\u00f5es. Sua linha do tempo interativa estar\u00e1 ativa!<\/li> <li><b>Aproveite sua nova linha do tempo interativa!<\/b><br> Visite seu site para ver sua linha do tempo em a\u00e7\u00e3o e comece a envolver os visitantes de uma forma interativa e visualmente atraente!<\/li> <\/ol> <p>Para obter mais detalhes, visite nosso guia completo em <a href=\"https:\/\/elfsight.com\/blog\/how-to-embed-timeline-to-website\/\" target=\"_blank\" rel=\"noopener\">como criar uma linha do tempo personalizada em um site<\/a>.<\/p><\/div><div class=\"faq\" data-component=\"FAQ\"><div class=\"faq-item\">\r\n\t\t\t\t\t<div class=\"faq-item-question\">\r\n\t\t\t\t\t\t<h3 class=\"faq-item-question-text\">O widget Timeline para HTML \u00e9 gratuito?<\/h3>\r\n\r\n\t\t\t\t\t\t<div class=\"faq-item-question-icon\"><\/div>\r\n\t\t\t\t\t<\/div>\r\n\r\n\t\t\t\t\t<div class=\"faq-item-answer\">\r\n\t\t\t\t\t\t<div class=\"faq-item-answer-text\">Sim, a Elfsight oferece um modelo de assinatura com um plano gratuito. Acesse os recursos b\u00e1sicos do widget Timeline sem nenhum custo, com op\u00e7\u00f5es pagas dispon\u00edveis para personaliza\u00e7\u00e3o adicional.<\/div>\r\n\t\t\t\t\t<\/div>\r\n\t\t\t\t<\/div><div class=\"faq-item\">\r\n\t\t\t\t\t<div class=\"faq-item-question\">\r\n\t\t\t\t\t\t<h3 class=\"faq-item-question-text\">Preciso de alguma habilidade de codifica\u00e7\u00e3o para usar o widget Timeline?<\/h3>\r\n\r\n\t\t\t\t\t\t<div class=\"faq-item-question-icon\"><\/div>\r\n\t\t\t\t\t<\/div>\r\n\r\n\t\t\t\t\t<div class=\"faq-item-answer\">\r\n\t\t\t\t\t\t<div class=\"faq-item-answer-text\">N\u00e3o, o construtor HTML Timeline da Elfsight n\u00e3o requer experi\u00eancia em codifica\u00e7\u00e3o. Voc\u00ea pode criar e personalizar facilmente sua linha do tempo usando nosso editor intuitivo.<\/div>\r\n\t\t\t\t\t<\/div>\r\n\t\t\t\t<\/div><div class=\"faq-item\">\r\n\t\t\t\t\t<div class=\"faq-item-question\">\r\n\t\t\t\t\t\t<h3 class=\"faq-item-question-text\">Como posso criar uma linha do tempo interativa para HTML?<\/h3>\r\n\r\n\t\t\t\t\t\t<div class=\"faq-item-question-icon\"><\/div>\r\n\t\t\t\t\t<\/div>\r\n\r\n\t\t\t\t\t<div class=\"faq-item-answer\">\r\n\t\t\t\t\t\t<div class=\"faq-item-answer-text\">Basta escolher um modelo no editor, ajust\u00e1-lo conforme necess\u00e1rio e incorpor\u00e1-lo ao seu site usando um c\u00f3digo HTML exclusivo.<\/div>\r\n\t\t\t\t\t<\/div>\r\n\t\t\t\t<\/div><div class=\"faq-item\">\r\n\t\t\t\t\t<div class=\"faq-item-question\">\r\n\t\t\t\t\t\t<h3 class=\"faq-item-question-text\">Que tipos de linhas do tempo posso criar?<\/h3>\r\n\r\n\t\t\t\t\t\t<div class=\"faq-item-question-icon\"><\/div>\r\n\t\t\t\t\t<\/div>\r\n\r\n\t\t\t\t\t<div class=\"faq-item-answer\">\r\n\t\t\t\t\t\t<div class=\"faq-item-answer-text\"><p>Voc\u00ea pode criar uma variedade de linhas do tempo para o seu site HTML, como como:<\/p> <ul> <li><strong>Hist\u00f3rico da empresa<\/strong>: exiba a evolu\u00e7\u00e3o e o crescimento do seu neg\u00f3cio, destacando as principais conquistas e marcos.<\/li> <li><strong>Desenvolvimento do produto<\/strong>: mostre a jornada do seu produto desde a concep\u00e7\u00e3o at\u00e9 o lan\u00e7amento, detalhando cada etapa importante.<\/li> <li><strong>Progresso do projeto<\/strong>: acompanhe e exiba diferentes est\u00e1gios de seus projetos em andamento ou conclu\u00eddos.<\/li> <li><strong>Programa\u00e7\u00f5es de eventos<\/strong>: apresente cronogramas para eventos, confer\u00eancias ou lan\u00e7amentos de produtos, facilitando aos visitantes a localiza\u00e7\u00e3o de todas as informa\u00e7\u00f5es necess\u00e1rias em um s\u00f3 lugar.<\/li> <\/ul> <\/div>\r\n\t\t\t\t\t<\/div>\r\n\t\t\t\t<\/div><\/div>","protected":false},"excerpt":{"rendered":"","protected":false},"author":9,"featured_media":0,"parent":14649,"menu_order":0,"comment_status":"closed","ping_status":"closed","template":"templates\/template-application-platform.php","meta":{"publish_to_discourse":"","publish_post_category":"","wpdc_auto_publish_overridden":"","wpdc_topic_tags":"","wpdc_pin_topic":"","wpdc_pin_until":"","discourse_post_id":"","discourse_permalink":"","wpdc_publishing_response":"","wpdc_publishing_error":"","footnotes":""},"class_list":["post-14712","page","type-page","status-publish","hentry"],"yoast_head":"<!-- This site is optimized with the Yoast SEO plugin v25.3.1 - https:\/\/yoast.com\/wordpress\/plugins\/seo\/ -->\n<title>Widget de linha do tempo - adicione uma linha do tempo responsiva \u00e0 sua p\u00e1gina HTML<\/title>\n<meta name=\"description\" content=\"Aprimore seu site HTML com uma linha do tempo din\u00e2mica. Exiba seus marcos, progresso e eventos importantes com um widget totalmente personaliz\u00e1vel da Elfsight.\" \/>\n<meta name=\"robots\" content=\"index, follow, max-snippet:-1, max-image-preview:large, max-video-preview:-1\" \/>\n<link rel=\"canonical\" href=\"https:\/\/elfsight.com\/pt\/timeline-widget\/html\/\" \/>\n<meta property=\"og:locale\" content=\"pt_PT\" \/>\n<meta property=\"og:type\" content=\"article\" \/>\n<meta property=\"og:title\" content=\"Widget de linha do tempo - adicione uma linha do tempo responsiva \u00e0 sua p\u00e1gina HTML\" \/>\n<meta property=\"og:description\" content=\"Aprimore seu site HTML com uma linha do tempo din\u00e2mica. Exiba seus marcos, progresso e eventos importantes com um widget totalmente personaliz\u00e1vel da Elfsight.\" \/>\n<meta property=\"og:url\" content=\"https:\/\/elfsight.com\/pt\/timeline-widget\/html\/\" \/>\n<meta property=\"og:site_name\" content=\"Elfsight PT\" \/>\n<meta property=\"article:modified_time\" content=\"2025-06-17T14:05:23+00:00\" \/>\n<meta name=\"twitter:card\" content=\"summary_large_image\" \/>\n<meta name=\"twitter:label1\" content=\"Tempo estimado de leitura\" \/>\n\t<meta name=\"twitter:data1\" content=\"5 minutos\" \/>\n<!-- \/ Yoast SEO plugin. -->","yoast_head_json":{"title":"Widget de linha do tempo - adicione uma linha do tempo responsiva \u00e0 sua p\u00e1gina HTML","description":"Aprimore seu site HTML com uma linha do tempo din\u00e2mica. Exiba seus marcos, progresso e eventos importantes com um widget totalmente personaliz\u00e1vel da Elfsight.","robots":{"index":"index","follow":"follow","max-snippet":"max-snippet:-1","max-image-preview":"max-image-preview:large","max-video-preview":"max-video-preview:-1"},"canonical":"https:\/\/elfsight.com\/pt\/timeline-widget\/html\/","og_locale":"pt_PT","og_type":"article","og_title":"Widget de linha do tempo - adicione uma linha do tempo responsiva \u00e0 sua p\u00e1gina HTML","og_description":"Aprimore seu site HTML com uma linha do tempo din\u00e2mica. Exiba seus marcos, progresso e eventos importantes com um widget totalmente personaliz\u00e1vel da Elfsight.","og_url":"https:\/\/elfsight.com\/pt\/timeline-widget\/html\/","og_site_name":"Elfsight PT","article_modified_time":"2025-06-17T14:05:23+00:00","twitter_card":"summary_large_image","twitter_misc":{"Tempo estimado de leitura":"5 minutos"},"schema":{"@context":"https:\/\/schema.org","@graph":[{"@type":"WebPage","@id":"https:\/\/elfsight.com\/pt\/timeline-widget\/html\/","url":"https:\/\/elfsight.com\/pt\/timeline-widget\/html\/","name":"Widget de linha do tempo - adicione uma linha do tempo responsiva \u00e0 sua p\u00e1gina HTML","isPartOf":{"@id":"https:\/\/elfsight.com\/pt\/#website"},"datePublished":"2024-06-11T08:19:44+00:00","dateModified":"2025-06-17T14:05:23+00:00","description":"Aprimore seu site HTML com uma linha do tempo din\u00e2mica. Exiba seus marcos, progresso e eventos importantes com um widget totalmente personaliz\u00e1vel da Elfsight.","breadcrumb":{"@id":"https:\/\/elfsight.com\/pt\/timeline-widget\/html\/#breadcrumb"},"inLanguage":"pt-PT","potentialAction":[{"@type":"ReadAction","target":["https:\/\/elfsight.com\/pt\/timeline-widget\/html\/"]}]},{"@type":"BreadcrumbList","@id":"https:\/\/elfsight.com\/pt\/timeline-widget\/html\/#breadcrumb","itemListElement":[{"@type":"ListItem","position":1,"name":"Home","item":"https:\/\/elfsight.com\/pt\/"},{"@type":"ListItem","position":2,"name":"Timeline","item":"https:\/\/elfsight.com\/pt\/timeline-widget\/"},{"@type":"ListItem","position":3,"name":"Timeline &#8211; HTML"}]},{"@type":"WebSite","@id":"https:\/\/elfsight.com\/pt\/#website","url":"https:\/\/elfsight.com\/pt\/","name":"Elfsight PT","description":"Just another Elfsight Sites site","potentialAction":[{"@type":"SearchAction","target":{"@type":"EntryPoint","urlTemplate":"https:\/\/elfsight.com\/pt\/?s={search_term_string}"},"query-input":{"@type":"PropertyValueSpecification","valueRequired":true,"valueName":"search_term_string"}}],"inLanguage":"pt-PT"}]}},"meta_box":{"industry":"","seo_heading":"","heading":"","description":"","cta_heading":"","cta_description":"","application":"14648","h1":"Plug-in de linha do tempo para HTML","h1_caption":"Crie um cronograma envolvente para mostrar os principais marcos e conquistas em seu site HTML. Exiba facilmente seus principais eventos em um formato visualmente atraente e interativo.","application_category":[],"applications_title":"","applications_request_title":"","applications_request_button_text":"","hero_text":"","hero_video":"","hero_video_schema_markup":"","selling_points_title":"","selling_points_caption":"","selling_points":[],"selling_points_cta_text":"","features_title":"","features":"","ed_cta_examples_text":"","ed_cta_examples_hidden":"","ed_cta_demo_text":"","ed_cta_demo_hidden":"","why_caption":"","why_editor_title":"","why_editor_text":"","why_team_title":"","why_team_text":"","why_service_title":"","why_service_text":"","template_catalog_visible":"0","template_catalog_title":"","template_catalog_text":"","template_catalog_categories_visible":"","demo_title":"Crie seu widget de linha do tempo HTML","demo_caption":"Personalize sua linha do tempo e adicione-a ao seu site com facilidade!","default_faq_hidden":"","app_template_category":[],"platform":"49","template_public_id":"","codecanyon_url":"","codecanyon_item_id":"","codecanyon_price":"","pricing_caption":"","pricing_elfsight_apps_hide_column":"","pricing_elfsight_apps_url":"","pricing_codecanyon_price_caption":"","integration_category":[],"integration_request_title":"","integration_request_cta":"","integration_platform":"","integrations":[],"platform_category":[],"video_schema_markup":"","price":"a partir de $ 0 \/ m\u00eas","trial":"","benefits":[],"button_url":"#demo","button_target_blank":"0","button_nofollow":"0","attributes":[{"name":"Instala\u00e7\u00f5es","content":"50,000 - 100,000","_state":"expanded"},{"name":"Responsivo","content":"Sim","_state":"expanded"},{"name":"Navegadores compat\u00edveis","content":"Firefox, Safari, Opera, Chrome, Edge","_state":"expanded"}],"tags":[],"tags_disable_links":"0","hide_more_platforms":"0","video_object":"","demo_hide_cta":"0","demo_hide_cloud_options":"0","pricing_title":"","pricing":[{"pricing_icon":"platform","pricing_title":"Elfsight Apps","pricing_title_caption":"Software multiplataforma adequado para qualquer site","pricing_price":"a partir de $ 0 \/ m\u00eas","pricing_price_caption":"comece com um plano gratuito","pricing_button_text":"Adicionar ao site","pricing_button_url":"#demo"}],"related_apps_title":"","related_apps_hidden":"0","author":"","image":[],"title":"","job":"","social_networks":[]},"_links":{"self":[{"href":"https:\/\/elfsight.com\/pt\/wp-json\/wp\/v2\/pages\/14712","targetHints":{"allow":["GET"]}}],"collection":[{"href":"https:\/\/elfsight.com\/pt\/wp-json\/wp\/v2\/pages"}],"about":[{"href":"https:\/\/elfsight.com\/pt\/wp-json\/wp\/v2\/types\/page"}],"author":[{"embeddable":true,"href":"https:\/\/elfsight.com\/pt\/wp-json\/wp\/v2\/users\/9"}],"replies":[{"embeddable":true,"href":"https:\/\/elfsight.com\/pt\/wp-json\/wp\/v2\/comments?post=14712"}],"version-history":[{"count":1,"href":"https:\/\/elfsight.com\/pt\/wp-json\/wp\/v2\/pages\/14712\/revisions"}],"predecessor-version":[{"id":14716,"href":"https:\/\/elfsight.com\/pt\/wp-json\/wp\/v2\/pages\/14712\/revisions\/14716"}],"up":[{"embeddable":true,"href":"https:\/\/elfsight.com\/pt\/wp-json\/wp\/v2\/pages\/14649"}],"wp:attachment":[{"href":"https:\/\/elfsight.com\/pt\/wp-json\/wp\/v2\/media?parent=14712"}],"curies":[{"name":"wp","href":"https:\/\/api.w.org\/{rel}","templated":true}]}}