{"id":14711,"date":"2024-06-11T10:49:44","date_gmt":"2024-06-11T10:49:44","guid":{"rendered":"https:\/\/elfsight.com\/pt\/?page_id=14711"},"modified":"2025-06-17T14:05:23","modified_gmt":"2025-06-17T14:05:23","slug":"wordpress","status":"publish","type":"page","link":"https:\/\/elfsight.com\/pt\/timeline-widget\/wordpress\/","title":{"rendered":"Timeline &#8211; WordPress"},"content":{"rendered":"<div class=\"application-platform-content-item-description application-platform-content-item\" id=\"description\" data-nav-section=\"description\"><h2>Timeline Builder para WordPress<\/h2><p>Crie uma linha do tempo interativa para sua p\u00e1gina WordPress sem necessidade de codifica\u00e7\u00e3o. O construtor WordPress Timeline da Elfsight permite adicionar indicadores de marcos personaliz\u00e1veis \u200b\u200bque capturam seus clientes. Esteja voc\u00ea apresentando a hist\u00f3ria da sua empresa, acompanhando as fases do projeto ou apresentando o desenvolvimento de produtos, este widget facilita a montagem de um roteiro exclusivo que atenda aos seus objetivos. <\/p><ul><li><b>Crie cronogramas interativos sem c\u00f3digo<\/b><br>Crie um roteiro totalmente funcional em minutos, sem necessidade de conhecimento em codifica\u00e7\u00e3o, e comece a interagir com seus visitantes imediatamente. <\/li><li><b>Op\u00e7\u00f5es avan\u00e7adas de personaliza\u00e7\u00e3o<\/b><br>Personalize o design e o layout do seu widget usando uma variedade de modelos, fontes, esquemas de cores e configura\u00e7\u00f5es ajust\u00e1veis \u200b\u200bpara criar uma experi\u00eancia \u00fanica e personalizada. <\/li><li><b>Processo de incorpora\u00e7\u00e3o tranquilo<\/b><br>Incorpore facilmente sua linha do tempo personalizada em seu site WordPress usando um c\u00f3digo HTML f\u00e1cil, sem complica\u00e7\u00f5es t\u00e9cnicas envolvidas.<\/li><li><b>Suporte ao cliente \u00e1gil<\/b><br>Nossa equipe de suporte confi\u00e1vel est\u00e1 sempre pronta para ajudar na configura\u00e7\u00e3o, garantindo que sua linha do tempo funcione perfeitamente em seu site.<\/li><\/ul><p><b>Experimente a linha do tempo do WordPress da Elfsight para envolver os visitantes e mostrar seus marcos em um maneira atraente e elegante.<\/b><\/p><\/div><div class=\"application-platform-content-item-features application-platform-content-item\" id=\"features\" data-nav-section=\"features\"><h2>O que voc\u00ea pode fazer com a linha do tempo do WordPress<\/h2><ul><li><strong>Envolva os visitantes visualmente<\/strong><br>Chame a aten\u00e7\u00e3o de seus convidados revelando sua jornada, pontos de refer\u00eancia ou avan\u00e7os de uma forma din\u00e2mica e atraente. Uma linha do tempo interativa ajuda a organizar o conte\u00fado em um formato simples que incentiva os usu\u00e1rios a se envolverem ainda mais. <\/li><li><strong>Mostre o progresso e os eventos<\/strong><br>Desde marcadores da empresa at\u00e9 o acompanhamento do progresso, use a linha do tempo para fornecer uma vis\u00e3o geral ordenada por tempo de eventos e marcos significativos. Isso ajuda os usu\u00e1rios a compreender seu processo e os mant\u00e9m envolvidos em seus desenvolvimentos. <\/li><li><strong>Destaque as principais conquistas<\/strong><br>D\u00ea \u00eanfase especial \u00e0s suas conquistas mais not\u00e1veis. Apresente suas realiza\u00e7\u00f5es mais importantes em um formato atraente e diger\u00edvel. <\/li><\/ul><p><a href=\"#demo\">Confira o editor para ter uma ideia completa.<\/a><\/p><\/div><div class=\"application-platform-content-item-installation application-platform-content-item\" id=\"installation\" data-nav-section=\"installation\"><h2>Como incorporar uma linha do tempo no WordPress<\/h2><p>Adicionar a linha do tempo do WordPress \u00e0 sua p\u00e1gina da web \u00e9 f\u00e1cil e n\u00e3o requer codifica\u00e7\u00e3o. Basta seguir estas etapas b\u00e1sicas para come\u00e7ar: <\/p><ol><li><b>Crie sua linha do tempo WordPress personalizada<\/b><br>Comece escolhendo um estilo em nosso editor e personalize-o de acordo com suas prefer\u00eancias. Ajuste o layout, adicione marcos e ajuste o design para se adequar ao estilo da sua plataforma. <\/li><li><b>Obtenha seu c\u00f3digo de incorpora\u00e7\u00e3o exclusivo<\/b><br>Quando terminar de personalizar sua linha do tempo, voc\u00ea receber\u00e1 um c\u00f3digo HTML distinto. Copie este c\u00f3digo para uso posterior. <\/li><li><b>Incorpore o c\u00f3digo em seu site WordPress<\/b><br>Cole o c\u00f3digo HTML copiado na parte desejada de sua p\u00e1gina WordPress e salve as altera\u00e7\u00f5es. Sua linha do tempo envolvente agora estar\u00e1 ativa em seu site! <\/li><li><b>Aproveite sua nova linha do tempo interativa! <\/b><br>Visite seu site para ver a linha do tempo em a\u00e7\u00e3o e comece a interagir com os visitantes de uma forma visualmente envolvente imediatamente! <\/li><\/ol><p>Para instru\u00e7\u00f5es mais detalhadas, confira nosso manual sobre <a href=\"https:\/\/elfsight.com\/blog\/how-to-embed-timeline-to-website\/\" target=\"_blank\" rel=\"noopener\">como adicionar uma linha do tempo ao seu site.<\/a><\/p><\/div><div class=\"faq\" data-component=\"FAQ\"><div class=\"faq-item\">\r\n\t\t\t\t\t<div class=\"faq-item-question\">\r\n\t\t\t\t\t\t<h3 class=\"faq-item-question-text\">\u00c9 o widget Linha do tempo para WordPress gr\u00e1tis?<\/h3>\r\n\r\n\t\t\t\t\t\t<div class=\"faq-item-question-icon\"><\/div>\r\n\t\t\t\t\t<\/div>\r\n\r\n\t\t\t\t\t<div class=\"faq-item-answer\">\r\n\t\t\t\t\t\t<div class=\"faq-item-answer-text\">Sim, a Elfsight oferece um modelo de assinatura com um n\u00edvel gratuito. Acesse os recursos b\u00e1sicos do widget Linha do tempo gratuitamente. Desbloqueie mais op\u00e7\u00f5es com planos premium. <\/div>\r\n\t\t\t\t\t<\/div>\r\n\t\t\t\t<\/div><div class=\"faq-item\">\r\n\t\t\t\t\t<div class=\"faq-item-question\">\r\n\t\t\t\t\t\t<h3 class=\"faq-item-question-text\">Preciso de alguma habilidade de codifica\u00e7\u00e3o para usar o widget Timeline?<\/h3>\r\n\r\n\t\t\t\t\t\t<div class=\"faq-item-question-icon\"><\/div>\r\n\t\t\t\t\t<\/div>\r\n\r\n\t\t\t\t\t<div class=\"faq-item-answer\">\r\n\t\t\t\t\t\t<div class=\"faq-item-answer-text\">N\u00e3o, o plugin WordPress Timeline da Elfsight n\u00e3o requer nenhuma habilidade de codifica\u00e7\u00e3o. Voc\u00ea pode personalizar sua linha do tempo sem nenhum esfor\u00e7o usando nosso editor intuitivo de arrastar e soltar. <\/div>\r\n\t\t\t\t\t<\/div>\r\n\t\t\t\t<\/div><div class=\"faq-item\">\r\n\t\t\t\t\t<div class=\"faq-item-question\">\r\n\t\t\t\t\t\t<h3 class=\"faq-item-question-text\">Como posso criar uma linha do tempo interativa para WordPress? <\/h3>\r\n\r\n\t\t\t\t\t\t<div class=\"faq-item-question-icon\"><\/div>\r\n\t\t\t\t\t<\/div>\r\n\r\n\t\t\t\t\t<div class=\"faq-item-answer\">\r\n\t\t\t\t\t\t<div class=\"faq-item-answer-text\">Basta escolher um modelo no editor, personaliz\u00e1-lo para atender \u00e0s suas necessidades e inserir a linha do tempo em seu site WordPress usando um c\u00f3digo HTML exclusivo. <\/div>\r\n\t\t\t\t\t<\/div>\r\n\t\t\t\t<\/div><div class=\"faq-item\">\r\n\t\t\t\t\t<div class=\"faq-item-question\">\r\n\t\t\t\t\t\t<h3 class=\"faq-item-question-text\">Que tipos de cronogramas posso criar<\/h3>\r\n\r\n\t\t\t\t\t\t<div class=\"faq-item-question-icon\"><\/div>\r\n\t\t\t\t\t<\/div>\r\n\r\n\t\t\t\t\t<div class=\"faq-item-answer\">\r\n\t\t\t\t\t\t<div class=\"faq-item-answer-text\">Voc\u00ea pode criar uma variedade de cronogramas: hist\u00f3rico da empresa, cronograma do projeto, progresso do projeto, programa\u00e7\u00f5es de eventos e muito mais. O widget Timeline da Elfsight \u00e9 suficientemente flex\u00edvel para se adaptar \u00e0s suas necessidades espec\u00edficas. <\/div>\r\n\t\t\t\t\t<\/div>\r\n\t\t\t\t<\/div><\/div>","protected":false},"excerpt":{"rendered":"","protected":false},"author":9,"featured_media":0,"parent":14649,"menu_order":0,"comment_status":"closed","ping_status":"closed","template":"templates\/template-application-platform.php","meta":{"publish_to_discourse":"","publish_post_category":"","wpdc_auto_publish_overridden":"","wpdc_topic_tags":"","wpdc_pin_topic":"","wpdc_pin_until":"","discourse_post_id":"","discourse_permalink":"","wpdc_publishing_response":"","wpdc_publishing_error":"","footnotes":""},"class_list":["post-14711","page","type-page","status-publish","hentry"],"yoast_head":"<!-- This site is optimized with the Yoast SEO plugin v25.3.1 - https:\/\/yoast.com\/wordpress\/plugins\/seo\/ -->\n<title>Widget de linha do tempo - Incorporar linha de hist\u00f3rico no site WordPress [GR\u00c1TIS]<\/title>\n<meta name=\"description\" content=\"Adicione uma linha do tempo personalizada \u00e0 sua p\u00e1gina da web. Revele facilmente sua jornada, conquistas e etapas de progresso com um plugin WordPress Timeline totalmente personaliz\u00e1vel.\" \/>\n<meta name=\"robots\" content=\"index, follow, max-snippet:-1, max-image-preview:large, max-video-preview:-1\" \/>\n<link rel=\"canonical\" href=\"https:\/\/elfsight.com\/pt\/timeline-widget\/wordpress\/\" \/>\n<meta property=\"og:locale\" content=\"pt_PT\" \/>\n<meta property=\"og:type\" content=\"article\" \/>\n<meta property=\"og:title\" content=\"Widget de linha do tempo - Incorporar linha de hist\u00f3rico no site WordPress [GR\u00c1TIS]\" \/>\n<meta property=\"og:description\" content=\"Adicione uma linha do tempo personalizada \u00e0 sua p\u00e1gina da web. Revele facilmente sua jornada, conquistas e etapas de progresso com um plugin WordPress Timeline totalmente personaliz\u00e1vel.\" \/>\n<meta property=\"og:url\" content=\"https:\/\/elfsight.com\/pt\/timeline-widget\/wordpress\/\" \/>\n<meta property=\"og:site_name\" content=\"Elfsight PT\" \/>\n<meta property=\"article:modified_time\" content=\"2025-06-17T14:05:23+00:00\" \/>\n<meta name=\"twitter:card\" content=\"summary_large_image\" \/>\n<meta name=\"twitter:label1\" content=\"Tempo estimado de leitura\" \/>\n\t<meta name=\"twitter:data1\" content=\"4 minutos\" \/>\n<!-- \/ Yoast SEO plugin. -->","yoast_head_json":{"title":"Widget de linha do tempo - Incorporar linha de hist\u00f3rico no site WordPress [GR\u00c1TIS]","description":"Adicione uma linha do tempo personalizada \u00e0 sua p\u00e1gina da web. Revele facilmente sua jornada, conquistas e etapas de progresso com um plugin WordPress Timeline totalmente personaliz\u00e1vel.","robots":{"index":"index","follow":"follow","max-snippet":"max-snippet:-1","max-image-preview":"max-image-preview:large","max-video-preview":"max-video-preview:-1"},"canonical":"https:\/\/elfsight.com\/pt\/timeline-widget\/wordpress\/","og_locale":"pt_PT","og_type":"article","og_title":"Widget de linha do tempo - Incorporar linha de hist\u00f3rico no site WordPress [GR\u00c1TIS]","og_description":"Adicione uma linha do tempo personalizada \u00e0 sua p\u00e1gina da web. Revele facilmente sua jornada, conquistas e etapas de progresso com um plugin WordPress Timeline totalmente personaliz\u00e1vel.","og_url":"https:\/\/elfsight.com\/pt\/timeline-widget\/wordpress\/","og_site_name":"Elfsight PT","article_modified_time":"2025-06-17T14:05:23+00:00","twitter_card":"summary_large_image","twitter_misc":{"Tempo estimado de leitura":"4 minutos"},"schema":{"@context":"https:\/\/schema.org","@graph":[{"@type":"WebPage","@id":"https:\/\/elfsight.com\/pt\/timeline-widget\/wordpress\/","url":"https:\/\/elfsight.com\/pt\/timeline-widget\/wordpress\/","name":"Widget de linha do tempo - Incorporar linha de hist\u00f3rico no site WordPress [GR\u00c1TIS]","isPartOf":{"@id":"https:\/\/elfsight.com\/pt\/#website"},"datePublished":"2024-06-11T10:49:44+00:00","dateModified":"2025-06-17T14:05:23+00:00","description":"Adicione uma linha do tempo personalizada \u00e0 sua p\u00e1gina da web. Revele facilmente sua jornada, conquistas e etapas de progresso com um plugin WordPress Timeline totalmente personaliz\u00e1vel.","breadcrumb":{"@id":"https:\/\/elfsight.com\/pt\/timeline-widget\/wordpress\/#breadcrumb"},"inLanguage":"pt-PT","potentialAction":[{"@type":"ReadAction","target":["https:\/\/elfsight.com\/pt\/timeline-widget\/wordpress\/"]}]},{"@type":"BreadcrumbList","@id":"https:\/\/elfsight.com\/pt\/timeline-widget\/wordpress\/#breadcrumb","itemListElement":[{"@type":"ListItem","position":1,"name":"Home","item":"https:\/\/elfsight.com\/pt\/"},{"@type":"ListItem","position":2,"name":"Timeline","item":"https:\/\/elfsight.com\/pt\/timeline-widget\/"},{"@type":"ListItem","position":3,"name":"Timeline &#8211; WordPress"}]},{"@type":"WebSite","@id":"https:\/\/elfsight.com\/pt\/#website","url":"https:\/\/elfsight.com\/pt\/","name":"Elfsight PT","description":"Just another Elfsight Sites site","potentialAction":[{"@type":"SearchAction","target":{"@type":"EntryPoint","urlTemplate":"https:\/\/elfsight.com\/pt\/?s={search_term_string}"},"query-input":{"@type":"PropertyValueSpecification","valueRequired":true,"valueName":"search_term_string"}}],"inLanguage":"pt-PT"}]}},"meta_box":{"industry":"","seo_heading":"","heading":"","description":"","cta_heading":"","cta_description":"","application":"14648","h1":"Plug-in de linha do tempo para WordPress","h1_caption":"Exiba um roteiro envolvente de eventos para destacar sua jornada, marcadores de progresso ou fases com um plug-in de linha do tempo interativo em seu site WordPress.","application_category":[],"applications_title":"","applications_request_title":"","applications_request_button_text":"","hero_text":"","hero_video":"","hero_video_schema_markup":"","selling_points_title":"","selling_points_caption":"","selling_points":[],"selling_points_cta_text":"","features_title":"","features":"","ed_cta_examples_text":"","ed_cta_examples_hidden":"","ed_cta_demo_text":"","ed_cta_demo_hidden":"","why_caption":"","why_editor_title":"","why_editor_text":"","why_team_title":"","why_team_text":"","why_service_title":"","why_service_text":"","template_catalog_visible":"0","template_catalog_title":"","template_catalog_text":"","template_catalog_categories_visible":"","demo_title":"Crie seu plugin WordPress Timeline","demo_caption":"Personalize sua linha do tempo e adicione-a ao seu site com facilidade!","default_faq_hidden":"","app_template_category":[],"platform":"34","template_public_id":"","codecanyon_url":"","codecanyon_item_id":"","codecanyon_price":"","pricing_caption":"","pricing_elfsight_apps_hide_column":"","pricing_elfsight_apps_url":"","pricing_codecanyon_price_caption":"","integration_category":[],"integration_request_title":"","integration_request_cta":"","integration_platform":"","integrations":[],"platform_category":[],"video_schema_markup":"","price":"a partir de $ 0 \/ m\u00eas","trial":"","benefits":[],"button_url":"#demo","button_target_blank":"0","button_nofollow":"0","attributes":[{"name":"Instala\u00e7\u00f5es","content":"50,000 - 100,000","_state":"expanded"},{"name":"Responsivo","content":"Sim","_state":"expanded"},{"name":"Navegadores compat\u00edveis","content":"Firefox, Safari, Opera, Chrome, Edge","_state":"expanded"}],"tags":[],"tags_disable_links":"0","hide_more_platforms":"0","video_object":"","demo_hide_cta":"0","demo_hide_cloud_options":"0","pricing_title":"","pricing":[{"pricing_icon":"platform","pricing_title":"Elfsight Apps","pricing_title_caption":"Software multiplataforma adequado para qualquer site","pricing_price":"a partir de $ 0 \/ m\u00eas","pricing_price_caption":"comece com um plano gratuito","pricing_button_text":"Adicionar ao site","pricing_button_url":"#demo"}],"related_apps_title":"","related_apps_hidden":"0","author":"","image":[],"title":"","job":"","social_networks":[]},"_links":{"self":[{"href":"https:\/\/elfsight.com\/pt\/wp-json\/wp\/v2\/pages\/14711","targetHints":{"allow":["GET"]}}],"collection":[{"href":"https:\/\/elfsight.com\/pt\/wp-json\/wp\/v2\/pages"}],"about":[{"href":"https:\/\/elfsight.com\/pt\/wp-json\/wp\/v2\/types\/page"}],"author":[{"embeddable":true,"href":"https:\/\/elfsight.com\/pt\/wp-json\/wp\/v2\/users\/9"}],"replies":[{"embeddable":true,"href":"https:\/\/elfsight.com\/pt\/wp-json\/wp\/v2\/comments?post=14711"}],"version-history":[{"count":1,"href":"https:\/\/elfsight.com\/pt\/wp-json\/wp\/v2\/pages\/14711\/revisions"}],"predecessor-version":[{"id":14715,"href":"https:\/\/elfsight.com\/pt\/wp-json\/wp\/v2\/pages\/14711\/revisions\/14715"}],"up":[{"embeddable":true,"href":"https:\/\/elfsight.com\/pt\/wp-json\/wp\/v2\/pages\/14649"}],"wp:attachment":[{"href":"https:\/\/elfsight.com\/pt\/wp-json\/wp\/v2\/media?parent=14711"}],"curies":[{"name":"wp","href":"https:\/\/api.w.org\/{rel}","templated":true}]}}